{"id":1003,"date":"2018-07-03T16:21:00","date_gmt":"2018-07-03T19:21:00","guid":{"rendered":"https:\/\/www.ufsm.br\/pro-reitorias\/proplan\/?page_id=1003"},"modified":"2022-12-12T10:48:22","modified_gmt":"2022-12-12T13:48:22","slug":"coordenadoria-de-projetos-e-convenios-coproc","status":"publish","type":"page","link":"https:\/\/www.ufsm.br\/pro-reitorias\/proplan\/coordenadoria-de-projetos-e-convenios-coproc","title":{"rendered":"Coordenadoria de Projetos e Conv\u00eanios &#8211; COPROC"},"content":{"rendered":"\t\t<div data-elementor-type=\"wp-post\" data-elementor-id=\"1003\" class=\"elementor elementor-1003\">\n\t\t\t\t\t\t<section class=\"elementor-section elementor-top-section elementor-element elementor-element-66e45210 elementor-section-boxed elementor-section-height-default elementor-section-height-default\" data-id=\"66e45210\" data-element_type=\"section\">\n\t\t\t\t\t\t<div class=\"elementor-container elementor-column-gap-default\">\n\t\t\t\t\t<div class=\"elementor-column elementor-col-100 elementor-top-column elementor-element elementor-element-392fa6bd\" data-id=\"392fa6bd\" data-element_type=\"column\">\n\t\t\t<div class=\"elementor-widget-wrap elementor-element-populated\">\n\t\t\t\t\t\t<div class=\"elementor-element elementor-element-1bc67856 elementor-widget elementor-widget-text-editor\" data-id=\"1bc67856\" data-element_type=\"widget\" data-widget_type=\"text-editor.default\">\n\t\t\t\t<div class=\"elementor-widget-container\">\n\t\t\t\t\t\t\t<p>A Coordenadoria de Projetos e Conv\u00eanios da PROPLAN \u00e9 respons\u00e1vel por:<\/p><p>Orientar, elaborar, acompanhar, tramitar e guardar Conv\u00eanios, Acordos, Protocolos e instrumentos cong\u00eaneres de toda a UFSM;<br \/>Proceder levantamentos peri\u00f3dicos dos dados e informa\u00e7\u00f5es necess\u00e1rios ao controle de Conv\u00eanios;<br \/>Manter atualizado o Cadastro de Conv\u00eanios;<br \/>Auxiliar no esclarecimento de d\u00favidas quanto a procedimentos e \u00e0 legisla\u00e7\u00e3o.<\/p>\t\t\t\t\t\t<\/div>\n\t\t\t\t<\/div>\n\t\t\t\t\t<\/div>\n\t\t<\/div>\n\t\t\t\t\t<\/div>\n\t\t<\/section>\n\t\t\t\t<\/div>\n\t\t","protected":false},"excerpt":{"rendered":"<p>A Coordenadoria de Projetos e Conv\u00eanios da PROPLAN \u00e9 respons\u00e1vel por: Orientar, elaborar, acompanhar, tramitar e guardar Conv\u00eanios, Acordos, Protocolos e instrumentos cong\u00eaneres de toda a UFSM; Proceder levantamentos peri\u00f3dicos dos dados e informa\u00e7\u00f5es necess\u00e1rios ao controle de Conv\u00eanios; Manter atualizado o Cadastro de Conv\u00eanios; Auxiliar no esclarecimento de d\u00favidas quanto a procedimentos e \u00e0 [&hellip;]<\/p>\n","protected":false},"author":119,"featured_media":0,"parent":0,"menu_order":0,"comment_status":"closed","ping_status":"closed","template":"","meta":{"footnotes":""},"categories":[],"tags":[],"class_list":["post-1003","page","type-page","status-publish","hentry"],"acf":[],"_links":{"self":[{"href":"https:\/\/www.ufsm.br\/pro-reitorias\/proplan\/wp-json\/wp\/v2\/pages\/1003","targetHints":{"allow":["GET"]}}],"collection":[{"href":"https:\/\/www.ufsm.br\/pro-reitorias\/proplan\/wp-json\/wp\/v2\/pages"}],"about":[{"href":"https:\/\/www.ufsm.br\/pro-reitorias\/proplan\/wp-json\/wp\/v2\/types\/page"}],"author":[{"embeddable":true,"href":"https:\/\/www.ufsm.br\/pro-reitorias\/proplan\/wp-json\/wp\/v2\/users\/119"}],"replies":[{"embeddable":true,"href":"https:\/\/www.ufsm.br\/pro-reitorias\/proplan\/wp-json\/wp\/v2\/comments?post=1003"}],"version-history":[{"count":0,"href":"https:\/\/www.ufsm.br\/pro-reitorias\/proplan\/wp-json\/wp\/v2\/pages\/1003\/revisions"}],"wp:attachment":[{"href":"https:\/\/www.ufsm.br\/pro-reitorias\/proplan\/wp-json\/wp\/v2\/media?parent=1003"}],"wp:term":[{"taxonomy":"category","embeddable":true,"href":"https:\/\/www.ufsm.br\/pro-reitorias\/proplan\/wp-json\/wp\/v2\/categories?post=1003"},{"taxonomy":"post_tag","embeddable":true,"href":"https:\/\/www.ufsm.br\/pro-reitorias\/proplan\/wp-json\/wp\/v2\/tags?post=1003"}],"curies":[{"name":"wp","href":"https:\/\/api.w.org\/{rel}","templated":true}]}}