{"id":1020,"date":"2018-07-09T11:40:11","date_gmt":"2018-07-09T14:40:11","guid":{"rendered":"https:\/\/www.ufsm.br\/pro-reitorias\/proplan\/?page_id=1020"},"modified":"2020-05-13T10:00:23","modified_gmt":"2020-05-13T13:00:23","slug":"autoavaliacao-institucional","status":"publish","type":"page","link":"https:\/\/www.ufsm.br\/pro-reitorias\/proplan\/autoavaliacao-institucional","title":{"rendered":"Autoavalia\u00e7\u00e3o Institucional"},"content":{"rendered":"\t\t<div data-elementor-type=\"wp-page\" data-elementor-id=\"1020\" class=\"elementor elementor-1020\">\n\t\t\t\t\t\t<section class=\"elementor-section elementor-top-section elementor-element elementor-element-17b88834 elementor-section-boxed elementor-section-height-default elementor-section-height-default\" data-id=\"17b88834\" data-element_type=\"section\">\n\t\t\t\t\t\t<div class=\"elementor-container elementor-column-gap-default\">\n\t\t\t\t\t<div class=\"elementor-column elementor-col-100 elementor-top-column elementor-element elementor-element-4e41d9cd\" data-id=\"4e41d9cd\" data-element_type=\"column\">\n\t\t\t<div class=\"elementor-widget-wrap elementor-element-populated\">\n\t\t\t\t\t\t<div class=\"elementor-element elementor-element-5a44b2e0 elementor-widget elementor-widget-text-editor\" data-id=\"5a44b2e0\" data-element_type=\"widget\" data-widget_type=\"text-editor.default\">\n\t\t\t\t<div class=\"elementor-widget-container\">\n\t\t\t\t\t\t\t<!-- wp:tadv\/classic-paragraph -->\n<p><strong>O que \u00e9 a Avalia\u00e7\u00e3o UFSM?\u00a0<br \/><\/strong>O Sistema de Avalia\u00e7\u00e3o da UFSM busca estabelecer uma pr\u00e1tica permanente de avalia\u00e7\u00e3o promovendo de maneira efetiva os tr\u00eas componentes do SINAES:<\/p>\n<ul>\n<li><strong>Avalia\u00e7\u00e3o das Institui\u00e7\u00f5es (Interna, Docente e da Institui\u00e7\u00e3o)<\/strong><\/li>\n<li><strong>Avalia\u00e7\u00e3o dos Cursos\u00a0<\/strong><\/li>\n<li><strong>Avalia\u00e7\u00e3o dos Alunos (ENADE)<\/strong><\/li>\n<\/ul>\n<p><strong>O que \u00e9 o SINAES?<\/strong><br \/>O Sistema Nacional de Avalia\u00e7\u00e3o da Educa\u00e7\u00e3o Superior (SINAES) \u00e9 formado por tr\u00eas componentes principais: a avalia\u00e7\u00e3o das institui\u00e7\u00f5es, dos cursos e do desempenho dos estudantes. O SINAES avalia todos os aspectos que giram em torno desses tr\u00eas eixos: o ensino, a pesquisa, extens\u00e3o, a responsabilidade social, o desempenho dos alunos, a gest\u00e3o da institui\u00e7\u00e3o, o corpo docente, as instala\u00e7\u00f5es e v\u00e1rios outros aspectos.\u00a0<\/p>\n<!-- \/wp:tadv\/classic-paragraph -->\t\t\t\t\t\t<\/div>\n\t\t\t\t<\/div>\n\t\t\t\t\t<\/div>\n\t\t<\/div>\n\t\t\t\t\t<\/div>\n\t\t<\/section>\n\t\t\t\t<section class=\"elementor-section elementor-top-section elementor-element elementor-element-91c0c22 elementor-section-boxed elementor-section-height-default elementor-section-height-default\" data-id=\"91c0c22\" data-element_type=\"section\">\n\t\t\t\t\t\t<div class=\"elementor-container elementor-column-gap-default\">\n\t\t\t\t\t<div class=\"elementor-column elementor-col-100 elementor-top-column elementor-element elementor-element-f8d39ef\" data-id=\"f8d39ef\" data-element_type=\"column\">\n\t\t\t<div class=\"elementor-widget-wrap elementor-element-populated\">\n\t\t\t\t\t\t<div class=\"elementor-element elementor-element-be5af33 elementor-align-center elementor-widget elementor-widget-button\" data-id=\"be5af33\" data-element_type=\"widget\" data-widget_type=\"button.default\">\n\t\t\t\t<div class=\"elementor-widget-container\">\n\t\t\t\t\t\t\t<div class=\"elementor-button-wrapper\">\n\t\t\t\t\t<a class=\"elementor-button elementor-button-link elementor-size-sm\" href=\"http:\/\/coral.ufsm.br\/avaliacaoufsm\/index.php\/cpa\">\n\t\t\t\t\t\t<span class=\"elementor-button-content-wrapper\">\n\t\t\t\t\t\t\t\t\t<span class=\"elementor-button-text\">Mais informa\u00e7\u00f5es<\/span>\n\t\t\t\t\t<\/span>\n\t\t\t\t\t<\/a>\n\t\t\t\t<\/div>\n\t\t\t\t\t\t<\/div>\n\t\t\t\t<\/div>\n\t\t\t\t\t<\/div>\n\t\t<\/div>\n\t\t\t\t\t<\/div>\n\t\t<\/section>\n\t\t\t\t<\/div>\n\t\t","protected":false},"excerpt":{"rendered":"<p>O que \u00e9 a Avalia\u00e7\u00e3o UFSM?\u00a0O Sistema de Avalia\u00e7\u00e3o da UFSM busca estabelecer uma pr\u00e1tica permanente de avalia\u00e7\u00e3o promovendo de maneira efetiva os tr\u00eas componentes do SINAES: Avalia\u00e7\u00e3o das Institui\u00e7\u00f5es (Interna, Docente e da Institui\u00e7\u00e3o) Avalia\u00e7\u00e3o dos Cursos\u00a0 Avalia\u00e7\u00e3o dos Alunos (ENADE) O que \u00e9 o SINAES?O Sistema Nacional de Avalia\u00e7\u00e3o da Educa\u00e7\u00e3o Superior (SINAES) [&hellip;]<\/p>\n","protected":false},"author":119,"featured_media":0,"parent":0,"menu_order":0,"comment_status":"closed","ping_status":"closed","template":"","meta":{"footnotes":""},"categories":[],"tags":[],"class_list":["post-1020","page","type-page","status-publish","hentry"],"acf":[],"_links":{"self":[{"href":"https:\/\/www.ufsm.br\/pro-reitorias\/proplan\/wp-json\/wp\/v2\/pages\/1020","targetHints":{"allow":["GET"]}}],"collection":[{"href":"https:\/\/www.ufsm.br\/pro-reitorias\/proplan\/wp-json\/wp\/v2\/pages"}],"about":[{"href":"https:\/\/www.ufsm.br\/pro-reitorias\/proplan\/wp-json\/wp\/v2\/types\/page"}],"author":[{"embeddable":true,"href":"https:\/\/www.ufsm.br\/pro-reitorias\/proplan\/wp-json\/wp\/v2\/users\/119"}],"replies":[{"embeddable":true,"href":"https:\/\/www.ufsm.br\/pro-reitorias\/proplan\/wp-json\/wp\/v2\/comments?post=1020"}],"version-history":[{"count":0,"href":"https:\/\/www.ufsm.br\/pro-reitorias\/proplan\/wp-json\/wp\/v2\/pages\/1020\/revisions"}],"wp:attachment":[{"href":"https:\/\/www.ufsm.br\/pro-reitorias\/proplan\/wp-json\/wp\/v2\/media?parent=1020"}],"wp:term":[{"taxonomy":"category","embeddable":true,"href":"https:\/\/www.ufsm.br\/pro-reitorias\/proplan\/wp-json\/wp\/v2\/categories?post=1020"},{"taxonomy":"post_tag","embeddable":true,"href":"https:\/\/www.ufsm.br\/pro-reitorias\/proplan\/wp-json\/wp\/v2\/tags?post=1020"}],"curies":[{"name":"wp","href":"https:\/\/api.w.org\/{rel}","templated":true}]}}