{"id":1083,"date":"2018-07-10T17:03:32","date_gmt":"2018-07-10T20:03:32","guid":{"rendered":"https:\/\/www.ufsm.br\/pro-reitorias\/proplan\/?page_id=1083"},"modified":"2018-07-10T17:03:35","modified_gmt":"2018-07-10T20:03:35","slug":"legislacao-coplai","status":"publish","type":"page","link":"https:\/\/www.ufsm.br\/pro-reitorias\/proplan\/legislacao-coplai","title":{"rendered":"Legisla\u00e7\u00e3o COPLAI"},"content":{"rendered":"<p>Legisla\u00e7\u00e3o Legal da Educa\u00e7\u00e3o<\/p>\n<p style=\"padding-left: 30px\"><span style=\"font-size: 10pt\"><strong>I.<\/strong>\u00a0<a href=\"https:\/\/www.ufsm.br\/pro-reitorias\/proplan\/wp-content\/uploads\/sites\/344\/2018\/07\/lei-das-diretrizes.pdf\">Lei de Diretrizes e Bases da Educa\u00e7\u00e3o (1996)<\/a><br \/>\n<\/span><span style=\"font-size: 10pt\"><strong>II.<\/strong> <a href=\"https:\/\/www.ufsm.br\/pro-reitorias\/proplan\/wp-content\/uploads\/sites\/344\/2018\/07\/pne_2001-2010.pdf\">Plano Nacional de Educa\u00e7\u00e3o (2001-2010)<\/a><br \/>\n<\/span><span style=\"font-size: 10pt\"><strong>III.<\/strong> <a href=\"https:\/\/www.ufsm.br\/pro-reitorias\/proplan\/wp-content\/uploads\/sites\/344\/2018\/07\/Plano_Nacional_de_Educacao_2011_2020_Projeto_de_Lei.pdf\">Plano Nacional de Educa\u00e7\u00e3o (2011-2020)\u00a0&#8211; Projeto Lei<\/a><br \/>\n<\/span><span style=\"font-size: 10pt\"><strong>IV.<\/strong> <a href=\"https:\/\/www.ufsm.br\/pro-reitorias\/proplan\/wp-content\/uploads\/sites\/344\/2018\/07\/Decreto-no-5.622-de-19-de-dezembro-de-2005.pdf\">Decreto n\u00ba 5.622, de 19 de dezembro de 2005<\/a><br \/>\n<\/span><span style=\"font-size: 10pt\"><strong>V.<\/strong> <a href=\"http:\/\/portal.mec.gov.br\/index.php?option=com_content&amp;view=article&amp;id=12991&amp;Itemid=866\">Diretrizes Curriculares Nacionais dos Cursos de Gradua\u00e7\u00e3o<\/a><\/span><\/p>\n<p>Legisla\u00e7\u00e3o sobre avalia\u00e7\u00e3o e regula\u00e7\u00e3o<\/p>\n<p style=\"padding-left: 30px\"><strong><span style=\"font-size: 10pt\">I.\u00a0<\/span><\/strong><span style=\"font-size: 10pt\"><a href=\"https:\/\/www.ufsm.br\/pro-reitorias\/proplan\/wp-content\/uploads\/sites\/344\/2018\/07\/portaria_divulgacao_indicadores_qualidade_ies.pdf\">Portaria N\u00ba 386, de 17 de outubro de 2012<\/a>\u00a0&#8211; Divulga\u00e7\u00e3o Indicadores de Qualidade do ENADE 2011\u00a0\u00a0<\/span><strong><span style=\"font-size: 10pt\"><br \/>\nII.\u00a0<\/span><\/strong><span style=\"font-size: 10pt\"><a href=\"https:\/\/www.ufsm.br\/pro-reitorias\/proplan\/wp-content\/uploads\/sites\/344\/2018\/07\/Lei-no-10.861-de-14-de-abril-de-2004.doc\">Lei N\u00ba 10861, de 14 de abril de 2004\u00a0<\/a>&#8211; Lei do SINAES<\/span><strong><span style=\"font-size: 10pt\"><br \/>\nIII.\u00a0<\/span><\/strong><a href=\"https:\/\/www.ufsm.br\/pro-reitorias\/proplan\/wp-content\/uploads\/sites\/344\/2018\/07\/Portaria-no-2.051-de-9-de-julho-de-2004.doc\"><span style=\"font-size: 10pt\">Portaria n\u00ba 2.051, de 9 de julho de 2004<\/span><\/a><strong><span style=\"font-size: 10pt\"><br \/>\nIV.\u00a0<\/span><\/strong><span style=\"font-size: 10pt\"><a href=\"https:\/\/www.ufsm.br\/pro-reitorias\/proplan\/wp-content\/uploads\/sites\/344\/2018\/07\/Decreto-Presidencial-n-5773_2006-Regulacao-Avaliacao-e-Supervisao-Institucional-e-de-Cursos-de-Graduacao.pdf\">Decreto Presidencial n\u00ba 5773-2006<\/a>\u00a0&#8211;\u00a0Regula\u00e7\u00e3o, Avalia\u00e7\u00e3o e Supervis\u00e3o Institucional e de Cursos de Gradua\u00e7\u00e3o<\/span><strong><span style=\"font-size: 10pt\"><br \/>\nV.\u00a0<\/span><\/strong><span style=\"font-size: 10pt\"><a href=\"https:\/\/www.ufsm.br\/pro-reitorias\/proplan\/wp-content\/uploads\/sites\/344\/2018\/07\/Portaria-Normativa-no-01-2007-Ciclo-Avaliativo-do-SINAES.doc\">Portaria Normativa n\u00ba 01-2007<\/a>\u00a0&#8211; Ciclo Avaliativo do SINAES<\/span><span style=\"font-size: 10pt\"><br \/>\n<\/span><strong><span style=\"font-size: 10pt\">VI.\u00a0<\/span><\/strong><span style=\"font-size: 10pt\"><a href=\"http:\/\/www.imprensanacional.gov.br\/web\/guest\/inicio\">Portaria Normativa MEC n\u00ba 40-2007<\/a>\u00a0&#8211; Procedimentos inerentes ao E-Mec<\/span><strong><span style=\"font-size: 10pt\"><br \/>\nVII.\u00a0<\/span><\/strong><span style=\"font-size: 10pt\"><a href=\"https:\/\/www.ufsm.br\/pro-reitorias\/proplan\/wp-content\/uploads\/sites\/344\/2018\/07\/Portaria-Normativa-MEC-no-40-2007-Reeditada-e-Portaria-Normativa-MEC-no-23_2010-Procedimentos-inerentes-ao-E-Mec.pdf\">Portaria Normativa MEC n\u00ba 40-2007<\/a>\u00a0&#8211; Reeditada e Portaria Normativa MEc n\u00ba 23-2010: Procedimentos inerentes ao E-Mec<\/span><span style=\"font-size: 10pt\"><br \/>\n<\/span><span style=\"font-size: 10pt\"><strong>VIII.<\/strong>\u00a0<a href=\"https:\/\/www.ufsm.br\/pro-reitorias\/proplan\/wp-content\/uploads\/sites\/344\/2018\/07\/Portaria-Normativa-no-821-2009-Procedimentos-de-Avaliacao-Institucional-e-de-Cursos-para-o-1o-Ciclo-Avaliativo-SINAES.pdf\">Portaria Normativa n\u00ba 821-2009<\/a>\u00a0&#8211; Procedimentos de Avalia\u00e7\u00e3o Institucional e de Cursos para o 1\u00ba Ciclo Avaliativo SINAES<br \/>\n<strong>IX.\u00a0<\/strong><a href=\"https:\/\/www.ufsm.br\/pro-reitorias\/proplan\/wp-content\/uploads\/sites\/344\/2018\/07\/MEC_INEP-Compendio-da-Legislacao-Regulatoria-e-Avaliativa-associada-ao-SINAES-5a-Edicao.pdf\">MEC\/INEP<\/a>\u00a0&#8211; Comp\u00eandio da Legisla\u00e7\u00e3o Regulat\u00f3ria e Avaliativa associada ao SINAES &#8211; 5\u00aa Edi\u00e7\u00e3o<br \/>\n<strong>X.\u00a0<\/strong><a href=\"https:\/\/www.ufsm.br\/pro-reitorias\/proplan\/wp-content\/uploads\/sites\/344\/2018\/07\/Resolucao-MEC_CNE-no-03-2010-Credenciamento-e-Recredenciamento-de-Universidades.pdf\">Resolu\u00e7\u00e3o MEC\/CNE n\u00ba 03-2010<\/a>\u00a0&#8211;\u00a0Credenciamento e Recredenciamento de Universidades<br \/>\n<strong>XI.<\/strong>\u00a0<a href=\"https:\/\/www.ufsm.br\/pro-reitorias\/proplan\/wp-content\/uploads\/sites\/344\/2018\/07\/Cursos-a-receber-visita-de-avaliacao-devido-ao-resultado-do-CPC.pdf\">Cursos a receber visita de avalia\u00e7\u00e3o devido ao resultado do CPC<\/a><br \/>\n<strong>XII.<\/strong>\u00a0<a href=\"https:\/\/www.ufsm.br\/pro-reitorias\/proplan\/wp-content\/uploads\/sites\/344\/2018\/07\/BASis_Base-de-Avaliadores-e-Termo-de-Conduta.pdf\">BASis<\/a>\u00a0&#8211;\u00a0Base de Avaliadores e Termo de Conduta<br \/>\n<strong>XIII.<\/strong>\u00a0<a href=\"http:\/\/portal.mec.gov.br\/index.php?option=com_content&amp;view=article&amp;id=12991&amp;Itemid=866\">MEC &#8211; CNE<\/a>\u00a0&#8211;\u00a0Diretrizes Curriculares Nacionais dos Cursos de Gradua\u00e7\u00e3o (DCN)<br \/>\n<strong>XIV.\u00a0<\/strong><a href=\"https:\/\/www.ufsm.br\/pro-reitorias\/proplan\/wp-content\/uploads\/sites\/344\/2018\/07\/Res.-CNE_CP-01_2004-Educacao-das-Relacoes-Etnico-Raciais-e-Ensino-de-Historia-e-Cultura-Afro-Brasileira-e-Africana.pdf\">Res. CNE\/CP 01\/2004<\/a>\u00a0&#8211; Educa\u00e7\u00e3o das Rela\u00e7\u00f5es \u00c9tnico-Raciais e Ensino de Hist\u00f3ria e Cultura Afro-Brasileira e Africana<br \/>\n<strong>XV.<\/strong>\u00a0<a href=\"https:\/\/www.ufsm.br\/pro-reitorias\/proplan\/wp-content\/uploads\/sites\/344\/2018\/07\/rcp001_12.pdf\">Resolu\u00e7\u00e3o CNE\/CP n\u00ba 1, de 30 de maio de 2012<\/a>\u00a0&#8211;\u00a0Diretrizes Nacionais para a Educa\u00e7\u00e3o em Direitos Humanos.<br \/>\n<strong>XVI.<\/strong>\u00a0<a href=\"https:\/\/www.ufsm.br\/pro-reitorias\/proplan\/wp-content\/uploads\/sites\/344\/2018\/07\/rcp002_12.pdf\">Resolu\u00e7\u00e3o CNE\/CP n\u00ba 2, de 15 de junho de 2012<\/a>\u00a0&#8211; Diretrizes Curriculares Nacionais para a Educa\u00e7\u00e3o Ambiental.<br \/>\n<strong>XVII.<\/strong>\u00a0<a href=\"https:\/\/www.ufsm.br\/pro-reitorias\/proplan\/wp-content\/uploads\/sites\/344\/2018\/07\/Res.-MEC_CONAES-01_2010-2013-Nucleo-Docente-Estruturante-NDE.pdf\">Res. MEC\/CONAES 01\/2010<\/a>\u00a0&#8211; N\u00facleo Docente Estruturante (NDE)<br \/>\n<strong>XVIII.<\/strong>\u00a0<a href=\"https:\/\/www.ufsm.br\/pro-reitorias\/proplan\/wp-content\/uploads\/sites\/344\/2018\/07\/Resolucoes-e-Pareceres-sobre-Cargas-Horarias-de-Cursos-de-Graduacao.zip\">Resolu\u00e7\u00f5es e Pareceres sobre Cargas Hor\u00e1rias de Cursos de Gradua\u00e7\u00e3o<\/a><br \/>\n<strong>XIX.<\/strong>\u00a0<a href=\"https:\/\/www.ufsm.br\/pro-reitorias\/proplan\/wp-content\/uploads\/sites\/344\/2018\/07\/Res.-CNE_CES-02_2007-Carga-Horaria-e-Duracao-dos-cursos-de-Bacharelado-e-Licenciatura.pdf\">Res. CNE\/CES 02\/2007<\/a>\u00a0&#8211; Carga Hor\u00e1ria e Dura\u00e7\u00e3o dos cursos de Bacharelado<br \/>\n<strong>XX.<\/strong>\u00a0<a href=\"https:\/\/www.ufsm.br\/pro-reitorias\/proplan\/wp-content\/uploads\/sites\/344\/2018\/07\/Res.-CNE_CES-04_2009-_Carga-Horaria-e-Duracao-dos-cursos-da-Saude.pdf\">Res. CNE\/CES 04\/2009<\/a>\u00a0&#8211; Carga Hor\u00e1ria e Dura\u00e7\u00e3o dos cursos da Sa\u00fade<br \/>\n<strong>XXI.<\/strong>\u00a0<a href=\"https:\/\/www.ufsm.br\/pro-reitorias\/proplan\/wp-content\/uploads\/sites\/344\/2018\/07\/Res.-CNE_CP-02_2002-Carga-Horaria-e-Duracao-dos-cursos-de-Licenciatura-Plena.pdf\">Res. CNE\/CP 02\/2002<\/a>\u00a0&#8211; Carga Hor\u00e1ria e Dura\u00e7\u00e3o dos cursos de Licenciatura Plena<br \/>\n<strong>XXII.<\/strong>\u00a0<a href=\"https:\/\/www.ufsm.br\/pro-reitorias\/proplan\/wp-content\/uploads\/sites\/344\/2018\/07\/DF-No-5.296_2004-2013-Acessibilidade.pdf\">DF N\u00ba 5.296\/2004<\/a>\u00a0&#8211; Acessibilidade<br \/>\n<strong>XXIII.<\/strong>\u00a0<a href=\"https:\/\/www.ufsm.br\/pro-reitorias\/proplan\/wp-content\/uploads\/sites\/344\/2018\/07\/DF-5.626_2005-2013-LIBRAS.pdf\">DF 5.626\/2005<\/a>\u00a0&#8211; LIBRAS<br \/>\n<strong>XXIV.<\/strong>\u00a0<a href=\"https:\/\/www.ufsm.br\/pro-reitorias\/proplan\/wp-content\/uploads\/sites\/344\/2018\/07\/DF-No-4.281_2002-2013-Politica-Nacional-de-Educacao-Ambiental.pdf\">DF N\u00ba 4.281\/2002<\/a>\u00a0&#8211; Pol\u00edtica Nacional de Educa\u00e7\u00e3o Ambiental<br \/>\n<strong>XXV.<\/strong>\u00a0<a href=\"https:\/\/www.ufsm.br\/pro-reitorias\/proplan\/wp-content\/uploads\/sites\/344\/2018\/07\/LF-9.795_1999-2013-Politica-Nacional-de-Educacao-Ambiental.pdf\">LF 9.795\/1999<\/a>\u00a0&#8211; Pol\u00edtica Nacional de Educa\u00e7\u00e3o Ambiental<br \/>\n<strong>XXVI.<\/strong>\u00a0<a href=\"https:\/\/www.ufsm.br\/pro-reitorias\/proplan\/wp-content\/uploads\/sites\/344\/2018\/07\/PN-MEC-12_2006-2013-Denominacao-dos-Cursos-Superiores-de-Tecnologia-CST.pdf\">PN MEC 12\/2006<\/a>\u00a0&#8211; Denomina\u00e7\u00e3o dos Cursos Superiores de Tecnologia (CST)<br \/>\n<strong>XXVII.<\/strong>\u00a0<a href=\"https:\/\/www.ufsm.br\/pro-reitorias\/proplan\/wp-content\/uploads\/sites\/344\/2018\/07\/PN-MEC-1.024_2006-Cursos-Superiores-de-Tecnologia-CST.pdf\">PN MEC 1.024\/2006<\/a>\u00a0&#8211; Cursos Superiores de Tecnologia (CST)<br \/>\n<strong>XXVIII.<\/strong>\u00a0<a href=\"https:\/\/www.ufsm.br\/pro-reitorias\/proplan\/wp-content\/uploads\/sites\/344\/2018\/07\/PN-MEC-10_2006-2013-Catalogo-dos-Cursos-Superiores-de-Tecnologia-CST.pdf\">PN MEC 10\/2006<\/a>\u00a0&#8211;\u00a0Cat\u00e1logo dos Cursos Superiores de Tecnologia (CST)<br \/>\n<\/span><\/p>\n","protected":false},"excerpt":{"rendered":"<p>Legisla\u00e7\u00e3o Legal da Educa\u00e7\u00e3o I.\u00a0Lei de Diretrizes e Bases da Educa\u00e7\u00e3o (1996) II. Plano Nacional de Educa\u00e7\u00e3o (2001-2010) III. Plano Nacional de Educa\u00e7\u00e3o (2011-2020)\u00a0&#8211; Projeto Lei IV. Decreto n\u00ba 5.622, de 19 de dezembro de 2005 V. Diretrizes Curriculares Nacionais dos Cursos de Gradua\u00e7\u00e3o Legisla\u00e7\u00e3o sobre avalia\u00e7\u00e3o e regula\u00e7\u00e3o I.\u00a0Portaria N\u00ba 386, de 17 de [&hellip;]<\/p>\n","protected":false},"author":119,"featured_media":0,"parent":0,"menu_order":0,"comment_status":"closed","ping_status":"closed","template":"","meta":{"footnotes":""},"categories":[],"tags":[],"class_list":["post-1083","page","type-page","status-publish","hentry"],"acf":[],"_links":{"self":[{"href":"https:\/\/www.ufsm.br\/pro-reitorias\/proplan\/wp-json\/wp\/v2\/pages\/1083","targetHints":{"allow":["GET"]}}],"collection":[{"href":"https:\/\/www.ufsm.br\/pro-reitorias\/proplan\/wp-json\/wp\/v2\/pages"}],"about":[{"href":"https:\/\/www.ufsm.br\/pro-reitorias\/proplan\/wp-json\/wp\/v2\/types\/page"}],"author":[{"embeddable":true,"href":"https:\/\/www.ufsm.br\/pro-reitorias\/proplan\/wp-json\/wp\/v2\/users\/119"}],"replies":[{"embeddable":true,"href":"https:\/\/www.ufsm.br\/pro-reitorias\/proplan\/wp-json\/wp\/v2\/comments?post=1083"}],"version-history":[{"count":0,"href":"https:\/\/www.ufsm.br\/pro-reitorias\/proplan\/wp-json\/wp\/v2\/pages\/1083\/revisions"}],"wp:attachment":[{"href":"https:\/\/www.ufsm.br\/pro-reitorias\/proplan\/wp-json\/wp\/v2\/media?parent=1083"}],"wp:term":[{"taxonomy":"category","embeddable":true,"href":"https:\/\/www.ufsm.br\/pro-reitorias\/proplan\/wp-json\/wp\/v2\/categories?post=1083"},{"taxonomy":"post_tag","embeddable":true,"href":"https:\/\/www.ufsm.br\/pro-reitorias\/proplan\/wp-json\/wp\/v2\/tags?post=1083"}],"curies":[{"name":"wp","href":"https:\/\/api.w.org\/{rel}","templated":true}]}}