{"id":1115,"date":"2018-07-10T17:08:48","date_gmt":"2018-07-10T20:08:48","guid":{"rendered":"https:\/\/www.ufsm.br\/pro-reitorias\/proplan\/?page_id=1115"},"modified":"2019-03-11T07:59:07","modified_gmt":"2019-03-11T10:59:07","slug":"contatos","status":"publish","type":"page","link":"https:\/\/www.ufsm.br\/pro-reitorias\/proplan\/contatos","title":{"rendered":"Contatos"},"content":{"rendered":"\t\t<div data-elementor-type=\"wp-post\" data-elementor-id=\"1115\" class=\"elementor elementor-1115 elementor-bc-flex-widget\">\n\t\t\t\t\t\t<section class=\"elementor-section elementor-top-section elementor-element elementor-element-6934f9de elementor-section-boxed elementor-section-height-default elementor-section-height-default\" data-id=\"6934f9de\" data-element_type=\"section\">\n\t\t\t\t\t\t<div class=\"elementor-container elementor-column-gap-default\">\n\t\t\t\t\t<div class=\"elementor-column elementor-col-100 elementor-top-column elementor-element elementor-element-2599685e\" data-id=\"2599685e\" data-element_type=\"column\">\n\t\t\t<div class=\"elementor-widget-wrap elementor-element-populated\">\n\t\t\t\t\t\t<div class=\"elementor-element elementor-element-33a0c2e5 elementor-widget elementor-widget-text-editor\" data-id=\"33a0c2e5\" data-element_type=\"widget\" data-widget_type=\"text-editor.default\">\n\t\t\t\t<div class=\"elementor-widget-container\">\n\t\t\t\t\t\t\t<p><span style=\"font-family: verdana, geneva, sans-serif;\"><strong><span style=\"font-size: 12pt;\">Pr\u00f3-Reitor de Planejamento<\/span><br \/><\/strong>Frank Leonardo Casado<\/span><\/p><p><span style=\"font-family: verdana, geneva, sans-serif;\"><strong><span style=\"font-size: 12pt;\">Pr\u00f3-Reitor Substituto<\/span><br \/><\/strong>Joeder Campos Soares<\/span><\/p><p><span style=\"font-family: verdana, geneva, sans-serif;\"><strong>Assistente PROPLAN<br \/><\/strong>Elisete Kronbauer<\/span><\/p><p><span style=\"font-family: verdana, geneva, sans-serif;\"><strong style=\"font-size: 1.1em;\"><strong><span style=\"font-size: 12pt;\">Secret\u00e1ria<\/span><br \/><\/strong><\/strong>Maristela Santos Leal<\/span><\/p><p><span style=\"font-family: verdana, geneva, sans-serif;\"><strong style=\"font-size: 1.1em;\"><strong><span style=\"font-size: 12pt;\">Unidade de Comunica\u00e7\u00e3o Integrada<\/span><\/strong><\/strong><\/span><\/p><p><span style=\"font-family: verdana, geneva, sans-serif;\"><strong style=\"font-size: 1.1em;\"><strong><span style=\"font-size: 12pt;\">Coordenadora<\/span><br \/><\/strong><\/strong>Jaqueline Quincozes da Silva Kegler<\/span><\/p><p><span style=\"font-family: verdana, geneva, sans-serif;\"><strong style=\"font-size: 1.1em;\"><strong><span style=\"font-size: 12pt;\">Rela\u00e7\u00f5es P\u00fablicas\u00a0<\/span><br \/><\/strong><\/strong>Sendi<\/span><span style=\"font-family: verdana, geneva, sans-serif;\">\u00a0Chiapinotto Spiazzi<\/span><\/p><p><span style=\"font-family: verdana, geneva, sans-serif;\"><strong><span style=\"font-size: 12pt;\">COPLEC<\/span><\/strong><\/span><\/p><p><span style=\"font-family: verdana, geneva, sans-serif;\"><strong>Coordenador<\/strong><\/span><br \/><span style=\"font-family: verdana, geneva, sans-serif;\">Joeder Campos Soares<\/span><\/p><p><span style=\"font-family: verdana, geneva, sans-serif;\"><strong>Administrador<\/strong><\/span><br \/><span style=\"font-family: verdana, geneva, sans-serif;\">Jos\u00e9 Carlos Bitencourt Balcem\u00e3o<\/span><\/p><p><span style=\"font-family: verdana, geneva, sans-serif;\"><strong>Administrador<\/strong><\/span><br \/><span style=\"font-family: verdana, geneva, sans-serif;\">Ricardo da Silva Barcelos<\/span><\/p><p><span style=\"font-size: 12pt; font-family: verdana, geneva, sans-serif;\"><strong>COPLIN<\/strong><\/span><\/p><p><span style=\"font-family: verdana, geneva, sans-serif;\"><strong>Coordenador<\/strong><\/span><br \/><span style=\"font-family: verdana, geneva, sans-serif;\">Gustavo Zanini Cantorski<\/span><\/p><p><span style=\"font-family: verdana, geneva, sans-serif;\"><strong>Assistente em Administra\u00e7\u00e3o<\/strong><\/span><br \/><span style=\"font-family: verdana, geneva, sans-serif;\">Cristina Izabel Moraes Bolzan<\/span><\/p><p><span style=\"font-family: verdana, geneva, sans-serif;\"><strong>T\u00e9cnico em Contabilidade<br \/><\/strong>Jaiser Tapia<\/span><\/p><p><span style=\"font-size: 12pt; font-family: verdana, geneva, sans-serif;\"><strong>COPLAD<\/strong><\/span><\/p><p><span style=\"font-family: verdana, geneva, sans-serif;\"><strong>Coordenadora<\/strong><\/span><br \/><span style=\"font-family: verdana, geneva, sans-serif;\">Daniele Medianeira Rizzetti<\/span><\/p><p><span style=\"font-family: verdana, geneva, sans-serif;\"><strong>Analista de TI<\/strong><\/span><br \/><span style=\"font-family: verdana, geneva, sans-serif;\">Evandro Gomes Flores<\/span><\/p><p><span style=\"font-family: verdana, geneva, sans-serif;\"><strong>Administrador<br \/><\/strong>R\u00e9gis Sime\u00e3o Saldanha Fagundes<\/span><\/p><p><span style=\"font-family: verdana, geneva, sans-serif;\"><strong>Administradora<\/strong><\/span><br \/><span style=\"font-family: verdana, geneva, sans-serif;\">Taiani Bacchi Kienetz<\/span><\/p><p><span style=\"font-family: verdana, geneva, sans-serif;\"><strong> Contador <\/strong><\/span><br \/><span style=\"font-family: verdana, geneva, sans-serif;\">Jonas Carniel de Macedo<\/span><\/p><p><span style=\"font-family: verdana, geneva, sans-serif;\"><strong><span style=\"font-size: 12pt;\">COPLAI<\/span><\/strong><\/span><\/p><p><span style=\"font-family: verdana, geneva, sans-serif;\"><strong>Coordenador<\/strong><\/span><br \/><span style=\"font-family: verdana, geneva, sans-serif;\">Fernando Pires Barbosa<\/span><\/p><p><span style=\"font-family: verdana, geneva, sans-serif;\"><strong>Administradora<br \/><\/strong>Carmen Cristina Suptitz<\/span><\/p><p><span style=\"font-family: verdana, geneva, sans-serif;\"><strong>Administradora<\/strong><\/span><br \/><span style=\"font-family: verdana, geneva, sans-serif;\">Giana Silva Giacomelli<\/span><\/p><p><span style=\"font-family: verdana, geneva, sans-serif;\"><strong>Assistente em Administra\u00e7\u00e3o<\/strong><\/span><br \/><span style=\"font-family: verdana, geneva, sans-serif;\">Douglas Flores de Almeida<\/span><\/p><p><span style=\"font-family: verdana, geneva, sans-serif;\"><strong>Auxiliar em Administra\u00e7\u00e3o<\/strong><\/span><br \/><span style=\"font-family: verdana, geneva, sans-serif;\">Luise Medina Cunha<\/span><\/p><p><span style=\"font-family: verdana, geneva, sans-serif;\"><strong><span style=\"font-size: 12pt;\">COPROC<\/span><\/strong><\/span><\/p><p style=\"text-align: left;\"><span style=\"font-family: verdana, geneva, sans-serif;\"><strong>Coordenador<br \/><\/strong>Guilherme Flores dos Santos<\/span><\/p><p><span style=\"font-family: verdana, geneva, sans-serif;\"><strong>Administrador<br \/><\/strong>Jose Orion Martins Ribeiro<\/span><\/p><p><span style=\"font-family: verdana, geneva, sans-serif;\"><strong>Administradora<\/strong><\/span><br \/><span style=\"font-family: verdana, geneva, sans-serif;\">Rejane Ruviaro<\/span><\/p><p><span style=\"font-family: verdana, geneva, sans-serif;\"><strong>Economista <\/strong><\/span><br \/><span style=\"font-family: verdana, geneva, sans-serif;\">Hermes Rog\u00e9rio Gall De Siqueira<\/span><\/p><p><span style=\"font-family: verdana, geneva, sans-serif;\"><strong>Economista<\/strong><\/span><br \/><span style=\"font-family: verdana, geneva, sans-serif;\">Raphael Silveira Amaro<\/span><\/p><p><span style=\"font-family: verdana, geneva, sans-serif;\"><strong>Assistente em Administra\u00e7\u00e3o\u00a0<br \/><\/strong>Ana Celina Quevedo Salles<\/span><\/p>\t\t\t\t\t\t<\/div>\n\t\t\t\t<\/div>\n\t\t\t\t\t<\/div>\n\t\t<\/div>\n\t\t\t\t\t<\/div>\n\t\t<\/section>\n\t\t\t\t<\/div>\n\t\t","protected":false},"excerpt":{"rendered":"<p>Pr\u00f3-Reitor de Planejamento Frank Leonardo Casado Pr\u00f3-Reitor Substituto Joeder Campos Soares Assistente PROPLAN Elisete Kronbauer Secret\u00e1ria Maristela Santos Leal Unidade de Comunica\u00e7\u00e3o Integrada Coordenadora Jaqueline Quincozes da Silva Kegler Rela\u00e7\u00f5es P\u00fablicas&nbsp; Sendi&nbsp;Chiapinotto Spiazzi COPLEC Coordenador Joeder Campos Soares Administrador Jos\u00e9 Carlos Bitencourt Balcem\u00e3o Administrador Ricardo da Silva Barcelos COPLIN Coordenador Gustavo Zanini Cantorski Assistente em [&hellip;]<\/p>\n","protected":false},"author":223,"featured_media":0,"parent":0,"menu_order":0,"comment_status":"closed","ping_status":"closed","template":"","meta":{"footnotes":""},"categories":[],"tags":[],"class_list":["post-1115","page","type-page","status-publish","hentry"],"acf":[],"_links":{"self":[{"href":"https:\/\/www.ufsm.br\/pro-reitorias\/proplan\/wp-json\/wp\/v2\/pages\/1115","targetHints":{"allow":["GET"]}}],"collection":[{"href":"https:\/\/www.ufsm.br\/pro-reitorias\/proplan\/wp-json\/wp\/v2\/pages"}],"about":[{"href":"https:\/\/www.ufsm.br\/pro-reitorias\/proplan\/wp-json\/wp\/v2\/types\/page"}],"author":[{"embeddable":true,"href":"https:\/\/www.ufsm.br\/pro-reitorias\/proplan\/wp-json\/wp\/v2\/users\/223"}],"replies":[{"embeddable":true,"href":"https:\/\/www.ufsm.br\/pro-reitorias\/proplan\/wp-json\/wp\/v2\/comments?post=1115"}],"version-history":[{"count":0,"href":"https:\/\/www.ufsm.br\/pro-reitorias\/proplan\/wp-json\/wp\/v2\/pages\/1115\/revisions"}],"wp:attachment":[{"href":"https:\/\/www.ufsm.br\/pro-reitorias\/proplan\/wp-json\/wp\/v2\/media?parent=1115"}],"wp:term":[{"taxonomy":"category","embeddable":true,"href":"https:\/\/www.ufsm.br\/pro-reitorias\/proplan\/wp-json\/wp\/v2\/categories?post=1115"},{"taxonomy":"post_tag","embeddable":true,"href":"https:\/\/www.ufsm.br\/pro-reitorias\/proplan\/wp-json\/wp\/v2\/tags?post=1115"}],"curies":[{"name":"wp","href":"https:\/\/api.w.org\/{rel}","templated":true}]}}