{"id":1272,"date":"2018-08-03T14:26:10","date_gmt":"2018-08-03T17:26:10","guid":{"rendered":"https:\/\/www.ufsm.br\/pro-reitorias\/proplan\/?page_id=1272"},"modified":"2023-09-11T11:44:08","modified_gmt":"2023-09-11T14:44:08","slug":"legislacao-aplicada-a-convenios","status":"publish","type":"page","link":"https:\/\/www.ufsm.br\/pro-reitorias\/proplan\/legislacao-aplicada-a-convenios","title":{"rendered":"Legisla\u00e7\u00e3o Aplicada a Conv\u00eanios"},"content":{"rendered":"\t\t<div data-elementor-type=\"wp-page\" data-elementor-id=\"1272\" class=\"elementor elementor-1272\">\n\t\t\t\t\t\t<section class=\"elementor-section elementor-top-section elementor-element elementor-element-a10f4ae elementor-section-boxed elementor-section-height-default elementor-section-height-default\" data-id=\"a10f4ae\" data-element_type=\"section\">\n\t\t\t\t\t\t<div class=\"elementor-container elementor-column-gap-default\">\n\t\t\t\t\t<div class=\"elementor-column elementor-col-100 elementor-top-column elementor-element elementor-element-12568983\" data-id=\"12568983\" data-element_type=\"column\">\n\t\t\t<div class=\"elementor-widget-wrap elementor-element-populated\">\n\t\t\t\t\t\t<div class=\"elementor-element elementor-element-19b84ba1 elementor-widget elementor-widget-text-editor\" data-id=\"19b84ba1\" data-element_type=\"widget\" data-widget_type=\"text-editor.default\">\n\t\t\t\t<div class=\"elementor-widget-container\">\n\t\t\t\t\t\t\t<!-- wp:table -->\n<figure class=\"wp-block-table\">\n<table style=\"width: 100%;height: 6126px\">\n<tbody>\n<tr style=\"height: 96px\">\n<td style=\"height: 96px;width: 54.1109%\"><a href=\"https:\/\/www.ufsm.br\/pro-reitorias\/proplan\/wp-content\/uploads\/sites\/344\/2018\/08\/Acordao_N_2.259_200-TCU-Plenario.pdf\">Ac\u00f3rd\u00e3o N\u00ba 2.259\/2007 \u2013 TCU &#8211; Plen\u00e1rio<\/a><\/td>\n<td style=\"height: 96px;width: 44.3595%\">Disp\u00f5e sobre a dispensa de licita\u00e7\u00e3o, dota\u00e7\u00f5es or\u00e7ament\u00e1rias, contratos e Funda\u00e7\u00e3o.<\/td>\n<\/tr>\n<tr style=\"height: 48px\">\n<td style=\"height: 48px;width: 54.1109%\"><a href=\"https:\/\/www.ufsm.br\/pro-reitorias\/proplan\/wp-content\/uploads\/sites\/344\/2018\/08\/AcordaoTCU_1331_2008.pdf\">Ac\u00f3rd\u00e3o TCU N\u00ba 1.331\/2008 &#8211; Plen\u00e1rio<\/a><\/td>\n<td style=\"height: 48px;width: 44.3595%\">Recomenda\u00e7\u00f5es sobre conv\u00eanios.<\/td>\n<\/tr>\n<tr style=\"height: 120px\">\n<td style=\"height: 120px;width: 54.1109%\"><a href=\"https:\/\/www.ufsm.br\/pro-reitorias\/proplan\/wp-content\/uploads\/sites\/344\/2018\/08\/Acordao_N_2731_2008-TCU-Plenario.pdf\">Ac\u00f3rd\u00e3o N\u00b0 2.731 &#8211; 2008 &#8211; TCU &#8211; Plen\u00e1rio<\/a><\/td>\n<td style=\"height: 120px;width: 44.3595%\">Avalia\u00e7\u00e3o e recomenda\u00e7\u00f5es, no plano nacional, sobre o relacionamento das Institui\u00e7\u00f5es Federais de Ensino Superior com suas funda\u00e7\u00f5es de apoio.<\/td>\n<\/tr>\n<tr style=\"height: 144px\">\n<td style=\"height: 144px;width: 54.1109%\"><a href=\"https:\/\/www.ufsm.br\/pro-reitorias\/proplan\/wp-content\/uploads\/sites\/344\/2018\/08\/Acordao_2016_31_11_P.pdf\">Ac\u00f3rd\u00e3o N\u00ba 2.016 &#8211; 2011 &#8211; TCU &#8211; Plen\u00e1rio<\/a><\/td>\n<td style=\"height: 144px;width: 44.3595%\">Relacionamento da Universidade Federal de Santa Maria\/RS com suas Funda\u00e7\u00f5es de Apoio. Monitoramento do Ac\u00f3rd\u00e3o 2.259\/2007 &#8211; Plen\u00e1rio&#8230;<\/td>\n<\/tr>\n<tr style=\"height: 120px\">\n<td style=\"height: 120px;width: 54.1109%\"><a href=\"https:\/\/www.planalto.gov.br\/ccivil_03\/decreto-lei\/del0200.htm\">Decreto-Lei N.\u00b0 200, de 25 de fevereiro de 1997<\/a><\/td>\n<td style=\"height: 120px;width: 44.3595%\">Disp\u00f5e sobre a organiza\u00e7\u00e3o da Administra\u00e7\u00e3o Federal, estabelece diretrizes para a Reforma Administrativa e d\u00e1 outras provid\u00eancias.<\/td>\n<\/tr>\n<tr style=\"height: 336px\">\n<td style=\"height: 336px;width: 54.1109%\"><a href=\"https:\/\/www.planalto.gov.br\/ccivil_03\/_Ato2004-2006\/2005\/Decreto\/D5504.htm\"><s>Decreto N\u00b0 5.504, de 05 de Agosto de 2005<\/s><\/a><\/td>\n<td style=\"height: 336px;width: 44.3595%\"><s>Estabelece a exig\u00eancia de utiliza\u00e7\u00e3o do preg\u00e3o, preferencialmente na forma eletr\u00f4nica, para entes p\u00fablicos ou privados, nas contrata\u00e7\u00f5es de bens e servi\u00e7os comuns, realizadas em decorr\u00eancia de transfer\u00eancias volunt\u00e1rias de recursos p\u00fablicos da Uni\u00e3o, decorrentes de conv\u00eanios ou instrumentos cong\u00eaneres, ou cons\u00f3rcios p\u00fablicos.<\/s> (<a href=\"https:\/\/www.planalto.gov.br\/ccivil_03\/_Ato2019-2022\/2019\/Decreto\/D10024.htm\">Revogado pelo Decreto n\u00ba 10.024, de 2019\u00a0<\/a>)<\/td>\n<\/tr>\n<tr style=\"height: 144px\">\n<td style=\"height: 144px;width: 54.1109%\"><a href=\"https:\/\/www.planalto.gov.br\/ccivil_03\/_Ato2007-2010\/2007\/Decreto\/D6170.htm\">Decreto N\u00b0. 6.170, de 25 de julho de 2007<\/a><\/td>\n<td style=\"height: 144px;width: 44.3595%\">Disp\u00f5e sobre as normas relativas \u00e0s transfer\u00eancias de recursos da Uni\u00e3o mediante conv\u00eanios e contratos de repasse, e d\u00e1 outras provid\u00eancias.<\/td>\n<\/tr>\n<tr style=\"height: 216px\">\n<td style=\"height: 216px;width: 54.1109%\"><a href=\"https:\/\/www.planalto.gov.br\/ccivil_03\/_Ato2007-2010\/2010\/Decreto\/D7423.htm\">Decreto N.\u00b0 7.423, de 31 de dezembro de 2010<\/a><\/td>\n<td style=\"height: 216px;width: 44.3595%\">Regulamenta a Lei N.\u00b0 8.958, de 20 de dezembro de 1994, que disp\u00f5e sobre as rela\u00e7\u00f5es entre as institui\u00e7\u00f5es federais de ensino superior e de pesquisa cient\u00edfica e tecnol\u00f3gica e as funda\u00e7\u00f5es de apoio. e revoga o Decreto n\u00ba 5.205, de 14 de setembro de 2004.<\/td>\n<\/tr>\n<tr style=\"height: 144px\">\n<td style=\"height: 144px;width: 54.1109%\"><a href=\"https:\/\/www.ufsm.br\/pro-reitorias\/proplan\/wp-content\/uploads\/sites\/344\/2018\/08\/IN1_97.pdf\">Instru\u00e7\u00e3o Normativa N.\u00b0 01, de 15 de janeiro de 1997<\/a><\/td>\n<td style=\"height: 144px;width: 44.3595%\">Disciplina a celebra\u00e7\u00e3o de conv\u00eanios de natureza financeira que tenham por objeto a execu\u00e7\u00e3o de projetos ou realiza\u00e7\u00e3o de eventos e d\u00e1 outras provid\u00eancias.<\/td>\n<\/tr>\n<tr style=\"height: 96px\">\n<td style=\"height: 96px;width: 54.1109%\"><a href=\"https:\/\/www.ufsm.br\/pro-reitorias\/proplan\/wp-content\/uploads\/sites\/344\/2018\/08\/Intrucao_Normativa-TCU_-N_-56_de_-05_de_Dezembro_de_2007.pdf\">Instru\u00e7\u00e3o Normativa \u2013 TCU N\u00b0 56, de 05 de Dezembro de 2007<\/a><\/td>\n<td style=\"height: 96px;width: 44.3595%\">Disp\u00f5e sobre a instaura\u00e7\u00e3o e organiza\u00e7\u00e3o de processo de tomada de contas especial e d\u00e1 outras provid\u00eancias.<\/td>\n<\/tr>\n<tr style=\"height: 96px\">\n<td style=\"height: 96px;width: 54.1109%\"><a href=\"https:\/\/www.planalto.gov.br\/ccivil_03\/leis\/1950-1969\/l3834-c.htm\">Lei N.\u00b0 3.834-C, de 14 de dezembro de 1960<\/a><\/td>\n<td style=\"height: 96px;width: 44.3595%\">Cria a Universidade Federal de Goi\u00e1s, e d\u00e1 outras provid\u00eancias (cria a Universidade Federal de Santa Maria tamb\u00e9m).<\/td>\n<\/tr>\n<tr style=\"height: 168px\">\n<td style=\"height: 168px;width: 54.1109%\"><a href=\"https:\/\/www.planalto.gov.br\/ccivil_03\/Leis\/L4320.htm\">Lei N.\u00b0 4.320, de 17 de mar\u00e7o de 1964<\/a><\/td>\n<td style=\"height: 168px;width: 44.3595%\">Estatui Normas Gerais de Direito Financeiro para Elabora\u00e7\u00e3o e Controle dos Or\u00e7amentos e Balan\u00e7os da Uni\u00e3o, dos Estados, dos Munic\u00edpios e do Distrito Federal.<\/td>\n<\/tr>\n<tr style=\"height: 144px\">\n<td style=\"height: 144px;width: 54.1109%\"><a href=\"https:\/\/www.planalto.gov.br\/ccivil_03\/LEIS\/L8666cons.htm\">Lei N.\u00b0 8.666, de 21 de Junho de 1993<\/a><\/td>\n<td style=\"height: 144px;width: 44.3595%\">Regulamenta o art. 37, inciso XXI, da Constitui\u00e7\u00e3o Federal, institui normas para licita\u00e7\u00f5es e contratos da Administra\u00e7\u00e3o P\u00fablica e d\u00e1 outras provid\u00eancias.<\/td>\n<\/tr>\n<tr style=\"height: 144px\">\n<td style=\"height: 144px;width: 54.1109%\"><a href=\"https:\/\/www.planalto.gov.br\/ccivil_03\/Leis\/L8958.htm\">Lei N.\u00b0 8.958, de 20 de dezembro de 1994<\/a><\/td>\n<td style=\"height: 144px;width: 44.3595%\">Disp\u00f5e sobre as rela\u00e7\u00f5es entre as institui\u00e7\u00f5es federais de ensino superior e de pesquisa cient\u00edfica e tecnol\u00f3gica e as funda\u00e7\u00f5es de apoio, e d\u00e1 outras provid\u00eancias.<\/td>\n<\/tr>\n<tr style=\"height: 96px\">\n<td style=\"height: 96px;width: 54.1109%\"><a href=\"https:\/\/www.planalto.gov.br\/ccivil_03\/LEIS\/LCP\/Lcp101.htm\">Lei Complementar N\u00b0 101, de 04 de maio de 2000<\/a><\/td>\n<td style=\"height: 96px;width: 44.3595%\">Estabelece normas de finan\u00e7as p\u00fablicas voltadas para a responsabilidade na gest\u00e3o fiscal e d\u00e1 outras provid\u00eancias.<\/td>\n<\/tr>\n<tr style=\"height: 192px\">\n<td style=\"height: 192px;width: 54.1109%\"><a href=\"https:\/\/www.planalto.gov.br\/ccivil_03\/LEIS\/LEIS_2001\/L10180.htm\">Lei N.\u00b0 10.180, de 06 de fevereiro de 2001<\/a><\/td>\n<td style=\"height: 192px;width: 44.3595%\">Organiza e disciplina os Sistemas de Planejamento e de Or\u00e7amento Federal, de Administra\u00e7\u00e3o Financeira Federal, de Contabilidade Federal e de Controle Interno do Poder Executivo Federal, e d\u00e1 outras provid\u00eancias.<\/td>\n<\/tr>\n<tr style=\"height: 216px\">\n<td style=\"height: 216px;width: 54.1109%\"><a href=\"https:\/\/www.planalto.gov.br\/ccivil_03\/LEIS\/2002\/L10520.htm\">Lei N\u00b0 10.520, de 17 de Julho de 2002<\/a><\/td>\n<td style=\"height: 216px;width: 44.3595%\">Institui, no \u00e2mbito da Uni\u00e3o, Estados, Distrito Federal e Munic\u00edpios, nos termos do art. 37, inciso XXI, da Constitui\u00e7\u00e3o Federal, modalidade de licita\u00e7\u00e3o denominada preg\u00e3o, para aquisi\u00e7\u00e3o de bens e servi\u00e7os comuns, e d\u00e1 outras provid\u00eancias.<\/td>\n<\/tr>\n<tr style=\"height: 120px\">\n<td style=\"height: 120px;width: 54.1109%\"><a href=\"https:\/\/www.planalto.gov.br\/ccivil_03\/_Ato2004-2006\/2004\/Lei\/L10.973.htm\">Lei N\u00b0. 10.973, de 02 de dezembro de 2004<\/a><\/td>\n<td style=\"height: 120px;width: 44.3595%\">Disp\u00f5e sobre incentivos \u00e0 inova\u00e7\u00e3o e \u00e0 pesquisa cient\u00edfica e tecnol\u00f3gica no ambiente produtivo e d\u00e1 outras provid\u00eancias.<\/td>\n<\/tr>\n<tr style=\"height: 24px\">\n<td style=\"height: 24px;width: 54.1109%\"><a href=\"https:\/\/www.planalto.gov.br\/ccivil_03\/_Ato2007-2010\/2008\/Lei\/L11788.htm\">Lei 11.788, de 25 de setembro de 2008<\/a><\/td>\n<td style=\"height: 24px;width: 44.3595%\">Nova Lei de Est\u00e1gios.<\/td>\n<\/tr>\n<tr style=\"height: 96px\">\n<td style=\"height: 96px;width: 54.1109%\"><a href=\"https:\/\/www.ufsm.br\/pro-reitorias\/proplan\/wp-content\/uploads\/sites\/344\/2018\/08\/Nota_Tecnica_N_509-2010-COGES-DENOP-SRH-MP.pdf\">Nota T\u00e9cnica N\u00b0 509\/2010\/COGES\/DENOP\/SRH\/MP<\/a><\/td>\n<td style=\"height: 96px;width: 44.3595%\">Disp\u00f5e sobre esclarecimentos sobre a Lei n\u00b0 9.608\/98 (servi\u00e7o volunt\u00e1rio) e a Lei n\u00b0 11.788\/08.<\/td>\n<\/tr>\n<tr style=\"height: 72px\">\n<td style=\"height: 72px;width: 54.1109%\"><a href=\"https:\/\/www.ufsm.br\/pro-reitorias\/proplan\/wp-content\/uploads\/sites\/344\/2018\/08\/OrientacaoFiscalizacaoInLoco110908.pdf\">Orienta\u00e7\u00e3o do Portal de Conv\u00eanios<\/a><\/td>\n<td style=\"height: 72px;width: 44.3595%\">Sobre o AC\u00d3RD\u00c3O n\u00ba 1331\/2008-TCU PLEN\u00c1RIO (FISCALIZA\u00c7\u00c3O IN LOCO).<\/td>\n<\/tr>\n<tr style=\"height: 120px\">\n<td style=\"height: 120px;width: 54.1109%\"><a href=\"https:\/\/www.ufsm.br\/pro-reitorias\/proplan\/wp-content\/uploads\/sites\/344\/2018\/08\/ORIENTA\u00c7\u00c3O_NORMATIVA_4_-_2014.pdf\">Orienta\u00e7\u00e3o Normativa N\u00b0 4, de 04 de julho de 2014<\/a><\/td>\n<td style=\"height: 120px;width: 44.3595%\">Estabelece orienta\u00e7\u00e3o sobre a aceita\u00e7\u00e3o de estagi\u00e1rios no \u00e2mbito da Administra\u00e7\u00e3o P\u00fablica Federal direta, aut\u00e1rquica e fundacional.<\/td>\n<\/tr>\n<tr style=\"height: 120px\">\n<td style=\"height: 120px;width: 54.1109%\"><a href=\"https:\/\/www.ufsm.br\/pro-reitorias\/proplan\/wp-content\/uploads\/sites\/344\/2018\/08\/Orienta\u00e7\u00e3o_Normativa_07.pdf\">Orienta\u00e7\u00e3o Normativa N\u00ba 7, de 30 de outubro de 2008<\/a><\/td>\n<td style=\"height: 120px;width: 44.3595%\">Estabelece orienta\u00e7\u00e3o sobre a aceita\u00e7\u00e3o de estagi\u00e1rios no \u00e2mbito da Administra\u00e7\u00e3o P\u00fablica Federal direta, aut\u00e1rquica e fundacional.<\/td>\n<\/tr>\n<tr style=\"height: 144px\">\n<td style=\"height: 144px;width: 54.1109%\"><a href=\"https:\/\/www.ufsm.br\/pro-reitorias\/proplan\/wp-content\/uploads\/sites\/344\/2018\/08\/Portaria_Insterministerial_N._101_de_20_de_Abril_de_2017.pdf\">Portaria Interministerial N.\u00b0 101, de 20 de Abril de 2017<\/a><\/td>\n<td style=\"height: 144px;width: 44.3595%\">Altera a Portaria Interministerial n\u00ba 424, de\u00a030 de dezembro de 2016, que estabelece\u00a0normas para execu\u00e7\u00e3o do Decreto n\u00ba 6.170,\u00a0de 25 de julho de 2007.<\/td>\n<\/tr>\n<tr style=\"height: 216px\">\n<td style=\"height: 216px;width: 54.1109%\"><a href=\"https:\/\/www.ufsm.br\/pro-reitorias\/proplan\/wp-content\/uploads\/sites\/344\/2018\/08\/Portaria-n-127-08-e-suas-alteracoes.pdf\">Portaria Interministerial MP\/MF\/MCT N.\u00b0 127, de 29 de maio de 2008<\/a><\/td>\n<td style=\"height: 216px;width: 44.3595%\">Estabelece normas para execu\u00e7\u00e3o do disposto no Decreto N.\u00b0 6.170, de 25 de julho de 2007, que disp\u00f5e sobre as normas relativas \u00e0s transfer\u00eancias de recursos da Uni\u00e3o mediante conv\u00eanios e contratos de repasse, e d\u00e1 outras provid\u00eancias.<\/td>\n<\/tr>\n<tr style=\"height: 288px\">\n<td style=\"height: 288px;width: 54.1109%\"><a href=\"https:\/\/www.ufsm.br\/pro-reitorias\/proplan\/wp-content\/uploads\/sites\/344\/2018\/08\/PORTARIA_INTERMINISTERIAL_N.\u00ba_424_DE_30_DE_DEZEMBRO_DE_2016.pdf\">Portaria Interministerial N.\u00b0 424, de 30 de dezembro de 2016<\/a><\/td>\n<td style=\"height: 288px;width: 44.3595%\">Estabelece normas para execu\u00e7\u00e3o do estabelecido\u00a0no Decreto n\u00ba 6.170, de 25 de\u00a0julho de 2007, que disp\u00f5e sobre as normas\u00a0relativas \u00e0s transfer\u00eancias de recursos da\u00a0Uni\u00e3o mediante conv\u00eanios e contratos de\u00a0repasse, revoga a Portaria Interministerial\u00a0n\u00ba 507\/MP\/MF\/CGU, de 24 de novembro\u00a0de 2011 e d\u00e1 outras provid\u00eancias.<\/td>\n<\/tr>\n<tr style=\"height: 360px\">\n<td style=\"height: 360px;width: 54.1109%\"><a href=\"https:\/\/www.ufsm.br\/pro-reitorias\/proplan\/wp-content\/uploads\/sites\/344\/2018\/08\/Port.507_MPOG_MF_CGU.pdf\">Portaria Interministerial MPOG\/MF\/CGU\/GM N.\u00b0 507, de 24 de novembro de 2011<\/a><\/td>\n<td style=\"height: 360px;width: 44.3595%\">Regula os conv\u00eanios, os contratos de repasse e os termos de coopera\u00e7\u00e3o celebrados pelos \u00f3rg\u00e3os e entidades da Administra\u00e7\u00e3o P\u00fablica Federal com \u00f3rg\u00e3os ou entidades p\u00fablicas ou privadas sem fins lucrativos para a execu\u00e7\u00e3o de programas, projetos e atividades de interesse rec\u00edproco, que envolvam a transfer\u00eancia de recursos financeiros oriundos do Or\u00e7amento Fiscal e da Seguridade Social da Uni\u00e3o.<\/td>\n<\/tr>\n<tr style=\"height: 72px\">\n<td style=\"height: 72px;width: 54.1109%\">\u00a0<a href=\"https:\/\/www.ufsm.br\/pro-reitorias\/proplan\/wp-content\/uploads\/sites\/344\/2018\/08\/Portaria-53.771-08.pdf\">Portaria N. 53.771, de 16 de outubro de 2008<\/a><\/td>\n<td style=\"height: 72px;width: 44.3595%\">Delega\u00e7\u00e3o de Compet\u00eancia, tendo em vista o que estabelece a Lei 11.788\/08.<\/td>\n<\/tr>\n<tr style=\"height: 48px\">\n<td style=\"height: 48px;width: 54.1109%\"><a href=\"https:\/\/www.ufsm.br\/pro-reitorias\/proplan\/wp-content\/uploads\/sites\/344\/2018\/08\/Portaria-Vice-Reitor-Delega\u00e7\u00e3o-Est\u00e1gio.pdf\">Portaria N. 68.905, de 02 de janeiro de 2014<\/a><\/td>\n<td style=\"height: 48px;width: 44.3595%\">Delega\u00e7\u00e3o de Compet\u00eancia ao Vice- Reitor.<\/td>\n<\/tr>\n<tr style=\"height: 192px\">\n<td style=\"height: 192px;width: 54.1109%\"><del><a href=\"https:\/\/www.ufsm.br\/pro-reitorias\/proplan\/resolucao-n-005-2001\">Resolu\u00e7\u00e3o N\u00b0 005\/01<\/a><\/del><\/td>\n<td style=\"height: 192px;width: 44.3595%\">\n<p><del>Delega compet\u00eancia ao Magn\u00edfico Reitor para celebrar Acordo de Coopera\u00e7\u00e3o Internacional, dispensando a an\u00e1lise do Egr\u00e9gio Conselho Universit\u00e1rio em viagem.<\/del> (Complementada pela Resolu\u00e7\u00e3o N\u00b0 009\/2003)(Revogada pela Resolu\u00e7\u00e3o N\u00b0135\/23).<\/p>\n<\/td>\n<\/tr>\n<tr style=\"height: 216px\">\n<td style=\"height: 216px;width: 54.1109%\"><del><a href=\"https:\/\/www.ufsm.br\/pro-reitorias\/proplan\/resolucao-n-009-2003\">Resolu\u00e7\u00e3o N\u00b0 009\/03<\/a><\/del><\/td>\n<td style=\"height: 216px;width: 44.3595%\">\n<p><del>Delega compet\u00eancia ao Magn\u00edfico Reitor para celebrar Conv\u00eanio com institui\u00e7\u00f5es banc\u00e1rias com a finalidade de realizar pagamento mensal aos servidores da UFSM que optarem por seus servi\u00e7os, dispensando a an\u00e1lise do Egr\u00e9gio Conselho Universit\u00e1rio.<\/del>(Revogada pela Resolu\u00e7\u00e3o N\u00b0135\/23).<\/p>\n<\/td>\n<\/tr>\n<tr style=\"height: 120px\">\n<td style=\"height: 120px;width: 54.1109%\"><del><a href=\"https:\/\/www.ufsm.br\/pro-reitorias\/proplan\/resolucao-n-003-2008\">Resolu\u00e7\u00e3o N\u00b0003\/08<\/a><\/del><\/td>\n<td style=\"height: 120px;width: 44.3595%\"><del>Disciplina a tramita\u00e7\u00e3o dos processos de conv\u00eanios, acordos, ajustes e outros instrumentos cong\u00eaneres no \u00e2mbito da UFSM.<\/del> (Revogada pela Resolu\u00e7\u00e3o N\u00b0135\/23)<\/td>\n<\/tr>\n<tr style=\"height: 240px\">\n<td style=\"height: 240px;width: 54.1109%\"><a href=\"https:\/\/www.ufsm.br\/pro-reitorias\/proplan\/resolucao-n-018-2009#:~:text=RESOLU%C3%87%C3%83O%20N.%20018%2F2009%20Disp%C3%B5e%2C%20no%20%C3%A2mbito%20da%20UFSM%2C,e%20a%20inova%C3%A7%C3%A3o.%20Revogada%20pela%20Resolu%C3%A7%C3%A3o%20N.%20025%2F2012\"><s>Resolu\u00e7\u00e3o N\u00b0 018\/09<\/s><\/a><\/td>\n<td style=\"height: 240px;width: 44.3595%\"><s>Disp\u00f5e, no \u00e2mbito da UFSM, sobre as diretrizes e normas relativas \u00e0 presta\u00e7\u00e3o de servi\u00e7os, por meio do desenvolvimento de atividades voltadas ao ensino, \u00e0 pesquisa cient\u00edfica e tecnol\u00f3gica, \u00e0 extens\u00e3o universit\u00e1ria e a inova\u00e7\u00e3o.<\/s> (Revogada pela Resolu\u00e7\u00e3o N\u00b0025\/12)<\/td>\n<\/tr>\n<tr style=\"height: 240px\">\n<td style=\"height: 240px;width: 54.1109%\"><a href=\"https:\/\/www.ufsm.br\/pro-reitorias\/proplan\/resolucao-n-018-2010#:~:text=RESOLU%C3%87%C3%83O%20N.%20018%2F2010%20Instrui%20a%20forma%C3%A7%C3%A3o%20de%20processos,e%2Fou%20pessoal%20da%20Universidade%20Federal%20de%20Santa%20Maria.\"><s>Resolu\u00e7\u00e3o N\u00b0 018\/10<\/s><\/a><\/td>\n<td style=\"height: 240px;width: 44.3595%\"><s>\u00a0Instrui a forma\u00e7\u00e3o de processos que visam \u00e0 formaliza\u00e7\u00e3o de contratos e\/ou conv\u00eanios com funda\u00e7\u00e3o de apoio, para a operacionaliza\u00e7\u00e3o de projetos que utilizam a infra-estrutura, nome e\/ou pessoal da Universidade Federal de Santa Maria.<\/s> (Revogada pela Resolu\u00e7\u00e3o N\u00b0023\/12)<\/td>\n<\/tr>\n<tr style=\"height: 144px\">\n<td style=\"height: 144px;width: 54.1109%\"><a href=\"https:\/\/portal.ufsm.br\/documentos\/publico\/documento.html?id=4328340\">Resolu\u00e7\u00e3o N\u00b0016\/10<\/a><\/td>\n<td style=\"height: 144px;width: 44.3595%\">Implementa, no \u00e2mbito da UFSM, o novo Sistema de Registro da Produ\u00e7\u00e3o Institucional- m\u00f3dulo Registro, Acompanhamento e Avalia\u00e7\u00e3o de Projetos.<\/td>\n<\/tr>\n<tr style=\"height: 144px\">\n<td style=\"height: 144px;width: 54.1109%\"><a href=\"https:\/\/www.ufsm.br\/pro-reitorias\/proplan\/resolucao-n-025-2010#:~:text=RESOLU%C3%87%C3%83O%20N.%20025%2F2010.%20Regulamenta%2C%20no%20%C3%A2mbito%20da%20UFSM%2C,7%2C%20de%2030%20de%20outubro%20de%202008%2C%20\">Resolu\u00e7\u00e3o N\u00b0025\/10<\/a><\/td>\n<td style=\"height: 144px;width: 44.3595%\">Regulamenta, no \u00e2mbito da UFSM, a concess\u00e3o de est\u00e1gios supervisionados obrigat\u00f3rios e n\u00e3o obrigat\u00f3rios a alunos de gradua\u00e7\u00e3o\u00a0 e de ensino m\u00e9dio e tecnol\u00f3gico.<\/td>\n<\/tr>\n<tr style=\"height: 222px\">\n<td style=\"height: 222px;width: 54.1109%\"><a href=\"https:\/\/www.ufsm.br\/pro-reitorias\/proplan\/resolucao-n-023-2012#:~:text=RESOLU%C3%87%C3%83O%20N.%20023%2F2012%20Instrui%20a%20forma%C3%A7%C3%A3o%20de%20processos,de%20Santa%20Maria.%20Revogada%20pela%20Resolu%C3%A7%C3%A3o%20N.%20089%2F2022\"><s>Resolu\u00e7\u00e3o N\u00b0023\/12<\/s><\/a><\/td>\n<td style=\"height: 222px;width: 44.3595%\"><s>Instrui a forma\u00e7\u00e3o de processos que visam \u00e0 formaliza\u00e7\u00e3o de contratos \u00a0e\/ou conv\u00eanios \u00a0com funda\u00e7\u00e3o de apoio, para operacionaliza\u00e7\u00e3o de \u00a0projetos que utilizam a infraestrutura, \u00a0nome e\/ou pessoal da UFSM.<\/s> (Revogada pela Resolu\u00e7\u00e3o N\u00b0 089\/22).<\/td>\n<\/tr>\n<tr>\n<td style=\"width: 54.1109%\"><del><a href=\"https:\/\/www.ufsm.br\/pro-reitorias\/proplan\/resolucao-n-024-2012#:~:text=RESOLU%C3%87%C3%83O%20N.%20024%2F2012%20Disp%C3%B5e%20sobre%20as%20normas%20de,Funda%C3%A7%C3%B5es%20de%20Apoio.%20Revogada%20pela%20Resolu%C3%A7%C3%A3o%20N.%20089%2F2022\">Resolu\u00e7\u00e3o N\u00b0024\/12<\/a><\/del><\/td>\n<td style=\"width: 44.3595%\">\n<p><s>Disp\u00f5e sobre as normas de concess\u00e3o de bolsas de participa\u00e7\u00e3o em projetos operacionalizados por Funda\u00e7\u00f5es de Apoio. <\/s>(Revogada pela Resolu\u00e7\u00e3o N\u00b0089\/22).<\/p>\n<\/td>\n<\/tr>\n<tr>\n<td style=\"width: 54.1109%\"><a href=\"https:\/\/www.ufsm.br\/pro-reitorias\/proplan\/resolucao-n-025-2012\">Resolu\u00e7\u00e3o N\u00b0025\/12<\/a><\/td>\n<td style=\"width: 44.3595%\">Disp\u00f5e, no \u00e2mbito da UFSM, sobre as diretrizes e normas relativas \u00e0 presta\u00e7\u00e3o de servi\u00e7os, por meio do desenvolvimento de atividades voltadas ao ensino, \u00e0 pesquisa cient\u00edfica e tecnol\u00f3gica, \u00e0 extens\u00e3o universit\u00e1ria e a inova\u00e7\u00e3o.<\/td>\n<\/tr>\n<tr style=\"height: 240px\">\n<td style=\"height: 240px;width: 54.1109%\"><a href=\"https:\/\/www.ufsm.br\/pro-reitorias\/proplan\/resolucao-ufsm-n-089-2022\">Resolu\u00e7\u00e3o N\u00b0089\/22<\/a><\/td>\n<td style=\"height: 240px;width: 44.3595%\">Regulamenta a rela\u00e7\u00e3o entre a Universidade Federal de Santa Maria (UFSM) e funda\u00e7\u00f5es de apoio para a execu\u00e7\u00e3o de projetos de pesquisa, ensino, extens\u00e3o, desenvolvimento institucional, cient\u00edfico e tecnol\u00f3gico, est\u00edmulo \u00e0 inova\u00e7\u00e3o e presta\u00e7\u00e3o de servi\u00e7os.<\/td>\n<\/tr>\n<tr style=\"height: 168px\">\n<td style=\"height: 168px;width: 54.1109%\"><a href=\"https:\/\/www.ufsm.br\/pro-reitorias\/proplan\/resolucao-ufsm-n-135-de-04-de-julho-de-2023\">Resolu\u00e7\u00e3o N\u00b0135\/23<\/a><\/td>\n<td style=\"height: 168px;width: 44.3595%\">Disciplina a tramita\u00e7\u00e3o de Processos e Acordos de Coopera\u00e7\u00e3o T\u00e9cnica, Protocolos de Inten\u00e7\u00f5es e outros instrumentos cong\u00eaneres que n\u00e3o envolvam transfer\u00eancia de recursos financeiros.<\/td>\n<\/tr>\n<\/tbody>\n<\/table>\n<\/figure>\n<!-- \/wp:table -->\t\t\t\t\t\t<\/div>\n\t\t\t\t<\/div>\n\t\t\t\t\t<\/div>\n\t\t<\/div>\n\t\t\t\t\t<\/div>\n\t\t<\/section>\n\t\t\t\t<\/div>\n\t\t","protected":false},"excerpt":{"rendered":"<p>Ac\u00f3rd\u00e3o N\u00ba 2.259\/2007 \u2013 TCU &#8211; Plen\u00e1rio Disp\u00f5e sobre a dispensa de licita\u00e7\u00e3o, dota\u00e7\u00f5es or\u00e7ament\u00e1rias, contratos e Funda\u00e7\u00e3o. Ac\u00f3rd\u00e3o TCU N\u00ba 1.331\/2008 &#8211; Plen\u00e1rio Recomenda\u00e7\u00f5es sobre conv\u00eanios. Ac\u00f3rd\u00e3o N\u00b0 2.731 &#8211; 2008 &#8211; TCU &#8211; Plen\u00e1rio Avalia\u00e7\u00e3o e recomenda\u00e7\u00f5es, no plano nacional, sobre o relacionamento das Institui\u00e7\u00f5es Federais de Ensino Superior com suas funda\u00e7\u00f5es de [&hellip;]<\/p>\n","protected":false},"author":119,"featured_media":0,"parent":0,"menu_order":0,"comment_status":"closed","ping_status":"closed","template":"","meta":{"footnotes":""},"categories":[],"tags":[],"class_list":["post-1272","page","type-page","status-publish","hentry"],"acf":[],"_links":{"self":[{"href":"https:\/\/www.ufsm.br\/pro-reitorias\/proplan\/wp-json\/wp\/v2\/pages\/1272","targetHints":{"allow":["GET"]}}],"collection":[{"href":"https:\/\/www.ufsm.br\/pro-reitorias\/proplan\/wp-json\/wp\/v2\/pages"}],"about":[{"href":"https:\/\/www.ufsm.br\/pro-reitorias\/proplan\/wp-json\/wp\/v2\/types\/page"}],"author":[{"embeddable":true,"href":"https:\/\/www.ufsm.br\/pro-reitorias\/proplan\/wp-json\/wp\/v2\/users\/119"}],"replies":[{"embeddable":true,"href":"https:\/\/www.ufsm.br\/pro-reitorias\/proplan\/wp-json\/wp\/v2\/comments?post=1272"}],"version-history":[{"count":0,"href":"https:\/\/www.ufsm.br\/pro-reitorias\/proplan\/wp-json\/wp\/v2\/pages\/1272\/revisions"}],"wp:attachment":[{"href":"https:\/\/www.ufsm.br\/pro-reitorias\/proplan\/wp-json\/wp\/v2\/media?parent=1272"}],"wp:term":[{"taxonomy":"category","embeddable":true,"href":"https:\/\/www.ufsm.br\/pro-reitorias\/proplan\/wp-json\/wp\/v2\/categories?post=1272"},{"taxonomy":"post_tag","embeddable":true,"href":"https:\/\/www.ufsm.br\/pro-reitorias\/proplan\/wp-json\/wp\/v2\/tags?post=1272"}],"curies":[{"name":"wp","href":"https:\/\/api.w.org\/{rel}","templated":true}]}}