{"id":1346,"date":"2018-08-10T15:15:40","date_gmt":"2018-08-10T18:15:40","guid":{"rendered":"https:\/\/www.ufsm.br\/pro-reitorias\/proplan\/?page_id=1346"},"modified":"2026-04-01T09:03:46","modified_gmt":"2026-04-01T12:03:46","slug":"organogramas","status":"publish","type":"page","link":"https:\/\/www.ufsm.br\/pro-reitorias\/proplan\/organogramas","title":{"rendered":"Organogramas"},"content":{"rendered":"\t\t<div data-elementor-type=\"wp-post\" data-elementor-id=\"1346\" class=\"elementor elementor-1346\">\n\t\t\t\t\t\t<section class=\"elementor-section elementor-top-section elementor-element elementor-element-32bdd43 elementor-section-boxed elementor-section-height-default elementor-section-height-default\" data-id=\"32bdd43\" data-element_type=\"section\">\n\t\t\t\t\t\t<div class=\"elementor-container elementor-column-gap-default\">\n\t\t\t\t\t<div class=\"elementor-column elementor-col-100 elementor-top-column elementor-element elementor-element-585e545\" data-id=\"585e545\" data-element_type=\"column\">\n\t\t\t<div class=\"elementor-widget-wrap elementor-element-populated\">\n\t\t\t\t\t\t<div class=\"elementor-element elementor-element-b032fed elementor-widget elementor-widget-text-editor\" data-id=\"b032fed\" data-element_type=\"widget\" data-widget_type=\"text-editor.default\">\n\t\t\t\t<div class=\"elementor-widget-container\">\n\t\t\t\t\t\t\t<p style=\"text-align: justify\">Nesta p\u00e1gina encontram-se a consolida\u00e7\u00e3o dos organogramas de unidades da Universidade Federal de Santa Maria.<\/p><p style=\"text-align: justify\"><strong> Todos os desenhos foram revisados e est\u00e3o atualizados conforme os registros que est\u00e3o no SIE (sistema utilizado pela UFSM).<\/strong><\/p><p style=\"text-align: justify\"><strong>A p\u00e1gina est\u00e1 em processo de atualiza\u00e7\u00e3o.<\/strong><\/p>\t\t\t\t\t\t<\/div>\n\t\t\t\t<\/div>\n\t\t\t\t\t<\/div>\n\t\t<\/div>\n\t\t\t\t\t<\/div>\n\t\t<\/section>\n\t\t\t\t<section class=\"elementor-section elementor-top-section elementor-element elementor-element-1d112dc9 elementor-section-boxed elementor-section-height-default elementor-section-height-default\" data-id=\"1d112dc9\" data-element_type=\"section\">\n\t\t\t\t\t\t<div class=\"elementor-container elementor-column-gap-default\">\n\t\t\t\t\t<div class=\"elementor-column elementor-col-100 elementor-top-column elementor-element elementor-element-316bc1a3\" data-id=\"316bc1a3\" data-element_type=\"column\">\n\t\t\t<div class=\"elementor-widget-wrap elementor-element-populated\">\n\t\t\t\t\t\t<div class=\"elementor-element elementor-element-55928d17 elementor-widget elementor-widget-text-editor\" data-id=\"55928d17\" data-element_type=\"widget\" data-widget_type=\"text-editor.default\">\n\t\t\t\t<div class=\"elementor-widget-container\">\n\t\t\t\t\t\t\t<p style=\"text-align: center\"><a href=\"https:\/\/www.ufsm.br\/app\/uploads\/sites\/344\/2025\/11\/Organograma-Geral-UFSM-2025-novembro.pdf\" target=\"_blank\" rel=\"noopener\">UNIVERSIDADE FEDERAL DE SANTA MARIA\u00a0<\/a>\u00a0<\/p><table style=\"color: #000000;font-size: 1rem;background-color: var(--bs-body-bg);text-align: var(--bs-body-text-align);height: 257px;width: 139.168%\" width=\"750\"><tbody><tr style=\"height: 32px\"><td style=\"width: 36.538%;height: 32px;text-align: center\"><strong>Pr\u00f3-reitorias<\/strong><\/td><td style=\"width: 31.2021%;height: 32px;text-align: center\"><strong>\u00d3rg\u00e3os Executivos da Administra\u00e7\u00e3o Superior<\/strong><\/td><td style=\"width: 31.3057%;height: 32px;text-align: center\"><strong>\u00d3rg\u00e3os Suplementares Centrais<\/strong><\/td><\/tr><tr style=\"height: 60px\"><td style=\"width: 36.538%;height: 10px;text-align: center\"><a href=\"https:\/\/www.ufsm.br\/app\/uploads\/sites\/344\/2025\/11\/Organograma-PRA_2025-novembro.pdf\" target=\"_blank\" rel=\"noopener\">Pr\u00f3-Reitoria de Administra\u00e7\u00e3o\u00a0<\/a><\/td><td style=\"width: 31.2021%;height: 10px;text-align: center\"><a style=\"color: #1a3d73;font-size: 16px\" href=\"https:\/\/www.ufsm.br\/app\/uploads\/sites\/344\/2025\/11\/Organograma-DCF_2025-novembro.pdf\" target=\"_blank\" rel=\"noopener\">Departamento de Contabilidade e Finan\u00e7as<\/a><\/td><td style=\"width: 31.3057%;height: 10px;text-align: center\">Hospital Universit\u00e1rio de Santa Maria<\/td><\/tr><tr style=\"height: 24px\"><td style=\"width: 36.538%;height: 24px;text-align: center\"><a href=\"https:\/\/www.ufsm.br\/app\/uploads\/sites\/344\/2025\/11\/Organograma-PRAE_2025-novembro.pdf\" target=\"_blank\" rel=\"noopener\">Pr\u00f3-Reitoria de Assuntos Estudantis<\/a><a href=\"https:\/\/www.ufsm.br\/pro-reitorias\/proplan\/wp-content\/uploads\/sites\/344\/2019\/03\/Organograma-PRAE.pdf\">\u00a0<\/a><\/td><td style=\"width: 31.2021%;height: 24px;text-align: center\"><a style=\"color: #204c90;font-size: 16px\" href=\"https:\/\/www.ufsm.br\/app\/uploads\/sites\/344\/2025\/11\/Organograma-DEMAPA_2025-novembro.pdf\" target=\"_blank\" rel=\"noopener\">Departamento de Material e Patrim\u00f4nio<\/a><\/td><td style=\"width: 31.3057%;height: 24px;text-align: center\"><a href=\"https:\/\/www.ufsm.br\/app\/uploads\/sites\/344\/2025\/11\/Organograma-CPD_2025-novembro.pdf\" target=\"_blank\" rel=\"noopener\">Centro de Processamento de Dados<\/a><\/td><\/tr><tr style=\"height: 32px\"><td style=\"width: 36.538%;height: 32px;text-align: center\"><a href=\"https:\/\/www.ufsm.br\/app\/uploads\/sites\/344\/2025\/11\/Organograma-PRE_2025-novembro.pdf\" target=\"_blank\" rel=\"noopener\">Pr\u00f3-Reitoria de Extens\u00e3o\u00a0<\/a><\/td><td style=\"width: 31.2021%;height: 32px;text-align: center\"><a href=\"https:\/\/www.ufsm.br\/app\/uploads\/sites\/344\/2025\/11\/Organograma-PF-UFSM-2025-novembro.pdf\">Procuradoria Federal junto \u00e0 UFSM<\/a><\/td><td style=\"width: 31.3057%;height: 32px;text-align: center\">Biblioteca Central<\/td><\/tr><tr style=\"height: 32px\"><td style=\"width: 36.538%;height: 28px;text-align: center\"><p><a href=\"https:\/\/www.ufsm.br\/app\/uploads\/sites\/344\/2025\/11\/Organograma-PROGRAD_2025-novembro.pdf\" target=\"_blank\" rel=\"noopener\">Pr\u00f3-Reitoria de Gradua\u00e7\u00e3o<\/a><a href=\"https:\/\/www.ufsm.br\/pro-reitorias\/proplan\/wp-content\/uploads\/sites\/344\/2019\/03\/Organograma-PROGRAD.pdf\">\u00a0<\/a><\/p><\/td><td style=\"width: 31.2021%;height: 28px;text-align: center\"><a href=\"https:\/\/www.ufsm.br\/app\/uploads\/sites\/344\/2025\/11\/Organograma-Coord.-Com.-Social_2025-novembro.pdf\" target=\"_blank\" rel=\"noopener\">Coordenadoria de Comunica\u00e7\u00e3o Social<\/a><\/td><td style=\"width: 31.3057%;height: 28px;text-align: center\"><a href=\"https:\/\/www.ufsm.br\/app\/uploads\/sites\/344\/2025\/11\/Organograma-Imprensa-Universitaria_2025-novembro.pdf\">Imprensa Universit\u00e1ria<\/a><\/td><\/tr><tr style=\"height: 32px\"><td style=\"width: 36.538%;height: 23px;text-align: center\"><a href=\"https:\/\/www.ufsm.br\/app\/uploads\/sites\/344\/2025\/11\/Organograma-PROPLAN_2025-novembro-1.pdf\" target=\"_blank\" rel=\"noopener\">Pr\u00f3-Reitoria de Planejamento\u00a0\u00a0<\/a><\/td><td style=\"width: 31.2021%;height: 23px;text-align: center\">Secretaria T\u00e9cnica de<br \/>Pessoal Docente<\/td><td style=\"width: 31.3057%;height: 23px;text-align: center\"><a href=\"https:\/\/www.ufsm.br\/app\/uploads\/sites\/344\/2025\/11\/Organograma-RU_2025-novembro.pdf\">Restaurante Universit\u00e1rio<\/a><\/td><\/tr><tr style=\"height: 32px\"><td style=\"width: 36.538%;height: 25px;text-align: center\"><p><a href=\"https:\/\/www.ufsm.br\/app\/uploads\/sites\/344\/2026\/01\/Organograma-PRPGP-2026.pdf\" target=\"_blank\" rel=\"noopener\">Pr\u00f3-Reitoria de P\u00f3s-Gradua\u00e7\u00e3o e Pesquisa<\/a><\/p><\/td><td style=\"width: 31.2021%;height: 25px;text-align: center\"><p><a href=\"https:\/\/www.ufsm.br\/app\/uploads\/sites\/344\/2025\/11\/Organograma-CORREGEDORIA-2025-novembro.pdf\">Corregedoria Setorial da UFSM<\/a><\/p><\/td><td style=\"width: 31.3057%;height: 25px;text-align: center\"><a href=\"https:\/\/www.ufsm.br\/app\/uploads\/sites\/344\/2025\/11\/Organograma-Editora_2025-novembro.pdf\">Editora da UFSM<\/a><\/td><\/tr><tr style=\"height: 24px\"><td style=\"width: 36.538%;height: 24px;text-align: center\"><a href=\"https:\/\/www.ufsm.br\/app\/uploads\/sites\/344\/2025\/11\/Organograma-PROGEP_2025-novembro-1.pdf\" target=\"_blank\" rel=\"noopener\">Pr\u00f3-Reitoria de Gest\u00e3o de Pessoas<\/a><a href=\"https:\/\/www.ufsm.br\/app\/uploads\/sites\/344\/2025\/11\/Organograma-PROGEP_2025-novembro.pdf\">\u00a0<\/a><\/td><td style=\"width: 31.2021%;height: 24px\">\u00a0<\/td><td style=\"width: 31.3057%;height: 24px;text-align: center\"><a href=\"https:\/\/www.ufsm.br\/app\/uploads\/sites\/344\/2025\/11\/Organograma-DAG_2025-novembro.pdf\">Departamento de Arquivo Geral<\/a><\/td><\/tr><tr style=\"height: 32px\"><td style=\"width: 36.538%;height: 32px;text-align: center\"><a href=\"https:\/\/www.ufsm.br\/app\/uploads\/sites\/344\/2025\/11\/Organograma-PROINFRA_2025-novembro.pdf\" target=\"_blank\" rel=\"noopener\">Pr\u00f3-Reitoria de Infraestrutura<\/a><a href=\"https:\/\/www.ufsm.br\/pro-reitorias\/proplan\/wp-content\/uploads\/sites\/344\/2019\/03\/Organograma-PROINFRA.pdf\">\u00a0<\/a><\/td><td style=\"width: 31.2021%;height: 32px\">\u00a0<\/td><td style=\"width: 31.3057%;height: 32px;text-align: center\"><a href=\"https:\/\/www.ufsm.br\/app\/uploads\/sites\/344\/2025\/11\/Organograma-DRI-2025-novembro.pdf\">Diretoria de Rela\u00e7\u00f5es Internacionais<\/a><\/td><\/tr><tr style=\"height: 48px\"><td style=\"width: 36.538%;height: 27px;text-align: center\"><a href=\"https:\/\/www.ufsm.br\/app\/uploads\/sites\/344\/2025\/11\/Organograma-PROINOVA_2025-novembro.pdf\" target=\"_blank\" rel=\"noopener\">Pr\u00f3-Reitoria de Inova\u00e7\u00e3o e Empreendedorismo<\/a><\/td><td style=\"width: 31.2021%;height: 27px\">\u00a0<\/td><td style=\"width: 31.3057%;height: 27px;text-align: center\"><a href=\"https:\/\/www.ufsm.br\/app\/uploads\/sites\/344\/2026\/04\/Organograma-DGA-2026.pdf\">Diretoria de Gest\u00e3o Ambiental<\/a><\/td><\/tr><\/tbody><\/table><div>\u00a0<\/div><div><table style=\"color: #000000;font-size: 1rem;background-color: var(--bs-body-bg);text-align: var(--bs-body-text-align);height: 257px;width: 139.334%\"><tbody><tr style=\"height: 32px\"><td style=\"width: 32.7285%;height: 32px;text-align: center\"><strong>\u00d3rg\u00e3os de Apoio<\/strong><\/td><td style=\"width: 35.0116%;height: 32px;text-align: center\"><b>Unidade EBTT<\/b><\/td><\/tr><tr style=\"height: 60px\"><td style=\"width: 32.7285%;height: 10px;text-align: center\">Espa\u00e7o Multidisciplinar de Pesquisa e Extens\u00e3o &#8211; Silveira Martins<\/td><td style=\"width: 35.0116%;height: 10px;text-align: center\">Coordenadoria de Educa\u00e7\u00e3o B\u00e1sica, T\u00e9cnica e<br \/>Tecnol\u00f3gica<\/td><\/tr><\/tbody><\/table><\/div><div>\u00a0<\/div><div><table style=\"height: 289px;width: 133.805%\"><tbody><tr style=\"height: 39px\"><td style=\"width: 98.7562%;height: 39px;text-align: center\" colspan=\"2\"><strong>UNIDADES DE ENSINO<\/strong><\/td><\/tr><tr style=\"height: 33px\"><td style=\"width: 47.8805%;height: 33px;text-align: center\"><p><a href=\"https:\/\/www.ufsm.br\/app\/uploads\/sites\/344\/2026\/01\/Organograma-CAL_2026.pdf\">Centro de Artes e Letras<\/a><\/p><\/td><td style=\"width: 50.8757%;height: 33px;text-align: center\"><a href=\"https:\/\/www.ufsm.br\/app\/uploads\/sites\/344\/2025\/11\/Organograma-Campus-Cachoeira_2025-novembro.pdf\" target=\"_blank\" rel=\"noopener\">\u00a0Campus da UFSM em Cachoeira do Sul<\/a><\/td><\/tr><tr style=\"height: 24px\"><td style=\"width: 47.8805%;height: 24px;text-align: center\"><p><a href=\"https:\/\/www.ufsm.br\/app\/uploads\/sites\/344\/2026\/01\/Organograma-CCNE_2026-1.pdf\" target=\"_blank\" rel=\"noopener\">Centro de Ci\u00eancias Naturais e Exatas\u00a0\u00a0<\/a><\/p><\/td><td style=\"width: 50.8757%;height: 24px;text-align: center\">\u00a0<a href=\"https:\/\/www.ufsm.br\/app\/uploads\/sites\/344\/2025\/11\/organograma_UFSM_FW_2025-novembro.pdf\">Campus da UFSM em Frederico Westphalen<\/a><\/td><\/tr><tr style=\"height: 25px\"><td style=\"width: 47.8805%;height: 25px;text-align: center\"><p><a href=\"https:\/\/www.ufsm.br\/app\/uploads\/sites\/344\/2026\/01\/Organograma-CCR_2026.pdf\" target=\"_blank\" rel=\"noopener\">Centro de Ci\u00eancias Rurais\u00a0<\/a><\/p><\/td><td style=\"width: 50.8757%;height: 25px;text-align: center\"><p><a href=\"https:\/\/www.ufsm.br\/app\/uploads\/sites\/344\/2025\/11\/organograma_UFSM_PM_2025-novembro.pdf\" target=\"_blank\" rel=\"noopener\">Campus da UFSM em Palmeira das Miss\u00f5es<\/a><a href=\"https:\/\/www.ufsm.br\/pro-reitorias\/proplan\/wp-content\/uploads\/sites\/344\/2019\/03\/Organograma-Campus-PM.pdf\">\u00a0<\/a><\/p><\/td><\/tr><tr style=\"height: 48px\"><td style=\"width: 47.8805%;height: 48px;text-align: center\"><a href=\"https:\/\/www.ufsm.br\/app\/uploads\/sites\/344\/2026\/01\/Organograma-CCS_2026.pdf\" target=\"_blank\" rel=\"noopener\">Centro de Ci\u00eancias da Sa\u00fade\u00a0\u00a0<\/a><\/td><td style=\"width: 50.8757%;height: 48px;text-align: center\"><a href=\"https:\/\/www.ufsm.br\/app\/uploads\/sites\/344\/2026\/01\/Organograma-CTISM-2025-novembro.pdf\" target=\"_blank\" rel=\"noopener\">Col\u00e9gio T\u00e9cnico Industrial de Santa Maria<\/a><\/td><\/tr><tr style=\"height: 48px\"><td style=\"width: 47.8805%;height: 48px;text-align: center\"><a href=\"https:\/\/www.ufsm.br\/app\/uploads\/sites\/344\/2026\/01\/Organograma-CCSH_2026.pdf\" target=\"_blank\" rel=\"noopener\">Centro de Ci\u00eancias Sociais e Humanas\u00a0<\/a><\/td><td style=\"width: 50.8757%;height: 48px;text-align: center\"><a href=\"https:\/\/www.ufsm.br\/app\/uploads\/sites\/344\/2024\/11\/Organograma-POLI_2024-2.pdf\">Col\u00e9gio Polit\u00e9cnico<\/a>\u00a0\u00a0<\/td><\/tr><tr style=\"height: 48px\"><td style=\"width: 47.8805%;height: 48px;text-align: center\"><a href=\"https:\/\/www.ufsm.br\/app\/uploads\/sites\/344\/2026\/01\/Organograma-CE_2026-1.pdf\" target=\"_blank\" rel=\"noopener\">Centro de Educa\u00e7\u00e3o<\/a><\/td><td style=\"width: 50.8757%;height: 48px;text-align: center\"><a style=\"color: #204c90;font-size: 16px\" href=\"https:\/\/www.ufsm.br\/app\/uploads\/sites\/344\/2025\/11\/Organograma-Ipe-Amarelo_2025-novembro.pdf\" target=\"_blank\" rel=\"noopener\">Unidade de Educa\u00e7\u00e3o Infantil Ip\u00ea Amarelo<\/a><a style=\"color: #204c90;font-size: 16px\" href=\"https:\/\/www.ufsm.br\/pro-reitorias\/proplan\/wp-content\/uploads\/sites\/344\/2019\/03\/Organograma-Ip%C3%AA-Amarelo.pdf\">\u00a0<\/a><\/td><\/tr><tr style=\"height: 24px\"><td style=\"width: 47.8805%;height: 24px;text-align: center\"><a href=\"https:\/\/www.ufsm.br\/app\/uploads\/sites\/344\/2026\/01\/Organograma-CEFD_2026.pdf\" target=\"_blank\" rel=\"noopener\">Centro de Educa\u00e7\u00e3o F\u00edsica e Desportos<\/a><\/td><td style=\"width: 50.8757%;height: 24px;text-align: center\">\u00a0<\/td><\/tr><tr><td style=\"width: 47.8805%;text-align: center\"><a href=\"https:\/\/www.ufsm.br\/app\/uploads\/sites\/344\/2026\/01\/Organograma-CT_2026.pdf\" target=\"_blank\" rel=\"noopener\">Centro de Tecnologia\u00a0<\/a><\/td><td style=\"width: 50.8757%;text-align: center\">\u00a0<\/td><\/tr><\/tbody><\/table><\/div>\t\t\t\t\t\t<\/div>\n\t\t\t\t<\/div>\n\t\t\t\t\t<\/div>\n\t\t<\/div>\n\t\t\t\t\t<\/div>\n\t\t<\/section>\n\t\t\t\t<section class=\"elementor-section elementor-top-section elementor-element elementor-element-cbafa7d elementor-section-boxed elementor-section-height-default elementor-section-height-default\" data-id=\"cbafa7d\" data-element_type=\"section\">\n\t\t\t\t\t\t<div class=\"elementor-container elementor-column-gap-default\">\n\t\t\t\t\t<div class=\"elementor-column elementor-col-100 elementor-top-column elementor-element elementor-element-e1b70ee\" data-id=\"e1b70ee\" data-element_type=\"column\">\n\t\t\t<div class=\"elementor-widget-wrap elementor-element-populated\">\n\t\t\t\t\t\t<div class=\"elementor-element elementor-element-b37089f elementor-widget elementor-widget-spacer\" data-id=\"b37089f\" data-element_type=\"widget\" data-widget_type=\"spacer.default\">\n\t\t\t\t<div class=\"elementor-widget-container\">\n\t\t\t\t\t<div class=\"elementor-spacer\">\n\t\t\t<div class=\"elementor-spacer-inner\"><\/div>\n\t\t<\/div>\n\t\t\t\t<\/div>\n\t\t\t\t<\/div>\n\t\t\t\t\t<\/div>\n\t\t<\/div>\n\t\t\t\t\t<\/div>\n\t\t<\/section>\n\t\t\t\t<\/div>\n\t\t","protected":false},"excerpt":{"rendered":"<p>Nesta p\u00e1gina encontram-se a consolida\u00e7\u00e3o dos organogramas de unidades da Universidade Federal de Santa Maria. Todos os desenhos foram revisados e est\u00e3o atualizados conforme os registros que est\u00e3o no SIE (sistema utilizado pela UFSM). A p\u00e1gina est\u00e1 em processo de atualiza\u00e7\u00e3o. UNIVERSIDADE FEDERAL DE SANTA MARIA\u00a0\u00a0 Pr\u00f3-reitorias \u00d3rg\u00e3os Executivos da Administra\u00e7\u00e3o Superior \u00d3rg\u00e3os Suplementares Centrais [&hellip;]<\/p>\n","protected":false},"author":205,"featured_media":0,"parent":0,"menu_order":0,"comment_status":"closed","ping_status":"closed","template":"","meta":{"footnotes":""},"categories":[],"tags":[],"class_list":["post-1346","page","type-page","status-publish","hentry"],"acf":[],"_links":{"self":[{"href":"https:\/\/www.ufsm.br\/pro-reitorias\/proplan\/wp-json\/wp\/v2\/pages\/1346","targetHints":{"allow":["GET"]}}],"collection":[{"href":"https:\/\/www.ufsm.br\/pro-reitorias\/proplan\/wp-json\/wp\/v2\/pages"}],"about":[{"href":"https:\/\/www.ufsm.br\/pro-reitorias\/proplan\/wp-json\/wp\/v2\/types\/page"}],"author":[{"embeddable":true,"href":"https:\/\/www.ufsm.br\/pro-reitorias\/proplan\/wp-json\/wp\/v2\/users\/205"}],"replies":[{"embeddable":true,"href":"https:\/\/www.ufsm.br\/pro-reitorias\/proplan\/wp-json\/wp\/v2\/comments?post=1346"}],"version-history":[{"count":0,"href":"https:\/\/www.ufsm.br\/pro-reitorias\/proplan\/wp-json\/wp\/v2\/pages\/1346\/revisions"}],"wp:attachment":[{"href":"https:\/\/www.ufsm.br\/pro-reitorias\/proplan\/wp-json\/wp\/v2\/media?parent=1346"}],"wp:term":[{"taxonomy":"category","embeddable":true,"href":"https:\/\/www.ufsm.br\/pro-reitorias\/proplan\/wp-json\/wp\/v2\/categories?post=1346"},{"taxonomy":"post_tag","embeddable":true,"href":"https:\/\/www.ufsm.br\/pro-reitorias\/proplan\/wp-json\/wp\/v2\/tags?post=1346"}],"curies":[{"name":"wp","href":"https:\/\/api.w.org\/{rel}","templated":true}]}}