{"id":1348,"date":"2018-08-10T15:32:02","date_gmt":"2018-08-10T18:32:02","guid":{"rendered":"https:\/\/www.ufsm.br\/pro-reitorias\/proplan\/?page_id=1348"},"modified":"2018-12-04T11:11:04","modified_gmt":"2018-12-04T13:11:04","slug":"normas-documentacao-oficial-ufsm","status":"publish","type":"page","link":"https:\/\/www.ufsm.br\/pro-reitorias\/proplan\/normas-documentacao-oficial-ufsm","title":{"rendered":"Normas Documenta\u00e7\u00e3o Oficial UFSM"},"content":{"rendered":"<p><a href=\"https:\/\/www.ufsm.br\/pro-reitorias\/proplan\/wp-content\/uploads\/sites\/344\/2018\/11\/Normas-Tecnicas_atualizado.pdf\">Normas T\u00e9cnicas de Documenta\u00e7\u00e3o Oficial<\/a><\/p>\n<p>MODELOS DE DOCUMENTOS:<\/p>\n<p><a href=\"https:\/\/www.ufsm.br\/pro-reitorias\/proplan\/wp-content\/uploads\/sites\/344\/2018\/12\/ATA_bras\u00e3o-colorido.docx\">Ata com bras\u00e3o colorido<\/a><\/p>\n<p><a href=\"https:\/\/www.ufsm.br\/pro-reitorias\/proplan\/wp-content\/uploads\/sites\/344\/2018\/12\/ATA_bras\u00e3o-p_b.docx\">Ata com bras\u00e3o preto e branco<\/a><\/p>\n<p><a href=\"https:\/\/www.ufsm.br\/pro-reitorias\/proplan\/wp-content\/uploads\/sites\/344\/2018\/12\/Atestado_bras\u00e3o-colorido.docx\">Atestado com bras\u00e3o colorido<\/a><\/p>\n<p><a href=\"https:\/\/www.ufsm.br\/pro-reitorias\/proplan\/wp-content\/uploads\/sites\/344\/2018\/12\/Atestado_bras\u00e3o-p_b.docx\">Atestado com bras\u00e3o preto e branco<\/a><\/p>\n<p><a href=\"https:\/\/www.ufsm.br\/pro-reitorias\/proplan\/wp-content\/uploads\/sites\/344\/2018\/12\/Certid\u00e3o_bras\u00e3o-colorido.docx\">Certid\u00e3o com bras\u00e3o colorido<\/a><\/p>\n<p><a href=\"https:\/\/www.ufsm.br\/pro-reitorias\/proplan\/wp-content\/uploads\/sites\/344\/2018\/12\/Certid\u00e3o_bras\u00e3o-p_b.docx\">Certid\u00e3o com bras\u00e3o preto e branco<\/a><\/p>\n<p><a href=\"https:\/\/www.ufsm.br\/pro-reitorias\/proplan\/wp-content\/uploads\/sites\/344\/2018\/12\/Convite_-bras\u00e3o-colorido.docx\">Convite com bras\u00e3o colorido<\/a><\/p>\n<p><a href=\"https:\/\/www.ufsm.br\/pro-reitorias\/proplan\/wp-content\/uploads\/sites\/344\/2018\/12\/Convite_-bras\u00e3o-p_b.docx\">Convite com bras\u00e3o preto e branco<\/a><\/p>\n<p><a href=\"https:\/\/www.ufsm.br\/pro-reitorias\/proplan\/wp-content\/uploads\/sites\/344\/2018\/12\/Convoca\u00e7\u00e3o_-bras\u00e3o-colorido.docx\">Convoca\u00e7\u00e3o com bras\u00e3o colorido<\/a><\/p>\n<p><a href=\"https:\/\/www.ufsm.br\/pro-reitorias\/proplan\/wp-content\/uploads\/sites\/344\/2018\/12\/Convoca\u00e7\u00e3o_bras\u00e3o-p_b.docx\">Convoca\u00e7\u00e3o com bras\u00e3o preto e branco<\/a><\/p>\n<p><a href=\"https:\/\/www.ufsm.br\/pro-reitorias\/proplan\/wp-content\/uploads\/sites\/344\/2018\/12\/Declara\u00e7\u00e3o_bras\u00e3o-colorido.docx\">Declara\u00e7\u00e3o com bras\u00e3o colorido<\/a><\/p>\n<p><a href=\"https:\/\/www.ufsm.br\/pro-reitorias\/proplan\/wp-content\/uploads\/sites\/344\/2018\/12\/Declara\u00e7\u00e3o_bras\u00e3o-p_b.docx\">Declara\u00e7\u00e3o com bras\u00e3o preto e branco<\/a><\/p>\n<p><a href=\"https:\/\/www.ufsm.br\/pro-reitorias\/proplan\/wp-content\/uploads\/sites\/344\/2018\/12\/Despacho_bras\u00e3o-colorido.docx\">Despacho com bras\u00e3o colorido<\/a><\/p>\n<p><a href=\"https:\/\/www.ufsm.br\/pro-reitorias\/proplan\/wp-content\/uploads\/sites\/344\/2018\/12\/Despacho_bras\u00e3o-p_b.docx\">Despacho com bras\u00e3o preto e branco<\/a><\/p>\n<p><a href=\"https:\/\/www.ufsm.br\/pro-reitorias\/proplan\/wp-content\/uploads\/sites\/344\/2018\/12\/Memorando-circular_bras\u00e3o-colorido-ver-cabe\u00e7alho.docx\">Memorando circular com bras\u00e3o colorido<\/a><\/p>\n<p><a href=\"https:\/\/www.ufsm.br\/pro-reitorias\/proplan\/wp-content\/uploads\/sites\/344\/2018\/12\/Memorando-circular_bras\u00e3o-p_b.docx\">Memorando circular com bras\u00e3o p reto e branco<\/a><\/p>\n<p><a href=\"https:\/\/www.ufsm.br\/pro-reitorias\/proplan\/wp-content\/uploads\/sites\/344\/2018\/12\/Memorando_bras\u00e3o-colorido.docx\">Memorando com bras\u00e3o colorido<\/a><\/p>\n<p><a href=\"https:\/\/www.ufsm.br\/pro-reitorias\/proplan\/wp-content\/uploads\/sites\/344\/2018\/12\/Memorando_bras\u00e3o-p_b.docx\">Memorando com bras\u00e3o preto e branco<\/a><\/p>\n<p><a href=\"https:\/\/www.ufsm.br\/pro-reitorias\/proplan\/wp-content\/uploads\/sites\/344\/2018\/12\/Oficio-circular_-bras\u00e3o-colorido.docx\">Oficio circular com bras\u00e3o colorido<\/a><\/p>\n<p><a href=\"https:\/\/www.ufsm.br\/pro-reitorias\/proplan\/wp-content\/uploads\/sites\/344\/2018\/12\/Oficio-circular_bras\u00e3o-p_b.docx\">Oficio circular com bras\u00e3o preto e branco<\/a><\/p>\n<p><a href=\"https:\/\/www.ufsm.br\/pro-reitorias\/proplan\/wp-content\/uploads\/sites\/344\/2018\/12\/Oficio_-bras\u00e3o-colorido.docx\">Oficio com bras\u00e3o colorido<\/a><\/p>\n<p><a href=\"https:\/\/www.ufsm.br\/pro-reitorias\/proplan\/wp-content\/uploads\/sites\/344\/2018\/12\/Oficio_bras\u00e3o-p_b.docx\">Oficio com bras\u00e3o preto e branco<\/a><\/p>\n<p><a href=\"https:\/\/www.ufsm.br\/pro-reitorias\/proplan\/wp-content\/uploads\/sites\/344\/2018\/12\/Procura\u00e7\u00e3o.docx\">Procura\u00e7\u00e3o<\/a><\/p>\n<p><a href=\"https:\/\/www.ufsm.br\/pro-reitorias\/proplan\/wp-content\/uploads\/sites\/344\/2018\/12\/Requerimento_bras\u00e3o-p_b.docx\">Requerimento com bras\u00e3o preto e branco<\/a><\/p>\n<p><a href=\"https:\/\/www.ufsm.br\/pro-reitorias\/proplan\/wp-content\/uploads\/sites\/344\/2018\/12\/Requerimento_-bras\u00e3o-colorido.docx\">Requerimento com bras\u00e3o colorido<\/a><\/p>\n<p><a href=\"https:\/\/www.ufsm.br\/pro-reitorias\/proplan\/wp-content\/uploads\/sites\/344\/2018\/12\/Relat\u00f3rio-de-viagem_bras\u00e3o-p_b.docx\">Relat\u00f3rio de viagem com bras\u00e3o preto e branco<\/a><\/p>\n<p><a href=\"https:\/\/www.ufsm.br\/pro-reitorias\/proplan\/wp-content\/uploads\/sites\/344\/2018\/12\/Relat\u00f3rio-de-viagem_-bras\u00e3o-colorido.docx\">Rel<\/a><a href=\"https:\/\/www.ufsm.br\/pro-reitorias\/proplan\/wp-content\/uploads\/sites\/344\/2018\/12\/Relat\u00f3rio-de-viagem_-bras\u00e3o-colorido.docx\">at\u00f3rio de viagem com bras\u00e3o colorido<\/a><\/p>\n<p>&nbsp;<\/p>\n<p>&nbsp;<\/p>\n","protected":false},"excerpt":{"rendered":"<p>Normas T\u00e9cnicas de Documenta\u00e7\u00e3o Oficial MODELOS DE DOCUMENTOS: Ata com bras\u00e3o colorido Ata com bras\u00e3o preto e branco Atestado com bras\u00e3o colorido Atestado com bras\u00e3o preto e branco Certid\u00e3o com bras\u00e3o colorido Certid\u00e3o com bras\u00e3o preto e branco Convite com bras\u00e3o colorido Convite com bras\u00e3o preto e branco Convoca\u00e7\u00e3o com bras\u00e3o colorido Convoca\u00e7\u00e3o com bras\u00e3o [&hellip;]<\/p>\n","protected":false},"author":205,"featured_media":0,"parent":0,"menu_order":0,"comment_status":"closed","ping_status":"closed","template":"","meta":{"footnotes":""},"categories":[],"tags":[],"class_list":["post-1348","page","type-page","status-publish","hentry"],"acf":[],"_links":{"self":[{"href":"https:\/\/www.ufsm.br\/pro-reitorias\/proplan\/wp-json\/wp\/v2\/pages\/1348","targetHints":{"allow":["GET"]}}],"collection":[{"href":"https:\/\/www.ufsm.br\/pro-reitorias\/proplan\/wp-json\/wp\/v2\/pages"}],"about":[{"href":"https:\/\/www.ufsm.br\/pro-reitorias\/proplan\/wp-json\/wp\/v2\/types\/page"}],"author":[{"embeddable":true,"href":"https:\/\/www.ufsm.br\/pro-reitorias\/proplan\/wp-json\/wp\/v2\/users\/205"}],"replies":[{"embeddable":true,"href":"https:\/\/www.ufsm.br\/pro-reitorias\/proplan\/wp-json\/wp\/v2\/comments?post=1348"}],"version-history":[{"count":0,"href":"https:\/\/www.ufsm.br\/pro-reitorias\/proplan\/wp-json\/wp\/v2\/pages\/1348\/revisions"}],"wp:attachment":[{"href":"https:\/\/www.ufsm.br\/pro-reitorias\/proplan\/wp-json\/wp\/v2\/media?parent=1348"}],"wp:term":[{"taxonomy":"category","embeddable":true,"href":"https:\/\/www.ufsm.br\/pro-reitorias\/proplan\/wp-json\/wp\/v2\/categories?post=1348"},{"taxonomy":"post_tag","embeddable":true,"href":"https:\/\/www.ufsm.br\/pro-reitorias\/proplan\/wp-json\/wp\/v2\/tags?post=1348"}],"curies":[{"name":"wp","href":"https:\/\/api.w.org\/{rel}","templated":true}]}}