{"id":1373,"date":"2018-08-17T14:27:52","date_gmt":"2018-08-17T17:27:52","guid":{"rendered":"https:\/\/www.ufsm.br\/pro-reitorias\/proplan\/?page_id=1373"},"modified":"2024-09-06T09:01:01","modified_gmt":"2024-09-06T12:01:01","slug":"portal-de-projetos","status":"publish","type":"page","link":"https:\/\/www.ufsm.br\/pro-reitorias\/proplan\/portal-de-projetos","title":{"rendered":"Portal de Projetos"},"content":{"rendered":"\t\t<div data-elementor-type=\"wp-post\" data-elementor-id=\"1373\" class=\"elementor elementor-1373\">\n\t\t\t\t\t\t<section class=\"elementor-section elementor-top-section elementor-element elementor-element-746ebdfd elementor-section-boxed elementor-section-height-default elementor-section-height-default\" data-id=\"746ebdfd\" data-element_type=\"section\">\n\t\t\t\t\t\t<div class=\"elementor-container elementor-column-gap-default\">\n\t\t\t\t\t<div class=\"elementor-column elementor-col-100 elementor-top-column elementor-element elementor-element-727929fe\" data-id=\"727929fe\" data-element_type=\"column\">\n\t\t\t<div class=\"elementor-widget-wrap elementor-element-populated\">\n\t\t\t\t\t\t<div class=\"elementor-element elementor-element-15fa2ef8 elementor-widget elementor-widget-text-editor\" data-id=\"15fa2ef8\" data-element_type=\"widget\" data-widget_type=\"text-editor.default\">\n\t\t\t\t<div class=\"elementor-widget-container\">\n\t\t\t\t\t\t\t<p>A nova plataforma de projetos elaborada pelo Centro de Processamento de Dados, sob a coordena\u00e7\u00e3o da Pr\u00f3-Reitoria de Planejamento, contou com a colabora\u00e7\u00e3o dos Gabinetes de Projetos da UFSM, PRE, PRPGP, PROINOVA, PRA.<\/p>\n<p>A nova plataforma substitui o sistema de registros e avalia\u00e7\u00e3o de projetos do SIE atrav\u00e9s de sua plataforma Windows para a plataforma Web. Possuindo a mesma l\u00f3gica do sistema antigo, no novo portal s\u00e3o agregados novos conceitos necess\u00e1rios para a eficiente gest\u00e3o de projetos na nossa universidade.<\/p>\n<p>A seguir s\u00e3o disponibilizados tutoriais, materiais e demais informa\u00e7\u00f5es relevantes para o aux\u00edlio aos pesquisadores da universidade.<\/p>\t\t\t\t\t\t<\/div>\n\t\t\t\t<\/div>\n\t\t\t\t\t<\/div>\n\t\t<\/div>\n\t\t\t\t\t<\/div>\n\t\t<\/section>\n\t\t\t\t<section class=\"elementor-section elementor-top-section elementor-element elementor-element-28fbd9e elementor-section-boxed elementor-section-height-default elementor-section-height-default\" data-id=\"28fbd9e\" data-element_type=\"section\">\n\t\t\t\t\t\t<div class=\"elementor-container elementor-column-gap-default\">\n\t\t\t\t\t<div class=\"elementor-column elementor-col-100 elementor-top-column elementor-element elementor-element-9e31b7c\" data-id=\"9e31b7c\" data-element_type=\"column\">\n\t\t\t<div class=\"elementor-widget-wrap elementor-element-populated\">\n\t\t\t\t\t\t<div class=\"elementor-element elementor-element-84a23c6 elementor-view-default elementor-position-top elementor-mobile-position-top elementor-widget elementor-widget-icon-box\" data-id=\"84a23c6\" data-element_type=\"widget\" data-widget_type=\"icon-box.default\">\n\t\t\t\t<div class=\"elementor-widget-container\">\n\t\t\t\t\t<div class=\"elementor-icon-box-wrapper\">\n\n\t\t\t\t\t\t<div class=\"elementor-icon-box-icon\">\n\t\t\t\t<a href=\"https:\/\/portal.ufsm.br\/projetos\/index.html\" target=\"_blank\" class=\"elementor-icon elementor-animation-\" tabindex=\"-1\">\n\t\t\t\t<i aria-hidden=\"true\" class=\"fasufsm ufsm-projeto\"><\/i>\t\t\t\t<\/a>\n\t\t\t<\/div>\n\t\t\t\n\t\t\t\t\t\t<div class=\"elementor-icon-box-content\">\n\n\t\t\t\t\t\t\t\t\t<h3 class=\"elementor-icon-box-title\">\n\t\t\t\t\t\t<a href=\"https:\/\/portal.ufsm.br\/projetos\/index.html\" target=\"_blank\" >\n\t\t\t\t\t\t\tPortal de Projetos\t\t\t\t\t\t<\/a>\n\t\t\t\t\t<\/h3>\n\t\t\t\t\n\t\t\t\t\n\t\t\t<\/div>\n\t\t\t\n\t\t<\/div>\n\t\t\t\t<\/div>\n\t\t\t\t<\/div>\n\t\t\t\t\t<\/div>\n\t\t<\/div>\n\t\t\t\t\t<\/div>\n\t\t<\/section>\n\t\t\t\t<section class=\"elementor-section elementor-top-section elementor-element elementor-element-fcc645f elementor-section-boxed elementor-section-height-default elementor-section-height-default\" data-id=\"fcc645f\" data-element_type=\"section\">\n\t\t\t\t\t\t<div class=\"elementor-container elementor-column-gap-default\">\n\t\t\t\t\t<div class=\"elementor-column elementor-col-100 elementor-top-column elementor-element elementor-element-0840030\" data-id=\"0840030\" data-element_type=\"column\">\n\t\t\t<div class=\"elementor-widget-wrap elementor-element-populated\">\n\t\t\t\t\t\t<div class=\"elementor-element elementor-element-d98e52b elementor-arrows-position-inside elementor-pagination-position-outside elementor-widget elementor-widget-image-carousel\" data-id=\"d98e52b\" data-element_type=\"widget\" data-settings=\"{&quot;slides_to_show&quot;:&quot;1&quot;,&quot;navigation&quot;:&quot;both&quot;,&quot;autoplay&quot;:&quot;yes&quot;,&quot;pause_on_hover&quot;:&quot;yes&quot;,&quot;pause_on_interaction&quot;:&quot;yes&quot;,&quot;autoplay_speed&quot;:5000,&quot;infinite&quot;:&quot;yes&quot;,&quot;effect&quot;:&quot;slide&quot;,&quot;speed&quot;:500}\" data-widget_type=\"image-carousel.default\">\n\t\t\t\t<div class=\"elementor-widget-container\">\n\t\t\t\t\t<div class=\"elementor-image-carousel-wrapper swiper\" dir=\"ltr\">\n\t\t\t<div class=\"elementor-image-carousel swiper-wrapper\" aria-live=\"off\">\n\t\t\t\t\t\t\t\t<div class=\"swiper-slide\" role=\"group\" aria-roledescription=\"slide\" aria-label=\"1 of 1\"><a data-elementor-open-lightbox=\"yes\" data-elementor-lightbox-slideshow=\"d98e52b\" data-elementor-lightbox-title=\"Card altera\u00e7\u00f5es PP\" data-e-action-hash=\"#elementor-action%3Aaction%3Dlightbox%26settings%3DeyJpZCI6IjU0OTAiLCJ1cmwiOiJodHRwczpcL1wvd3d3LnVmc20uYnJcL2FwcFwvdXBsb2Fkc1wvc2l0ZXNcLzM0NFwvMjAyM1wvMDhcL0NhcmQtYWx0ZXJhY29lcy1QUC5qcGVnIiwic2xpZGVzaG93IjoiZDk4ZTUyYiJ9\" href=\"https:\/\/www.ufsm.br\/app\/uploads\/sites\/344\/2023\/08\/Cards-Portal-13.pdf\" target=\"_blank\"><figure class=\"swiper-slide-inner\"><img decoding=\"async\" class=\"swiper-slide-image\" src=\"https:\/\/www.ufsm.br\/app\/uploads\/sites\/344\/2023\/08\/Card-alteracoes-PP-1536x454.jpeg\" alt=\"Card altera\u00e7\u00f5es PP\" \/><\/figure><\/a><\/div>\t\t\t<\/div>\n\t\t\t\t\t<\/div>\n\t\t\t\t<\/div>\n\t\t\t\t<\/div>\n\t\t\t\t<div class=\"elementor-element elementor-element-76c9e0b elementor-widget elementor-widget-toggle\" data-id=\"76c9e0b\" data-element_type=\"widget\" data-widget_type=\"toggle.default\">\n\t\t\t\t<div class=\"elementor-widget-container\">\n\t\t\t\t\t<div class=\"elementor-toggle\">\n\t\t\t\t\t\t\t<div class=\"elementor-toggle-item\">\n\t\t\t\t\t<div id=\"elementor-tab-title-1241\" class=\"elementor-tab-title\" data-tab=\"1\" role=\"button\" aria-controls=\"elementor-tab-content-1241\" aria-expanded=\"false\">\n\t\t\t\t\t\t\t\t\t\t\t\t<span class=\"elementor-toggle-icon elementor-toggle-icon-left\" aria-hidden=\"true\">\n\t\t\t\t\t\t\t\t\t\t\t\t\t\t\t<span class=\"elementor-toggle-icon-closed\"><i class=\"fas fa-caret-right\"><\/i><\/span>\n\t\t\t\t\t\t\t\t<span class=\"elementor-toggle-icon-opened\"><i class=\"elementor-toggle-icon-opened fas fa-caret-up\"><\/i><\/span>\n\t\t\t\t\t\t\t\t\t\t\t\t\t<\/span>\n\t\t\t\t\t\t\t\t\t\t\t\t<a class=\"elementor-toggle-title\" tabindex=\"0\">Tutorial vers\u00e3o 1.9<\/a>\n\t\t\t\t\t<\/div>\n\n\t\t\t\t\t<div id=\"elementor-tab-content-1241\" class=\"elementor-tab-content elementor-clearfix\" data-tab=\"1\" role=\"region\" aria-labelledby=\"elementor-tab-title-1241\"><p><a href=\"https:\/\/www.ufsm.br\/pro-reitorias\/proplan\/wp-content\/uploads\/sites\/344\/2018\/08\/Tutorial_V1.9.1.pdf\" target=\"_blank\" rel=\"noopener\"><img fetchpriority=\"high\" decoding=\"async\" class=\"alignnone size-medium wp-image-1374\" src=\"https:\/\/www.ufsm.br\/pro-reitorias\/proplan\/wp-content\/uploads\/sites\/344\/2018\/08\/capa-tutorial-1-9-300x167.png\" alt=\"Imagem com link do pdf para o tutorial de projetos\" width=\"300\" height=\"167\" srcset=\"https:\/\/www.ufsm.br\/app\/uploads\/sites\/344\/2018\/08\/capa-tutorial-1-9-300x167.png 300w, https:\/\/www.ufsm.br\/app\/uploads\/sites\/344\/2018\/08\/capa-tutorial-1-9-1024x570.png 1024w, https:\/\/www.ufsm.br\/app\/uploads\/sites\/344\/2018\/08\/capa-tutorial-1-9-768x428.png 768w, https:\/\/www.ufsm.br\/app\/uploads\/sites\/344\/2018\/08\/capa-tutorial-1-9-1536x856.png 1536w, https:\/\/www.ufsm.br\/app\/uploads\/sites\/344\/2018\/08\/capa-tutorial-1-9.png 2023w\" sizes=\"(max-width: 300px) 100vw, 300px\" \/><\/a><\/p><\/div>\n\t\t\t\t<\/div>\n\t\t\t\t\t\t\t<div class=\"elementor-toggle-item\">\n\t\t\t\t\t<div id=\"elementor-tab-title-1242\" class=\"elementor-tab-title\" data-tab=\"2\" role=\"button\" aria-controls=\"elementor-tab-content-1242\" aria-expanded=\"false\">\n\t\t\t\t\t\t\t\t\t\t\t\t<span class=\"elementor-toggle-icon elementor-toggle-icon-left\" aria-hidden=\"true\">\n\t\t\t\t\t\t\t\t\t\t\t\t\t\t\t<span class=\"elementor-toggle-icon-closed\"><i class=\"fas fa-caret-right\"><\/i><\/span>\n\t\t\t\t\t\t\t\t<span class=\"elementor-toggle-icon-opened\"><i class=\"elementor-toggle-icon-opened fas fa-caret-up\"><\/i><\/span>\n\t\t\t\t\t\t\t\t\t\t\t\t\t<\/span>\n\t\t\t\t\t\t\t\t\t\t\t\t<a class=\"elementor-toggle-title\" tabindex=\"0\">Legisla\u00e7\u00f5es<\/a>\n\t\t\t\t\t<\/div>\n\n\t\t\t\t\t<div id=\"elementor-tab-content-1242\" class=\"elementor-tab-content elementor-clearfix\" data-tab=\"2\" role=\"region\" aria-labelledby=\"elementor-tab-title-1242\"><p><a href=\"https:\/\/www.ufsm.br\/pro-reitorias\/proplan\/wp-content\/uploads\/sites\/344\/2018\/08\/2010_-_Res._016_-_Implementa_Sistema_Produ\u00e7\u00e3o_Institucional.pdf\" target=\"_blank\" rel=\"noopener\">Resolu\u00e7\u00e3o N\u00b0 016\/10\u00a0<\/a>\u00a0&#8211;\u00a0Regulamenta, no \u00e2mbito da UFSM, o Sistema de Registro e Avalia\u00e7\u00e3o de Projetos.<\/p><p><a href=\"https:\/\/www.ufsm.br\/pro-reitorias\/proplan\/resolucao-n-025-2012\" target=\"_blank\" rel=\"noopener\">Resolu\u00e7\u00e3o N\u00ba 25\/12 <\/a> &#8211;\u00a0Disp\u00f5e, no \u00e2mbito da UFSM, sobre as diretrizes e normas relativas \u00e0 presta\u00e7\u00e3o de servi\u00e7os, por meio do desenvolvimento de atividades voltadas ao ensino, \u00e0 pesquisa cient\u00edfica e tecnol\u00f3gica, \u00e0 extens\u00e3o universit\u00e1ria e a inova\u00e7\u00e3o.<\/p><p><a href=\"https:\/\/www.ufsm.br\/pro-reitorias\/pre\/politica-de-extensao-ufsm-2019\/\" target=\"_blank\" rel=\"noopener\">Pol\u00edtica de Extens\u00e3o UFSM 2019<\/a><\/p><p><a href=\"https:\/\/www.ufsm.br\/pro-reitorias\/proplan\/resolucao-ufsm-n-089-2022\">Resolu\u00e7\u00e3o N\u00b0089\/22-<\/a> Regulamenta a rela\u00e7\u00e3o entre a Universidade Federal de Santa Maria (UFSM) e as funda\u00e7\u00f5es de apoio para a execu\u00e7\u00e3o de projetos de pesquisa, ensino, extens\u00e3o, desenvolvimento institucional, cient\u00edfico e tecnol\u00f3gico, est\u00edmulo \u00e0 inova\u00e7\u00e3o e presta\u00e7\u00e3o de servi\u00e7os.<\/p><\/div>\n\t\t\t\t<\/div>\n\t\t\t\t\t\t\t<div class=\"elementor-toggle-item\">\n\t\t\t\t\t<div id=\"elementor-tab-title-1243\" class=\"elementor-tab-title\" data-tab=\"3\" role=\"button\" aria-controls=\"elementor-tab-content-1243\" aria-expanded=\"false\">\n\t\t\t\t\t\t\t\t\t\t\t\t<span class=\"elementor-toggle-icon elementor-toggle-icon-left\" aria-hidden=\"true\">\n\t\t\t\t\t\t\t\t\t\t\t\t\t\t\t<span class=\"elementor-toggle-icon-closed\"><i class=\"fas fa-caret-right\"><\/i><\/span>\n\t\t\t\t\t\t\t\t<span class=\"elementor-toggle-icon-opened\"><i class=\"elementor-toggle-icon-opened fas fa-caret-up\"><\/i><\/span>\n\t\t\t\t\t\t\t\t\t\t\t\t\t<\/span>\n\t\t\t\t\t\t\t\t\t\t\t\t<a class=\"elementor-toggle-title\" tabindex=\"0\">Downloads: Modelos e Formul\u00e1rios<\/a>\n\t\t\t\t\t<\/div>\n\n\t\t\t\t\t<div id=\"elementor-tab-content-1243\" class=\"elementor-tab-content elementor-clearfix\" data-tab=\"3\" role=\"region\" aria-labelledby=\"elementor-tab-title-1243\"><div>\n<div id=\"nn_tabs_item_downloads-modelos-e-formul\u00e1rios\" class=\"nn_tabs_item nn_tabs_count_3 blue \" data-container=\"1____160___\">\n<ul>\n<li><a href=\"https:\/\/www.ufsm.br\/pro-reitorias\/proplan\/wp-content\/uploads\/sites\/344\/2018\/08\/Plano.de_.Trabalho.Empresa-UFSM.docx\">Plano de Trabalho Empresa (arquivo .doc, Tamanho 110KB)<\/a><\/li>\n<li><a href=\"https:\/\/www.ufsm.br\/pro-reitorias\/proplan\/wp-content\/uploads\/sites\/344\/2018\/08\/Plano.de_.Trabalho.TRIPARTITE.Empresa-UFSM-FATEC.docx\">Plano de Trabalho Tripartite, Empresa-UFSM-FATEC&nbsp;(arquivo .doc, Tamanho 105KB)<\/a><\/li>\n<li><a href=\"https:\/\/www.ufsm.br\/pro-reitorias\/proplan\/wp-content\/uploads\/sites\/344\/2018\/08\/Plano_de_Trabalho_Intern._Regional_Medicina_1_aluno_mes.docx\">Plano de Trabalho Intern. Regional Medicina 1 aluno_mes (arquivo .doc, Tamanho&nbsp; 84 KB)<\/a><\/li>\n<li><a href=\"https:\/\/www.ufsm.br\/pro-reitorias\/proplan\/wp-content\/uploads\/sites\/344\/2018\/08\/FATEC_Modelo_TA_troca_de_fiscal_ou_coordenador.docx\">FATEC Modelo TA troca de fiscal ou coordenador (arquivo .doc, Tamanho 70KB)<\/a><\/li>\n<li><a href=\"https:\/\/www.ufsm.br\/pro-reitorias\/proplan\/wp-content\/uploads\/sites\/344\/2018\/08\/fatec_troca_de_fiscal_e_coordenador.docx\">FATEC troca de fiscal e coordenador (arquivo .doc, Tamanho 71KB)<\/a><\/li>\n<\/ul>\n<ul>\n<li><a href=\"https:\/\/www.ufsm.br\/app\/uploads\/sites\/344\/2020\/09\/Modelo_Projeto_Ensino_Pesquisa_Desenv.Institucional.doc\" target=\"_blank\">Modelo de Projeto de Ensino ou Pesquisa ou Desenvolvimento Institucional (arquivo .doc, Tamanho 131KB)<\/a><br><\/li>\n<li><a href=\"https:\/\/www.ufsm.br\/app\/uploads\/sites\/344\/2020\/09\/Modelo-Projeto-Extensao-IN-001-2019.doc\">Modelo de Projeto de Extens\u00e3o&nbsp; (arquivo .doc, Tamanho 101KB)<\/a><\/li>\n<li><a href=\"https:\/\/www.ufsm.br\/pro-reitorias\/proplan\/wp-content\/uploads\/sites\/344\/2018\/08\/modelo_relatorio_projetos.doc\">Modelo de Relat\u00f3rio de Projetos (Parcial\/Final) (arquivo .doc, Tamanho 88KB)<\/a><\/li>\n<li><a href=\"https:\/\/www.ufsm.br\/pro-reitorias\/proplan\/wp-content\/uploads\/sites\/344\/2018\/08\/FATEC-Modelo_Relatorio_Tecnico_Final.doc\">Relat\u00f3rio Presta\u00e7\u00e3o de Contas-FATEC (arquivo .doc, Tamanho 57KB)<\/a><\/li>\n<\/ul>\n<\/div>\n<\/div><\/div>\n\t\t\t\t<\/div>\n\t\t\t\t\t\t\t\t<\/div>\n\t\t\t\t<\/div>\n\t\t\t\t<\/div>\n\t\t\t\t\t<\/div>\n\t\t<\/div>\n\t\t\t\t\t<\/div>\n\t\t<\/section>\n\t\t\t\t<section class=\"elementor-section elementor-top-section elementor-element elementor-element-9df3d72 elementor-section-boxed elementor-section-height-default elementor-section-height-default\" data-id=\"9df3d72\" data-element_type=\"section\">\n\t\t\t\t\t\t<div class=\"elementor-container elementor-column-gap-default\">\n\t\t\t\t\t<div class=\"elementor-column elementor-col-100 elementor-top-column elementor-element elementor-element-5c05c73\" data-id=\"5c05c73\" data-element_type=\"column\">\n\t\t\t<div class=\"elementor-widget-wrap elementor-element-populated\">\n\t\t\t\t\t\t<div class=\"elementor-element elementor-element-e9c5a4f elementor-widget elementor-widget-toggle\" data-id=\"e9c5a4f\" data-element_type=\"widget\" data-widget_type=\"toggle.default\">\n\t\t\t\t<div class=\"elementor-widget-container\">\n\t\t\t\t\t<div class=\"elementor-toggle\">\n\t\t\t\t\t\t\t<div class=\"elementor-toggle-item\">\n\t\t\t\t\t<div id=\"elementor-tab-title-2451\" class=\"elementor-tab-title\" data-tab=\"1\" role=\"button\" aria-controls=\"elementor-tab-content-2451\" aria-expanded=\"false\">\n\t\t\t\t\t\t\t\t\t\t\t\t<span class=\"elementor-toggle-icon elementor-toggle-icon-left\" aria-hidden=\"true\">\n\t\t\t\t\t\t\t\t\t\t\t\t\t\t\t<span class=\"elementor-toggle-icon-closed\"><i class=\"fas fa-caret-right\"><\/i><\/span>\n\t\t\t\t\t\t\t\t<span class=\"elementor-toggle-icon-opened\"><i class=\"elementor-toggle-icon-opened fas fa-caret-up\"><\/i><\/span>\n\t\t\t\t\t\t\t\t\t\t\t\t\t<\/span>\n\t\t\t\t\t\t\t\t\t\t\t\t<a class=\"elementor-toggle-title\" tabindex=\"0\">Registro<\/a>\n\t\t\t\t\t<\/div>\n\n\t\t\t\t\t<div id=\"elementor-tab-content-2451\" class=\"elementor-tab-content elementor-clearfix\" data-tab=\"1\" role=\"region\" aria-labelledby=\"elementor-tab-title-2451\"><p>Registro projetos ensino, pesquisa e extens\u00e3o<\/p><p><a href=\"http:\/\/w3.ufsm.br\/proplan\/images\/coproc\/RegistroProjetos_-base.png\"><img decoding=\"async\" class=\"alignnone size-medium\" src=\"https:\/\/www.ufsm.br\/pro-reitorias\/proplan\/wp-content\/uploads\/sites\/344\/2018\/08\/RegistroProjetos_-base.jpg\" alt=\"Imagem de um fluxograma de registro de projetos.\" width=\"1920\" height=\"1027\" \/><\/a><\/p><p>Registro de projetos de desenvolvimento institucional<\/p><p><a href=\"http:\/\/w3.ufsm.br\/proplan\/images\/coproc\/plataforma\/RegistroProjetos_-_Desenv_Institucional.png\"><img decoding=\"async\" class=\"alignnone size-medium wp-image-1393\" src=\"https:\/\/www.ufsm.br\/pro-reitorias\/proplan\/wp-content\/uploads\/sites\/344\/2018\/08\/RegistroProjetos_-_Desenv_Institucional-300x168.png\" alt=\"Imagem de um fluxograma de registro de projetos de desenvolvimento institucional\" width=\"300\" height=\"168\" srcset=\"https:\/\/www.ufsm.br\/app\/uploads\/sites\/344\/2018\/08\/RegistroProjetos_-_Desenv_Institucional-300x168.png 300w, https:\/\/www.ufsm.br\/app\/uploads\/sites\/344\/2018\/08\/RegistroProjetos_-_Desenv_Institucional-1024x573.png 1024w, https:\/\/www.ufsm.br\/app\/uploads\/sites\/344\/2018\/08\/RegistroProjetos_-_Desenv_Institucional-768x430.png 768w, https:\/\/www.ufsm.br\/app\/uploads\/sites\/344\/2018\/08\/RegistroProjetos_-_Desenv_Institucional-1536x860.png 1536w, https:\/\/www.ufsm.br\/app\/uploads\/sites\/344\/2018\/08\/RegistroProjetos_-_Desenv_Institucional-2048x1146.png 2048w\" sizes=\"(max-width: 300px) 100vw, 300px\" \/><\/a><\/p><\/div>\n\t\t\t\t<\/div>\n\t\t\t\t\t\t\t<div class=\"elementor-toggle-item\">\n\t\t\t\t\t<div id=\"elementor-tab-title-2452\" class=\"elementor-tab-title\" data-tab=\"2\" role=\"button\" aria-controls=\"elementor-tab-content-2452\" aria-expanded=\"false\">\n\t\t\t\t\t\t\t\t\t\t\t\t<span class=\"elementor-toggle-icon elementor-toggle-icon-left\" aria-hidden=\"true\">\n\t\t\t\t\t\t\t\t\t\t\t\t\t\t\t<span class=\"elementor-toggle-icon-closed\"><i class=\"fas fa-caret-right\"><\/i><\/span>\n\t\t\t\t\t\t\t\t<span class=\"elementor-toggle-icon-opened\"><i class=\"elementor-toggle-icon-opened fas fa-caret-up\"><\/i><\/span>\n\t\t\t\t\t\t\t\t\t\t\t\t\t<\/span>\n\t\t\t\t\t\t\t\t\t\t\t\t<a class=\"elementor-toggle-title\" tabindex=\"0\">Altera\u00e7\u00f5es<\/a>\n\t\t\t\t\t<\/div>\n\n\t\t\t\t\t<div id=\"elementor-tab-content-2452\" class=\"elementor-tab-content elementor-clearfix\" data-tab=\"2\" role=\"region\" aria-labelledby=\"elementor-tab-title-2452\"><p>Altera\u00e7\u00e3o de situa\u00e7\u00e3o<\/p><p><a href=\"http:\/\/w3.ufsm.br\/proplan\/images\/coproc\/plataforma\/Altera%C3%A7%C3%A3o_de_situa%C3%A7%C3%A3o_do_projeto.png\"><img loading=\"lazy\" decoding=\"async\" class=\"alignnone size-medium wp-image-1394\" src=\"https:\/\/www.ufsm.br\/pro-reitorias\/proplan\/wp-content\/uploads\/sites\/344\/2018\/08\/Altera\u00e7\u00e3o_de_situa\u00e7\u00e3o_do_projeto-300x207.png\" alt=\"Fluxograma de altera\u00e7\u00e3o de situa\u00e7\u00e3o do projeto\" width=\"300\" height=\"207\" srcset=\"https:\/\/www.ufsm.br\/app\/uploads\/sites\/344\/2018\/08\/Altera\u00e7\u00e3o_de_situa\u00e7\u00e3o_do_projeto-300x207.png 300w, https:\/\/www.ufsm.br\/app\/uploads\/sites\/344\/2018\/08\/Altera\u00e7\u00e3o_de_situa\u00e7\u00e3o_do_projeto-1024x706.png 1024w, https:\/\/www.ufsm.br\/app\/uploads\/sites\/344\/2018\/08\/Altera\u00e7\u00e3o_de_situa\u00e7\u00e3o_do_projeto-768x530.png 768w, https:\/\/www.ufsm.br\/app\/uploads\/sites\/344\/2018\/08\/Altera\u00e7\u00e3o_de_situa\u00e7\u00e3o_do_projeto.png 1344w\" sizes=\"(max-width: 300px) 100vw, 300px\" \/><\/a><\/p><p>Altera\u00e7\u00e3o de fases e metas<\/p><p><a href=\"http:\/\/w3.ufsm.br\/proplan\/images\/coproc\/plataforma\/Altera%C3%A7%C3%A3o_de_fases_e_metas_do_projeto.png\"><img loading=\"lazy\" decoding=\"async\" class=\"alignnone size-medium wp-image-1395\" src=\"https:\/\/www.ufsm.br\/pro-reitorias\/proplan\/wp-content\/uploads\/sites\/344\/2018\/08\/Altera\u00e7\u00e3o_de_fases_e_metas_do_projeto-300x209.png\" alt=\"Fluxograma de altera\u00e7\u00e3o de fases e metas do projeto\" width=\"300\" height=\"209\" srcset=\"https:\/\/www.ufsm.br\/app\/uploads\/sites\/344\/2018\/08\/Altera\u00e7\u00e3o_de_fases_e_metas_do_projeto-300x209.png 300w, https:\/\/www.ufsm.br\/app\/uploads\/sites\/344\/2018\/08\/Altera\u00e7\u00e3o_de_fases_e_metas_do_projeto-1024x714.png 1024w, https:\/\/www.ufsm.br\/app\/uploads\/sites\/344\/2018\/08\/Altera\u00e7\u00e3o_de_fases_e_metas_do_projeto-768x536.png 768w, https:\/\/www.ufsm.br\/app\/uploads\/sites\/344\/2018\/08\/Altera\u00e7\u00e3o_de_fases_e_metas_do_projeto-1536x1071.png 1536w, https:\/\/www.ufsm.br\/app\/uploads\/sites\/344\/2018\/08\/Altera\u00e7\u00e3o_de_fases_e_metas_do_projeto.png 1642w\" sizes=\"(max-width: 300px) 100vw, 300px\" \/><\/a><\/p><p>Altera\u00e7\u00e3o do respons\u00e1vel<\/p><p><a href=\"http:\/\/w3.ufsm.br\/proplan\/images\/coproc\/plataforma\/Troca_de_responsavel_do_projeto.png\"><img loading=\"lazy\" decoding=\"async\" class=\"alignnone size-medium wp-image-1396\" src=\"https:\/\/www.ufsm.br\/pro-reitorias\/proplan\/wp-content\/uploads\/sites\/344\/2018\/08\/Troca_de_responsavel_do_projeto-300x200.png\" alt=\"Fluxograma de troca de respons\u00e1vel do projeto\" width=\"300\" height=\"200\" srcset=\"https:\/\/www.ufsm.br\/app\/uploads\/sites\/344\/2018\/08\/Troca_de_responsavel_do_projeto-300x200.png 300w, https:\/\/www.ufsm.br\/app\/uploads\/sites\/344\/2018\/08\/Troca_de_responsavel_do_projeto-1024x682.png 1024w, https:\/\/www.ufsm.br\/app\/uploads\/sites\/344\/2018\/08\/Troca_de_responsavel_do_projeto-768x511.png 768w, https:\/\/www.ufsm.br\/app\/uploads\/sites\/344\/2018\/08\/Troca_de_responsavel_do_projeto-1536x1022.png 1536w, https:\/\/www.ufsm.br\/app\/uploads\/sites\/344\/2018\/08\/Troca_de_responsavel_do_projeto-272x182.png 272w, https:\/\/www.ufsm.br\/app\/uploads\/sites\/344\/2018\/08\/Troca_de_responsavel_do_projeto.png 1690w\" sizes=\"(max-width: 300px) 100vw, 300px\" \/><\/a><\/p><\/div>\n\t\t\t\t<\/div>\n\t\t\t\t\t\t\t\t<\/div>\n\t\t\t\t<\/div>\n\t\t\t\t<\/div>\n\t\t\t\t\t<\/div>\n\t\t<\/div>\n\t\t\t\t\t<\/div>\n\t\t<\/section>\n\t\t\t\t<section class=\"elementor-section elementor-top-section elementor-element elementor-element-4b552d0 elementor-section-boxed elementor-section-height-default elementor-section-height-default\" data-id=\"4b552d0\" data-element_type=\"section\">\n\t\t\t\t\t\t<div class=\"elementor-container elementor-column-gap-default\">\n\t\t\t\t\t<div class=\"elementor-column elementor-col-100 elementor-top-column elementor-element elementor-element-20db9c8\" data-id=\"20db9c8\" data-element_type=\"column\">\n\t\t\t<div class=\"elementor-widget-wrap\">\n\t\t\t\t\t\t\t<\/div>\n\t\t<\/div>\n\t\t\t\t\t<\/div>\n\t\t<\/section>\n\t\t\t\t<section class=\"elementor-section elementor-top-section elementor-element elementor-element-cfa48ca elementor-section-boxed elementor-section-height-default elementor-section-height-default\" data-id=\"cfa48ca\" data-element_type=\"section\">\n\t\t\t\t\t\t<div class=\"elementor-container elementor-column-gap-default\">\n\t\t\t\t\t<div class=\"elementor-column elementor-col-100 elementor-top-column elementor-element elementor-element-f2c40bc\" data-id=\"f2c40bc\" data-element_type=\"column\">\n\t\t\t<div class=\"elementor-widget-wrap\">\n\t\t\t\t\t\t\t<\/div>\n\t\t<\/div>\n\t\t\t\t\t<\/div>\n\t\t<\/section>\n\t\t\t\t<\/div>\n\t\t","protected":false},"excerpt":{"rendered":"<p>A nova plataforma de projetos elaborada pelo Centro de Processamento de Dados, sob a coordena\u00e7\u00e3o da Pr\u00f3-Reitoria de Planejamento, contou com a colabora\u00e7\u00e3o dos Gabinetes de Projetos da UFSM, PRE, PRPGP, PROINOVA, PRA. A nova plataforma substitui o sistema de registros e avalia\u00e7\u00e3o de projetos do SIE atrav\u00e9s de sua plataforma Windows para a plataforma [&hellip;]<\/p>\n","protected":false},"author":195,"featured_media":0,"parent":0,"menu_order":0,"comment_status":"closed","ping_status":"closed","template":"","meta":{"footnotes":""},"categories":[],"tags":[],"class_list":["post-1373","page","type-page","status-publish","hentry"],"acf":[],"_links":{"self":[{"href":"https:\/\/www.ufsm.br\/pro-reitorias\/proplan\/wp-json\/wp\/v2\/pages\/1373","targetHints":{"allow":["GET"]}}],"collection":[{"href":"https:\/\/www.ufsm.br\/pro-reitorias\/proplan\/wp-json\/wp\/v2\/pages"}],"about":[{"href":"https:\/\/www.ufsm.br\/pro-reitorias\/proplan\/wp-json\/wp\/v2\/types\/page"}],"author":[{"embeddable":true,"href":"https:\/\/www.ufsm.br\/pro-reitorias\/proplan\/wp-json\/wp\/v2\/users\/195"}],"replies":[{"embeddable":true,"href":"https:\/\/www.ufsm.br\/pro-reitorias\/proplan\/wp-json\/wp\/v2\/comments?post=1373"}],"version-history":[{"count":0,"href":"https:\/\/www.ufsm.br\/pro-reitorias\/proplan\/wp-json\/wp\/v2\/pages\/1373\/revisions"}],"wp:attachment":[{"href":"https:\/\/www.ufsm.br\/pro-reitorias\/proplan\/wp-json\/wp\/v2\/media?parent=1373"}],"wp:term":[{"taxonomy":"category","embeddable":true,"href":"https:\/\/www.ufsm.br\/pro-reitorias\/proplan\/wp-json\/wp\/v2\/categories?post=1373"},{"taxonomy":"post_tag","embeddable":true,"href":"https:\/\/www.ufsm.br\/pro-reitorias\/proplan\/wp-json\/wp\/v2\/tags?post=1373"}],"curies":[{"name":"wp","href":"https:\/\/api.w.org\/{rel}","templated":true}]}}