{"id":1423,"date":"2018-08-22T11:24:27","date_gmt":"2018-08-22T14:24:27","guid":{"rendered":"https:\/\/www.ufsm.br\/pro-reitorias\/proplan\/?page_id=1423"},"modified":"2021-03-10T11:52:58","modified_gmt":"2021-03-10T14:52:58","slug":"unidade-de-comunicacao-integrada","status":"publish","type":"page","link":"https:\/\/www.ufsm.br\/pro-reitorias\/proplan\/unidade-de-comunicacao-integrada","title":{"rendered":"Unidade de Comunica\u00e7\u00e3o Integrada"},"content":{"rendered":"\t\t<div data-elementor-type=\"wp-post\" data-elementor-id=\"1423\" class=\"elementor elementor-1423\">\n\t\t\t\t\t\t<section class=\"elementor-section elementor-top-section elementor-element elementor-element-10b64cb1 elementor-section-boxed elementor-section-height-default elementor-section-height-default\" data-id=\"10b64cb1\" data-element_type=\"section\">\n\t\t\t\t\t\t<div class=\"elementor-container elementor-column-gap-default\">\n\t\t\t\t\t<div class=\"elementor-column elementor-col-100 elementor-top-column elementor-element elementor-element-5ecd0d\" data-id=\"5ecd0d\" data-element_type=\"column\">\n\t\t\t<div class=\"elementor-widget-wrap elementor-element-populated\">\n\t\t\t\t\t\t<div class=\"elementor-element elementor-element-62b8e373 elementor-widget elementor-widget-text-editor\" data-id=\"62b8e373\" data-element_type=\"widget\" data-widget_type=\"text-editor.default\">\n\t\t\t\t<div class=\"elementor-widget-container\">\n\t\t\t\t\t\t\t<p>A Unidade de Comunica\u00e7\u00e3o Integrada (Unicom) \u00e9 um \u00f3rg\u00e3o de apoio institucional vinculado \u00e0 Pr\u00f3-Reitoria de Planejamento. Foi institu\u00edda pela Resolu\u00e7\u00e3o n\u00ba 005\/2018, junto com a aprova\u00e7\u00e3o da <strong><a href=\"https:\/\/www.ufsm.br\/pro-reitorias\/proplan\/regulamento-da-politica-de-comunicacao-da-ufsm\/\">Pol\u00edtica de Comunica\u00e7\u00e3o da UFSM<\/a>.<\/strong><\/p><p>Tem como objetivo articular e acompanhar o Planejamento Estrat\u00e9gico de Comunica\u00e7\u00e3o da UFSM de forma integrada a todo o ecossistema de comunica\u00e7\u00e3o da Universidade. Desenvolve fun\u00e7\u00f5es de pesquisa, planejamento e assessoramento institucional diante de demandas comunicacionais e de relacionamento com os p\u00fablicos. Secundariamente, desenvolve coordena\u00e7\u00e3o e gest\u00e3o de projetos de comunica\u00e7\u00e3o.<\/p><p>Contato:<br \/>3220.8962<br \/>comunicacaointegrada@ufsm.br<\/p>\t\t\t\t\t\t<\/div>\n\t\t\t\t<\/div>\n\t\t\t\t\t<\/div>\n\t\t<\/div>\n\t\t\t\t\t<\/div>\n\t\t<\/section>\n\t\t\t\t<section class=\"elementor-section elementor-top-section elementor-element elementor-element-3189c2c elementor-section-boxed elementor-section-height-default elementor-section-height-default\" data-id=\"3189c2c\" data-element_type=\"section\">\n\t\t\t\t\t\t<div class=\"elementor-container elementor-column-gap-default\">\n\t\t\t\t\t<div class=\"elementor-column elementor-col-100 elementor-top-column elementor-element elementor-element-0e41694\" data-id=\"0e41694\" data-element_type=\"column\">\n\t\t\t<div class=\"elementor-widget-wrap elementor-element-populated\">\n\t\t\t\t\t\t<div class=\"elementor-element elementor-element-07c81e7 elementor-view-default elementor-position-top elementor-mobile-position-top elementor-widget elementor-widget-icon-box\" data-id=\"07c81e7\" data-element_type=\"widget\" data-widget_type=\"icon-box.default\">\n\t\t\t\t<div class=\"elementor-widget-container\">\n\t\t\t\t\t<div class=\"elementor-icon-box-wrapper\">\n\n\t\t\t\t\t\t<div class=\"elementor-icon-box-icon\">\n\t\t\t\t<a href=\"https:\/\/www.ufsm.br\/comunicacao\/politica-de-comunicacao-da-ufsm\/\" class=\"elementor-icon elementor-animation-\" tabindex=\"-1\">\n\t\t\t\t<i aria-hidden=\"true\" class=\"fas fa-file-alt\"><\/i>\t\t\t\t<\/a>\n\t\t\t<\/div>\n\t\t\t\n\t\t\t\t\t\t<div class=\"elementor-icon-box-content\">\n\n\t\t\t\t\t\t\t\t\t<h3 class=\"elementor-icon-box-title\">\n\t\t\t\t\t\t<a href=\"https:\/\/www.ufsm.br\/comunicacao\/politica-de-comunicacao-da-ufsm\/\" >\n\t\t\t\t\t\t\tPol\u00edtica de Comunica\u00e7\u00e3o da UFSM\t\t\t\t\t\t<\/a>\n\t\t\t\t\t<\/h3>\n\t\t\t\t\n\t\t\t\t\t\t\t\t\t<p class=\"elementor-icon-box-description\">\n\t\t\t\t\t\tMais informa\u00e7\u00f5es sobre o Comit\u00ea e a Pol\u00edtica de Comunica\u00e7\u00e3o da UFSM\t\t\t\t\t<\/p>\n\t\t\t\t\n\t\t\t<\/div>\n\t\t\t\n\t\t<\/div>\n\t\t\t\t<\/div>\n\t\t\t\t<\/div>\n\t\t\t\t\t<\/div>\n\t\t<\/div>\n\t\t\t\t\t<\/div>\n\t\t<\/section>\n\t\t\t\t<\/div>\n\t\t","protected":false},"excerpt":{"rendered":"<p>A Unidade de Comunica\u00e7\u00e3o Integrada (Unicom) \u00e9 um \u00f3rg\u00e3o de apoio institucional vinculado \u00e0 Pr\u00f3-Reitoria de Planejamento. Foi institu\u00edda pela Resolu\u00e7\u00e3o n\u00ba 005\/2018, junto com a aprova\u00e7\u00e3o da Pol\u00edtica de Comunica\u00e7\u00e3o da UFSM. Tem como objetivo articular e acompanhar o Planejamento Estrat\u00e9gico de Comunica\u00e7\u00e3o da UFSM de forma integrada a todo o ecossistema de comunica\u00e7\u00e3o [&hellip;]<\/p>\n","protected":false},"author":196,"featured_media":0,"parent":0,"menu_order":0,"comment_status":"closed","ping_status":"closed","template":"","meta":{"footnotes":""},"categories":[],"tags":[],"class_list":["post-1423","page","type-page","status-publish","hentry"],"acf":[],"_links":{"self":[{"href":"https:\/\/www.ufsm.br\/pro-reitorias\/proplan\/wp-json\/wp\/v2\/pages\/1423","targetHints":{"allow":["GET"]}}],"collection":[{"href":"https:\/\/www.ufsm.br\/pro-reitorias\/proplan\/wp-json\/wp\/v2\/pages"}],"about":[{"href":"https:\/\/www.ufsm.br\/pro-reitorias\/proplan\/wp-json\/wp\/v2\/types\/page"}],"author":[{"embeddable":true,"href":"https:\/\/www.ufsm.br\/pro-reitorias\/proplan\/wp-json\/wp\/v2\/users\/196"}],"replies":[{"embeddable":true,"href":"https:\/\/www.ufsm.br\/pro-reitorias\/proplan\/wp-json\/wp\/v2\/comments?post=1423"}],"version-history":[{"count":0,"href":"https:\/\/www.ufsm.br\/pro-reitorias\/proplan\/wp-json\/wp\/v2\/pages\/1423\/revisions"}],"wp:attachment":[{"href":"https:\/\/www.ufsm.br\/pro-reitorias\/proplan\/wp-json\/wp\/v2\/media?parent=1423"}],"wp:term":[{"taxonomy":"category","embeddable":true,"href":"https:\/\/www.ufsm.br\/pro-reitorias\/proplan\/wp-json\/wp\/v2\/categories?post=1423"},{"taxonomy":"post_tag","embeddable":true,"href":"https:\/\/www.ufsm.br\/pro-reitorias\/proplan\/wp-json\/wp\/v2\/tags?post=1423"}],"curies":[{"name":"wp","href":"https:\/\/api.w.org\/{rel}","templated":true}]}}