{"id":1432,"date":"2018-08-23T11:39:29","date_gmt":"2018-08-23T14:39:29","guid":{"rendered":"https:\/\/www.ufsm.br\/pro-reitorias\/proplan\/?page_id=1432"},"modified":"2022-01-17T11:08:30","modified_gmt":"2022-01-17T14:08:30","slug":"censo-de-educacao-superior","status":"publish","type":"page","link":"https:\/\/www.ufsm.br\/pro-reitorias\/proplan\/censo-de-educacao-superior","title":{"rendered":"Censo de Educa\u00e7\u00e3o Superior"},"content":{"rendered":"\t\t<div data-elementor-type=\"wp-page\" data-elementor-id=\"1432\" class=\"elementor elementor-1432\">\n\t\t\t\t\t\t<section class=\"elementor-section elementor-top-section elementor-element elementor-element-1fe91e47 elementor-section-boxed elementor-section-height-default elementor-section-height-default\" data-id=\"1fe91e47\" data-element_type=\"section\">\n\t\t\t\t\t\t<div class=\"elementor-container elementor-column-gap-default\">\n\t\t\t\t\t<div class=\"elementor-column elementor-col-100 elementor-top-column elementor-element elementor-element-578d7f3\" data-id=\"578d7f3\" data-element_type=\"column\">\n\t\t\t<div class=\"elementor-widget-wrap elementor-element-populated\">\n\t\t\t\t\t\t<div class=\"elementor-element elementor-element-6f292160 elementor-widget elementor-widget-text-editor\" data-id=\"6f292160\" data-element_type=\"widget\" data-widget_type=\"text-editor.default\">\n\t\t\t\t<div class=\"elementor-widget-container\">\n\t\t\t\t\t\t\t<h2><\/h2>\n<p>&nbsp;<\/p>\n<h2><span style=\"font-size: 14pt\">O que \u00e9 o Censo da Educa\u00e7\u00e3o Superior<\/span><\/h2>\n<p>&nbsp;<\/p>\n<p>O <span style=\"color: #0000ff\"><a style=\"color: #0000ff\" href=\"http:\/\/inep.gov.br\/censo-da-educacao-superior\">Censo da Educa\u00e7\u00e3o Superior<\/a>,<\/span> realizado anualmente pelo Inep, \u00e9 o instrumento de pesquisa sobre as institui\u00e7\u00f5es de educa\u00e7\u00e3o superior (IES) que ofertam cursos de gradua\u00e7\u00e3o e sequencias de forma\u00e7\u00e3o espec\u00edfica, al\u00e9m de seus alunos e docentes. Essa coleta tem como objetivo de oferecer \u00e0 comunidade acad\u00eamica e \u00e0 sociedade em geral informa\u00e7\u00f5es detalhadas sobre a situa\u00e7\u00e3o e as grandes tend\u00eancias do setor.<\/p>\n<p>Os dados s\u00e3o coletados a partir do preenchimento dos question\u00e1rios, por parte das Institui\u00e7\u00f5es de Ensino Superior (IES) e por importa\u00e7\u00e3o de dados do Sistema e-MEC.&nbsp;Os dados coletados s\u00e3o:&nbsp;ingressos, matr\u00edculas, concluintes, vagas, dados de financiamento estudantil, recursos de tecnologia assistiva dispon\u00edveis \u00e0s pessoas com defici\u00eancia, entre outros.<\/p>\n<p>Os Recenseadores institucionais (RIs) s\u00e3o os respons\u00e1veis pelo preenchimento do question\u00e1rio e podem fazer, a qualquer momento, altera\u00e7\u00f5es ou inclus\u00f5es necess\u00e1rias nos dados das respectivas institui\u00e7\u00f5es. Ap\u00f3s esse per\u00edodo, o Inep verifica a consist\u00eancia das informa\u00e7\u00f5es coletadas. O sistema do Censo \u00e9 ent\u00e3o reaberto para confer\u00eancia e valida\u00e7\u00e3o dos dados pelas IES.<\/p>\n<p>Passado esse per\u00edodo de valida\u00e7\u00e3o ou corre\u00e7\u00e3o das informa\u00e7\u00f5es prestadas pelas IES, o Inep realiza rotinas de an\u00e1lise na base de dados do Censo para conferir as informa\u00e7\u00f5es. Ap\u00f3s essa fase de confer\u00eancia, em colabora\u00e7\u00e3o com os pesquisadores institucionais, o Censo \u00e9 finalizado. Os dados s\u00e3o divulgados e a&nbsp;<span style=\"color: #0000ff\"><a style=\"color: #0000ff\" href=\"http:\/\/portal.inep.gov.br\/web\/guest\/sinopses-estatisticas\" target=\"_top\">Sinopse Estat\u00edsticas<\/a><\/span>&nbsp;\u00e9 publicada. Depois disso n\u00e3o pode mais haver altera\u00e7\u00e3o nas informa\u00e7\u00f5es, pois passam a ser estat\u00edsticas oficiais.<\/p>\n<p>O Censo ainda subsidia o planejamento e a avalia\u00e7\u00e3o de pol\u00edticas p\u00fablicas, al\u00e9m de contribuir no c\u00e1lculo de indicadores de qualidade como o <span style=\"color: #0000ff\"><a style=\"color: #0000ff\" href=\"http:\/\/portal.inep.gov.br\/conceito-preliminar-de-curso-cpc-\">C\u00e1lculo Preliminar de Curso (CPC)<\/a><\/span> e <span style=\"color: #0000ff\"><a style=\"color: #0000ff\" href=\"http:\/\/inep.gov.br\/indice-geral-de-cursos-igc-\">\u00cdndice Geral de Cursos (IGC)<\/a>.<\/span><\/p>\n<p>&nbsp;<\/p>\t\t\t\t\t\t<\/div>\n\t\t\t\t<\/div>\n\t\t\t\t\t<\/div>\n\t\t<\/div>\n\t\t\t\t\t<\/div>\n\t\t<\/section>\n\t\t\t\t<\/div>\n\t\t","protected":false},"excerpt":{"rendered":"<p>&nbsp; O que \u00e9 o Censo da Educa\u00e7\u00e3o Superior &nbsp; O Censo da Educa\u00e7\u00e3o Superior, realizado anualmente pelo Inep, \u00e9 o instrumento de pesquisa sobre as institui\u00e7\u00f5es de educa\u00e7\u00e3o superior (IES) que ofertam cursos de gradua\u00e7\u00e3o e sequencias de forma\u00e7\u00e3o espec\u00edfica, al\u00e9m de seus alunos e docentes. Essa coleta tem como objetivo de oferecer \u00e0 [&hellip;]<\/p>\n","protected":false},"author":196,"featured_media":0,"parent":0,"menu_order":0,"comment_status":"closed","ping_status":"closed","template":"","meta":{"footnotes":""},"categories":[],"tags":[],"class_list":["post-1432","page","type-page","status-publish","hentry"],"acf":[],"_links":{"self":[{"href":"https:\/\/www.ufsm.br\/pro-reitorias\/proplan\/wp-json\/wp\/v2\/pages\/1432","targetHints":{"allow":["GET"]}}],"collection":[{"href":"https:\/\/www.ufsm.br\/pro-reitorias\/proplan\/wp-json\/wp\/v2\/pages"}],"about":[{"href":"https:\/\/www.ufsm.br\/pro-reitorias\/proplan\/wp-json\/wp\/v2\/types\/page"}],"author":[{"embeddable":true,"href":"https:\/\/www.ufsm.br\/pro-reitorias\/proplan\/wp-json\/wp\/v2\/users\/196"}],"replies":[{"embeddable":true,"href":"https:\/\/www.ufsm.br\/pro-reitorias\/proplan\/wp-json\/wp\/v2\/comments?post=1432"}],"version-history":[{"count":0,"href":"https:\/\/www.ufsm.br\/pro-reitorias\/proplan\/wp-json\/wp\/v2\/pages\/1432\/revisions"}],"wp:attachment":[{"href":"https:\/\/www.ufsm.br\/pro-reitorias\/proplan\/wp-json\/wp\/v2\/media?parent=1432"}],"wp:term":[{"taxonomy":"category","embeddable":true,"href":"https:\/\/www.ufsm.br\/pro-reitorias\/proplan\/wp-json\/wp\/v2\/categories?post=1432"},{"taxonomy":"post_tag","embeddable":true,"href":"https:\/\/www.ufsm.br\/pro-reitorias\/proplan\/wp-json\/wp\/v2\/tags?post=1432"}],"curies":[{"name":"wp","href":"https:\/\/api.w.org\/{rel}","templated":true}]}}