{"id":1525,"date":"2018-08-29T10:54:53","date_gmt":"2018-08-29T13:54:53","guid":{"rendered":"https:\/\/www.ufsm.br\/pro-reitorias\/proplan\/?page_id=1525"},"modified":"2018-08-29T10:54:54","modified_gmt":"2018-08-29T13:54:54","slug":"lei-de-acesso-a-informacao-e-e-sic","status":"publish","type":"page","link":"https:\/\/www.ufsm.br\/pro-reitorias\/proplan\/lei-de-acesso-a-informacao-e-e-sic","title":{"rendered":"Lei de Acesso \u00e0 Informa\u00e7\u00e3o e E-SIC"},"content":{"rendered":"<p class=\" \">A\u00a0<span style=\"color: #0000ff\"><a style=\"color: #0000ff\" title=\"Lei de Acesso \u00e0 Informa\u00e7\u00e3o\" href=\"http:\/\/www.planalto.gov.br\/ccivil_03\/_ato2011-2014\/2011\/lei\/l12527.htm\" target=\"_blank\" rel=\"noopener\">Lei n\u00ba 12.527\/2011<\/a><\/span>\u00a0regulamenta o direito constitucional de\u00a0acesso\u00a0\u00e0s\u00a0informa\u00e7\u00f5es p\u00fablicas. Essa norma entrou em vigor em 16 de maio de 2012 e criou mecanismos que possibilitam, a qualquer pessoa, f\u00edsica ou jur\u00eddica, sem necessidade de apresentar motivo, o recebimento de informa\u00e7\u00f5es p\u00fablicas dos \u00f3rg\u00e3os e entidades.<\/p>\n<p class=\"Artigo\">Conforme o Art. 3\u00ba\u00a0 os procedimentos previstos nesta Lei destinam-se a assegurar o direito fundamental de acesso \u00e0 informa\u00e7\u00e3o e devem ser executados em conformidade com os princ\u00edpios b\u00e1sicos da administra\u00e7\u00e3o p\u00fablica e com as seguintes diretrizes:<\/p>\n<p class=\"Artigo\">I &#8211; observ\u00e2ncia da publicidade como preceito geral e do sigilo como exce\u00e7\u00e3o;<\/p>\n<p class=\"Artigo\">II &#8211; divulga\u00e7\u00e3o de informa\u00e7\u00f5es de interesse p\u00fablico, independentemente de solicita\u00e7\u00f5es;<\/p>\n<p class=\"Artigo\">III &#8211; utiliza\u00e7\u00e3o de meios de comunica\u00e7\u00e3o viabilizados pela tecnologia da informa\u00e7\u00e3o;<\/p>\n<p class=\"Artigo\">IV &#8211; fomento ao desenvolvimento da cultura de transpar\u00eancia na administra\u00e7\u00e3o p\u00fablica;<\/p>\n<p class=\"Artigo\">V &#8211; desenvolvimento do controle social da administra\u00e7\u00e3o p\u00fablica.<\/p>\n<p>&nbsp;<\/p>\n<p>Conhe\u00e7a os\u00a0<span style=\"color: #0000ff\"><a class=\"internal-link\" style=\"color: #0000ff\" title=\"\" href=\"http:\/\/www.acessoainformacao.gov.br\/assuntos\/conheca-seu-direito\/principais-aspectos\/principais-aspectos\" target=\"_self\">principais aspectos da LAI.<\/a><\/span><\/p>\n<p><span style=\"color: #0000ff\"><a class=\"internal-link\" style=\"color: #0000ff\" title=\"\" href=\"http:\/\/www.acessoainformacao.gov.br\/assuntos\/conheca-seu-direito\/a-lei-de-acesso-a-informacao\/mapa-da-lai\" target=\"_self\">Mapa da Lei de Acesso \u00e0 Informa\u00e7\u00e3o<\/a><\/span><\/p>\n<p>No Governo Federal, a Lei de Acesso \u00e0 Informa\u00e7\u00e3o foi regulamentada pelo\u00a0<span style=\"color: #0000ff\"><a style=\"color: #0000ff\" href=\"http:\/\/www.planalto.gov.br\/ccivil_03\/_ato2011-2014\/2012\/Decreto\/D7724.htm\" target=\"_blank\" rel=\"noopener\">Decreto n. 7.724\/2012.<\/a><\/span><br \/>\n<a class=\"internal-link\" title=\"\" href=\"http:\/\/www.acessoainformacao.gov.br\/assuntos\/conheca-seu-direito\/a-lei-de-acesso-a-informacao\/mapa-do-decreto-no-7.724\" target=\"_self\"><span style=\"color: #0000ff\">Mapa do Decreto n.\u00a0 7.724\/2012.<\/span><\/a><\/p>\n","protected":false},"excerpt":{"rendered":"<p>A\u00a0Lei n\u00ba 12.527\/2011\u00a0regulamenta o direito constitucional de\u00a0acesso\u00a0\u00e0s\u00a0informa\u00e7\u00f5es p\u00fablicas. Essa norma entrou em vigor em 16 de maio de 2012 e criou mecanismos que possibilitam, a qualquer pessoa, f\u00edsica ou jur\u00eddica, sem necessidade de apresentar motivo, o recebimento de informa\u00e7\u00f5es p\u00fablicas dos \u00f3rg\u00e3os e entidades. Conforme o Art. 3\u00ba\u00a0 os procedimentos previstos nesta Lei destinam-se a [&hellip;]<\/p>\n","protected":false},"author":196,"featured_media":0,"parent":0,"menu_order":0,"comment_status":"closed","ping_status":"closed","template":"","meta":{"footnotes":""},"categories":[],"tags":[],"class_list":["post-1525","page","type-page","status-publish","hentry"],"acf":[],"_links":{"self":[{"href":"https:\/\/www.ufsm.br\/pro-reitorias\/proplan\/wp-json\/wp\/v2\/pages\/1525","targetHints":{"allow":["GET"]}}],"collection":[{"href":"https:\/\/www.ufsm.br\/pro-reitorias\/proplan\/wp-json\/wp\/v2\/pages"}],"about":[{"href":"https:\/\/www.ufsm.br\/pro-reitorias\/proplan\/wp-json\/wp\/v2\/types\/page"}],"author":[{"embeddable":true,"href":"https:\/\/www.ufsm.br\/pro-reitorias\/proplan\/wp-json\/wp\/v2\/users\/196"}],"replies":[{"embeddable":true,"href":"https:\/\/www.ufsm.br\/pro-reitorias\/proplan\/wp-json\/wp\/v2\/comments?post=1525"}],"version-history":[{"count":0,"href":"https:\/\/www.ufsm.br\/pro-reitorias\/proplan\/wp-json\/wp\/v2\/pages\/1525\/revisions"}],"wp:attachment":[{"href":"https:\/\/www.ufsm.br\/pro-reitorias\/proplan\/wp-json\/wp\/v2\/media?parent=1525"}],"wp:term":[{"taxonomy":"category","embeddable":true,"href":"https:\/\/www.ufsm.br\/pro-reitorias\/proplan\/wp-json\/wp\/v2\/categories?post=1525"},{"taxonomy":"post_tag","embeddable":true,"href":"https:\/\/www.ufsm.br\/pro-reitorias\/proplan\/wp-json\/wp\/v2\/tags?post=1525"}],"curies":[{"name":"wp","href":"https:\/\/api.w.org\/{rel}","templated":true}]}}