{"id":2132,"date":"2019-04-12T09:51:26","date_gmt":"2019-04-12T12:51:26","guid":{"rendered":"https:\/\/www.ufsm.br\/pro-reitorias\/proplan\/?page_id=2132"},"modified":"2019-04-12T09:51:28","modified_gmt":"2019-04-12T12:51:28","slug":"documentos-e-certidoes-relacionados-a-convenios","status":"publish","type":"page","link":"https:\/\/www.ufsm.br\/pro-reitorias\/proplan\/documentos-e-certidoes-relacionados-a-convenios","title":{"rendered":"Documentos e Certid\u00f5es Relacionados a Conv\u00eanios"},"content":{"rendered":"\n<ul>\n<li>Ato de Funda\u00e7\u00e3o da UFSM<\/li>\n<li>Estatuto UFSM<\/li>\n<li>Regimento UFSM<\/li>\n<li>Estatuto UFSM<\/li>\n<li>CNPJ<\/li>\n<li>Inscri\u00e7\u00e3o Estadual<\/li>\n<li>Inscri\u00e7\u00e3o Municipal<\/li>\n<li>Portarias Internas<\/li>\n<\/ul>\n","protected":false},"excerpt":{"rendered":"<p>Ato de Funda\u00e7\u00e3o da UFSM Estatuto UFSM Regimento UFSM Estatuto UFSM CNPJ Inscri\u00e7\u00e3o Estadual Inscri\u00e7\u00e3o Municipal Portarias Internas<\/p>\n","protected":false},"author":704,"featured_media":0,"parent":0,"menu_order":0,"comment_status":"closed","ping_status":"closed","template":"","meta":{"footnotes":""},"categories":[],"tags":[],"class_list":["post-2132","page","type-page","status-publish","hentry"],"acf":[],"_links":{"self":[{"href":"https:\/\/www.ufsm.br\/pro-reitorias\/proplan\/wp-json\/wp\/v2\/pages\/2132","targetHints":{"allow":["GET"]}}],"collection":[{"href":"https:\/\/www.ufsm.br\/pro-reitorias\/proplan\/wp-json\/wp\/v2\/pages"}],"about":[{"href":"https:\/\/www.ufsm.br\/pro-reitorias\/proplan\/wp-json\/wp\/v2\/types\/page"}],"author":[{"embeddable":true,"href":"https:\/\/www.ufsm.br\/pro-reitorias\/proplan\/wp-json\/wp\/v2\/users\/704"}],"replies":[{"embeddable":true,"href":"https:\/\/www.ufsm.br\/pro-reitorias\/proplan\/wp-json\/wp\/v2\/comments?post=2132"}],"version-history":[{"count":0,"href":"https:\/\/www.ufsm.br\/pro-reitorias\/proplan\/wp-json\/wp\/v2\/pages\/2132\/revisions"}],"wp:attachment":[{"href":"https:\/\/www.ufsm.br\/pro-reitorias\/proplan\/wp-json\/wp\/v2\/media?parent=2132"}],"wp:term":[{"taxonomy":"category","embeddable":true,"href":"https:\/\/www.ufsm.br\/pro-reitorias\/proplan\/wp-json\/wp\/v2\/categories?post=2132"},{"taxonomy":"post_tag","embeddable":true,"href":"https:\/\/www.ufsm.br\/pro-reitorias\/proplan\/wp-json\/wp\/v2\/tags?post=2132"}],"curies":[{"name":"wp","href":"https:\/\/api.w.org\/{rel}","templated":true}]}}