{"id":2185,"date":"2019-04-29T14:05:19","date_gmt":"2019-04-29T17:05:19","guid":{"rendered":"https:\/\/www.ufsm.br\/pro-reitorias\/proplan\/?page_id=2185"},"modified":"2026-03-30T11:31:08","modified_gmt":"2026-03-30T14:31:08","slug":"modernizacao-reitoria","status":"publish","type":"page","link":"https:\/\/www.ufsm.br\/pro-reitorias\/proplan\/modernizacao-reitoria","title":{"rendered":"ARQUITETURA ORGANIZACIONAL"},"content":{"rendered":"\t\t<div data-elementor-type=\"wp-post\" data-elementor-id=\"2185\" class=\"elementor elementor-2185\">\n\t\t\t\t\t\t<section class=\"elementor-section elementor-top-section elementor-element elementor-element-b68055a elementor-section-boxed elementor-section-height-default elementor-section-height-default\" data-id=\"b68055a\" data-element_type=\"section\">\n\t\t\t\t\t\t<div class=\"elementor-container elementor-column-gap-default\">\n\t\t\t\t\t<div class=\"elementor-column elementor-col-100 elementor-top-column elementor-element elementor-element-b356d3e\" data-id=\"b356d3e\" data-element_type=\"column\">\n\t\t\t<div class=\"elementor-widget-wrap elementor-element-populated\">\n\t\t\t\t\t\t<div class=\"elementor-element elementor-element-9bd7833 elementor-widget elementor-widget-text-editor\" data-id=\"9bd7833\" data-element_type=\"widget\" data-widget_type=\"text-editor.default\">\n\t\t\t\t<div class=\"elementor-widget-container\">\n\t\t\t\t\t\t\t<p>Uma arquitetura organizacional adequada e coerente \u00e9 aquela que permite alinhar a estrat\u00e9gia (ou conjunto de prop\u00f3sitos e resultados visados) a seus elementos essenciais: estrutura (arranjo hier\u00e1rquico e relacional de unidades organizacionais), processos (conjuntos estruturados de a\u00e7\u00f5es que geram produtos\/servi\u00e7os), quadros (conjunto de pessoas que, com suas compet\u00eancias, atuam nos processos) e sistemas informacionais (conjunto de dados, informa\u00e7\u00f5es e recursos informacionais de software e hardware).<\/p><h6>Crit\u00e9rios de Departamentaliza\u00e7\u00e3o:<\/h6><p>A departamentaliza\u00e7\u00e3o na UFSM dever\u00e1 seguir, em ordem de prioridade, os seguintes crit\u00e9rios:<\/p><ul><li>Integra\u00e7\u00e3o: quanto mais as atividades trabalham integradas, maior raz\u00e3o ha\u0301 para ficarem no mesmo departamento. Neste sentido, processos e atividades com alto grau de integra\u00e7\u00e3o, interdepend\u00eancia ou semelhan\u00e7a, devem preferencialmente ficar no mesmo departamento. Desta forma a divis\u00e3o do trabalho entre as equipes proporciona o aprendizado organizacional, maior integra\u00e7\u00e3o, compartilhamento de solu\u00e7\u00f5es e atividades, bem como a melhor coordena\u00e7\u00e3o de processos correlatos.<\/li><li>Diferencia\u00e7\u00e3o: de regra as atividades diferentes quanto a natureza devem ficar em departamentos separados. De outra forma a necessidade de separa\u00e7\u00e3o ou divis\u00e3o de atividades pode ocorrer de acordo com os diversos tipos departamentaliza\u00e7\u00e3o vertical ou horizontal, de acordo com os tipos de departamentaliza\u00e7\u00e3o especificados no Manual.<\/li><\/ul>\t\t\t\t\t\t<\/div>\n\t\t\t\t<\/div>\n\t\t\t\t\t<\/div>\n\t\t<\/div>\n\t\t\t\t\t<\/div>\n\t\t<\/section>\n\t\t\t\t<section class=\"elementor-section elementor-top-section elementor-element elementor-element-5da6cfc elementor-section-boxed elementor-section-height-default elementor-section-height-default\" data-id=\"5da6cfc\" data-element_type=\"section\">\n\t\t\t\t\t\t<div class=\"elementor-container elementor-column-gap-default\">\n\t\t\t\t\t<div class=\"elementor-column elementor-col-100 elementor-top-column elementor-element elementor-element-2012622\" data-id=\"2012622\" data-element_type=\"column\">\n\t\t\t<div class=\"elementor-widget-wrap elementor-element-populated\">\n\t\t\t\t\t\t<div class=\"elementor-element elementor-element-958645d elementor-widget elementor-widget-heading\" data-id=\"958645d\" data-element_type=\"widget\" data-widget_type=\"heading.default\">\n\t\t\t\t<div class=\"elementor-widget-container\">\n\t\t\t<h6 class=\"elementor-heading-title elementor-size-default\">1\u00aa ETAPA - DETALHAMENTO<\/h6>\t\t<\/div>\n\t\t\t\t<\/div>\n\t\t\t\t\t<\/div>\n\t\t<\/div>\n\t\t\t\t\t<\/div>\n\t\t<\/section>\n\t\t\t\t<section class=\"elementor-section elementor-top-section elementor-element elementor-element-cb6fba6 elementor-section-boxed elementor-section-height-default elementor-section-height-default\" data-id=\"cb6fba6\" data-element_type=\"section\">\n\t\t\t\t\t\t<div class=\"elementor-container elementor-column-gap-default\">\n\t\t\t\t\t<div class=\"elementor-column elementor-col-100 elementor-top-column elementor-element elementor-element-b2733fb\" data-id=\"b2733fb\" data-element_type=\"column\">\n\t\t\t<div class=\"elementor-widget-wrap elementor-element-populated\">\n\t\t\t\t\t\t<div class=\"elementor-element elementor-element-a5fb1fb elementor-widget elementor-widget-text-editor\" data-id=\"a5fb1fb\" data-element_type=\"widget\" data-widget_type=\"text-editor.default\">\n\t\t\t\t<div class=\"elementor-widget-container\">\n\t\t\t\t\t\t\t<p>Para as pr\u00f3ximas reuni\u00f5es as unidades devem responder as seguintes quest\u00f5es:<\/p><ul><li>Quais s\u00e3o as compet\u00eancias (objetivos) da unidade? Aquelas descritas e n\u00e3o descritas no <a href=\"https:\/\/www.ufsm.br\/documentos-oficiais\/\" target=\"_blank\" rel=\"noopener\">Regimento Interno<\/a>\u00a0e aquelas identificadas no CANVAS.<\/li><li>Quais s\u00e3o os objetivos do <a href=\"http:\/\/pdi.ufsm.br\/\" target=\"_blank\" rel=\"noopener\">PDI<\/a> e <a href=\"https:\/\/www.ufsm.br\/reitoria\/gabinete-do-reitor\/documentos\/plano-de-gestao\/\" target=\"_blank\" rel=\"noopener\">Plano de Gest\u00e3o<\/a> que devem ser atendidos pela unidade? Quais s\u00e3o hoje atendidos e quais n\u00e3o s\u00e3o.<\/li><li>Quais s\u00e3o as atividades desenvolvidas na unidade? Destas quais est\u00e3o e quais n\u00e3o est\u00e3o alinhadas \u00e0 compet\u00eancia da unidade? Quais deveriam ser executadas de acordo com as compet\u00eancias da unidade? Quais n\u00e3o deveriam ser executadas de acordo com as compet\u00eancias da unidade?<\/li><\/ul><p>Para auxiliar nesta fase sugerimos consulta ao banco de dados de atividades\/processos dispon\u00edvel no link abaixo:<\/p>\t\t\t\t\t\t<\/div>\n\t\t\t\t<\/div>\n\t\t\t\t\t<\/div>\n\t\t<\/div>\n\t\t\t\t\t<\/div>\n\t\t<\/section>\n\t\t\t\t<section class=\"elementor-section elementor-top-section elementor-element elementor-element-7875b5d elementor-section-boxed elementor-section-height-default elementor-section-height-default\" data-id=\"7875b5d\" data-element_type=\"section\">\n\t\t\t\t\t\t<div class=\"elementor-container elementor-column-gap-default\">\n\t\t\t\t\t<div class=\"elementor-column elementor-col-100 elementor-top-column elementor-element elementor-element-2de1be3\" data-id=\"2de1be3\" data-element_type=\"column\">\n\t\t\t<div class=\"elementor-widget-wrap elementor-element-populated\">\n\t\t\t\t\t\t<div class=\"elementor-element elementor-element-8d4953b elementor-view-default elementor-position-top elementor-mobile-position-top elementor-widget elementor-widget-icon-box\" data-id=\"8d4953b\" data-element_type=\"widget\" data-widget_type=\"icon-box.default\">\n\t\t\t\t<div class=\"elementor-widget-container\">\n\t\t\t\t\t<div class=\"elementor-icon-box-wrapper\">\n\n\t\t\t\t\t\t<div class=\"elementor-icon-box-icon\">\n\t\t\t\t<a href=\"https:\/\/app.powerbi.com\/view?r=eyJrIjoiMmUxZTE0MTgtMjRkZS00ODU4LWFjZTgtMTRiZWZiZTFjY2NlIiwidCI6Ijk3OTAyMGQ1LTQ5NTAtNGY0My1hOTk0LTg4ZDY4M2VhYjQ3MyJ9\" target=\"_blank\" class=\"elementor-icon elementor-animation-\" tabindex=\"-1\">\n\t\t\t\t<i class=\"fa fa-list\" aria-hidden=\"true\"><\/i>\t\t\t\t<\/a>\n\t\t\t<\/div>\n\t\t\t\n\t\t\t\t\t\t<div class=\"elementor-icon-box-content\">\n\n\t\t\t\t\t\t\t\t\t<h3 class=\"elementor-icon-box-title\">\n\t\t\t\t\t\t<a href=\"https:\/\/app.powerbi.com\/view?r=eyJrIjoiMmUxZTE0MTgtMjRkZS00ODU4LWFjZTgtMTRiZWZiZTFjY2NlIiwidCI6Ijk3OTAyMGQ1LTQ5NTAtNGY0My1hOTk0LTg4ZDY4M2VhYjQ3MyJ9\" target=\"_blank\" >\n\t\t\t\t\t\t\tPlanilha atividades\/processos\t\t\t\t\t\t<\/a>\n\t\t\t\t\t<\/h3>\n\t\t\t\t\n\t\t\t\t\n\t\t\t<\/div>\n\t\t\t\n\t\t<\/div>\n\t\t\t\t<\/div>\n\t\t\t\t<\/div>\n\t\t\t\t\t<\/div>\n\t\t<\/div>\n\t\t\t\t\t<\/div>\n\t\t<\/section>\n\t\t\t\t<section class=\"elementor-section elementor-top-section elementor-element elementor-element-3c7be5e elementor-section-boxed elementor-section-height-default elementor-section-height-default\" data-id=\"3c7be5e\" data-element_type=\"section\">\n\t\t\t\t\t\t<div class=\"elementor-container elementor-column-gap-default\">\n\t\t\t\t\t<div class=\"elementor-column elementor-col-100 elementor-top-column elementor-element elementor-element-a899fc5\" data-id=\"a899fc5\" data-element_type=\"column\">\n\t\t\t<div class=\"elementor-widget-wrap elementor-element-populated\">\n\t\t\t\t\t\t<div class=\"elementor-element elementor-element-a994c07 elementor-widget elementor-widget-text-editor\" data-id=\"a994c07\" data-element_type=\"widget\" data-widget_type=\"text-editor.default\">\n\t\t\t\t<div class=\"elementor-widget-container\">\n\t\t\t\t\t\t\t<p>Ou solicite a planilha em excel com o detalhamento das tarefas\/processos e\/ou o CANVAS de sua unidade ao email: <a href=\"mailto:modernizacao@ufsm.br\" target=\"_blank\" rel=\"noopener\">modernizacao@ufsm.br<\/a>.<\/p><p>\u00a0<\/p><p>As reuni\u00f5es devem ser agendadas atrav\u00e9s do link abaixo:<\/p>\t\t\t\t\t\t<\/div>\n\t\t\t\t<\/div>\n\t\t\t\t\t<\/div>\n\t\t<\/div>\n\t\t\t\t\t<\/div>\n\t\t<\/section>\n\t\t\t\t<section class=\"elementor-section elementor-top-section elementor-element elementor-element-f020bde elementor-section-boxed elementor-section-height-default elementor-section-height-default\" data-id=\"f020bde\" data-element_type=\"section\">\n\t\t\t\t\t\t<div class=\"elementor-container elementor-column-gap-default\">\n\t\t\t\t\t<div class=\"elementor-column elementor-col-100 elementor-top-column elementor-element elementor-element-93694b9\" data-id=\"93694b9\" data-element_type=\"column\">\n\t\t\t<div class=\"elementor-widget-wrap elementor-element-populated\">\n\t\t\t\t\t\t<div class=\"elementor-element elementor-element-199b88f elementor-view-default elementor-position-top elementor-mobile-position-top elementor-widget elementor-widget-icon-box\" data-id=\"199b88f\" data-element_type=\"widget\" data-widget_type=\"icon-box.default\">\n\t\t\t\t<div class=\"elementor-widget-container\">\n\t\t\t\t\t<div class=\"elementor-icon-box-wrapper\">\n\n\t\t\t\t\t\t<div class=\"elementor-icon-box-icon\">\n\t\t\t\t<a href=\"https:\/\/doodle.com\/poll\/dau4myvpisw5vgth\" target=\"_blank\" class=\"elementor-icon elementor-animation-\" tabindex=\"-1\">\n\t\t\t\t<i class=\"ufsm ufsm-agendamento\" aria-hidden=\"true\"><\/i>\t\t\t\t<\/a>\n\t\t\t<\/div>\n\t\t\t\n\t\t\t\t\t\t<div class=\"elementor-icon-box-content\">\n\n\t\t\t\t\t\t\t\t\t<h3 class=\"elementor-icon-box-title\">\n\t\t\t\t\t\t<a href=\"https:\/\/doodle.com\/poll\/dau4myvpisw5vgth\" target=\"_blank\" >\n\t\t\t\t\t\t\tAgendamento reuni\u00f5es - clique aqui\t\t\t\t\t\t<\/a>\n\t\t\t\t\t<\/h3>\n\t\t\t\t\n\t\t\t\t\n\t\t\t<\/div>\n\t\t\t\n\t\t<\/div>\n\t\t\t\t<\/div>\n\t\t\t\t<\/div>\n\t\t\t\t\t<\/div>\n\t\t<\/div>\n\t\t\t\t\t<\/div>\n\t\t<\/section>\n\t\t\t\t<section class=\"elementor-section elementor-top-section elementor-element elementor-element-fa15499 elementor-section-boxed elementor-section-height-default elementor-section-height-default\" data-id=\"fa15499\" data-element_type=\"section\">\n\t\t\t\t\t\t<div class=\"elementor-container elementor-column-gap-default\">\n\t\t\t\t\t<div class=\"elementor-column elementor-col-100 elementor-top-column elementor-element elementor-element-ab45478\" data-id=\"ab45478\" data-element_type=\"column\">\n\t\t\t<div class=\"elementor-widget-wrap elementor-element-populated\">\n\t\t\t\t\t\t<div class=\"elementor-element elementor-element-87f14fa elementor-widget elementor-widget-heading\" data-id=\"87f14fa\" data-element_type=\"widget\" data-widget_type=\"heading.default\">\n\t\t\t\t<div class=\"elementor-widget-container\">\n\t\t\t<h6 class=\"elementor-heading-title elementor-size-default\">Material de Apoio<\/h6>\t\t<\/div>\n\t\t\t\t<\/div>\n\t\t\t\t\t<\/div>\n\t\t<\/div>\n\t\t\t\t\t<\/div>\n\t\t<\/section>\n\t\t\t\t<section class=\"elementor-section elementor-top-section elementor-element elementor-element-6ea8d2b elementor-section-boxed elementor-section-height-default elementor-section-height-default\" data-id=\"6ea8d2b\" data-element_type=\"section\">\n\t\t\t\t\t\t<div class=\"elementor-container elementor-column-gap-default\">\n\t\t\t\t\t<div class=\"elementor-column elementor-col-50 elementor-top-column elementor-element elementor-element-68cd5fd\" data-id=\"68cd5fd\" data-element_type=\"column\">\n\t\t\t<div class=\"elementor-widget-wrap elementor-element-populated\">\n\t\t\t\t\t\t<div class=\"elementor-element elementor-element-ce3249f elementor-view-default elementor-position-top elementor-mobile-position-top elementor-widget elementor-widget-icon-box\" data-id=\"ce3249f\" data-element_type=\"widget\" data-widget_type=\"icon-box.default\">\n\t\t\t\t<div class=\"elementor-widget-container\">\n\t\t\t\t\t<div class=\"elementor-icon-box-wrapper\">\n\n\t\t\t\t\t\t<div class=\"elementor-icon-box-icon\">\n\t\t\t\t<a href=\"https:\/\/www.ufsm.br\/pro-reitorias\/proplan\/wp-content\/uploads\/sites\/344\/2019\/05\/Apresenta\u00e7\u00e3o-Metodologia-Reestrutura\u00e7\u00e3o.pdf\" target=\"_blank\" class=\"elementor-icon elementor-animation-\" tabindex=\"-1\">\n\t\t\t\t<i class=\"fa fa-file-powerpoint-o\" aria-hidden=\"true\"><\/i>\t\t\t\t<\/a>\n\t\t\t<\/div>\n\t\t\t\n\t\t\t\t\t\t<div class=\"elementor-icon-box-content\">\n\n\t\t\t\t\t\t\t\t\t<h3 class=\"elementor-icon-box-title\">\n\t\t\t\t\t\t<a href=\"https:\/\/www.ufsm.br\/pro-reitorias\/proplan\/wp-content\/uploads\/sites\/344\/2019\/05\/Apresenta\u00e7\u00e3o-Metodologia-Reestrutura\u00e7\u00e3o.pdf\" target=\"_blank\" >\n\t\t\t\t\t\t\tApresenta\u00e7\u00e3o metodologia\t\t\t\t\t\t<\/a>\n\t\t\t\t\t<\/h3>\n\t\t\t\t\n\t\t\t\t\t\t\t\t\t<p class=\"elementor-icon-box-description\">\n\t\t\t\t\t\tMetodologia apresentada no dia 29\/07\/2019\t\t\t\t\t<\/p>\n\t\t\t\t\n\t\t\t<\/div>\n\t\t\t\n\t\t<\/div>\n\t\t\t\t<\/div>\n\t\t\t\t<\/div>\n\t\t\t\t\t<\/div>\n\t\t<\/div>\n\t\t\t\t<div class=\"elementor-column elementor-col-50 elementor-top-column elementor-element elementor-element-5ab3ad0\" data-id=\"5ab3ad0\" data-element_type=\"column\">\n\t\t\t<div class=\"elementor-widget-wrap elementor-element-populated\">\n\t\t\t\t\t\t<div class=\"elementor-element elementor-element-01e1039 elementor-view-default elementor-position-top elementor-mobile-position-top elementor-widget elementor-widget-icon-box\" data-id=\"01e1039\" data-element_type=\"widget\" data-widget_type=\"icon-box.default\">\n\t\t\t\t<div class=\"elementor-widget-container\">\n\t\t\t\t\t<div class=\"elementor-icon-box-wrapper\">\n\n\t\t\t\t\t\t<div class=\"elementor-icon-box-icon\">\n\t\t\t\t<a href=\"https:\/\/www.ufsm.br\/app\/uploads\/sites\/344\/2021\/01\/Manual-de-Estruturas-UFSM-vrs-1.1-revisado.pdf\" target=\"_blank\" class=\"elementor-icon elementor-animation-\" tabindex=\"-1\">\n\t\t\t\t<i aria-hidden=\"true\" class=\"far fa-file-pdf\"><\/i>\t\t\t\t<\/a>\n\t\t\t<\/div>\n\t\t\t\n\t\t\t\t\t\t<div class=\"elementor-icon-box-content\">\n\n\t\t\t\t\t\t\t\t\t<h3 class=\"elementor-icon-box-title\">\n\t\t\t\t\t\t<a href=\"https:\/\/www.ufsm.br\/app\/uploads\/sites\/344\/2021\/01\/Manual-de-Estruturas-UFSM-vrs-1.1-revisado.pdf\" target=\"_blank\" >\n\t\t\t\t\t\t\tManual de Estruturas Organizacionais da UFSM\t\t\t\t\t\t<\/a>\n\t\t\t\t\t<\/h3>\n\t\t\t\t\n\t\t\t\t\n\t\t\t<\/div>\n\t\t\t\n\t\t<\/div>\n\t\t\t\t<\/div>\n\t\t\t\t<\/div>\n\t\t\t\t\t<\/div>\n\t\t<\/div>\n\t\t\t\t\t<\/div>\n\t\t<\/section>\n\t\t\t\t<section class=\"elementor-section elementor-top-section elementor-element elementor-element-bb7ae2f elementor-section-boxed elementor-section-height-default elementor-section-height-default\" data-id=\"bb7ae2f\" data-element_type=\"section\">\n\t\t\t\t\t\t<div class=\"elementor-container elementor-column-gap-default\">\n\t\t\t\t\t<div class=\"elementor-column elementor-col-100 elementor-top-column elementor-element elementor-element-13243de\" data-id=\"13243de\" data-element_type=\"column\">\n\t\t\t<div class=\"elementor-widget-wrap elementor-element-populated\">\n\t\t\t\t\t\t<div class=\"elementor-element elementor-element-2db9fd0 elementor-widget elementor-widget-heading\" data-id=\"2db9fd0\" data-element_type=\"widget\" data-widget_type=\"heading.default\">\n\t\t\t\t<div class=\"elementor-widget-container\">\n\t\t\t<h6 class=\"elementor-heading-title elementor-size-default\">Contatos<\/h6>\t\t<\/div>\n\t\t\t\t<\/div>\n\t\t\t\t\t<\/div>\n\t\t<\/div>\n\t\t\t\t\t<\/div>\n\t\t<\/section>\n\t\t\t\t<section class=\"elementor-section elementor-top-section elementor-element elementor-element-a0e4684 elementor-section-boxed elementor-section-height-default elementor-section-height-default\" data-id=\"a0e4684\" data-element_type=\"section\">\n\t\t\t\t\t\t<div class=\"elementor-container elementor-column-gap-default\">\n\t\t\t\t\t<div class=\"elementor-column elementor-col-100 elementor-top-column elementor-element elementor-element-a828807\" data-id=\"a828807\" data-element_type=\"column\">\n\t\t\t<div class=\"elementor-widget-wrap elementor-element-populated\">\n\t\t\t\t\t\t<div class=\"elementor-element elementor-element-03467c1 elementor-widget elementor-widget-text-editor\" data-id=\"03467c1\" data-element_type=\"widget\" data-widget_type=\"text-editor.default\">\n\t\t\t\t<div class=\"elementor-widget-container\">\n\t\t\t\t\t\t\t<p>Frank Leonardo Casado<\/p><p>Daniele Medianeira Rizzetti<\/p><p>Tel.: 3220 8333<\/p><p>E-mail: <a href=\"mailto:modernizacao@ufsm.br\">modernizacao@ufsm.br<\/a><\/p>\t\t\t\t\t\t<\/div>\n\t\t\t\t<\/div>\n\t\t\t\t\t<\/div>\n\t\t<\/div>\n\t\t\t\t\t<\/div>\n\t\t<\/section>\n\t\t\t\t<\/div>\n\t\t","protected":false},"excerpt":{"rendered":"<p>Uma arquitetura organizacional adequada e coerente \u00e9 aquela que permite alinhar a estrat\u00e9gia (ou conjunto de prop\u00f3sitos e resultados visados) a seus elementos essenciais: estrutura (arranjo hier\u00e1rquico e relacional de unidades organizacionais), processos (conjuntos estruturados de a\u00e7\u00f5es que geram produtos\/servi\u00e7os), quadros (conjunto de pessoas que, com suas compet\u00eancias, atuam nos processos) e sistemas informacionais (conjunto [&hellip;]<\/p>\n","protected":false},"author":204,"featured_media":0,"parent":0,"menu_order":0,"comment_status":"closed","ping_status":"closed","template":"","meta":{"footnotes":""},"categories":[],"tags":[],"class_list":["post-2185","page","type-page","status-publish","hentry"],"acf":[],"_links":{"self":[{"href":"https:\/\/www.ufsm.br\/pro-reitorias\/proplan\/wp-json\/wp\/v2\/pages\/2185","targetHints":{"allow":["GET"]}}],"collection":[{"href":"https:\/\/www.ufsm.br\/pro-reitorias\/proplan\/wp-json\/wp\/v2\/pages"}],"about":[{"href":"https:\/\/www.ufsm.br\/pro-reitorias\/proplan\/wp-json\/wp\/v2\/types\/page"}],"author":[{"embeddable":true,"href":"https:\/\/www.ufsm.br\/pro-reitorias\/proplan\/wp-json\/wp\/v2\/users\/204"}],"replies":[{"embeddable":true,"href":"https:\/\/www.ufsm.br\/pro-reitorias\/proplan\/wp-json\/wp\/v2\/comments?post=2185"}],"version-history":[{"count":0,"href":"https:\/\/www.ufsm.br\/pro-reitorias\/proplan\/wp-json\/wp\/v2\/pages\/2185\/revisions"}],"wp:attachment":[{"href":"https:\/\/www.ufsm.br\/pro-reitorias\/proplan\/wp-json\/wp\/v2\/media?parent=2185"}],"wp:term":[{"taxonomy":"category","embeddable":true,"href":"https:\/\/www.ufsm.br\/pro-reitorias\/proplan\/wp-json\/wp\/v2\/categories?post=2185"},{"taxonomy":"post_tag","embeddable":true,"href":"https:\/\/www.ufsm.br\/pro-reitorias\/proplan\/wp-json\/wp\/v2\/tags?post=2185"}],"curies":[{"name":"wp","href":"https:\/\/api.w.org\/{rel}","templated":true}]}}