{"id":2230,"date":"2019-05-03T14:16:17","date_gmt":"2019-05-03T17:16:17","guid":{"rendered":"https:\/\/www.ufsm.br\/pro-reitorias\/proplan\/?page_id=2230"},"modified":"2019-05-03T15:23:10","modified_gmt":"2019-05-03T18:23:10","slug":"matriz-idr","status":"publish","type":"page","link":"https:\/\/www.ufsm.br\/pro-reitorias\/proplan\/matriz-idr","title":{"rendered":"Matriz IDR"},"content":{"rendered":"\n<section class=\"elementor-element elementor-element-6f89d11 elementor-section-boxed elementor-section-height-default elementor-section-height-default elementor-section elementor-top-section\" data-id=\"6f89d11\">\n<div class=\"elementor-container elementor-column-gap-default\">\n<div class=\"elementor-row\">\n<div class=\"elementor-element elementor-element-c29bb07 elementor-column elementor-col-100 elementor-top-column\" data-id=\"c29bb07\">\n<div class=\"elementor-column-wrap  elementor-element-populated\">\n<div class=\"elementor-widget-wrap\">\n<div class=\"elementor-element elementor-element-8c3edca elementor-widget elementor-widget-text-editor\" data-id=\"8c3edca\">\n<div class=\"elementor-widget-container\">\n<div class=\"elementor-text-editor elementor-clearfix\">\n<p>A distribui\u00e7\u00e3o de recursos na UFSM,&nbsp;baseada na Lei Or\u00e7ament\u00e1ria Anual (LOA),&nbsp;&nbsp;possui como tr\u00e2mites:<\/p>\n<p>\u2013 Aprova\u00e7\u00e3o das normas de distribui\u00e7\u00e3o dos recursos por meio do&nbsp;\u00cdndice de Distribui\u00e7\u00e3o de Recursos (IDR), que deve ser aprovado pelo Conselho Universit\u00e1rio; e<br>\u2013 Regulamenta\u00e7\u00e3o interna da forma de aplica\u00e7\u00e3o das receitas e despesas da UFSM por meio da Resolu\u00e7\u00e3o Or\u00e7ament\u00e1ria, que deve ser aprovado pelos Conselhos de Curadores e Universit\u00e1rio.<\/p>\n<p>O&nbsp;IDR&nbsp;\u00e9 o par\u00e2metro institucional utilizado para fixar os Or\u00e7amentos de Custeio e Capital (OCC), no \u00e2mbito da UFSM, que ser\u00e3o aplicados pelas Unidades Executoras de Recursos (UGR).<\/p>\n<p><strong>Objetivo<br><\/strong>Permitir, atrav\u00e9s da distribui\u00e7\u00e3o dos recursos or\u00e7ament\u00e1rios, o incentivo \u00e0 produ\u00e7\u00e3o, \u00e0 produtividade e \u00e0 implementa\u00e7\u00e3o de pol\u00edticas de desenvolvimento de \u00e1reas de atua\u00e7\u00e3o, por meio da pondera\u00e7\u00e3o dos par\u00e2metros fixados.<\/p>\n<p><strong>Par\u00e2metros fixados<br><\/strong>Os par\u00e2metros s\u00e3o fixados atrav\u00e9s de indicadores determinados com o objetivo de medir o desempenho das unidades da Institui\u00e7\u00e3o em cada \u00e1rea de atua\u00e7\u00e3o. Os par\u00e2metros s\u00e3o relativos, porquanto relacionam a unidade com a Institui\u00e7\u00e3o como um todo.<\/p>\n<\/div>\n<\/div>\n<\/div>\n<\/div>\n<\/div>\n<\/div>\n<\/div>\n<\/div>\n<\/section>\n","protected":false},"excerpt":{"rendered":"<p>A distribui\u00e7\u00e3o de recursos na UFSM,&nbsp;baseada na Lei Or\u00e7ament\u00e1ria Anual (LOA),&nbsp;&nbsp;possui como tr\u00e2mites: \u2013 Aprova\u00e7\u00e3o das normas de distribui\u00e7\u00e3o dos recursos por meio do&nbsp;\u00cdndice de Distribui\u00e7\u00e3o de Recursos (IDR), que deve ser aprovado pelo Conselho Universit\u00e1rio; e\u2013 Regulamenta\u00e7\u00e3o interna da forma de aplica\u00e7\u00e3o das receitas e despesas da UFSM por meio da Resolu\u00e7\u00e3o Or\u00e7ament\u00e1ria, que [&hellip;]<\/p>\n","protected":false},"author":593,"featured_media":0,"parent":0,"menu_order":0,"comment_status":"closed","ping_status":"closed","template":"","meta":{"footnotes":""},"categories":[],"tags":[],"class_list":["post-2230","page","type-page","status-publish","hentry"],"acf":[],"_links":{"self":[{"href":"https:\/\/www.ufsm.br\/pro-reitorias\/proplan\/wp-json\/wp\/v2\/pages\/2230","targetHints":{"allow":["GET"]}}],"collection":[{"href":"https:\/\/www.ufsm.br\/pro-reitorias\/proplan\/wp-json\/wp\/v2\/pages"}],"about":[{"href":"https:\/\/www.ufsm.br\/pro-reitorias\/proplan\/wp-json\/wp\/v2\/types\/page"}],"author":[{"embeddable":true,"href":"https:\/\/www.ufsm.br\/pro-reitorias\/proplan\/wp-json\/wp\/v2\/users\/593"}],"replies":[{"embeddable":true,"href":"https:\/\/www.ufsm.br\/pro-reitorias\/proplan\/wp-json\/wp\/v2\/comments?post=2230"}],"version-history":[{"count":0,"href":"https:\/\/www.ufsm.br\/pro-reitorias\/proplan\/wp-json\/wp\/v2\/pages\/2230\/revisions"}],"wp:attachment":[{"href":"https:\/\/www.ufsm.br\/pro-reitorias\/proplan\/wp-json\/wp\/v2\/media?parent=2230"}],"wp:term":[{"taxonomy":"category","embeddable":true,"href":"https:\/\/www.ufsm.br\/pro-reitorias\/proplan\/wp-json\/wp\/v2\/categories?post=2230"},{"taxonomy":"post_tag","embeddable":true,"href":"https:\/\/www.ufsm.br\/pro-reitorias\/proplan\/wp-json\/wp\/v2\/tags?post=2230"}],"curies":[{"name":"wp","href":"https:\/\/api.w.org\/{rel}","templated":true}]}}