{"id":2414,"date":"2019-09-30T16:35:41","date_gmt":"2019-09-30T19:35:41","guid":{"rendered":"https:\/\/www.ufsm.br\/pro-reitorias\/proplan\/?page_id=2414"},"modified":"2020-04-09T16:32:29","modified_gmt":"2020-04-09T19:32:29","slug":"resolucao-n-003-2019","status":"publish","type":"page","link":"https:\/\/www.ufsm.br\/pro-reitorias\/proplan\/resolucao-n-003-2019","title":{"rendered":"Resolu\u00e7\u00e3o N. 003\/2019"},"content":{"rendered":"\t\t<div data-elementor-type=\"wp-post\" data-elementor-id=\"2414\" class=\"elementor elementor-2414\">\n\t\t\t\t\t\t<section class=\"elementor-section elementor-top-section elementor-element elementor-element-7ef8b1e elementor-section-boxed elementor-section-height-default elementor-section-height-default\" data-id=\"7ef8b1e\" data-element_type=\"section\">\n\t\t\t\t\t\t<div class=\"elementor-container elementor-column-gap-default\">\n\t\t\t\t\t<div class=\"elementor-column elementor-col-100 elementor-top-column elementor-element elementor-element-1a9617e\" data-id=\"1a9617e\" data-element_type=\"column\">\n\t\t\t<div class=\"elementor-widget-wrap elementor-element-populated\">\n\t\t\t\t\t\t<div class=\"elementor-element elementor-element-d09c896 elementor-widget elementor-widget-html\" data-id=\"d09c896\" data-element_type=\"widget\" data-widget_type=\"html.default\">\n\t\t\t\t<div class=\"elementor-widget-container\">\n\t\t\t\r\n\r\n\r\n<title><b>RESOLU\u00c7\u00c3O N. 003\/2019<\/b><\/title>\r\n\r\n\r\n<div align=\"center\"><img decoding=\"async\" src=\"https:\/\/www.ufsm.br\/pro-reitorias\/proplan\/wp-content\/uploads\/sites\/344\/2019\/09\/brasao-da-republica-do-brasil-logo.png\" alt=\"Bras\u00e3o Rep\u00fablica Federativa do Brasil\" width=\"6%\" height=\"6%\"><\/div>    \r\n<h1><font color=\"blue\"><font size=\"5\"><div align=\"center\">MINIST\u00c9RIO DA EDUCA\u00c7\u00c3O<\/b><\/font><\/font><\/div><\/H1>\r\n<p><b><font color=\"0000blue\"><div align=\"center\">UNIVERSIDADE FEDERAL DE SANTA MARIA<\/b><\/font><\/div><\/p>\r\n\r\n<p><div align=\"center\"><b><a href=\"https:\/\/portal.ufsm.br\/documentos\/publico\/documento.html?id=11902237\" target=\"_blank\"><font color=\"blue\">RESOLU\u00c7\u00c3O N. 003\/2019<\/font><\/a><\/b><\/div><\/p>\r\n<br>\r\n<p><div align=\"right\"><font color=\"800000\">Regula a inser\u00e7\u00e3o das a\u00e7\u00f5es de extens\u00e3o nos curr\u00edculos dos cursos de gradua\u00e7\u00e3o.<\/font><\/div><\/p>\r\n<br><div align=\"justify\">\r\n<p>O REITOR DA UNIVERSIDADE FEDERAL DE SANTA MARIA, no uso de suas atribui\u00e7\u00f5es legais e estatut\u00e1rias e considerando:<\/p>\r\n<p>\u2013 a <a href=\"http:\/\/www.planalto.gov.br\/ccivil_03\/constituicao\/constituicao.htm\" target=\"_blank\"><font color=\"blue\"><u>Constitui\u00e7\u00e3o da Rep\u00fablica Federativa do Brasil de 1988<\/u><\/font><\/a>;<\/p>\r\n<p>\u2013 a <a href=\"http:\/\/www.planalto.gov.br\/ccivil_03\/leis\/l9394.htm\" target=\"_blank\"><font color=\"blue\"><u>Lei N. 9.394, de 20 de dezembro de 1996<\/u><\/font><\/a>, que estabelece as diretrizes e bases da educa\u00e7\u00e3o;<\/p>\r\n<p>\u2013 o <a href=\"https:\/\/www.ufmg.br\/proex\/renex\/images\/documentos\/Plano-nacional-de-extensao-universitaria-editado.pdf\" target=\"_blank\"><font color=\"blue\"><u>Plano Nacional de Extens\u00e3o Universit\u00e1ria de 2001<\/u><\/font><\/a>;<\/p>\r\n<p>\u2013 a <a href=\"https:\/\/www.ufmg.br\/proex\/renex\/images\/documentos\/2012-07-13-Politica-Nacional-de-Extensao.pdf\" target=\"_blank\"><font color=\"blue\"><u>Pol\u00edtica Nacional de Extens\u00e3o<\/u><\/font><\/a>, aprovada pelo F\u00f3rum de Pr\u00f3-Reitores de Extens\u00e3o das Universidades P\u00fablicas Brasileiras (FORPROEX) em maio de 2012;<\/p>\r\n<p>\u2013 a <a href=\"http:\/\/www.planalto.gov.br\/ccivil_03\/_ato2011-2014\/2014\/lei\/l13005.htm\" target=\"_blank\"><font color=\"blue\"><u>Lei N. 13.005, de 25 de junho de 2014<\/u><\/font><\/a>, que aprova o Plano Nacional de Educa\u00e7\u00e3o \u2013 PNE 2014-2024 e d\u00e1 outras provid\u00eancias;<\/p>\r\n<p>- a <a href=\"http:\/\/portal.mec.gov.br\/index.php?option=com_docman&amp;view=download&amp;alias=104251-rces007-18&amp;category_slug=dezembro-2018-pdf&amp;Itemid=30192\" target=\"_blank\"><font color=\"blue\"><u>Resolu\u00e7\u00e3o n\u00b0 7, de 18 de dezembro de 2018<\/u><\/font><\/a>, do Conselho Nacional de Educa\u00e7\u00e3o\/C\u00e2mara de Educa\u00e7\u00e3o Superior, que estabelece as Diretrizes para a Extens\u00e3o na Educa\u00e7\u00e3o Superior Brasileira e regimenta o disposto na Meta 12.7 da <a href=\"http:\/\/www.planalto.gov.br\/ccivil_03\/_ato2011-2014\/2014\/lei\/l13005.htm\" target=\"_blank\"><font color=\"blue\"><u>Lei n 13.005\/2014<\/u><\/font><\/a>, que aprova o Plano Nacional de Educa\u00e7\u00e3o \u2013 PNE 2014-2024 e d\u00e1 outras provid\u00eancias;<\/p>\r\n<p>\u2013 o Parecer N. 048\/2018 da Comiss\u00e3o de Ensino, Pesquisa e Extens\u00e3o (COMEPE) e o Parecer N. 158\/2018 da Comiss\u00e3o de Legisla\u00e7\u00e3o e Normas (CLN), aprovados na 929\u00aa Sess\u00e3o do Conselho de Ensino, Pesquisa e Extens\u00e3o, de 20 de 12 de 2018, referente ao Processo N. <a href=\"https:\/\/portal.ufsm.br\/documentos\/publico\/processo\/documento.html?idDocumento=10431975\" target=\"_blank\"><font color=\"blue\">23081.050063\/2018-97<\/font><\/a>.<\/p>\r\n<br>\r\n<p><b><div align=\"center\">RESOLVE:<\/b><\/div><\/p>\r\n<br>\r\n<p><b><div align=\"center\">CAP\u00cdTULO I<\/b><\/div><\/p>\r\n<p><b><div align=\"center\">DAS DISPOSI\u00c7\u00d5ES PRELIMINARES<\/b><\/div><\/p>\r\n<br>\r\n<p>Art. 1\u00ba A Universidade Federal de Santa Maria (UFSM) implementar\u00e1, a partir da presente resolu\u00e7\u00e3o e de sua Pol\u00edtica de Extens\u00e3o, a\u00e7\u00f5es que visam concretizar a Meta 12, Estrat\u00e9gia 7 do Plano Nacional de Educa\u00e7\u00e3o (PNE) que assegura, no m\u00ednimo, 10% do total de cr\u00e9ditos curriculares exigidos para a gradua\u00e7\u00e3o em a\u00e7\u00f5es de extens\u00e3o universit\u00e1ria.<\/p>\r\n<p>Art. 2\u00ba A inser\u00e7\u00e3o das a\u00e7\u00f5es de extens\u00e3o como componente curricular objetiva contribuir na forma\u00e7\u00e3o t\u00e9cnico-cient\u00edfica, pessoal e social do estudante. Atuando em a\u00e7\u00f5es de extens\u00e3o, o estudante contribui para ampliar o impacto e a transforma\u00e7\u00e3o social, caracterizado pela contribui\u00e7\u00e3o \u00e0 inclus\u00e3o de grupos sociais, ao desenvolvimento de meios e processos de produ\u00e7\u00e3o, \u00e0 inova\u00e7\u00e3o e transfer\u00eancia de conhecimento e \u00e0 amplia\u00e7\u00e3o de oportunidades educacionais e formativas, como tamb\u00e9m \u00e0 formula\u00e7\u00e3o, implementa\u00e7\u00e3o e acompanhamento das pol\u00edticas p\u00fablicas priorit\u00e1rias ao desenvolvimento local, regional e nacional.<\/p>\r\n<p>Art. 3\u00ba Os Cursos de Gradua\u00e7\u00e3o da UFSM adaptar\u00e3o os Projetos Pedag\u00f3gicos de Cursos (PPCs) dos cursos de gradua\u00e7\u00e3o da UFSM \u00e0s exig\u00eancias do PNE, assegurando, no m\u00ednimo, 10% do total de cr\u00e9ditos curriculares exigidos para a gradua\u00e7\u00e3o em programas e projetos de extens\u00e3o universit\u00e1ria.<\/p>\r\n<br>\r\n<p><b><div align=\"center\">CAP\u00cdTULO II<\/b><\/div><\/p>\r\n<p><b><div align=\"center\">DAS ORIENTA\u00c7\u00d5ES PEDAG\u00d3GICAS E ADMINISTRATIVAS<\/b><\/div><\/p>\r\n<br>\r\n<p>Art. 4\u00ba Para fins de inser\u00e7\u00e3o das a\u00e7\u00f5es de extens\u00e3o, as mesmas devem ser inclusas nos Projetos Pedag\u00f3gicos dos Cursos (PPCs), valendo-se das seguintes modalidades, a crit\u00e9rio dos colegiados de curso:<\/p>\r\n<p>I \u2013 A\u00e7\u00f5es Complementares de Extens\u00e3o (ACEx), podendo ser na modalidade de Programa, Projeto, Curso, Evento e Presta\u00e7\u00e3o de Servi\u00e7os, conforme a Pol\u00edtica de Extens\u00e3o da UFSM, as quais podem ser integralizadas durante o curso, paralelamente aos demais componentes curriculares.<\/p>\r\n<p>II \u2013 Componentes curriculares do n\u00facleo r\u00edgido com destina\u00e7\u00e3o de sua carga hor\u00e1ria pr\u00e1tica para extens\u00e3o, definida previamente no curr\u00edculo.<\/p>\r\n<p>III \u2013 Componentes curriculares do n\u00facleo flex\u00edvel, vinculados \u00e0 exist\u00eancia pr\u00e9via de programas e\/ou projetos de extens\u00e3o, com carga hor\u00e1ria te\u00f3rica e encargos did\u00e1ticos destinados \u00e0 finalidade instrutiva relacionada a estes, onde a parte pr\u00e1tica \u00e9 executada dentro dos programas e\/ou projetos.<\/p>\r\n\t\r\n<p>\u00a71\u00ba Os alunos matriculados nos componentes referidos no inciso III do presente artigo dever\u00e3o estar vinculados aos programas e\/ou projetos correlatos.<\/p>\r\n<p>\u00a72\u00ba As A\u00e7\u00f5es Complementares de Extens\u00e3o previstas no inciso I do presente artigo devem ser definidas e aprovadas pela UFSM, sendo devidamente registradas no sistema institucional conforme as categorias mencionadas na Pol\u00edtica de Extens\u00e3o da UFSM.<\/p>\r\n<p>\u00a73\u00ba A descri\u00e7\u00e3o das a\u00e7\u00f5es de extens\u00e3o, no que tange aos incisos II e III do presente artigo, dever\u00e1 constar no plano de ensino do respectivo componente curricular.<\/p>\r\n<p>\u00a74\u00ba Os componentes curriculares previstos nos incisos II e III do presente artigo poder\u00e3o ser objeto de aproveitamento conforme as normas da UFSM.<\/p>\r\n\r\n<p>Art. 5\u00ba As A\u00e7\u00f5es Complementares de Extens\u00e3o (ACEx) utilizar\u00e3o o mesmo sistema de registro e c\u00f4mputo de Atividades Complementares de Gradua\u00e7\u00e3o (ACG) previsto na <a href=\"https:\/\/www.ufsm.br\/pro-reitorias\/proplan\/resolucao-n-025-2017\/\" target=\"_blank\"><font color=\"blue\"><u>Resolu\u00e7\u00e3o N. 025\/2017<\/u><\/font><\/a> da UFSM.<\/p>\r\n<p>Art. 6\u00ba A inser\u00e7\u00e3o da extens\u00e3o nos Curr\u00edculos dos Cursos de Gradua\u00e7\u00e3o da UFSM dever\u00e1 considerar as diretrizes curriculares da \u00e1rea para carga hor\u00e1ria m\u00ednima em n\u00facleo obrigat\u00f3rio, cuidados com o somat\u00f3rio de horas m\u00ednimas do n\u00facleo flex\u00edvel e est\u00e1gios, entre outros elementos que s\u00e3o necess\u00e1rios considerar para o respeito \u00e0 legisla\u00e7\u00e3o (externa e interna) e \u00e0s peculiaridades de cada \u00e1rea.<\/p>\r\n<p>Par\u00e1grafo \u00fanico. As adapta\u00e7\u00f5es curriculares advindas do previsto nesta Resolu\u00e7\u00e3o dever\u00e3o garantir aos acad\u00eamicos envolvidos a continuidade do processo formativo e a valida\u00e7\u00e3o de cr\u00e9ditos componentes curriculares j\u00e1 integralizados ou conclu\u00eddos mediante a vig\u00eancia de curr\u00edculos concomitantes (novo e antigo) ou estipula\u00e7\u00e3o de regra de transi\u00e7\u00e3o.<\/p>\r\n\r\n<p>Art. 7\u00ba As Coordena\u00e7\u00f5es e Colegiados de Cursos de Gradua\u00e7\u00e3o, bem como os N\u00facleos Docentes Estruturantes (NDEs) de cada Curso, ir\u00e3o realizar suas adapta\u00e7\u00f5es, definindo conforme a sua autonomia e amparados pelas orienta\u00e7\u00f5es encaminhadas pela Coordenadoria de Apoio ao Desenvolvimento do Ensino (CADE \/ PROGRAD), enviando as mesmas, logo ap\u00f3s a consolida\u00e7\u00e3o, para a Dire\u00e7\u00e3o da Unidade Universit\u00e1ria respons\u00e1vel que aprovar\u00e1 em sess\u00e3o de seu conselho para que as adapta\u00e7\u00f5es possam seguir o fluxo institucional at\u00e9 a aprova\u00e7\u00e3o final no Conselho de Ensino, Pesquisa e Extens\u00e3o.<\/p>\r\n<p>Par\u00e1grafo \u00fanico. Ap\u00f3s aprova\u00e7\u00e3o no CEPE, a Carga Hor\u00e1ria de ACEx e de componentes curriculares com destina\u00e7\u00e3o de carga hor\u00e1ria de extens\u00e3o, de cada Curso de Gradua\u00e7\u00e3o, estar\u00e1 definida e poder\u00e1 ser computada na matriz curricular.<\/p>\r\n\r\n<p>Art. 8\u00ba O prazo final para adequa\u00e7\u00e3o dos Projetos Pedag\u00f3gicos de Cursos de Gradua\u00e7\u00e3o a esta resolu\u00e7\u00e3o \u00e9 agosto de 2021.<\/p>\r\n<p>Art. 9\u00ba Esta resolu\u00e7\u00e3o entrar\u00e1 em vigor na data de sua assinatura, revogadas as disposi\u00e7\u00f5es em contr\u00e1rio.<\/p>\r\n\r\n<p>GABINETE DO REITOR DA UNIVERSIDADE FEDERAL DE SANTA MARIA, onze dias do m\u00eas de janeiro do ano dois mil e dezenove.<\/p>\r\n<\/div>\r\n\r\n\r\n<p>Luciano Schuch,<\/p>\r\n<p>Vice-Reitor no exerc\u00edcio da Reitoria.<p \/>\r\n\r\n<p><font color=\"red0000\">Este texto n\u00e3o substitui o documento original, publicado no Portal de Documentos.<\/font> Dispon\u00edvel em: <a href=\"https:\/\/portal.ufsm.br\/documentos\/publico\/documento.html?id=11902237\" target=\"_blank\"><font color=\"blue\">https:\/\/portal.ufsm.br\/documentos\/publico\/documento.html?id=11902237<\/font><\/a>\r\n\r\n\t\t<\/div>\n\t\t\t\t<\/div>\n\t\t\t\t\t<\/div>\n\t\t<\/div>\n\t\t\t\t\t<\/div>\n\t\t<\/section>\n\t\t\t\t<\/div>\n\t\t","protected":false},"excerpt":{"rendered":"<p>RESOLU\u00c7\u00c3O N. 003\/2019 MINIST\u00c9RIO DA EDUCA\u00c7\u00c3O UNIVERSIDADE FEDERAL DE SANTA MARIA RESOLU\u00c7\u00c3O N. 003\/2019 Regula a inser\u00e7\u00e3o das a\u00e7\u00f5es de extens\u00e3o nos curr\u00edculos dos cursos de gradua\u00e7\u00e3o. O REITOR DA UNIVERSIDADE FEDERAL DE SANTA MARIA, no uso de suas atribui\u00e7\u00f5es legais e estatut\u00e1rias e considerando: \u2013 a Constitui\u00e7\u00e3o da Rep\u00fablica Federativa do Brasil de 1988; [&hellip;]<\/p>\n","protected":false},"author":205,"featured_media":0,"parent":0,"menu_order":0,"comment_status":"closed","ping_status":"closed","template":"","meta":{"footnotes":""},"categories":[],"tags":[],"class_list":["post-2414","page","type-page","status-publish","hentry"],"acf":[],"_links":{"self":[{"href":"https:\/\/www.ufsm.br\/pro-reitorias\/proplan\/wp-json\/wp\/v2\/pages\/2414","targetHints":{"allow":["GET"]}}],"collection":[{"href":"https:\/\/www.ufsm.br\/pro-reitorias\/proplan\/wp-json\/wp\/v2\/pages"}],"about":[{"href":"https:\/\/www.ufsm.br\/pro-reitorias\/proplan\/wp-json\/wp\/v2\/types\/page"}],"author":[{"embeddable":true,"href":"https:\/\/www.ufsm.br\/pro-reitorias\/proplan\/wp-json\/wp\/v2\/users\/205"}],"replies":[{"embeddable":true,"href":"https:\/\/www.ufsm.br\/pro-reitorias\/proplan\/wp-json\/wp\/v2\/comments?post=2414"}],"version-history":[{"count":0,"href":"https:\/\/www.ufsm.br\/pro-reitorias\/proplan\/wp-json\/wp\/v2\/pages\/2414\/revisions"}],"wp:attachment":[{"href":"https:\/\/www.ufsm.br\/pro-reitorias\/proplan\/wp-json\/wp\/v2\/media?parent=2414"}],"wp:term":[{"taxonomy":"category","embeddable":true,"href":"https:\/\/www.ufsm.br\/pro-reitorias\/proplan\/wp-json\/wp\/v2\/categories?post=2414"},{"taxonomy":"post_tag","embeddable":true,"href":"https:\/\/www.ufsm.br\/pro-reitorias\/proplan\/wp-json\/wp\/v2\/tags?post=2414"}],"curies":[{"name":"wp","href":"https:\/\/api.w.org\/{rel}","templated":true}]}}