{"id":2419,"date":"2019-09-30T16:50:00","date_gmt":"2019-09-30T19:50:00","guid":{"rendered":"https:\/\/www.ufsm.br\/pro-reitorias\/proplan\/?page_id=2419"},"modified":"2020-04-23T08:16:36","modified_gmt":"2020-04-23T11:16:36","slug":"resolucao-n-006-2019","status":"publish","type":"page","link":"https:\/\/www.ufsm.br\/pro-reitorias\/proplan\/resolucao-n-006-2019","title":{"rendered":"Resolu\u00e7\u00e3o N. 006\/2019"},"content":{"rendered":"\t\t<div data-elementor-type=\"wp-post\" data-elementor-id=\"2419\" class=\"elementor elementor-2419\">\n\t\t\t\t\t\t<section class=\"elementor-section elementor-top-section elementor-element elementor-element-98b1291 elementor-section-boxed elementor-section-height-default elementor-section-height-default\" data-id=\"98b1291\" data-element_type=\"section\">\n\t\t\t\t\t\t<div class=\"elementor-container elementor-column-gap-default\">\n\t\t\t\t\t<div class=\"elementor-column elementor-col-100 elementor-top-column elementor-element elementor-element-aa2167b\" data-id=\"aa2167b\" data-element_type=\"column\">\n\t\t\t<div class=\"elementor-widget-wrap elementor-element-populated\">\n\t\t\t\t\t\t<div class=\"elementor-element elementor-element-6b94d8b elementor-widget elementor-widget-html\" data-id=\"6b94d8b\" data-element_type=\"widget\" data-widget_type=\"html.default\">\n\t\t\t\t<div class=\"elementor-widget-container\">\n\t\t\t\r\n\r\n\r\n<title><b>RESOLU\u00c7\u00c3O N. 006\/2019<\/b><\/title>\r\n\r\n\r\n<div align=\"center\"><img decoding=\"async\" src=\"https:\/\/www.ufsm.br\/pro-reitorias\/proplan\/wp-content\/uploads\/sites\/344\/2019\/09\/brasao-da-republica-do-brasil-logo.png\" alt=\"Bras\u00e3o Rep\u00fablica Federativa do Brasil\" width=\"6%\" height=\"6%\"><\/div>    \r\n<h1><font color=\"blue\"><font size=\"5\"><div align=\"center\">MINIST\u00c9RIO DA EDUCA\u00c7\u00c3O<\/b><\/font><\/font><\/div><\/H1>\r\n<p><b><font color=\"0000blue\"><div align=\"center\">UNIVERSIDADE FEDERAL DE SANTA MARIA<\/b><\/font><\/div><\/p>\r\n\r\n<p><div align=\"center\"><b><a href=\"https:\/\/portal.ufsm.br\/documentos\/publico\/documento.html?id=12476803\" target=\"_blank\"><font color=\"blue\">RESOLU\u00c7\u00c3O N. 006\/2019<\/font><\/a><\/b><\/div><\/p>\r\n<br>\r\n<p><div align=\"right\"><font color=\"800000\">Aprova a <a href=\"https:\/\/www.ufsm.br\/pro-reitorias\/proplan\/politica-de-extensao-da-ufsm\/\" target=\"_blank\"><font color=\"blue\"><u>Pol\u00edtica de Extens\u00e3o da Universidade Federal de Santa Maria<\/u><\/font><\/a>.<\/font><\/div><\/p>\r\n<br><div align=\"justify\">\r\n<p>O REITOR DA UNIVERSIDADE FEDERAL DE SANTA MARIA, no uso de suas atribui\u00e7\u00f5es legais e estatut\u00e1rias e considerando:<\/p>\r\n<p>- a autonomia universit\u00e1ria postulada no Art. 207, 214, 218 e 219, da <a href=\"http:\/\/www.planalto.gov.br\/ccivil_03\/constituicao\/constituicao.htm\" target=\"_blank\"><font color=\"blue\"><u>Constitui\u00e7\u00e3o Federal de 1988<\/u><\/font><\/a>, bem como nos Arts. 53 e 54 da <a href=\"http:\/\/www.planalto.gov.br\/ccivil_03\/leis\/l9394.htm\" target=\"_blank\"><font color=\"blue\"><u>Lei N. 9.394, de 20 de dezembro de 1996<\/u><\/font><\/a>;<\/p>\r\n<p>- a <a href=\"https:\/\/www.ufmg.br\/proex\/renex\/images\/documentos\/2012-07-13-Politica-Nacional-de-Extensao.pdf\" target=\"_blank\"><font color=\"blue\"><u>Pol\u00edtica Nacional de Extens\u00e3o<\/u><\/font><\/a>, aprovada pelo F\u00f3rum de Pr\u00f3-Reitores de Extens\u00e3o das Universidades P\u00fablicas Brasileiras (FORPROEX) em maio de 2012;<\/p>\r\n<p>- a <a href=\"http:\/\/www.planalto.gov.br\/ccivil_03\/_ato2011-2014\/2014\/lei\/l13005.htm\" target=\"_blank\"><font color=\"blue\"><u>Lei N. 13.005, de 25 de junho de 2014<\/u><\/font><\/a>, que aprova o Plano Nacional de Educa\u00e7\u00e3o \u2013 PNE 2014-2024 e d\u00e1 outras provid\u00eancias, em especial a meta 12 estrat\u00e9gia 12.7;<\/p>\r\n<p>- o <a href=\"http:\/\/www.planalto.gov.br\/ccivil_03\/_ato2007-2010\/2010\/Decreto\/D7416.htm\" target=\"_blank\"><font color=\"blue\"><u>Decreto N. 7.416, de 30 de dezembro de 2010<\/u><\/font><\/a>, que regulamenta os Arts. 10 e 12 da <a href=\"http:\/\/www.planalto.gov.br\/ccivil_03\/_ato2007-2010\/2009\/Lei\/L12155.htm\"><font color=\"blue\">Lei N. 12.155, de 23 de dezembro de 2009<\/u><\/font><\/a>, que tratam da concess\u00e3o de bolsas para desenvolvimento de atividades de ensino e extens\u00e3o universit\u00e1ria;<\/p>\r\n<p>- a <a href=\"http:\/\/www.planalto.gov.br\/ccivil_03\/leis\/l8958compilado.htm\" target=\"_blank\"><font color=\"blue\"><u>Lei N. 8.958, de 20 de dezembro de 1994<\/u><\/font><\/a>, que disp\u00f5e sobre as rela\u00e7\u00f5es entre as institui\u00e7\u00f5es federais de ensino superior e de pesquisa cient\u00edfica e tecnol\u00f3gica e as funda\u00e7\u00f5es de apoio e d\u00e1 outras provid\u00eancias;<\/p>\r\n<p>- o <a href=\"http:\/\/www.planalto.gov.br\/ccivil_03\/_Ato2007-2010\/2010\/Decreto\/D7423.htm\" target=\"_blank\"><font color=\"blue\"><u>Decreto N. 7.423, de 31 de dezembro de 2010<\/u><\/font><\/a>, que regulamenta a <a href=\"http:\/\/www.planalto.gov.br\/ccivil_03\/leis\/l8958compilado.htm\"><font color=\"blue\"><u>Lei N. 8.958, de 20 dezembro de 1994<\/u><\/font><\/a>;<\/p>\r\n<p>- a <a href=\"http:\/\/www.planalto.gov.br\/ccivil_03\/_ato2004-2006\/2004\/lei\/l10.973.htm\" target=\"_blank\"><font color=\"blue\"><u>Lei N. 10.973, de 2 de dezembro de 2004<\/u><\/font><\/a>, que disp\u00f5e sobre incentivos \u00e0 inova\u00e7\u00e3o e \u00e0 pesquisa cient\u00edfica e tecnol\u00f3gica no ambiente produtivo e d\u00e1 outras provid\u00eancias;<\/p>\r\n<p>- o <a href=\"http:\/\/www.planalto.gov.br\/ccivil_03\/_Ato2015-2018\/2018\/Decreto\/D9283.htm\" target=\"_blank\"><font color=\"blue\"><u>Decreto N. 9.283, de 7 de fevereiro de 2018<\/u><\/font><\/a>, que regulamenta as Leis <a href=\"http:\/\/www.planalto.gov.br\/ccivil_03\/_ato2004-2006\/2004\/lei\/l10.973.htm\"><font color=\"blue\"><u>N. 10.973, de 2 de dezembro de 200<\/u>4<\/font><\/a>, e <a href=\"http:\/\/www.planalto.gov.br\/ccivil_03\/_Ato2015-2018\/2016\/Lei\/L13243.htm#art2\" target=\"_blank\"><font color=\"blue\"><u>N. 13.243, de 11 de janeiro de 2016<\/u><\/font><\/a>, bem como outros dispositivos legais, para estabelecer medidas de incentivo \u00e0 inova\u00e7\u00e3o e \u00e0 pesquisa cient\u00edfica e tecnol\u00f3gica no ambiente produtivo, com vistas \u00e0 capacita\u00e7\u00e3o tecnol\u00f3gica, ao alcance da autonomia tecnol\u00f3gica e ao desenvolvimento do sistema produtivo nacional e regional;<\/p>\r\n<p>- o <a href=\"Projeto de Lei N. 3.329\/2015\" target=\"_blank\"><font color=\"blue\"><u>Projeto de Lei N. 3.329\/2015<\/u><\/font><\/a> que institui a Pol\u00edtica Nacional de Tecnologia Social;\r\n<p>- o <a href=\"https:\/\/www.ufsm.br\/pro-reitorias\/proplan\/estatuto-ufsm-2010\/\" target=\"_blank\"><font color=\"blue\"><u>Estatuto da UFSM<\/u><\/font><\/a>, Art. 2\u00ba, que fixa a sua autonomia did\u00e1tico-cient\u00edfica, disciplinar, administrativa e sua autonomia financeira, e Art. 5\u00b0, inciso II, al\u00ednea \u201ce\u201d, que estabelece a presta\u00e7\u00e3o de servi\u00e7os especializados \u00e0 comunidade como um de seus objetivos especiais;<\/p>\r\n<p>- a <a href=\"https:\/\/www.ufsm.br\/pro-reitorias\/proplan\/resolucao-n-001-2013\/\" target=\"_blank\"><font color=\"blue\"><u>Resolu\u00e7\u00e3o N. 001\/2013 da UFSM<\/u><\/font><\/a>, que disp\u00f5e sobre concess\u00e3o, crit\u00e9rios de acesso, perman\u00eancia e suspens\u00e3o de Bolsas Estudantis de Ensino, de Pesquisa e de Extens\u00e3o da Universidade Federal de Santa Maria;<\/p>\r\n<p>- a <a href=\"https:\/\/www.ufsm.br\/pro-reitorias\/proplan\/resolucao-n-025-2012\/\" target=\"_blank\"><font color=\"blue\"><u>Resolu\u00e7\u00e3o N. 025\/2012 da UFSM<\/u><\/font><\/a>, que disp\u00f5e, no \u00e2mbito da UFSM, sobre as diretrizes e normas relativas \u00e0 presta\u00e7\u00e3o de servi\u00e7os, por meio do desenvolvimento de atividades voltadas ao ensino, \u00e0 pesquisa cient\u00edfica e tecnol\u00f3gica, \u00e0 extens\u00e3o universit\u00e1ria e a inova\u00e7\u00e3o;<\/p>\r\n<p>- a <a href=\"https:\/\/www.ufsm.br\/pro-reitorias\/proplan\/resolucao-n-007-2018\/\" target=\"_blank\"><font color=\"blue\"><u>Resolu\u00e7\u00e3o N. 007\/2018 da UFSM<\/u><\/font><\/a>, que disp\u00f5e, no \u00e2mbito da UFSM, sobre as atividades do Magist\u00e9rio Federal da UFSM e revoga a <a href=\"https:\/\/www.ufsm.br\/pro-reitorias\/proplan\/resolucao-n-034-2015\/\" target=\"_blank\"><font color=\"blue\"><u>Resolu\u00e7\u00e3o N. 034\/2015<\/u><\/font><\/a>;<\/p>\r\n<p>- o <a href=\"http:\/\/www.planalto.gov.br\/ccivil_03\/_Ato2004-2006\/2006\/Decreto\/D5707.htm\" target=\"_blank\"><font color=\"blue\"><u>Decreto N. 5.707\/2006<\/u><\/font><\/a>, que institui a Pol\u00edtica e as Diretrizes para o Desenvolvimento de Pessoal da Administra\u00e7\u00e3o P\u00fablica Federal Direta, Aut\u00e1rquica e Fundacional, e regulamenta dispositivos da <a href=\"http:\/\/www.planalto.gov.br\/ccivil_03\/leis\/l8112cons.htm\" target=\"_blank\"><font color=\"blue\"><u>Lei N. 8.112, de 11 de dezembro de 1990<\/u><\/font><\/a>, em especial o Art. 2\u00ba;<\/p>\r\n<p>- o <a href=\"http:\/\/www.planalto.gov.br\/ccivil_03\/decreto\/D3184.htm\" target=\"_blank\"><font color=\"blue\"><u>Decreto N. 3.184 de 27 de setembro de 1999<\/u><\/font><\/a>, que disp\u00f5e sobre a concess\u00e3o de indeniza\u00e7\u00e3o de transporte aos servidores p\u00fablicos da Administra\u00e7\u00e3o Direta, Aut\u00e1rquica e Fundacional do Poder Executivo da Uni\u00e3o;<\/p>\r\n<p>- a <a href=\"http:\/\/www.planalto.gov.br\/ccivil_03\/leis\/l8112cons.htm\" target=\"_blank\"><font color=\"blue\"><u>Lei N. 8.112, de 11 de dezembro de 1990<\/u><\/font><\/a>, que disp\u00f5e sobre o Regime Jur\u00eddico dos Servidores P\u00fablicos Civis da Uni\u00e3o, das Autarquias e das Funda\u00e7\u00f5es P\u00fablicas Federais;<\/p>\r\n<p>- ao <a href=\"https:\/\/www.camara.leg.br\/proposicoesWeb\/fichadetramitacao?idProposicao=2168710\" target=\"_blank\"><font color=\"blue\"><u>Projeto de Lei N. 9690\/18<\/u><\/font><\/a>, que permite aos servidores que concorram a bolsas de pesquisa, desenvolvimento, inova\u00e7\u00e3o e interc\u00e2mbios;<\/p>\r\n<p>- a <a href=\"http:\/\/www.planalto.gov.br\/ccivil_03\/_ato2004-2006\/2005\/lei\/l11091.htm\" target=\"_blank\"><font color=\"blue\"><u>Lei N. 11.091\/2005<\/u><\/font><\/a>, que disp\u00f5e sobre a estrutura\u00e7\u00e3o do Plano de Carreira dos Cargos T\u00e9cnico-Administrativos em Educa\u00e7\u00e3o, no \u00e2mbito das Institui\u00e7\u00f5es Federais de Ensino vinculadas ao Minist\u00e9rio da Educa\u00e7\u00e3o, e d\u00e1 outras provid\u00eancias;<\/p>\r\n<p>- a <a href=\"http:\/\/www.planalto.gov.br\/ccivil_03\/_ato2011-2014\/2012\/lei\/l12772.htm\" target=\"_blank\"><font color=\"blue\"><u>Lei N. 12.772\/2012<\/u><\/font><\/a>, que disp\u00f5e sobre a estrutura\u00e7\u00e3o do Plano de Carreiras e Cargos de Magist\u00e9rio Federal;<\/p>\r\n<p>- a <a href=\"http:\/\/portal.mec.gov.br\/index.php?option=com_docman&amp;view=download&amp;alias=104251-rces007-18&amp;category_slug=dezembro-2018-pdf&amp;Itemid=30192\" target=\"_blank\"><font color=\"blue\"><u>Resolu\u00e7\u00e3o n\u00b0 7, de 18 de dezembro de 2018<\/u><\/font><\/a>, do Conselho Nacional de Educa\u00e7\u00e3o\/C\u00e2mara de Educa\u00e7\u00e3o Superior; que estabelece as Diretrizes para a Extens\u00e3o na Educa\u00e7\u00e3o Superior Brasileira e regimenta o disposto na Meta 12.7 da <a href=\"http:\/\/www.planalto.gov.br\/ccivil_03\/_ato2011-2014\/2014\/lei\/l13005.htm\" target=\"_blank\"><font color=\"blue\"><u>Lei n 13.005\/2014<\/u><\/font><\/a>, que aprova o Plano Nacional de Educa\u00e7\u00e3o \u2013 PNE 2014-2024 e d\u00e1 outras provid\u00eancias;<\/p>\r\n<p>- o Parecer N. 052\/2018 da Comiss\u00e3o de Ensino, Pesquisa e Extens\u00e3o (COMEPE) e o Parecer N. 159\/2018 da Comiss\u00e3o de Legisla\u00e7\u00e3o e Normas (CLN), aprovados na 929\u00aa Sess\u00e3o do Conselho de Ensino, Pesquisa e Extens\u00e3o, de 20 de 12 de 2018, referente ao Processo N. <a href=\"https:\/\/portal.ufsm.br\/documentos\/publico\/processo\/documento.html?idDocumento=8925893\" target=\"_blank\"><font color=\"blue\">23081.024360\/2018-87<\/font><\/a>; e<\/p>\r\n<p>- o Parecer N. 009\/2019 da Comiss\u00e3o de Legisla\u00e7\u00e3o e Regimentos (CLR), aprovado na 815\u00aa Sess\u00e3o do Conselho Universit\u00e1rio, de 26 de abril de 2019, referente ao Processo N. <a href=\"https:\/\/portal.ufsm.br\/documentos\/publico\/processo\/documento.html?idDocumento=8925893\" target=\"_blank\"><font color=\"blue\">23081.024360\/2018-87<\/font><\/a>.<\/p>\r\n<br>\r\n<p><b><div align=\"center\">RESOLVE:<\/b><\/div><\/p>\r\n<br>\r\n<p>Art. 1\u00b0 Aprovar a <a href=\"https:\/\/www.ufsm.br\/pro-reitorias\/proplan\/politica-de-extensao-da-ufsm\/\" target=\"_blank\"><font color=\"blue\"><u>Pol\u00edtica de Extens\u00e3o da Universidade Federal de Santa Maria<\/u><\/font><\/a>.<\/p>\r\n<p>Par\u00e1grafo \u00fanico. A <a href=\"https:\/\/www.ufsm.br\/pro-reitorias\/proplan\/politica-de-extensao-da-ufsm\/\" target=\"_blank\"><font color=\"blue\"><u>Pol\u00edtica de Extens\u00e3o da UFSM<\/u><\/font><\/a> \u00e9 aprovada na forma de Anexo a esse ato.<\/p>\r\n\r\n<p>Art. 2\u00b0 A Pr\u00f3-Reitoria de Extens\u00e3o, juntamente com a C\u00e2mara de Extens\u00e3o, presidida pelo(a) Pr\u00f3-Reitor(a) de Extens\u00e3o, ser\u00e1 respons\u00e1vel pelo encaminhamento das atividades para aplica\u00e7\u00e3o da <a href=\"https:\/\/www.ufsm.br\/pro-reitorias\/proplan\/politica-de-extensao-da-ufsm\/\" target=\"_blank\"><font color=\"blue\"><u>Pol\u00edtica de Extens\u00e3o da UFSM<\/u><\/font><\/a>.<\/p>\r\n<p>Art. 3\u00ba Esta resolu\u00e7\u00e3o entrar\u00e1 em vigor na data de sua assinatura, revogadas as disposi\u00e7\u00f5es em contr\u00e1rio, especificamente revogando a <a href=\"https:\/\/www.ufsm.br\/pro-reitorias\/proplan\/resolucao-n-016-2008\/\" target=\"_blank\"><font color=\"blue\"><u>Resolu\u00e7\u00e3o N. 016\/2008<\/u><\/font><\/a>, a <a href=\"https:\/\/www.ufsm.br\/pro-reitorias\/proplan\/resolucao-n-017-2008\/\" target=\"_blank\"><font color=\"blue\"><u>Resolu\u00e7\u00e3o N. 017\/2008<\/u><\/font><\/a> e a <a href=\"https:\/\/www.ufsm.br\/pro-reitorias\/proplan\/resolucao-n-025-2008\/\" target=\"_blank\"><font color=\"blue\"><u>Resolu\u00e7\u00e3o N. 025\/2008<\/u><\/font><\/a>.<\/p>\r\n\r\n<p>GABINETE DO REITOR DA UNIVERSIDADE FEDERAL DE SANTA MARIA, aos 29 dias do m\u00eas de abril do ano dois mil e dezenove.<\/p>\r\n<\/div>\r\n\r\n\r\n<p>Paulo Afonso Burmann,<\/p>\r\n<p>Reitor<p \/>\r\n\r\n<p><font color=\"red0000\">Este texto n\u00e3o substitui o documento original, publicado no Portal de Documentos.<\/font> Dispon\u00edvel em: <a href=\"https:\/\/portal.ufsm.br\/documentos\/publico\/documento.html?id=12476803\" target=\"_blank\"><font color=\"blue\">https:\/\/portal.ufsm.br\/documentos\/publico\/documento.html?id=12476803<\/font><\/a>\r\n\t\t<\/div>\n\t\t\t\t<\/div>\n\t\t\t\t\t<\/div>\n\t\t<\/div>\n\t\t\t\t\t<\/div>\n\t\t<\/section>\n\t\t\t\t<\/div>\n\t\t","protected":false},"excerpt":{"rendered":"<p>RESOLU\u00c7\u00c3O N. 006\/2019 MINIST\u00c9RIO DA EDUCA\u00c7\u00c3O UNIVERSIDADE FEDERAL DE SANTA MARIA RESOLU\u00c7\u00c3O N. 006\/2019 Aprova a Pol\u00edtica de Extens\u00e3o da Universidade Federal de Santa Maria. O REITOR DA UNIVERSIDADE FEDERAL DE SANTA MARIA, no uso de suas atribui\u00e7\u00f5es legais e estatut\u00e1rias e considerando: &#8211; a autonomia universit\u00e1ria postulada no Art. 207, 214, 218 e 219, [&hellip;]<\/p>\n","protected":false},"author":205,"featured_media":0,"parent":0,"menu_order":0,"comment_status":"closed","ping_status":"closed","template":"","meta":{"footnotes":""},"categories":[],"tags":[],"class_list":["post-2419","page","type-page","status-publish","hentry"],"acf":[],"_links":{"self":[{"href":"https:\/\/www.ufsm.br\/pro-reitorias\/proplan\/wp-json\/wp\/v2\/pages\/2419","targetHints":{"allow":["GET"]}}],"collection":[{"href":"https:\/\/www.ufsm.br\/pro-reitorias\/proplan\/wp-json\/wp\/v2\/pages"}],"about":[{"href":"https:\/\/www.ufsm.br\/pro-reitorias\/proplan\/wp-json\/wp\/v2\/types\/page"}],"author":[{"embeddable":true,"href":"https:\/\/www.ufsm.br\/pro-reitorias\/proplan\/wp-json\/wp\/v2\/users\/205"}],"replies":[{"embeddable":true,"href":"https:\/\/www.ufsm.br\/pro-reitorias\/proplan\/wp-json\/wp\/v2\/comments?post=2419"}],"version-history":[{"count":0,"href":"https:\/\/www.ufsm.br\/pro-reitorias\/proplan\/wp-json\/wp\/v2\/pages\/2419\/revisions"}],"wp:attachment":[{"href":"https:\/\/www.ufsm.br\/pro-reitorias\/proplan\/wp-json\/wp\/v2\/media?parent=2419"}],"wp:term":[{"taxonomy":"category","embeddable":true,"href":"https:\/\/www.ufsm.br\/pro-reitorias\/proplan\/wp-json\/wp\/v2\/categories?post=2419"},{"taxonomy":"post_tag","embeddable":true,"href":"https:\/\/www.ufsm.br\/pro-reitorias\/proplan\/wp-json\/wp\/v2\/tags?post=2419"}],"curies":[{"name":"wp","href":"https:\/\/api.w.org\/{rel}","templated":true}]}}