{"id":2432,"date":"2019-09-30T17:30:23","date_gmt":"2019-09-30T20:30:23","guid":{"rendered":"https:\/\/www.ufsm.br\/pro-reitorias\/proplan\/?page_id=2432"},"modified":"2026-01-09T10:28:27","modified_gmt":"2026-01-09T13:28:27","slug":"resolucao-n-015-2019","status":"publish","type":"page","link":"https:\/\/www.ufsm.br\/pro-reitorias\/proplan\/resolucao-n-015-2019","title":{"rendered":"Resolu\u00e7\u00e3o N. 015\/2019"},"content":{"rendered":"\t\t<div data-elementor-type=\"wp-post\" data-elementor-id=\"2432\" class=\"elementor elementor-2432\">\n\t\t\t\t\t\t<section class=\"elementor-section elementor-top-section elementor-element elementor-element-a8e8c90 elementor-section-boxed elementor-section-height-default elementor-section-height-default\" data-id=\"a8e8c90\" data-element_type=\"section\">\n\t\t\t\t\t\t<div class=\"elementor-container elementor-column-gap-default\">\n\t\t\t\t\t<div class=\"elementor-column elementor-col-100 elementor-top-column elementor-element elementor-element-5c7d5c7\" data-id=\"5c7d5c7\" data-element_type=\"column\">\n\t\t\t<div class=\"elementor-widget-wrap elementor-element-populated\">\n\t\t\t\t\t\t<div class=\"elementor-element elementor-element-928230c elementor-widget elementor-widget-html\" data-id=\"928230c\" data-element_type=\"widget\" data-widget_type=\"html.default\">\n\t\t\t\t<div class=\"elementor-widget-container\">\n\t\t\t\r\n\r\n\r\n<title><b>RESOLU\u00c7\u00c3O N. 015\/2019<\/b><\/title>\r\n\r\n\r\n<div align=\"center\"><img decoding=\"async\" src=\"https:\/\/www.ufsm.br\/pro-reitorias\/proplan\/wp-content\/uploads\/sites\/344\/2019\/09\/brasao-da-republica-do-brasil-logo.png\" alt=\"Bras\u00e3o Rep\u00fablica Federativa do Brasil\" width=\"6%\" height=\"6%\"><\/div>    \r\n<h1><font color=\"blue\"><font size=\"5\"><div align=\"center\">MINIST\u00c9RIO DA EDUCA\u00c7\u00c3O<\/b><\/font><\/font><\/div><\/H1>\r\n<p><b><font color=\"0000blue\"><div align=\"center\">UNIVERSIDADE FEDERAL DE SANTA MARIA<\/b><\/font><\/div><\/p>\r\n\r\n<p><div align=\"center\"><b><a href=\"https:\/\/portal.ufsm.br\/documentos\/publico\/documento.html?id=12575756\"><font color=\"blue\">RESOLU\u00c7\u00c3O N. 015\/2019<\/font><\/a><\/b><\/div><\/p>\r\n<br>\r\n<p>\r\n    <div style=\"color: #800000;width: 60%;margin-left: auto;margin-right: 0;text-align: justify;font-weight: normal\">Altera o artigo 49 da <a href=\"https:\/\/www.ufsm.br\/pro-reitorias\/proplan\/resolucao-n-025-2016\/\" target=\"_blank\"><font color=\"blue\"><u>Resolu\u00e7\u00e3o N. 025\/2016<\/u><\/font><\/a>, que regulamenta o Concurso P\u00fablico para ingresso no Quadro do Magist\u00e9rio do Ensino B\u00e1sico, T\u00e9cnico e Tecnol\u00f3gico da Universidade Federal de Santa Maria, de acordo com a legisla\u00e7\u00e3o vigente e d\u00e1 outras provid\u00eancias.<\/div><\/p>\r\n<br><div align=\"justify\">\r\n<p>O REITOR DA UNIVERSIDADE FEDERAL DE SANTA MARIA, no uso de suas atribui\u00e7\u00f5es legais e estatut\u00e1rias e considerando:<\/p>\r\n<p>\u2013 a necessidade de atualizar o artigo 49 da <a href=\"https:\/\/www.ufsm.br\/pro-reitorias\/proplan\/resolucao-n-025-2016\/\" target=\"_blank\"><font color=\"blue\"><u>Resolu\u00e7\u00e3o N. 025\/2016<\/u><\/font><\/a>, que regulamenta o Concurso P\u00fablico para ingresso no Quadro do Magist\u00e9rio do Ensino B\u00e1sico, T\u00e9cnico e Tecnol\u00f3gico da Universidade Federal de Santa Maria, de acordo com a legisla\u00e7\u00e3o vigente e d\u00e1 outras provid\u00eancias;<\/p>\r\n<p>\u2013 o atendimento ao Of\u00edcio N. 082\/2019\/PRM-SMA\/GAB1, que encaminha a recomenda\u00e7\u00e3o N. 002\/2019, de 16\/01\/2019, do Minist\u00e9rio P\u00fablico Federal;<\/p>\r\n<p>\u2013 o Parecer N. 057\/2019 da Comiss\u00e3o de Legisla\u00e7\u00e3o e Normas (CLN), aprovado na 934\u00aa Sess\u00e3o do Conselho de Ensino, Pesquisa e Extens\u00e3o (CEPE), de 07\/06\/2019, referente ao Processo N. <a href=\"https:\/\/portal.ufsm.br\/documentos\/publico\/processo\/documento.html?idDocumento=12412845\" target=\"_blank\"><font color=\"blue\"><u>23081.018734\/2019-14<\/u><\/font><\/a>.<\/p>\r\n<p>\u2013 o Parecer N. 054\/2019 da Comiss\u00e3o de Legisla\u00e7\u00e3o e Regimentos (CLR), aprovado na 817\u00aa Sess\u00e3o do Conselho Universit\u00e1rio (CONSU), de 28\/06\/2019, referente ao Processo N.  <a href=\"https:\/\/portal.ufsm.br\/documentos\/publico\/processo\/documento.html?idDocumento=12412845\" target=\"_blank\"><font color=\"blue\"><u>23081.018734\/2019-14<\/u><\/font><\/a>.<\/p>\r\n<br>\r\n<p><b><div align=\"center\">RESOLVE:<\/b><\/div><\/p>\r\n<br>\r\n<p>Art. 1\u00ba Alterar o artigo 49 da <a href=\"https:\/\/www.ufsm.br\/pro-reitorias\/proplan\/resolucao-n-025-2016\/\" target=\"_blank\"><font color=\"blue\"><u>Resolu\u00e7\u00e3o N. 025\/2016<\/u><\/font><\/a>, que regulamenta o Concurso P\u00fablico para ingresso no Quadro do Magist\u00e9rio do Ensino B\u00e1sico, T\u00e9cnico e Tecnol\u00f3gico da Universidade Federal de Santa Maria, de acordo com a legisla\u00e7\u00e3o vigente e d\u00e1 outras provid\u00eancias, a qual passa a ter a seguinte reda\u00e7\u00e3o:\r\n\r\n<p>\u201cArt. 49 N\u00e3o poder\u00e1 participar da Comiss\u00e3o Examinadora <b>ou ser designado como Secret\u00e1rio do Concurso:<\/b><\/p>\r\n<p>I \u2013 c\u00f4njuge de candidato ou companheiro, mesmo que divorciado ou separado judicialmente;<\/p>\r\n<p>II \u2013 ascendente ou descendente de candidato, at\u00e9 segundo grau, ou colateral at\u00e9 o quarto grau, seja o parentesco por consanguinidade, afinidade ou ado\u00e7\u00e3o;<\/p>\r\n<p>III \u2013 s\u00f3cio de candidato em atividade profissional <b>ou aquele que mantenha v\u00ednculo de trabalho caracterizado por uma rela\u00e7\u00e3o de supervis\u00e3o ou subordina\u00e7\u00e3o com candidato inscrito no certame;<\/b><\/p>\r\n<p>IV \u2013 orientador ou co-orientador acad\u00eamico do candidato, em n\u00edvel igual ou superior ao de Especializa\u00e7\u00e3o;<\/p>\r\n<p>V \u2013 autoridade ou servidor que tenha amizade \u00edntima ou inimizade not\u00f3ria com algum dos interessados ou com os respectivos c\u00f4njuges, companheiros, parentes e afins at\u00e9 o terceiro grau; e,<\/p>\r\n<p>VI \u2013 outras situa\u00e7\u00f5es de impedimento ou suspei\u00e7\u00e3o previstas na legisla\u00e7\u00e3o vigente.\u201d<\/p>\r\n<p>Par\u00e1grafo \u00fanico. A partir da homologa\u00e7\u00e3o dos candidatos inscritos no Concurso P\u00fablico, os integrantes do Conselho Superior da Unidade da UFSM de origem da vaga dever\u00e3o respeitar a mesmas limita\u00e7\u00f5es e impedimentos previstas para o Secret\u00e1rio do Concurso e membro da Comiss\u00e3o Examinadora, ao longo de toda condu\u00e7\u00e3o do processo.<\/p>\r\n\r\n<p>Art. 2\u00ba Esta resolu\u00e7\u00e3o entrar\u00e1 em vigor na data de sua publica\u00e7\u00e3o, e revoga as disposi\u00e7\u00f5es em contr\u00e1rio.<\/p>\r\n\r\n<p>GABINETE DO REITOR DA UNIVERSIDADE FEDERAL DE SANTA MARIA, ao 1\u00ba dia do m\u00eas de julho do ano dois mil e dezenove.<\/p>\r\n<\/div>\r\n\r\n<p>Paulo Afonso Burmann,<\/p>\r\n<p>Reitor<p \/>\r\n\r\n<p><font color=\"red0000\">Este texto n\u00e3o substitui o documento original, publicado no Portal de Documentos.<\/font> Dispon\u00edvel em: <a href=\"https:\/\/portal.ufsm.br\/documentos\/publico\/documento.html?id=12575756\"><font color=\"blue\">https:\/\/portal.ufsm.br\/documentos\/publico\/documento.html?id=12575756<\/font><\/a>\r\n\r\n\t\t<\/div>\n\t\t\t\t<\/div>\n\t\t\t\t\t<\/div>\n\t\t<\/div>\n\t\t\t\t\t<\/div>\n\t\t<\/section>\n\t\t\t\t<\/div>\n\t\t","protected":false},"excerpt":{"rendered":"<p>RESOLU\u00c7\u00c3O N. 015\/2019 MINIST\u00c9RIO DA EDUCA\u00c7\u00c3O UNIVERSIDADE FEDERAL DE SANTA MARIA RESOLU\u00c7\u00c3O N. 015\/2019 Altera o artigo 49 da Resolu\u00e7\u00e3o N. 025\/2016, que regulamenta o Concurso P\u00fablico para ingresso no Quadro do Magist\u00e9rio do Ensino B\u00e1sico, T\u00e9cnico e Tecnol\u00f3gico da Universidade Federal de Santa Maria, de acordo com a legisla\u00e7\u00e3o vigente e d\u00e1 outras provid\u00eancias. [&hellip;]<\/p>\n","protected":false},"author":205,"featured_media":0,"parent":0,"menu_order":0,"comment_status":"closed","ping_status":"closed","template":"","meta":{"footnotes":""},"categories":[],"tags":[],"class_list":["post-2432","page","type-page","status-publish","hentry"],"acf":[],"_links":{"self":[{"href":"https:\/\/www.ufsm.br\/pro-reitorias\/proplan\/wp-json\/wp\/v2\/pages\/2432","targetHints":{"allow":["GET"]}}],"collection":[{"href":"https:\/\/www.ufsm.br\/pro-reitorias\/proplan\/wp-json\/wp\/v2\/pages"}],"about":[{"href":"https:\/\/www.ufsm.br\/pro-reitorias\/proplan\/wp-json\/wp\/v2\/types\/page"}],"author":[{"embeddable":true,"href":"https:\/\/www.ufsm.br\/pro-reitorias\/proplan\/wp-json\/wp\/v2\/users\/205"}],"replies":[{"embeddable":true,"href":"https:\/\/www.ufsm.br\/pro-reitorias\/proplan\/wp-json\/wp\/v2\/comments?post=2432"}],"version-history":[{"count":0,"href":"https:\/\/www.ufsm.br\/pro-reitorias\/proplan\/wp-json\/wp\/v2\/pages\/2432\/revisions"}],"wp:attachment":[{"href":"https:\/\/www.ufsm.br\/pro-reitorias\/proplan\/wp-json\/wp\/v2\/media?parent=2432"}],"wp:term":[{"taxonomy":"category","embeddable":true,"href":"https:\/\/www.ufsm.br\/pro-reitorias\/proplan\/wp-json\/wp\/v2\/categories?post=2432"},{"taxonomy":"post_tag","embeddable":true,"href":"https:\/\/www.ufsm.br\/pro-reitorias\/proplan\/wp-json\/wp\/v2\/tags?post=2432"}],"curies":[{"name":"wp","href":"https:\/\/api.w.org\/{rel}","templated":true}]}}