{"id":2439,"date":"2019-10-01T13:00:17","date_gmt":"2019-10-01T16:00:17","guid":{"rendered":"https:\/\/www.ufsm.br\/pro-reitorias\/proplan\/?page_id=2439"},"modified":"2026-01-09T10:33:49","modified_gmt":"2026-01-09T13:33:49","slug":"resolucao-n-020-2019","status":"publish","type":"page","link":"https:\/\/www.ufsm.br\/pro-reitorias\/proplan\/resolucao-n-020-2019","title":{"rendered":"Resolu\u00e7\u00e3o N. 020\/2019"},"content":{"rendered":"\t\t<div data-elementor-type=\"wp-page\" data-elementor-id=\"2439\" class=\"elementor elementor-2439\">\n\t\t\t\t\t\t<section class=\"elementor-section elementor-top-section elementor-element elementor-element-1627a47 elementor-section-boxed elementor-section-height-default elementor-section-height-default\" data-id=\"1627a47\" data-element_type=\"section\">\n\t\t\t\t\t\t<div class=\"elementor-container elementor-column-gap-default\">\n\t\t\t\t\t<div class=\"elementor-column elementor-col-100 elementor-top-column elementor-element elementor-element-d89d877\" data-id=\"d89d877\" data-element_type=\"column\">\n\t\t\t<div class=\"elementor-widget-wrap elementor-element-populated\">\n\t\t\t\t\t\t<div class=\"elementor-element elementor-element-10f091b elementor-widget elementor-widget-html\" data-id=\"10f091b\" data-element_type=\"widget\" data-widget_type=\"html.default\">\n\t\t\t\t<div class=\"elementor-widget-container\">\n\t\t\t\r\n\r\n\r\n<title><b>RESOLU\u00c7\u00c3O N. 020\/2019<\/b><\/title>\r\n\r\n\r\n<div align=\"center\"><img decoding=\"async\" src=\"https:\/\/www.ufsm.br\/pro-reitorias\/proplan\/wp-content\/uploads\/sites\/344\/2019\/09\/brasao-da-republica-do-brasil-logo.png\" alt=\"Bras\u00e3o Rep\u00fablica Federativa do Brasil\" width=\"6%\" height=\"6%\"><\/div>    \r\n<h1><font color=\"blue\"><font size=\"5\"><div align=\"center\">MINIST\u00c9RIO DA EDUCA\u00c7\u00c3O<\/b><\/font><\/font><\/div><\/H1>\r\n<p><b><font color=\"0000blue\"><div align=\"center\">UNIVERSIDADE FEDERAL DE SANTA MARIA<\/b><\/font><\/div><\/p>\r\n\r\n<p><div align=\"center\"><b><a href=\"https:\/\/portal.ufsm.br\/documentos\/publico\/documento.html?id=12697388\"><font color=\"blue\">RESOLU\u00c7\u00c3O N. 020\/2019<\/font><\/a><\/b><\/div><\/p>\r\n<br>\r\n\r\n    <div style=\"color: #800000;width: 60%;margin-left: auto;margin-right: 0;text-align: justify;font-weight: normal\">Aprova a revoga\u00e7\u00e3o expressa das Resolu\u00e7\u00f5es referentes aos colegiados extintos em decorr\u00eancia do disposto no <a href=\"http:\/\/www.planalto.gov.br\/ccivil_03\/_ato2019-2022\/2019\/decreto\/D9759.htm\" target=\"_blank\"><font color=\"blue\"><u>Decreto N. 9.759<\/u><\/font><\/a>, de 11 de abril de 2019, na Universidade Federal de Santa Maria (UFSM).<\/div><\/p>\r\n<br><div align=\"justify\">\r\n<p>Alterada pelo <a href=\"http:\/\/www.planalto.gov.br\/ccivil_03\/_Ato2019-2022\/2019\/Decreto\/D9812.htm\"><font color=\"blue\">Decreto N. 9.812, de 30 de maio de 2019<\/font><\/a> e pelas Resolu\u00e7\u00f5es <a href=\"https:\/\/www.ufsm.br\/pro-reitorias\/proplan\/resolucao-n-039-2019\/\"><font color=\"blue\">N. 039\/2019<\/font><\/a> e <a href=\"https:\/\/www.ufsm.br\/pro-reitorias\/proplan\/resolucao-n-021-2020\/\"><font color=\"blue\">N. 021\/2020<\/font><\/a><\/p>\r\n<br>\r\n<p>O REITOR DA UNIVERSIDADE FEDERAL DE SANTA MARIA, no uso de suas atribui\u00e7\u00f5es legais e estatut\u00e1rias e considerando:<\/p>\r\n<p>\u2013 o Artigo 9\u00ba do <a href=\"http:\/\/www.planalto.gov.br\/ccivil_03\/_ato2019-2022\/2019\/decreto\/D9759.htm\" target=\"_blank\"><font color=\"blue\"><u>Decreto N. 9.759<\/u><\/font><\/a>, de 11 de abril de 2019, que extingue e estabelece diretrizes, regras e limita\u00e7\u00f5es para colegiados da administra\u00e7\u00e3o p\u00fablica federal;<\/p>\r\n<p>\u2013 o Parecer N. 084\/2019 da Comiss\u00e3o de Legisla\u00e7\u00e3o e Normas (CLN), aprovado na 937\u00aa Sess\u00e3o do Conselho de Ensino, Pesquisa e Extens\u00e3o, de 23 de agosto de 2019, referente ao Processo N. <a href=\"https:\/\/portal.ufsm.br\/documentos\/publico\/processo\/documento.html?idDocumento=12618468\" target=\"_blank\"><font color=\"blue\"><u>23081.039344\/2019-70<\/u><\/font><\/a>; e,<\/p>\r\n<p>\u2013 o Parecer N. 087\/2019 da Comiss\u00e3o de Legisla\u00e7\u00e3o e Regimentos (CLR), aprovado na 820\u00aa Sess\u00e3o do Conselho Universit\u00e1rio, de 30 de agosto de 2019, referente ao Processo N. <a href=\"https:\/\/portal.ufsm.br\/documentos\/publico\/processo\/documento.html?idDocumento=12618468\" target=\"_blank\"><font color=\"blue\"><u>23081.039344\/2019-70<\/u><\/font><\/a>.<\/p>\r\n<br>\r\n<p><b><div align=\"center\">RESOLVE:<\/b><\/div><\/p>\r\n<br>\r\n<p>Art. 1\u00ba Aprovar a revoga\u00e7\u00e3o expressa das Resolu\u00e7\u00f5es a seguir, referentes aos colegiados extintos em decorr\u00eancia do disposto no <a href=\"http:\/\/www.planalto.gov.br\/ccivil_03\/_ato2019-2022\/2019\/decreto\/D9759.htm\" target=\"_blank\"><font color=\"blue\"><u>Decreto N. 9.759, de 11 de abril de 2019<\/u><\/font><\/a>, na estrutura organizacional da Universidade Federal de Santa Maria (UFSM).<\/p>\r\n\r\n<p>- <a href=\"https:\/\/www.ufsm.br\/pro-reitorias\/proplan\/resolucao-n-003-1978\/\" target=\"_blank\"><font color=\"blue\"><u>RESOLU\u00c7\u00c3O N. 003\/1978<\/u><\/font><\/a>, QUE IMPLEMENTA OS COLEGIADOS DOS CURSOS JUNTO AOS ATUAIS CENTROS DA UFSM, DE 20\/05\/1978.<\/p>\r\n<p>- <a href=\"https:\/\/www.ufsm.br\/pro-reitorias\/proplan\/resolucao-n-019-1978\/\" target=\"_blank\"><font color=\"blue\"><u>RESOLU\u00c7\u00c3O N. 019\/1978<\/u><\/font><\/a>, QUE IMPLEMENTA OS COLEGIADOS DOS CURSOS DE P\u00d3S-GRADUA\u00c7\u00c3O DA UFSM, DE 20\/07\/1978.<\/p>\r\n<p>- <a href=\"https:\/\/www.ufsm.br\/pro-reitorias\/proplan\/resolucao-n-086-1980\/\" target=\"_blank\"><font color=\"blue\"><u>RESOLU\u00c7\u00c3O N. 086\/1980<\/u><\/font><\/a>, QUE DESIGNA COMISS\u00c3O PARA REALIZAR ESTUDOS E PROPOR MEDIDAS SOBRE NECESSIDADES DE SERVI\u00c7OS, DE 20\/08\/1980.<\/p>\r\n<p>- <a href=\"https:\/\/www.ufsm.br\/pro-reitorias\/proplan\/resolucao-n-103-1981\/\" target=\"_blank\"><font color=\"blue\"><u>RESOLU\u00c7\u00c3O N. 103\/1981<\/u><\/font><\/a>, QUE CRIA O COLEGIADO ESPECIAL DE LICENCIATURAS, NO CENTRO DE EDUCA\u00c7\u00c3O - CE, DE 15\/06\/1981.<\/p>\r\n<p>- <a href=\"https:\/\/www.ufsm.br\/pro-reitorias\/proplan\/resolucao-n-010-1982\/\" target=\"_blank\"><font color=\"blue\"><u>RESOLU\u00c7\u00c3O N. 010\/1982<\/u><\/font><\/a>, QUE IMPLANTA A NOVA SISTEM\u00c1TICA SOBRE O FUNCIONAMENTO DAS COMISS\u00d5ES DE PESQUISA\/CENTROS E TRAMITA\u00c7\u00c3O DE PROJETOS DE PESQUISA, DE 14\/05\/1982.<\/p>\r\n<p>- <a href=\"https:\/\/www.ufsm.br\/pro-reitorias\/proplan\/resolucao-n-078-1980\/\" target=\"_blank\"><font color=\"blue\"><u>RESOLU\u00c7\u00c3O N. 078\/1980<\/u><\/font><\/a>, QUE DISP\u00d5E SOBRE O JULGAMENTO DE T\u00cdTULOS PELAS COMISS\u00d5ES EXAMINADORAS DE CONCURSOS, DE 02\/04\/1980.<\/p>\r\n<p>- <a href=\"https:\/\/www.ufsm.br\/pro-reitorias\/proplan\/resolucao-n-018-1982\/\" target=\"_blank\"><font color=\"blue\"><u>RESOLU\u00c7\u00c3O N. 018\/1982<\/u><\/font><\/a>, QUE INSTITUI NOS DEPARTAMENTOS DID\u00c1TICOS DA UFSM A COMISS\u00c3O DA ACOMPANHAMENTO E AVALIA\u00c7\u00c3O DE DOCENTES, DE 21\/10\/1982.<\/p>\r\n<p>- <a href=\"https:\/\/www.ufsm.br\/pro-reitorias\/proplan\/resolucao-n-019A-1982\/\" target=\"_blank\"><font color=\"blue\"><u>RESOLU\u00c7\u00c3O N. 019\/1982<\/u><\/font><\/a>, QUE ALTERA O ART. 2\u00ba DA SISTEM\u00c1TICA SOBRE FUNCIONAMENTO DAS COMISS\u00d5ES DE PESQUISA\/CENTROS DE TRAMITA\u00c7\u00c3O DE PROJETOS DE PESQUISA, DE 11\/11\/1982.<\/p>\r\n<p>- <a href=\"https:\/\/www.ufsm.br\/pro-reitorias\/proplan\/resolucao-n-006-1983\/\" target=\"_blank\"><font color=\"blue\"><u>RESOLU\u00c7\u00c3O N. 006\/1983<\/u><\/font><\/a>, QUE INSTITUI NA UFSM UMA COMISS\u00c3O CENTRAL PARA REDEFINIR OS CRIT\u00c9RIOS DE ACOMPANHAMENTO DE AVALIA\u00c7\u00c3O DE DESEMPENHO DOCENTE, DE 11\/04\/1983.<\/p>\r\n<p>- <a href=\"https:\/\/www.ufsm.br\/pro-reitorias\/proplan\/resolucao-n-007-1983\/\" target=\"_blank\"><font color=\"blue\"><u>RESOLU\u00c7\u00c3O N. 007\/1983<\/u><\/font><\/a>, QUE CRIA A COMISS\u00c3O ENCARREGADA DE ELABORAR AS BASES DO CONV\u00caNIO A SER FIRMADO COM A SECRETARIA DE ESTADO DO INTERIOR, DESENVOLVIMENTO REGIONAL E OBRAS P\u00daBLICAS E A PREFEITURA DE SANTA MARIA, DE 12\/04\/1983.<\/p>\r\n<p>- <a href=\"https:\/\/www.ufsm.br\/pro-reitorias\/proplan\/resolucao-n-023-1983\/\" target=\"_blank\"><font color=\"blue\"><u>RESOLU\u00c7\u00c3O N. 023\/1983<\/u><\/font><\/a>, QUE CONSTITUI O CONSELHO DE ADMINISTRA\u00c7\u00c3O DO HOSPITAL UNIVERSIT\u00c1RIO - HUSM, DE 06\/09\/1983.<\/p>\r\n<p>- <a href=\"https:\/\/www.ufsm.br\/pro-reitorias\/proplan\/resolucao-n-027-1983\/\" target=\"_blank\"><font color=\"blue\"><u>RESOLU\u00c7\u00c3O N. 027\/1983<\/u><\/font><\/a>, QUE D\u00c1 NOVA COMPOSI\u00c7\u00c3O \u00c0S COMISS\u00d5ES DE ACOMPANHAMENTO E AVALIA\u00c7\u00c3O DO DESEMPENHO DOCENTE DOS DEPARTAMENTOS, DE 16\/12\/1983.<\/p>\r\n<p>- <a href=\"https:\/\/www.ufsm.br\/pro-reitorias\/proplan\/resolucao-n-005-1985\/\" target=\"_blank\"><font color=\"blue\"><u>RESOLU\u00c7\u00c3O N. 005\/1985<\/u><\/font><\/a>, QUE INSTITUI A COMISS\u00c3O ESPECIAL QUE DEVER\u00c1 DEFINIR A POL\u00cdTICA DE PESSOAL DOCENTE DA UFSM, DE 02\/05\/1985.<\/p>\r\n<p>- <a href=\"https:\/\/www.ufsm.br\/pro-reitorias\/proplan\/resolucao-n-003-1986\/\" target=\"_blank\"><font color=\"blue\"><u>RESOLU\u00c7\u00c3O N. 003\/1986<\/u><\/font><\/a>, QUE DISP\u00d5E SOBRE A CONSTITUI\u00c7\u00c3O E FUNCIONAMENTO DOS COLEGIADOS DE CURSOS DE GRADUA\u00c7\u00c3O, DE 14\/01\/1986.<\/p>\r\n<p>- <a href=\"https:\/\/www.ufsm.br\/pro-reitorias\/proplan\/resolucao-n-008-1986\/\" target=\"_blank\"><font color=\"blue\"><u>RESOLU\u00c7\u00c3O N. 008\/1986<\/u><\/font><\/a>, QUE DISP\u00d5E SOBRE A COMISS\u00c3O PERMANENTE DE PESSOAL DOCENTE E ESTABELECE CRIT\u00c9RIOS PARA A ESCOLHA DOS REPRESENTANTES, DE 24\/06\/1986.<\/p>\r\n<p>- <a href=\"https:\/\/www.ufsm.br\/pro-reitorias\/proplan\/resolucao-n-023-1987\/\" target=\"_blank\"><font color=\"blue\"><u>RESOLU\u00c7\u00c3O N. 023\/1987<\/u><\/font><\/a>, QUE EXTINGUE A COMISS\u00c3O INSTITUCIONAL DE LOTA\u00c7\u00c3O DE DISCIPLINAS (CILD), DE 15\/05\/1987.<\/p>\r\n<p>- <a href=\"https:\/\/www.ufsm.br\/pro-reitorias\/proplan\/resolucao-n-024-1987\/\" target=\"_blank\"><font color=\"blue\"><u>RESOLU\u00c7\u00c3O N. 024\/1987<\/u><\/font><\/a>, QUE INSTITUI A COMISS\u00c3O PERMANENTE DE PESSOAL T\u00c9CNICO-ADMINISTRATIVO - CPPTA, DE 15\/05\/1987.<\/p>\r\n<p>- <a href=\"https:\/\/www.ufsm.br\/pro-reitorias\/proplan\/resolucao-n-035-1987\/\" target=\"_blank\"><font color=\"blue\"><u>RESOLU\u00c7\u00c3O N. 035\/1987<\/u><\/font><\/a>, QUE APROVA O REGIMENTO INTERNO DA COMISS\u00c3O PERMANENTE DE PESSOAL DOCENTE - CPPD, DE 18\/08\/1988.<\/p>\r\n\r\n\r\n\r\n\r\n<p>- <a href=\"https:\/\/www.ufsm.br\/pro-reitorias\/proplan\/resolucao-n-001-1995\/\" target=\"_blank\"><font color=\"blue\"><u>RESOLU\u00c7\u00c3O N. 001\/1995<\/u><\/font><\/a>, QUE APROVA O REGIMENTO INTERNO DA COMISS\u00c3O PERMANENTE DE PESSOAL T\u00c9CNICO-ADMINISTRATIVO - CPPTA, DE 05\/01\/1995.<\/p>\r\n<p>- <a href=\"https:\/\/www.ufsm.br\/pro-reitorias\/proplan\/resolucao-n-006-1996\/\" target=\"_blank\"><font color=\"blue\"><u>RESOLU\u00c7\u00c3O N. 006\/1996<\/u><\/font><\/a>, QUE CRIA, NO \u00c2MBITO DA UFSM, A COMISS\u00c3O PERMANENTE DE ARTE P\u00daBLICA NO CAMPUS-CPAC, SUBORDINADA AO GABINETE DO REITOR, DE 06\/03\/1996.<\/p>\r\n<p>- <a href=\"https:\/\/www.ufsm.br\/pro-reitorias\/proplan\/resolucao-n-011-1997\/\" target=\"_blank\"><font color=\"blue\"><u>RESOLU\u00c7\u00c3O N. 011\/1997<\/u><\/font><\/a>, QUE CRIA A COMISS\u00c3O PERMANENTE DE ACOMPANHAMENTO PEDAG\u00d3GICO - COPAP, DE 08\/05\/1997.<\/p>\r\n<p>- <a href=\"https:\/\/www.ufsm.br\/pro-reitorias\/proplan\/resolucao-n-018-1998\/\" target=\"_blank\"><font color=\"blue\"><u>RESOLU\u00c7\u00c3O N. 018\/1998<\/u><\/font><\/a>, QUE CRIA A COMISS\u00c3O PERMANENTE DE AVALIA\u00c7\u00c3O DE DOCUMENTOS \u2013 CPAD DA UFSM E DISP\u00d5E SOBRE O SEU FUNCIONAMENTO, DE 04\/11\/1998.<\/p>\r\n<p>- <a href=\"https:\/\/www.ufsm.br\/pro-reitorias\/proplan\/resolucao-n-024-1998\/\" target=\"_blank\"><font color=\"blue\"><u>RESOLU\u00c7\u00c3O N. 024\/1998<\/u><\/font><\/a>, QUE CRIA A COMISS\u00c3O DE VERIFICA\u00c7\u00c3O DE DADOS DO SISTEMA DE INFORMA\u00c7\u00d5ES DA UFSM, DE 26\/11\/1998.<\/p>\r\n<p>- <a href=\"https:\/\/www.ufsm.br\/pro-reitorias\/proplan\/resolucao-n-019-1999\/\" target=\"_blank\"><font color=\"blue\"><u>RESOLU\u00c7\u00c3O N. 019\/1999<\/u><\/font><\/a>, QUE DESIGNA COMISS\u00c3O PARA ACOMPANHAR, AVALIAR, PROPOR MEDIDAS E FISCALIZAR COLETA E DESTINA\u00c7\u00c3O DE RES\u00cdDUOS S\u00d3LIDOS DE SA\u00daDE PRODUZIDOS PELA UNIVERSIDADE, DE 03\/11\/1999.<\/p>\r\n<p>-<a href=\"https:\/\/www.ufsm.br\/pro-reitorias\/proplan\/resolucao-n-007-2001\/\" target=\"_blank\"><font color=\"blue\"><u> RESOLU\u00c7\u00c3O N. 007\/2001<\/u><\/font><\/a>, QUE CRIA NO \u00c2MBITO DA UFSM, COMISS\u00d5ES INTERNAS DE REDU\u00c7\u00c3O DE CONSUMO DE ENERGIA EL\u00c9TRICA - CIRCS E DISCIPLINA O SEU FUNCIONAMENTO, DE 26\/07\/2001.<\/p>\r\n<p><strike>- <a href=\"https:\/\/www.ufsm.br\/pro-reitorias\/proplan\/resolucao-n-009-2006\/\" target=\"_blank\"><font color=\"blue\"><u>RESOLU\u00c7\u00c3O N. 009\/2006<\/u><\/font><\/a>, QUE CRIA, NO \u00c2MBITO DA UFSM, A COMISS\u00c3O PERMANENTE DE CADASTROS DE FORNECEDORES - SICAF, DE 31\/05\/2006.<\/strike>  <a href=\"https:\/\/www.ufsm.br\/pro-reitorias\/proplan\/resolucao-n-039-2019\/\"><font color=\"blue\">(Suprimido pela Resolu\u00e7\u00e3o N. 039\/2019)<\/font><\/a><\/p>\r\n<p><strike>- <a href=\"https:\/\/www.ufsm.br\/pro-reitorias\/proplan\/resolucao-n-002-2008\/\" target=\"_blank\"><font color=\"blue\"><u>RESOLU\u00c7\u00c3O N. 002\/2008<\/u><\/font><\/a>, QUE APROVA O REGIMENTO INTERNO DA COMISS\u00c3O INTERNA DE SUPERVIS\u00c3O DO PLANO DE CARREIRA DOS CARGOS T\u00c9CNICO-ADMINISTRATIVOS EM EDUCA\u00c7\u00c3O DA UFSM - CIS, DE 26\/02\/2008.<\/strike>  <a href=\"https:\/\/www.ufsm.br\/pro-reitorias\/proplan\/resolucao-n-039-2019\/\"><font color=\"blue\">(Suprimido pela Resolu\u00e7\u00e3o N. 039\/2019)<\/font><\/a><\/p>\r\n<p>- <a href=\"https:\/\/www.ufsm.br\/pro-reitorias\/proplan\/resolucao-n-007-2011\/\" target=\"_blank\"><font color=\"blue\"><u>RESOLU\u00c7\u00c3O N. 007\/2011<\/u><\/font><\/a>, QUE DISP\u00d5E SOBRE A CRIA\u00c7\u00c3O E A INSTALA\u00c7\u00c3O DO CONSELHO DE ADMINISTRA\u00c7\u00c3O - CONAD, DO HOSPITAL UNIVERSIT\u00c1RIO DA UNIVERSIDADE FEDERAL DE SANTA MARIA, DE 02\/05\/2011.<\/p>\r\n\r\n<p><strike>- <a href=\"https:\/\/www.ufsm.br\/pro-reitorias\/proplan\/resolucao-n-010-2011\/\" target=\"_blank\"><font color=\"blue\"><u>RESOLU\u00c7\u00c3O N. 010\/2011<\/u><\/font><\/a>, QUE \"ALTERA DENOMINA\u00c7\u00c3O DO COMIT\u00ca INTERNO DE \u00c9TICA EM EXPERIMENTA\u00c7\u00c3O ANIMAL - CIETEA PARA COMISS\u00c3O DE \u00c9TICA EM USO ANIMAL - CEUA, APROVA SEU REGIMENTO INTERNO E REVOGA A RESOLU\u00c7\u00c3O N. 009\/10\", DE 10\/05\/2011.<\/strike>  <a href=\"https:\/\/www.ufsm.br\/pro-reitorias\/proplan\/resolucao-n-021-2020\/\"><font color=\"blue\">(Suprimido pela Resolu\u00e7\u00e3o N. 021\/2020)<\/font><\/a><\/p>\r\n\r\n\r\n<p><strike>- <a href=\"https:\/\/www.ufsm.br\/pro-reitorias\/proplan\/resolucao-n-007-2013\/\" target=\"_blank\"><font color=\"blue\"><u>RESOLU\u00c7\u00c3O N. 007\/2013<\/u><\/font><\/a>, QUE APROVA O REGIMENTO DA COMISS\u00c3O INTERNA DE BIOSSEGURAN\u00c7A DA UNIVERSIDADE FEDERAL DE SANTA MARIA, DE 05\/03\/2013.<\/strike>  <a href=\"https:\/\/www.ufsm.br\/pro-reitorias\/proplan\/resolucao-n-021-2020\/\"><font color=\"blue\">(Suprimido pela Resolu\u00e7\u00e3o N. 021\/2020)<\/font><\/a><\/p>\r\n\r\n\r\n\r\n<p>- <a href=\"https:\/\/www.ufsm.br\/pro-reitorias\/proplan\/resolucao-n-012-2014\/\" target=\"_blank\"><font color=\"blue\"><u>RESOLU\u00c7\u00c3O N. 012\/2014<\/u><\/font><\/a>, QUE CRIA A COMISS\u00c3O DE ENSINO, PESQUISA E EXTENS\u00c3O (CEPEX) DO COL\u00c9GIO T\u00c9CNICO INDUSTRIAL DE SANTA MARIA (CTISM) E DISP\u00d5E SOBRE O SEU FUNCIONAMENTO, DE 25\/06\/2014.<\/p>\r\n<p><strike>- <a href=\"https:\/\/www.ufsm.br\/pro-reitorias\/proplan\/resolucao-n-022-2014\/\" target=\"_blank\"><font color=\"blue\"><u>RESOLU\u00c7\u00c3O N. 022\/2014<\/u><\/font><\/a>, QUE INSTITUI O REGIMENTO INTERNO DA COMISS\u00c3O PERMANENTE DE PESSOAL DOCENTE, DE 12\/09\/2014.<\/strike>  <a href=\"https:\/\/www.ufsm.br\/pro-reitorias\/proplan\/resolucao-n-039-2019\/\"><font color=\"blue\">(Suprimido pela Resolu\u00e7\u00e3o N. 039\/2019)<\/font><\/a><\/p>\r\n<p>- <a href=\"https:\/\/www.ufsm.br\/pro-reitorias\/proplan\/resolucao-n-021-2016\/\" target=\"_blank\"><font color=\"blue\"><u>RESOLU\u00c7\u00c3O N. 021\/2016<\/u><\/font><\/a>, QUE APROVA O REGIMENTO INTERNO DA COMISS\u00c3O DE IMPLANTA\u00c7\u00c3O E ACOMPANHAMENTO DOS PROJETOS PEDAG\u00d3GICOS DE CURSOS DA UFSM, DE 10\/05\/2016.<\/p>\r\n\r\n\r\n<p><strike>- <a href=\"https:\/\/www.ufsm.br\/pro-reitorias\/proplan\/resolucao-n-024-2016\/\" target=\"_blank\"><font color=\"blue\"><u>RESOLU\u00c7\u00c3O N. 024\/2016<\/u><\/font><\/a>, QUE APROVA A ALTERA\u00c7\u00c3O NO REGIMENTO INTERNO DA COMISS\u00c3O DE \u00c9TICA NO USO DE ANIMAIS - CEUA DA UNIVERSIDADE FEDERAL DE SANTA MARIA, DE 14\/06\/2016.<\/strike>  <a href=\"https:\/\/www.ufsm.br\/pro-reitorias\/proplan\/resolucao-n-021-2020\/\"><font color=\"blue\">(Suprimido pela Resolu\u00e7\u00e3o N. 021\/2020)<\/font><\/a><\/p>\r\n\r\n<p>- <a href=\"https:\/\/www.ufsm.br\/pro-reitorias\/proplan\/resolucao-n-032-2016\/\" target=\"_blank\"><font color=\"blue\"><u>RESOLU\u00c7\u00c3O N. 032\/2016<\/u><\/font><\/a>, QUE APROVA A REFORMULA\u00c7\u00c3O DO COMIT\u00ca GESTOR DE TECNOLOGIAS DE INFORMA\u00c7\u00c3O E COMUNICA\u00c7\u00c3O DA UFSM E INSTITUI SEU REGIMENTO INTERNO, DE 08\/09\/2016.<\/p>\r\n<p><strike>- <a href=\"https:\/\/www.ufsm.br\/pro-reitorias\/proplan\/resolucao-n-047-2016\/\" target=\"_blank\"><font color=\"blue\"><u>RESOLU\u00c7\u00c3O N. 047\/2016<\/u><\/font><\/a>, QUE ALTERA O REGIMENTO INTERNO DA COMISS\u00c3O PR\u00d3PRIA DE AVALIA\u00c7\u00c3O (CPA) NO \u00c2MBITO DA UNIVERSIDADE FEDERAL DE SANTA MARIA, E REVOGA RESOLU\u00c7\u00c3O N. 009\/2015, DE 26\/12\/2016.<\/strike>  <a href=\"https:\/\/www.ufsm.br\/pro-reitorias\/proplan\/resolucao-n-039-2019\/\"><font color=\"blue\">(Suprimido pela Resolu\u00e7\u00e3o N. 039\/2019)<\/font><\/a><\/p>\r\n<p><strike>- <a href=\"https:\/\/www.ufsm.br\/pro-reitorias\/proplan\/resolucao-n-009-2017\/\" target=\"_blank\"><font color=\"blue\"><u>RESOLU\u00c7\u00c3O N. 009\/2017<\/u><\/font><\/a>, QUE APROVA O REGIMENTO INTERNO DA COMISS\u00c3O DE \u00c9TICA DA UNIVERSIDADE FEDERAL DE SANTA MARIA, DE 19\/07\/2017.<\/strike> <a href=\"http:\/\/www.planalto.gov.br\/ccivil_03\/_Ato2019-2022\/2019\/Decreto\/D9812.htm\"><font color=\"blue\">Alterado pelo Decreto N. 9.812, de 30 de maio de 2019<\/font><\/a><\/p>\r\n<p>- <a href=\"https:\/\/www.ufsm.br\/pro-reitorias\/proplan\/resolucao-n-035-2017\/\" target=\"_blank\"><font color=\"blue\"><u>RESOLU\u00c7\u00c3O N. 035\/2017<\/u><\/font><\/a>, QUE APROVA A ATUALIZA\u00c7\u00c3O DO REGIMENTO INTERNO DO CONSELHO DE ADMINISTRA\u00c7\u00c3O - CONAD\/HUSM DA UFSM, DE 28\/12\/2017.<\/p>\r\n<p>- <a href=\"https:\/\/www.ufsm.br\/pro-reitorias\/proplan\/resolucao-n-004-2018\/\" target=\"_blank\"><font color=\"blue\"><u>RESOLU\u00c7\u00c3O N. 004\/2018<\/u><\/font><\/a>, QUE INSTITUI O COLEGIADO DE REPRESENTA\u00c7\u00c3O DO PROGRAMA INSTITUCIONAL DE BOLSAS DE INICIA\u00c7\u00c3O \u00c0 DOC\u00caNCIA (PIBID) NA UFSM VINCULADO \u00c0 PROGRAD, DE 23\/03\/2018.<\/p>\r\n\r\n<p>Art. 1A  Aprovar a revoga\u00e7\u00e3o expressa do Artigo 5\u00ba da  <a href=\"https:\/\/www.ufsm.br\/pro-reitorias\/proplan\/resolucao-n-009-2006\/\" target=\"_blank\"><font color=\"blue\"><u>RESOLU\u00c7\u00c3O N. 009\/2006<\/u><\/font><\/a>, QUE CRIA, NO \u00c2MBITO DA UFSM, A COMISS\u00c3O PERMANENTE DE CADASTROS DE FORNECEDORES - SICAF, DE 31\/05\/2006.  <a href=\"https:\/\/www.ufsm.br\/pro-reitorias\/proplan\/resolucao-n-039-2019\/\"><font color=\"blue\">(Reda\u00e7\u00e3o dada pelo art. 2\u00ba da Resolu\u00e7\u00e3o N. 039\/2019)<\/font><\/a><\/p>\r\n<p>Art. 2\u00ba Esta resolu\u00e7\u00e3o entrar\u00e1 em vigor na data de sua publica\u00e7\u00e3o, e revoga as disposi\u00e7\u00f5es em contr\u00e1rio.<\/p>\r\n\r\n<p>GABINETE DO REITOR DA UNIVERSIDADE FEDERAL DE SANTA MARIA, aos dois dias do m\u00eas de setembro do ano dois mil e dezenove.<\/p>\r\n<\/div>\r\n\r\n<p>Paulo Afonso Burmann,<\/p>\r\n<p>Reitor<p \/>\r\n\r\n<p><font color=\"red0000\">Este texto n\u00e3o substitui o documento original, publicado no Portal de Documentos.<\/font> Dispon\u00edvel em: <a href=\"https:\/\/portal.ufsm.br\/documentos\/publico\/documento.html?id=12697388\"><font color=\"blue\">https:\/\/portal.ufsm.br\/documentos\/publico\/documento.html?id=12697388<\/font><\/a>\r\n\r\n\t\t<\/div>\n\t\t\t\t<\/div>\n\t\t\t\t\t<\/div>\n\t\t<\/div>\n\t\t\t\t\t<\/div>\n\t\t<\/section>\n\t\t\t\t<\/div>\n\t\t","protected":false},"excerpt":{"rendered":"<p>RESOLU\u00c7\u00c3O N. 020\/2019 MINIST\u00c9RIO DA EDUCA\u00c7\u00c3O UNIVERSIDADE FEDERAL DE SANTA MARIA RESOLU\u00c7\u00c3O N. 020\/2019 Aprova a revoga\u00e7\u00e3o expressa das Resolu\u00e7\u00f5es referentes aos colegiados extintos em decorr\u00eancia do disposto no Decreto N. 9.759, de 11 de abril de 2019, na Universidade Federal de Santa Maria (UFSM). Alterada pelo Decreto N. 9.812, de 30 de maio de [&hellip;]<\/p>\n","protected":false},"author":205,"featured_media":0,"parent":0,"menu_order":0,"comment_status":"closed","ping_status":"closed","template":"","meta":{"footnotes":""},"categories":[],"tags":[],"class_list":["post-2439","page","type-page","status-publish","hentry"],"acf":[],"_links":{"self":[{"href":"https:\/\/www.ufsm.br\/pro-reitorias\/proplan\/wp-json\/wp\/v2\/pages\/2439","targetHints":{"allow":["GET"]}}],"collection":[{"href":"https:\/\/www.ufsm.br\/pro-reitorias\/proplan\/wp-json\/wp\/v2\/pages"}],"about":[{"href":"https:\/\/www.ufsm.br\/pro-reitorias\/proplan\/wp-json\/wp\/v2\/types\/page"}],"author":[{"embeddable":true,"href":"https:\/\/www.ufsm.br\/pro-reitorias\/proplan\/wp-json\/wp\/v2\/users\/205"}],"replies":[{"embeddable":true,"href":"https:\/\/www.ufsm.br\/pro-reitorias\/proplan\/wp-json\/wp\/v2\/comments?post=2439"}],"version-history":[{"count":0,"href":"https:\/\/www.ufsm.br\/pro-reitorias\/proplan\/wp-json\/wp\/v2\/pages\/2439\/revisions"}],"wp:attachment":[{"href":"https:\/\/www.ufsm.br\/pro-reitorias\/proplan\/wp-json\/wp\/v2\/media?parent=2439"}],"wp:term":[{"taxonomy":"category","embeddable":true,"href":"https:\/\/www.ufsm.br\/pro-reitorias\/proplan\/wp-json\/wp\/v2\/categories?post=2439"},{"taxonomy":"post_tag","embeddable":true,"href":"https:\/\/www.ufsm.br\/pro-reitorias\/proplan\/wp-json\/wp\/v2\/tags?post=2439"}],"curies":[{"name":"wp","href":"https:\/\/api.w.org\/{rel}","templated":true}]}}