{"id":2443,"date":"2019-10-01T13:39:53","date_gmt":"2019-10-01T16:39:53","guid":{"rendered":"https:\/\/www.ufsm.br\/pro-reitorias\/proplan\/?page_id=2443"},"modified":"2026-01-09T10:40:20","modified_gmt":"2026-01-09T13:40:20","slug":"resolucao-n-023-2019","status":"publish","type":"page","link":"https:\/\/www.ufsm.br\/pro-reitorias\/proplan\/resolucao-n-023-2019","title":{"rendered":"Resolu\u00e7\u00e3o N. 023\/2019"},"content":{"rendered":"\t\t<div data-elementor-type=\"wp-page\" data-elementor-id=\"2443\" class=\"elementor elementor-2443\">\n\t\t\t\t\t\t<section class=\"elementor-section elementor-top-section elementor-element elementor-element-abe0b2d elementor-section-boxed elementor-section-height-default elementor-section-height-default\" data-id=\"abe0b2d\" data-element_type=\"section\">\n\t\t\t\t\t\t<div class=\"elementor-container elementor-column-gap-default\">\n\t\t\t\t\t<div class=\"elementor-column elementor-col-100 elementor-top-column elementor-element elementor-element-ef4157f\" data-id=\"ef4157f\" data-element_type=\"column\">\n\t\t\t<div class=\"elementor-widget-wrap elementor-element-populated\">\n\t\t\t\t\t\t<div class=\"elementor-element elementor-element-1cab26b elementor-widget elementor-widget-html\" data-id=\"1cab26b\" data-element_type=\"widget\" data-widget_type=\"html.default\">\n\t\t\t\t<div class=\"elementor-widget-container\">\n\t\t\t\r\n\r\n\r\n<title><b>RESOLU\u00c7\u00c3O N. 023\/2019<\/b><\/title>\r\n\r\n\r\n<div align=\"center\"><img decoding=\"async\" src=\"https:\/\/www.ufsm.br\/pro-reitorias\/proplan\/wp-content\/uploads\/sites\/344\/2019\/09\/brasao-da-republica-do-brasil-logo.png\" alt=\"Bras\u00e3o Rep\u00fablica Federativa do Brasil\" width=\"6%\" height=\"6%\"><\/div>    \r\n<h1><font color=\"blue\"><font size=\"5\"><div align=\"center\">MINIST\u00c9RIO DA EDUCA\u00c7\u00c3O<\/b><\/font><\/font><\/div><\/H1>\r\n<p><b><font color=\"0000blue\"><div align=\"center\">UNIVERSIDADE FEDERAL DE SANTA MARIA<\/b><\/font><\/div><\/p>\r\n\r\n<p><div align=\"center\"><b><a href=\"https:\/\/portal.ufsm.br\/documentos\/publico\/documento.html?id=12697049\"><font color=\"blue\">RESOLU\u00c7\u00c3O N. 023\/2019<\/font><\/a><\/b><\/div><\/p>\r\n<br>\r\n<p>\r\n    <div style=\"color: #800000;width: 60%;margin-left: auto;margin-right: 0;text-align: justify;font-weight: normal\">Aprova a recria\u00e7\u00e3o do \u00f3rg\u00e3o colegiado denominado \u201cComiss\u00e3o de Legisla\u00e7\u00e3o e Normas (CLN-UFSM\/CS)\u201d vinculado ao Campus da Universidade Federal de Santa Maria em Cachoeira do Sul (UFSM\/CS).<\/font><\/div><\/p>\r\n<br><div align=\"justify\">\r\n<p>O REITOR DA UNIVERSIDADE FEDERAL DE SANTA MARIA, no uso de suas atribui\u00e7\u00f5es legais e estatut\u00e1rias e considerando:<\/p>\r\n<p>\u2013 o previsto no <a href=\"https:\/\/www.ufsm.br\/pro-reitorias\/proplan\/regimento-interno-do-campus-da-ufsm-em-cachoeira-do-sul\/\" target=\"_blank\"><font color=\"blue\"><u>Regimento Interno do Campus da Universidade Federal de Santa Maria em Cachoeira do Sul (UFSM\/CS)<\/u><\/font><\/a>;<\/p>\r\n<p>\u2013 a necessidade de \u00f3rg\u00e3o colegiado de assessoramento ao Conselho de Unidade de Ensino no que tange ao Ensino, Pesquisa e Extens\u00e3o;<\/p>\r\n<p>\u2013 o Art. 56 da <a href=\"http:\/\/www.planalto.gov.br\/ccivil_03\/leis\/l9394.htm\" target=\"_blank\"><font color=\"blue\"><u>Lei N. 9.394, de 20 de dezembro de 1996<\/u><\/font><\/a>, que estabelece as diretrizes e bases da educa\u00e7\u00e3o nacional;<\/p>\r\n<p>\u2013 o <a href=\"http:\/\/www.planalto.gov.br\/ccivil_03\/_ato2015-2018\/2017\/decreto\/D9191.htm\" target=\"_blank\"><font color=\"blue\"><u>Decreto N. 9.191, de 1\u00b0 de novembro de 2017<\/u><\/font><\/a>, que estabelece as normas e as diretrizes para elabora\u00e7\u00e3o, reda\u00e7\u00e3o, altera\u00e7\u00e3o, consolida\u00e7\u00e3o e encaminhamento de propostas de atos normativos ao Presidente da Rep\u00fablica pelos Ministros de Estado;<\/p>\r\n<p>\u2013 o <a href=\"http:\/\/www.planalto.gov.br\/ccivil_03\/_ato2019-2022\/2019\/decreto\/D9759.htm\" target=\"_blank\"><font color=\"blue\"><u>Decreto N. 9.759, de 11 de abril de 2019<\/u><\/font><\/a>, que extingue e estabelece diretrizes, regras e limita\u00e7\u00f5es para colegiados da administra\u00e7\u00e3o p\u00fablica federal;<\/p>\r\n<p>\u2013 o Parecer N. 081\/2019 da Comiss\u00e3o de Legisla\u00e7\u00e3o e Normas (CLN), aprovado na 937\u00aa Sess\u00e3o do Conselho de Ensino, Pesquisa e Extens\u00e3o, de 23 de agosto de 2019, referente ao Processo N. <a href=\"https:\/\/portal.ufsm.br\/documentos\/publico\/processo\/documento.html?idDocumento=12588240\" target=\"_blank\"><font color=\"blue\"><u>23081.035781\/2019-14<\/u><\/font><\/a>; e,<\/p>\r\n<p>\u2013 o Parecer N. 095\/2019 da Comiss\u00e3o de Legisla\u00e7\u00e3o e Regimentos (CLR), aprovado na 820\u00aa Sess\u00e3o do Conselho Universit\u00e1rio, de 30 de agosto de 2019, referente ao Processo N. <a href=\"https:\/\/portal.ufsm.br\/documentos\/publico\/processo\/documento.html?idDocumento=12588240\" target=\"_blank\"><font color=\"blue\"><u>23081.035781\/2019-14<\/u><\/font><\/a>.<\/p>\r\n<br>\r\n<p><b><div align=\"center\">RESOLVE:<\/b><\/div><\/p>\r\n<br>\r\n<p>Art. 1\u00ba Aprovar a recria\u00e7\u00e3o do \u00f3rg\u00e3o colegiado previsto no Regimento Interno do Campus da Universidade Federal de Santa Maria em Cachoeira do Sul (UFSM\/CS) e denominado \u201cComiss\u00e3o de Legisla\u00e7\u00e3o e Normas (CLN-UFSM\/CS)\u201d.<\/p>\r\n<p>Par\u00e1grafo \u00fanico. Tal \u00f3rg\u00e3o est\u00e1 vinculado ao Campus da Universidade Federal de Santa Maria em Cachoeira do Sul (UFSM\/CS).<\/p>\r\n<br>\r\n<p><b><div align=\"center\">T\u00cdTULO I<\/b><\/div><\/p>\r\n<p><b><div align=\"center\">DAS COMPET\u00caNCIAS<\/b><\/div><\/p>\r\n<br>\r\n<p>Art. 2\u00ba A Comiss\u00e3o de Legisla\u00e7\u00e3o e Normas deve pronunciar-se sobre mat\u00e9ria de interpreta\u00e7\u00e3o e complementa\u00e7\u00e3o da lei e sobre a institui\u00e7\u00e3o de normas oriundas de outras Comiss\u00f5es.<\/p>\r\n<p>Art. 3\u00ba Compete \u00e0 Comiss\u00e3o de Legisla\u00e7\u00e3o e Normas (CLN):\r\n<p>I \u2013 analisar e dar parecer sobre todos os processos encaminhadas ao Conselho que exijam interpreta\u00e7\u00e3o a luz de leis, estatutos, regimentos, normas e outros documentos legais;<\/p>\r\n<p>II \u2013 propor ao Conselho normas de funcionamento e regimentos internos de \u00f3rg\u00e3os de assessoria da Dire\u00e7\u00e3o eu do pr\u00f3prio Conselho; e,<\/p>\r\n<p>III \u2013 analisar e dar parecer sobre todos os processos referentes a concursos p\u00fablicos a serem realizados no \u00e2mbito do Campus da Universidade Federal de Santa Maria em Cachoeira do Sul.<\/p>\r\n<br>\r\n<p><b><div align=\"center\">T\u00cdTULO II<\/b><\/div><\/p>\r\n<p><b><div align=\"center\">DA COMPOSI\u00c7\u00c3O E AUTORIDADE<\/b><\/div><\/p>\r\n<br>\r\n<p>Art. 4\u00ba A Comiss\u00e3o de Legisla\u00e7\u00e3o e Normas ser\u00e1 composta por:<\/p>\r\n<p>I \u2013 dois (2) representantes do Corpo Docente; e,<\/p>\r\n<p>II \u2013 um (1) representante dos T\u00e9cnicos-Administrativos em Educa\u00e7\u00e3o.<\/p>\r\n\r\n<p>\u00a7 1\u00ba Os membros da Comiss\u00e3o de Legisla\u00e7\u00e3o e Normas ser\u00e3o indicados pelos Conselho do Campus em sess\u00e3o ordin\u00e1ria e nomeados pelo Diretor.<\/p>\r\n<p>\u00a7 2\u00ba A CLN ter\u00e1 um Presidente e um Vice-Presidente escolhido pelos demais membros da Comiss\u00e3o.<\/p>\r\n\r\n<p>Art. 5\u00ba Compete ao Presidente da Comiss\u00e3o promover e regular o funcionamento dela, solicitando ao Presidente do Conselho as provid\u00eancias necess\u00e1rias para esse fim, inclusive pessoal e material.<\/p>\r\n<br>\r\n<p><b><div align=\"center\">T\u00cdTULO III<\/b><\/div><\/p>\r\n<p><b><div align=\"center\">DO QU\u00d3RUM DE REUNI\u00c3O E DE VOTA\u00c7\u00c3O<\/b><\/div><\/p>\r\n<br>\r\n<p>Art. 6\u00ba As reuni\u00f5es da Comiss\u00e3o de Legisla\u00e7\u00e3o e Normas ocorrer\u00e3o somente com a maioria simples de seus membros.<\/p> \r\n<br>\r\n<p><b><div align=\"center\">T\u00cdTULO IV<\/b><\/div><\/p>\r\n<p><b><div align=\"center\">DA PERIODICIDADE DAS REUNI\u00d5ES<\/b><\/div><\/p>\r\n<br>\r\n\r\n<p>Art. 7\u00ba A Comiss\u00e3o de Legisla\u00e7\u00e3o e Normas reunir-se-\u00e1 uma semana antes da reuni\u00e3o do Conselho do Campus para delibera\u00e7\u00e3o de assuntos pertinentes e, quando se fizer necess\u00e1rio, para parecer em conjunto.<\/p>\r\n<br>\r\n<p><b><div align=\"center\">T\u00cdTULO V<\/b><\/div><\/p>\r\n<p><b><div align=\"center\">DO \u00d3RG\u00c3O DE APOIO ADMINISTRATIVO<\/b><\/div><\/p>\r\n<br>\r\n<p>Art. 8\u00ba A Secretaria da Unidade de Ensino ser\u00e1 respons\u00e1vel por prestar o apoio administrativo \u00e0 Comiss\u00e3o de Legisla\u00e7\u00e3o e Normas.<\/p>\r\n<br>\r\n<p><b><div align=\"center\">T\u00cdTULO VI<\/b><\/div><\/p>\r\n<p><b><div align=\"center\">DOS MEMBROS N\u00c3O NATOS<\/b><\/div><\/p>\r\n<br>\r\n<p>Art. 9\u00ba Nas reuni\u00f5es da Comiss\u00e3o de Legisla\u00e7\u00e3o e Normas poder\u00e3o comparecer, quando convidados pelos respectivos presidentes, servidores e\/ou discentes, a fim de prestarem esclarecimentos sobre assuntos que lhes forem pertinentes. Quando eventualmente membros ou convidados ou participantes n\u00e3o forem domiciliados no lugar da realiza\u00e7\u00e3o da atividade, estas devem ser realizadas por videoconfer\u00eancia, sem pagamento de di\u00e1rias e deslocamento.<\/p>\r\n<br>\r\n<p><b><div align=\"center\">T\u00cdTULO VII<\/b><\/div><\/p>\r\n<p><b><div align=\"center\">DOS RELAT\u00d3RIOS PERI\u00d3DICOS E DO RELAT\u00d3RIO FINAL<\/b><\/div><\/p>\r\n<br>\r\n<p>Art. 10 Os pareceres das Comiss\u00f5es, embasados na legisla\u00e7\u00e3o pertinente ao tema, poder\u00e3o ser formados de duas maneiras:<\/p>\r\n<p>I \u2013 parecer do relator: um membro da comiss\u00e3o \u00e9 respons\u00e1vel pelo estudo do processo, e utilizando-se dos documentos que o instrui elabora um parecer que ser\u00e1 assinado pelo mesmo e pela Presid\u00eancia da respectiva Comiss\u00e3o; e<\/p>\r\n<p>II \u2013 parecer da comiss\u00e3o: quando julgar necess\u00e1rio, o Presidente da Comiss\u00e3o poder\u00e1 convocar uma reuni\u00e3o extraordin\u00e1ria para que seja elaborado parecer em conjunto, que ser\u00e1 assinado pelo Presidente da Comiss\u00e3o, em car\u00e1ter de relator.<\/p>\r\n\r\n<p>\u00a7 1\u00ba Os pareceres emitidos por representantes das Comiss\u00f5es, sempre por escrito, ser\u00e3o submetidos \u00e0 aprova\u00e7\u00e3o do Conselho.<\/p>\r\n<p>\u00a7 2\u00ba A divulga\u00e7\u00e3o dos pareceres somente se dar\u00e1 ap\u00f3s a sua leitura, discuss\u00e3o e delibera\u00e7\u00e3o pelo Conselho.<\/p>\r\n<br> \r\n<p><b><div align=\"center\">T\u00cdTULO VIII<\/b><\/div><\/p>\r\n<p><b><div align=\"center\">DAS DISPOSI\u00c7\u00d5ES GERAIS E TRANSIT\u00d3RIAS<\/b><\/div><\/p>\r\n<br>\r\n<p>Art. 11 \u00c9 vedada a divulga\u00e7\u00e3o de discuss\u00f5es em curso sem a pr\u00e9via anu\u00eancia do titular do Campus de Cachoeira do Sul ao qual este \u00f3rg\u00e3o colegiado est\u00e1 vinculado.<\/p>\r\n<p>Art. 12 A participa\u00e7\u00e3o dos membros deste \u00f3rg\u00e3o colegiado ser\u00e1 considerada presta\u00e7\u00e3o de servi\u00e7o p\u00fablico relevante, e n\u00e3o ser\u00e1 remunerada.<\/p>\r\n<p>Par\u00e1grafo \u00fanico. As atividades da Comiss\u00e3o e de seus membros n\u00e3o poder\u00e3o causar preju\u00edzo \u00e0 presta\u00e7\u00e3o do servi\u00e7o p\u00fablico pelo servidor membro do Colegiado.<\/p>\r\n\r\n<p>Art. 13 As reuni\u00f5es deste \u00f3rg\u00e3o colegiado ser\u00e3o presenciais. Quando eventualmente membros, convidados ou participantes n\u00e3o forem domiciliados no lugar da realiza\u00e7\u00e3o da atividade, estas devem ser realizadas por videoconfer\u00eancia, sem pagamento de di\u00e1rias e deslocamento.<\/p>\r\n<p>Art. 14 \u00c9 vedada a possibilidade de cria\u00e7\u00e3o de subcolegiados por ato deste colegiado, exceto se na presente Resolu\u00e7\u00e3o houver:<\/p>\r\n<p>I - limitado o n\u00famero m\u00e1ximo de seus membros;<\/p>\r\n<p>II - estabelecido car\u00e1ter tempor\u00e1rio e dura\u00e7\u00e3o n\u00e3o superior a um ano; e<\/p>\r\n<p>III - fixado o n\u00famero m\u00e1ximo de subcolegiados que poder\u00e3o operar simultaneamente.<\/p>\r\n\r\n<p>Par\u00e1grafo \u00fanico. A mera necessidade de reuni\u00f5es eventuais para debate, articula\u00e7\u00e3o ou trabalho que envolva agentes p\u00fablicos da administra\u00e7\u00e3o p\u00fablica federal n\u00e3o ser\u00e1 admitida como fundamento para as propostas de que trata o caput.<\/p>\r\n\r\n<p>Art. 16 Esta Resolu\u00e7\u00e3o entra em vigor na data de sua assinatura, revogadas as disposi\u00e7\u00f5es em contr\u00e1rio.<\/p>\r\n\r\n\r\n<p>GABINETE DO REITOR DA UNIVERSIDADE FEDERAL DE SANTA MARIA, aos dois dias do m\u00eas de setembro do ano dois mil e dezenove.<\/p>\r\n<\/div>\r\n\r\n<p>Paulo Afonso Burmann,<\/p>\r\n<p>Reitor<p \/>\r\n\r\n<p><font color=\"red0000\">Este texto n\u00e3o substitui o documento original, publicado no Portal de Documentos.<\/font> Dispon\u00edvel em: <a href=\"https:\/\/portal.ufsm.br\/documentos\/publico\/documento.html?id=12697049\"><font color=\"blue\">https:\/\/portal.ufsm.br\/documentos\/publico\/documento.html?id=12697049<\/font><\/a>\r\n\r\n\t\t<\/div>\n\t\t\t\t<\/div>\n\t\t\t\t\t<\/div>\n\t\t<\/div>\n\t\t\t\t\t<\/div>\n\t\t<\/section>\n\t\t\t\t<\/div>\n\t\t","protected":false},"excerpt":{"rendered":"<p>RESOLU\u00c7\u00c3O N. 023\/2019 MINIST\u00c9RIO DA EDUCA\u00c7\u00c3O UNIVERSIDADE FEDERAL DE SANTA MARIA RESOLU\u00c7\u00c3O N. 023\/2019 Aprova a recria\u00e7\u00e3o do \u00f3rg\u00e3o colegiado denominado \u201cComiss\u00e3o de Legisla\u00e7\u00e3o e Normas (CLN-UFSM\/CS)\u201d vinculado ao Campus da Universidade Federal de Santa Maria em Cachoeira do Sul (UFSM\/CS). O REITOR DA UNIVERSIDADE FEDERAL DE SANTA MARIA, no uso de suas atribui\u00e7\u00f5es legais [&hellip;]<\/p>\n","protected":false},"author":205,"featured_media":0,"parent":0,"menu_order":0,"comment_status":"closed","ping_status":"closed","template":"","meta":{"footnotes":""},"categories":[],"tags":[],"class_list":["post-2443","page","type-page","status-publish","hentry"],"acf":[],"_links":{"self":[{"href":"https:\/\/www.ufsm.br\/pro-reitorias\/proplan\/wp-json\/wp\/v2\/pages\/2443","targetHints":{"allow":["GET"]}}],"collection":[{"href":"https:\/\/www.ufsm.br\/pro-reitorias\/proplan\/wp-json\/wp\/v2\/pages"}],"about":[{"href":"https:\/\/www.ufsm.br\/pro-reitorias\/proplan\/wp-json\/wp\/v2\/types\/page"}],"author":[{"embeddable":true,"href":"https:\/\/www.ufsm.br\/pro-reitorias\/proplan\/wp-json\/wp\/v2\/users\/205"}],"replies":[{"embeddable":true,"href":"https:\/\/www.ufsm.br\/pro-reitorias\/proplan\/wp-json\/wp\/v2\/comments?post=2443"}],"version-history":[{"count":0,"href":"https:\/\/www.ufsm.br\/pro-reitorias\/proplan\/wp-json\/wp\/v2\/pages\/2443\/revisions"}],"wp:attachment":[{"href":"https:\/\/www.ufsm.br\/pro-reitorias\/proplan\/wp-json\/wp\/v2\/media?parent=2443"}],"wp:term":[{"taxonomy":"category","embeddable":true,"href":"https:\/\/www.ufsm.br\/pro-reitorias\/proplan\/wp-json\/wp\/v2\/categories?post=2443"},{"taxonomy":"post_tag","embeddable":true,"href":"https:\/\/www.ufsm.br\/pro-reitorias\/proplan\/wp-json\/wp\/v2\/tags?post=2443"}],"curies":[{"name":"wp","href":"https:\/\/api.w.org\/{rel}","templated":true}]}}