{"id":2444,"date":"2019-10-01T13:41:09","date_gmt":"2019-10-01T16:41:09","guid":{"rendered":"https:\/\/www.ufsm.br\/pro-reitorias\/proplan\/?page_id=2444"},"modified":"2026-01-09T10:41:22","modified_gmt":"2026-01-09T13:41:22","slug":"resolucao-n-024-2019","status":"publish","type":"page","link":"https:\/\/www.ufsm.br\/pro-reitorias\/proplan\/resolucao-n-024-2019","title":{"rendered":"Resolu\u00e7\u00e3o N. 024\/2019"},"content":{"rendered":"\t\t<div data-elementor-type=\"wp-page\" data-elementor-id=\"2444\" class=\"elementor elementor-2444\">\n\t\t\t\t\t\t<section class=\"elementor-section elementor-top-section elementor-element elementor-element-9d422b3 elementor-section-boxed elementor-section-height-default elementor-section-height-default\" data-id=\"9d422b3\" data-element_type=\"section\">\n\t\t\t\t\t\t<div class=\"elementor-container elementor-column-gap-default\">\n\t\t\t\t\t<div class=\"elementor-column elementor-col-100 elementor-top-column elementor-element elementor-element-e4209e7\" data-id=\"e4209e7\" data-element_type=\"column\">\n\t\t\t<div class=\"elementor-widget-wrap elementor-element-populated\">\n\t\t\t\t\t\t<div class=\"elementor-element elementor-element-bda19d8 elementor-widget elementor-widget-html\" data-id=\"bda19d8\" data-element_type=\"widget\" data-widget_type=\"html.default\">\n\t\t\t\t<div class=\"elementor-widget-container\">\n\t\t\t\r\n\r\n\r\n<title><b>RESOLU\u00c7\u00c3O N. 024\/2019<\/b><\/title>\r\n\r\n\r\n<div align=\"center\"><img decoding=\"async\" src=\"https:\/\/www.ufsm.br\/pro-reitorias\/proplan\/wp-content\/uploads\/sites\/344\/2019\/09\/brasao-da-republica-do-brasil-logo.png\" alt=\"Bras\u00e3o Rep\u00fablica Federativa do Brasil\" width=\"6%\" height=\"6%\"><\/div>    \r\n<h1><font color=\"blue\"><font size=\"5\"><div align=\"center\">MINIST\u00c9RIO DA EDUCA\u00c7\u00c3O<\/b><\/font><\/font><\/div><\/H1>\r\n<p><b><font color=\"0000blue\"><div align=\"center\">UNIVERSIDADE FEDERAL DE SANTA MARIA<\/b><\/font><\/div><\/p>\r\n\r\n<p><div align=\"center\"><b><a href=\"https:\/\/portal.ufsm.br\/documentos\/publico\/documento.html?id=12697287\"><font color=\"blue\">RESOLU\u00c7\u00c3O N. 024\/2019<\/font><\/a><\/b><\/div><\/p>\r\n<br>\r\n\r\n    <div style=\"color: #800000;width: 60%;margin-left: auto;margin-right: 0;text-align: justify;font-weight: normal\">\r\nAprova a recria\u00e7\u00e3o do \u00f3rg\u00e3o colegiado denominado \u201cComiss\u00e3o de Ensino, Pesquisa e Extens\u00e3o (CEPE-UFSM\/CS)\u201d vinculado ao Campus da Universidade Federal de Santa Maria em Cachoeira do Sul (UFSM\/CS). <\/font><\/div><\/p>\r\n<br><div align=\"justify\">\r\n<p>O REITOR DA UNIVERSIDADE FEDERAL DE SANTA MARIA, no uso de suas atribui\u00e7\u00f5es legais e estatut\u00e1rias e considerando:<\/p>\r\n<p>\u2013 o previsto no <a href=\"https:\/\/www.ufsm.br\/pro-reitorias\/proplan\/regimento-interno-do-campus-da-ufsm-em-cachoeira-do-sul\/\" target=\"_blank\"><font color=\"blue\"><u>Regimento Interno do Campus da Universidade Federal de Santa Maria em Cachoeira do Sul (UFSM\/CS)<\/u><\/font><\/a>;<\/p>\r\n<p>\u2013 a necessidade de \u00f3rg\u00e3o colegiado de assessoramento ao Conselho de Unidade de Ensino no que tange ao Ensino, Pesquisa e Extens\u00e3o;<\/p>\r\n<p>\u2013 o Art. 56 da <a href=\"http:\/\/www.planalto.gov.br\/ccivil_03\/leis\/l9394.htm\" target=\"_blank\"><font color=\"blue\"><u>Lei N. 9.394, de 20 de dezembro de 1996<\/u><\/font><\/a>, que estabelece as diretrizes e bases da educa\u00e7\u00e3o nacional;<\/p>\r\n<p>\u2013 o <a href=\"http:\/\/www.planalto.gov.br\/ccivil_03\/_ato2015-2018\/2017\/decreto\/D9191.htm\" target=\"_blank\"><font color=\"blue\"><u>Decreto N. 9.191, de 1\u00b0 de novembro de 2017<\/u><\/font><\/a>, que estabelece as normas e as diretrizes para elabora\u00e7\u00e3o, reda\u00e7\u00e3o, altera\u00e7\u00e3o, consolida\u00e7\u00e3o e encaminhamento de propostas de atos normativos ao Presidente da Rep\u00fablica pelos Ministros de Estado;<\/p>\r\n<p>\u2013 o <a href=\"http:\/\/www.planalto.gov.br\/ccivil_03\/_ato2019-2022\/2019\/decreto\/D9759.htm\" target=\"_blank\"><font color=\"blue\"><u>Decreto N. 9.759, de 11 de abril de 2019<\/u><\/font><\/a>, que extingue e estabelece diretrizes, regras e limita\u00e7\u00f5es para colegiados da administra\u00e7\u00e3o p\u00fablica federal;<\/p>\r\n<p>\u2013 o Parecer N. 080\/2019 da Comiss\u00e3o de Legisla\u00e7\u00e3o e Normas (CLN), aprovado na 937\u00aa Sess\u00e3o do Conselho de Ensino, Pesquisa e Extens\u00e3o, de 23 de agosto de 2019, referente ao Processo N. <a href=\"https:\/\/portal.ufsm.br\/documentos\/publico\/processo\/documento.html?idDocumento=12588243\" target=\"_blank\"><font color=\"blue\"><u>23081.035782\/2019-69<\/u><\/font><\/a>; e,<\/p>\r\n<p>\u2013 o Parecer N. 090\/2019 da Comiss\u00e3o de Legisla\u00e7\u00e3o e Regimentos (CLR), aprovado na 820\u00aa Sess\u00e3o do Conselho Universit\u00e1rio, de 30 de agosto de 2019, referente ao Processo N. <a href=\"https:\/\/portal.ufsm.br\/documentos\/publico\/processo\/documento.html?idDocumento=12588243\" target=\"_blank\"><font color=\"blue\"><u>23081.035782\/2019-69<\/u><\/font><\/a>.<\/p>\r\n<br>\r\n<p><b><div align=\"center\">RESOLVE:<\/b><\/div><\/p>\r\n<br>\r\n<p>Art. 1\u00ba Aprovar a recria\u00e7\u00e3o do \u00f3rg\u00e3o colegiado previsto no <a href=\"https:\/\/www.ufsm.br\/pro-reitorias\/proplan\/regimento-interno-do-campus-da-ufsm-em-cachoeira-do-sul\/\" target=\"_blank\"><font color=\"blue\"><u>Regimento Interno do Campus da Universidade Federal de Santa Maria em Cachoeira do Sul (UFSM\/CS)<\/u><\/font><\/a> e denominado \u201cComiss\u00e3o de Ensino, Pesquisa e Extens\u00e3o (CEPE-UFSM\/CS)\u201d.<\/p>\r\n<p>Par\u00e1grafo \u00fanico. Tal \u00f3rg\u00e3o est\u00e1 vinculado ao Campus da Universidade Federal de Santa Maria em Cachoeira do Sul (UFSM\/CS).<\/p>\r\n<br>\r\n<p><b><div align=\"center\">T\u00cdTULO I<\/b><\/div><\/p>\r\n<p><b><div align=\"center\">DAS COMPET\u00caNCIAS<\/b><\/div><\/p>\r\n<br>\r\n<p>Art. 2\u00ba \u00c0 Comiss\u00e3o de Ensino, Pesquisa e Extens\u00e3o do Conselho da Unidade de Ensino compete:<\/p>\r\n<p>I \u2013 prestar assessoramento t\u00e9cnico e cient\u00edfico \u00e0 Dire\u00e7\u00e3o da Unidade de Ensino e demais subunidades, analisar e emitir parecer dos projetos e relat\u00f3rios de Ensino, Pesquisa e Extens\u00e3o encaminhados ao Gabinete de Projetos (GAP);<\/p>\r\n<p>II \u2013 submeter ao Conselho do Campus procedimentos para apresenta\u00e7\u00e3o de projetos de Ensino, Pesquisa e Extens\u00e3o, bem como crit\u00e9rios de avalia\u00e7\u00e3o, t\u00e9cnicos e financeiros, para projetos com solicita\u00e7\u00e3o de recursos;<\/p>\r\n<p>III \u2013 emitir parecer sobre assuntos de Ensino, Pesquisa e Extens\u00e3o para aprecia\u00e7\u00e3o do Conselho da Unidade de Ensino;<\/p>\r\n<p>IV \u2013 representa\u00e7\u00e3o na C\u00e2mara de Extens\u00e3o e demais Comit\u00eas da Reitoria; e,<\/p>\r\n<p>V \u2013 an\u00e1lise e emiss\u00e3o de pareceres de projetos e relat\u00f3rios de ensino, pesquisa, extens\u00e3o e desenvolvimento institucional, no \u00e2mbito do Campus UFSM-CS.<\/p>\r\n<br>\r\n<p><b><div align=\"center\">T\u00cdTULO II<\/b><\/div><\/p>\r\n<p><b><div align=\"center\">DA COMPOSI\u00c7\u00c3O E AUTORIDADE<\/b><\/div><\/p>\r\n<br>\r\n<p>Art. 3\u00ba A Comiss\u00e3o de Ensino, Pesquisa e Extens\u00e3o do Conselho da Unidade de Ensino ser\u00e1 constitu\u00edda pelos seguintes membros:<\/p>\r\n<p>I \u2013 dois (2) representantes dos Coordenadores de Curso;<\/p>\r\n<p>II \u2013 dois (2) representantes do Corpo Docente;<\/p>\r\n<p>III \u2013 um (1) representante dos servidores T\u00e9cnico-Administrativos; e,<\/p>\r\n<p>IV \u2013 um (1) representante do Corpo Discente.<\/p>\r\n\r\n<p>\u00a7 1\u00ba A Comiss\u00e3o de Ensino, Pesquisa e Extens\u00e3o ter\u00e1 um Presidente e um Vice-Presidente escolhido pelos demais membros da Comiss\u00e3o.<\/p>\r\n\r\n<p>Art. 4\u00ba Ao presidente da Comiss\u00e3o de Ensino, Pesquisa e Extens\u00e3o do Conselho da Unidade de Ensino incumbe:<\/p>\r\n<p>I \u2013 programar e presidir as reuni\u00f5es da Comiss\u00e3o, mantendo em dia as suas atas;<\/p>\r\n<p>II \u2013 desempenhar os demais atos inerentes ao exerc\u00edcio de suas atribui\u00e7\u00f5es.<\/p>\r\n<br>\r\n<p><b><div align=\"center\">T\u00cdTULO III<\/b><\/div><\/p>\r\n<p><b><div align=\"center\">DO QU\u00d3RUM DE REUNI\u00c3O E DE VOTA\u00c7\u00c3O<\/b><\/div><\/p>\r\n<br>\r\n<p>Art. 5\u00ba As reuni\u00f5es da Comiss\u00e3o de Ensino, Pesquisa e Extens\u00e3o ocorrer\u00e3o somente com a maioria simples de seus membros.<\/p>\r\n<br>\r\n<p><b><div align=\"center\">T\u00cdTULO IV<\/b><\/div><\/p>\r\n<p><b><div align=\"center\">DA PERIODICIDADE DAS REUNI\u00d5ES<\/b><\/div><\/p>\r\n<br>\r\n<p>Art. 6\u00ba A Comiss\u00e3o de Ensino, Pesquisa e Extens\u00e3o reunir-se-\u00e1 mensalmente, em sess\u00e3o ordin\u00e1ria, e, extraordinariamente, quando convocado pelo Presidente da Comiss\u00e3o ou a requerimento de, no m\u00ednimo, dois ter\u00e7os dos seus membros, indicando os assuntos a serem tratados.<\/p>\r\n<p>\u00a7 1\u00ba O recesso das Sess\u00f5es da Comiss\u00e3o se dar\u00e1 no per\u00edodo de f\u00e9rias acad\u00eamicas.<\/p>\r\n<p>\u00a7 2\u00ba A convoca\u00e7\u00e3o para as reuni\u00f5es ser\u00e1 feita por meio eletr\u00f4nico, com anteced\u00eancia m\u00ednima de quarenta e oito horas, constando a pauta e a ata da \u00faltima sess\u00e3o.<\/p>\r\n<p>\u00a7 3\u00ba No dia e hora marcados para sess\u00e3o, esta ser\u00e1 aberta pelo seu Presidente e, na aus\u00eancia deste, pelo seu substituto imediato.<\/p>\r\n\r\n<p>Art. 7\u00ba As sess\u00f5es da Comiss\u00e3o de Ensino, Pesquisa e Extens\u00e3o poder\u00e3o ser abertas com um ter\u00e7o do total de seus membros, procedendo-se \u00e0 aprova\u00e7\u00e3o da ata da sess\u00e3o anterior, passando-se \u00e0 leitura do Expediente e \u00e0s comunica\u00e7\u00f5es.<\/p>\r\n<p>\u00a7 1\u00ba As comunica\u00e7\u00f5es ocorrer\u00e3o em, no m\u00e1ximo, trinta minutos, e constar\u00e3o de manifesta\u00e7\u00f5es e assuntos pertinentes a Comiss\u00e3o de Ensino, Pesquisa e Extens\u00e3o.<\/p>\r\n<p>\u00a7 2\u00ba Para a abertura da ordem do dia e delibera\u00e7\u00e3o faz-se indispens\u00e1vel \u00e0 presen\u00e7a da maioria simples dos membros da Comiss\u00e3o.<\/p>\r\n<p>\u00a7 3\u00ba Caso n\u00e3o haja qu\u00f3rum legal para a delibera\u00e7\u00e3o em at\u00e9 quarenta e cinco minutos ap\u00f3s a abertura da sess\u00e3o, a mesma dever\u00e1 ser suspensa pelo Presidente.<\/p>\r\n<br>\r\n<p><b><div align=\"center\">T\u00cdTULO V<\/b><\/div><\/p>\r\n<p><b><div align=\"center\">DO \u00d3RG\u00c3O DE APOIO ADMINISTRATIVO<\/b><\/div><\/p>\r\n<br>\r\n<p>Art. 8\u00b0 A Secretaria da Unidade de Ensino ser\u00e1 respons\u00e1vel por prestar o apoio administrativo \u00e0 Comiss\u00e3o de Ensino, Pesquisa e Extens\u00e3o.<\/p>\r\n<br>\r\n<p><b><div align=\"center\">T\u00cdTULO VI<\/b><\/div><\/p>\r\n<p><b><div align=\"center\">DOS MEMBROS N\u00c3O NATOS<\/b><\/div><\/p>\r\n<br>\r\n<p>Art. 9\u00ba Nas reuni\u00f5es da Comiss\u00e3o de Ensino, Pesquisa e Extens\u00e3o poder\u00e3o comparecer, quando convidados pelos respectivos presidentes, servidores e\/ou discentes, a fim de prestarem esclarecimentos sobre assuntos que lhes forem pertinentes. Quando eventualmente membros ou convidados ou participantes n\u00e3o forem domiciliados no lugar da realiza\u00e7\u00e3o da atividade, estas devem ser realizadas por videoconfer\u00eancia, sem pagamento de di\u00e1rias e deslocamento.<\/p>\r\n<br>\r\n<p><b><div align=\"center\">T\u00cdTULO VII<\/b><\/div><\/p>\r\n<p><b><div align=\"center\">DOS RELAT\u00d3RIOS PERI\u00d3DICOS E DO RELAT\u00d3RIO FINAL<\/b><\/div><\/p>\r\n<br>\r\n<p>Art. 10 Os relat\u00f3rios de acompanhamento peri\u00f3dico ser\u00e3o semestrais e encaminhados ao Conselho do Campus. O relat\u00f3rio final ser\u00e1 encaminhado ao Conselho do Campus quando houver altera\u00e7\u00e3o na composi\u00e7\u00e3o da Comiss\u00e3o.<\/p>\r\n<br> \r\n<p><b><div align=\"center\">T\u00cdTULO VIII<\/b><\/div><\/p>\r\n<p><b><div align=\"center\">DAS DISPOSI\u00c7\u00d5ES GERAIS E TRANSIT\u00d3RIAS<\/b><\/div><\/p>\r\n<br>\r\n<p>Art. 11 \u00c9 vedada a divulga\u00e7\u00e3o de discuss\u00f5es em curso sem a pr\u00e9via anu\u00eancia do titular do Campus de Cachoeira do Sul ao qual este \u00f3rg\u00e3o colegiado est\u00e1 vinculado.<\/p>\r\n\r\n<p>Art. 12 A participa\u00e7\u00e3o dos membros deste \u00f3rg\u00e3o colegiado ser\u00e1 considerada presta\u00e7\u00e3o de servi\u00e7o p\u00fablico relevante, e n\u00e3o ser\u00e1 remunerada.<\/p>\r\n<p>Par\u00e1grafo \u00fanico. As atividades da Comiss\u00e3o e de seus membros n\u00e3o poder\u00e3o causar preju\u00edzo \u00e0 presta\u00e7\u00e3o do servi\u00e7o p\u00fablico pelo servidor membro do Colegiado.<\/p>\r\n\r\n<p>Art. 13 As reuni\u00f5es deste \u00f3rg\u00e3o colegiado ser\u00e3o presenciais. Quando eventualmente membros, convidados ou participantes n\u00e3o forem domiciliados no lugar da realiza\u00e7\u00e3o da atividade, estas devem ser realizadas por videoconfer\u00eancia, sem pagamento de di\u00e1rias e deslocamento.<\/p>\r\n\r\n<p>Art. 14 \u00c9 vedada a possibilidade de cria\u00e7\u00e3o de subcolegiados por ato deste colegiado, exceto se na presente Resolu\u00e7\u00e3o houver:<\/p>\r\n<p>I - limitado o n\u00famero m\u00e1ximo de seus membros;<\/p>\r\n<p>II - estabelecido car\u00e1ter tempor\u00e1rio e dura\u00e7\u00e3o n\u00e3o superior a um ano; e,<\/p>\r\n<p>III - fixado o n\u00famero m\u00e1ximo de subcolegiados que poder\u00e3o operar simultaneamente.<\/p>\r\n\r\n<p>Par\u00e1grafo \u00fanico.  A mera necessidade de reuni\u00f5es eventuais para debate, articula\u00e7\u00e3o ou trabalho que envolva agentes p\u00fablicos da administra\u00e7\u00e3o p\u00fablica federal n\u00e3o ser\u00e1 admitida como fundamento para as propostas de que trata o caput.<\/p>\r\n\r\n<p>Art. 15 Esta Resolu\u00e7\u00e3o entra em vigor na data de sua assinatura, revogadas as disposi\u00e7\u00f5es em contr\u00e1rio.<\/p>\r\n\r\n<p>GABINETE DO REITOR DA UNIVERSIDADE FEDERAL DE SANTA MARIA, aos dois dias do m\u00eas de setembro do ano dois mil e dezenove.<\/p>\r\n<\/div>\r\n\r\n<p>Paulo Afonso Burmann,<\/p>\r\n<p>Reitor<p \/>\r\n\r\n<p><font color=\"red0000\">Este texto n\u00e3o substitui o documento original, publicado no Portal de Documentos.<\/font> Dispon\u00edvel em: <a href=\"https:\/\/portal.ufsm.br\/documentos\/publico\/documento.html?id=12697287\"><font color=\"blue\">https:\/\/portal.ufsm.br\/documentos\/publico\/documento.html?id=12697287<\/font><\/a>\r\n\r\n\t\t<\/div>\n\t\t\t\t<\/div>\n\t\t\t\t\t<\/div>\n\t\t<\/div>\n\t\t\t\t\t<\/div>\n\t\t<\/section>\n\t\t\t\t<\/div>\n\t\t","protected":false},"excerpt":{"rendered":"<p>RESOLU\u00c7\u00c3O N. 024\/2019 MINIST\u00c9RIO DA EDUCA\u00c7\u00c3O UNIVERSIDADE FEDERAL DE SANTA MARIA RESOLU\u00c7\u00c3O N. 024\/2019 Aprova a recria\u00e7\u00e3o do \u00f3rg\u00e3o colegiado denominado \u201cComiss\u00e3o de Ensino, Pesquisa e Extens\u00e3o (CEPE-UFSM\/CS)\u201d vinculado ao Campus da Universidade Federal de Santa Maria em Cachoeira do Sul (UFSM\/CS). O REITOR DA UNIVERSIDADE FEDERAL DE SANTA MARIA, no uso de suas atribui\u00e7\u00f5es [&hellip;]<\/p>\n","protected":false},"author":205,"featured_media":0,"parent":0,"menu_order":0,"comment_status":"closed","ping_status":"closed","template":"","meta":{"footnotes":""},"categories":[],"tags":[],"class_list":["post-2444","page","type-page","status-publish","hentry"],"acf":[],"_links":{"self":[{"href":"https:\/\/www.ufsm.br\/pro-reitorias\/proplan\/wp-json\/wp\/v2\/pages\/2444","targetHints":{"allow":["GET"]}}],"collection":[{"href":"https:\/\/www.ufsm.br\/pro-reitorias\/proplan\/wp-json\/wp\/v2\/pages"}],"about":[{"href":"https:\/\/www.ufsm.br\/pro-reitorias\/proplan\/wp-json\/wp\/v2\/types\/page"}],"author":[{"embeddable":true,"href":"https:\/\/www.ufsm.br\/pro-reitorias\/proplan\/wp-json\/wp\/v2\/users\/205"}],"replies":[{"embeddable":true,"href":"https:\/\/www.ufsm.br\/pro-reitorias\/proplan\/wp-json\/wp\/v2\/comments?post=2444"}],"version-history":[{"count":0,"href":"https:\/\/www.ufsm.br\/pro-reitorias\/proplan\/wp-json\/wp\/v2\/pages\/2444\/revisions"}],"wp:attachment":[{"href":"https:\/\/www.ufsm.br\/pro-reitorias\/proplan\/wp-json\/wp\/v2\/media?parent=2444"}],"wp:term":[{"taxonomy":"category","embeddable":true,"href":"https:\/\/www.ufsm.br\/pro-reitorias\/proplan\/wp-json\/wp\/v2\/categories?post=2444"},{"taxonomy":"post_tag","embeddable":true,"href":"https:\/\/www.ufsm.br\/pro-reitorias\/proplan\/wp-json\/wp\/v2\/tags?post=2444"}],"curies":[{"name":"wp","href":"https:\/\/api.w.org\/{rel}","templated":true}]}}