{"id":2451,"date":"2019-10-02T15:30:51","date_gmt":"2019-10-02T18:30:51","guid":{"rendered":"https:\/\/www.ufsm.br\/pro-reitorias\/proplan\/?page_id=2451"},"modified":"2022-06-01T13:58:48","modified_gmt":"2022-06-01T16:58:48","slug":"resolucao-n-027-2019","status":"publish","type":"page","link":"https:\/\/www.ufsm.br\/pro-reitorias\/proplan\/resolucao-n-027-2019","title":{"rendered":"Resolu\u00e7\u00e3o N. 027\/2019"},"content":{"rendered":"\t\t<div data-elementor-type=\"wp-page\" data-elementor-id=\"2451\" class=\"elementor elementor-2451\">\n\t\t\t\t\t\t<section class=\"elementor-section elementor-top-section elementor-element elementor-element-ebeec49 elementor-section-boxed elementor-section-height-default elementor-section-height-default\" data-id=\"ebeec49\" data-element_type=\"section\">\n\t\t\t\t\t\t<div class=\"elementor-container elementor-column-gap-default\">\n\t\t\t\t\t<div class=\"elementor-column elementor-col-100 elementor-top-column elementor-element elementor-element-21b1ef8\" data-id=\"21b1ef8\" data-element_type=\"column\">\n\t\t\t<div class=\"elementor-widget-wrap elementor-element-populated\">\n\t\t\t\t\t\t<div class=\"elementor-element elementor-element-b25f12f elementor-widget elementor-widget-html\" data-id=\"b25f12f\" data-element_type=\"widget\" data-widget_type=\"html.default\">\n\t\t\t\t<div class=\"elementor-widget-container\">\n\t\t\t\ufeff\r\n\r\n\r\n<title><b>RESOLU\u00c7\u00c3O N. 027\/2019<\/b><\/title>\r\n\r\n\r\n<div align=\"center\"><img decoding=\"async\" src=\"https:\/\/www.ufsm.br\/pro-reitorias\/proplan\/wp-content\/uploads\/sites\/344\/2019\/09\/brasao-da-republica-do-brasil-logo.png\" alt=\"Bras\u00e3o Rep\u00fablica Federativa do Brasil\" width=\"6%\" height=\"6%\"><\/div>    \r\n<h1><font color=\"blue\"><font size=\"5\"><div align=\"center\">MINIST\u00c9RIO DA EDUCA\u00c7\u00c3O<\/b><\/font><\/font><\/div><\/H1>\r\n<p><b><font color=\"0000blue\"><div align=\"center\">UNIVERSIDADE FEDERAL DE SANTA MARIA<\/b><\/font><\/div><\/p>\r\n\r\n<p><div align=\"center\"><b><a href=\"https:\/\/portal.ufsm.br\/documentos\/publico\/documento.html?id=12738827\"><font color=\"blue\">RESOLU\u00c7\u00c3O N. 027\/2019<\/font><\/a><\/b><\/div><\/p>\r\n<br>\r\n<p><div align=\"right\"><font color=\"800000\"><strike>Aprova a cria\u00e7\u00e3o do \u00f3rg\u00e3o colegiado denominado Comiss\u00e3o Permanente de Legisla\u00e7\u00e3o e Normas (CLN-CT) vinculado ao Conselho do Centro de Tecnologia da estrutura organizacional da Universidade Federal de Santa Maria (UFSM). Sua cria\u00e7\u00e3o \u00e9 de extrema import\u00e2ncia para aprecia\u00e7\u00e3o mais acurada, junto ao Conselho de Centro de Tecnologia, de processos e solicita\u00e7\u00f5es ligados \u00e0s \u00e1reas de Ensino, Pesquisa e Extens\u00e3o.<\/strike><\/font><\/div><\/p>\r\n<br>\r\n<p><a href=\"https:\/\/www.ufsm.br\/pro-reitorias\/proplan\/resolucao-ufsm-n-094-2022\/\" target=\"_blank\"><font color=\"blue\">Revogada pela Resolu\u00e7\u00e3o UFSM N. 094\/2022<\/font><\/a>\r\n<br><div align=\"justify\">\r\n<strike>\r\n<p>O REITOR DA UNIVERSIDADE FEDERAL DE SANTA MARIA, no uso de suas atribui\u00e7\u00f5es legais e estatut\u00e1rias e considerando:<\/p>\r\n<p>\u2013 o Art. 56 da <a href=\"http:\/\/www.planalto.gov.br\/ccivil_03\/leis\/l9394.htm\" target=\"_blank\"><font color=\"blue\"><u>Lei N. 9.394, de 20 de dezembro de 1996<\/u><\/font><\/a>, que estabelece as diretrizes e bases da educa\u00e7\u00e3o nacional;<\/p>\r\n<p>\u2013 o <a href=\"http:\/\/www.planalto.gov.br\/ccivil_03\/_ato2015-2018\/2017\/decreto\/D9191.htm\" target=\"_blank\"><font color=\"blue\"><u>Decreto N. 9.191, de 1\u00b0 de novembro de 2017<\/u><\/font><\/a>, que estabelece as normas e as diretrizes para elabora\u00e7\u00e3o, reda\u00e7\u00e3o, altera\u00e7\u00e3o, consolida\u00e7\u00e3o e encaminhamento de propostas de atos normativos ao Presidente da Rep\u00fablica pelos Ministros de Estado;<\/p>\r\n<p>\u2013 o <a href=\"http:\/\/www.planalto.gov.br\/ccivil_03\/_ato2019-2022\/2019\/decreto\/D9759.htm\" target=\"_blank\"><font color=\"blue\"><u>Decreto N. 9.759, de 11 de abril de 2019<\/u><\/font><\/a>, que extingue e estabelece diretrizes, regras e limita\u00e7\u00f5es para colegiados da administra\u00e7\u00e3o p\u00fablica federal;<\/p>\r\n<p>\u2013 o Parecer N. 093\/2019 da Comiss\u00e3o de Legisla\u00e7\u00e3o e Normas (CLN), aprovado na 938\u00aa Sess\u00e3o do Conselho de Ensino, Pesquisa e Extens\u00e3o, de 06 de setembro de 2019, referente ao Processo N. <a href=\"https:\/\/portal.ufsm.br\/documentos\/publico\/processo\/documento.html?idDocumento=12596053\" target=\"_blank\"><font color=\"blue\"><u>23081.036474\/2019-51<\/u><\/font><\/a> e,<\/p>\r\n<p>\u2013 o Parecer N. 117\/2019 da Comiss\u00e3o de Legisla\u00e7\u00e3o e Regimentos (CLR), aprovado na 821\u00aa Sess\u00e3o do Conselho Universit\u00e1rio, de 27 de setembro de 2019, referente ao Processo N. <a href=\"https:\/\/portal.ufsm.br\/documentos\/publico\/processo\/documento.html?idDocumento=12596053\" target=\"_blank\"><font color=\"blue\"><u>23081.036474\/2019-51<\/u><\/font><\/a>.<\/p>\r\n<br>\r\n<p><b><div align=\"center\">RESOLVE:<\/b><\/div><\/p>\r\n<br>\r\n<p>Art. 1\u00ba Aprovar a cria\u00e7\u00e3o do \u00f3rg\u00e3o colegiado denominado Comiss\u00e3o Permanente de Legisla\u00e7\u00e3o e Normas (CLN-CT) vinculado ao Conselho do Centro de Tecnologia da estrutura organizacional da Universidade Federal de Santa Maria (UFSM).<\/p>\r\n<br>\r\n<p><b><div align=\"center\">T\u00cdTULO I<\/b><\/div><\/p>\r\n<p><b><div align=\"center\">DAS COMPET\u00caNCIAS<\/b><\/div><\/p>\r\n<br>\r\n<p>Art. 2\u00ba Caber\u00e1 \u00e0 CLN-CT, um \u00f3rg\u00e3o consultivo do Conselho do Centro, apreciar e emitir parecer sobre os processos que venham a ser analisados pelo Conselho, no tocante:<\/p>\r\n<p>I \u2013 a modifica\u00e7\u00f5es no <a href=\"https:\/\/www.ufsm.br\/pro-reitorias\/proplan\/regimento-interno-do-centro-de-tecnologia\/\" target=\"_blank\"><font color=\"blue\"><u>Regimento Interno do Centro de Tecnologia<\/u><\/font><\/a>;<\/p>\r\n<p>II \u2013 a cria\u00e7\u00e3o ou modifica\u00e7\u00f5es nos Regimentos das Subunidades;<\/p>\r\n<p>III \u2013 \u00e0s solicita\u00e7\u00f5es de emiss\u00e3o de parecer acerca de d\u00favidas sobre a constitucionalidade, legalidade, estatucionalidade ou regimentalidade de proposi\u00e7\u00e3o sobre as quais tenha de pronunciar-se o Conselho do Centro de Tecnologia;<\/p>\r\n<p>IV \u2013 aos instrumentos de parceria com institui\u00e7\u00f5es p\u00fablicas e privadas e acordos entre os \u00f3rg\u00e3os universit\u00e1rios e sociedades industriais, comerciais ou particulares, bem como entidades governamentais para realiza\u00e7\u00e3o de trabalhos, pesquisas e outras atividades de interesse do Centro de Tecnologia;<\/p>\r\n<p>V \u2013 outras solicita\u00e7\u00f5es que n\u00e3o sejam de compet\u00eancia da Comiss\u00e3o Permanente de Ensino, Pesquisa e Extens\u00e3o-CEPE-CT e que requeiram manifesta\u00e7\u00e3o do Conselho do Centro de Tecnologia.<\/p>\r\n<br>\r\n<p><b><div align=\"center\">T\u00cdTULO II<\/b><\/div><\/p>\r\n<p><b><div align=\"center\">DA COMPOSI\u00c7\u00c3O E AUTORIDADE<\/b><\/div><\/p>\r\n<br>\r\n<p>Art. 3\u00ba A CLN-CT ser\u00e1 constitu\u00edda por, no m\u00ednimo, tr\u00eas e no m\u00e1ximo sete membros do Conselho, eleitos anualmente na primeira sess\u00e3o plen\u00e1ria, sendo presidente o conselheiro escolhido por seus pares.<\/p>\r\n<br>\r\n<p><b><div align=\"center\">T\u00cdTULO III<\/b><\/div><\/p>\r\n<p><b><div align=\"center\">DO QU\u00d3RUM DE REUNI\u00c3O E DE VOTA\u00c7\u00c3O<\/b><\/div><\/p>\r\n<br>\r\n<p>Art. 4\u00ba A CLN-CT reunir-se-\u00e1, ordinariamente, uma vez por m\u00eas ou, extraordinariamente, sempre que convocada pelo presidente ou maioria de seus membros e desde que haja processos no Conselho que necessitem parecer da referida Comiss\u00e3o.<\/p>\r\n<p>Art. 5\u00ba As sess\u00f5es da CLN-CT ser\u00e3o instaladas e funcionar\u00e3o com a presen\u00e7a m\u00ednima da maioria absoluta dos seus membros, considerando\u2013se esse o n\u00famero legal para a delibera\u00e7\u00e3o e vota\u00e7\u00e3o.<\/p>\r\n<p>Art. 6\u00ba A convoca\u00e7\u00e3o ser\u00e1 feita via correio eletr\u00f4nico, pelo presidente da Comiss\u00e3o, com anteced\u00eancia m\u00ednima de 48 (quarenta e oito) horas, devendo constar da mesma a Ordem do Dia.<\/p>\r\n<p>Art. 7\u00ba Havendo n\u00famero legal e declarada aberta a sess\u00e3o, proceder\u2013se\u2013\u00e1 a discuss\u00e3o e posterior realiza\u00e7\u00e3o dos pareceres que dever\u00e3o embasar os processos a serem analisados pelo Conselho da Unidade de Ensino.<\/p>\r\n<br>\r\n<p><b><div align=\"center\">T\u00cdTULO IV<\/b><\/div><\/p>\r\n<p><b><div align=\"center\">DA PERIODICIDADE DAS REUNI\u00d5ES<\/b><\/div><\/p>\r\n<br>\r\n<p>Art. 8\u00ba As reuni\u00f5es ocorrer\u00e3o uma vez por m\u00eas, na semana anterior a Reuni\u00e3o do Conselho da Unidade de Ensino, quando houver processos na \u00e1rea da presente comiss\u00e3o.<\/p>\r\n<p>Par\u00e1grafo \u00fanico. As reuni\u00f5es, cujos membros, convidados ou participantes estejam em entes federativos diversos, ser\u00e3o realizadas por videoconfer\u00eancia, sem pagamento de di\u00e1rias e deslocamento.<\/p>\r\n<br>\r\n<p><b><div align=\"center\">T\u00cdTULO V<\/b><\/div><\/p>\r\n<p><b><div align=\"center\">DO \u00d3RG\u00c3O DE APOIO ADMINISTRATIVO<\/b><\/div><\/p>\r\n<br>\r\n<p>Art. 9\u00ba A Secretaria do Centro de Tecnologia, ficar\u00e1 respons\u00e1vel por realizar o apoio administrativo necess\u00e1rio para o andamento dos trabalhos da CLN-CT.<\/p>\r\n<br>\r\n<p><b><div align=\"center\">T\u00cdTULO VI<\/b><\/div><\/p>\r\n<p><b><div align=\"center\">DO REGIMENTO INTERNO<\/b><\/div><\/p>\r\n<br>\r\n<p>Art. 10 Por se tratar de uma comiss\u00e3o permanente interna do Conselho da Unidade de Ensino, que \u00e9 regido, regulamentado pelo <a href=\"https:\/\/www.ufsm.br\/pro-reitorias\/proplan\/regimento-interno-do-centro-de-tecnologia\/\" target=\"_blank\"><font color=\"blue\"><u>Regimento Interno da Unidade<\/u><\/font><\/a>, n\u00e3o h\u00e1 necessidade de um Regimento Interno espec\u00edfico para a CLN-CT.<\/p>\r\n<br>\r\n<p><b><div align=\"center\">T\u00cdTULO VII<\/b><\/div><\/p>\r\n<p><b><div align=\"center\">DO MEMBROS N\u00c3O NATOS<\/b><\/div><\/p>\r\n<br>\r\n<p>Art. 11 Nas reuni\u00f5es da CLN-CT poder\u00e3o comparecer quando convidados pelo presidente, servidores e, ou discentes, a fim de prestarem esclarecimentos sobre assuntos que lhes forem pertinentes.<\/p>\r\n<p>Par\u00e1grafo \u00fanico. As reuni\u00f5es deste \u00f3rg\u00e3o colegiado, cujos membros possu\u00edrem domic\u00edlio e\/ou resid\u00eancia legal ou estiverem em local diverso da realiza\u00e7\u00e3o da atividade ser\u00e3o realizadas por videoconfer\u00eancia, sem pagamento de di\u00e1rias e deslocamento.<\/p>\r\n<br>\r\n<p><b><div align=\"center\">T\u00cdTULO VIII<\/b><\/div><\/p>\r\n<p><b><div align=\"center\">DOS RELAT\u00d3RIOS PERI\u00d3DICOS E DO RELAT\u00d3RIO FINAL<\/b><\/div><\/p>\r\n<br>\r\n<p>Art. 12 A Comiss\u00e3o emitir\u00e1 pareceres mensais e espec\u00edficos para os processos de sua \u00e1rea, n\u00e3o havendo necessidades de emitir relat\u00f3rios peri\u00f3dicos e anuais.<\/p>\r\n<br>\r\n<p><b><div align=\"center\">T\u00cdTULO IX<\/b><\/div><\/p>\r\n<p><b><div align=\"center\">DAS DISPOSI\u00c7\u00d5ES GERAIS E TRANSIT\u00d3RIAS<\/b><\/div><\/p>\r\n<br>\r\n<p>Art. 13 \u00c9 vedada a divulga\u00e7\u00e3o de discuss\u00f5es em curso sem a pr\u00e9via anu\u00eancia do titular do Conselho do Centro de Tecnologia unidade ao qual este \u00f3rg\u00e3o colegiado est\u00e1 vinculado.<\/p>\r\n\r\n<p>Art. 14 A participa\u00e7\u00e3o dos membros deste \u00f3rg\u00e3o colegiado ser\u00e1 considerada presta\u00e7\u00e3o de servi\u00e7o p\u00fablico relevante, e n\u00e3o ser\u00e1 remunerada.<\/p>\r\n<p>Par\u00e1grafo \u00fanico. As atividades da Comiss\u00e3o e deus membros n\u00e3o poder\u00e3o causar preju\u00edzo \u00e0 presta\u00e7\u00e3o do servi\u00e7o p\u00fablico pelo servidor membro do Colegiado.<\/p>\r\n\r\n<p>Art. 15 A CLN-CT \u00e9 uma comiss\u00e3o com elevada atua\u00e7\u00e3o, no ano de 2018, foi respons\u00e1vel pela an\u00e1lise e emiss\u00e3o de pareceres de 53 processos e at\u00e9 o presente momento por analisar outros 29 processos.<\/p>\r\n\r\n<p>Art. 16 \u00c9 vedada a possibilidade de cria\u00e7\u00e3o de subcolegiados por ato deste colegiado.<\/p>\r\n<p>Par\u00e1grafo \u00fanico.  A mera necessidade de reuni\u00f5es eventuais para debate, articula\u00e7\u00e3o ou trabalho que envolva agentes p\u00fablicos da administra\u00e7\u00e3o p\u00fablica federal n\u00e3o ser\u00e1 admitida como fundamento para as propostas de que trata o caput.<\/p>\r\n\r\n<p>Art. 17 Esta Resolu\u00e7\u00e3o entrar\u00e1 em vigor na data de sua assinatura, revogadas as disposi\u00e7\u00f5es em contr\u00e1rio, inclusivedo <a href=\"https:\/\/www.ufsm.br\/pro-reitorias\/proplan\/regimento-interno-do-centro-de-tecnologia\/\" target=\"_blank\"><font color=\"blue\"><u>Regimento Interno do Centro de Tecnologia<\/u><\/font><\/a>.<\/p>\r\n\r\n<p>GABINETE DO REITOR DA UNIVERSIDADE FEDERAL DE SANTA MARIA, aos trinta dias do m\u00eas de setembro do ano dois mil e dezenove.<\/p>\r\n<\/div>\r\n\r\n<p>Paulo Afonso Burmann,<\/p>\r\n<p>Reitor<p \/>\r\n<\/strike>\r\n<p><font color=\"red0000\">Este texto n\u00e3o substitui o documento original, publicado no Portal de Documentos.<\/font> Dispon\u00edvel em: <a href=\"https:\/\/portal.ufsm.br\/documentos\/publico\/documento.html?id=12738827\"><font color=\"blue\">https:\/\/portal.ufsm.br\/documentos\/publico\/documento.html?id=12738827<\/font><\/a>\r\n\r\n\t\t<\/div>\n\t\t\t\t<\/div>\n\t\t\t\t\t<\/div>\n\t\t<\/div>\n\t\t\t\t\t<\/div>\n\t\t<\/section>\n\t\t\t\t<\/div>\n\t\t","protected":false},"excerpt":{"rendered":"<p>\ufeff RESOLU\u00c7\u00c3O N. 027\/2019 MINIST\u00c9RIO DA EDUCA\u00c7\u00c3O UNIVERSIDADE FEDERAL DE SANTA MARIA RESOLU\u00c7\u00c3O N. 027\/2019 Aprova a cria\u00e7\u00e3o do \u00f3rg\u00e3o colegiado denominado Comiss\u00e3o Permanente de Legisla\u00e7\u00e3o e Normas (CLN-CT) vinculado ao Conselho do Centro de Tecnologia da estrutura organizacional da Universidade Federal de Santa Maria (UFSM). Sua cria\u00e7\u00e3o \u00e9 de extrema import\u00e2ncia para aprecia\u00e7\u00e3o mais [&hellip;]<\/p>\n","protected":false},"author":205,"featured_media":0,"parent":0,"menu_order":0,"comment_status":"closed","ping_status":"closed","template":"","meta":{"footnotes":""},"categories":[],"tags":[],"class_list":["post-2451","page","type-page","status-publish","hentry"],"acf":[],"_links":{"self":[{"href":"https:\/\/www.ufsm.br\/pro-reitorias\/proplan\/wp-json\/wp\/v2\/pages\/2451","targetHints":{"allow":["GET"]}}],"collection":[{"href":"https:\/\/www.ufsm.br\/pro-reitorias\/proplan\/wp-json\/wp\/v2\/pages"}],"about":[{"href":"https:\/\/www.ufsm.br\/pro-reitorias\/proplan\/wp-json\/wp\/v2\/types\/page"}],"author":[{"embeddable":true,"href":"https:\/\/www.ufsm.br\/pro-reitorias\/proplan\/wp-json\/wp\/v2\/users\/205"}],"replies":[{"embeddable":true,"href":"https:\/\/www.ufsm.br\/pro-reitorias\/proplan\/wp-json\/wp\/v2\/comments?post=2451"}],"version-history":[{"count":0,"href":"https:\/\/www.ufsm.br\/pro-reitorias\/proplan\/wp-json\/wp\/v2\/pages\/2451\/revisions"}],"wp:attachment":[{"href":"https:\/\/www.ufsm.br\/pro-reitorias\/proplan\/wp-json\/wp\/v2\/media?parent=2451"}],"wp:term":[{"taxonomy":"category","embeddable":true,"href":"https:\/\/www.ufsm.br\/pro-reitorias\/proplan\/wp-json\/wp\/v2\/categories?post=2451"},{"taxonomy":"post_tag","embeddable":true,"href":"https:\/\/www.ufsm.br\/pro-reitorias\/proplan\/wp-json\/wp\/v2\/tags?post=2451"}],"curies":[{"name":"wp","href":"https:\/\/api.w.org\/{rel}","templated":true}]}}