{"id":2452,"date":"2019-10-02T15:32:03","date_gmt":"2019-10-02T18:32:03","guid":{"rendered":"https:\/\/www.ufsm.br\/pro-reitorias\/proplan\/?page_id=2452"},"modified":"2022-11-01T09:48:17","modified_gmt":"2022-11-01T12:48:17","slug":"resolucao-n-028-2019","status":"publish","type":"page","link":"https:\/\/www.ufsm.br\/pro-reitorias\/proplan\/resolucao-n-028-2019","title":{"rendered":"Resolu\u00e7\u00e3o N. 028\/2019"},"content":{"rendered":"\t\t<div data-elementor-type=\"wp-page\" data-elementor-id=\"2452\" class=\"elementor elementor-2452\">\n\t\t\t\t\t\t<section class=\"elementor-section elementor-top-section elementor-element elementor-element-507f5d9 elementor-section-boxed elementor-section-height-default elementor-section-height-default\" data-id=\"507f5d9\" data-element_type=\"section\">\n\t\t\t\t\t\t<div class=\"elementor-container elementor-column-gap-default\">\n\t\t\t\t\t<div class=\"elementor-column elementor-col-100 elementor-top-column elementor-element elementor-element-f437362\" data-id=\"f437362\" data-element_type=\"column\">\n\t\t\t<div class=\"elementor-widget-wrap elementor-element-populated\">\n\t\t\t\t\t\t<div class=\"elementor-element elementor-element-39634d3 elementor-widget elementor-widget-html\" data-id=\"39634d3\" data-element_type=\"widget\" data-widget_type=\"html.default\">\n\t\t\t\t<div class=\"elementor-widget-container\">\n\t\t\t\r\n\r\n\r\n<title><b>RESOLU\u00c7\u00c3O N. 028\/2019<\/b><\/title>\r\n\r\n\r\n<div align=\"center\"><img decoding=\"async\" src=\"https:\/\/www.ufsm.br\/pro-reitorias\/proplan\/wp-content\/uploads\/sites\/344\/2019\/09\/brasao-da-republica-do-brasil-logo.png\" alt=\"Bras\u00e3o Rep\u00fablica Federativa do Brasil\" width=\"6%\" height=\"6%\"><\/div>    \r\n<h1><font color=\"blue\"><font size=\"5\"><div align=\"center\">MINIST\u00c9RIO DA EDUCA\u00c7\u00c3O<\/b><\/font><\/font><\/div><\/H1>\r\n<p><b><font color=\"0000blue\"><div align=\"center\">UNIVERSIDADE FEDERAL DE SANTA MARIA<\/b><\/font><\/div><\/p>\r\n\r\n<p><div align=\"center\"><b><a href=\"https:\/\/portal.ufsm.br\/documentos\/publico\/documento.html?id=12738831\"><font color=\"blue\">RESOLU\u00c7\u00c3O N. 028\/2019<\/font><\/a><\/b><\/div><\/p>\r\n<br>\r\n<p><div align=\"right\"><font color=\"800000\"><s>Aprova a recria\u00e7\u00e3o do Comit\u00ea Assessor da PRPGP (CA-PRPGP), bem como altera o seu regulamento interno, vinculado \u00e0 Pr\u00f3-Reitoria de P\u00f3s-Gradua\u00e7\u00e3o e Pesquisa (PRPGP) da Universidade Federal de Santa Maria (UFSM).<\/font><\/div><\/p><\/s>\r\n\r\n\r\n\r\n\r\n<a href=\"https:\/\/www.ufsm.br\/pro-reitorias\/proplan\/resolucao-ufsm-n-104-2022\/\" target=\"_blank\"><font color=\"blue\">Revogada pela Resolu\u00e7\u00e3o UFSM N. 104\/2022<\/font><\/a><\/p>\r\n\r\n<br><div align=\"justify\">\r\n<p><s>O REITOR DA UNIVERSIDADE FEDERAL DE SANTA MARIA, no uso de suas atribui\u00e7\u00f5es legais e estatut\u00e1rias e considerando:<\/p>\r\n<p>- o Art. 56 da <u><a href=\"http:\/\/www.planalto.gov.br\/ccivil_03\/leis\/l9394.htm\" target=\"_blank\"><font color=\"blue\">Lei N. 9.394, de 20 de dezembro de 1996<\/font><\/a><\/u>, que estabelece as diretrizes e bases da educa\u00e7\u00e3o nacional;<\/p>\r\n<p>- o <u><a href=\"http:\/\/www.planalto.gov.br\/ccivil_03\/_ato2015-2018\/2017\/decreto\/D9191.htm\" target=\"_blank\"><font color=\"blue\">Decreto N. 9.191, de 1\u00ba de novembro de 2017<\/font><\/a><\/u>, que estabelece as normas e as diretrizes para elabora\u00e7\u00e3o, reda\u00e7\u00e3o, altera\u00e7\u00e3o, consolida\u00e7\u00e3o e encaminhamento de propostas de atos normativos ao Presidente da Rep\u00fablica pelos Ministros de Estado;<\/p>\r\n<p>- o  <u><a href=\"http:\/\/www.planalto.gov.br\/ccivil_03\/_ato2019-2022\/2019\/decreto\/D9759.htm\" target=\"_blank\"><font color=\"blue\">Decreto N. 9.759, de 11 de abril de 2019<\/font><\/a><\/u>, que extingue e estabelece diretrizes, regras e limita\u00e7\u00f5es para colegiados da administra\u00e7\u00e3o p\u00fablica federal;<\/p>\r\n<p>- o Parecer ad referendum da Comiss\u00e3o de Legisla\u00e7\u00e3o e Normas (CLN), Conselho de Ensino, Pesquisa e Extens\u00e3o (CEPE), referente ao <a href=\"https:\/\/portal.ufsm.br\/documentos\/publico\/processo\/documento.html?idDocumento=12829361\" target=\"_blank\"><font color=\"blue\">Processo N. 23081.061320\/2019-05<\/font><\/a>;<\/p>\r\n<p>- o Parecer N. 009\/2020 da Comiss\u00e3o de Legisla\u00e7\u00e3o e Regimentos (CLR), aprovado na 827\u00aa Sess\u00e3o do Conselho Universit\u00e1rio (CONSU), de 30 de abril de 2020, referente ao <a href=\"https:\/\/portal.ufsm.br\/documentos\/publico\/processo\/documento.html?idDocumento=12829361\" target=\"_blank\"><font color=\"blue\">Processo N. 23081.061320\/2019-05<\/font><\/a>.<\/p>\r\n<br>\r\n<p>RESOLVE:<\/p>\r\n<br>\r\n\r\n\r\n<br><div align=\"justify\">\r\n\r\n<p>O REITOR DA UNIVERSIDADE FEDERAL DE SANTA MARIA, no uso de suas atribui\u00e7\u00f5es legais e estatut\u00e1rias e considerando:<\/p>\r\n<p>\u2013 o Art. 56 da <a href=\"http:\/\/www.planalto.gov.br\/ccivil_03\/leis\/l9394.htm\" target=\"_blank\"><font color=\"blue\"><u>Lei N. 9.394, de 20 de dezembro de 1996<\/u><\/font><\/a>, que estabelece as diretrizes e bases da educa\u00e7\u00e3o nacional;<\/p>\r\n<p>\u2013 o <a href=\"http:\/\/www.planalto.gov.br\/ccivil_03\/_ato2015-2018\/2017\/decreto\/D9191.htm\" target=\"_blank\"><font color=\"blue\"><u>Decreto N. 9.191, de 1\u00b0 de novembro de 2017<\/u><\/font><\/a>, que estabelece as normas e as diretrizes para elabora\u00e7\u00e3o, reda\u00e7\u00e3o, altera\u00e7\u00e3o, consolida\u00e7\u00e3o e encaminhamento de propostas de atos normativos ao Presidente da Rep\u00fablica pelos Ministros de Estado;<\/p>\r\n<p>\u2013 o <a href=\"http:\/\/www.planalto.gov.br\/ccivil_03\/_ato2019-2022\/2019\/decreto\/D9759.htm\" target=\"_blank\"><font color=\"blue\"><u>Decreto N. 9.759, de 11 de abril de 2019<\/u><\/font><\/a>, que extingue e estabelece diretrizes, regras e limita\u00e7\u00f5es para colegiados da administra\u00e7\u00e3o p\u00fablica federal;<\/p>\r\n<p>\u2013 o <a href=\"http:\/\/www.planalto.gov.br\/ccivil_03\/_Ato2019-2022\/2019\/Decreto\/D9812.htm\" target=\"_blank\"><font color=\"blue\"><u>Decreto N. 9.812, de 30 de maio de 2019<\/u><\/font><\/a>, que altera o <a href=\"http:\/\/www.planalto.gov.br\/ccivil_03\/_ato2019-2022\/2019\/decreto\/D9759.htm\" target=\"_blank\"><font color=\"blue\"><u>Decreto N. 9.759, de 11 de abril de 2019<\/u><\/font><\/a>, que extingue e estabelece diretrizes, regras e limita\u00e7\u00f5es para colegiados da administra\u00e7\u00e3o p\u00fablica federal;<\/p>\r\n<p>\u2013 O <a href=\"https:\/\/www.ufsm.br\/pro-reitorias\/proplan\/regimento-geral-da-ufsm-2011\/\" target=\"_blank\"><font color=\"blue\"><u>Regimento Geral da Universidade Federal de Santa Maria<\/u><\/font><\/a>;<\/p>\r\n<p>\u2013 O <a href=\"https:\/\/www.ufsm.br\/pro-reitorias\/proplan\/estatuto-ufsm-2010\/\" target=\"_blank\"><font color=\"blue\"><u>Estatuto da Universidade Federal de Santa Maria<\/u><\/font><\/a>;<\/p>\r\n<p>\u2013 A <a href=\"https:\/\/www.ufsm.br\/pro-reitorias\/proplan\/resolucao-n-024-2014\/\" target=\"_blank\"><font color=\"blue\"><u>Resolu\u00e7\u00e3o N. 024\/2014, de 21 de outubro de 2014<\/u><\/font><\/a>, que aprova o regulamento do Comit\u00ea Assessor da Pr\u00f3-Reitoria de P\u00f3s-Gradua\u00e7\u00e3o e Pesquisa (PRPGP);<\/p>\r\n<p>\u2013 o Parecer N. 109\/2019 da Comiss\u00e3o de Legisla\u00e7\u00e3o e Normas (CLN), aprovado na 939\u00aa Sess\u00e3o do Conselho de Ensino, Pesquisa e Extens\u00e3o, de 19 de setembro de 2019, referente ao Processo N. <a href=\"https:\/\/portal.ufsm.br\/documentos\/publico\/processo\/documento.html?idDocumento=12618375\" target=\"_blank\"><font color=\"blue\"><u>23081.039323\/2019-54<\/u><\/font><\/a>; e,<\/p>\r\n<p>\u2013 o Parecer N. 125\/2019 da Comiss\u00e3o de Legisla\u00e7\u00e3o e Regimentos (CLR), aprovado na 821\u00aa Sess\u00e3o do Conselho Universit\u00e1rio, de 27 de setembro de 2019, referente ao Processo N. <a href=\"https:\/\/portal.ufsm.br\/documentos\/publico\/processo\/documento.html?idDocumento=12618375\" target=\"_blank\"><font color=\"blue\"><u>23081.039323\/2019-54<\/u><\/font><\/a>.<\/p>\r\n<br>\r\n<p><b><div align=\"center\">RESOLVE:<\/b><\/div><\/p>\r\n<br>\r\n<p>Art. 1\u00ba Aprovar a recria\u00e7\u00e3o do Comit\u00ea Assessor da PRPGP (CA-PRPGP) vinculado \u00e0 Pr\u00f3-Reitoria de P\u00f3s-Gradua\u00e7\u00e3o e Pesquisa (PRPGP) da Universidade Federal de Santa Maria (UFSM).<\/p>\r\n<br>  \r\n<p><b><div align=\"center\">T\u00cdTULO I<\/b><\/div><\/p>\r\n<p><b><div align=\"center\">DAS COMPET\u00caNCIAS<\/b><\/div><\/p>\r\n<br> \r\n<p>Art. 2\u00ba Ao Comit\u00ea Assessor da PRPGP (CA-PRPGP) compete:<\/p>\r\n<p>I - propor pol\u00edticas de p\u00f3s-gradua\u00e7\u00e3o, levando-se em conta o pluralismo e a autonomia existente nos Cursos e Programas de P\u00f3s-gradua\u00e7\u00e3o da Universidade Federal de Santa Maria;<\/p>\r\n<p>II -  realizar a avalia\u00e7\u00e3o e sele\u00e7\u00e3o de propostas de APCN (Apresenta\u00e7\u00e3o de Propostas para Cursos Novos) novos cursos de p\u00f3s-gradua\u00e7\u00e3o no \u00e2mbito da Institui\u00e7\u00e3o, disponibilizado atrav\u00e9s de chamadas Internas da PRPGP, em conformidade com o calend\u00e1rio da CAPES (Coordena\u00e7\u00e3o de Aperfei\u00e7oamento de Pessoal de N\u00edvel Superior);<\/p>\r\n<p>III -  realizar a avalia\u00e7\u00e3o de propostas de professor visitante nacional e\/ou estrangeiro dos Programas de P\u00f3s-Gradua\u00e7\u00e3o da UFSM, atrav\u00e9s de chamadas internas da PRPGP, atendendo \u00e0 <a href=\"https:\/\/www.ufsm.br\/pro-reitorias\/proplan\/resolucao-n-028-2016\/\" target=\"_blank\"><font color=\"blue\"><u>Resolu\u00e7\u00e3o N. 028\/2016\/UFSM<\/u><\/font><\/a>;<\/p>\r\n<p>IV - outras demandas espec\u00edficas da p\u00f3s-gradua\u00e7\u00e3o e que necessitem de avalia\u00e7\u00e3o do CA-PRPGP.<\/p>\r\n<br> \r\n<p><b><div align=\"center\">T\u00cdTULO II<\/b><\/div><\/p>\r\n<p><b><div align=\"center\">DA COMPOSI\u00c7\u00c3O E AUTORIDADE<\/b><\/div><\/p>\r\n<br>\r\n<p>Art. 3\u00ba O Comit\u00ea Assessor ter\u00e1 composi\u00e7\u00e3o multic\u00eantrica e transdisciplinar, cujos representantes ser\u00e3o Coordenadores dos Programas de P\u00f3s-gradua\u00e7\u00e3o das Unidades de Ensino da UFSM.<\/p>\r\n<p>Par\u00e1grafo \u00danico. Fica assegurada a participa\u00e7\u00e3o de todas as Unidades de Ensino que tiverem Cursos de P\u00f3s-gradua\u00e7\u00e3o strictu sensu com conceito igual ou superior a 3, por meio da indica\u00e7\u00e3o de um Programa de P\u00f3s-Gradua\u00e7\u00e3o, representante de tal Unidade de Ensino.<\/p>\r\n \r\n<p>Art. 4\u00ba O CA-PRPGP ser\u00e1 constitu\u00eddo por:<\/p>\r\n<p>I - um representante da PRPGP indicado pelo Pr\u00f3-Reitor;<\/p>\r\n<p>II - um representante de Programa de P\u00f3s-Gradua\u00e7\u00e3o indicado pelo Centro de Ci\u00eancias Rurais (CCR);<\/p>\r\n<p>III - um representante de Programa de P\u00f3s-Gradua\u00e7\u00e3o indicado pelo Centro de Ci\u00eancias Naturais e Exatas (CCNE);<\/p>\r\n<p>IV - um representante de Programa de P\u00f3s-Gradua\u00e7\u00e3o indicado pelo Centro de Tecnologia (CT);<\/p>\r\n<p>V - um representante de Programa de P\u00f3s-Gradua\u00e7\u00e3o indicado pelo Centro de Ci\u00eancias da Sa\u00fade (CCS);<\/p>\r\n<p>VI - um representante de Programa de P\u00f3s-Gradua\u00e7\u00e3o indicado pelo Centro de Educa\u00e7\u00e3o (CE);<\/p>\r\n<p>VII - um representante de Programa de P\u00f3s-Gradua\u00e7\u00e3o indicado pelo Centro de Ci\u00eancias Sociais e Humanos (CCSH);<\/p>\r\n<p>VIII - um representante de Programa de P\u00f3s-Gradua\u00e7\u00e3o indicado pelo Centro de Artes e Letras (CAL);<\/p>\r\n<p>IX - um representante de Programa de P\u00f3s-Gradua\u00e7\u00e3o indicado pelo Centro de Educa\u00e7\u00e3o F\u00edsica e Desportos (CEFD);<\/p>\r\n<p>X - um representante de Programa de P\u00f3s-Gradua\u00e7\u00e3o indicado por cada Campus, com curso de PG recomendado pela CAPES;<\/p>\r\n<p>XI - um representante de Programa de P\u00f3s-Gradua\u00e7\u00e3o indicado por cada Col\u00e9gio que possua curso de PG recomendado pela CAPES;<\/p>\r\n<p>XII - um representante titular dos alunos de p\u00f3s-gradua\u00e7\u00e3o do Campus sede indicado pela Associa\u00e7\u00e3o da P\u00f3s-gradua\u00e7\u00e3o;<\/p>\r\n<p>XIII - um representante suplente dos alunos de P\u00f3s-Gradua\u00e7\u00e3o dos Campi fora de sede indicado pela Associa\u00e7\u00e3o da P\u00f3s-Gradua\u00e7\u00e3o; e,<\/p>\r\n<p>XIII - um representante adicional de Programa de P\u00f3s-Gradua\u00e7\u00e3o, como Coordenador Geral do CA-PRPGP, indicado pela PRPGP.<\/p>\r\n\r\n<p>\u00a71\u00ba O Coordenador Geral Substituto do CA-PRPGP ser\u00e1 o membro representante do Programa de P\u00f3s-Gradua\u00e7\u00e3o de maior conceito do CA-PRPGP, em caso de mais de um Programa de P\u00f3s-Gradua\u00e7\u00e3o com conceito m\u00e1ximo, far-se-\u00e1 a vota\u00e7\u00e3o para a elei\u00e7\u00e3o do Coordenador Substituto.<\/p>\r\n<p>\u00a72\u00ba Os membros suplentes no CA-PRPGP ser\u00e3o os mesmos Coordenadores substitutos dos PPGs representantes das Unidades de Ensino.<\/p>\r\n \r\n<p>Art. 5\u00ba A indica\u00e7\u00e3o dos representantes dos Programa de P\u00f3s-Gradua\u00e7\u00e3o, ser\u00e1 realizada por meio das Dire\u00e7\u00f5es de Unidades de Ensino, atrav\u00e9s de seus Conselhos, devendo os representantes, ter reconhecida experi\u00eancia e atua\u00e7\u00e3o em p\u00f3s-gradua\u00e7\u00e3o e pesquisa.<\/p>\r\n<p>Par\u00e1grafo \u00fanico. A designa\u00e7\u00e3o dos membros do CA-PRPGP ser\u00e1 via portaria do Reitor da UFSM.<\/p>\r\n \r\n<p>Art. 6\u00ba O mandato dos membros do CA-PRPGP ser\u00e1 de dois anos com renova\u00e7\u00e3o alternada de um ter\u00e7o de seus membros, podendo ser reconduzidos mais de uma vez.<\/p>\r\n<p>Art. 7\u00ba O Comit\u00ea Assessor ter\u00e1 um Coordenador Geral e um Coordenador Geral substituto, ambos de Programas de P\u00f3s-Gradua\u00e7\u00e3o da UFSM com conceito igual ou maior que cinco, com participa\u00e7\u00e3o efetiva no Comit\u00ea Assessor de no m\u00ednimo um ano.<\/p>\r\n<p>Art. 8\u00ba O Comit\u00ea Assessor tem a composi\u00e7\u00e3o superior a 7 membros, tendo em vista a necessidade de que todas as inst\u00e2ncias da UFSM se fa\u00e7am representadas por meio da participa\u00e7\u00e3o de um Programa de P\u00f3s-gradua\u00e7\u00e3o <\/p>\r\n\r\n<p>\u00a71\u00ba O coordenador do Programa de P\u00f3s-Gradua\u00e7\u00e3o ser\u00e1 o membro titular e o vice coordenador o membro suplente.<\/p>\r\n<p>\u00a72\u00ba No CA, cada representante tem o papel de agregar valor e representar sua inst\u00e2ncia fazendo valer as diversas \u00e1reas de conhecimento daquela unidade bem como utilizar-se dessa oportunidade para interagir nos assuntos comuns \u00e0s atividades de p\u00f3s-gradua\u00e7\u00e3o e pesquisa e de instigar os diversos questionamentos afins.<\/p>\r\n<br>\r\n<p><b><div align=\"center\">T\u00cdTULO III<\/b><\/div><\/p>\r\n<p><b><div align=\"center\">DO QU\u00d3RUM DE REUNI\u00c3O E DE VOTA\u00c7\u00c3O<\/b><\/div><\/p>\r\n<br> \r\n<p>Art. 9\u00ba As delibera\u00e7\u00f5es ser\u00e3o de car\u00e1ter consultivo com emiss\u00e3o de parecer e\/ou aprova\u00e7\u00e3o em atas do CA devendo ser homologadas pela PRPGP.<\/p>\r\n<p>Par\u00e1grafo \u00fanico. Sempre que se julgar necess\u00e1rio, poder\u00e1 ser solicitada a aprecia\u00e7\u00e3o de um consultor.<\/p>\r\n<br> \r\n<p><b><div align=\"center\">T\u00cdTULO IV<\/b><\/div><\/p>\r\n<p><b><div align=\"center\">DA PERIODICIDADE DAS REUNI\u00d5ES<\/b><\/div><\/p>\r\n<br> \r\n<p>Art. 10 O CA-PRPGP reunir-se-\u00e1 ordinariamente de acordo com a convoca\u00e7\u00e3o do seu coordenador geral ou em decorr\u00eancia de requerimento de metade mais um dos seus membros e extraordinariamente, reunir-se-\u00e1 atrav\u00e9s de demanda espec\u00edfica, visando atender a prazos e recursos de processos.<\/p>\r\n<p>Art. 11 As reuni\u00f5es ser\u00e3o realizadas com a presen\u00e7a m\u00ednima de mais da metade de seus membros, em sua primeira chamada, ou com um ter\u00e7o em segunda chamada, ap\u00f3s dez minutos da primeira.<\/p>\r\n<br> \r\n<p><b><div align=\"center\">T\u00cdTULO V<\/b><\/div><\/p>\r\n<p><b><div align=\"center\">DO \u00d3RG\u00c3O DE APOIO ADMINISTRATIVO<\/b><\/div><\/p>\r\n<br> \r\n<p>Art. 12 O CA-PRPGP contar\u00e1 com o apoio log\u00edstico (infraestrutura material e pessoal) e administrativo da PRPGP.<\/p>\r\n<br>\r\n<p><b><div align=\"center\">T\u00cdTULO VI<\/b><\/div><\/p>\r\n<p><b><div align=\"center\">DO REGIMENTO INTERNO<\/b><\/div><\/p>\r\n<br> \r\n<p>Art. 13 O CA-PRPGP conta com um regulamento interno que poder\u00e1 ser alterado mediante proposta de dois ter\u00e7os de seus membros. E entrar\u00e1 em vigor ap\u00f3s aprova\u00e7\u00e3o pelo voto de dois ter\u00e7os de seus membros, homologa\u00e7\u00e3o pela PRPGP e pelo Conselho de Ensino, Pesquisa e Extens\u00e3o (CEPE) da Institui\u00e7\u00e3o.<\/p>\r\n<br> \r\n<p><b><div align=\"center\">T\u00cdTULO VII<\/b><\/div><\/p>\r\n<p><b><div align=\"center\">DOS MEMBROS N\u00c3O NATOS<\/b><\/div><\/p>\r\n<br> \r\n<p>Art. 14 Nas reuni\u00f5es do CA-PRPGP poder\u00e3o comparecer, quando convidados pelo coordenador geral, docentes, discentes e t\u00e9cnico-administrativos em educa\u00e7\u00e3o, a fim de prestarem esclarecimentos sobre assuntos que lhes forem pertinentes.<\/p>\r\n<p>Par\u00e1grafo \u00fanico. As reuni\u00f5es do Comit\u00ea Assessor cujos membros estejam em entes federativos diversos ser\u00e3o realizadas por videoconfer\u00eancia. Na hip\u00f3tese de ser demonstrada, de modo fundamentado, a inviabilidade ou a inconveni\u00eancia de se realizar a reuni\u00e3o por videoconfer\u00eancia, ser\u00e3o estimados os gastos com di\u00e1rias e passagens dos membros deste colegiado, assim como, a comprova\u00e7\u00e3o da disponibilidade or\u00e7ament\u00e1ria e financeira para o exerc\u00edcio em curso.<\/p>\r\n<br> \r\n<p><b><div align=\"center\">T\u00cdTULO VIII<\/b><\/div><\/p>\r\n<p><b><div align=\"center\">DOS RELAT\u00d3RIOS PERI\u00d3DICOS E DO RELAT\u00d3RIO FINAL<\/b><\/div><\/p>\r\n<br> \r\n<p>Art. 15 O CA-PRPGP emitir\u00e1 pareceres espec\u00edficos para os processos de sua \u00e1rea, n\u00e3o havendo necessidades de emitir relat\u00f3rios peri\u00f3dicos e anuais.<\/p>\r\n<br> \r\n<p><b><div align=\"center\">T\u00cdTULO IX<\/b><\/div><\/p>\r\n<p><b><div align=\"center\">DAS DISPOSI\u00c7\u00d5ES GERAIS E TRANSIT\u00d3RIAS<\/b><\/div><\/p>\r\n<br> \r\n<p>Art. 16 \u00c9 vedada a divulga\u00e7\u00e3o de discuss\u00f5es em curso sem a pr\u00e9via anu\u00eancia da Pr\u00f3-Reitoria de P\u00f3s-Gradua\u00e7\u00e3o e Pesquisa ao qual este Comit\u00ea Assessor est\u00e1 vinculado.<\/p> \r\n<p>Art. 17 A participa\u00e7\u00e3o dos membros deste Comit\u00ea Assessor ser\u00e1 considerada presta\u00e7\u00e3o de servi\u00e7o p\u00fablico relevante, e n\u00e3o ser\u00e1 remunerada.<\/p>\r\n<p>Par\u00e1grafo \u00fanico. As atividades do Comit\u00ea e de seus membros n\u00e3o poder\u00e3o causar preju\u00edzo \u00e0 presta\u00e7\u00e3o do servi\u00e7o p\u00fablico pelo servidor membro do colegiado.<\/p>\r\n \r\n<p>Art. 18 As reuni\u00f5es deste Comit\u00ea Assessor cujos membros estejam em entes federativos diversos ser\u00e3o realizadas por videoconfer\u00eancia.<\/p>\r\n<p>Par\u00e1grafo \u00fanico. Na hip\u00f3tese de ser demonstrada, de modo fundamentado, a inviabilidade ou a inconveni\u00eancia de se realizar a reuni\u00e3o por videoconfer\u00eancia, ser\u00e3o estimados os gastos com di\u00e1rias e passagens dos membros deste colegiado, assim como, a comprova\u00e7\u00e3o da disponibilidade or\u00e7ament\u00e1ria e financeira para o exerc\u00edcio em curso.<\/p>\r\n  \r\n<p>Art. 19 \u00c9 vedada a possibilidade de cria\u00e7\u00e3o de subcolegiados por ato deste colegiado, exceto se na presente Portaria houver:<\/p>\r\n<p>I - limitado o n\u00famero m\u00e1ximo de seus membros;<\/p>\r\n<p>II - estabelecido car\u00e1ter tempor\u00e1rio e dura\u00e7\u00e3o n\u00e3o superior a um ano; e<\/p>\r\n<p>III - fixado o n\u00famero m\u00e1ximo de subcolegiados que poder\u00e3o operar simultaneamente.<\/p>\r\n\r\n<p>Par\u00e1grafo \u00fanico.  A mera necessidade de reuni\u00f5es eventuais para debate, articula\u00e7\u00e3o ou trabalho que envolva agentes p\u00fablicos da administra\u00e7\u00e3o p\u00fablica federal n\u00e3o ser\u00e1 admitida como fundamento para as propostas de que trata o caput.<\/p>\r\n \r\n<p>Art. 20 Esta Portaria entra em vigor na data de sua assinatura, revogadas as disposi\u00e7\u00f5es em contr\u00e1rio, em especial o Art. 22, Inciso I, do <a href=\"https:\/\/www.ufsm.br\/pro-reitorias\/proplan\/regimento-geral-da-ufsm-2011\/\" target=\"_blank\"><font color=\"blue\"><u>Regimento Geral da UFSM<\/u><\/font><\/a>. Assim como, os Artigos 3\u00ba e 18 da <a href=\"https:\/\/www.ufsm.br\/pro-reitorias\/proplan\/resolucao-n-024-2014\/\" target=\"_blank\"><font color=\"blue\"><u>Resolu\u00e7\u00e3o N. 024\/2014<\/u><\/font><\/a>.<\/p>\r\n\r\n\r\n<p>GABINETE DO REITOR DA UNIVERSIDADE FEDERAL DE SANTA MARIA, aos trinta dias do m\u00eas de setembro do ano dois mil e dezenove.<\/p>\r\n<\/div>\r\n\r\n<p>Paulo Afonso Burmann,<\/p>\r\n<p>Reitor<p \/><\/s>\r\n\r\n<p><font color=\"red0000\">Este texto n\u00e3o substitui o documento original, publicado no Portal de Documentos.<\/font> Dispon\u00edvel em: <a href=\"https:\/\/portal.ufsm.br\/documentos\/publico\/documento.html?id=12738831\"><font color=\"blue\">https:\/\/portal.ufsm.br\/documentos\/publico\/documento.html?id=12738831<\/font><\/a>\r\n\r\n\t\t<\/div>\n\t\t\t\t<\/div>\n\t\t\t\t\t<\/div>\n\t\t<\/div>\n\t\t\t\t\t<\/div>\n\t\t<\/section>\n\t\t\t\t<\/div>\n\t\t","protected":false},"excerpt":{"rendered":"<p>RESOLU\u00c7\u00c3O N. 028\/2019 MINIST\u00c9RIO DA EDUCA\u00c7\u00c3O UNIVERSIDADE FEDERAL DE SANTA MARIA RESOLU\u00c7\u00c3O N. 028\/2019 Aprova a recria\u00e7\u00e3o do Comit\u00ea Assessor da PRPGP (CA-PRPGP), bem como altera o seu regulamento interno, vinculado \u00e0 Pr\u00f3-Reitoria de P\u00f3s-Gradua\u00e7\u00e3o e Pesquisa (PRPGP) da Universidade Federal de Santa Maria (UFSM). Revogada pela Resolu\u00e7\u00e3o UFSM N. 104\/2022 O REITOR DA UNIVERSIDADE [&hellip;]<\/p>\n","protected":false},"author":205,"featured_media":0,"parent":0,"menu_order":0,"comment_status":"closed","ping_status":"closed","template":"","meta":{"footnotes":""},"categories":[],"tags":[],"class_list":["post-2452","page","type-page","status-publish","hentry"],"acf":[],"_links":{"self":[{"href":"https:\/\/www.ufsm.br\/pro-reitorias\/proplan\/wp-json\/wp\/v2\/pages\/2452","targetHints":{"allow":["GET"]}}],"collection":[{"href":"https:\/\/www.ufsm.br\/pro-reitorias\/proplan\/wp-json\/wp\/v2\/pages"}],"about":[{"href":"https:\/\/www.ufsm.br\/pro-reitorias\/proplan\/wp-json\/wp\/v2\/types\/page"}],"author":[{"embeddable":true,"href":"https:\/\/www.ufsm.br\/pro-reitorias\/proplan\/wp-json\/wp\/v2\/users\/205"}],"replies":[{"embeddable":true,"href":"https:\/\/www.ufsm.br\/pro-reitorias\/proplan\/wp-json\/wp\/v2\/comments?post=2452"}],"version-history":[{"count":0,"href":"https:\/\/www.ufsm.br\/pro-reitorias\/proplan\/wp-json\/wp\/v2\/pages\/2452\/revisions"}],"wp:attachment":[{"href":"https:\/\/www.ufsm.br\/pro-reitorias\/proplan\/wp-json\/wp\/v2\/media?parent=2452"}],"wp:term":[{"taxonomy":"category","embeddable":true,"href":"https:\/\/www.ufsm.br\/pro-reitorias\/proplan\/wp-json\/wp\/v2\/categories?post=2452"},{"taxonomy":"post_tag","embeddable":true,"href":"https:\/\/www.ufsm.br\/pro-reitorias\/proplan\/wp-json\/wp\/v2\/tags?post=2452"}],"curies":[{"name":"wp","href":"https:\/\/api.w.org\/{rel}","templated":true}]}}