{"id":2455,"date":"2019-10-02T15:37:03","date_gmt":"2019-10-02T18:37:03","guid":{"rendered":"https:\/\/www.ufsm.br\/pro-reitorias\/proplan\/?page_id=2455"},"modified":"2026-01-09T10:42:24","modified_gmt":"2026-01-09T13:42:24","slug":"resolucao-n-031-2019","status":"publish","type":"page","link":"https:\/\/www.ufsm.br\/pro-reitorias\/proplan\/resolucao-n-031-2019","title":{"rendered":"Resolu\u00e7\u00e3o N. 031\/2019"},"content":{"rendered":"\t\t<div data-elementor-type=\"wp-page\" data-elementor-id=\"2455\" class=\"elementor elementor-2455\">\n\t\t\t\t\t\t<section class=\"elementor-section elementor-top-section elementor-element elementor-element-001926a elementor-section-boxed elementor-section-height-default elementor-section-height-default\" data-id=\"001926a\" data-element_type=\"section\">\n\t\t\t\t\t\t<div class=\"elementor-container elementor-column-gap-default\">\n\t\t\t\t\t<div class=\"elementor-column elementor-col-100 elementor-top-column elementor-element elementor-element-5ab155a\" data-id=\"5ab155a\" data-element_type=\"column\">\n\t\t\t<div class=\"elementor-widget-wrap elementor-element-populated\">\n\t\t\t\t\t\t<div class=\"elementor-element elementor-element-42812e3 elementor-widget elementor-widget-html\" data-id=\"42812e3\" data-element_type=\"widget\" data-widget_type=\"html.default\">\n\t\t\t\t<div class=\"elementor-widget-container\">\n\t\t\t\r\n\r\n\r\n<title><b>RESOLU\u00c7\u00c3O N. 031\/2019<\/b><\/title>\r\n\r\n\r\n<div align=\"center\"><img decoding=\"async\" src=\"https:\/\/www.ufsm.br\/pro-reitorias\/proplan\/wp-content\/uploads\/sites\/344\/2019\/09\/brasao-da-republica-do-brasil-logo.png\" alt=\"Bras\u00e3o Rep\u00fablica Federativa do Brasil\" width=\"6%\" height=\"6%\"><\/div>    \r\n<h1><font color=\"blue\"><font size=\"5\"><div align=\"center\">MINIST\u00c9RIO DA EDUCA\u00c7\u00c3O<\/b><\/font><\/font><\/div><\/H1>\r\n<p><b><font color=\"0000blue\"><div align=\"center\">UNIVERSIDADE FEDERAL DE SANTA MARIA<\/b><\/font><\/div><\/p>\r\n\r\n<p><div align=\"center\"><b><a href=\"https:\/\/portal.ufsm.br\/documentos\/publico\/documento.html?id=12738843\"><font color=\"blue\">RESOLU\u00c7\u00c3O N. 031\/2019<\/font><\/a><\/b><\/div><\/p>\r\n<br>\r\n\r\n    <div style=\"color: #800000;width: 60%;margin-left: auto;margin-right: 0;text-align: justify;font-weight: normal\">Aprova a recria\u00e7\u00e3o da Comiss\u00e3o Permanente de Ensino, da Comiss\u00e3o Permanente de Pesquisa e da Comiss\u00e3o Permanente de Extens\u00e3o vinculadas ao Col\u00e9gio Polit\u00e9cnico da UFSM, da estrutura organizacional da Universidade Federal de Santa Maria (UFSM).<\/font><\/div><\/p>\r\n<br><div align=\"justify\">\r\n<p>O REITOR DA UNIVERSIDADE FEDERAL DE SANTA MARIA, no uso de suas atribui\u00e7\u00f5es legais e estatut\u00e1rias e considerando:<\/p>\r\n<p>\u2013 o Art. 56 da <a href=\"http:\/\/www.planalto.gov.br\/ccivil_03\/leis\/l9394.htm\" target=\"_blank\"><font color=\"blue\"><u>Lei N. 9.394, de 20 de dezembro de 1996<\/u><\/font><\/a>, que estabelece as diretrizes e bases da educa\u00e7\u00e3o nacional;<\/p>\r\n<p>\u2013 o <a href=\"http:\/\/www.planalto.gov.br\/ccivil_03\/_ato2015-2018\/2017\/decreto\/D9191.htm\" target=\"_blank\"><font color=\"blue\"><u>Decreto N. 9.191, de 1\u00b0 de novembro de 2017<\/u><\/font><\/a>, que estabelece as normas e as diretrizes para elabora\u00e7\u00e3o, reda\u00e7\u00e3o, altera\u00e7\u00e3o, consolida\u00e7\u00e3o e encaminhamento de propostas de atos normativos ao Presidente da Rep\u00fablica pelos Ministros de Estado;<\/p>\r\n<p>\u2013 o <a href=\"http:\/\/www.planalto.gov.br\/ccivil_03\/_ato2019-2022\/2019\/decreto\/D9759.htm\" target=\"_blank\"><font color=\"blue\"><u>Decreto N. 9.759, de 11 de abril de 2019<\/u><\/font><\/a>, que extingue e estabelece diretrizes, regras e limita\u00e7\u00f5es para colegiados da administra\u00e7\u00e3o p\u00fablica federal;<\/p>\r\n<p>\u2013 a <a href=\"https:\/\/www.ufsm.br\/pro-reitorias\/proplan\/resolucao-n-001-2017\/\" target=\"_blank\"><font color=\"blue\"><u>Resolu\u00e7\u00e3o N. 001\/2017, de 07 de fevereiro de 2017<\/u><\/font><\/a>, que aprova o <a href=\"https:\/\/www.ufsm.br\/pro-reitorias\/proplan\/regimento-interno-do-colegio-politecnico-da-ufsm\/\" target=\"_blank\"><font color=\"blue\"><u>Regimento Interno do Col\u00e9gio Polit\u00e9cnico da UFSM<\/u><\/font><\/a>;<\/p>\r\n<p>\u2013 o Parecer N. 107\/2019 da Comiss\u00e3o de Legisla\u00e7\u00e3o e Normas (CLN), aprovado na 939\u00aa Sess\u00e3o do Conselho de Ensino, Pesquisa e Extens\u00e3o, de 19 de setembro de 2019, referente ao Processo N. <a href=\"https:\/\/portal.ufsm.br\/documentos\/publico\/processo\/documento.html?idDocumento=12689752\" target=\"_blank\"><font color=\"blue\"><u>23081.051145\/2019-30<\/u><\/font><\/a>; e,<\/p>\r\n<p>\u2013 o Parecer N. 114\/2019 da Comiss\u00e3o de Legisla\u00e7\u00e3o e Regimentos (CLR), aprovado na 82\u00aa Sess\u00e3o do Conselho Universit\u00e1rio, de 27 de setembro de 2019, referente ao Processo N. <a href=\"https:\/\/portal.ufsm.br\/documentos\/publico\/processo\/documento.html?idDocumento=12689752\" target=\"_blank\"><font color=\"blue\"><u>23081.051145\/2019-30<\/u><\/font><\/a>.<\/p>\r\n<br>\r\n<p><b><div align=\"center\">RESOLVE:<\/b><\/div><\/p>\r\n<br>\r\n<p>Art. 1\u00ba Aprovar a recria\u00e7\u00e3o dos \u00f3rg\u00e3os colegiados denominados Comiss\u00e3o Permanente de Ensino (CPEns), Comiss\u00e3o Permanente de Pesquisa (CPPq) e Comiss\u00e3o Permanente de Extens\u00e3o (CPExt) vinculados ao Col\u00e9gio Polit\u00e9cnico da UFSM, da estrutura organizacional da Universidade Federal de Santa Maria (UFSM), conforme estabelece os Artigos 38 e 70 da <a href=\"https:\/\/www.ufsm.br\/pro-reitorias\/proplan\/resolucao-n-001-2017\/\" target=\"_blank\"><font color=\"blue\"><u>Resolu\u00e7\u00e3o N. 001\/2017, de 07 de fevereiro de 2017<\/u><\/font><\/a>, que aprova o <a href=\"https:\/\/www.ufsm.br\/pro-reitorias\/proplan\/regimento-interno-do-colegio-politecnico-da-ufsm\/\" target=\"_blank\"><font color=\"blue\"><u>Regimento Interno do Col\u00e9gio Polit\u00e9cnico da UFSM<\/u><\/font><\/a>.<\/p>\r\n<br>\r\n<p><b><div align=\"center\">T\u00cdTULO I<\/b><\/div><\/p>\r\n<p><b><div align=\"center\">DAS COMPET\u00caNCIAS<\/b><\/div><\/p>\r\n<br>\r\n<p>Art. 2\u00ba A Comiss\u00e3o Permanente de Ensino (CPEns), a Comiss\u00e3o Permanente de Pesquisa (CPPq) e a Comiss\u00e3o Permanente de Extens\u00e3o (CPExt) t\u00eam por miss\u00e3o estimular e propor estrat\u00e9gias e diretrizes para a realiza\u00e7\u00e3o de a\u00e7\u00f5es e projetos voltados ao desenvolvimento institucional do Col\u00e9gio Polit\u00e9cnico da UFSM, assegurando sua intera\u00e7\u00e3o com diferentes segmentos da sociedade e contribuindo no processo de constru\u00e7\u00e3o de novos conhecimentos.<\/p>\r\n<p>Art. 3\u00ba Tanto a CPEns, quanto CPPq e a CPExt t\u00eam por finalidade dar o suporte acad\u00eamico, cient\u00edfico e institucional \u00e0s atividades de ensino, de pesquisa e de extens\u00e3o do Col\u00e9gio Polit\u00e9cnico da UFSM, deliberando sobre os encaminhamentos referentes aos projetos desenvolvidos pelos servidores, no \u00e2mbito da institui\u00e7\u00e3o.<\/p>\r\n<br>\r\n<p><b><div align=\"center\">T\u00cdTULO II<\/b><\/div><\/p>\r\n<p><b><div align=\"center\">DA COMPOSI\u00c7\u00c3O E AUTORIDADE<\/b><\/div><\/p>\r\n<br>\r\n<p>Art. 4\u00ba A composi\u00e7\u00e3o da CPEns, da CPPq e da CPExt dar-se-\u00e1 por servidores, membros do quadro de pessoal permanente do Col\u00e9gio Polit\u00e9cnico da UFSM, atendendo ao disposto no Art. 6\u00b0, Inciso V do <a href=\"http:\/\/www.planalto.gov.br\/ccivil_03\/_ato2019-2022\/2019\/decreto\/D9759.htm\" target=\"_blank\"><font color=\"blue\"><u>Decreto N. 9.759 de 11 de abril de 2019<\/u><\/font><\/a>.<\/p>\r\n<p>\u00a7 1\u00ba A composi\u00e7\u00e3o das comiss\u00f5es ter\u00e1, no m\u00ednimo, cinco integrantes, al\u00e9m da representa\u00e7\u00e3o da Dire\u00e7\u00e3o do Departamento de Ensino na CPEns e do Departamento de Pesquisa e Extens\u00e3o na CPPq e CPExt, podendo haver n\u00famero maior de integrantes justificado pela necessidade da representatividade das diversas \u00e1reas em que os setores e cursos de n\u00edvel m\u00e9dio, t\u00e9cnico de p\u00f3s-m\u00e9dio, gradua\u00e7\u00e3o e p\u00f3s-gradua\u00e7\u00e3o do Col\u00e9gio Polit\u00e9cnico da UFSM atuam.<\/p>\r\n<p>\u00a7 2\u00ba A justificativa da composi\u00e7\u00e3o das comiss\u00f5es com n\u00famero de membros superior a sete, quando for o caso, tem a conveni\u00eancia e a racionalidade dos mesmos estarem todos lotados na mesma unidade de ensino da UFSM, bem como estarem geograficamente situados no Campus Sede da institui\u00e7\u00e3o, o que n\u00e3o onera a Uni\u00e3o em custeios com deslocamentos.<\/p>\r\n<p>\u00a7 3\u00ba A oportunidade da maior quantidade de membros e diversidade de suas \u00e1reas de atua\u00e7\u00e3o faz-se necess\u00e1ria para garantir maior isen\u00e7\u00e3o e qualidade nas delibera\u00e7\u00f5es realizadas pelas comiss\u00f5es, condi\u00e7\u00e3o que assegura o car\u00e1ter institucional e qualifica tecnicamente as decis\u00f5es tomadas.<\/p>\r\n\r\n<p>Art. 5\u00ba Os presidentes da CPPq e da CPExt ser\u00e3o escolhidos pelos seus respectivos membros, por indica\u00e7\u00e3o e aclama\u00e7\u00e3o. A CPEns ser\u00e1 presidida pelo Diretor de Ensino do Col\u00e9gio Polit\u00e9cnico da UFSM.<\/p>\r\n<p>Par\u00e1grafo \u00fanico. A aus\u00eancia do(a) presidente a uma reuni\u00e3o a comiss\u00e3o escolher\u00e1 entre os membros presentes um(a) presidente para essa sess\u00e3o.<\/p>\r\n<br>\r\n<p><b><div align=\"center\">T\u00cdTULO III<\/b><\/div><\/p>\r\n<p><b><div align=\"center\">DO QU\u00d3RUM DE REUNI\u00c3O E DE VOTA\u00c7\u00c3O<\/b><\/div><\/p>\r\n<br>\r\n<p>Art. 6\u00ba As reuni\u00f5es das Comiss\u00f5es Permanentes de Ensino, de Pesquisa e de Extens\u00e3o ter\u00e3o qu\u00f3rum para a vota\u00e7\u00e3o de, no m\u00ednimo, metade mais um de seus membros.<\/p>\r\n<p>Par\u00e1grafo \u00fanico. Quando da ocorr\u00eancia de empate nas delibera\u00e7\u00f5es dos membros das Comiss\u00f5es, caber\u00e1 ao Presidente da sess\u00e3o o voto qualificado.<\/p>\r\n<br>\r\n<p><b><div align=\"center\">T\u00cdTULO IV<\/b><\/div><\/p>\r\n<p><b><div align=\"center\">DA PERIODICIDADE DAS REUNI\u00d5ES<\/b><\/div><\/p>\r\n<br>\r\n<p>Art. 7\u00ba As Comiss\u00f5es Permanentes de Ensino, de Pesquisa e de Extens\u00e3o ter\u00e3o a periodicidade de suas reuni\u00f5es definida pelas demandas estabelecidas pela Dire\u00e7\u00e3o ou pelo Conselho Diretor do Col\u00e9gio Polit\u00e9cnico da UFSM.<\/p>\r\n<br>\r\n<p><b><div align=\"center\">T\u00cdTULO V<\/b><\/div><\/p>\r\n<p><b><div align=\"center\">DO \u00d3RG\u00c3O DE APOIO ADMINISTRATIVO<\/b><\/div><\/p>\r\n<br>\r\n<p>Art. 8\u00ba A atua\u00e7\u00e3o das Comiss\u00f5es Permanentes de Ensino, de Pesquisa e de Extens\u00e3o contar\u00e1 com o apoio administrativo dos Departamentos de Ensino, de Pesquisa e Extens\u00e3o, de Administra\u00e7\u00e3o e do Departamento de Infraestrutura, al\u00e9m do apoio da Secretaria Administrativa e do Gabinete de Projetos do Col\u00e9gio Polit\u00e9cnico da UFSM.<\/p>\r\n<br>\r\n<p><b><div align=\"center\">T\u00cdTULO VI<\/b><\/div><\/p>\r\n<p><b><div align=\"center\">DO REGIMENTO INTERNO<\/b><\/div><\/p>\r\n<br>\r\n<p>Art. 9\u00ba As Comiss\u00f5es Permanentes de Ensino, de Pesquisa e de Extens\u00e3o ser\u00e3o regidas pela <a href=\"https:\/\/www.ufsm.br\/pro-reitorias\/proplan\/resolucao-n-001-2017\/\" target=\"_blank\"><font color=\"blue\"><u>Resolu\u00e7\u00e3o N. 001\/2017, de 07 de fevereiro de 2017<\/u><\/font><\/a>, que aprova o <a href=\"https:\/\/www.ufsm.br\/pro-reitorias\/proplan\/regimento-interno-do-colegio-politecnico-da-ufsm\/\" target=\"_blank\"><font color=\"blue\"><u>Regimento Interno do Col\u00e9gio Polit\u00e9cnico da UFSM<\/u><\/font><\/a>, bem como pelo seu pr\u00f3prio Regimento Interno aprovado na 13\u00aa Reuni\u00e3o Ordin\u00e1ria do Conselho Diretor do Col\u00e9gio Polit\u00e9cnico da UFSM, em 15 de agosto de 2017.<\/p>\r\n<br>\r\n<p><b><div align=\"center\">T\u00cdTULO VII<\/b><\/div><\/p>\r\n<p><b><div align=\"center\">DO MEMBROS N\u00c3O NATOS<\/b><\/div><\/p>\r\n<br>\r\n<p>Art. 10 As Comiss\u00f5es CPEns, CPPq e CPExt n\u00e3o ter\u00e3o a participa\u00e7\u00e3o de membros n\u00e3o natos em suas composi\u00e7\u00f5es.<\/p>\r\n<br>\r\n<p><b><div align=\"center\">T\u00cdTULO VIII<\/b><\/div><\/p>\r\n<p><b><div align=\"center\">DOS RELAT\u00d3RIOS PERI\u00d3DICOS E DO RELAT\u00d3RIO FINAL<\/b><\/div><\/p>\r\n<br>\r\n<p>Art. 11 Dadas as compet\u00eancias e atribui\u00e7\u00f5es das Comiss\u00f5es CPEns, CPPq e CPExt n\u00e3o existir\u00e1 a emiss\u00e3o de relat\u00f3rios peri\u00f3dicos e de relat\u00f3rio final, acerca das atividades realizadas por elas.<\/p>\r\n<br>\r\n<p><b><div align=\"center\">T\u00cdTULO IX<\/b><\/div><\/p>\r\n<p><b><div align=\"center\">DAS DISPOSI\u00c7\u00d5ES GERAIS E TRANSIT\u00d3RIAS<\/b><\/div><\/p>\r\n<br>\r\n<p>Art. 12 \u00c9 vedada a divulga\u00e7\u00e3o de discuss\u00f5es em curso sem a pr\u00e9via anu\u00eancia do titular da unidade Col\u00e9gio Polit\u00e9cnico da UFSM ao qual estas comiss\u00f5es est\u00e3o vinculadas.<\/p>\r\n<p>Art. 13 A participa\u00e7\u00e3o dos membros destas comiss\u00f5es ser\u00e1 considerada presta\u00e7\u00e3o de servi\u00e7o p\u00fablico relevante, e n\u00e3o ser\u00e1 remunerada.<\/p>\r\n<p>Par\u00e1grafo \u00fanico. A participa\u00e7\u00e3o nos \u00f3rg\u00e3os colegiados n\u00e3o poder\u00e1 causar preju\u00edzo \u00e0 Institui\u00e7\u00e3o e \u00e0s atividades da mesma.<\/p>\r\n\r\n<p>Art. 14 As reuni\u00f5es destas comiss\u00f5es, cujos membros estejam em entes federativos diversos ser\u00e3o realizadas por videoconfer\u00eancia;<\/p>\r\n<p>Par\u00e1grafo \u00fanico. Na hip\u00f3tese de ser demonstrada, de modo fundamentado, a inviabilidade ou a inconveni\u00eancia de se realizar a reuni\u00e3o por videoconfer\u00eancia, ser\u00e3o estimados os gastos com di\u00e1rias e passagens dos membros deste colegiado, assim como, a comprova\u00e7\u00e3o da disponibilidade or\u00e7ament\u00e1ria e financeira para o exerc\u00edcio em curso.<\/p>\r\n\r\n<p>Art. 15 \u00c9 vedada a possibilidade de cria\u00e7\u00e3o de subcolegiados por ato deste colegiado, exceto se na presente Resolu\u00e7\u00e3o houver:<\/p>\r\n<p>I - limitado o n\u00famero m\u00e1ximo de seus membros;<\/p>\r\n<p>II - estabelecido car\u00e1ter tempor\u00e1rio e dura\u00e7\u00e3o n\u00e3o superior a um ano; e<\/p>\r\n<p>III - fixado o n\u00famero m\u00e1ximo de subcolegiados que poder\u00e3o operar simultaneamente.<\/p>\r\n<p>Par\u00e1grafo \u00fanico.  A mera necessidade de reuni\u00f5es eventuais para debate, articula\u00e7\u00e3o ou trabalho que envolva agentes p\u00fablicos da administra\u00e7\u00e3o p\u00fablica federal n\u00e3o ser\u00e1 admitida como fundamento para as propostas de que trata o caput.<\/p>\r\n\r\n<p>Art. 16 Esta Resolu\u00e7\u00e3o entra em vigor na data de sua assinatura, revogadas as disposi\u00e7\u00f5es em contr\u00e1rio.<\/p>\r\n\r\n\r\n<p>GABINETE DO REITOR DA UNIVERSIDADE FEDERAL DE SANTA MARIA, aos trinta dias do m\u00eas de setembro do ano dois mil e dezenove.<\/p>\r\n<\/div>\r\n\r\n<p>Paulo Afonso Burmann,<\/p>\r\n<p>Reitor<p \/>\r\n\r\n<p><font color=\"red0000\">Este texto n\u00e3o substitui o documento original, publicado no Portal de Documentos.<\/font> Dispon\u00edvel em: <a href=\"https:\/\/portal.ufsm.br\/documentos\/publico\/documento.html?id=12738843\"><font color=\"blue\">https:\/\/portal.ufsm.br\/documentos\/publico\/documento.html?id=12738843<\/font><\/a>\r\n\r\n\t\t<\/div>\n\t\t\t\t<\/div>\n\t\t\t\t\t<\/div>\n\t\t<\/div>\n\t\t\t\t\t<\/div>\n\t\t<\/section>\n\t\t\t\t<\/div>\n\t\t","protected":false},"excerpt":{"rendered":"<p>RESOLU\u00c7\u00c3O N. 031\/2019 MINIST\u00c9RIO DA EDUCA\u00c7\u00c3O UNIVERSIDADE FEDERAL DE SANTA MARIA RESOLU\u00c7\u00c3O N. 031\/2019 Aprova a recria\u00e7\u00e3o da Comiss\u00e3o Permanente de Ensino, da Comiss\u00e3o Permanente de Pesquisa e da Comiss\u00e3o Permanente de Extens\u00e3o vinculadas ao Col\u00e9gio Polit\u00e9cnico da UFSM, da estrutura organizacional da Universidade Federal de Santa Maria (UFSM). O REITOR DA UNIVERSIDADE FEDERAL DE [&hellip;]<\/p>\n","protected":false},"author":205,"featured_media":0,"parent":0,"menu_order":0,"comment_status":"closed","ping_status":"closed","template":"","meta":{"footnotes":""},"categories":[],"tags":[],"class_list":["post-2455","page","type-page","status-publish","hentry"],"acf":[],"_links":{"self":[{"href":"https:\/\/www.ufsm.br\/pro-reitorias\/proplan\/wp-json\/wp\/v2\/pages\/2455","targetHints":{"allow":["GET"]}}],"collection":[{"href":"https:\/\/www.ufsm.br\/pro-reitorias\/proplan\/wp-json\/wp\/v2\/pages"}],"about":[{"href":"https:\/\/www.ufsm.br\/pro-reitorias\/proplan\/wp-json\/wp\/v2\/types\/page"}],"author":[{"embeddable":true,"href":"https:\/\/www.ufsm.br\/pro-reitorias\/proplan\/wp-json\/wp\/v2\/users\/205"}],"replies":[{"embeddable":true,"href":"https:\/\/www.ufsm.br\/pro-reitorias\/proplan\/wp-json\/wp\/v2\/comments?post=2455"}],"version-history":[{"count":0,"href":"https:\/\/www.ufsm.br\/pro-reitorias\/proplan\/wp-json\/wp\/v2\/pages\/2455\/revisions"}],"wp:attachment":[{"href":"https:\/\/www.ufsm.br\/pro-reitorias\/proplan\/wp-json\/wp\/v2\/media?parent=2455"}],"wp:term":[{"taxonomy":"category","embeddable":true,"href":"https:\/\/www.ufsm.br\/pro-reitorias\/proplan\/wp-json\/wp\/v2\/categories?post=2455"},{"taxonomy":"post_tag","embeddable":true,"href":"https:\/\/www.ufsm.br\/pro-reitorias\/proplan\/wp-json\/wp\/v2\/tags?post=2455"}],"curies":[{"name":"wp","href":"https:\/\/api.w.org\/{rel}","templated":true}]}}