{"id":2485,"date":"2019-10-07T10:23:06","date_gmt":"2019-10-07T13:23:06","guid":{"rendered":"https:\/\/www.ufsm.br\/pro-reitorias\/proplan\/?page_id=2485"},"modified":"2021-07-01T14:28:41","modified_gmt":"2021-07-01T17:28:41","slug":"resolucao-orcamentaria-n-001-2018","status":"publish","type":"page","link":"https:\/\/www.ufsm.br\/pro-reitorias\/proplan\/resolucao-orcamentaria-n-001-2018","title":{"rendered":"Resolu\u00e7\u00e3o Or\u00e7ament\u00e1ria N. 001\/2018"},"content":{"rendered":"\t\t<div data-elementor-type=\"wp-page\" data-elementor-id=\"2485\" class=\"elementor elementor-2485\">\n\t\t\t\t\t\t<section class=\"elementor-section elementor-top-section elementor-element elementor-element-c94ea51 elementor-section-boxed elementor-section-height-default elementor-section-height-default\" data-id=\"c94ea51\" data-element_type=\"section\">\n\t\t\t\t\t\t<div class=\"elementor-container elementor-column-gap-default\">\n\t\t\t\t\t<div class=\"elementor-column elementor-col-100 elementor-top-column elementor-element elementor-element-15466d5\" data-id=\"15466d5\" data-element_type=\"column\">\n\t\t\t<div class=\"elementor-widget-wrap elementor-element-populated\">\n\t\t\t\t\t\t<div class=\"elementor-element elementor-element-7736cf5 elementor-widget elementor-widget-html\" data-id=\"7736cf5\" data-element_type=\"widget\" data-widget_type=\"html.default\">\n\t\t\t\t<div class=\"elementor-widget-container\">\n\t\t\t\n\n\n<title><b>RESOLU\u00c7\u00c3O OR\u00c7AMENT\u00c1RIA N. 001\/2018<\/b><\/title>\n\n\n<div align=\"center\"><img decoding=\"async\" src=\"https:\/\/www.ufsm.br\/pro-reitorias\/proplan\/wp-content\/uploads\/sites\/344\/2019\/09\/brasao-da-republica-do-brasil-logo.png\" alt=\"Bras\u00e3o Rep\u00fablica Federativa do Brasil\" width=\"6%\" height=\"6%\"><\/div>    \n<h1><font color=\"blue\"><font size=\"5\"><div align=\"center\">MINIST\u00c9RIO DA EDUCA\u00c7\u00c3O<\/b><\/font><\/font><\/div><\/H1>\n<p><b><font color=\"0000blue\"><div align=\"center\">UNIVERSIDADE FEDERAL DE SANTA MARIA<\/b><\/font><\/div><\/p>\n\n<p><div align=\"center\"><b><a href=\"https:\/\/portal.ufsm.br\/documentos\/publico\/documento.html?id=10741104\"><font color=\"blue\">RESOLU\u00c7\u00c3O OR\u00c7AMENT\u00c1RIA N. 001\/2018<\/font><\/a><\/b><\/div><\/p>\n<br>\n<p><div align=\"right\"><font color=\"800000\"><strike>Or\u00e7a a Receita e fixa a Despesa da Universidade Federal de Santa Maria para o Exerc\u00edcio Financeiro de 2018.<\/strike><\/font><\/div><\/p>\n<br><div align=\"justify\">\n<p><a href=\"https:\/\/www.ufsm.br\/pro-reitorias\/proplan\/resolucao-ufsm-n-055-2021\/\"><font color=\"blue\">Revogado pela Resolu\u00e7\u00e3o N. 055\/2021<\/font><\/a><\/p><\/p>\n<br>\n<strike>\n<p>O REITOR DA UNIVERSIDADE FEDERAL DE SANTA MARIA, no uso de suas atribui\u00e7\u00f5es legais e estatut\u00e1rias e considerando:<\/p>\n<p>- O Parecer N. 002\/2018, da Comiss\u00e3o de Or\u00e7amento e Reg\u00eancia Patrimonial (CORP) do Conselho Universit\u00e1rio, aprovado na 806\u00aa Sess\u00e3o, de 25 de maio de 2018, constante do Processo N. <a href=\"https:\/\/portal.ufsm.br\/documentos\/publico\/processo\/documento.html?idDocumento=8821135\" target=\"_blank\"><font color=\"blue\"><u>23081.017396\/2018-12<\/u><\/font><\/a>;<\/p>\n<p>- O Parecer N. 001\/2018, da Comiss\u00e3o de Acompanhamento e An\u00e1lise de Processos do Conselho de Curadores (CAAP), aprovado na 202\u00aa Sess\u00e3o, de 14 de agosto de 2018; e,<\/p>\n<p>- O Parecer N. 003\/2018, da Comiss\u00e3o de Or\u00e7amento e Reg\u00eancia Patrimonial (CORP) do Conselho Universit\u00e1rio, aprovado na 810\u00aa Sess\u00e3o, de 28 de setembro de 2018, conforme Processo N. <a href=\"https:\/\/portal.ufsm.br\/documentos\/publico\/processo\/documento.html?idDocumento=9642256\" target=\"_blank\"><font color=\"blue\"><u>23081.033375\/2018-36<\/u><\/font><\/a>.<\/p>\n<br>\n<p><b><div align=\"center\">RESOLVE:<\/b><\/div><\/p>\n<br>\n<p>Art. 1\u00ba Fica aprovado o Or\u00e7amento da Universidade Federal de Santa Maria, para o exerc\u00edcio financeiro de 2018.<\/p>\n<p>Art. 2\u00ba A Receita \u00e9 estimada em R$ 1.364.237.851,00 (um bilh\u00e3o, trezentos e sessenta e quatro milh\u00f5es, duzentos e trinta e sete mil, oitocentos e cinquenta e um reais), com a seguinte classifica\u00e7\u00e3o, de acordo com as especifica\u00e7\u00f5es constantes nos respectivos <a href=\"https:\/\/www.ufsm.br\/pro-reitorias\/proplan\/resolucao-orcamentaria-n-001-2018-anexos\/\" target=\"_blank\"><font color=\"blue\"><u>quadros integrantes do Or\u00e7amento<\/u><\/font><\/a>:<\/p>\n\n<p>I \u2013 RECEITAS CORRENTES:<\/p>\n<p>a) RECEITA PATRIMONIAL = R$ 1.810.004,00;<\/p>\n<p>b) RECEITA AGROPECU\u00c1RIA = R$ 5.383,00;<\/p>\n<p>c) RECEITA DE SERVI\u00c7OS = R$ 8.577.497,00;<\/p>\n<p>d) TRANSFER\u00caNCIAS CORRENTES = R$ 1.341.029.618,00.<\/p>\n<p>II \u2013 RECEITAS DE CAPITAL:<\/p>\n<p>a)TRANSFER\u00caNCIAS DE CAPITAL = R$ 12.815.349,00.<\/p>\n\n<p>Art. 3\u00ba A despesa \u00e9 fixada em R$ 1.364.237.851,00 (um bilh\u00e3o, trezentos e sessenta e quatro milh\u00f5es, duzentos e trinta e sete mil, oitocentos e cinquenta e um reais), com a seguinte classifica\u00e7\u00e3o, de acordo com as especifica\u00e7\u00f5es constantes nos respectivos <a href=\"https:\/\/www.ufsm.br\/pro-reitorias\/proplan\/resolucao-orcamentaria-n-001-2018-anexos\/\" target=\"_blank\"><font color=\"blue\"><u>quadros que fazem parte do Or\u00e7amento<\/u><\/font><\/a>:<\/p>\n\n<p>I \u2013 DESPESAS CORRENTES:<\/p>\n<p>a) PESSOAL E ENCARGOS SOCIAIS = R$ 1.183.811.200,00; e<\/p>\n<p>b) OUTRAS DESPESAS CORRENTES = R$ 165.937.365,00;<\/p>\n<p>II \u2013 Despesas de Capital:<\/p>\n<p>a) INVESTIMENTOS = R$ 14.489.286,00.<\/p>\n\n<p>Art. 4\u00ba Fica o Reitor autorizado a:<\/p>\n<p>I \u2013 abrir cr\u00e9dito para atendimento das solicita\u00e7\u00f5es das Unidades Gestoras de recursos, tendo como base o <a href=\"https:\/\/www.ufsm.br\/pro-reitorias\/proplan\/resolucao-orcamentaria-n-001-2018-anexos\/\" target=\"_blank\"><font color=\"blue\"><u>Anexo II<\/u><\/font><\/a> desta Resolu\u00e7\u00e3o;<\/p>\n<p>II \u2013 abrir cr\u00e9dito para refor\u00e7o das dota\u00e7\u00f5es \u00e0 conta de Recursos Pr\u00f3prios, com a utiliza\u00e7\u00e3o do excesso de arrecada\u00e7\u00e3o;<\/p>\n<p>III \u2013 abrir cr\u00e9ditos para inclus\u00e3o de recursos decorrentes de conv\u00eanios, aux\u00edlios e emendas em estrita observ\u00e2ncia aos objetivos e planos de aplica\u00e7\u00e3o, estabelecidos no instrumento firmado; e<\/p>\n<p>IV \u2013 adotar medidas necess\u00e1rias para ajustar os disp\u00eandios programados no Or\u00e7amento ao efetivo comportamento da Receita.<\/p>\n\n<p>Art. 5\u00ba Esta resolu\u00e7\u00e3o entra em vigor na data de sua publica\u00e7\u00e3o, ficando revogadas as disposi\u00e7\u00f5es em contr\u00e1rio.<\/p>\n\n\n<p>GABINETE DO REITOR DA UNIVERSIDADE FEDERAL DE SANTA MARIA, aos dois dias do m\u00eas de outubro do ano dois mil e dezoito<\/p>\n<\/div>\n<p>Paulo Afonso Burmann,<\/p>\n<p>Reitor<\/p>\n\n<p><font color=\"red0000\">Este texto n\u00e3o substitui o documento original, publicado no Portal de Documentos.<\/font> Dispon\u00edvel em: <a href=\"https:\/\/portal.ufsm.br\/documentos\/publico\/documento.html?id=10741104\"><font color=\"blue\">https:\/\/portal.ufsm.br\/documentos\/publico\/documento.html?id=10741104<\/font><\/a>\n<\/strike>\n\n\t\t<\/div>\n\t\t\t\t<\/div>\n\t\t\t\t\t<\/div>\n\t\t<\/div>\n\t\t\t\t\t<\/div>\n\t\t<\/section>\n\t\t\t\t<\/div>\n\t\t","protected":false},"excerpt":{"rendered":"<p>RESOLU\u00c7\u00c3O OR\u00c7AMENT\u00c1RIA N. 001\/2018 MINIST\u00c9RIO DA EDUCA\u00c7\u00c3O UNIVERSIDADE FEDERAL DE SANTA MARIA RESOLU\u00c7\u00c3O OR\u00c7AMENT\u00c1RIA N. 001\/2018 Or\u00e7a a Receita e fixa a Despesa da Universidade Federal de Santa Maria para o Exerc\u00edcio Financeiro de 2018. Revogado pela Resolu\u00e7\u00e3o N. 055\/2021 O REITOR DA UNIVERSIDADE FEDERAL DE SANTA MARIA, no uso de suas atribui\u00e7\u00f5es legais e [&hellip;]<\/p>\n","protected":false},"author":205,"featured_media":0,"parent":0,"menu_order":0,"comment_status":"closed","ping_status":"closed","template":"","meta":{"footnotes":""},"categories":[],"tags":[],"class_list":["post-2485","page","type-page","status-publish","hentry"],"acf":[],"_links":{"self":[{"href":"https:\/\/www.ufsm.br\/pro-reitorias\/proplan\/wp-json\/wp\/v2\/pages\/2485","targetHints":{"allow":["GET"]}}],"collection":[{"href":"https:\/\/www.ufsm.br\/pro-reitorias\/proplan\/wp-json\/wp\/v2\/pages"}],"about":[{"href":"https:\/\/www.ufsm.br\/pro-reitorias\/proplan\/wp-json\/wp\/v2\/types\/page"}],"author":[{"embeddable":true,"href":"https:\/\/www.ufsm.br\/pro-reitorias\/proplan\/wp-json\/wp\/v2\/users\/205"}],"replies":[{"embeddable":true,"href":"https:\/\/www.ufsm.br\/pro-reitorias\/proplan\/wp-json\/wp\/v2\/comments?post=2485"}],"version-history":[{"count":0,"href":"https:\/\/www.ufsm.br\/pro-reitorias\/proplan\/wp-json\/wp\/v2\/pages\/2485\/revisions"}],"wp:attachment":[{"href":"https:\/\/www.ufsm.br\/pro-reitorias\/proplan\/wp-json\/wp\/v2\/media?parent=2485"}],"wp:term":[{"taxonomy":"category","embeddable":true,"href":"https:\/\/www.ufsm.br\/pro-reitorias\/proplan\/wp-json\/wp\/v2\/categories?post=2485"},{"taxonomy":"post_tag","embeddable":true,"href":"https:\/\/www.ufsm.br\/pro-reitorias\/proplan\/wp-json\/wp\/v2\/tags?post=2485"}],"curies":[{"name":"wp","href":"https:\/\/api.w.org\/{rel}","templated":true}]}}