{"id":2491,"date":"2019-10-10T10:31:17","date_gmt":"2019-10-10T13:31:17","guid":{"rendered":"https:\/\/www.ufsm.br\/pro-reitorias\/proplan\/?page_id=2491"},"modified":"2023-03-02T08:04:57","modified_gmt":"2023-03-02T11:04:57","slug":"resolucao-n-008-2018","status":"publish","type":"page","link":"https:\/\/www.ufsm.br\/pro-reitorias\/proplan\/resolucao-n-008-2018","title":{"rendered":"Resolu\u00e7\u00e3o N. 008\/2018"},"content":{"rendered":"\t\t<div data-elementor-type=\"wp-page\" data-elementor-id=\"2491\" class=\"elementor elementor-2491\">\n\t\t\t\t\t\t<section class=\"elementor-section elementor-top-section elementor-element elementor-element-d8efa81 elementor-section-boxed elementor-section-height-default elementor-section-height-default\" data-id=\"d8efa81\" data-element_type=\"section\">\n\t\t\t\t\t\t<div class=\"elementor-container elementor-column-gap-default\">\n\t\t\t\t\t<div class=\"elementor-column elementor-col-100 elementor-top-column elementor-element elementor-element-8fdaa50\" data-id=\"8fdaa50\" data-element_type=\"column\">\n\t\t\t<div class=\"elementor-widget-wrap elementor-element-populated\">\n\t\t\t\t\t\t<div class=\"elementor-element elementor-element-829717a elementor-widget elementor-widget-html\" data-id=\"829717a\" data-element_type=\"widget\" data-widget_type=\"html.default\">\n\t\t\t\t<div class=\"elementor-widget-container\">\n\t\t\t\r\n\r\n\r\n<title><b>RESOLU\u00c7\u00c3O N. 008\/2018<\/b><\/title>\r\n\r\n\r\n<div align=\"center\"><img decoding=\"async\" src=\"https:\/\/www.ufsm.br\/pro-reitorias\/proplan\/wp-content\/uploads\/sites\/344\/2019\/09\/brasao-da-republica-do-brasil-logo.png\" alt=\"Bras\u00e3o Rep\u00fablica Federativa do Brasil\" width=\"6%\" height=\"6%\"><\/div>    \r\n<h1><font color=\"blue\"><font size=\"5\"><div align=\"center\">MINIST\u00c9RIO DA EDUCA\u00c7\u00c3O<\/b><\/font><\/font><\/div><\/H1>\r\n<p><b><font color=\"0000blue\"><div align=\"center\">UNIVERSIDADE FEDERAL DE SANTA MARIA<\/b><\/font><\/div><\/p>\r\n\r\n<p><div align=\"center\"><b><a href=\"https:\/\/portal.ufsm.br\/documentos\/publico\/documento.html?id=9009132\"><font color=\"blue\">RESOLU\u00c7\u00c3O N. 008\/2018<\/font><\/a><\/b><\/div><\/p>\r\n<br>\r\n<p><div align=\"right\"><font color=\"800000\">Implementa no \u00e2mbito da UFSM o Pr\u00eamio 40 Melhores, para apresentadores de trabalhos no Sal\u00e3o de lnicia\u00e7\u00e3o Cient\u00edfica da Jornada Acad\u00eamica lntegrada.<\/font><\/div><\/p>\r\n<p><a href=\"https:\/\/www.ufsm.br\/pro-reitorias\/proplan?page_id=5278\" target=\"_blank\"><font color=\"blue\">Revogada pela Resolu\u00e7\u00e3o UFSM N. 118\/2023<\/font><\/a><\/p>\r\n<br><div align=\"justify\">\r\n\r\n\r\n<s><p>O REITOR DA UNIVERSIDADE FEDERAL DE SANTA MARIA, no uso de suas atribui\u00e7\u00f5es legais e estatut\u00e1rias e considerando:<\/p>\r\n<p>- a necessidade de institucionaliza\u00e7\u00e3o do Pr\u00eamio 40 Melhores; e<\/p>\r\n<p>- o Parecer n\u00ba 033\/2018, aprovado na 914\u00aa Sess\u00e3o do Conselho de Ensino, Pesquisa e Extens\u00e3o (CEPE), de 16 de mar\u00e7o de 2018, conforme Processo n. <a href=\"https:\/\/portal.ufsm.br\/documentos\/publico\/processo\/documento.html?idDocumento=8224219\" target=\"_blank\"><font color=\"blue\"><u>23081.013577\/2017-81<\/u><\/font><\/a>.<\/p>\r\n<br>\r\n<p><b><div align=\"center\">RESOLVE:<\/b><\/div><\/p>\r\n<br>\r\n<p>Art.1\u00ba Criar o Pr\u00eamio 40 Melhores, contemplando os quarenta melhores apresentadores de trabalhos do Sal\u00e3o de lnicia\u00e7\u00e3o Cient\u00edfica da Jornada Acad\u00e9mica lntegrada - JAI, da Universidade Federal de Santa Maria.<\/p> \r\n<p>Art. 2\u00ba Os alunos aptos a participar do Pr\u00eamio 40 Melhores s\u00e3o todos os alunos de gradua\u00e7\u00e3o ou do ensino m\u00e9dio ou profissionalizante da UFSM inscritos no Sal\u00e3o de Inicia\u00e7\u00e3o Cientifica da Jornada Acad\u00eamica lntegrada.<\/p>\r\n<p>Art. 3\u00ba A avalia\u00e7\u00e3o \u00e9 realizada por professores especialistas na \u00e1rea de conhecimento do trabalho, selecionados a partir das inscri\u00e7\u00f5es e referendada pela Comiss\u00e3o Organizadora do evento.<\/p>\r\n<p>Art. 4\u00ba Os crit\u00e9rios de avalia\u00e7\u00e3o s\u00e3o aqueles constantes da Ficha de Avalia\u00e7\u00e3o JAI, dispon\u00edveis na p\u00e1gina eletr\u00f4nica do evento.<\/p>\r\n<p>Par\u00e1grafo \u00danico. Os crit\u00e9rios de avalia\u00e7\u00e3o s\u00e3o propostos pela Coordenadoria de Inicia\u00e7\u00e3o Cient\u00edfica da Pr\u00f3-Reitoria de P\u00f3s-gradua\u00e7\u00e3o e Pesquisa e aprovados pelo Comit\u00ea de Inicia\u00e7\u00e3o Cient\u00edfica da Pr\u00f3-Reitoria de P\u00f3s-gradua\u00e7\u00e3o e Pesquisa.<\/p>\r\n\r\n<p>Art. 5\u00ba O n\u00famero de premiados \u00e9 limitado a quarenta alunos, podendo esse n\u00famero sofrer redu\u00e7\u00e3o em aten\u00e7\u00e3o a contingenciamentos or\u00e7ament\u00e1rios da Institui\u00e7\u00e3o.<\/p>\r\n<p>Art. 6\u00ba As quarenta cotas s\u00e3o distribu\u00eddas por unidade de ensino, cabendo a cada uma o valor percentual relativo ao n\u00famero de trabalhos inscritos no Sal\u00e3o de Inicia\u00e7\u00e3o Cient\u00edfica daquela unidade naquela edi\u00e7\u00e3o do evento.<\/p> \r\n<p>Art. 7\u00ba A premia\u00e7\u00e3o \u00e9 dada aos quarenta alunos com melhor pontua\u00e7\u00e3o, respeitando\u2014se os tetos de cada unidade de ensino.<\/p>\r\n<p>Par\u00e1grafo \u00danico. Em caso de empate, caber\u00e1 a unidade de ensino designar os contemplados, priorizando em primeiro lugar a qualidade do trabalho e em segundo lugar os alunos que manter\u00e3o algum tipo de v\u00ednculo acad\u00eamico com a institui\u00e7\u00e3o no ano subsequente ao da origem do pr\u00eamio.<\/p>\r\n\r\n<p>Art. 8\u00ba O pr\u00eamio \u00e9 concedido de forma individual e intransfer\u00edvel ao apresentador do trabalho premiado.<\/p>\r\n<p>Art. 9\u00ba Os alunos apresentadores premiados, os co-autores inscritos, e seus professores orientadores receber\u00e3o certificado especifico referente ao Pr\u00eamio 40 Melhores.<\/p>\r\n<p>Art. 10 Este pr\u00eamio est\u00e1 classificado como modalidade licitat\u00f3ria Concurso, o qual deve ter publica\u00e7\u00e3o especifica sob a responsabilidade da CIC\/PRPGP.<\/p>\r\n<br>\r\n<p><b><div align=\"center\">DA PARTICIPA\u00c7\u00c3O NA JORNADA NACIONAL DE INCIA\u00c7\u00c3O CIENT\u00cdFICA<\/b><\/div><\/p>\r\n<br>\r\n<p>Art. 11 Os alunos contemplados com o Pr\u00eamio 4O Melhores, que mantiverem vinculo acad\u00eamico com a UFSM durante o 1\u00ba semestre do ano subsequente ao evento que deu origem ao pr\u00eamio, poder\u00e3o representar a UFSM na Jornada Nacional de Inicia\u00e7\u00e3o Cient\u00edfica da Reuni\u00e3o Anual da Sociedade Brasileira para o Progresso da Ci\u00eancia \u2014 JNIC\/SBPC.<\/p>\r\n<p>\u00a7 1\u00ba A participa\u00e7\u00e3o dos alunos premiados no referido evento somente se confirmara mediante compromisso expresso e voluntario do aluno, no prazo estabelecido pela Coordenadoria de Inicia\u00e7\u00e3o Cientifica da Pr\u00f3-Reitoria de P\u00f3s-Gradua\u00e7\u00e3o e Pesquisa, e ao consequente cumprimento das normas e prazos daquele evento.<\/p>\r\n<p>\u00a7 2\u00ba E responsabilidade da Coordenadoria de Inicia\u00e7\u00e3o Cient\u00edfica da Pr\u00f3-Reitoria de P\u00f3s-gradua\u00e7\u00e3o e Pesquisa a confirma\u00e7\u00e3o de vinculo acad\u00e9mico junto a Pr\u00f3-Reitoria de Gradua\u00e7\u00e3o.<\/p>\r\n\r\n<p>Art. 12 A responsabilidade por prover os recursos destinados a custear esta participa\u00e7\u00e3o \u00e9 distribu\u00edda da seguinte forma: cinquenta por cento para a Administra\u00e7\u00e3o Central e os demais cinquenta por cento divididos proporcionalmente entre as unidades, respeitando os \u00edndices percentuais definidos pelo n\u00famero de inscritos na Jornada Nacional de Inicia\u00e7\u00e3o Cientifica da Sociedade Brasileira para o Progresso da Ci\u00eancia.<\/p>\r\n<p>\u00a7 1\u00ba O montante a ser custeado pela Administra\u00e7\u00e3o Central dever\u00e1 ser previsto e planejado em conson\u00e2ncia com a lei or\u00e7ament\u00e1ria anual de cada exerc\u00edcio, bem como comas normas de distribui\u00e7\u00e3o or\u00e7ament\u00e1rias aprovadas anualmente pelo Conselho Universit\u00e1rio.<\/p>\r\n<p>\u00a7 2\u00ba Os custos de inscri\u00e7\u00e3o e transporte s\u00e3o de responsabilidade da UFSM, conforme exposto no caput deste artigo.<\/p>\r\n<p>\u00a7 3\u00ba Os alunos receber\u00e3o uma bolsa de forma\u00e7\u00e3o que auxiliara nas despesas de estadia, alimenta\u00e7\u00e3o e deslocamento na cidade do evento, as quais s\u00e3o de responsabilidade do aluno premiado, sendo que o pagamento desta bolsa tamb\u00e9m obedece ao exposto no caput deste artigo.<\/p>\r\n\r\n<p>Art. 13 A Coordenadoria de Inicia\u00e7\u00e3o Cient\u00edfica da Pr\u00f3-Reitoria de P\u00f3s-gradua\u00e7\u00e3o e Pesquisa \u00e9 o setor respons\u00e1vel pela proposi\u00e7\u00e3o, ger\u00eancia e execu\u00e7\u00e3o do Pr\u00eamio 40 Melhores.<\/p>\r\n<p>Art. 14 Esta resolu\u00e7\u00e3o entre em vigor na data de sua publica\u00e7\u00e3o, revogadas as disposi\u00e7\u00f5es em contr\u00e1rio.<\/p>\r\n\r\n<p>GABINETE DO REITOR DA UNIVERSIDADE FEDERAL DE SANTA MARIA, aos dezessete dias do m\u00eas de abril do ano dois mil e dezoito.<\/p>\r\n<\/div>\r\n<p>Paulo Afonso Burmann,<\/p>\r\n<p>Reitor<\/p><\/s>\r\n\r\n\r\n<p><font color=\"red0000\">Este texto n\u00e3o substitui o documento original, publicado no Portal de Documentos.<\/font> Dispon\u00edvel em: <a href=\"https:\/\/portal.ufsm.br\/documentos\/publico\/documento.html?id=9009132\"><font color=\"blue\">https:\/\/portal.ufsm.br\/documentos\/publico\/documento.html?id=9009132<\/font><\/a>\r\n\r\n\t\t<\/div>\n\t\t\t\t<\/div>\n\t\t\t\t\t<\/div>\n\t\t<\/div>\n\t\t\t\t\t<\/div>\n\t\t<\/section>\n\t\t\t\t<\/div>\n\t\t","protected":false},"excerpt":{"rendered":"<p>RESOLU\u00c7\u00c3O N. 008\/2018 MINIST\u00c9RIO DA EDUCA\u00c7\u00c3O UNIVERSIDADE FEDERAL DE SANTA MARIA RESOLU\u00c7\u00c3O N. 008\/2018 Implementa no \u00e2mbito da UFSM o Pr\u00eamio 40 Melhores, para apresentadores de trabalhos no Sal\u00e3o de lnicia\u00e7\u00e3o Cient\u00edfica da Jornada Acad\u00eamica lntegrada. Revogada pela Resolu\u00e7\u00e3o UFSM N. 118\/2023 O REITOR DA UNIVERSIDADE FEDERAL DE SANTA MARIA, no uso de suas atribui\u00e7\u00f5es [&hellip;]<\/p>\n","protected":false},"author":205,"featured_media":0,"parent":0,"menu_order":0,"comment_status":"closed","ping_status":"closed","template":"","meta":{"footnotes":""},"categories":[],"tags":[],"class_list":["post-2491","page","type-page","status-publish","hentry"],"acf":[],"_links":{"self":[{"href":"https:\/\/www.ufsm.br\/pro-reitorias\/proplan\/wp-json\/wp\/v2\/pages\/2491","targetHints":{"allow":["GET"]}}],"collection":[{"href":"https:\/\/www.ufsm.br\/pro-reitorias\/proplan\/wp-json\/wp\/v2\/pages"}],"about":[{"href":"https:\/\/www.ufsm.br\/pro-reitorias\/proplan\/wp-json\/wp\/v2\/types\/page"}],"author":[{"embeddable":true,"href":"https:\/\/www.ufsm.br\/pro-reitorias\/proplan\/wp-json\/wp\/v2\/users\/205"}],"replies":[{"embeddable":true,"href":"https:\/\/www.ufsm.br\/pro-reitorias\/proplan\/wp-json\/wp\/v2\/comments?post=2491"}],"version-history":[{"count":0,"href":"https:\/\/www.ufsm.br\/pro-reitorias\/proplan\/wp-json\/wp\/v2\/pages\/2491\/revisions"}],"wp:attachment":[{"href":"https:\/\/www.ufsm.br\/pro-reitorias\/proplan\/wp-json\/wp\/v2\/media?parent=2491"}],"wp:term":[{"taxonomy":"category","embeddable":true,"href":"https:\/\/www.ufsm.br\/pro-reitorias\/proplan\/wp-json\/wp\/v2\/categories?post=2491"},{"taxonomy":"post_tag","embeddable":true,"href":"https:\/\/www.ufsm.br\/pro-reitorias\/proplan\/wp-json\/wp\/v2\/tags?post=2491"}],"curies":[{"name":"wp","href":"https:\/\/api.w.org\/{rel}","templated":true}]}}