{"id":2499,"date":"2019-10-10T14:45:22","date_gmt":"2019-10-10T17:45:22","guid":{"rendered":"https:\/\/www.ufsm.br\/pro-reitorias\/proplan\/?page_id=2499"},"modified":"2020-04-22T08:23:01","modified_gmt":"2020-04-22T11:23:01","slug":"resolucao-n-004-2018","status":"publish","type":"page","link":"https:\/\/www.ufsm.br\/pro-reitorias\/proplan\/resolucao-n-004-2018","title":{"rendered":"Resolu\u00e7\u00e3o N. 004\/2018"},"content":{"rendered":"\t\t<div data-elementor-type=\"wp-page\" data-elementor-id=\"2499\" class=\"elementor elementor-2499\">\n\t\t\t\t\t\t<section class=\"elementor-section elementor-top-section elementor-element elementor-element-5bd1f8f elementor-section-boxed elementor-section-height-default elementor-section-height-default\" data-id=\"5bd1f8f\" data-element_type=\"section\">\n\t\t\t\t\t\t<div class=\"elementor-container elementor-column-gap-default\">\n\t\t\t\t\t<div class=\"elementor-column elementor-col-100 elementor-top-column elementor-element elementor-element-5743280\" data-id=\"5743280\" data-element_type=\"column\">\n\t\t\t<div class=\"elementor-widget-wrap elementor-element-populated\">\n\t\t\t\t\t\t<div class=\"elementor-element elementor-element-acda674 elementor-widget elementor-widget-html\" data-id=\"acda674\" data-element_type=\"widget\" data-widget_type=\"html.default\">\n\t\t\t\t<div class=\"elementor-widget-container\">\n\t\t\t\r\n\r\n\r\n<title><b>RESOLU\u00c7\u00c3O N. 004\/2018<\/b><\/title>\r\n\r\n\r\n<div align=\"center\"><img decoding=\"async\" src=\"https:\/\/www.ufsm.br\/pro-reitorias\/proplan\/wp-content\/uploads\/sites\/344\/2019\/09\/brasao-da-republica-do-brasil-logo.png\" alt=\"Bras\u00e3o Rep\u00fablica Federativa do Brasil\" width=\"6%\" height=\"6%\"><\/div>    \r\n<h1><font color=\"blue\"><font size=\"5\"><div align=\"center\">MINIST\u00c9RIO DA EDUCA\u00c7\u00c3O<\/b><\/font><\/font><\/div><\/H1>\r\n<p><b><font color=\"0000blue\"><div align=\"center\">UNIVERSIDADE FEDERAL DE SANTA MARIA<\/b><\/font><\/div><\/p>\r\n\r\n<p><div align=\"center\"><b><a href=\"https:\/\/portal.ufsm.br\/documentos\/publico\/documento.html?id=9008875\"><font color=\"blue\">RESOLU\u00c7\u00c3O N. 004\/2018<\/font><\/a><\/b><\/div><\/p>\r\n<br>\r\n<p><div align=\"right\"><font color=\"800000\"><strike>Institui o Colegiado de Representa\u00e7\u00e3o do Programa Institucional de Bolsas de Inicia\u00e7\u00e3o \u00e0 Doc\u00eancia (PIBID) na UFSM vinculado \u00e0 PROGRAD.<\/font><\/strike><\/div><\/p>\r\n<br><div align=\"justify\">\r\n<p><a href=\"https:\/\/www.ufsm.br\/pro-reitorias\/proplan\/resolucao-n-020-2019\/\"><font color=\"blue\">Revogado pela Resolu\u00e7\u00e3o N. 020\/2019<\/font><\/a><\/p><\/p>\r\n<br>\r\n<strike>\r\n<p>O REITOR DA UNIVERSIDADE FEDERAL DE SANTA MARIA, no uso de suas atribui\u00e7\u00f5es legais e estatut\u00e1rias e considerando:<\/p>\r\n<p>- a <a href=\"http:\/\/www.capes.gov.br\/images\/stories\/download\/legislacao\/16032018_PORTARIA_158_ATUALIZADA.pdf\" target=\"_blank\"><font color=\"blue\"><u>Portaria N\u00ba 158\/CAPES, de 10 de agosto de 2017<\/u><\/font><\/a>, Art. 1\u00ba, item III;<\/p>\r\n<p>- a revoga\u00e7\u00e3o da Instru\u00e7\u00e3o Normativa N. 03\/2017\/PROGRAD, de 07 de abril de 2017; e<\/p>\r\n<p>- o Parecer n. 045\/2018, da Comiss\u00e3o de Legisla\u00e7\u00e3o e Normas (CLN), aprovado na 914\u00aa Sess\u00e3o do Conselho de Ensino, Pesquisa e Extens\u00e3o, de 16 de mar\u00e7o de 20018, conforme Processo n. <a href=\"https:\/\/portal.ufsm.br\/documentos\/publico\/processo\/documento.html?idDocumento=8592912\" target=\"_blank\"><font color=\"blue\"><u>23081.045956\/2017-30<\/u><\/font><\/a>.<\/p>\r\n<br>\r\n<p><b><div align=\"center\">RESOLVE:<\/b><\/div><\/p>\r\n<br>\r\n<p>Art. 1\u00ba O Programa Institucional de Bolsas de Inicia\u00e7\u00e3o \u00e0 Doc\u00eancia (PIBID) da CAPES fica vinculado \u00e0 Pr\u00f3-Reitoria de Gradua\u00e7\u00e3o (PROGRAD) atrav\u00e9s do Colegiado de Representa\u00e7\u00e3o do PIBID\/UFSM como inst\u00e2ncia organizacional.<\/p>\r\n<p>Art. 2\u00ba O Colegiado de Representa\u00e7\u00e3o do PIBID\/UFSM ter\u00e1 como objetivo integrar a pol\u00edtica de forma\u00e7\u00e3o de professores da educa\u00e7\u00e3o b\u00e1sica na UFSM.<\/p>\r\n<p>Art. 3\u00ba O Colegiado de Representa\u00e7\u00e3o do PIBID na UFSM ser\u00e1 composto pelos seguintes representantes:<\/p>\r\n<p>I - um representante de cada Secretaria Municipal de Educa\u00e7\u00e3o na qual h\u00e1 um subprojeto PIBID\/UFSM vinculado ao projeto institucional da UFSM;<\/p>\r\n<p>II -  um representante da 8\u00aa Coordenadoria Regional de Educa\u00e7\u00e3o (CRE);<\/p>\r\n<p>III - dois coordenadores de Cursos de Licenciatura da UFSM que possuam projeto PIBID, eleitos em Assembleia dos Coordenadores de Licenciaturas organizada pela PROGRAD;<\/p>\r\n<p>IV - um representante de Projetos de Extens\u00e3o da UFSM que atue na forma\u00e7\u00e3o de professores da Educa\u00e7\u00e3o B\u00e1sica, designado pela Pr\u00f3-Reitoria de Extens\u00e3o;<\/p>\r\n<p>V - um representante do Programa de P\u00f3s-Gradua\u00e7\u00e3o da UFSM que atue na forma\u00e7\u00e3o de professores da Educa\u00e7\u00e3o B\u00e1sica, designado pela Pr\u00f3-Reitoria de P\u00f3s-Gradua\u00e7\u00e3o e Pesquisa;<\/p>\r\n<p>VI - um Coordenador de \u00c1rea de subprojetos do PIBID\/UFSM, eleito entre os coordenadores de projetos PIBID na UFSM, com elei\u00e7\u00e3o organizada pela PROGRAD;<\/p>\r\n<p>VII - um bolsista de Inicia\u00e7\u00e3o \u00e0 Doc\u00eancia (PIBID), eleito entre os bolsistas de inicia\u00e7\u00e3o \u00e0 doc\u00eancia de projetos PIBID na UFSM, com elei\u00e7\u00e3o organizada pela Coordena\u00e7\u00e3o do PIBID na UFSM;<\/p>\r\n<p>VIII - um professor supervisor, eleito pelos seus pares com consulta organizada pela Coordena\u00e7\u00e3o do PIBID na UFSM; e<\/p>\r\n<p>IX - o Coordenador Institucional do PIBID na UFSM.<\/p>\r\n<p>Art. 4\u00ba O Colegiado de Representa\u00e7\u00e3o do PIBID na UFSM contar\u00e1 com infraestrutura administrativa composta de uma sala e um t\u00e9cnico administrativo, com os objetivos de proporcionar aporte:<\/p>\r\n<p>I - ao Colegiado;<\/p>\r\n<p>II - \u00e0 realiza\u00e7\u00e3o das atividades de gest\u00e3o do Coordenador Institucional; e<\/p>\r\n<p>III - \u00e0 execu\u00e7\u00e3o de recursos e bolsas.<\/p>\r\n<p>Art. 5\u00ba Esta resolu\u00e7\u00e3o entrar\u00e1 em vigor na data de sua publica\u00e7\u00e3o, revogadas as disposi\u00e7\u00f5es em contr\u00e1rio.<\/p>\r\n\r\n\r\n<p>GABINETE DO REITOR DA UNIVERSIDADE FEDERAL DE SANTA MARIA, aos vinte e tr\u00eas dias do m\u00eas de mar\u00e7o do ano dois mil e dezoito.<\/p>\r\n<\/div>\r\n<p>Paulo Afonso Burmann,<\/p>\r\n<p>Reitor<\/p>\r\n\r\n\r\n<p><font color=\"red0000\">Este texto n\u00e3o substitui o documento original, publicado no Portal de Documentos.<\/font> Dispon\u00edvel em: <a href=\"https:\/\/portal.ufsm.br\/documentos\/publico\/documento.html?id=9008875\"><font color=\"blue\">https:\/\/portal.ufsm.br\/documentos\/publico\/documento.html?id=9008875<\/font><\/a>\r\n<\/strike>\r\n\r\n\t\t<\/div>\n\t\t\t\t<\/div>\n\t\t\t\t\t<\/div>\n\t\t<\/div>\n\t\t\t\t\t<\/div>\n\t\t<\/section>\n\t\t\t\t<\/div>\n\t\t","protected":false},"excerpt":{"rendered":"<p>RESOLU\u00c7\u00c3O N. 004\/2018 MINIST\u00c9RIO DA EDUCA\u00c7\u00c3O UNIVERSIDADE FEDERAL DE SANTA MARIA RESOLU\u00c7\u00c3O N. 004\/2018 Institui o Colegiado de Representa\u00e7\u00e3o do Programa Institucional de Bolsas de Inicia\u00e7\u00e3o \u00e0 Doc\u00eancia (PIBID) na UFSM vinculado \u00e0 PROGRAD. Revogado pela Resolu\u00e7\u00e3o N. 020\/2019 O REITOR DA UNIVERSIDADE FEDERAL DE SANTA MARIA, no uso de suas atribui\u00e7\u00f5es legais e estatut\u00e1rias [&hellip;]<\/p>\n","protected":false},"author":205,"featured_media":0,"parent":0,"menu_order":0,"comment_status":"closed","ping_status":"closed","template":"","meta":{"footnotes":""},"categories":[],"tags":[],"class_list":["post-2499","page","type-page","status-publish","hentry"],"acf":[],"_links":{"self":[{"href":"https:\/\/www.ufsm.br\/pro-reitorias\/proplan\/wp-json\/wp\/v2\/pages\/2499","targetHints":{"allow":["GET"]}}],"collection":[{"href":"https:\/\/www.ufsm.br\/pro-reitorias\/proplan\/wp-json\/wp\/v2\/pages"}],"about":[{"href":"https:\/\/www.ufsm.br\/pro-reitorias\/proplan\/wp-json\/wp\/v2\/types\/page"}],"author":[{"embeddable":true,"href":"https:\/\/www.ufsm.br\/pro-reitorias\/proplan\/wp-json\/wp\/v2\/users\/205"}],"replies":[{"embeddable":true,"href":"https:\/\/www.ufsm.br\/pro-reitorias\/proplan\/wp-json\/wp\/v2\/comments?post=2499"}],"version-history":[{"count":0,"href":"https:\/\/www.ufsm.br\/pro-reitorias\/proplan\/wp-json\/wp\/v2\/pages\/2499\/revisions"}],"wp:attachment":[{"href":"https:\/\/www.ufsm.br\/pro-reitorias\/proplan\/wp-json\/wp\/v2\/media?parent=2499"}],"wp:term":[{"taxonomy":"category","embeddable":true,"href":"https:\/\/www.ufsm.br\/pro-reitorias\/proplan\/wp-json\/wp\/v2\/categories?post=2499"},{"taxonomy":"post_tag","embeddable":true,"href":"https:\/\/www.ufsm.br\/pro-reitorias\/proplan\/wp-json\/wp\/v2\/tags?post=2499"}],"curies":[{"name":"wp","href":"https:\/\/api.w.org\/{rel}","templated":true}]}}