{"id":2513,"date":"2019-10-11T14:49:33","date_gmt":"2019-10-11T17:49:33","guid":{"rendered":"https:\/\/www.ufsm.br\/pro-reitorias\/proplan\/?page_id=2513"},"modified":"2025-04-15T11:00:19","modified_gmt":"2025-04-15T14:00:19","slug":"resolucao-n-008-2017","status":"publish","type":"page","link":"https:\/\/www.ufsm.br\/pro-reitorias\/proplan\/resolucao-n-008-2017","title":{"rendered":"Resolu\u00e7\u00e3o N. 008\/2017"},"content":{"rendered":"\t\t<div data-elementor-type=\"wp-page\" data-elementor-id=\"2513\" class=\"elementor elementor-2513\">\n\t\t\t\t\t\t<section class=\"elementor-section elementor-top-section elementor-element elementor-element-5ee801b elementor-section-boxed elementor-section-height-default elementor-section-height-default\" data-id=\"5ee801b\" data-element_type=\"section\">\n\t\t\t\t\t\t<div class=\"elementor-container elementor-column-gap-default\">\n\t\t\t\t\t<div class=\"elementor-column elementor-col-100 elementor-top-column elementor-element elementor-element-8583cc9\" data-id=\"8583cc9\" data-element_type=\"column\">\n\t\t\t<div class=\"elementor-widget-wrap elementor-element-populated\">\n\t\t\t\t\t\t<div class=\"elementor-element elementor-element-afd7eae elementor-widget elementor-widget-html\" data-id=\"afd7eae\" data-element_type=\"widget\" data-widget_type=\"html.default\">\n\t\t\t\t<div class=\"elementor-widget-container\">\n\t\t\t<br><div align=\"justify\"><font color=\"black\">\r\n<div align=\"center\">\r\n<img decoding=\"async\" src=\"https:\/\/www.ufsm.br\/pro-reitorias\/proplan\/wp-content\/uploads\/sites\/344\/2019\/09\/brasao-da-republica-do-brasil-logo.png\" alt=\"Bras\u00e3o Rep\u00fablica Federativa do Brasil\" width=\"6%\" height=\"6%\" style=\"text-align: justify\">\r\n<\/div>    \r\n<h1 style=\"text-align: justify\">\r\n<font color=\"blue\">\r\n<font size=\"5\">\r\n<\/font>\r\n<\/font>\r\n<div align=\"center\">\r\n<font color=\"blue\" style=\"text-align: justify\">\r\n<font size=\"5\">MINIST\u00c9RIO DA EDUCA\u00c7\u00c3O<\/font>\r\n<\/font>\r\n<\/div>\r\n<\/h1>\r\n<p>\r\n<b>\r\n<font color=\"0000blue\">\r\n<\/font>\r\n<\/b>\r\n<\/p>\r\n<div align=\"center\">\r\n<b style=\"text-align: justify\">\r\n<font color=\"0000blue\">UNIVERSIDADE FEDERAL DE SANTA MARIA<\/font>\r\n<\/b>\r\n<\/div>\r\n<p>\r\n<\/p>\r\n\r\n<p>\r\n<\/p>\r\n<div align=\"center\">\r\n<b style=\"text-align: justify\">\r\n<a href=\"https:\/\/portal.ufsm.br\/documentos\/publico\/documento.html?id=8457840\" style=\"color: blue !important;text-decoration: underline !important\" data-elementor-preserved=\"true\">\r\n<font color=\"blue\">RESOLU\u00c7\u00c3O N. 008\/2017<\/font>\r\n<\/a>\r\n<\/b>\r\n<\/div>\r\n<p>\r\n<\/p>\r\n<br>\r\n<p>\r\n<\/p>\r\n<div align=\"right\">\r\n<font color=\"800000\" style=\"text-align: justify\">\r\n<strike>\r\n    <div style=\"color: #800000;width: 60%;margin-left: auto;margin-right: 0;text-align: justify;font-weight: normal\">\r\n      Aprova a cria\u00e7\u00e3o do Instituto de Redes Inteligentes (INRI) como \u00d3rg\u00e3o Suplementar Setorial na estrutura organizacional do Centro de Tecnologia \u2013 CT e d\u00e1 outras provid\u00eancias.\r\n    <\/div>\r\n<\/strike>\r\n<\/font>\r\n<\/div>\r\n<p>\r\n<\/p>\r\nRevogada pela <a href=\"https:\/\/www.ufsm.br\/pro-reitorias\/proplan\/resolucao-ufsm-n-201-2025\" style=\"color: blue !important;text-decoration: underline !important\" data-elementor-preserved=\"true\">Resolu\u00e7\u00e3o UFSM N. 201\/2025<\/a>\r\n<div>\r\n<br>\r\n<div align=\"justify\">\r\n<p>\r\n<strike>O REITOR DA UNIVERSIDADE FEDERAL DE SANTA MARIA, no uso de suas atribui\u00e7\u00f5es legais e estatut\u00e1rias e considerando:<\/strike>\r\n<\/p>\r\n<p>\r\n<strike>- a proposta visa apoiar o desenvolvimento e a qualifica\u00e7\u00e3o de atividades pr\u00e1ticas e laboratoriais de pesquisa, desenvolvimento tecnol\u00f3gico, inova\u00e7\u00e3o, transfer\u00eancia de tecnologia e extens\u00e3o na \u00e1rea de Redes Inteligentes;<\/strike>\r\n<\/p>\r\n<p>\r\n<strike>- o Parecer n. 019\/2016 da Comiss\u00e3o de Legisla\u00e7\u00e3o e Normas do Centro de Tecnologia de 23\/08\/2016, aprovado na Sess\u00e3o n. 513\u00aa de 30\/08\/2016; e<\/strike>\r\n<\/p>\r\n<p>\r\n<strike>- o Parecer n. 044\/2017 da Comiss\u00e3o de Legisla\u00e7\u00e3o e Regimentos (CLR), aprovado na 795\u00aa Sess\u00e3o do Conselho Universit\u00e1rio, de 06 de julho de 2017, referente ao Processo n. <a href=\"https:\/\/portal.ufsm.br\/documentos\/publico\/processo\/documento.html?idDocumento=6506466\" style=\"color: blue !important;text-decoration: underline !important\" data-elementor-preserved=\"true\" target=\"_blank\">\r\n<font color=\"blue\">23081.011691\/2014-23<\/font>\r\n<\/a>.<\/strike>\r\n<\/p>\r\n<strike>\r\n<br>\r\n<\/strike>\r\n<p>\r\n<strike>\r\n<b>\r\n<\/b>\r\n<\/strike>\r\n<\/p>\r\n<div align=\"center\">\r\n<b style=\"text-align: justify\">\r\n<strike>RESOLVE:<\/strike>\r\n<\/b>\r\n<\/div>\r\n<p>\r\n<\/p>\r\n<strike>\r\n<br>\r\n<\/strike>\r\n<p>\r\n<strike>Art. 1\u00ba Aprovar a cria\u00e7\u00e3o do Instituto de Redes Inteligentes (INRI) como \u00d3rg\u00e3o Suplementar Setorial na estrutura organizacional do Centro de Tecnologia \u2013 CT.<\/strike>\r\n<\/p>\r\n<p>\r\n<strike>Par\u00e1grafo \u00fanico. O Regimento Interno do Instituto de Redes Inteligentes (INRI) \u00e9 aprovado na forma de Anexo a esse ato.<\/strike>\r\n<\/p>\r\n\r\n<p>\r\n<strike>Art. 2\u00ba Caber\u00e1 \u00e0 Pr\u00f3-Reitoria de Planejamento proceder \u00e0s altera\u00e7\u00f5es no Sistema de Classifica\u00e7\u00e3o Institucional, \u00e0 Pr\u00f3-Reitoria de Gest\u00e3o de Pessoas a relota\u00e7\u00e3o dos recursos humanos e destina\u00e7\u00e3o de fun\u00e7\u00e3o gratificada FG4.118 ao diretor do Instituto de Redes Inteligentes (INRI) e ao Departamento de Material e Patrim\u00f4nio a adequa\u00e7\u00e3o do registro dos m\u00f3veis e equipamentos.<\/strike>\r\n<\/p>\r\n<p>\r\n<strike>Art. 3\u00ba Esta resolu\u00e7\u00e3o entrar\u00e1 em vigor na data de sua assinatura e revoga as disposi\u00e7\u00f5es em contr\u00e1rio.<\/strike>\r\n<\/p>\r\n\r\n<p>\r\n<strike>GABINETE DO REITOR DA UNIVERSIDADE FEDERAL DE SANTA MARIA, aos catorze dias do m\u00eas de julho do ano dois mil e dezessete.<\/strike>\r\n<\/p>\r\n<\/div>\r\n<p>\r\n<strike>Paulo Afonso Burmann,<\/strike>\r\n<\/p>\r\n<p>\r\n<strike>Reitor.<\/strike>\r\n<\/p>\r\n\r\n\r\n<p>\r\n<font color=\"red0000\">Este texto n\u00e3o substitui o documento original, publicado no Portal de Documentos.<\/font> Dispon\u00edvel em: <a href=\"https:\/\/portal.ufsm.br\/documentos\/publico\/documento.html?id=8457840\" style=\"color: blue !important;text-decoration: underline !important\" data-elementor-preserved=\"true\">\r\n<font color=\"blue\">https:\/\/portal.ufsm.br\/documentos\/publico\/documento.html?id=8457840<\/font>\r\n<\/a>\r\n<\/p>\r\n<\/div>\r\n<\/font><\/div>\t\t<\/div>\n\t\t\t\t<\/div>\n\t\t\t\t\t<\/div>\n\t\t<\/div>\n\t\t\t\t\t<\/div>\n\t\t<\/section>\n\t\t\t\t<\/div>\n\t\t","protected":false},"excerpt":{"rendered":"<p>MINIST\u00c9RIO DA EDUCA\u00c7\u00c3O UNIVERSIDADE FEDERAL DE SANTA MARIA RESOLU\u00c7\u00c3O N. 008\/2017 Aprova a cria\u00e7\u00e3o do Instituto de Redes Inteligentes (INRI) como \u00d3rg\u00e3o Suplementar Setorial na estrutura organizacional do Centro de Tecnologia \u2013 CT e d\u00e1 outras provid\u00eancias. Revogada pela Resolu\u00e7\u00e3o UFSM N. 201\/2025 O REITOR DA UNIVERSIDADE FEDERAL DE SANTA MARIA, no uso de suas [&hellip;]<\/p>\n","protected":false},"author":205,"featured_media":0,"parent":0,"menu_order":0,"comment_status":"closed","ping_status":"closed","template":"","meta":{"footnotes":""},"categories":[],"tags":[],"class_list":["post-2513","page","type-page","status-publish","hentry"],"acf":[],"_links":{"self":[{"href":"https:\/\/www.ufsm.br\/pro-reitorias\/proplan\/wp-json\/wp\/v2\/pages\/2513","targetHints":{"allow":["GET"]}}],"collection":[{"href":"https:\/\/www.ufsm.br\/pro-reitorias\/proplan\/wp-json\/wp\/v2\/pages"}],"about":[{"href":"https:\/\/www.ufsm.br\/pro-reitorias\/proplan\/wp-json\/wp\/v2\/types\/page"}],"author":[{"embeddable":true,"href":"https:\/\/www.ufsm.br\/pro-reitorias\/proplan\/wp-json\/wp\/v2\/users\/205"}],"replies":[{"embeddable":true,"href":"https:\/\/www.ufsm.br\/pro-reitorias\/proplan\/wp-json\/wp\/v2\/comments?post=2513"}],"version-history":[{"count":0,"href":"https:\/\/www.ufsm.br\/pro-reitorias\/proplan\/wp-json\/wp\/v2\/pages\/2513\/revisions"}],"wp:attachment":[{"href":"https:\/\/www.ufsm.br\/pro-reitorias\/proplan\/wp-json\/wp\/v2\/media?parent=2513"}],"wp:term":[{"taxonomy":"category","embeddable":true,"href":"https:\/\/www.ufsm.br\/pro-reitorias\/proplan\/wp-json\/wp\/v2\/categories?post=2513"},{"taxonomy":"post_tag","embeddable":true,"href":"https:\/\/www.ufsm.br\/pro-reitorias\/proplan\/wp-json\/wp\/v2\/tags?post=2513"}],"curies":[{"name":"wp","href":"https:\/\/api.w.org\/{rel}","templated":true}]}}