{"id":2521,"date":"2019-10-11T15:00:40","date_gmt":"2019-10-11T18:00:40","guid":{"rendered":"https:\/\/www.ufsm.br\/pro-reitorias\/proplan\/?page_id=2521"},"modified":"2020-11-11T11:43:27","modified_gmt":"2020-11-11T14:43:27","slug":"resolucao-n-013-2017","status":"publish","type":"page","link":"https:\/\/www.ufsm.br\/pro-reitorias\/proplan\/resolucao-n-013-2017","title":{"rendered":"Resolu\u00e7\u00e3o N. 013\/2017"},"content":{"rendered":"\t\t<div data-elementor-type=\"wp-page\" data-elementor-id=\"2521\" class=\"elementor elementor-2521\">\n\t\t\t\t\t\t<section class=\"elementor-section elementor-top-section elementor-element elementor-element-336111b elementor-section-boxed elementor-section-height-default elementor-section-height-default\" data-id=\"336111b\" data-element_type=\"section\">\n\t\t\t\t\t\t<div class=\"elementor-container elementor-column-gap-default\">\n\t\t\t\t\t<div class=\"elementor-column elementor-col-100 elementor-top-column elementor-element elementor-element-f9334d3\" data-id=\"f9334d3\" data-element_type=\"column\">\n\t\t\t<div class=\"elementor-widget-wrap elementor-element-populated\">\n\t\t\t\t\t\t<div class=\"elementor-element elementor-element-272debd elementor-widget elementor-widget-html\" data-id=\"272debd\" data-element_type=\"widget\" data-widget_type=\"html.default\">\n\t\t\t\t<div class=\"elementor-widget-container\">\n\t\t\t\r\n\r\n\r\n<title><b>RESOLU\u00c7\u00c3O N. 013\/2017<\/b><\/title>\r\n\r\n\r\n<div align=\"center\"><img decoding=\"async\" src=\"https:\/\/www.ufsm.br\/pro-reitorias\/proplan\/wp-content\/uploads\/sites\/344\/2019\/09\/brasao-da-republica-do-brasil-logo.png\" alt=\"Bras\u00e3o Rep\u00fablica Federativa do Brasil\" width=\"6%\" height=\"6%\"><\/div>    \r\n<h1><font color=\"blue\"><font size=\"5\"><div align=\"center\">MINIST\u00c9RIO DA EDUCA\u00c7\u00c3O<\/b><\/font><\/font><\/div><\/H1>\r\n<p><b><font color=\"0000blue\"><div align=\"center\">UNIVERSIDADE FEDERAL DE SANTA MARIA<\/b><\/font><\/div><\/p>\r\n\r\n<p><div align=\"center\"><b><a href=\"https:\/\/portal.ufsm.br\/documentos\/publico\/documento.html?id=8557279\"><font color=\"blue\">RESOLU\u00c7\u00c3O N. 013\/2017<\/font><\/a><\/b><\/div><\/p>\r\n<br>\r\n<p><div align=\"right\"><font color=\"800000\">Aprova a transfer\u00eancia do Curso Superior de Tecnologia em Agroneg\u00f3cio da Unidade Descentralizada de Educa\u00e7\u00e3o Superior da Universidade Federal de Santa Maria, em Silveira Martins - UDESSM para a estrutura organizacional do Centro de Ci\u00eancias Rurais da Universidade Federal de Santa Maria.<\/font><\/div><\/p>\r\n<br>\r\n<p><a href=\"https:\/\/www.ufsm.br\/pro-reitorias\/proplan\/resolucao-n-029-2020\/\" target=\"_blank\"><font color=\"blue\">Revogada pela Resolu\u00e7\u00e3o N. 029\/2020<\/font><\/a><\/p>\r\n<br><div align=\"justify\">\r\n<strike>\r\n<p>O REITOR DA UNIVERSIDADE FEDERAL DE SANTA MARIA, no uso de suas atribui\u00e7\u00f5es legais e estatut\u00e1rias e considerando:<\/p>\r\n<p>- o estudo realizado pela Funda\u00e7\u00e3o Get\u00falio Vargas, em 2014, que em seu relat\u00f3rio recomenda a transfer\u00eancia dos cursos da UDESSM para o Campus Sede;<\/p>\r\n<p>- a Ata n. 002\/2016, Reuni\u00e3o Ordin\u00e1ria do Conselho da UDESSM;<\/p>\r\n<p>- o previsto no Art. 8\u00ba da <a href=\"https:\/\/www.ufsm.br\/pro-reitorias\/proplan\/resolucao-n-031-2016\/\" target=\"_blank\"><font color=\"blue\"><u>Resolu\u00e7\u00e3o N. 031\/2016 de 16\/08\/2016<\/u><\/font><\/a>;<\/p>\r\n<p>- a Ata S\/N, da 523\u00aa Reuni\u00e3o do Conselho do CCR; e<\/p>\r\n<p>- o Parecer n. 078\/2017 da Comiss\u00e3o de Legisla\u00e7\u00e3o e Regimentos, aprovado na 799\u00aa Sess\u00e3o do Conselho Universit\u00e1rio, de 29\/09\/2017, referente ao Processo n. <a href=\"https:\/\/portal.ufsm.br\/documentos\/publico\/processo\/documento.html?idDocumento=8055125\" target=\"_blank\"><font color=\"blue\"><u>23081.042720\/2016-61<\/u><\/font><\/a> e processos apensos a esse.<\/p>\r\n<br>\r\n<p><b><div align=\"center\">RESOLVE:<\/b><\/div><\/p>\r\n<br>\r\n<p>Art. 1\u00ba Aprovar a transfer\u00eancia do Curso Superior de Tecnologia em Agroneg\u00f3cio da Unidade Descentralizada de Educa\u00e7\u00e3o Superior da Universidade Federal de Santa Maria, em Silveira Martins \u2013 UDESSM para a estrutura organizacional do Centro de Ci\u00eancias Rurais.<p>\r\n<p>Art. 2\u00ba A Pr\u00f3-Reitoria de Planejamento ir\u00e1 proceder \u00e0s altera\u00e7\u00f5es no Sistema de Classifica\u00e7\u00e3o Institucional e Sistema de Informa\u00e7\u00f5es Organizacionais do Governo Federal \u2013 SIORG.<p>\r\n<p>Art. 3\u00ba A Pr\u00f3-Reitoira de Gest\u00e3o de Pessoas \u2013 PROGEP ir\u00e1 proceder a relota\u00e7\u00e3o dos docentes e t\u00e9cnico-administrativos em educa\u00e7\u00e3o nas subunidades correspondentes na estrutura organizacional do Centro de Ci\u00eancias Rurais.<p>\r\n<p>Art. 4\u00ba O Departamento de Registro Acad\u00eamico \u2013 DERCA ir\u00e1 proceder a realoca\u00e7\u00e3o de disciplinas nos departamentos did\u00e1ticos correspondentes.<p>\r\n<p>Art. 5\u00ba O Departamento de Material e Patrim\u00f4nio \u2013 DEMAPA ir\u00e1 proceder realoca\u00e7\u00e3o dos materiais e equipamentos \u00e0s subunidades de destino no Centro de Ci\u00eancias Rurais da UFSM.<p>\r\n<p>Art. 6\u00ba Esta resolu\u00e7\u00e3o entrar\u00e1 em vigor na data de sua publica\u00e7\u00e3o, revogadas as disposi\u00e7\u00f5es em contr\u00e1rio.<\/p>\r\n\r\n<p>GABINETE DO REITOR DA UNIVERSIDADE FEDERAL DE SANTA MARIA, aos cinco dias do m\u00eas de outubro do ano dois mil e dezessete.<\/p>\r\n<\/div>\r\n<p>Paulo Afonso Burmann,<\/p>\r\n<p>Reitor.<\/p>\r\n<\/strike>\r\n\r\n<p><font color=\"red0000\">Este texto n\u00e3o substitui o documento original, publicado no Portal de Documentos.<\/font> Dispon\u00edvel em: <a href=\"https:\/\/portal.ufsm.br\/documentos\/publico\/documento.html?id=8557279\"><font color=\"blue\">https:\/\/portal.ufsm.br\/documentos\/publico\/documento.html?id=8557279<\/font><\/a>\r\n\r\n\t\t<\/div>\n\t\t\t\t<\/div>\n\t\t\t\t\t<\/div>\n\t\t<\/div>\n\t\t\t\t\t<\/div>\n\t\t<\/section>\n\t\t\t\t<\/div>\n\t\t","protected":false},"excerpt":{"rendered":"<p>RESOLU\u00c7\u00c3O N. 013\/2017 MINIST\u00c9RIO DA EDUCA\u00c7\u00c3O UNIVERSIDADE FEDERAL DE SANTA MARIA RESOLU\u00c7\u00c3O N. 013\/2017 Aprova a transfer\u00eancia do Curso Superior de Tecnologia em Agroneg\u00f3cio da Unidade Descentralizada de Educa\u00e7\u00e3o Superior da Universidade Federal de Santa Maria, em Silveira Martins &#8211; UDESSM para a estrutura organizacional do Centro de Ci\u00eancias Rurais da Universidade Federal de Santa [&hellip;]<\/p>\n","protected":false},"author":205,"featured_media":0,"parent":0,"menu_order":0,"comment_status":"closed","ping_status":"closed","template":"","meta":{"footnotes":""},"categories":[],"tags":[],"class_list":["post-2521","page","type-page","status-publish","hentry"],"acf":[],"_links":{"self":[{"href":"https:\/\/www.ufsm.br\/pro-reitorias\/proplan\/wp-json\/wp\/v2\/pages\/2521","targetHints":{"allow":["GET"]}}],"collection":[{"href":"https:\/\/www.ufsm.br\/pro-reitorias\/proplan\/wp-json\/wp\/v2\/pages"}],"about":[{"href":"https:\/\/www.ufsm.br\/pro-reitorias\/proplan\/wp-json\/wp\/v2\/types\/page"}],"author":[{"embeddable":true,"href":"https:\/\/www.ufsm.br\/pro-reitorias\/proplan\/wp-json\/wp\/v2\/users\/205"}],"replies":[{"embeddable":true,"href":"https:\/\/www.ufsm.br\/pro-reitorias\/proplan\/wp-json\/wp\/v2\/comments?post=2521"}],"version-history":[{"count":0,"href":"https:\/\/www.ufsm.br\/pro-reitorias\/proplan\/wp-json\/wp\/v2\/pages\/2521\/revisions"}],"wp:attachment":[{"href":"https:\/\/www.ufsm.br\/pro-reitorias\/proplan\/wp-json\/wp\/v2\/media?parent=2521"}],"wp:term":[{"taxonomy":"category","embeddable":true,"href":"https:\/\/www.ufsm.br\/pro-reitorias\/proplan\/wp-json\/wp\/v2\/categories?post=2521"},{"taxonomy":"post_tag","embeddable":true,"href":"https:\/\/www.ufsm.br\/pro-reitorias\/proplan\/wp-json\/wp\/v2\/tags?post=2521"}],"curies":[{"name":"wp","href":"https:\/\/api.w.org\/{rel}","templated":true}]}}