{"id":2547,"date":"2019-10-14T16:24:12","date_gmt":"2019-10-14T19:24:12","guid":{"rendered":"https:\/\/www.ufsm.br\/pro-reitorias\/proplan\/?page_id=2547"},"modified":"2026-01-08T12:59:16","modified_gmt":"2026-01-08T15:59:16","slug":"resolucao-n-016-2017","status":"publish","type":"page","link":"https:\/\/www.ufsm.br\/pro-reitorias\/proplan\/resolucao-n-016-2017","title":{"rendered":"Resolu\u00e7\u00e3o N. 016\/2017"},"content":{"rendered":"\t\t<div data-elementor-type=\"wp-page\" data-elementor-id=\"2547\" class=\"elementor elementor-2547\">\n\t\t\t\t\t\t<section class=\"elementor-section elementor-top-section elementor-element elementor-element-a5e1276 elementor-section-boxed elementor-section-height-default elementor-section-height-default\" data-id=\"a5e1276\" data-element_type=\"section\">\n\t\t\t\t\t\t<div class=\"elementor-container elementor-column-gap-default\">\n\t\t\t\t\t<div class=\"elementor-column elementor-col-100 elementor-top-column elementor-element elementor-element-57aa404\" data-id=\"57aa404\" data-element_type=\"column\">\n\t\t\t<div class=\"elementor-widget-wrap elementor-element-populated\">\n\t\t\t\t\t\t<div class=\"elementor-element elementor-element-04058fe elementor-widget elementor-widget-html\" data-id=\"04058fe\" data-element_type=\"widget\" data-widget_type=\"html.default\">\n\t\t\t\t<div class=\"elementor-widget-container\">\n\t\t\t\r\n\r\n\r\n<title><b>RESOLU\u00c7\u00c3O N. 016\/2017<\/b><\/title>\r\n\r\n\r\n<div align=\"center\"><img decoding=\"async\" src=\"https:\/\/www.ufsm.br\/pro-reitorias\/proplan\/wp-content\/uploads\/sites\/344\/2019\/09\/brasao-da-republica-do-brasil-logo.png\" alt=\"Bras\u00e3o Rep\u00fablica Federativa do Brasil\" width=\"6%\" height=\"6%\"><\/div>    \r\n<h1><font color=\"blue\"><font size=\"5\"><div align=\"center\">MINIST\u00c9RIO DA EDUCA\u00c7\u00c3O<\/b><\/font><\/font><\/div><\/H1>\r\n<p><b><font color=\"0000blue\"><div align=\"center\">UNIVERSIDADE FEDERAL DE SANTA MARIA<\/b><\/font><\/div><\/p>\r\n\r\n<p><div align=\"center\"><b><a href=\"https:\/\/portal.ufsm.br\/documentos\/publico\/documento.html?id=8558179\"><font color=\"blue\">RESOLU\u00c7\u00c3O N. 016\/2017<\/font><\/a><\/b><\/div><\/p>\r\n<br>\r\n<p>\r\n    <div style=\"color: #800000;width: 60%;margin-left: auto;margin-right: 0;text-align: justify;font-weight: normal\">Altera os artigos 7\u00ba, 11 e 17, do <a href=\"https:\/\/www.ufsm.br\/pro-reitorias\/proplan\/estatuto-ufsm-2010\/\" target=\"_blank\"><font color=\"blue\"><u>Estatuto da Universidade Federal de Santa Maria<\/u><\/font><\/a> que disp\u00f5em, respectivamente, sobre a constitui\u00e7\u00e3o da UFSM e composi\u00e7\u00e3o dos Conselhos Universit\u00e1rio e de Ensino, Pesquisa e Extens\u00e3o.<\/div><\/p>\r\n<br><div align=\"justify\">\r\n<p>O REITOR DA UNIVERSIDADE FEDERAL DE SANTA MARIA, no uso de suas atribui\u00e7\u00f5es legais e estatut\u00e1rias e considerando:<\/p>\r\n<p>- a necessidade de atualizar a estrutura organizacional da UFSM e composi\u00e7\u00e3o dos Conselhos Universit\u00e1rio e de Ensino, Pesquisa e Extens\u00e3o;<\/p>\r\n<p>- a <a href=\"https:\/\/www.ufsm.br\/pro-reitorias\/proplan\/resolucao-n-044-2011\/\" target=\"_blank\"><font color=\"blue\"><u>Resolu\u00e7\u00e3o N. 044\/2011<\/u><\/font><\/a> que aprova a cria\u00e7\u00e3o da Unidade de Educa\u00e7\u00e3o Infantil lp\u00ea Amarelo;<\/p>\r\n<p>- a <a href=\"https:\/\/www.ufsm.br\/pro-reitorias\/proplan\/resolucao-n-038-2013\/\" target=\"_blank\"><font color=\"blue\"><u>Resolu\u00e7\u00e3o N. 038\/2013<\/u><\/font><\/a> que cria, no \u00e2mbito da Universidade Federal de Santa Maria, o Campus da Universidade Federal de Santa Maria em Cachoeira do Sul;<\/p>\r\n<p>- o <a href=\"https:\/\/www.ufsm.br\/pro-reitorias\/proplan\/regimento-interno-do-campus-da-ufsm-em-cachoeira-do-sul\/\" target=\"_blank\"><font color=\"blue\"><u>Regimento Interno do Campus da Universidade Federal de Santa Maria em Cachoeira do Sul<\/u><\/font><\/a>;<\/p>\r\n<p>- a <a href=\"https:\/\/www.ufsm.br\/pro-reitorias\/proplan\/resolucao-n-022-2015\/\" target=\"_blank\"><font color=\"blue\"><u>Resolu\u00e7\u00e3o N. 022\/2015<\/u><\/font><\/a> que aprova a cria\u00e7\u00e3o do Campus de Palmeira das Miss\u00f5es por meio do desmembramento do Centro de Educa\u00e7\u00e3o Superior Norte- RS\/UFSM - CESNORS;<\/p>\r\n<p>- a <a href=\"https:\/\/www.ufsm.br\/pro-reitorias\/proplan\/resolucao-n-0086-2016\/\" target=\"_blank\"><font color=\"blue\"><u>Resolu\u00e7\u00e3o N. 008\/2016<\/u><\/font><\/a> que institui o Campus da Universidade Federal de Santa Maria - Frederico Westphalen (UFSM - FW) na estrutura organizacional da UFSM;<\/p>\r\n<p>- o Parecer n. 102\/2014 da Comiss\u00e3o de Legisla\u00e7\u00e3o e Regimentos (CLR) aprovado na 763\u00aa sess\u00e3o extraordin\u00e1ria do Conselho Universit\u00e1rio da UFSM, realizada em 03\/07\/2014, que aprovou a desvincula\u00e7\u00e3o do Col\u00e9gio Agr\u00edcola de Frederico Westphalen da estrutura organizacional da UFSM;<\/p>\r\n<p>- a <a href=\"http:\/\/portal.mec.gov.br\/index.php?option=com_docman&amp;view=download&amp;alias=16845-despacho-educ-indigena-07-01-0215-materia&amp;category_slug=janeiro-2015-pdf&amp;Itemid=30192\" target=\"_blank\"><font color=\"blue\"><u>Portaria n. 1.075, de 30\/12\/2014, do Ministro de Educa\u00e7\u00e3o<\/u><\/font><\/a>, que estabelece a transi\u00e7\u00e3o do Col\u00e9gio Agr\u00edcola de Frederico Westphalen, vinculado \u00e0 Universidade Federal de Santa Maria, para o Instituto Federal de Educa\u00e7\u00e3o, Ci\u00eancia e Tecnologia Farroupilha;<\/p>\r\n<p>- o Parecer n. 079\/2017 da Comiss\u00e3o de Legisla\u00e7\u00e3o e Regimentos, aprovado na 799\u00aa Sess\u00e3o do Conselho Universit\u00e1rio, de 29\/09\/2017, referente ao Processo n. <a href=\"https:\/\/portal.ufsm.br\/documentos\/publico\/processo\/documento.html?idDocumento=8495934\" target=\"_blank\"><font color=\"blue\"><u>23081.038956\/2017-83<\/u><\/font><\/a> que trata extin\u00e7\u00e3o da Unidade Descentralizada de Educa\u00e7\u00e3o Superior da UFSM em Silveira Martins \u2013 UDESSM; e<\/p>\r\n<p>- o Parecer n. 086\/2017, da CLR aprovado na 799\u00aa Sess\u00e3o, do Conselho Universit\u00e1rio, de 29 de setembro de 2017, conforme Processo n. <a href=\"https:\/\/portal.ufsm.br\/documentos\/publico\/processo\/documento.html?idDocumento=8530413\" target=\"_blank\"><font color=\"blue\"><u>23081.041868\/2017-69<\/u><\/font><\/a>.<\/p>\r\n<br>\r\n<p><b><div align=\"center\">RESOLVE:<\/b><\/div><\/p>\r\n<br>\r\n<p>Art. 1\u00ba O artigo. 7\u00ba do <a href=\"https:\/\/www.ufsm.br\/pro-reitorias\/proplan\/estatuto-ufsm-2010\/\" target=\"_blank\"><font color=\"blue\"><u>Estatuto da Universidade Federal de Santa Maria<\/u><\/font><\/a> passa a vigorar com a seguinte reda\u00e7\u00e3o:<\/p>\r\n<p>\" Art. 7\u00ba A UFSM ter\u00e1 a seguinte constitui\u00e7\u00e3o:<\/p>\r\n<p>I - Administra\u00e7\u00e3o Superior.<\/p>\r\n<p>II - Unidades de Ensino Superior consistentes nos seguintes Centros de Ensino e Campi Fora de Sede:<\/p>\r\n<p>a) Centro de Ci\u00eancias Naturais e Exatas;<\/p>\r\n<p>b) Centro de Ci\u00eancias Rurais;<\/p>\r\n<p>c) Centro de Ci\u00eancias da Sa\u00fade;<\/p>\r\n<p>d) Centro de Educa\u00e7\u00e3o;<\/p>\r\n<p>e) Centro de Ci\u00eancias Sociais e Humanas;<\/p>\r\n<p>f) Centro de Tecnologia;<\/p>\r\n<p>g) Centro de Artes e Letras;<\/p>\r\n<p>h) Centro de Educa\u00e7\u00e3o F\u00edsica e Desportos;<\/p>\r\n<p>i) Campus da Universidade Federal de Santa Maria em Cachoeira do Sul;<\/p>\r\n<p>j) Campus da Universidade Federal de Santa Maria em Palmeira das Miss\u00f5es;<\/p>\r\n<p>k) Campus da Universidade Federal de Santa Maria - Frederico Westphalen (UFSM - FW);<\/p>\r\n<p>III - Unidades de Educa\u00e7\u00e3o B\u00e1sica, T\u00e9cnica e Tecnol\u00f3gica:<\/p>\r\n<p>a) Col\u00e9gio T\u00e9cnico Industrial de Santa Maria;<\/p>\r\n<p>b) Col\u00e9gio Polit\u00e9cnico da UFSM; e<\/p>\r\n<p>c)Unidade de Educa\u00e7\u00e3o Infantil lp\u00ea Amarelo.\u201d<\/p>\r\n\r\n<p>Art. 2\u00ba O caput do art. 11, e seus \u00a7\u00a7 3\u00ba e 4\u00ba, passam a vigorar com a seguinte reda\u00e7\u00e3o, \u00e9 inclu\u00eddo o \u00a7 11, respectivamente, passam a vigorar com a seguinte reda\u00e7\u00e3o:<\/p>\r\n<p>\"Art. 11. O Conselho Universit\u00e1rio, Colegiado M\u00e1ximo de delibera\u00e7\u00e3o coletiva para assuntos administrativos e de defini\u00e7\u00e3o da pol\u00edtica geral da UFSM, ser\u00e1 composto de:<\/p>\r\n<p>I - Reitor, como Presidente;<\/p>\r\n<p>II - Vice-Reitor;<\/p>\r\n<p>III - Diretores de Unidades de Ensino Superior;<\/p>\r\n<p>IV - Diretores da Unidades de Educa\u00e7\u00e3o B\u00e1sica, T\u00e9cnica e Tecnol\u00f3gica;<\/p>\r\n<p>V - um representante da categoria docente da educa\u00e7\u00e3o b\u00e1sica, t\u00e9cnica e tecnol\u00f3gica;<\/p>\r\n<p>VI - um representante da categoria docente magist\u00e9rio superior por classe;<\/p>\r\n<p>VII - dois representantes da categoria docente por Unidade de Ensino Superior (Centros de Ensino e Campi Fora de Sede);<\/p>\r\n<p>VIII - oito representantes da categoria t\u00e9cnico-administrativa em educa\u00e7\u00e3o;<\/p>\r\n<p>IX - oito representantes da categoria discente;<\/p>\r\n<p>X - dois representantes dos servidores aposentados, sendo um da categoria docente e outro da t\u00e9cnico-administrativa em educa\u00e7\u00e3o; e<\/p>\r\n<p>XI - dois representantes da comunidade local e regional.\"<\/p>\r\n<p>\u201c\u00a7 3\u00ba Os representantes de que trata o inciso VII ser\u00e3o dois docentes de cada unidade de ensino superior, devendo ser chefes de departamento e\/ou coordenadores de curso de gradua\u00e7\u00e3o ou p\u00f3s-gradua\u00e7\u00e3o, indicados pelo conselho de Centro de Ensino e dos Campi Fora de Sede.<\/p>\r\n<p>\u201c\u00a7 4\u00ba N\u00e3o havendo n\u00famero suficiente de chefes de departamento e\/ou coordenadores de curso, em rela\u00e7\u00e3o ao inciso VII, caber\u00e1 ao conselho das unidades de ensino superior indicar outro docente.\u201d<\/p>\r\n<p>\u201c\u00a7 11 O Cargo Isolado de provimento efetivo, de n\u00edvel superior, de Professor Titular-Livre do Magist\u00e9rio Superior estar\u00e1 enquadrado na Classe E com a denomina\u00e7\u00e3o de Professor Titular, para fins de representa\u00e7\u00e3o no Conselho Universit\u00e1rio.\u201d<\/p>\r\n\r\n<p>Art. 3\u00ba O caput do art. 17, e seu \u00a7 1\u00ba, passam a vigorar com a seguinte reda\u00e7\u00e3o, \u00e9 inclu\u00eddo o \u00a7 8\u00ba:<\/p>\r\n<p>\"Art. 17. O Conselho de Ensino, Pesquisa e Extens\u00e3o comp\u00f5e-se dos seguintes membros:<\/p>\r\n<p>I - Reitor, como Presidente;<\/p>\r\n<p>II - Vice-Reitor;<\/p>\r\n<p>III - tr\u00eas representantes da categoria docente de cada Unidade de Ensino Superior;<\/p>\r\n<p>IV - um representante da categoria docente do magist\u00e9rio superior por classe;<\/p>\r\n<p>V - tr\u00eas representantes dos docentes da educa\u00e7\u00e3o b\u00e1sica, t\u00e9cnica e tecnol\u00f3gica;<\/p>\r\n<p>VI - oito representantes da categoria t\u00e9cnico-administrativa em educa\u00e7\u00e3o; e<\/p>\r\n<p>VII - oito representantes do corpo discente.\u201d<\/p>\r\n<p>\u201c\u00a7 1\u00ba Os representantes de cada unidade de ensino superior previstos no inciso III, desse artigo ser\u00e3o dois coordenadores de curso e um chefe de departamento did\u00e1tico exceto o Campus da UFSM em Cachoeira do Sul que ter\u00e1 tr\u00eas coordenadores de curso, todos os representantes ter\u00e3o suplentes, eleitos como eles, em sess\u00e3o espec\u00edfica dos conselhos de cada uma das unidades de ensino superior.\"<\/p>\r\n<p>\u201c\u00a7 8\u00ba O Cargo Isolado de provimento efetivo, de n\u00edvel superior, de Professor Titular-Livre do Magist\u00e9rio Superior estar\u00e1 enquadrado na Classe E com a denomina\u00e7\u00e3o de Professor Titular, para fins de representa\u00e7\u00e3o no Conselho de Ensino, Pesquisa e Extens\u00e3o.\u201d<\/p>\r\n\r\n<p>Art. 4\u00ba Esta resolu\u00e7\u00e3o entra em vigor na data de sua assinatura, revogada a <a href=\"https:\/\/www.ufsm.br\/pro-reitorias\/proplan\/resolucao-n-023-2016\/\" target=\"_blank\"><font color=\"blue\"><u>Resolu\u00e7\u00e3o N. 023\/2016<\/u><\/font><\/a> e disposi\u00e7\u00f5es em contr\u00e1rio.<\/p>\r\n\r\n<p>GABINETE DO REITOR DA UNIVERSIDADE FEDERAL DE SANTA MARIA, aos cinco dias do m\u00eas de outubro do ano dois mil e dezessete.<\/p>\r\n<\/div>\r\n<p>Paulo Afonso Burmann,<\/p>\r\n<p>Reitor.<\/p>\r\n\r\n\r\n<p><font color=\"red0000\">Este texto n\u00e3o substitui o documento original, publicado no Portal de Documentos.<\/font> Dispon\u00edvel em: <a href=\"https:\/\/portal.ufsm.br\/documentos\/publico\/documento.html?id=8558179\"><font color=\"blue\">https:\/\/portal.ufsm.br\/documentos\/publico\/documento.html?id=8558179<\/font><\/a>\r\n\r\n\t\t<\/div>\n\t\t\t\t<\/div>\n\t\t\t\t\t<\/div>\n\t\t<\/div>\n\t\t\t\t\t<\/div>\n\t\t<\/section>\n\t\t\t\t<\/div>\n\t\t","protected":false},"excerpt":{"rendered":"<p>RESOLU\u00c7\u00c3O N. 016\/2017 MINIST\u00c9RIO DA EDUCA\u00c7\u00c3O UNIVERSIDADE FEDERAL DE SANTA MARIA RESOLU\u00c7\u00c3O N. 016\/2017 Altera os artigos 7\u00ba, 11 e 17, do Estatuto da Universidade Federal de Santa Maria que disp\u00f5em, respectivamente, sobre a constitui\u00e7\u00e3o da UFSM e composi\u00e7\u00e3o dos Conselhos Universit\u00e1rio e de Ensino, Pesquisa e Extens\u00e3o. O REITOR DA UNIVERSIDADE FEDERAL DE SANTA [&hellip;]<\/p>\n","protected":false},"author":205,"featured_media":0,"parent":0,"menu_order":0,"comment_status":"closed","ping_status":"closed","template":"","meta":{"footnotes":""},"categories":[],"tags":[],"class_list":["post-2547","page","type-page","status-publish","hentry"],"acf":[],"_links":{"self":[{"href":"https:\/\/www.ufsm.br\/pro-reitorias\/proplan\/wp-json\/wp\/v2\/pages\/2547","targetHints":{"allow":["GET"]}}],"collection":[{"href":"https:\/\/www.ufsm.br\/pro-reitorias\/proplan\/wp-json\/wp\/v2\/pages"}],"about":[{"href":"https:\/\/www.ufsm.br\/pro-reitorias\/proplan\/wp-json\/wp\/v2\/types\/page"}],"author":[{"embeddable":true,"href":"https:\/\/www.ufsm.br\/pro-reitorias\/proplan\/wp-json\/wp\/v2\/users\/205"}],"replies":[{"embeddable":true,"href":"https:\/\/www.ufsm.br\/pro-reitorias\/proplan\/wp-json\/wp\/v2\/comments?post=2547"}],"version-history":[{"count":0,"href":"https:\/\/www.ufsm.br\/pro-reitorias\/proplan\/wp-json\/wp\/v2\/pages\/2547\/revisions"}],"wp:attachment":[{"href":"https:\/\/www.ufsm.br\/pro-reitorias\/proplan\/wp-json\/wp\/v2\/media?parent=2547"}],"wp:term":[{"taxonomy":"category","embeddable":true,"href":"https:\/\/www.ufsm.br\/pro-reitorias\/proplan\/wp-json\/wp\/v2\/categories?post=2547"},{"taxonomy":"post_tag","embeddable":true,"href":"https:\/\/www.ufsm.br\/pro-reitorias\/proplan\/wp-json\/wp\/v2\/tags?post=2547"}],"curies":[{"name":"wp","href":"https:\/\/api.w.org\/{rel}","templated":true}]}}