{"id":2551,"date":"2019-10-14T16:37:07","date_gmt":"2019-10-14T19:37:07","guid":{"rendered":"https:\/\/www.ufsm.br\/pro-reitorias\/proplan\/?page_id=2551"},"modified":"2020-07-01T09:58:36","modified_gmt":"2020-07-01T12:58:36","slug":"resolucao-n-019-2017","status":"publish","type":"page","link":"https:\/\/www.ufsm.br\/pro-reitorias\/proplan\/resolucao-n-019-2017","title":{"rendered":"Resolu\u00e7\u00e3o N. 019\/2017"},"content":{"rendered":"\t\t<div data-elementor-type=\"wp-page\" data-elementor-id=\"2551\" class=\"elementor elementor-2551\">\n\t\t\t\t\t\t<section class=\"elementor-section elementor-top-section elementor-element elementor-element-ed75307 elementor-section-boxed elementor-section-height-default elementor-section-height-default\" data-id=\"ed75307\" data-element_type=\"section\">\n\t\t\t\t\t\t<div class=\"elementor-container elementor-column-gap-default\">\n\t\t\t\t\t<div class=\"elementor-column elementor-col-100 elementor-top-column elementor-element elementor-element-77f96c1\" data-id=\"77f96c1\" data-element_type=\"column\">\n\t\t\t<div class=\"elementor-widget-wrap elementor-element-populated\">\n\t\t\t\t\t\t<div class=\"elementor-element elementor-element-d924ac8 elementor-widget elementor-widget-html\" data-id=\"d924ac8\" data-element_type=\"widget\" data-widget_type=\"html.default\">\n\t\t\t\t<div class=\"elementor-widget-container\">\n\t\t\t\r\n\r\n\r\n<title><b>RESOLU\u00c7\u00c3O N. 019\/2017<\/b><\/title>\r\n\r\n\r\n<div align=\"center\"><img decoding=\"async\" src=\"https:\/\/www.ufsm.br\/pro-reitorias\/proplan\/wp-content\/uploads\/sites\/344\/2019\/09\/brasao-da-republica-do-brasil-logo.png\" alt=\"Bras\u00e3o Rep\u00fablica Federativa do Brasil\" width=\"6%\" height=\"6%\"><\/div>    \r\n<h1><font color=\"blue\"><font size=\"5\"><div align=\"center\">MINIST\u00c9RIO DA EDUCA\u00c7\u00c3O<\/b><\/font><\/font><\/div><\/H1>\r\n<p><b><font color=\"0000blue\"><div align=\"center\">UNIVERSIDADE FEDERAL DE SANTA MARIA<\/b><\/font><\/div><\/p>\r\n\r\n<p><div align=\"center\"><b><a href=\"https:\/\/portal.ufsm.br\/documentos\/publico\/documento.html?id=8654556\"><font color=\"blue\">RESOLU\u00c7\u00c3O N. 019\/2017<\/font><\/a><\/b><\/div><\/p>\r\n<br>\r\n<p><div align=\"right\"><font color=\"800000\">Aprova a cria\u00e7\u00e3o da Coordenadoria de Cultura e Eventos da UFSM, institui o <a href=\"https:\/\/www.ufsm.br\/pro-reitorias\/proplan\/regulamento-interno-do-centro-de-convencoes-da-ufsm\/\" target=\"_blank\"><font color=\"blue\"><u>Regulamento Interno do Centro de Conven\u00e7\u00f5es<\/u><\/font><\/a> e atualiza o <a href=\"https:\/\/www.ufsm.br\/pro-reitorias\/proplan\/regulamento-interno-do-centro-de-eventos-da-ufsm\/\" target=\"_blank\"><font color=\"blue\"><u>Regulamento Interno do Centro de Eventos<\/u><\/font><\/a>.<\/font><\/div><\/p>\r\n<br>\r\n<p><u><a href=\"https:\/\/www.ufsm.br\/pro-reitorias\/proplan\/resolucao-n-016-2020\/\" target=\"_blank\"><font color=\"blue\">Revogado pela Resolu\u00e7\u00e3o N. 016\/2020<\/font><\/a><\/u><\/p>\r\n<br>\r\n<strike>\r\n<br><div align=\"justify\">\r\n<p>O REITOR DA UNIVERSIDADE FEDERAL DE SANTA MARIA, no uso de suas atribui\u00e7\u00f5es legais e estatut\u00e1rias e considerando:<\/p>\r\n<p>- a necessidade de cria\u00e7\u00e3o da Coordenadoria de Cultura e Eventos da Universidade Federal de Santa Maria; e<\/p>\r\n<p>- o Parecer n. 083\/2017 da Comiss\u00e3o de Legisla\u00e7\u00e3o e Regimentos (CLR), aprovado na 800\u00aa Sess\u00e3o do Conselho Universit\u00e1rio, de 05 de outubro de 2017, referente ao Processo n. <a href=\"https:\/\/portal.ufsm.br\/documentos\/publico\/processo\/documento.html?idDocumento=8287165\" target=\"_blank\"><font color=\"blue\"><u>23081.019014\/2017-04<\/u><\/font><\/a>.<\/p>\r\n<br>\r\n<p><b><div align=\"center\">RESOLVE:<\/b><\/div><\/p>\r\n<br>\r\n<p>Art. 1\u00ba Aprovar a cria\u00e7\u00e3o da Coordenadoria de Cultura e Eventos da Universidade Federal de Santa Maria, como \u00d3rg\u00e3o de Apoio, vinculado ao Gabinete do Reitor.<\/p> \r\n<p>Art. 2\u00ba A Coordenadoria de Cultura e Eventos \u00e9 constitu\u00edda pelas seguintes subunidades: Secretaria Executiva, Assessoria de Comunica\u00e7\u00e3o Social, Setor T\u00e9cnico Operacional e Secretaria de Apoio Administrativo.<\/p>\r\n<p>Art. 3\u00ba A Coordenadoria de Cultura e Eventos da UFSM \u00e9 respons\u00e1vel pela gest\u00e3o do Centro de Eventos e do Centro de Conven\u00e7\u00f5es.<\/p>\r\n<p>Art. 4\u00ba Instituir o <a href=\"https:\/\/www.ufsm.br\/pro-reitorias\/proplan\/regulamento-interno-do-centro-de-convencoes-da-ufsm\/\" target=\"_blank\"><font color=\"blue\"><u>Regulamento Interno do Centro de Conven\u00e7\u00f5es<\/u><\/font><\/a> e atualizar o <a href=\"https:\/\/www.ufsm.br\/pro-reitorias\/proplan\/regulamento-interno-do-centro-de-eventos-da-ufsm\/\" target=\"_blank\"><font color=\"blue\"><u>Regulamento Interno do Centro de Eventos<\/u><\/font><\/a>.<\/p>\r\n<p>Art. 5\u00ba O <a href=\"https:\/\/www.ufsm.br\/pro-reitorias\/proplan\/regulamento-interno-do-centro-de-convencoes-da-ufsm\/\" target=\"_blank\"><font color=\"blue\"><u>Regulamento do Centro de Conven\u00e7\u00f5es<\/u><\/font><\/a>, bem como a atualiza\u00e7\u00e3o do <a href=\"https:\/\/www.ufsm.br\/pro-reitorias\/proplan\/regulamento-interno-do-centro-de-eventos-da-ufsm\/\" target=\"_blank\"><font color=\"blue\"><u>Regulamento do Centro de Eventos<\/u><\/font><\/a> se constitui como Anexo desta Resolu\u00e7\u00e3o.<\/p>\r\n<p>Art. 6\u00ba Esta Resolu\u00e7\u00e3o entrar\u00e1 em vigor na data de sua publica\u00e7\u00e3o, revogada a <a href=\"https:\/\/www.ufsm.br\/pro-reitorias\/proplan\/resolucao-n-017-2016\/\" target=\"_blank\"><font color=\"blue\"><u>Resolu\u00e7\u00e3o N. 017\/2016<\/u><\/font><\/a> e disposi\u00e7\u00f5es em contr\u00e1rio.<\/p>\r\n\r\n<p>GABINETE DO REITOR DA UNIVERSIDADE FEDERAL DE SANTA MARIA, aos trinta e um dias do m\u00eas de outubro do ano dois mil e dezessete.<\/p>\r\n<\/div>\r\n<p>Paulo Afonso Burmann,<\/p>\r\n<p>Reitor.<\/p>\r\n<\/strike>\r\n\r\n<p><font color=\"red0000\">Este texto n\u00e3o substitui o documento original, publicado no Portal de Documentos.<\/font> Dispon\u00edvel em: <a href=\"https:\/\/portal.ufsm.br\/documentos\/publico\/documento.html?id=8654556\"><font color=\"blue\">https:\/\/portal.ufsm.br\/documentos\/publico\/documento.html?id=8654556<\/font><\/a>\r\n\r\n\t\t<\/div>\n\t\t\t\t<\/div>\n\t\t\t\t\t<\/div>\n\t\t<\/div>\n\t\t\t\t\t<\/div>\n\t\t<\/section>\n\t\t\t\t<\/div>\n\t\t","protected":false},"excerpt":{"rendered":"<p>RESOLU\u00c7\u00c3O N. 019\/2017 MINIST\u00c9RIO DA EDUCA\u00c7\u00c3O UNIVERSIDADE FEDERAL DE SANTA MARIA RESOLU\u00c7\u00c3O N. 019\/2017 Aprova a cria\u00e7\u00e3o da Coordenadoria de Cultura e Eventos da UFSM, institui o Regulamento Interno do Centro de Conven\u00e7\u00f5es e atualiza o Regulamento Interno do Centro de Eventos. Revogado pela Resolu\u00e7\u00e3o N. 016\/2020 O REITOR DA UNIVERSIDADE FEDERAL DE SANTA MARIA, [&hellip;]<\/p>\n","protected":false},"author":205,"featured_media":0,"parent":0,"menu_order":0,"comment_status":"closed","ping_status":"closed","template":"","meta":{"footnotes":""},"categories":[],"tags":[],"class_list":["post-2551","page","type-page","status-publish","hentry"],"acf":[],"_links":{"self":[{"href":"https:\/\/www.ufsm.br\/pro-reitorias\/proplan\/wp-json\/wp\/v2\/pages\/2551","targetHints":{"allow":["GET"]}}],"collection":[{"href":"https:\/\/www.ufsm.br\/pro-reitorias\/proplan\/wp-json\/wp\/v2\/pages"}],"about":[{"href":"https:\/\/www.ufsm.br\/pro-reitorias\/proplan\/wp-json\/wp\/v2\/types\/page"}],"author":[{"embeddable":true,"href":"https:\/\/www.ufsm.br\/pro-reitorias\/proplan\/wp-json\/wp\/v2\/users\/205"}],"replies":[{"embeddable":true,"href":"https:\/\/www.ufsm.br\/pro-reitorias\/proplan\/wp-json\/wp\/v2\/comments?post=2551"}],"version-history":[{"count":0,"href":"https:\/\/www.ufsm.br\/pro-reitorias\/proplan\/wp-json\/wp\/v2\/pages\/2551\/revisions"}],"wp:attachment":[{"href":"https:\/\/www.ufsm.br\/pro-reitorias\/proplan\/wp-json\/wp\/v2\/media?parent=2551"}],"wp:term":[{"taxonomy":"category","embeddable":true,"href":"https:\/\/www.ufsm.br\/pro-reitorias\/proplan\/wp-json\/wp\/v2\/categories?post=2551"},{"taxonomy":"post_tag","embeddable":true,"href":"https:\/\/www.ufsm.br\/pro-reitorias\/proplan\/wp-json\/wp\/v2\/tags?post=2551"}],"curies":[{"name":"wp","href":"https:\/\/api.w.org\/{rel}","templated":true}]}}