{"id":2557,"date":"2019-10-15T07:40:12","date_gmt":"2019-10-15T10:40:12","guid":{"rendered":"https:\/\/www.ufsm.br\/pro-reitorias\/proplan\/?page_id=2557"},"modified":"2020-04-28T09:31:22","modified_gmt":"2020-04-28T12:31:22","slug":"resolucao-n-022-2017","status":"publish","type":"page","link":"https:\/\/www.ufsm.br\/pro-reitorias\/proplan\/resolucao-n-022-2017","title":{"rendered":"Resolu\u00e7\u00e3o N. 022\/2017"},"content":{"rendered":"\t\t<div data-elementor-type=\"wp-page\" data-elementor-id=\"2557\" class=\"elementor elementor-2557\">\n\t\t\t\t\t\t<section class=\"elementor-section elementor-top-section elementor-element elementor-element-253d9ae elementor-section-boxed elementor-section-height-default elementor-section-height-default\" data-id=\"253d9ae\" data-element_type=\"section\">\n\t\t\t\t\t\t<div class=\"elementor-container elementor-column-gap-default\">\n\t\t\t\t\t<div class=\"elementor-column elementor-col-100 elementor-top-column elementor-element elementor-element-6438c0d\" data-id=\"6438c0d\" data-element_type=\"column\">\n\t\t\t<div class=\"elementor-widget-wrap elementor-element-populated\">\n\t\t\t\t\t\t<div class=\"elementor-element elementor-element-f9a9477 elementor-widget elementor-widget-html\" data-id=\"f9a9477\" data-element_type=\"widget\" data-widget_type=\"html.default\">\n\t\t\t\t<div class=\"elementor-widget-container\">\n\t\t\t\r\n\r\n\r\n<title><b>RESOLU\u00c7\u00c3O N. 022\/2017<\/b><\/title>\r\n\r\n\r\n<div align=\"center\"><img decoding=\"async\" src=\"https:\/\/www.ufsm.br\/pro-reitorias\/proplan\/wp-content\/uploads\/sites\/344\/2019\/09\/brasao-da-republica-do-brasil-logo.png\" alt=\"Bras\u00e3o Rep\u00fablica Federativa do Brasil\" width=\"6%\" height=\"6%\"><\/div>    \r\n<h1><font color=\"blue\"><font size=\"5\"><div align=\"center\">MINIST\u00c9RIO DA EDUCA\u00c7\u00c3O<\/b><\/font><\/font><\/div><\/H1>\r\n<p><b><font color=\"0000blue\"><div align=\"center\">UNIVERSIDADE FEDERAL DE SANTA MARIA<\/b><\/font><\/div><\/p>\r\n\r\n<p><div align=\"center\"><b><a href=\"https:\/\/portal.ufsm.br\/documentos\/publico\/documento.html?id=8696301\"><font color=\"blue\">RESOLU\u00c7\u00c3O N. 022\/2017<\/font><\/a><\/b><\/div><\/p>\r\n<br>\r\n<p><div align=\"right\"><font color=\"800000\">Normatiza a Expedi\u00e7\u00e3o de Diplomas e Certificados da Universidade Federal de Santa Maria.<\/font><\/div><\/p>\r\n<br><div align=\"justify\">\r\n<p>O REITOR DA UNIVERSIDADE FEDERAL DE SANTA MARIA, no uso de suas atribui\u00e7\u00f5es legais e estatut\u00e1rias e considerando:<\/p>\r\n<p>- a necessidade estabelecer as normas para a expedi\u00e7\u00e3o de Diplomas e Certificados pela Universidade Federal de Santa Maria;<\/p>\r\n<p>- o que disp\u00f5e a <a href=\"http:\/\/www.planalto.gov.br\/ccivil_03\/leis\/l9394.htm\" target=\"_blank\"><font color=\"blue\"><u>Lei n. 9.394\/96, de 20 de dezembro de 1996<\/u><\/font><\/a>, no seu artigo 48, que institui as normas para o registro e expedi\u00e7\u00e3o de diplomas de cursos superiores por institui\u00e7\u00f5es de educa\u00e7\u00e3o superior;<\/p>\r\n<p>- os termos da <a href=\"http:\/\/www.planalto.gov.br\/ccivil_03\/_ato2011-2014\/2012\/lei\/l12605.htm\" target=\"_blank\"><font color=\"blue\"><u>Lei n. 12.605, de 03 de abril de 2012<\/u><\/font><\/a>, que determina  o  emprego obrigat\u00f3rio da flex\u00e3o de g\u00eanero para nomear profiss\u00e3o ou grau em diplomas;<\/p>\r\n<p>- a <a href=\"https:\/\/www.ufsm.br\/pro-reitorias\/proplan\/resolucao-n-010-2015\/\" target=\"_blank\"><font color=\"blue\"><u>Resolu\u00e7\u00e3o n. 010\/2015, de 03 de junho de 2015<\/u><\/font><\/a>, que disp\u00f5e sobre o uso do nome social de travestis e transexuais no \u00e2mbito da Universidade Federal de Santa Maria;<\/p>\r\n<p>- a <a href=\"http:\/\/www.planalto.gov.br\/ccivil_03\/leis\/l7088.htm\" target=\"_blank\"><font color=\"blue\"><u>Lei n. 7088, de 23 de mar\u00e7o de 1983<\/u><\/font><\/a>, que estabelece as normas para a expedi\u00e7\u00e3o de documentos escolares;<\/p>\r\n<p>- aos termos do <a href=\"http:\/\/www.planalto.gov.br\/ccivil_03\/_ato2015-2018\/2015\/decreto\/d8539.htm\" target=\"_blank\"><font color=\"blue\"><u>Decreto n. 8539\/2015, de 08 de outubro de 2015<\/u><\/font><\/a>, que disp\u00f5e sobre o uso do meio eletr\u00f4nico para a realiza\u00e7\u00e3o do processo administrativo no \u00e2mbito dos \u00f3rg\u00e3os e das entidades da administra\u00e7\u00e3o p\u00fablica federal direta, aut\u00e1rquica e fundacional;<\/p>\r\n<p>- aos termos do artigo 48 da <a href=\"http:\/\/www.planalto.gov.br\/ccivil_03\/leis\/l9394.htm\" target=\"_blank\"><font color=\"blue\"><u>Lei 9.394, de 20\/12\/1996<\/u><\/font><\/a>;<\/p>\r\n<p>- aos termos da <a href=\"\/Users\/Usu%C3%A1rio\/Downloads\/Portaria%2033.pdf\" target=\"_blank\"><font color=\"blue\"><u>Portaria n. 33\/78 MEC, de 02\/08\/1978<\/u><\/font><\/a>;<\/p>\r\n<p>- aos termos do <a href=\"http:\/\/portal.mec.gov.br\/cne\/arquivos\/pdf\/2004\/pces379_04.pdf\" target=\"_blank\"><font color=\"blue\"><u>Parecer n. 379\/CNE\/CES, de 08\/12\/2004<\/u><\/font><\/a>, e <a href=\"http:\/\/www.planalto.gov.br\/ccivil_03\/_ato2011-2014\/2012\/lei\/l12605.htm\" target=\"_blank\"><font color=\"blue\"><u>Lei n. 12.605, de 03\/04\/2012<\/u><\/font><\/a>;<\/p>\r\n<p>- a obriga\u00e7\u00e3o de garantir maior seguran\u00e7a no registro e na expedi\u00e7\u00e3o de Diplomas, Certificados e Hist\u00f3ricos dos Cursos de Gradua\u00e7\u00e3o e P\u00f3s-Gradua\u00e7\u00e3o, ofertados por esta IES; e<\/p>\r\n<p>- o Parecer n. 173\/2017, da Comiss\u00e3o de Legisla\u00e7\u00e3o e Normas (CLN), aprovado na 911\u00aa Sess\u00e3o do Conselho de Ensino, Pesquisa e Extens\u00e3o, de 10 de novembro de 2017, referente ao Processo n. <a href=\"https:\/\/portal.ufsm.br\/documentos\/publico\/processo\/documento.html?idDocumento=8344967\" target=\"_blank\"><font color=\"blue\"><u>23081.024236\/2017-31<\/u><\/font><\/a>.<\/p>\r\n<br>\r\n<p><b><div align=\"center\">RESOLVE:<\/b><\/div><\/p>\r\n<br>\r\n<p>Art. 1\u00ba Para efeito de registro e expedi\u00e7\u00e3o dos Diplomas e Certificados desta Universidade ser\u00e1 observado o que disp\u00f5e o artigo 48 da <a href=\"http:\/\/www.planalto.gov.br\/ccivil_03\/leis\/l9394.htm\" target=\"_blank\"><font color=\"blue\"><u>Lei n. 9.394, de 20\/12\/1996<\/u><\/font><\/a>, a <a href=\"\/Users\/Usu%C3%A1rio\/Downloads\/Portaria%2033.pdf\" target=\"_blank\"><font color=\"blue\"><u>Portaria n. 33\/78 MEC, de 02\/08\/1978<\/u><\/font><\/a>, o <a href=\"http:\/\/portal.mec.gov.br\/cne\/arquivos\/pdf\/2004\/pces379_04.pdf\" target=\"_blank\"><font color=\"blue\"><u>Parecer n. 379\/CNE\/CES, de 08\/12\/2004<\/u><\/font><\/a> e a <a href=\"http:\/\/www.planalto.gov.br\/ccivil_03\/_ato2011-2014\/2012\/lei\/l12605.htm\" target=\"_blank\"><font color=\"blue\"><u>Lei n.12.605, de 03\/04\/2012<\/u><\/font><\/a>.<\/p>\r\n<p>Art. 2\u00ba Conforme os termos do <a href=\"http:\/\/www.planalto.gov.br\/ccivil_03\/_ato2015-2018\/2015\/decreto\/d8539.htm\" target=\"_blank\"><font color=\"blue\"><u>Decreto n. 8.539\/2015<\/u><\/font><\/a> e o <a href=\"http:\/\/portal.mec.gov.br\/cne\/arquivos\/pdf\/2007\/pces165_07.pdf\" target=\"_blank\"><font color=\"blue\"><u>Parecer n. 165\/2007<\/u><\/font><\/a> e <a href=\"http:\/\/portal.mec.gov.br\/index.php?option=com_docman&amp;view=download&amp;alias=44661-rces003-16-pdf&amp;category_slug=junho-2016-pdf&amp;Itemid=30192\" target=\"_blank\"><font color=\"blue\"><u>Parecer CNE\/CES n. 03\/2016<\/u><\/font><\/a>, os Diplomas e Certificados ser\u00e3o expedidos, e registrados em livro pr\u00f3prio pela Coordenadoria de Registros Gerais, do Departamento de Registro e Controle Acad\u00eamico da Universidade Federal de Santa Maria.<\/p>\r\n<p>Art. 3\u00ba A Universidade conferir\u00e1:<\/p>\r\n<p>I - Diplomas, correspondentes aos cursos de gradua\u00e7\u00e3o, mestrado e doutorado; e<\/p>\r\n<p>II - Certificados, relativos a cursos de especializa\u00e7\u00e3o, resid\u00eancia multiprofissional e resid\u00eancia m\u00e9dica.<\/p>\r\n\r\n<p>Art. 4\u00ba Os diplomas relativos a cursos de gradua\u00e7\u00e3o e p\u00f3s-gradua\u00e7\u00e3o conferir\u00e3o os t\u00edtulos e graus definidos em cada projeto pedag\u00f3gico de curso e em conson\u00e2ncia com a legisla\u00e7\u00e3o vigente.<\/p>\r\n<p>Art. 5\u00ba Fica garantida a gratuidade da expedi\u00e7\u00e3o da primeira via de diplomas e certificados.<\/p>\r\n\r\n<p>Art. 6\u00ba O estudante beneficiado com Moradia Estudantil receber\u00e1 uma notifica\u00e7\u00e3o, por meio de e-mail registrado no portal do aluno, trinta dias antes do t\u00e9rmino do semestre da formatura, informando que: <\/p>\r\n<p>a) ele deve prestar contas ao Setor de Patrim\u00f4nio, da Pr\u00f3-Reitoria de Assuntos Estudantis, ou aos setores respons\u00e1veis nos campi fora de sede, em at\u00e9 vinte e quatro antes da formatura, para receber o diploma na solenidade, se for o caso; ou<\/p>\r\n<p>b) receber um atestado na solenidade e em at\u00e9 trinta dias ap\u00f3s a formatura, prestar contas ao Setor de Patrim\u00f4nio, da Pr\u00f3-Reitoria de Assuntos Estudantis, como condi\u00e7\u00e3o para expedi\u00e7\u00e3o do diploma, conforme determina <a href=\"https:\/\/www.ufsm.br\/pro-reitorias\/proplan\/resolucao-n-025-2014\/\" target=\"_blank\"><font color=\"blue\"><u>Resolu\u00e7\u00e3o N. 025\/2014, de 30\/10\/2014<\/u><\/font><\/a>.<\/p>\r\n\r\n<p>Art. 7\u00ba A emiss\u00e3o da segunda via do Diploma dever\u00e1 ser requerida mediante processo administrativo anexando solicita\u00e7\u00e3o, documenta\u00e7\u00e3o de identifica\u00e7\u00e3o e comprovante de pagamento da Guia de Recolhimento da Uni\u00e3o (GRU) referente \u00e0 taxa fixada na tabela de emolumentos da UFSM.<\/p>\r\n<p>Art. 8\u00ba Os Diplomas e Certificados dever\u00e3o ser emitidos, obrigatoriamente, flexionando o g\u00eanero para nomear profiss\u00e3o ou grau, conforme determina a <a href=\"http:\/\/www.planalto.gov.br\/ccivil_03\/_ato2011-2014\/2012\/lei\/l12605.htm\" target=\"_blank\"><font color=\"blue\"><u>Lei n. 12.605, de 03\/04\/2012<\/u><\/font><\/a>.<\/p>\r\n<p>Art. 9\u00ba Os diplomas e certificados observar\u00e3o, mediante requerimento da parte interessada para utiliza\u00e7\u00e3o de nome social, o regramento espec\u00edfico do Art. 9\u00ba da <a href=\"https:\/\/www.ufsm.br\/pro-reitorias\/proplan\/resolucao-n-010-2015\/\" target=\"_blank\"><font color=\"blue\"><u>Resolu\u00e7\u00e3o N. 010\/2015\/UFSM<\/u><\/font><\/a>.<\/p>\r\n\r\n<p>Art. 10 O processo para a expedi\u00e7\u00e3o da primeira via de Diploma e de Certificado dever\u00e1 estar devidamente instru\u00eddo na Coordenadoria de Registros Gerais.<\/p>\r\n<p>\u00a7 1\u00ba O processo para expedi\u00e7\u00e3o da primeira via de Diplomas e de Certificado dever\u00e1 conter as c\u00f3pias dos documentos, a saber:<\/p>\r\n<p>a) Na Gradua\u00e7\u00e3o: RG ou RNE \u2013 Registro Nacional de Estrangeiro, Hist\u00f3rico Completo do Ensino M\u00e9dio ou Certificado de Conclus\u00e3o do Ensino M\u00e9dio ou o Diploma de Gradua\u00e7\u00e3o, para os j\u00e1 graduados em outro curso superior.<\/p>\r\n<p>b) Na Especializa\u00e7\u00e3o: RG ou RNE \u2013 Registro Nacional de Estrangeiro, Diploma da Gradua\u00e7\u00e3o e Plano de Estudos.<\/p>\r\n<p>c) Na Resid\u00eancia Multiprofissional: RG ou RNE \u2013 Registro Nacional de Estrangeiro, Diploma da Gradua\u00e7\u00e3o e plano de estudos.<\/p>\r\n<p>d) Na Resid\u00eancia M\u00e9dica: RG ou RNE \u2013 Registro Nacional de Estrangeiro, Diploma da Gradua\u00e7\u00e3o e memorando de solicita\u00e7\u00e3o do n\u00famero do CNRM (Comiss\u00e3o Nacional de Resid\u00eancia M\u00e9dica) pelo curso.<\/p>\r\n<p>e) No Mestrado: RG ou RNE \u2013 Registro Nacional de Estrangeiro, Diploma da Gradua\u00e7\u00e3o e plano de estudos; e<\/p>\r\n<p>f) No Doutorado: RG ou RNE \u2013 Registro Nacional de Estrangeiro, Diploma de mestrado ou conforme edital e plano de estudos.<\/p>\r\n<p>\u00a7 2\u00ba A CNH (Carteira Nacional de Habilita\u00e7\u00e3o), poder\u00e1 ser utilizada para comprovar o n\u00famero do RG.<\/p>\r\n<p>\u00a7 3\u00ba O Passaporte (para estrangeiros) e a Carteira de Identidade Militar poder\u00e3o ser usados, desde que n\u00e3o expirada a data de validade.<\/p>\r\n<p>\u00a7 4\u00ba Nos Diplomas, Certificados e Hist\u00f3ricos Escolares de Graduados ou P\u00f3s-Graduados, os nomes completos dos diplomados ou concluintes, bem como nacionalidade, local e data de nascimento, n\u00famero e apenas estado emissor (sem necessidade do \u00f3rg\u00e3o emissor), ser\u00e3o os constantes nos documentos de identifica\u00e7\u00e3o citados no artigo 10. <\/p>\r\n\r\n<p>Art. 11 Os Diplomas e Certificados dever\u00e3o ser assinados pelas autoridades da Universidade Federal de Santa Maria, bem como pelo titulado, conter as assinaturas ou vistos:<\/p>\r\n<p>a) No anverso: assinaturas do (a) Reitor (a) ou substituto (a), do (a) Diretor (a) do Departamento de Registro e Controle Acad\u00eamico ou substituto (a), e do Titulado (a); e.<\/p>\r\n<p>b) Verso: assinatura ou visto do (a) Coordenador (a) de Registros Gerais ou substituto (a).<\/p>\r\n\r\n<p>Art. 12 Depois de registrados, expedidos e assinados, os Diplomas e\/ou Certificados ser\u00e3o disponibilizados pela Coordenadoria de Registros Gerais ao N\u00facleo de Relacionamento do DERCA.<\/p>\r\n<p>Art. 13 Os casos omissos ser\u00e3o analisados pelo Conselho de Ensino, Pesquisa e Extens\u00e3o.<\/p>\r\n<p>Art. 14 A presente Resolu\u00e7\u00e3o entrar\u00e1 em vigor na data de sua aprova\u00e7\u00e3o pelo Conselho Universit\u00e1rio da UFSM, revogadas as disposi\u00e7\u00f5es em contr\u00e1rio.<\/p>\r\n\r\n<p>GABINETE DO REITOR DA UNIVERSIDADE FEDERAL DE SANTA MARIA, aos dezenove dias do m\u00eas de dezembro do ano dois mil e dezessete.<\/p>\r\n<\/div>\r\n<p>Paulo Afonso Burmann,<\/p>\r\n<p>Reitor.<\/p>\r\n\r\n\r\n<p><font color=\"red0000\">Este texto n\u00e3o substitui o documento original, publicado no Portal de Documentos.<\/font> Dispon\u00edvel em: <a href=\"https:\/\/portal.ufsm.br\/documentos\/publico\/documento.html?id=8696301\"><font color=\"blue\">https:\/\/portal.ufsm.br\/documentos\/publico\/documento.html?id=8696301<\/font><\/a>\r\n\r\n\t\t<\/div>\n\t\t\t\t<\/div>\n\t\t\t\t\t<\/div>\n\t\t<\/div>\n\t\t\t\t\t<\/div>\n\t\t<\/section>\n\t\t\t\t<\/div>\n\t\t","protected":false},"excerpt":{"rendered":"<p>RESOLU\u00c7\u00c3O N. 022\/2017 MINIST\u00c9RIO DA EDUCA\u00c7\u00c3O UNIVERSIDADE FEDERAL DE SANTA MARIA RESOLU\u00c7\u00c3O N. 022\/2017 Normatiza a Expedi\u00e7\u00e3o de Diplomas e Certificados da Universidade Federal de Santa Maria. O REITOR DA UNIVERSIDADE FEDERAL DE SANTA MARIA, no uso de suas atribui\u00e7\u00f5es legais e estatut\u00e1rias e considerando: &#8211; a necessidade estabelecer as normas para a expedi\u00e7\u00e3o de [&hellip;]<\/p>\n","protected":false},"author":205,"featured_media":0,"parent":0,"menu_order":0,"comment_status":"closed","ping_status":"closed","template":"","meta":{"footnotes":""},"categories":[],"tags":[],"class_list":["post-2557","page","type-page","status-publish","hentry"],"acf":[],"_links":{"self":[{"href":"https:\/\/www.ufsm.br\/pro-reitorias\/proplan\/wp-json\/wp\/v2\/pages\/2557","targetHints":{"allow":["GET"]}}],"collection":[{"href":"https:\/\/www.ufsm.br\/pro-reitorias\/proplan\/wp-json\/wp\/v2\/pages"}],"about":[{"href":"https:\/\/www.ufsm.br\/pro-reitorias\/proplan\/wp-json\/wp\/v2\/types\/page"}],"author":[{"embeddable":true,"href":"https:\/\/www.ufsm.br\/pro-reitorias\/proplan\/wp-json\/wp\/v2\/users\/205"}],"replies":[{"embeddable":true,"href":"https:\/\/www.ufsm.br\/pro-reitorias\/proplan\/wp-json\/wp\/v2\/comments?post=2557"}],"version-history":[{"count":0,"href":"https:\/\/www.ufsm.br\/pro-reitorias\/proplan\/wp-json\/wp\/v2\/pages\/2557\/revisions"}],"wp:attachment":[{"href":"https:\/\/www.ufsm.br\/pro-reitorias\/proplan\/wp-json\/wp\/v2\/media?parent=2557"}],"wp:term":[{"taxonomy":"category","embeddable":true,"href":"https:\/\/www.ufsm.br\/pro-reitorias\/proplan\/wp-json\/wp\/v2\/categories?post=2557"},{"taxonomy":"post_tag","embeddable":true,"href":"https:\/\/www.ufsm.br\/pro-reitorias\/proplan\/wp-json\/wp\/v2\/tags?post=2557"}],"curies":[{"name":"wp","href":"https:\/\/api.w.org\/{rel}","templated":true}]}}