{"id":2560,"date":"2019-10-15T07:45:45","date_gmt":"2019-10-15T10:45:45","guid":{"rendered":"https:\/\/www.ufsm.br\/pro-reitorias\/proplan\/?page_id=2560"},"modified":"2025-05-05T13:50:35","modified_gmt":"2025-05-05T16:50:35","slug":"resolucao-n-025-2017","status":"publish","type":"page","link":"https:\/\/www.ufsm.br\/pro-reitorias\/proplan\/resolucao-n-025-2017","title":{"rendered":"Resolu\u00e7\u00e3o N. 025\/2017"},"content":{"rendered":"\t\t<div data-elementor-type=\"wp-page\" data-elementor-id=\"2560\" class=\"elementor elementor-2560\">\n\t\t\t\t\t\t<section class=\"elementor-section elementor-top-section elementor-element elementor-element-24fc8ee elementor-section-boxed elementor-section-height-default elementor-section-height-default\" data-id=\"24fc8ee\" data-element_type=\"section\">\n\t\t\t\t\t\t<div class=\"elementor-container elementor-column-gap-default\">\n\t\t\t\t\t<div class=\"elementor-column elementor-col-100 elementor-top-column elementor-element elementor-element-93267e1\" data-id=\"93267e1\" data-element_type=\"column\">\n\t\t\t<div class=\"elementor-widget-wrap elementor-element-populated\">\n\t\t\t\t\t\t<div class=\"elementor-element elementor-element-a75e202 elementor-widget elementor-widget-html\" data-id=\"a75e202\" data-element_type=\"widget\" data-widget_type=\"html.default\">\n\t\t\t\t<div class=\"elementor-widget-container\">\n\t\t\t<br><div align=\"justify\"><font color=\"black\">\r\n<div align=\"center\">\r\n<img decoding=\"async\" src=\"https:\/\/www.ufsm.br\/pro-reitorias\/proplan\/wp-content\/uploads\/sites\/344\/2019\/09\/brasao-da-republica-do-brasil-logo.png\" alt=\"Bras\u00e3o Rep\u00fablica Federativa do Brasil\" width=\"6%\" height=\"6%\" style=\"text-align: justify\">\r\n<\/div>    \r\n<h1 style=\"text-align: justify\">\r\n<font color=\"blue\">\r\n<font size=\"5\">\r\n<\/font>\r\n<\/font>\r\n<div align=\"center\">\r\n<font color=\"blue\" style=\"text-align: justify\">\r\n<font size=\"5\">MINIST\u00c9RIO DA EDUCA\u00c7\u00c3O<\/font>\r\n<\/font>\r\n<\/div>\r\n<\/h1>\r\n<p>\r\n<b>\r\n<font color=\"0000blue\">\r\n<\/font>\r\n<\/b>\r\n<\/p>\r\n<div align=\"center\">\r\n<b style=\"text-align: justify\">\r\n<font color=\"0000blue\">UNIVERSIDADE FEDERAL DE SANTA MARIA<\/font>\r\n<\/b>\r\n<\/div>\r\n<p>\r\n<\/p>\r\n\r\n<p>\r\n<\/p>\r\n<div align=\"center\">\r\n<b style=\"text-align: justify\">\r\n<a href=\"https:\/\/portal.ufsm.br\/documentos\/publico\/documento.html?id=8789401\" style=\"color: blue !important;text-decoration: underline !important\" data-elementor-preserved=\"true\">\r\n<font color=\"blue\">RESOLU\u00c7\u00c3O N. 025\/2017<\/font>\r\n<\/a>\r\n<\/b>\r\n<\/div>\r\n<p>\r\n<\/p>\r\n&nbsp;<br>\r\n<p>\r\n<\/p>\r\n<div align=\"right\">\r\n<font color=\"800000\" style=\"text-align: justify\">\r\n<strike>Regulamenta os processos de dispensa de disciplinas de gradua\u00e7\u00e3o, dispensa de disciplinas por autodidatismo e registro de Atividades Complementares de Gradua\u00e7\u00e3o (ACG). <\/strike>\r\n<\/font>\r\n<\/div>\r\n<p>\r\n<\/p>\r\n<div>\r\n<!--StartFragment-->Revogada pela <a href=\"https:\/\/www.ufsm.br\/pro-reitorias\/proplan\/resolucao-ufsm-no-209-2025\" style=\"color: blue !important;text-decoration: underline !important\" data-elementor-preserved=\"true\">Resolu\u00e7\u00e3o UFSM N\u00ba 209\/2025<\/a>\r\n<!--EndFragment-->\r\n<\/div>\r\n<br>\r\n<div align=\"justify\">\r\n<p>\r\n<strike>O REITOR DA UNIVERSIDADE FEDERAL DE SANTA MARIA, no uso de suas atribui\u00e7\u00f5es legais e estatut\u00e1rias e considerando:<\/strike>\r\n<\/p>\r\n<p>\r\n<strike>- o disposto no artigo 43, I a VII da <a href=\"http:\/\/www.planalto.gov.br\/ccivil_03\/leis\/l9394.htm\" style=\"color: blue !important;text-decoration: underline !important\" data-elementor-preserved=\"true\" target=\"_blank\">\r\n<font color=\"blue\">Lei N\u00ba 9394 de 1996<\/font>\r\n<\/a>;<\/strike>\r\n<\/p>\r\n<p>\r\n<strike>- as recomenda\u00e7\u00f5es de avaliadores do INEP nos reconhecimentos e renova\u00e7\u00f5es de reconhecimentos de cursos de gradua\u00e7\u00e3o da UFSM;<\/strike>\r\n<\/p>\r\n<p>\r\n<strike>- a constru\u00e7\u00e3o colaborativa realizada junto ao F\u00f3rum de Cursos de Gradua\u00e7\u00e3o da UFSM, e<\/strike>\r\n<\/p>\r\n<p>\r\n<strike>- o Parecer n. 142\/2017, da CLN, aprovado na 906\u00aa Sess\u00e3o do CEPE, de 18 de agosto de 2017, referente ao Processo n. <a href=\"https:\/\/portal.ufsm.br\/documentos\/publico\/processo\/documento.html?idDocumento=8296993\" style=\"color: blue !important;text-decoration: underline !important\" data-elementor-preserved=\"true\" target=\"_blank\">\r\n<font color=\"blue\">23081.019933\/2017-70<\/font>\r\n<\/a>.<\/strike>\r\n<\/p>\r\n<strike>\r\n<br>\r\n<\/strike>\r\n<p>\r\n<strike>\r\n<b>\r\n<\/b>\r\n<\/strike>\r\n<\/p>\r\n<div align=\"center\">\r\n<b style=\"text-align: justify\">\r\n<strike>RESOLVE:<\/strike>\r\n<\/b>\r\n<\/div>\r\n<p>\r\n<\/p>\r\n<strike>\r\n<br>\r\n<\/strike>\r\n<p>\r\n<strike>Art. 1\u00ba Regulamentar os processos de dispensa de disciplinas de gradua\u00e7\u00e3o, dispensa de disciplinas de gradua\u00e7\u00e3o por autodidatismo e registro de Atividades Complementares de Gradua\u00e7\u00e3o (ACG).<\/strike>\r\n<\/p>\r\n<strike>\r\n<br>\r\n<\/strike>\r\n<p>\r\n<strike>\r\n<b>\r\n<\/b>\r\n<\/strike>\r\n<\/p>\r\n<div align=\"center\">\r\n<b style=\"text-align: justify\">\r\n<strike>CAP\u00cdTULO I<\/strike>\r\n<\/b>\r\n<\/div>\r\n<p>\r\n<\/p>\r\n<p>\r\n<strike>\r\n<b>\r\n<\/b>\r\n<\/strike>\r\n<\/p>\r\n<div align=\"center\">\r\n<b style=\"text-align: justify\">\r\n<strike>DISPENSA DE DISCIPLINAS<\/strike>\r\n<\/b>\r\n<\/div>\r\n<p>\r\n<\/p>\r\n<strike>\r\n<br>\r\n<\/strike>\r\n<p>\r\n<strike>Art. 2\u00ba Somente podem ser dispensadas disciplinas de cursos de mesmo n\u00edvel (gradua\u00e7\u00e3o dispensa gradua\u00e7\u00e3o) ou de n\u00edvel superior (p\u00f3s-gradua\u00e7\u00e3o dispensa gradua\u00e7\u00e3o), internos ou externos \u00e0 UFSM.<\/strike>\r\n<\/p>\r\n<p>\r\n<strike>Art. 3\u00ba A dispensa de disciplinas dever\u00e1 considerar, no m\u00ednimo, setenta e cinco por cento de equival\u00eancia no conte\u00fado e na carga hor\u00e1ria.<\/strike>\r\n<\/p>\r\n<p>\r\n<strike>Art. 4\u00ba A solicita\u00e7\u00e3o de aproveitamento de disciplinas deve ser realizada pelo estudante junto ao Portal do Aluno onde o mesmo deve indicar as disciplinas a serem dispensadas com os seus respectivos c\u00f3digos, bem como anexar o(s) Programa(s) da(s) Disciplina (s) e o Hist\u00f3rico Escolar onde consta(m) disciplina(s) utilizadas para dispensar.<\/strike>\r\n<\/p>\r\n<p>\r\n<strike>Art. 5\u00ba Quando o acad\u00eamico tiver cursado, com aprova\u00e7\u00e3o, disciplina externa ao curso em que est\u00e1 matriculado na UFSM, previamente autorizada pela coordena\u00e7\u00e3o e com conte\u00fados relativos ao curso, dever\u00e1 solicitar a dispensa da disciplina equivalente no curso.<\/strike>\r\n<\/p>\r\n<p>\r\n<strike>I - caso n\u00e3o exista disciplina equivalente relativa \u00e0 solicita\u00e7\u00e3o, o acad\u00eamico tem a op\u00e7\u00e3o de solicitar dispensa da DCG com nomenclatura \u201ct\u00f3picos\u201d, nos cursos que tenham essa disciplina inclu\u00edda no rol de DCGs; e<\/strike>\r\n<\/p>\r\n<p>\r\n<strike>II - a referida disciplina de DCG \u201ct\u00f3picos\u201d est\u00e1 registrada, no sistema sem carga hor\u00e1ria, todavia somente podem ser aproveitadas respeitando o limite de horas para aproveitamento de DCGs em cada curso.<\/strike>\r\n<\/p>\r\n<p>\r\n<strike>Par\u00e1grafo \u00fanico. Em rela\u00e7\u00e3o ao cadastro das institui\u00e7\u00f5es externas, para dispensa de disciplinas de fora do curso e de outras IES, deve-se considerar que, caso o acad\u00eamico n\u00e3o encontre a institui\u00e7\u00e3o no rol disponibilizado pelo sistema, dever\u00e1 inform\u00e1-la manualmente. Nesse caso, o fluxo incluir\u00e1 passagem obrigat\u00f3ria pelo DERCA antes do registro e ap\u00f3s o deferimento da dispensa.<\/strike>\r\n<\/p>\r\n\r\n<p>\r\n<strike>Art. 6\u00ba Quando for solicitada a dispensa de disciplina, a nota dever\u00e1 ser informada no sistema, sempre que poss\u00edvel. Caso a dispensa seja fruto de uma fus\u00e3o de duas ou mais disciplinas, dever\u00e1 ser registrada a nota ponderada pela carga hor\u00e1ria das disciplinas constante no hist\u00f3rico do acad\u00eamico.<\/strike>\r\n<\/p>\r\n<p>\r\n<strike>Art. 7\u00ba Em um mesmo curso, disciplinas complementares n\u00e3o podem ser aproveitadas como obrigat\u00f3rias e vice-versa, salvo casos decorrentes de reforma curricular.<\/strike>\r\n<\/p>\r\n\r\n<p>\r\n<strike>Art. 8\u00ba Cada solicita\u00e7\u00e3o de dispensa de disciplina \u00e9 tramitada dentro do sistema individualmente ao coordenador do respectivo curso que pode:<\/strike>\r\n<\/p>\r\n<p>\r\n<strike>I - devolver para o acad\u00eamico solicitando mais informa\u00e7\u00f5es;<\/strike>\r\n<\/p>\r\n<p>\r\n<strike>II - encaminhar para o professor da disciplina, caso tiver d\u00favidas; e<\/strike>\r\n<\/p>\r\n<p>\r\n<strike>III - deferir ou indeferir dando sequ\u00eancia ao processo.<\/strike>\r\n<\/p>\r\n\r\n<p>\r\n<strike>Art. 9\u00ba Caso a dispensa seja deferida pelo Coordenador, ser\u00e1 efetuado o registro, e o sistema envia uma notifica\u00e7\u00e3o para o aluno.<\/strike>\r\n<\/p>\r\n<strike>\r\n<br>\r\n<\/strike>\r\n<p>\r\n<strike>\r\n<b>\r\n<\/b>\r\n<\/strike>\r\n<\/p>\r\n<div align=\"center\">\r\n<b style=\"text-align: justify\">\r\n<strike>CAP\u00cdTULO II<\/strike>\r\n<\/b>\r\n<\/div>\r\n<p>\r\n<\/p>\r\n<p>\r\n<strike>\r\n<b>\r\n<\/b>\r\n<\/strike>\r\n<\/p>\r\n<div align=\"center\">\r\n<b style=\"text-align: justify\">\r\n<strike>DISPENSA DE DISCIPLINAS POR AUTODIDATISMO<\/strike>\r\n<\/b>\r\n<\/div>\r\n<p>\r\n<\/p>\r\n<strike>\r\n<br>\r\n<\/strike>\r\n<p>\r\n<strike>Art. 10 Ser\u00e1 facultado aos alunos da UFSM o aproveitamento de estudos realizados em outras IES (Institui\u00e7\u00f5es de Ensino Superior) bem como dispensa de disciplina por autodidatismo, em n\u00edvel de gradua\u00e7\u00e3o.<\/strike>\r\n<\/p>\r\n<p>\r\n<strike>Par\u00e1grafo \u00fanico. O aproveitamento de que trata esse artigo obedecer\u00e1 \u00e0 equival\u00eancia de conte\u00fados program\u00e1ticos e carga hor\u00e1ria, aos correspondentes conte\u00fados oferecidos pela UFSM, para dispensa de conte\u00fados da parte fixa e\/ou flex\u00edvel dos PPCs (Projetos Pedag\u00f3gicos de Cursos), excetuando-se as atividades complementares de gradua\u00e7\u00e3o.<\/strike>\r\n<\/p>\r\n\r\n<p>\r\n<strike>Art. 11 O aproveitamento de estudos, previsto nesta resolu\u00e7\u00e3o, n\u00e3o se aplica \u00e0s disciplinas de Trabalho de Conclus\u00e3o de Curso (ou similares) e est\u00e1gios curriculares (ou similares).<\/strike>\r\n<\/p>\r\n<p>\r\n<strike>Art. 12 Autodidatas interessados na obten\u00e7\u00e3o de aproveitamento de estudos, poder\u00e3o solicitar avalia\u00e7\u00e3o espec\u00edfica at\u00e9 o final do prazo de trancamento total de matr\u00edcula definido no Calend\u00e1rio Acad\u00eamico, independentemente de ter cursado o(s) pr\u00e9-requesito(s) da disciplina desejada, desde que n\u00e3o tenham cursado disciplina igual ou semelhante na UFSM. Esta avalia\u00e7\u00e3o dever\u00e1 ser aplicada por Banca Examinadora especialmente designada para esse fim, de acordo com o disposto no art. 47, \u00a7 2\u00ba, da <a href=\"http:\/\/www.planalto.gov.br\/ccivil_03\/leis\/l9394.htm\" style=\"color: blue !important;text-decoration: underline !important\" data-elementor-preserved=\"true\" target=\"_blank\">\r\n<font color=\"blue\">Lei de Diretrizes e Bases<\/font>\r\n<\/a>.<\/strike>\r\n<\/p>\r\n<p>\r\n<strike>Par\u00e1grafo \u00fanico. A avalia\u00e7\u00e3o de que trata o caput deste artigo versar\u00e1 sobre as atividades realizadas para compatibilizar dispensa de conte\u00fados correspondentes aos oferecidos pela UFSM na \u00e1rea da disciplina objeto do aproveitamento.<\/strike>\r\n<\/p>\r\n\r\n<p>\r\n<strike>Art. 13 O acad\u00eamico que desejar dispensar disciplina por autodidatismo dever\u00e1 selecionar esta op\u00e7\u00e3o j\u00e1 no in\u00edcio do processo de dispensa, anexando opcionalmente, no Portal do Aluno, documentos comprobat\u00f3rios dos conhecimentos adquiridos.<\/strike>\r\n<\/p>\r\n<p>\r\n<strike>\u00a7 1\u00ba Ap\u00f3s a solicita\u00e7\u00e3o do acad\u00eamico, o processo \u00e9 remetido ao coordenador do curso que dever\u00e1 solicitar ordem de servi\u00e7o\/portaria para o departamento\/dire\u00e7\u00e3o de centro constituindo comiss\u00e3o de an\u00e1lise para processo de autodidata.<\/strike>\r\n<\/p>\r\n<p>\r\n<strike>\u00a7 2\u00ba Cabe ao departamento no qual estiver(em) lotada(s) a(s) disciplina(s) definir a banca examinadora, composta por tr\u00eas docentes, mediante requerimento do interessado. A Portaria que nomeia a comiss\u00e3o e a decis\u00e3o avaliativa da banca examinadora, atestando o aproveitamento de estudos, ser\u00e1 encaminhada, dentro do sistema, pelo departamento \u00e0 coordena\u00e7\u00e3o do curso que proceder\u00e1 os tramites para o devido registro no hist\u00f3rico escolar do aluno.<\/strike>\r\n<\/p>\r\n<p>\r\n<strike>\u00a7 3\u00ba O aluno s\u00f3 poder\u00e1 requerer aproveitamento de disciplinas como autodidata uma vez para cada disciplina em que ele n\u00e3o tenha reprova\u00e7\u00e3o na UFSM.<\/strike>\r\n<\/p>\r\n\r\n<p>\r\n<strike>Art. 14 Estar\u00e1 aprovado na disciplina objeto da dispensa o aluno que obtiver m\u00e9dia aritm\u00e9tica igual ou superior a sete na(s) avalia\u00e7\u00e3o(\u00f5es) realizada(s) pela banca examinadora.<\/strike>\r\n<\/p>\r\n<strike>\r\n<br>\r\n<\/strike>\r\n<p>\r\n<strike>\r\n<b>\r\n<\/b>\r\n<\/strike>\r\n<\/p>\r\n<div align=\"center\">\r\n<b style=\"text-align: justify\">\r\n<strike>CAP\u00cdTULO III<\/strike>\r\n<\/b>\r\n<\/div>\r\n<p>\r\n<\/p>\r\n<p>\r\n<strike>\r\n<b>\r\n<\/b>\r\n<\/strike>\r\n<\/p>\r\n<div align=\"center\">\r\n<b style=\"text-align: justify\">\r\n<strike>REGISTRO DE ATIVIDADES COMPLEMENTARES DE GRADUA\u00c7\u00c3O (ACG)<\/strike>\r\n<\/b>\r\n<\/div>\r\n<p>\r\n<\/p>\r\n<strike>\r\n<br>\r\n<\/strike>\r\n<p>\r\n<strike>Art. 15 O registro de Atividades Complementares de Gradua\u00e7\u00e3o ser\u00e1 solicitado pelo acad\u00eamico de gradua\u00e7\u00e3o via Portal do Aluno.<\/strike>\r\n<\/p>\r\n<p>\r\n<strike>Art. 16 Entender-se-\u00e1 como Atividade Complementar de Gradua\u00e7\u00e3o da UFSM, atividades pertinentes e \u00fateis para a forma\u00e7\u00e3o humana e profissional do acad\u00eamico, aceitas para compor a carga hor\u00e1ria necess\u00e1ria, prevista no Projeto Pedag\u00f3gico de Curso.<\/strike>\r\n<\/p>\r\n<p>\r\n<strike>Art. 17 Cabe ao Colegiado do Curso determinar os limites m\u00e1ximos de carga hor\u00e1ria atribu\u00eddos para cada modalidade ou conjunto de modalidades que comp\u00f5em o quadro de Atividades Complementares, de acordo com o art. 18 da presente resolu\u00e7\u00e3o.<\/strike>\r\n<\/p>\r\n\r\n<p>\r\n<strike>Art. 18 S\u00e3o consideradas Atividades Complementares de Gradua\u00e7\u00e3o:<\/strike>\r\n<\/p>\r\n<p>\r\n<strike>I - participa\u00e7\u00e3o em eventos;<\/strike>\r\n<\/p>\r\n<p>\r\n<strike>II - atividades de extens\u00e3o;<\/strike>\r\n<\/p>\r\n<p>\r\n<strike>III - est\u00e1gios extracurriculares;<\/strike>\r\n<\/p>\r\n<p>\r\n<strike>IV - atividades de inicia\u00e7\u00e3o cient\u00edfica e de pesquisa;<\/strike>\r\n<\/p>\r\n<p>\r\n<strike>V - publica\u00e7\u00e3o de trabalhos;<\/strike>\r\n<\/p>\r\n<p>\r\n<strike>VI - participa\u00e7\u00e3o em \u00f3rg\u00e3os colegiados;<\/strike>\r\n<\/p>\r\n<p>\r\n<strike>VII - monitoria;<\/strike>\r\n<\/p>\r\n<p>\r\n<strike>VIII - outras atividades a crit\u00e9rio do Colegiado; e<\/strike>\r\n<\/p>\r\n<p>\r\n<strike>IX - participa\u00e7\u00e3o em Movimento Estudantil, mediante comprova\u00e7\u00e3o atrav\u00e9s de declara\u00e7\u00e3o da diretoria do respectivo DA ou do DCE.<\/strike>\r\n<\/p>\r\n<p>\r\n<strike>Par\u00e1grafo \u00fanico. Entende-se por eventos: semin\u00e1rios, congressos, confer\u00eancias, encontros, cursos de atualiza\u00e7\u00e3o, semanas acad\u00eamicas, atividades art\u00edsticas e liter\u00e1rias, culturais e outras que, embora tenham denomina\u00e7\u00e3o diversa, perten\u00e7am ao mesmo g\u00eanero.<\/strike>\r\n<\/p>\r\n\r\n<p>\r\n<strike>Art. 19 Para efeitos de aplica\u00e7\u00e3o do inciso I do Art. 18, o aluno solicitar\u00e1 o registro e o c\u00f4mputo de horas como Atividade Complementar de Gradua\u00e7\u00e3o, anexando obrigatoriamente ao requerimento o certificado de participa\u00e7\u00e3o no evento ou instrumento equivalente de aferi\u00e7\u00e3o de frequ\u00eancia com carga hor\u00e1ria.<\/strike>\r\n<\/p>\r\n<p>\r\n<strike>Art. 20 No que se refere aos Incisos II a IV, do Art.18, o aluno, encerrada sua participa\u00e7\u00e3o no projeto correspondente \u00e0 atividade, dever\u00e1 requerer o c\u00f4mputo das horas, anexando obrigatoriamente:<\/strike>\r\n<\/p>\r\n<p>\r\n<strike>I - O comprovante de registro do Projeto no Gabinete de Projetos (GAP) com a lista e participantes ou, em caso de projeto n\u00e3o registrado, declara\u00e7\u00e3o do (a) orientador (a);<\/strike>\r\n<\/p>\r\n<p>\r\n<strike>II - relat\u00f3rio detalhado da sua atividade; e<\/strike>\r\n<\/p>\r\n<p>\r\n<strike>III - recomenda\u00e7\u00e3o do Orientador do Projeto com breve avalia\u00e7\u00e3o da participa\u00e7\u00e3o do acad\u00eamico no mesmo.<\/strike>\r\n<\/p>\r\n\r\n<p>\r\n<strike>Art. 21 Para efeitos de aplica\u00e7\u00e3o da situa\u00e7\u00e3o prevista no inciso V do Art. 18, o aluno dever\u00e1 requerer o c\u00f4mputo de horas como ACG, anexando c\u00f3pia da publica\u00e7\u00e3o, contendo o nome, a periodicidade, o editor, a data e a pagina\u00e7\u00e3o do ve\u00edculo.<\/strike>\r\n<\/p>\r\n<p>\r\n<strike>Art. 22 Para efeitos de aplica\u00e7\u00e3o do inciso VI do Art.18, o aluno dever\u00e1 anexar a Portaria de nomea\u00e7\u00e3o como membro de \u00f3rg\u00e3o colegiado ou comiss\u00e3o. O Coordenador de Curso, poder\u00e1, se entender necess\u00e1rio, consultar o Secretariado do \u00f3rg\u00e3o ou comiss\u00e3o que emitiu a Portaria, a fim de formar sua convic\u00e7\u00e3o sobre a pertin\u00eancia do c\u00f4mputo de horas. <\/strike>\r\n<\/p>\r\n\r\n<p>\r\n<strike>Art. 23 O Coordenador de Curso, consultado o Colegiado de Curso, nomear\u00e1, se entender necess\u00e1rio, uma Comiss\u00e3o, especialmente designada para relatar, ao Colegiado, os requerimentos para registro e c\u00f4mputo de horas como Atividade Complementar de Gradua\u00e7\u00e3o. <\/strike>\r\n<\/p>\r\n<p>\r\n<strike>Par\u00e1grafo \u00fanico. A Comiss\u00e3o dever\u00e1 ser constitu\u00edda por membros do Colegiado do Curso e composta por pelo menos um representante estudantil.<\/strike>\r\n<\/p>\r\n\r\n<p>\r\n<strike>Art. 24 Proferida a decis\u00e3o de registro e do c\u00f4mputo de horas, pelo Coordenador, o mesmo far\u00e1 o tr\u00e2mite de registro no sistema.<\/strike>\r\n<\/p>\r\n<p>\r\n<strike>Par\u00e1grafo \u00fanico. Entendendo o Coordenador que o aproveitamento da atividade resta prejudicado, diante do n\u00e3o atendimento de pr\u00e9-requisitos pelo aluno, poder\u00e1 indeferir tanto o registro como o c\u00f4mputo de horas.<\/strike>\r\n<\/p>\r\n\r\n<p>\r\n<strike>Art. 25 As Atividades Complementares de Gradua\u00e7\u00e3o n\u00e3o poder\u00e3o ser aproveitadas para a concess\u00e3o de dispensa de disciplinas integrantes da parte fixa do curr\u00edculo, assim como do quadro de disciplinas complementares.<\/strike>\r\n<\/p>\r\n<p>\r\n<strike>Art. 26 As disciplinas complementares de gradua\u00e7\u00e3o n\u00e3o poder\u00e3o ser cadastradas como Atividade Complementar de Gradua\u00e7\u00e3o.<\/strike>\r\n<\/p>\r\n<strike>\r\n<br>\r\n<\/strike>\r\n<p>\r\n<strike>\r\n<b>\r\n<\/b>\r\n<\/strike>\r\n<\/p>\r\n<div align=\"center\">\r\n<b style=\"text-align: justify\">\r\n<strike>CAP\u00cdTULO IV<\/strike>\r\n<\/b>\r\n<\/div>\r\n<p>\r\n<\/p>\r\n<p>\r\n<strike>\r\n<b>\r\n<\/b>\r\n<\/strike>\r\n<\/p>\r\n<div align=\"center\">\r\n<b style=\"text-align: justify\">\r\n<strike>DISPOSI\u00c7\u00d5ES GERAIS<\/strike>\r\n<\/b>\r\n<\/div>\r\n<p>\r\n<\/p>\r\n<strike>\r\n<br>\r\n<\/strike>\r\n<p>\r\n<strike>Art. 27 As solicita\u00e7\u00f5es de dispensa de disciplinas e registro de atividades complementares de gradua\u00e7\u00e3o dever\u00e3o ser realizadas dentro do prazo estipulado pelo Calend\u00e1rio Acad\u00eamico da UFSM.<\/strike>\r\n<\/p>\r\n<p>\r\n<strike>Art. 28 A veracidade nas informa\u00e7\u00f5es prestadas, bem como nas documenta\u00e7\u00f5es apresentadas nos requerimentos de qualquer uma das situa\u00e7\u00f5es da presente resolu\u00e7\u00e3o, s\u00e3o de inteira responsabilidade dos acad\u00eamicos demandantes, tendo, os documentos apresentados, o valor de c\u00f3pia simples e seus originais poder\u00e3o ser requeridos no prazo de at\u00e9 cinco anos ap\u00f3s a evas\u00e3o do demandante da UFSM.<\/strike>\r\n<\/p>\r\n<p>\r\n<strike>Art. 29 O Teor e integridade dos documentos digitalizados s\u00e3o de responsabilidade do interessado, que responder\u00e1 nos termos da legisla\u00e7\u00e3o civil, penal e administrativa por eventuais fraudes.<\/strike>\r\n<\/p>\r\n<p>\r\n<strike>Art. 30 Caso a solicita\u00e7\u00e3o de dispensa de disciplina e\/ou dispensa de disciplina por autodidatismo e\/ou registro de atividades complementares de gradua\u00e7\u00e3o seja indeferida pelo Coordenador, o processo \u00e9 devolvido para o aluno, que ter\u00e1 a op\u00e7\u00e3o de entrar com recurso, no sistema, dando sequ\u00eancia ao processo.<\/strike>\r\n<\/p>\r\n<p>\r\n<strike>I - o acad\u00eamico tem o prazo de 05 dias corridos a contar da notifica\u00e7\u00e3o de negativa, para interpor recurso, no sistema, junto ao Colegiado de Curso;<\/strike>\r\n<\/p>\r\n<p>\r\n<strike>II - caso o recurso do inciso anterior seja indeferido, poder\u00e1 recorrer no sistema, no prazo m\u00e1ximo de 05 dias corridos a contar da notifica\u00e7\u00e3o de negativa, ao Conselho de Centro; e<\/strike>\r\n<\/p>\r\n<p>\r\n<strike>III - caso o recurso do inciso anterior seja indeferido, poder\u00e1 recorrer no sistema, no prazo m\u00e1ximo de 05 dias corridos a contar da notifica\u00e7\u00e3o de negativa, ao Conselho de Ensino, Pesquisa e Extens\u00e3o.<\/strike>\r\n<\/p>\r\n<p>\r\n<strike>\u00a7 1\u00ba Os recursos, em todas as inst\u00e2ncias, devem ser elaborados contendo o destinat\u00e1rio (colegiado ou conselho ao qual se dirige), as raz\u00f5es de recurso e o pedido a ser realizado, em conson\u00e2ncia com o estabelecido nos dispositivos da presente resolu\u00e7\u00e3o.<\/strike>\r\n<\/p>\r\n<p>\r\n<strike>\u00a7 2\u00ba As atas com as decis\u00f5es, em cada inst\u00e2ncia recursiva, devem ser anexadas junto ao processo.\r\n\r\n<\/strike>\r\n<\/p>\r\n<p>\r\n<strike>Art. 31 A presente resolu\u00e7\u00e3o entra em vigor a partir de agosto de 2017, revogando-se as disposi\u00e7\u00f5es em contr\u00e1rio.<\/strike>\r\n<\/p>\r\n\r\n<p>\r\n<strike>GABINETE DO REITOR DA UNIVERSIDADE FEDERAL DE SANTA MARIA, aos dezenove dias do m\u00eas de dezembro do ano dois mil e dezessete.<\/strike>\r\n<\/p>\r\n<\/div>\r\n<p>\r\n<strike>Paulo Afonso Burmann,<\/strike>\r\n<\/p>\r\n<p>\r\n<strike>Reitor.<\/strike>\r\n<\/p>\r\n\r\n\r\n<p>\r\n<font color=\"red0000\">Este texto n\u00e3o substitui o documento original, publicado no Portal de Documentos.<\/font> Dispon\u00edvel em: <a href=\"https:\/\/portal.ufsm.br\/documentos\/publico\/documento.html?id=8789401\" style=\"color: blue !important;text-decoration: underline !important\" data-elementor-preserved=\"true\">\r\n<font color=\"blue\">https:\/\/portal.ufsm.br\/documentos\/publico\/documento.html?id=8789401<\/font>\r\n<\/a>\r\n<\/p>\r\n<\/font><\/div>\t\t<\/div>\n\t\t\t\t<\/div>\n\t\t\t\t\t<\/div>\n\t\t<\/div>\n\t\t\t\t\t<\/div>\n\t\t<\/section>\n\t\t\t\t<\/div>\n\t\t","protected":false},"excerpt":{"rendered":"<p>MINIST\u00c9RIO DA EDUCA\u00c7\u00c3O UNIVERSIDADE FEDERAL DE SANTA MARIA RESOLU\u00c7\u00c3O N. 025\/2017 &nbsp; Regulamenta os processos de dispensa de disciplinas de gradua\u00e7\u00e3o, dispensa de disciplinas por autodidatismo e registro de Atividades Complementares de Gradua\u00e7\u00e3o (ACG). Revogada pela Resolu\u00e7\u00e3o UFSM N\u00ba 209\/2025 O REITOR DA UNIVERSIDADE FEDERAL DE SANTA MARIA, no uso de suas atribui\u00e7\u00f5es legais e [&hellip;]<\/p>\n","protected":false},"author":205,"featured_media":0,"parent":0,"menu_order":0,"comment_status":"closed","ping_status":"closed","template":"","meta":{"footnotes":""},"categories":[],"tags":[],"class_list":["post-2560","page","type-page","status-publish","hentry"],"acf":[],"_links":{"self":[{"href":"https:\/\/www.ufsm.br\/pro-reitorias\/proplan\/wp-json\/wp\/v2\/pages\/2560","targetHints":{"allow":["GET"]}}],"collection":[{"href":"https:\/\/www.ufsm.br\/pro-reitorias\/proplan\/wp-json\/wp\/v2\/pages"}],"about":[{"href":"https:\/\/www.ufsm.br\/pro-reitorias\/proplan\/wp-json\/wp\/v2\/types\/page"}],"author":[{"embeddable":true,"href":"https:\/\/www.ufsm.br\/pro-reitorias\/proplan\/wp-json\/wp\/v2\/users\/205"}],"replies":[{"embeddable":true,"href":"https:\/\/www.ufsm.br\/pro-reitorias\/proplan\/wp-json\/wp\/v2\/comments?post=2560"}],"version-history":[{"count":0,"href":"https:\/\/www.ufsm.br\/pro-reitorias\/proplan\/wp-json\/wp\/v2\/pages\/2560\/revisions"}],"wp:attachment":[{"href":"https:\/\/www.ufsm.br\/pro-reitorias\/proplan\/wp-json\/wp\/v2\/media?parent=2560"}],"wp:term":[{"taxonomy":"category","embeddable":true,"href":"https:\/\/www.ufsm.br\/pro-reitorias\/proplan\/wp-json\/wp\/v2\/categories?post=2560"},{"taxonomy":"post_tag","embeddable":true,"href":"https:\/\/www.ufsm.br\/pro-reitorias\/proplan\/wp-json\/wp\/v2\/tags?post=2560"}],"curies":[{"name":"wp","href":"https:\/\/api.w.org\/{rel}","templated":true}]}}