{"id":2563,"date":"2019-10-15T07:50:52","date_gmt":"2019-10-15T10:50:52","guid":{"rendered":"https:\/\/www.ufsm.br\/pro-reitorias\/proplan\/?page_id=2563"},"modified":"2023-01-05T11:45:50","modified_gmt":"2023-01-05T14:45:50","slug":"resolucao-n-027-2017","status":"publish","type":"page","link":"https:\/\/www.ufsm.br\/pro-reitorias\/proplan\/resolucao-n-027-2017","title":{"rendered":"Resolu\u00e7\u00e3o N. 027\/2017"},"content":{"rendered":"\t\t<div data-elementor-type=\"wp-page\" data-elementor-id=\"2563\" class=\"elementor elementor-2563\">\n\t\t\t\t\t\t<section class=\"elementor-section elementor-top-section elementor-element elementor-element-97266ef elementor-section-boxed elementor-section-height-default elementor-section-height-default\" data-id=\"97266ef\" data-element_type=\"section\">\n\t\t\t\t\t\t<div class=\"elementor-container elementor-column-gap-default\">\n\t\t\t\t\t<div class=\"elementor-column elementor-col-100 elementor-top-column elementor-element elementor-element-972569c\" data-id=\"972569c\" data-element_type=\"column\">\n\t\t\t<div class=\"elementor-widget-wrap elementor-element-populated\">\n\t\t\t\t\t\t<div class=\"elementor-element elementor-element-d47631a elementor-widget elementor-widget-html\" data-id=\"d47631a\" data-element_type=\"widget\" data-widget_type=\"html.default\">\n\t\t\t\t<div class=\"elementor-widget-container\">\n\t\t\t\r\n\r\n\r\n<title><b>RESOLU\u00c7\u00c3O N. 027\/2017<\/b><\/title>\r\n\r\n\r\n<div align=\"center\"><img decoding=\"async\" src=\"https:\/\/www.ufsm.br\/pro-reitorias\/proplan\/wp-content\/uploads\/sites\/344\/2019\/09\/brasao-da-republica-do-brasil-logo.png\" alt=\"Bras\u00e3o Rep\u00fablica Federativa do Brasil\" width=\"6%\" height=\"6%\"><\/div>    \r\n<h1><font color=\"blue\"><font size=\"5\"><div align=\"center\">MINIST\u00c9RIO DA EDUCA\u00c7\u00c3O<\/b><\/font><\/font><\/div><\/H1>\r\n<p><b><font color=\"0000blue\"><div align=\"center\">UNIVERSIDADE FEDERAL DE SANTA MARIA<\/b><\/font><\/div><\/p>\r\n<br>\r\n<p><div align=\"center\"><b><a href=\"https:\/\/portal.ufsm.br\/documentos\/publico\/documento.html?id=8807563\"><font color=\"blue\">RESOLU\u00c7\u00c3O N. 027\/2017<\/font><\/a><\/b><\/div><\/p>\r\n<br>\r\n<p><div align=\"right\"><font color=\"800000\"><strike>Aprova a Cria\u00e7\u00e3o do Laborat\u00f3rio de Engenharia do Meio Ambiente (LEMA), como \u00d3rg\u00e3o Suplementar Setorial na estrutura organizacional do Centro de Tecnologia \u2013 CT e d\u00e1 outras provid\u00eancias.<\/strike><\/font><\/div><\/p>\r\n<br>\r\n<p><a href=\"https:\/\/www.ufsm.br\/pro-reitorias\/proplan\/resolucao-ufsm-n-094-2022\/\" target=\"_blank\"><font color=\"blue\">Revogada pela Resolu\u00e7\u00e3o UFSM N. 094\/2022<\/font><\/a>\r\n<br><div align=\"justify\">\r\n<strike>\r\n<p>O REITOR DA UNIVERSIDADE FEDERAL DE SANTA MARIA, no uso de suas atribui\u00e7\u00f5es legais e estatut\u00e1rias e considerando:<\/p>\r\n<p>- o LEMA englobar\u00e1 diversos setores j\u00e1 existentes dos laborat\u00f3rios vinculados ao Departamento de Engenharia Sanit\u00e1ria e Ambiental, nas \u00e1reas de recursos h\u00eddricos, de saneamento e de meio ambiente, com objetivo de apoiar o desenvolvimento acad\u00eamico;<\/p>\r\n<p>- o Parecer n. 021\/2016 da Comiss\u00e3o de Legisla\u00e7\u00e3o e Normas do Centro de Tecnologia de 23\/08\/2016, aprovado na Sess\u00e3o n. 513 de 30\/08\/2016; e<\/p>\r\n<p>- o Parecer n. 104\/2017 da Comiss\u00e3o de Legisla\u00e7\u00e3o e Regimentos (CLR), aprovado na 801\u00aa Sess\u00e3o do Conselho Universit\u00e1rio, de 00 de agosto de 2017, referente ao Processo n. <a href=\"https:\/\/portal.ufsm.br\/documentos\/publico\/processo\/documento.html?idDocumento=6707498\" target=\"_blank\"><font color=\"blue\"><u>23081.018539\/2014-71<\/u><\/font><\/a>.<\/p>\r\n<br>\r\n<p><b><div align=\"center\">RESOLVE:<\/b><\/div><\/p>\r\n<br>\r\n<p>Art. 1\u00ba Aprovar a Cria\u00e7\u00e3o do Laborat\u00f3rio de Engenharia do Meio Ambiente (LEMA), como \u00d3rg\u00e3o Suplementar Setorial na estrutura organizacional do Centro de Tecnologia \u2013 CT.<\/p>\r\n<p>Par\u00e1grafo \u00fanico. O Regimento Interno do Laborat\u00f3rio de Engenharia do Meio Ambiente (LEMA) \u00e9 aprovado na forma de Anexo a esse ato.<\/p>\r\n<p>Art. 2\u00ba Caber\u00e1 \u00e0 Pr\u00f3-Reitoria de Planejamento proceder \u00e0s altera\u00e7\u00f5es no Sistema de Classifica\u00e7\u00e3o Institucional, \u00e0 Pr\u00f3-Reitoria de Gest\u00e3o de Pessoas a relota\u00e7\u00e3o dos recursos humanos e destina\u00e7\u00e3o de fun\u00e7\u00e3o gratificada FG7.137 ao Chefe do Laborat\u00f3rio de Engenharia do Meio Ambiente (LEMA), e ao Departamento de Material e Patrim\u00f4nio a adequa\u00e7\u00e3o do registro dos m\u00f3veis e equipamentos.<\/p>\r\n<p>Art. 3\u00ba Esta resolu\u00e7\u00e3o entrar\u00e1 em vigor na data de sua assinatura e revoga as disposi\u00e7\u00f5es em contr\u00e1rio.<\/p>\r\n<br>\r\n<p>GABINETE DO REITOR DA UNIVERSIDADE FEDERAL DE SANTA MARIA, aos trinta dias do m\u00eas de outubro do ano dois mil e dezessete.<\/p>\r\n<\/div>\r\n<p>Paulo Afonso Burmann,<\/p>\r\n<p>Reitor.<\/p>\r\n<br>\r\n<br>\r\n<p><b><div align=\"center\">REGIMENTO INTERNO DO LABORAT\u00d3RIO DE ENGENHARIA DO MEIO AMBIENTE DO CENTRO DE TECNOLOGIA<\/b><\/div><\/p>\r\n<br>\r\n<p><div align=\"right\"><font color=\"800000\">Anexo da <a href=\"https:\/\/www.ufsm.br\/pro-reitorias\/proplan\/resolucao-n-027-2017\/\" target=\"_blank\"><font color=\"blue\"><u>Anexo da Resolu\u00e7\u00e3o N. 027\/2017, de 19 de dezembro de 2017<\/u><\/font><\/a>.<\/font><\/div><\/p>\r\n<br>\r\n<p><b><div align=\"center\">T\u00cdTULO I<\/b><\/div><\/p>\r\n<p><b><div align=\"center\">DA CATEGORIA E FINALIDADE<\/b><\/div><\/p>\r\n<br><div align=\"justify\">\r\n<br>\r\n<p>Art. 1\u00ba O Laborat\u00f3rio de Engenharia do Meio Ambiente, localizado no Campus Camobi da Universidade Federal de Santa Maria \u00e9 um \u00f3rg\u00e3o suplementar Setorial do Centro de Tecnologia, subordinado diretamente ao Diretor do Centro de Tecnologia.<\/p>\r\n<p>Par\u00e1grafo \u00fanico. O Laborat\u00f3rio de Engenharia do Meio Ambiente ser\u00e1 doravante designado por LEMA e o Centro de Tecnologia pela sigla CT.<\/p>\r\n<p>Art. 2\u00ba O LEMA \u00e9 um \u00f3rg\u00e3o destinado a execu\u00e7\u00e3o de pesquisa, ensino e extens\u00e3o de acordo com o Regimento Interno do CT, Cap\u00edtulo III.<\/p>\r\n<p>Art. 3\u00ba   S\u00e3o finalidades b\u00e1sicas do LEMA:<\/p>\r\n<p>I \u2013 desenvolver e apoiar as atividades de ensino pr\u00e1tico e pesquisa experimental do CT;<\/p>\r\n<p>II \u2013 realizar pesquisas cient\u00edficas e tecnol\u00f3gicas orientadas, preferencialmente, no sentido de atender \u00e0s condi\u00e7\u00f5es e caracter\u00edsticas pr\u00f3prias da regi\u00e3o, tendo em vista o seu desenvolvimento;<\/p>\r\n<p>III \u2013 atender as solicita\u00e7\u00f5es de entidades p\u00fablicas e privadas, de acordo com as capacidades da equipe e infraestrutura dispon\u00edvel, no exame, estudos e solu\u00e7\u00f5es de quest\u00f5es t\u00e9cnicas na \u00e1rea de engenharia do meio ambiente;<\/p>\r\n<p>V \u2013 colaborar com a Associa\u00e7\u00e3o Brasileira de Normas T\u00e9cnicas (ABNT) para o estabelecimento de padr\u00f5es, normas, m\u00e9todos, mantendo atualizado o acervo de normas t\u00e9cnicas, na \u00e1rea de Engenharia do Meio Ambiente;<\/p>\r\n<p>VI \u2013 atender ao treinamento de estudantes da UFSM e outras institui\u00e7\u00f5es, por meio de est\u00e1gios supervisionados;<\/p>\r\n<p>VII \u2013 promover a realiza\u00e7\u00e3o de cursos de treinamento e aperfei\u00e7oamento, bem como a capacita\u00e7\u00e3o de t\u00e9cnicos na \u00e1rea de engenharia do meio ambiente;<\/p>\r\n<p>VIII \u2013 celebrar contratos, acordos, termos de compromisso ou protocolo com pessoas e entidades p\u00fablicas ou privadas, respeitando a legisla\u00e7\u00e3o vigente da UFSM; e<\/p>\r\n<p>IX \u2013 desenvolver outras atividades compat\u00edveis com suas finalidades, equipe t\u00e9cnica e infraestrutura.<\/p>\r\n<br>\r\n<p><b><div align=\"center\">T\u00cdTULO II<\/b><\/div><\/p>\r\n<p><b><div align=\"center\">DA ORGANIZA\u00c7\u00c3O<\/b><\/div><\/p>\r\n<br>\r\n<p><b><div align=\"center\">SE\u00c7\u00c3O I<\/b><\/div><\/p>\r\n<p><b><div align=\"center\">DA ORGANIZA\u00c7\u00c3O ESTRUTURAL<\/b><\/div><\/p>\r\n<br>\r\n<p>Art. 4\u00ba O LEMA tem a seguinte estrutura: <\/p>\r\n<p>I \u2013 Conselho Administrativo; e<\/p>\r\n<p>II \u2013 Secretaria de Apoio Administrativo<\/p>\r\n<p>Art. 5\u00ba O Conselho Administrativo, como \u00f3rg\u00e3o de supervis\u00e3o, orienta\u00e7\u00e3o e fiscaliza\u00e7\u00e3o, \u00e9 constitu\u00eddo:<\/p>\r\n<p>a) Diretor do LEMA \u2013 Presidente;<\/p>\r\n<p>b) Diretor Substituto do LEMA \u2013 Vice-Presidente; e<\/p>\r\n<p>c) Representantes dos setores operacionais \u2013 Membros.<\/p>\r\n<p>Par\u00e1grafo \u00fanico. O Conselho Administrativo do LEMA ter\u00e1 como Presidente o Diretor do \u00d3rg\u00e3o e como Vice-Presidente o Diretor Substituto. <\/p>\r\n<p>Art. 6\u00ba O Diretor do LEMA ser\u00e1 designado pelo Diretor do CT.<\/p>\r\n<p>\u00a7 1\u00ba Haver\u00e1 um Diretor Substituto indicado pelo Diretor do LEMA, a quem cabe substitu\u00ed-lo nos seus impedimentos legais e eventuais.<\/p>\r\n<p>\u00a7 2\u00ba O mandado do Diretor e dos Membros do Conselho Administrativo ser\u00e1 de 2 (dois) anos, podendo ser reconduzidos, uma \u00fanica vez.<\/p>\r\n<p>Art. 7\u00ba A administra\u00e7\u00e3o do LEMA ser\u00e1 assessorada atrav\u00e9s de uma Secretaria.<\/p>\r\n<p>Art. 8\u00ba   S\u00e3o \u00f3rg\u00e3os operacionais do LEMA:<\/p>\r\n<p>a) Setor de An\u00e1lise F\u00edsico-Qu\u00edmicas;<\/p>\r\n<p>b) Setor de Microbiologia;<\/p>\r\n<p>c) Setor de Hidrometria e Hidrossedimentometria;<\/p>\r\n<p>d) Setor de Mec\u00e2nica dos Fluidos e Hidr\u00e1ulica;<\/p>\r\n<p>e) Setor de Ecotecnologias e Instala\u00e7\u00f5es Prediais;<\/p>\r\n<p>f) Setor de Geoprocessamento;<\/p>\r\n<p>g) Setor de Processos;<\/p>\r\n<p>h) Setor de Log\u00edstica; e<\/p>\r\n<p>i) Setor de Gest\u00e3o dos Recursos H\u00eddricos.<\/p>\r\n<p>Par\u00e1grafo \u00fanico.  As \u00e1reas de conhecimento dos \u00f3rg\u00e3os operacionais s\u00e3o flex\u00edveis e acompanham o desenvolvimento do LEMA.<\/p>\r\n<p>Art. 9\u00ba A secretaria do LEMA \u00e9 exercida por Servidor T\u00e9cnico Administrativo, lotado no \u00f3rg\u00e3o, e designado pelo Diretor do LEMA, com concord\u00e2ncia do Diretor do CT e nomeado pelo Reitor.<\/p>\r\n<p>Par\u00e1grafo \u00fanico.  \u00c0 secretaria est\u00e3o vinculados os setores de documenta\u00e7\u00e3o.<\/p>\r\n<br>\r\n<p><b><div align=\"center\">SE\u00c7\u00c3O II<\/b><\/div><\/p>\r\n<p><b><div align=\"center\">DO ORGANOGRAMA ESTRUTURAL<\/b><\/div><\/p>\r\n<br>\r\n<p>Art. 10 O LEMA possui o seguinte <a href=\"https:\/\/www.ufsm.br\/app\/uploads\/sites\/344\/2021\/05\/Organograma-LEMA.jpg\" target=\"_blank\"><font color=\"blue\"><u>organograma estrutural<\/u><\/font><\/a>.<\/p>\r\n<br>\r\n<p><b><div align=\"center\">T\u00cdTULO III<\/b><\/div><\/p>\r\n<p><b><div align=\"center\">DA COMPET\u00caNCIA DOS \u00d3RG\u00c3OS E DAS ATRIBUI\u00c7\u00d5ES DOS CARGOS<\/b><\/div><\/p>\r\n<br>\r\n<p><b><div align=\"center\">SE\u00c7\u00c3O I<\/b><\/div><\/p>\r\n<p><b><div align=\"center\">DA DIRE\u00c7\u00c3O<\/b><\/div><\/p>\r\n<br>\r\n<p>Art. 11 A Dire\u00e7\u00e3o tem por finalidade, observado o regimento interno, atuar como um \u00f3rg\u00e3o diretivo das decis\u00f5es sobre objetivos e metas globais do LEMA, e do seu planejamento, bem como das pol\u00edticas e estabelecimento das diretrizes. \u00c9 incumb\u00eancia do Diretor do LEMA:<\/p>\r\n<p>I - representar o LEMA ou se fazer representar sempre que se fizer necess\u00e1rio;<\/p>\r\n<p>II - baixar normas e procedimentos de funcionamento do LEMA, desde que n\u00e3o contrariem a legisla\u00e7\u00e3o e normas maiores;<\/p>\r\n<p>III - apresentar o relat\u00f3rio anual das atividades \u00e0 Dire\u00e7\u00e3o do Centro, ap\u00f3s aprecia\u00e7\u00e3o do Conselho Administrativo do LEMA;<\/p>\r\n<p>IV - emitir autoriza\u00e7\u00e3o por escrito para utiliza\u00e7\u00e3o dos Laborat\u00f3rios do LEMA em hor\u00e1rios especiais e para empr\u00e9stimos de equipamentos, instrumentos ou dispositivos alocados no LEMA;<\/p>\r\n<p>V - elaborar o plano de trabalho do LEMA;<\/p>\r\n<p>VI - fornecer, nos prazos exigidos, todas as informa\u00e7\u00f5es solicitadas pela Dire\u00e7\u00e3o do Centro;<\/p>\r\n<p>VII - manter e zelar pelo patrim\u00f4nio do LEMA;<\/p>\r\n<p>VIII \u2013 organizar e aprovar a escala de f\u00e9rias dos servidores com exerc\u00edcio no LEMA e as respectivas altera\u00e7\u00f5es;<\/p>\r\n<p>IX - desempenhar as demais atribui\u00e7\u00f5es inerentes \u00e0 Dire\u00e7\u00e3o do \u00d3rg\u00e3o;<\/p>\r\n<p>X \u2013 cumprir e fazer cumprir o Regimento e as delibera\u00e7\u00f5es superiores, verificando se as atividades desenvolvidas pelo LEMA est\u00e3o de acordo com os mesmos;<\/p>\r\n<p>XI \u2013 definir as diretrizes pol\u00edticas, objetivos b\u00e1sicos e planejar as metas anuais e de longo prazo para todos os setores do LEMA, assegurando que as mesmas sejam cumpridas, ap\u00f3s aprovadas pelo Conselho Administrativo;<\/p>\r\n<p>XII \u2013 coordenar, executar e controlar as atividades de pessoas e de expediente do LEMA;<\/p>\r\n<p>XIII \u2013 convocar e presidir o Conselho Administrativo;<\/p>\r\n<p>XIV \u2013 controlar a aplica\u00e7\u00e3o dos recursos financeiros, concedidos sob qualquer t\u00edtulo, submetida a aplica\u00e7\u00e3o do controle da dire\u00e7\u00e3o de centro e ainda prestadas as devidas contas, aos termos da legisla\u00e7\u00e3o e em respeito ao princ\u00edpio da legalidade e da transpar\u00eancia;<\/p>\r\n<p>XV \u2013 assinar, juntamente com o signat\u00e1rio autorizado, os certificados de an\u00e1lises, ensaios e laudos t\u00e9cnicos expedidos pelo LEMA;<\/p>\r\n<p>XVI \u2013 prever, planejar e solicitar  a compra ou requisi\u00e7\u00e3o de material(is) necess\u00e1rios aos procedimentos de ensino, pesquisa, extens\u00e3o e \u00e0 execu\u00e7\u00e3o dos servi\u00e7os t\u00e9cnicos, observando a orienta\u00e7\u00e3o da PROPLAN, PRA e DEMAPA desta UFSM, como tamb\u00e9m as previs\u00f5es atinentes as compras e contrata\u00e7\u00f5es de que trata a Lei n. 8.666\/93 e dispositivos correlatos;<\/p>\r\n<p>XVII \u2013 planejar, orientar e acompanhar atividades tais como visitas, reuni\u00f5es t\u00e9cnicas e administrativas, dentre outras; e<\/p>\r\n<p>XVIII \u2013 responsabilizar-se diretamente:<\/p>\r\n<p>a) Pela emiss\u00e3o, guarda e sigilo dos relat\u00f3rios, laudos e certificados emitidos pelo LEMA.<\/p>\r\n<p>b) Pelo controle or\u00e7ament\u00e1rio dos recursos financeiros.<\/p>\r\n<p>c) Pela conserva\u00e7\u00e3o dos bens patrimoniais alocados no LEMA.<\/p>\r\n<p>Par\u00e1grafo \u00fanico. Os incisos II, III, IV, V, VI, VIII, XI e XII dever\u00e3o ser submetidos a aprova\u00e7\u00e3o do Diretor do Centro.<\/p>\r\n<br>\r\n<p><b><div align=\"center\">SE\u00c7\u00c3O II<\/b><\/div><\/p>\r\n<p><b><div align=\"center\">DO CONSELHO ADMINISTRATIVO<\/b><\/div><\/p>\r\n<br>\r\n<p>Art. 12 O Conselho Administrativo tem por finalidade, observado o regimento interno, atuar como \u00f3rg\u00e3o fiscalizador e orientador sobre os objetivos e metas globais do LEMA. \u00c9 de compet\u00eancia do Conselho Administrativo:<\/p>\r\n<p>I - orientar e fiscalizar as atividades de compet\u00eancia do LEMA;<\/p>\r\n<p>II - estabelecer o plano or\u00e7ament\u00e1rio;<\/p>\r\n<p>III - apreciar o relat\u00f3rio anual das atividades do LEMA, elaborado pela dire\u00e7\u00e3o do mesmo;<\/p>\r\n<p>IV - propor modifica\u00e7\u00f5es ao regimento da Subunidade e submet\u00ea-las ao Conselho do Centro;<\/p>\r\n<p>V \u2013 propor ao Conselho de Curadores da UFSM as tabelas de pre\u00e7os a vigorar em cada exerc\u00edcio, relativa a presta\u00e7\u00e3o de servi\u00e7os que podem ser desenvolvidos de laborat\u00f3rio executanto-os nos termos em que aprovados pelo \u00f3rg\u00e3o diretivo da UFSM;<\/p>\r\n<p>VI \u2013 manifestar-se previamente aos pedidos de ced\u00eancia de pessoal do LEMA, encaminhando ap\u00f3s os respectivos processos \u00e0 considera\u00e7\u00e3o da Pr\u00f3-Reitoria de Gest\u00e3o de pessoas e magn\u00edfico reitor da UFSM para delibera\u00e7\u00e3o;<\/p>\r\n<p>VII \u2013 aprovar as diretrizes pol\u00edticas, objetivos b\u00e1sicos e as metas anuais e de longo prazo; e<\/p>\r\n<p>VIII \u2013 orientar e fiscalizar as atividades de pessoal e as aplica\u00e7\u00f5es destinadas pela Uni\u00e3o e arrecada\u00e7\u00f5es pr\u00f3prias de conv\u00eanios.<\/p>\r\n<p>Par\u00e1grafo \u00fanico. Para os incisos I, II, III, IV, VII dever\u00e1 ser ouvida previamente e, quando necess\u00e1rio a dire\u00e7\u00e3o do centro de tecnologia.<\/p>\r\n<br>\r\n<p><b><div align=\"center\">SE\u00c7\u00c3O III<\/b><\/div><\/p>\r\n<p><b><div align=\"center\">DOS \u00d3RG\u00c3OS OPERACIONAIS<\/b><\/div><\/p>\r\n<br>\r\n<p>Art. 13 S\u00e3o atribui\u00e7\u00f5es comuns a todos os \u00f3rg\u00e3os operacionais: planejamento, coordena\u00e7\u00e3o e execu\u00e7\u00e3o das atividades afins de conhecimentos cient\u00edficos e t\u00e9cnicos que se identificam com sua compet\u00eancia espec\u00edfica.<\/p>\r\n<br>\r\n<p><b><div align=\"center\">SE\u00c7\u00c3O V<\/b><\/div><\/p>\r\n<p><b><div align=\"center\">DA SECRETARIA<\/b><\/div><\/p>\r\n<br>\r\n<p>Art. 14 Compete \u00e0 Secretaria do LEMA:<\/p>\r\n<p>I \u2013 executar as atividades de apoio administrativo ao LEMA;<\/p>\r\n<p>II \u2013 organizar e acompanhar as atividades de documenta\u00e7\u00e3o t\u00e9cnicas e cient\u00edfica especializada, bem como normatiza\u00e7\u00e3o;<\/p>\r\n<p>III \u2013 executar a confec\u00e7\u00e3o de certificados, laudos e relat\u00f3rios de ensaios e ou prestados pelo LEMA;<\/p>\r\n<p>IV \u2013 controlar e registrar o faturamento do LEMA;<\/p>\r\n<p>V \u2013 requisitar material permanente e de consumo do LEMA;<\/p>\r\n<p>VI \u2013 lavrar atas do Conselho Administrativo; <\/p>\r\n<p>VII \u2013 executar as demais atividades pertinentes ao servi\u00e7o; e<\/p>\r\n<p>VIII \u2013 outras atribui\u00e7\u00f5es compat\u00edveis a natureza das fun\u00e7\u00f5es desempenhadas, embora aqui n\u00e3o referidas.<\/p>\r\n<p>Par\u00e1grafo \u00fanico. Os itens III e IV tamb\u00e9m podem ser executados pelo Escrit\u00f3rio de Qualidade, quando aprovado pelo Conselho Administrativo.<\/p>\r\n<p>Art. 15 Incumbe ao Secret\u00e1rio do LEMA:<\/p>\r\n<p>I \u2013 prestar assessoria ao Diretor;<\/p>\r\n<p>II \u2013 dirigir e coordenar as atividades de compet\u00eancia da secretaria;<\/p>\r\n<p>III \u2013 providenciar a requisi\u00e7\u00e3o de passagens e di\u00e1rias de viagens de interesse do \u00f3rg\u00e3o;<\/p>\r\n<p>IV \u2013 manter de maneira ativa o v\u00ednculo e comunica\u00e7\u00e3o com o escrit\u00f3rio da qualidade; e<\/p>\r\n<p>V \u2013 desempenhar os demais atos inerentes ao exerc\u00edcio de suas atribui\u00e7\u00f5es.<\/p>\r\n<br>\r\n<p><b><div align=\"center\">T\u00cdTULO IV<\/b><\/div><\/p>\r\n<p><b><div align=\"center\">PATRIM\u00d4NIO E RECEITA<\/b><\/div><\/p>\r\n<br>\r\n<p>Art. 16 O patrim\u00f4nio do LEMA \u00e9 regido pelo Estatuto da UFSM.<\/p>\r\n<p>Art. 17 A receita do LEMA compreende:<\/p>\r\n<p>I \u2013 Receita da Uni\u00e3o repassada ao LEMA de acordo com os crit\u00e9rios estabelecidos pelo Conselho do CT; e<\/p>\r\n<p>II \u2013 Receita pr\u00f3pria.<\/p>\r\n<p>Par\u00e1grafo \u00fanico. A receita pr\u00f3pria do LEMA \u00e9 advinda da presta\u00e7\u00e3o de servi\u00e7o, e esta obedece as Resolu\u00e7\u00f5es estabelecidas e aprovadas pelos conselhos da UFSM, inclusive no tocante ao recolhimento de valores, eventualmente recebidos ao caixa \u00fanico da UFSM ou ao caixa indicado.<\/p>\r\n<br>\r\n<p><b><div align=\"center\">T\u00cdTULO V<\/b><\/div><\/p>\r\n<p><b><div align=\"center\">DAS DISPOSI\u00c7\u00d5ES GERAIS E TRANSIT\u00d3RIAS<\/b><\/div><\/p>\r\n<br>\r\n<p>Art. 18 As altera\u00e7\u00f5es parciais ou totais do Regimento Interno s\u00e3o de compet\u00eancia do Conselho do LEMA, com posterior aprova\u00e7\u00e3o pelo Conselho do CT.<\/p>\r\n<p>Art. 19 Das decis\u00f5es tomadas pelo diretor do LEMA, cabe recurso, no prazo legal previsto na Lei n. 9784\/99 ao diretor do centro de Tecnologia, em primeira inst\u00e2ncia e ao Magn\u00edfico reitor em derradeira inst\u00e2ncia.<\/p>\r\n<p>Art. 20 Os casos omissos neste Regimento e n\u00e3o contemplados no Regimento Interno do CT, Estatuto e Regimento Geral da UFSM ser\u00e3o dirimidos pelo Conselho do LEMA em primeira inst\u00e2ncia e pelos Conselhos Superiores em segunda inst\u00e2ncia.<\/p>\r\n<br>\r\n<\/strike>\r\n<p><font color=\"red0000\">Este texto n\u00e3o substitui o documento original, publicado no Portal de Documentos.<\/font> Dispon\u00edvel em: <a href=\"https:\/\/portal.ufsm.br\/documentos\/publico\/documento.html?id=8807563\"><font color=\"blue\">https:\/\/portal.ufsm.br\/documentos\/publico\/documento.html?id=8807563<\/font><\/a>\r\n\r\n\t\t<\/div>\n\t\t\t\t<\/div>\n\t\t\t\t\t<\/div>\n\t\t<\/div>\n\t\t\t\t\t<\/div>\n\t\t<\/section>\n\t\t\t\t<\/div>\n\t\t","protected":false},"excerpt":{"rendered":"<p>RESOLU\u00c7\u00c3O N. 027\/2017 MINIST\u00c9RIO DA EDUCA\u00c7\u00c3O UNIVERSIDADE FEDERAL DE SANTA MARIA RESOLU\u00c7\u00c3O N. 027\/2017 Aprova a Cria\u00e7\u00e3o do Laborat\u00f3rio de Engenharia do Meio Ambiente (LEMA), como \u00d3rg\u00e3o Suplementar Setorial na estrutura organizacional do Centro de Tecnologia \u2013 CT e d\u00e1 outras provid\u00eancias. Revogada pela Resolu\u00e7\u00e3o UFSM N. 094\/2022 O REITOR DA UNIVERSIDADE FEDERAL DE SANTA [&hellip;]<\/p>\n","protected":false},"author":205,"featured_media":0,"parent":0,"menu_order":0,"comment_status":"closed","ping_status":"closed","template":"","meta":{"footnotes":""},"categories":[],"tags":[],"class_list":["post-2563","page","type-page","status-publish","hentry"],"acf":[],"_links":{"self":[{"href":"https:\/\/www.ufsm.br\/pro-reitorias\/proplan\/wp-json\/wp\/v2\/pages\/2563","targetHints":{"allow":["GET"]}}],"collection":[{"href":"https:\/\/www.ufsm.br\/pro-reitorias\/proplan\/wp-json\/wp\/v2\/pages"}],"about":[{"href":"https:\/\/www.ufsm.br\/pro-reitorias\/proplan\/wp-json\/wp\/v2\/types\/page"}],"author":[{"embeddable":true,"href":"https:\/\/www.ufsm.br\/pro-reitorias\/proplan\/wp-json\/wp\/v2\/users\/205"}],"replies":[{"embeddable":true,"href":"https:\/\/www.ufsm.br\/pro-reitorias\/proplan\/wp-json\/wp\/v2\/comments?post=2563"}],"version-history":[{"count":0,"href":"https:\/\/www.ufsm.br\/pro-reitorias\/proplan\/wp-json\/wp\/v2\/pages\/2563\/revisions"}],"wp:attachment":[{"href":"https:\/\/www.ufsm.br\/pro-reitorias\/proplan\/wp-json\/wp\/v2\/media?parent=2563"}],"wp:term":[{"taxonomy":"category","embeddable":true,"href":"https:\/\/www.ufsm.br\/pro-reitorias\/proplan\/wp-json\/wp\/v2\/categories?post=2563"},{"taxonomy":"post_tag","embeddable":true,"href":"https:\/\/www.ufsm.br\/pro-reitorias\/proplan\/wp-json\/wp\/v2\/tags?post=2563"}],"curies":[{"name":"wp","href":"https:\/\/api.w.org\/{rel}","templated":true}]}}