{"id":2573,"date":"2019-10-15T15:49:11","date_gmt":"2019-10-15T18:49:11","guid":{"rendered":"https:\/\/www.ufsm.br\/pro-reitorias\/proplan\/?page_id=2573"},"modified":"2020-04-28T09:44:14","modified_gmt":"2020-04-28T12:44:14","slug":"resolucao-n-031-2017","status":"publish","type":"page","link":"https:\/\/www.ufsm.br\/pro-reitorias\/proplan\/resolucao-n-031-2017","title":{"rendered":"Resolu\u00e7\u00e3o N. 031\/2017"},"content":{"rendered":"\t\t<div data-elementor-type=\"wp-page\" data-elementor-id=\"2573\" class=\"elementor elementor-2573\">\n\t\t\t\t\t\t<section class=\"elementor-section elementor-top-section elementor-element elementor-element-83ef2f5 elementor-section-boxed elementor-section-height-default elementor-section-height-default\" data-id=\"83ef2f5\" data-element_type=\"section\">\n\t\t\t\t\t\t<div class=\"elementor-container elementor-column-gap-default\">\n\t\t\t\t\t<div class=\"elementor-column elementor-col-100 elementor-top-column elementor-element elementor-element-f8482d2\" data-id=\"f8482d2\" data-element_type=\"column\">\n\t\t\t<div class=\"elementor-widget-wrap elementor-element-populated\">\n\t\t\t\t\t\t<div class=\"elementor-element elementor-element-c26b997 elementor-widget elementor-widget-html\" data-id=\"c26b997\" data-element_type=\"widget\" data-widget_type=\"html.default\">\n\t\t\t\t<div class=\"elementor-widget-container\">\n\t\t\t\r\n\r\n\r\n<title><b>RESOLU\u00c7\u00c3O N. 031\/2017<\/b><\/title>\r\n\r\n\r\n<div align=\"center\"><img decoding=\"async\" src=\"https:\/\/www.ufsm.br\/pro-reitorias\/proplan\/wp-content\/uploads\/sites\/344\/2019\/09\/brasao-da-republica-do-brasil-logo.png\" alt=\"Bras\u00e3o Rep\u00fablica Federativa do Brasil\" width=\"6%\" height=\"6%\"><\/div>    \r\n<h1><font color=\"blue\"><font size=\"5\"><div align=\"center\">MINIST\u00c9RIO DA EDUCA\u00c7\u00c3O<\/b><\/font><\/font><\/div><\/H1>\r\n<p><b><font color=\"0000blue\"><div align=\"center\">UNIVERSIDADE FEDERAL DE SANTA MARIA<\/b><\/font><\/div><\/p>\r\n\r\n<p><div align=\"center\"><b><a href=\"https:\/\/portal.ufsm.br\/documentos\/publico\/documento.html?id=8807737\"><font color=\"blue\">RESOLU\u00c7\u00c3O N. 031\/2017<\/font><\/a><\/b><\/div><\/p>\r\n<br>\r\n<p><div align=\"right\"><font color=\"800000\"><strike>Institui o N\u00facleo Docente Estruturante \u2013 NDE no \u00e2mbito dos Cursos de Gradua\u00e7\u00e3o da Universidade Federal de Santa Maria, estabelece suas normas de funcionamento e revoga a Resolu\u00e7\u00e3o N. 014\/11.<\/strike><\/font><\/div><\/p>\r\n<br><div align=\"justify\">\r\n<p><a href=\"https:\/\/www.ufsm.br\/pro-reitorias\/proplan\/resolucao-n-043-2019\/\"><font color=\"blue\">Revogado pela Resolu\u00e7\u00e3o N. 043\/2019<\/font><\/a><\/p>\r\n<br>\r\n<strike>\r\n<p>O REITOR DA UNIVERSIDADE FEDERAL DE SANTA MARIA, no uso de suas atribui\u00e7\u00f5es legais e estatut\u00e1rias e considerando:<\/p>\r\n<p>- o que estabelece a <a href=\"http:\/\/portal.mec.gov.br\/index.php?option=com_docman&amp;view=download&amp;alias=6885-resolucao1-2010-conae&amp;category_slug=outubro-2010-pdf&amp;Itemid=30192\" target=\"_blank\"><font color=\"blue\"><u>Resolu\u00e7\u00e3o n. 01, de 17.06.2010, da Comiss\u00e3o Nacional de Avalia\u00e7\u00e3o da Educa\u00e7\u00e3o Superior<\/u><\/font><\/a> e seu respectivo Parecer, de 04.06.2010;<\/p>\r\n<p>- o Parecer n. 184\/2017, da Comiss\u00e3o de Legisla\u00e7\u00e3o e Normas (CLN), aprovado na 912\u00aa Sess\u00e3o do Conselho de Ensino, Pesquisa e Extens\u00e3o, de 07 de dezembro de 2017, referente ao Processo n. <a href=\"https:\/\/portal.ufsm.br\/documentos\/publico\/processo\/documento.html?idDocumento=8605347\" target=\"_blank\"><font color=\"blue\"><u>23081.046699\/2017-53<\/u><\/font><\/a>.<\/p>\r\n<br>\r\n<p><b><div align=\"center\">RESOLVE:<\/b><\/div><\/p>\r\n<br>\r\n<p>Art. 1\u00ba Instituir o N\u00facleo Docente Estruturante \u2013 NDE no \u00e2mbito dos Cursos de Gradua\u00e7\u00e3o da Universidade Federal de Santa Maria e estabelecer as normas de seu funcionamento.<\/p>\r\n<p>Art. 2\u00ba O N\u00facleo Docente Estruturante de cada Curso de Gradua\u00e7\u00e3o ser\u00e1 proposto pelo seu Colegiado e \u00e9 respons\u00e1vel pela concep\u00e7\u00e3o, acompanhamento, consolida\u00e7\u00e3o e avalia\u00e7\u00e3o do respectivo projeto pedag\u00f3gico.<\/p>\r\n\r\n<p>Art. 3\u00ba O N\u00facleo Docente Estruturante tem car\u00e1ter consultivo e propositivo em mat\u00e9ria acad\u00eamica, e ter\u00e1 as seguintes atribui\u00e7\u00f5es:<\/p>\r\n<p>I - elaborar o projeto pedag\u00f3gico do curso definindo sua concep\u00e7\u00e3o e fundamentos;<\/p>\r\n<p>II - zelar pelo perfil profissional do egresso do curso;<\/p>\r\n<p>III - supervisionar e apoiar as formas de avalia\u00e7\u00e3o e acompanhamento do projeto pedag\u00f3gico do curso definidas pelo Colegiado;<\/p>\r\n<p>IV - conduzir os trabalhos de altera\u00e7\u00e3o e\/ou reestrutura\u00e7\u00e3o curricular para aprova\u00e7\u00e3o no Colegiado de Curso, e demais inst\u00e2ncias institucionais, sempre que necess\u00e1rio;<\/p>\r\n<p>VI - zelar pelo cumprimento das Diretrizes Curriculares Nacionais para o Curso e demais marcos regulat\u00f3rios;<\/p>\r\n<p>VII - indicar formas de incentivo ao desenvolvimento de linhas de pesquisa e extens\u00e3o e sua articula\u00e7\u00e3o com a p\u00f3s-gradua\u00e7\u00e3o, oriundas das necessidades do curso de gradua\u00e7\u00e3o, das exig\u00eancias do mundo do trabalho, sintonizadas com as pol\u00edticas p\u00fablicas pr\u00f3prias \u00e0 \u00e1rea de conhecimento.<\/p>\r\n<p>Par\u00e1grafo \u00fanico. As proposi\u00e7\u00f5es do N\u00facleo Estruturante ser\u00e3o submetidas \u00e0 aprecia\u00e7\u00e3o e delibera\u00e7\u00e3o do Colegiado do Curso.<\/p>\r\n \r\n<p>Art. 4\u00ba O N\u00facleo Docente Estruturante ser\u00e1 composto por um m\u00ednimo de cinco docentes, atendidos os seguintes crit\u00e9rios:<\/p>\r\n<p>I - ser indicado pelo Colegiado do Curso; ou<\/p>\r\n<p>II - pertencer ao segmento docente do curso e ser por ele indicado; e<\/p>\r\n<p>III - ter, ao menos, 60% de seus membros com titula\u00e7\u00e3o acad\u00eamica obtida em programas de p\u00f3s-gradua\u00e7\u00e3o stricto sensu; e<\/p>\r\n<p>IV - ter todos os membros em regime de trabalho de tempo parcial ou integral, sendo pelo menos 20% em tempo integral.<\/p>\r\n<p>Par\u00e1grafo \u00fanico. O N\u00facleo Docente Estruturante deve ser constitu\u00eddo por membros do corpo docente do Curso que exer\u00e7am lideran\u00e7a acad\u00eamica no \u00e2mbito do mesmo, percebida na produ\u00e7\u00e3o de conhecimento na \u00e1rea, no desenvolvimento do ensino, e em outras dimens\u00f5es entendidas como importantes pela institui\u00e7\u00e3o, e que atuem sobre o desenvolvimento do Curso.<\/p>\r\n\r\n<p>Art. 5\u00ba Os membros do N\u00facleo Docente Estruturante ser\u00e3o designados pela Dire\u00e7\u00e3o da Unidade \u00e0 qual o Curso de gradua\u00e7\u00e3o \u00e9 vinculado para um mandato de tr\u00eas anos, podendo ocorrer recondu\u00e7\u00f5es, desde que se renove pelo menos um membro do quadro a cada recondu\u00e7\u00e3o.<\/p>\r\n<p>\u00a7 1\u00ba No ato de designa\u00e7\u00e3o a que se refere o caput deste artigo ser\u00e1 atribu\u00edda uma hora de trabalho semanal a cada membro do N\u00facleo para o desempenho de suas atribui\u00e7\u00f5es.<\/p>\r\n<p>\u00a7 2\u00ba A Dire\u00e7\u00e3o da Unidade de Ensino dever\u00e1 encaminhar c\u00f3pia da portaria de constitui\u00e7\u00e3o do N\u00facleo Docente Estruturante \u00e0 Pr\u00f3-Reitoria de Gradua\u00e7\u00e3o.<\/p>\r\n\r\n<p>Art. 6\u00ba O N\u00facleo Docente Estruturante dever\u00e1 ter um presidente e um secret\u00e1rio escolhidos pelos seus pares, para um mandato de dois anos.<\/p>\r\n<p>Art. 7\u00ba O N\u00facleo Docente Estruturante reunir-se-\u00e1, no m\u00ednimo, uma vez por semestre, preferencialmente no in\u00edcio do semestre letivo e, extraordinariamente, sempre que convocado pelo seu Presidente ou por solicita\u00e7\u00e3o da maioria de seus membros.<\/p>\r\n<p>Art. 8\u00ba Esta resolu\u00e7\u00e3o entra em vigor na data de sua assinatura, revogadas as disposi\u00e7\u00f5es em contr\u00e1rio.<\/p>\r\n\r\n<p>GABINETE DO REITOR DA UNIVERSIDADE FEDERAL DE SANTA MARIA, aos dezenove dias do m\u00eas de dezembro do ano dois mil e dezesseis.<\/p>\r\n<\/div>\r\n<p>Paulo Afonso Burmann,<\/p>\r\n<p>Reitor.<\/p>\r\n\r\n\r\n<p><font color=\"red0000\">Este texto n\u00e3o substitui o documento original, publicado no Portal de Documentos.<\/font> Dispon\u00edvel em: <a href=\"https:\/\/portal.ufsm.br\/documentos\/publico\/documento.html?id=8807737\"><font color=\"blue\">https:\/\/portal.ufsm.br\/documentos\/publico\/documento.html?id=8807737<\/font><\/a>\r\n<\/strike>\r\n\r\n\t\t<\/div>\n\t\t\t\t<\/div>\n\t\t\t\t\t<\/div>\n\t\t<\/div>\n\t\t\t\t\t<\/div>\n\t\t<\/section>\n\t\t\t\t<\/div>\n\t\t","protected":false},"excerpt":{"rendered":"<p>RESOLU\u00c7\u00c3O N. 031\/2017 MINIST\u00c9RIO DA EDUCA\u00c7\u00c3O UNIVERSIDADE FEDERAL DE SANTA MARIA RESOLU\u00c7\u00c3O N. 031\/2017 Institui o N\u00facleo Docente Estruturante \u2013 NDE no \u00e2mbito dos Cursos de Gradua\u00e7\u00e3o da Universidade Federal de Santa Maria, estabelece suas normas de funcionamento e revoga a Resolu\u00e7\u00e3o N. 014\/11. Revogado pela Resolu\u00e7\u00e3o N. 043\/2019 O REITOR DA UNIVERSIDADE FEDERAL DE [&hellip;]<\/p>\n","protected":false},"author":205,"featured_media":0,"parent":0,"menu_order":0,"comment_status":"closed","ping_status":"closed","template":"","meta":{"footnotes":""},"categories":[],"tags":[],"class_list":["post-2573","page","type-page","status-publish","hentry"],"acf":[],"_links":{"self":[{"href":"https:\/\/www.ufsm.br\/pro-reitorias\/proplan\/wp-json\/wp\/v2\/pages\/2573","targetHints":{"allow":["GET"]}}],"collection":[{"href":"https:\/\/www.ufsm.br\/pro-reitorias\/proplan\/wp-json\/wp\/v2\/pages"}],"about":[{"href":"https:\/\/www.ufsm.br\/pro-reitorias\/proplan\/wp-json\/wp\/v2\/types\/page"}],"author":[{"embeddable":true,"href":"https:\/\/www.ufsm.br\/pro-reitorias\/proplan\/wp-json\/wp\/v2\/users\/205"}],"replies":[{"embeddable":true,"href":"https:\/\/www.ufsm.br\/pro-reitorias\/proplan\/wp-json\/wp\/v2\/comments?post=2573"}],"version-history":[{"count":0,"href":"https:\/\/www.ufsm.br\/pro-reitorias\/proplan\/wp-json\/wp\/v2\/pages\/2573\/revisions"}],"wp:attachment":[{"href":"https:\/\/www.ufsm.br\/pro-reitorias\/proplan\/wp-json\/wp\/v2\/media?parent=2573"}],"wp:term":[{"taxonomy":"category","embeddable":true,"href":"https:\/\/www.ufsm.br\/pro-reitorias\/proplan\/wp-json\/wp\/v2\/categories?post=2573"},{"taxonomy":"post_tag","embeddable":true,"href":"https:\/\/www.ufsm.br\/pro-reitorias\/proplan\/wp-json\/wp\/v2\/tags?post=2573"}],"curies":[{"name":"wp","href":"https:\/\/api.w.org\/{rel}","templated":true}]}}