{"id":2597,"date":"2019-10-23T11:05:12","date_gmt":"2019-10-23T14:05:12","guid":{"rendered":"https:\/\/www.ufsm.br\/pro-reitorias\/proplan\/?page_id=2597"},"modified":"2022-01-05T15:01:30","modified_gmt":"2022-01-05T18:01:30","slug":"resolucao-n-047-2016","status":"publish","type":"page","link":"https:\/\/www.ufsm.br\/pro-reitorias\/proplan\/resolucao-n-047-2016","title":{"rendered":"Resolu\u00e7\u00e3o N. 047\/2016"},"content":{"rendered":"\t\t<div data-elementor-type=\"wp-page\" data-elementor-id=\"2597\" class=\"elementor elementor-2597\">\n\t\t\t\t\t\t<section class=\"elementor-section elementor-top-section elementor-element elementor-element-6aa801d elementor-section-boxed elementor-section-height-default elementor-section-height-default\" data-id=\"6aa801d\" data-element_type=\"section\">\n\t\t\t\t\t\t<div class=\"elementor-container elementor-column-gap-default\">\n\t\t\t\t\t<div class=\"elementor-column elementor-col-100 elementor-top-column elementor-element elementor-element-bac2e0c\" data-id=\"bac2e0c\" data-element_type=\"column\">\n\t\t\t<div class=\"elementor-widget-wrap elementor-element-populated\">\n\t\t\t\t\t\t<div class=\"elementor-element elementor-element-e327b46 elementor-widget elementor-widget-html\" data-id=\"e327b46\" data-element_type=\"widget\" data-widget_type=\"html.default\">\n\t\t\t\t<div class=\"elementor-widget-container\">\n\t\t\t\r\n\r\n\r\n<title><b>RESOLU\u00c7\u00c3O N. 047\/2016<\/b><\/title>\r\n\r\n\r\n<div align=\"center\"><img decoding=\"async\" src=\"https:\/\/www.ufsm.br\/pro-reitorias\/proplan\/wp-content\/uploads\/sites\/344\/2019\/09\/brasao-da-republica-do-brasil-logo.png\" alt=\"Bras\u00e3o Rep\u00fablica Federativa do Brasil\" width=\"6%\" height=\"6%\"><\/div>    \r\n<h1><font color=\"blue\"><font size=\"5\"><div align=\"center\">MINIST\u00c9RIO DA EDUCA\u00c7\u00c3O<\/b><\/font><\/font><\/div><\/H1>\r\n<p><b><font color=\"0000blue\"><div align=\"center\">UNIVERSIDADE FEDERAL DE SANTA MARIA<\/b><\/font><\/div><\/p>\r\n\r\n<p><div align=\"center\"><b><a href=\"https:\/\/portal.ufsm.br\/documentos\/publico\/documento.html?id=9161352\"><font color=\"blue\">RESOLU\u00c7\u00c3O N. 047\/2016<\/font><\/a><\/b><\/div><\/p>\r\n<br>\r\n<p><div align=\"right\"><font color=\"800000\"><s>Altera o Regimento Interno da Comiss\u00e3o Pr\u00f3pria de Avalia\u00e7\u00e3o (CPA) no \u00e2mbito da Universidade Federal de Santa Maria, e revoga Resolu\u00e7\u00e3o N. 009\/2015.<\/s><\/font><\/div><\/p>\r\n<br>\r\n<p><a href=\"https:\/\/www.ufsm.br\/pro-reitorias\/proplan\/?page_id=4725\" target=\"_blank\"><font color=\"blue\">Revogada pela Resolu\u00e7\u00e3o UFSM N. 067\/2021<\/font><\/a><\/p>\r\n<div align=\"justify\">\r\n<p><s>O REITOR DA UNIVERSIDADE FEDERAL DE SANTA MARIA, no uso de suas atribui\u00e7\u00f5es legais e estatut\u00e1rias e considerando:<\/p>\r\n<p>- o que estabelece a <a href=\"http:\/\/www.planalto.gov.br\/ccivil_03\/_ato2004-2006\/2004\/lei\/l10.861.htm\" target=\"_blank\"><font color=\"blue\"><u>Lei N. 10.861, de 14 de abril de 2004<\/u><\/font><\/a>;<\/p>\r\n<p>- a <a href=\"http:\/\/portal.mec.gov.br\/arquivos\/pdf\/PORTARIA_2051.pdf\" target=\"_blank\"><font color=\"blue\"><u>Portaria MEC N. 2.051, de 9 de julho de 2004<\/u><\/font><\/a>; e<\/p>\r\n<p>- o Parecer n. 011\/2016, da Comiss\u00e3o de Legisla\u00e7\u00e3o e Regimentos (CLR), aprovado na 780\u00aa Sess\u00e3o do Conselho Universit\u00e1rio, de 26 de fevereiro de 2016, referente ao Processo n. <a href=\"https:\/\/portal.ufsm.br\/documentos\/publico\/processo\/documento.html?idDocumento=7295705\" target=\"_blank\"><font color=\"blue\"><u>23081.015839\/2015-80<\/u><\/font><\/a>.<\/p>\r\n<br>\r\n<p><b><div align=\"center\">RESOLVE:<\/b><\/div><\/p>\r\n<br>\r\n<p>Art. 1\u00ba Alterar o <a href=\"https:\/\/www.ufsm.br\/pro-reitorias\/proplan\/regimento-interno-da-comissao-propria-de-avaliacao-cpa-da-ufsm\/\" target=\"_blank\"><font color=\"blue\"><u>Regimento Interno da Comiss\u00e3o Pr\u00f3pria de Avalia\u00e7\u00e3o (CPA)<\/u><\/font><\/a> da Universidade Federal de Santa Maria.<\/p>\r\n<p>Art. 2\u00ba Suprimir o termo \u201cdiscente\u201d do Inciso I do art. 6\u00ba do referido Regimento Interno da Comiss\u00e3o Pr\u00f3pria de Avalia\u00e7\u00e3o.<\/p>\r\n<p>Art. 3\u00ba Incluir o Inciso V do art. 6\u00ba do referido Regimento com a seguinte reda\u00e7\u00e3o: \u201cV \u2013 Coordenador de Planejamento e Avalia\u00e7\u00e3o Institucional, vinculado \u00e0 Pr\u00f3-Reitoria de Planejamento.\u201d<\/p>\r\n<p>Art. 4\u00ba Incluir no Inciso VI do art. 6\u00ba do referido Regimento com a seguinte reda\u00e7\u00e3o: \u201cVI \u2013 Discentes de gradua\u00e7\u00e3o em n\u00famero suficiente para que n\u00e3o ocorra a maioria absoluta de um segmento\u201d.<\/p>\r\n<p>Art. 5\u00ba O Regimento Interno da Comiss\u00e3o Pr\u00f3pria de Avalia\u00e7\u00e3o se constitui como Anexo desta Resolu\u00e7\u00e3o.<\/p>\r\n<p>Art. 6\u00ba Esta Resolu\u00e7\u00e3o entrar\u00e1 em vigor na data de sua assinatura, revoga a <a href=\"https:\/\/www.ufsm.br\/pro-reitorias\/proplan\/resolucao-n-009-2015\/\" target=\"_blank\"><font color=\"blue\"><u>Resolu\u00e7\u00e3o N. 009\/2015<\/u><\/font><\/a>, e revoga as disposi\u00e7\u00f5es em contr\u00e1rio.<\/p>\r\n\r\n<p>GABINETE DO REITOR DA UNIVERSIDADE FEDERAL DE SANTA MARIA, aos vinte e seis dias do m\u00eas de dezembro do ano dois mil e dezesseis.<\/p>\r\n<\/div>\r\n<p>Paulo Afonso Burmann,<\/p>\r\n<p>Reitor.<\/s><\/p>\r\n\r\n\r\n<p><font color=\"red0000\">Este texto n\u00e3o substitui o documento original, publicado no Portal de Documentos.<\/font> Dispon\u00edvel em: <a href=\"https:\/\/portal.ufsm.br\/documentos\/publico\/documento.html?id=9161352\"><font color=\"blue\">https:\/\/portal.ufsm.br\/documentos\/publico\/documento.html?id=9161352<\/font><\/a>\r\n\r\n\t\t<\/div>\n\t\t\t\t<\/div>\n\t\t\t\t\t<\/div>\n\t\t<\/div>\n\t\t\t\t\t<\/div>\n\t\t<\/section>\n\t\t\t\t<\/div>\n\t\t","protected":false},"excerpt":{"rendered":"<p>RESOLU\u00c7\u00c3O N. 047\/2016 MINIST\u00c9RIO DA EDUCA\u00c7\u00c3O UNIVERSIDADE FEDERAL DE SANTA MARIA RESOLU\u00c7\u00c3O N. 047\/2016 Altera o Regimento Interno da Comiss\u00e3o Pr\u00f3pria de Avalia\u00e7\u00e3o (CPA) no \u00e2mbito da Universidade Federal de Santa Maria, e revoga Resolu\u00e7\u00e3o N. 009\/2015. Revogada pela Resolu\u00e7\u00e3o UFSM N. 067\/2021 O REITOR DA UNIVERSIDADE FEDERAL DE SANTA MARIA, no uso de suas [&hellip;]<\/p>\n","protected":false},"author":205,"featured_media":0,"parent":0,"menu_order":0,"comment_status":"closed","ping_status":"closed","template":"","meta":{"footnotes":""},"categories":[],"tags":[],"class_list":["post-2597","page","type-page","status-publish","hentry"],"acf":[],"_links":{"self":[{"href":"https:\/\/www.ufsm.br\/pro-reitorias\/proplan\/wp-json\/wp\/v2\/pages\/2597","targetHints":{"allow":["GET"]}}],"collection":[{"href":"https:\/\/www.ufsm.br\/pro-reitorias\/proplan\/wp-json\/wp\/v2\/pages"}],"about":[{"href":"https:\/\/www.ufsm.br\/pro-reitorias\/proplan\/wp-json\/wp\/v2\/types\/page"}],"author":[{"embeddable":true,"href":"https:\/\/www.ufsm.br\/pro-reitorias\/proplan\/wp-json\/wp\/v2\/users\/205"}],"replies":[{"embeddable":true,"href":"https:\/\/www.ufsm.br\/pro-reitorias\/proplan\/wp-json\/wp\/v2\/comments?post=2597"}],"version-history":[{"count":0,"href":"https:\/\/www.ufsm.br\/pro-reitorias\/proplan\/wp-json\/wp\/v2\/pages\/2597\/revisions"}],"wp:attachment":[{"href":"https:\/\/www.ufsm.br\/pro-reitorias\/proplan\/wp-json\/wp\/v2\/media?parent=2597"}],"wp:term":[{"taxonomy":"category","embeddable":true,"href":"https:\/\/www.ufsm.br\/pro-reitorias\/proplan\/wp-json\/wp\/v2\/categories?post=2597"},{"taxonomy":"post_tag","embeddable":true,"href":"https:\/\/www.ufsm.br\/pro-reitorias\/proplan\/wp-json\/wp\/v2\/tags?post=2597"}],"curies":[{"name":"wp","href":"https:\/\/api.w.org\/{rel}","templated":true}]}}