{"id":2598,"date":"2019-10-23T11:07:01","date_gmt":"2019-10-23T14:07:01","guid":{"rendered":"https:\/\/www.ufsm.br\/pro-reitorias\/proplan\/?page_id=2598"},"modified":"2022-01-07T09:52:45","modified_gmt":"2022-01-07T12:52:45","slug":"regimento-interno-da-comissao-propria-de-avaliacao-cpa-da-ufsm","status":"publish","type":"page","link":"https:\/\/www.ufsm.br\/pro-reitorias\/proplan\/regimento-interno-da-comissao-propria-de-avaliacao-cpa-da-ufsm","title":{"rendered":"Regimento Interno da Comiss\u00e3o Pr\u00f3pria de Avalia\u00e7\u00e3o (CPA) da UFSM (2016)"},"content":{"rendered":"\t\t<div data-elementor-type=\"wp-page\" data-elementor-id=\"2598\" class=\"elementor elementor-2598\">\n\t\t\t\t\t\t<section class=\"elementor-section elementor-top-section elementor-element elementor-element-7fdb28a elementor-section-boxed elementor-section-height-default elementor-section-height-default\" data-id=\"7fdb28a\" data-element_type=\"section\">\n\t\t\t\t\t\t<div class=\"elementor-container elementor-column-gap-default\">\n\t\t\t\t\t<div class=\"elementor-column elementor-col-100 elementor-top-column elementor-element elementor-element-ded9c78\" data-id=\"ded9c78\" data-element_type=\"column\">\n\t\t\t<div class=\"elementor-widget-wrap elementor-element-populated\">\n\t\t\t\t\t\t<div class=\"elementor-element elementor-element-65ec518 elementor-widget elementor-widget-html\" data-id=\"65ec518\" data-element_type=\"widget\" data-widget_type=\"html.default\">\n\t\t\t\t<div class=\"elementor-widget-container\">\n\t\t\t\r\n\r\n\r\n<title><b>REGIMENTO INTERNO DA COMISS\u00c3O PR\u00d3PRIA DE AVALIA\u00c7\u00c3O (CPA) DA UNIVERSIDADE FEDERAL DE SANTA MARIA<\/b><\/title>\r\n\r\n\r\n<div align=\"center\"><img decoding=\"async\" src=\"https:\/\/www.ufsm.br\/pro-reitorias\/proplan\/wp-content\/uploads\/sites\/344\/2019\/09\/brasao-da-republica-do-brasil-logo.png\" alt=\"Bras\u00e3o Rep\u00fablica Federativa do Brasil\" width=\"6%\" height=\"6%\"><\/div>    \r\n<h1><font color=\"blue\"><font size=\"5\"><div align=\"center\">MINIST\u00c9RIO DA EDUCA\u00c7\u00c3O<\/b><\/font><\/font><\/div><\/H1>\r\n<p><b><font color=\"0000blue\"><div align=\"center\">UNIVERSIDADE FEDERAL DE SANTA MARIA<\/b><\/font><\/div><\/p>\r\n\r\n<p><div align=\"center\"><b><a href=\"https:\/\/portal.ufsm.br\/documentos\/publico\/documento.html?id=12765441\"><font color=\"blue\">REGIMENTO INTERNO DA COMISS\u00c3O PR\u00d3PRIA DE AVALIA\u00c7\u00c3O (CPA) DA UNIVERSIDADE FEDERAL DE SANTA MARIA<\/font><\/a><\/b><\/div><\/p>\r\n<br>\r\n<p><div align=\"right\"><font color=\"800000\">Anexo da <a href=\"https:\/\/www.ufsm.br\/pro-reitorias\/proplan\/resolucao-n-047-2016\/\" target=\"_blank\"><font color=\"blue\"><u>Res. N. 047\/2016, de 26.12.2016<\/u><\/font><\/a>.<\/font><\/div><\/p>\r\n<p><a href=\"https:\/\/www.ufsm.br\/pro-reitorias\/proplan\/?page_id=4725\" target=\"_blank\"><font color=\"blue\">Revogado pela Resolu\u00e7\u00e3o UFSM N. 067\/2021<\/font><\/a><\/p>\r\n<br>\r\n<p><b><div align=\"center\"><s>CAP\u00cdTULO I<\/b><\/div><\/p>\r\n<p><b><div align=\"center\">DA NATUREZA E DAS FINALIDADES<\/b><\/div><\/p>\r\n<br><div align=\"justify\">\r\n<br>\r\n<p>Art. 1\u00ba A Comiss\u00e3o Pr\u00f3pria de Avalia\u00e7\u00e3o (CPA) da Universidade Federal de Santa Maria (UFSM) \u00e9 uma comiss\u00e3o permanente, prevista pelo SINAES (Sistema Nacional de Avalia\u00e7\u00e3o da Educa\u00e7\u00e3o Superior), estabelecido pela <a href=\"http:\/\/www.planalto.gov.br\/ccivil_03\/_ato2004-2006\/2004\/lei\/l10.861.htm\" target=\"_blank\"><font color=\"blue\"><u>Lei n. 10.861, de 14 de abril de 2004<\/u><\/font><\/a> e regulamentado pela <a href=\"http:\/\/portal.mec.gov.br\/arquivos\/pdf\/PORTARIA_2051.pdf\" target=\"_blank\"><font color=\"blue\"><u>Portaria Ministerial \u2013 MEC, N. 2.051 de 9 de julho de 2004<\/u><\/font><\/a>.<\/p>\r\n<p>Art. 2\u00ba A CPA \u00e9 respons\u00e1vel pela coordena\u00e7\u00e3o dos processos internos de avalia\u00e7\u00e3o da institui\u00e7\u00e3o, de sistematiza\u00e7\u00e3o e de presta\u00e7\u00e3o das informa\u00e7\u00f5es solicitadas pelo Instituto Nacional de Estudos e Pesquisas Educacionais An\u00edsio Teixeira (INEP).<\/p>\r\n<p>Art. 3\u00ba A autoavalia\u00e7\u00e3o \u00e9 um processo de car\u00e1ter diagn\u00f3stico, formativo e de compromisso coletivo, tendo como objetivo indicar \u00e0 comunidade as potencialidades e fragilidades da institui\u00e7\u00e3o, no intuito de promover a qualidade das a\u00e7\u00f5es de ensino, pesquisa e extens\u00e3o, observados os princ\u00edpios do SINAES e as especificidades da universidade.<\/p>\r\n<p>Art. 4\u00ba A CPA ter\u00e1 atua\u00e7\u00e3o aut\u00f4noma no \u00e2mbito de sua compet\u00eancia legal, prestando informa\u00e7\u00f5es de suas atividades ao Conselho Universit\u00e1rio (CONSU) e ao INEP e divulgando \u00e0 comunidade universit\u00e1ria, de acordo com a <a href=\"http:\/\/portal.mec.gov.br\/arquivos\/pdf\/PORTARIA_2051.pdf\" target=\"_blank\"><font color=\"blue\"><u>Portaria Ministerial \u2013 MEC, N. 2.051 de 09 de julho de 2004<\/u><\/font><\/a>, tendo apoio or\u00e7ament\u00e1rio e financeiro da institui\u00e7\u00e3o e t\u00e9cnico-administrativo da Coordenadoria de Planejamento e Avalia\u00e7\u00e3o Institucional (COPLAI) vinculada \u00e0 Pr\u00f3-reitoria de Planejamento (PROPLAN).<\/p>\r\n<br>\r\n<p><b><div align=\"center\">CAP\u00cdTULO II<\/b><\/div><\/p>\r\n<p><b><div align=\"center\">DA COMPOSI\u00c7\u00c3O<\/b><\/div><\/p>\r\n<br>\r\n<p>Art. 5\u00ba Possui representa\u00e7\u00e3o de todos os segmentos da comunidade universit\u00e1ria e da sociedade civil organizada.<\/p>\r\n\r\n<p>Art. 6\u00ba A CPA ter\u00e1 a seguinte composi\u00e7\u00e3o:<\/p>\r\n<p>I - um representante de cada Comiss\u00e3o Setorial de Avalia\u00e7\u00e3o (CSA), podendo ser dos segmentos docente ou t\u00e9cnico-administrativo em educa\u00e7\u00e3o, exceto da CSA da reitoria, que ter\u00e1 cinco representantes, com vistas a possibilitar participa\u00e7\u00e3o das \u00e1reas de ensino, pesquisa, extens\u00e3o, gest\u00e3o e ensino b\u00e1sico, t\u00e9cnico e tecnol\u00f3gico;<\/p>\r\n<p>II - um representante dos servidores docentes aposentados;<\/p>\r\n<p>III - um representante dos servidores t\u00e9cnico-administrativos em educa\u00e7\u00e3o aposentados;<\/p>\r\n<p>IV - um representante da sociedade civil organizada com amplitude regional;<\/p>\r\n<p>V - Coordenador de Planejamento e Avalia\u00e7\u00e3o Institucional, vinculado \u00e0 Pr\u00f3-Reitoria de Planejamento;<\/p>\r\n<p>VI - Discentes de gradua\u00e7\u00e3o em n\u00famero suficiente para que n\u00e3o ocorra a maioria absoluta de um segmento.<\/p>\r\n<p>\u00a7 1\u00ba A CPA ter\u00e1 um Coordenador escolhido pelos seus membros.<\/p>\r\n<p>\u00a7 2\u00ba Os integrantes da CPA ser\u00e3o nomeados pelo Reitor para um mandato de dois anos, permitida uma recondu\u00e7\u00e3o.<\/p>\r\n<p>\u00a7 3\u00ba No caso de vac\u00e2ncia, a substitui\u00e7\u00e3o respeitar\u00e1 o segmento representado at\u00e9 a integraliza\u00e7\u00e3o do mandato vigente.<\/p>\r\n<p>\u00a7 4\u00ba Ser\u00e1 vedada a composi\u00e7\u00e3o que privilegie a maioria absoluta de um segmento.<\/p>\r\n<p>\u00a7 5\u00ba N\u00e3o poder\u00e1 exercer a representa\u00e7\u00e3o da sociedade civil servidor docente ou t\u00e9cnico-administrativo em educa\u00e7\u00e3o ativo ou aposentado da Institui\u00e7\u00e3o.<\/p>\r\n<br>\r\n<p><b><div align=\"center\">Se\u00e7\u00e3o I<\/b><\/div><\/p>\r\n<p><b><div align=\"center\">Das Comiss\u00f5es Setoriais de Avalia\u00e7\u00e3o (CSA)<\/b><\/div><\/p>\r\n<br>\r\n<p>Art. 7\u00ba A reitoria, bem como as demais unidades envolvidas constituir\u00e3o CSA integradas e articuladas com a CPA, com o objetivo de desenvolver seus processos internos de avalia\u00e7\u00e3o.<\/p>\r\n<p>\u00a7 1\u00ba A CSA da reitoria poder\u00e1 ter na sua composi\u00e7\u00e3o, representantes dos diversos \u00f3rg\u00e3os vinculados a ela.<\/p>\r\n<p>\u00a7 2\u00ba O N\u00facleo de Tecnologia Educacional (NTE) constituir\u00e1 uma CSA como forma de atender as demandas da modalidade a dist\u00e2ncia no ensino, pesquisa e extens\u00e3o.<\/p>\r\n\r\n<p>Art. 8\u00ba As CSA junto \u00e0 reitoria e \u00e0s demais unidades envolvidas ser\u00e3o constitu\u00eddas por:<\/p>\r\n<p>I - representantes do corpo docente, t\u00e9cnico-administrativo em educa\u00e7\u00e3o e discente da unidade, escolhidos pelo conselho da referida unidade, vedada a composi\u00e7\u00e3o que privilegie a maioria absoluta de um segmento; e<\/p>\r\n<p>II - coordenador, escolhido pelos seus membros.<\/p>\r\n<p>\u00a7 1\u00ba A CSA da reitoria n\u00e3o ter\u00e1 representante do corpo discente em virtude de sua especificidade.<\/p>\r\n<p>\u00a7 2\u00ba Os integrantes da CSA ser\u00e3o nomeados pelo diretor da unidade que se refere para um mandato de dois anos, permitida uma recondu\u00e7\u00e3o.<\/p>\r\n\r\n<p>Art. 9\u00ba Compete \u00e0s CSA:<\/p>\r\n<p>I - sensibilizar a comunidade universit\u00e1ria da respectiva unidade para os processos de avalia\u00e7\u00e3o institucional;<\/p>\r\n<p>II - desenvolver o processo de autoavalia\u00e7\u00e3o na unidade, conforme o projeto de autoavalia\u00e7\u00e3o da Universidade e orienta\u00e7\u00f5es da CPA;<\/p>\r\n<p>III - sistematizar e prestar as informa\u00e7\u00f5es solicitadas pela CPA; e<\/p>\r\n<p>IV - acompanhar os processos de avalia\u00e7\u00f5es interna e externa espec\u00edficas dos cursos que comp\u00f5em a unidade universit\u00e1ria.<\/p>\r\n<br>\r\n<p><b><div align=\"center\">CAP\u00cdTULO II<\/b><\/div><\/p>\r\n<p><b><div align=\"center\">DAS COMPET\u00caNCIAS<\/b><\/div><\/p>\r\n<br>\r\n<p>Art. 10 \u00c0 CPA compete:<\/p>\r\n<p>I - coordenar o processo de autoavalia\u00e7\u00e3o institucional;<\/p>\r\n<p>II - propor a metodologia do processo de autoavalia\u00e7\u00e3o;<\/p>\r\n<p>III - definir as diretrizes e implementar as a\u00e7\u00f5es de sua \u00e1rea de compet\u00eancia no que concerne \u00e0 avalia\u00e7\u00e3o interna;<\/p>\r\n<p>IV - propor normas e instrumentos que objetivem o constante aprimoramento das atividades desenvolvidas pela CPA;<\/p>\r\n<p>V - articular as diferentes CSA com os demais \u00f3rg\u00e3os da Universidade na sua \u00e1rea de compet\u00eancia;<\/p>\r\n<p>VI - orientar os trabalhos das CSA;<\/p>\r\n<p>VII - apreciar e aprovar o plano das CSA;<\/p>\r\n<p>VIII - encaminhar ao CONSU seu regimento e altera\u00e7\u00f5es e outros documentos pertinentes ao processo de autoavalia\u00e7\u00e3o;<\/p>\r\n<p>IX - preparar relat\u00f3rios e encaminhar ao CONSU;<\/p>\r\n<p>X - constituir grupos de trabalho quando necess\u00e1rio;<\/p>\r\n<p>XI - formular propostas de melhorias e desenvolvimento para a Institui\u00e7\u00e3o baseadas nas an\u00e1lises do processo de autoavalia\u00e7\u00e3o;<\/p>\r\n<p>XII - divulgar amplamente na comunidade universit\u00e1ria as atividades da CPA;<\/p>\r\n<p>XIII - disseminar, permanentemente, informa\u00e7\u00f5es sobre a autoavalia\u00e7\u00e3o;<\/p>\r\n<p>XIV - realizar balan\u00e7o cr\u00edtico do processo avaliativo;<\/p>\r\n<p>XV - elaborar relat\u00f3rio de autoavalia\u00e7\u00e3o institucional;<\/p>\r\n<p>XVI - implementar a\u00e7\u00f5es visando \u00e0 sensibiliza\u00e7\u00e3o da comunidade universit\u00e1ria quanto \u00e0 import\u00e2ncia do processo de autoavalia\u00e7\u00e3o institucional;<\/p>\r\n<p>XVII - acompanhar o processo de avalia\u00e7\u00e3o externa da Institui\u00e7\u00e3o e o Exame Nacional de Desempenho de Estudantes (ENADE);<\/p>\r\n<p>XVIII - acompanhar o Plano de Desenvolvimento Institucional (PDI) e o Projeto Pol\u00edtico Pedag\u00f3gico (PPP) da Institui\u00e7\u00e3o e apresentar sugest\u00f5es; e<\/p>\r\n<p>XIX - articular-se com Comiss\u00f5es Pr\u00f3prias de Avalia\u00e7\u00e3o de outras Institui\u00e7\u00f5es de Ensino Superior e com a Comiss\u00e3o Nacional de Avalia\u00e7\u00e3o da Educa\u00e7\u00e3o Superior.<\/p>\r\n\r\n<p>Art. 11 Ao coordenador compete:<\/p>\r\n<p>I \u2013 coordenar as atividades propostas pela CPA;<\/p>\r\n<p>II \u2013 convocar os membros e presidir as reuni\u00f5es da CPA; e<\/p>\r\n<p>III \u2013 representar a comiss\u00e3o junto aos \u00f3rg\u00e3os colegiados da Institui\u00e7\u00e3o e do CONAES.<\/p>\r\n\r\n<p>Art. 12 A CPA da UFSM dispor\u00e1 de apoio de um secret\u00e1rio lotado na COPLAI\/PROPLAN, tendo como atribui\u00e7\u00f5es:<\/p>\r\n<p>I - redigir atas de reuni\u00f5es da CPA\/UFSM;<\/p>\r\n<p>II - divulgar a programa\u00e7\u00e3o de trabalho, bem como pautas de reuni\u00f5es da CPA\/UFSM;<\/p>\r\n<p>III - controlar o recebimento, movimenta\u00e7\u00e3o e expedi\u00e7\u00e3o de processos e correspond\u00eancias;<\/p>\r\n<p>IV - secretariar as reuni\u00f5es da CPA\/UFSM;<\/p>\r\n<p>V - preparar, examinar, revisar e encaminhar os atos administrativos ou normativos encaminhados \u00e0 assinatura ou aprova\u00e7\u00e3o do coordenador, bem como dos demais membros da CPA;<\/p>\r\n<p>VI - requisitar material permanente e de consumo;<\/p>\r\n<p>VII - organizar e manter arquivos de interesse da CPA\/UFSM; e<\/p> \r\n<p>VIII - exercer outras atividades que lhe forem atribu\u00eddas pelo coordenador.<\/p>\r\n<br>\r\n<p><b><div align=\"center\">CAP\u00cdTULO IV<\/b><\/div><\/p>\r\n<p><b><div align=\"center\">DO FUNCIONAMENTO, DURA\u00c7\u00c3O DE MANDATO E SUBSTITUI\u00c7\u00c3O DE MEMBROS<\/b><\/div><\/p>\r\n<br>\r\n<p>Art. 13 A CPA reunir-se-\u00e1, ordinariamente, por convoca\u00e7\u00e3o de seu coordenador, uma vez por m\u00eas e, extraordinariamente, sempre que se fizer necess\u00e1rio.<\/p>\r\n<p>Art. 14 A pauta das reuni\u00f5es ordin\u00e1rias ser\u00e1 divulgada com anteced\u00eancia m\u00ednima de quarenta e oito horas.<\/p>\r\n<p>Art. 15 As reuni\u00f5es extraordin\u00e1rias ser\u00e3o convocadas, com anteced\u00eancia m\u00ednima de cinco dias, com pr\u00e9via e ampla divulga\u00e7\u00e3o de sua pauta.<\/p>\r\n<p>Art. 16 As reuni\u00f5es da CPA ser\u00e3o presididas pelo coordenador ou por um dos membros da comiss\u00e3o, por ele previamente designado.<\/p>\r\n<p>Art. 17 O qu\u00f3rum m\u00ednimo para delibera\u00e7\u00f5es da CPA ser\u00e1 de metade mais um de seus membros.<\/p>\r\n<p>Art. 18 As delibera\u00e7\u00f5es da CPA ser\u00e3o aprovadas sempre por maioria de votos favor\u00e1veis de seus membros presentes.<\/p>\r\n<p>Art. 19 O comparecimento dos membros da CPA \u00e0s reuni\u00f5es \u00e9 obrigat\u00f3rio e tem preced\u00eancia sobre qualquer outra atividade.<\/p>\r\n\r\n<p>Art. 20 O membro da comiss\u00e3o que n\u00e3o participar de tr\u00eas reuni\u00f5es consecutivas ou faltar a cinco alternadas, caracterizando a impossibilidade de participa\u00e7\u00e3o efetiva, salvo justificativa cab\u00edvel, perder\u00e1 o seu mandato.<\/p>\r\n<p>Par\u00e1grafo \u00fanico. As reuni\u00f5es que s\u00e3o tratadas neste artigo referem-se \u00e0 reuni\u00f5es ordin\u00e1rias, extraordin\u00e1rias e dos grupos de trabalho.<\/p>\r\n\r\n<p>Art. 21 A CPA ter\u00e1 assessoramento da PROPLAN por meio da COPLAI.<\/p>\r\n<p>Art. 22 A CPA ter\u00e1 pleno acesso a todas as informa\u00e7\u00f5es institucionais e poder\u00e1 requerer informa\u00e7\u00f5es sistematizadas de todas as unidades da institui\u00e7\u00e3o, ressaltando-se que as informa\u00e7\u00f5es dever\u00e3o ser fornecidas dentro do prazo estabelecido pela CPA.<\/p>\r\n<p>Art. 23 A organiza\u00e7\u00e3o da CPA se dar\u00e1 da seguinte forma: plen\u00e1rio da CPA e Grupos de Trabalho.<\/p>\r\n<p>Par\u00e1grafo \u00fanico. Os Grupos de Trabalho ser\u00e3o definidos e organizados conforme as demandas da CPA, com o objetivo de operacionalizar os processos internos de avalia\u00e7\u00e3o.<\/p>\r\n\r\n<p>Art. 24 A CPA prev\u00ea a aloca\u00e7\u00e3o de at\u00e9 quatro horas semanais de trabalho para os representantes dos servidores docentes e t\u00e9cnico-administrativos em educa\u00e7\u00e3o que participem nas atividades dos grupos de trabalho.<\/p>\r\n<p>Par\u00e1grafo \u00fanico. Aos discentes que participarem dos grupos de trabalho ser\u00e1 expedido certificado.<\/p>\r\n<br>\r\n<p><b><div align=\"center\">CAP\u00cdTULO V<\/b><\/div><\/p>\r\n<p><b><div align=\"center\">DAS DISPOSI\u00c7\u00d5ES GERAIS<\/b><\/div><\/p>\r\n<br>\r\n<p>Art. 25 A CPA dever\u00e1 justificar as aus\u00eancias dos representantes discentes que tiverem atividades acad\u00eamicas em hor\u00e1rio coincidente com reuni\u00f5es ordin\u00e1rias e extraordin\u00e1rias.<\/p>\r\n<p>Art. 26 Os casos omissos ser\u00e3o resolvidos no \u00e2mbito da CPA e quando o caso configurar impr\u00f3prio para decis\u00e3o na Comiss\u00e3o, encaminhados ao CONSU da institui\u00e7\u00e3o.<\/p>\r\n<p>Art. 27 O presente Regimento poder\u00e1 ser modificado mediante proposta de um ter\u00e7o, no m\u00ednimo, dos integrantes da CPA, a ser submetida \u00e0 aprova\u00e7\u00e3o do CONSU.<\/p>\r\n<p>Art. 28 Este Regimento entra em vigor na data de sua aprova\u00e7\u00e3o pelo Conselho Universit\u00e1rio.<\/s><\/p>\r\n<br>\r\n<\/div>\r\n<p><font color=\"red0000\">Este texto n\u00e3o substitui o documento original, publicado no Portal de Documentos.<\/font> Dispon\u00edvel em: <a href=\"https:\/\/portal.ufsm.br\/documentos\/publico\/documento.html?id=12765441\"><font color=\"blue\">https:\/\/portal.ufsm.br\/documentos\/publico\/documento.html?id=12765441<\/font><\/a>\r\n\r\n\t\t<\/div>\n\t\t\t\t<\/div>\n\t\t\t\t\t<\/div>\n\t\t<\/div>\n\t\t\t\t\t<\/div>\n\t\t<\/section>\n\t\t\t\t<\/div>\n\t\t","protected":false},"excerpt":{"rendered":"<p>REGIMENTO INTERNO DA COMISS\u00c3O PR\u00d3PRIA DE AVALIA\u00c7\u00c3O (CPA) DA UNIVERSIDADE FEDERAL DE SANTA MARIA MINIST\u00c9RIO DA EDUCA\u00c7\u00c3O UNIVERSIDADE FEDERAL DE SANTA MARIA REGIMENTO INTERNO DA COMISS\u00c3O PR\u00d3PRIA DE AVALIA\u00c7\u00c3O (CPA) DA UNIVERSIDADE FEDERAL DE SANTA MARIA Anexo da Res. N. 047\/2016, de 26.12.2016. Revogado pela Resolu\u00e7\u00e3o UFSM N. 067\/2021 CAP\u00cdTULO I DA NATUREZA E DAS [&hellip;]<\/p>\n","protected":false},"author":205,"featured_media":0,"parent":0,"menu_order":0,"comment_status":"closed","ping_status":"closed","template":"","meta":{"footnotes":""},"categories":[],"tags":[],"class_list":["post-2598","page","type-page","status-publish","hentry"],"acf":[],"_links":{"self":[{"href":"https:\/\/www.ufsm.br\/pro-reitorias\/proplan\/wp-json\/wp\/v2\/pages\/2598","targetHints":{"allow":["GET"]}}],"collection":[{"href":"https:\/\/www.ufsm.br\/pro-reitorias\/proplan\/wp-json\/wp\/v2\/pages"}],"about":[{"href":"https:\/\/www.ufsm.br\/pro-reitorias\/proplan\/wp-json\/wp\/v2\/types\/page"}],"author":[{"embeddable":true,"href":"https:\/\/www.ufsm.br\/pro-reitorias\/proplan\/wp-json\/wp\/v2\/users\/205"}],"replies":[{"embeddable":true,"href":"https:\/\/www.ufsm.br\/pro-reitorias\/proplan\/wp-json\/wp\/v2\/comments?post=2598"}],"version-history":[{"count":0,"href":"https:\/\/www.ufsm.br\/pro-reitorias\/proplan\/wp-json\/wp\/v2\/pages\/2598\/revisions"}],"wp:attachment":[{"href":"https:\/\/www.ufsm.br\/pro-reitorias\/proplan\/wp-json\/wp\/v2\/media?parent=2598"}],"wp:term":[{"taxonomy":"category","embeddable":true,"href":"https:\/\/www.ufsm.br\/pro-reitorias\/proplan\/wp-json\/wp\/v2\/categories?post=2598"},{"taxonomy":"post_tag","embeddable":true,"href":"https:\/\/www.ufsm.br\/pro-reitorias\/proplan\/wp-json\/wp\/v2\/tags?post=2598"}],"curies":[{"name":"wp","href":"https:\/\/api.w.org\/{rel}","templated":true}]}}