{"id":2602,"date":"2019-10-23T11:12:16","date_gmt":"2019-10-23T14:12:16","guid":{"rendered":"https:\/\/www.ufsm.br\/pro-reitorias\/proplan\/?page_id=2602"},"modified":"2020-04-30T21:05:08","modified_gmt":"2020-05-01T00:05:08","slug":"resolucao-n-042-2016","status":"publish","type":"page","link":"https:\/\/www.ufsm.br\/pro-reitorias\/proplan\/resolucao-n-042-2016","title":{"rendered":"Resolu\u00e7\u00e3o N. 042\/2016"},"content":{"rendered":"\t\t<div data-elementor-type=\"wp-page\" data-elementor-id=\"2602\" class=\"elementor elementor-2602\">\n\t\t\t\t\t\t<section class=\"elementor-section elementor-top-section elementor-element elementor-element-1e6c6f2 elementor-section-boxed elementor-section-height-default elementor-section-height-default\" data-id=\"1e6c6f2\" data-element_type=\"section\">\n\t\t\t\t\t\t<div class=\"elementor-container elementor-column-gap-default\">\n\t\t\t\t\t<div class=\"elementor-column elementor-col-100 elementor-top-column elementor-element elementor-element-4e48a54\" data-id=\"4e48a54\" data-element_type=\"column\">\n\t\t\t<div class=\"elementor-widget-wrap elementor-element-populated\">\n\t\t\t\t\t\t<div class=\"elementor-element elementor-element-bd82ffd elementor-widget elementor-widget-html\" data-id=\"bd82ffd\" data-element_type=\"widget\" data-widget_type=\"html.default\">\n\t\t\t\t<div class=\"elementor-widget-container\">\n\t\t\t\r\n\r\n\r\n<title><b>RESOLU\u00c7\u00c3O N. 042\/2016<\/b><\/title>\r\n\r\n\r\n<div align=\"center\"><img decoding=\"async\" src=\"https:\/\/www.ufsm.br\/pro-reitorias\/proplan\/wp-content\/uploads\/sites\/344\/2019\/09\/brasao-da-republica-do-brasil-logo.png\" alt=\"Bras\u00e3o Rep\u00fablica Federativa do Brasil\" width=\"6%\" height=\"6%\"><\/div>    \r\n<h1><font color=\"blue\"><font size=\"5\"><div align=\"center\">MINIST\u00c9RIO DA EDUCA\u00c7\u00c3O<\/b><\/font><\/font><\/div><\/H1>\r\n<p><b><font color=\"0000blue\"><div align=\"center\">UNIVERSIDADE FEDERAL DE SANTA MARIA<\/b><\/font><\/div><\/p>\r\n\r\n<p><div align=\"center\"><b><a href=\"https:\/\/portal.ufsm.br\/documentos\/publico\/documento.html?id=8110986\"><font color=\"blue\">RESOLU\u00c7\u00c3O N. 042\/2016<\/font><\/a><\/b><\/div><\/p>\r\n<br>\r\n<p><div align=\"right\"><font color=\"800000\">Regulamenta o cadastramento de disciplinas e o c\u00f4mputo de encargos did\u00e1ticos relativos as mesmas.<\/font><\/div><\/p>\r\n<br><div align=\"justify\">\r\n<p>O REITOR DA UNIVERSIDADE FEDERAL DE SANTA MARIA, no uso de suas atribui\u00e7\u00f5es legais e estatut\u00e1rias e considerando:<\/p>\r\n<p>- o constante na <a href=\"https:\/\/www.ufsm.br\/pro-reitorias\/proplan\/resolucao-n-034-2015\/\" target=\"_blank\"><font color=\"blue\"><u>Resolu\u00e7\u00e3o N. 034\/2015<\/u><\/font><\/a> que disp\u00f5e sobre as atividades do Magist\u00e9rio Federal da Universidade Federal de Santa Maria (UFSM);<\/p>\r\n<p>- o que disp\u00f5e a <a href=\"http:\/\/www.planalto.gov.br\/ccivil_03\/leis\/l9394.htm\" target=\"_blank\"><font color=\"blue\"><u>Lei de Diretrizes e Bases da Educa\u00e7\u00e3o Nacional (Lei N. 9.394 de 20.12.1996)<\/u><\/font><\/a>; e<\/p>\r\n<p>- o Parecer n. 175\/2016, da Comiss\u00e3o de Legisla\u00e7\u00e3o e Normas (CLN), aprovado na 891\u00aa Sess\u00e3o do Conselho Ensino, Pesquisa e Extens\u00e3o, de 04.11.2016, conforme Processo n. <a href=\"https:\/\/portal.ufsm.br\/documentos\/publico\/processo\/documento.html?idDocumento=7907490\" target=\"_blank\"><font color=\"blue\"><u>23081.033936\/2016-35<\/u><\/font><\/a>.<\/p>\r\n<br>\r\n<p><b><div align=\"center\">RESOLVE:<\/b><\/div><\/p>\r\n<br>\r\n<p>Art. 1\u00ba Regulamentar o cadastramento de disciplinas e o c\u00f4mputo de encargos did\u00e1ticos relativos as mesmas.<\/p>\r\n<br> \r\n<p><b><div align=\"center\">CAP\u00cdTULO I<\/b><\/div><\/p>\r\n<p><b><div align=\"center\">DA DEFINI\u00c7\u00c3O DOS TIPOS DE DISCIPLINAS<\/b><\/div><\/p>\r\n<br>\r\n<p>Art. 2\u00ba Todas as disciplinas dos cursos da Universidade Federal de Santa Maria dever\u00e3o ser cadastradas no \u201cSIE\u201d e classificadas de acordo com suas especificidades.<\/p>\r\n<p>\u00a7 1\u00ba O cadastramento de disciplina \u00e9 feito no momento da cria\u00e7\u00e3o da mesma, junto ao DERCA, ou \u00f3rg\u00e3o equivalente de registro acad\u00eamico da institui\u00e7\u00e3o, com autoriza\u00e7\u00e3o da PROGRAD, PRPGP ou departamento de ensino dos col\u00e9gios t\u00e9cnicos.<\/p>\r\n<p>\u00a7 2\u00ba A PROGRAD poder\u00e1 criar novos tipos de classifica\u00e7\u00f5es de disciplinas para as demandas dos cursos e novas \u201cpr\u00e1ticas\u201d de ensino.<\/p>\r\n<p>Art. 3\u00ba Para fins de cadastramento e c\u00f4mputo de encargos did\u00e1ticos aos docentes da Universidade Federal de Santa Maria, as disciplinas s\u00e3o denominadas a partir dos seguintes tipos e situa\u00e7\u00f5es:<\/p>\r\n<p>I - Disciplina Regular: s\u00e3o disciplinas constantes no PPC, ofertadas com hor\u00e1rio fixo e seu encargo \u00e9 computado de acordo com o lan\u00e7amento, pelo departamento did\u00e1tico, proporcionalmente ao envolvimento dos docentes. Caso a disciplina seja ministrada por um \u00fanico docente, o encargo did\u00e1tico \u00e9 igual a carga hor\u00e1ria da disciplina. Neste tipo de disciplina, o somat\u00f3rio do encargo did\u00e1tico atribu\u00eddo ao docente \u00e9 igual a carga hor\u00e1ria da disciplina.<\/p>\r\n<p>II - Disciplina Regular Cumulativa Total: s\u00e3o disciplinas ministradas por mais de um docente ao mesmo tempo, por previs\u00e3o no PPC ou por exig\u00eancia legal. A referida disciplina ir\u00e1 permitir o cadastramento de mais de um docente com o encargo did\u00e1tico igual \u00e0 carga hor\u00e1ria total da disciplina. Neste tipo de disciplina, o encargo did\u00e1tico m\u00e1ximo \u00e9 igual ao n\u00famero de docentes lan\u00e7ados pelo departamento did\u00e1tico multiplicado pela carga hor\u00e1ria da disciplina.<\/p>\r\n<p>III - Disciplina Regular Cumulativa Parcial: s\u00e3o disciplinas que t\u00eam mais de um docente na parte pr\u00e1tica devido \u00e0 exig\u00eancia da legisla\u00e7\u00e3o vigente ou constante no PPC. A limita\u00e7\u00e3o f\u00edsica dos laborat\u00f3rios n\u00e3o justifica a solicita\u00e7\u00e3o deste tipo de disciplina. Neste tipo de disciplina, o encargo did\u00e1tico m\u00e1ximo \u00e9 igual ao n\u00famero de docentes lan\u00e7ados pelo departamento did\u00e1tico multiplicado pela carga hor\u00e1ria pr\u00e1tica da disciplina acrescida do encargo da parte te\u00f3rica.<\/p>\r\n<p>IV - Disciplina de Elabora\u00e7\u00e3o de Disserta\u00e7\u00e3o e Tese: s\u00e3o disciplinas destinadas a manter o v\u00ednculo dos alunos de cursos de p\u00f3s-gradua\u00e7\u00e3o durante o per\u00edodo em que j\u00e1 concluiu os demais cr\u00e9ditos e est\u00e1 elaborando sua disserta\u00e7\u00e3o ou tese. Este tipo de disciplina tem encargo did\u00e1tico zero e hor\u00e1rio livre.<\/p>\r\n<p>V - Disciplinas de Trabalhos de Conclus\u00e3o de Curso: s\u00e3o disciplinas constantes no PPC dos cursos e tem hor\u00e1rio livre. O c\u00f4mputo do encargo did\u00e1tico \u00e9 apresentado no Cap\u00edtulo II desta resolu\u00e7\u00e3o.<\/p>\r\n<p>VI - Disciplinas de Est\u00e1gio: s\u00e3o disciplinas constantes no PPC dos cursos e poder\u00e3o ter hor\u00e1rio fixo ou livre de acordo as especificidades da \u00e1rea e da legisla\u00e7\u00e3o vigente. O c\u00f4mputo do encargo did\u00e1tico \u00e9 apresentado no Cap\u00edtulo II desta resolu\u00e7\u00e3o ou por Normativa da PROGRAD.<\/p>\r\n<p>Par\u00e1grafo \u00fanico. Situa\u00e7\u00f5es excepcionais de cadastramento e\/ou c\u00f4mputo de encargos did\u00e1ticos \u00e0 docentes dever\u00e3o ser submetidas \u00e0 an\u00e1lise da Pr\u00f3-Reitoria de Gradua\u00e7\u00e3o ou da Pr\u00f3-Reitoria de P\u00f3s-Gradua\u00e7\u00e3o e Pesquisa mediante abertura de processo administrativo.<\/p>\r\n\r\n<p>Art. 4\u00ba Qualquer disciplina poder\u00e1 ser ofertada com hor\u00e1rio livre, entretanto o encargo did\u00e1tico \u00e9 zero e devem ser autorizadas pela CIAPPC\/PROGRAD com a devida justificativa constante no PPC ou na legisla\u00e7\u00e3o vigente. No caso das disciplinas de P\u00f3s-Gradua\u00e7\u00e3o n\u00e3o necessitam ser autorizadas pela CIAPPC\/PROGRAD.<\/p>\r\n<br>\r\n<p><b><div align=\"center\">CAP\u00cdTULO II<\/b><\/div><\/p>\r\n<p><b><div align=\"center\">DO C\u00d4MPUTO DE ENCARGOS DID\u00c1TICOS PARA DOCENTES POR ORIENTA\u00c7\u00c3O EM TRABALHOS DE CONCLUS\u00c3O DE CURSOS DE GRADUA\u00c7\u00c3O, EST\u00c1GIOS, ESPECIALIZA\u00c7\u00c3O, MESTRADO, DOUTORADO E P\u00d3S-DOUTORADO.<\/b><\/div><\/p>\r\n<br>\r\n<p>Art. 5\u00ba As orienta\u00e7\u00f5es e\/ou supervis\u00f5es ser\u00e3o computadas, de acordo com suas modalidades, da seguinte forma:<\/p>\r\n<p>I - Orienta\u00e7\u00f5es\/supervis\u00e3o de Est\u00e1gios: Ser\u00e3o computadas, no m\u00e1ximo, 7,5 horas por semestre, a cada aluno orientado, como encargos did\u00e1ticos ao docente respons\u00e1vel. Nos casos em que o docente da UFSM acompanha o est\u00e1gio no campo de realiza\u00e7\u00e3o do mesmo, o c\u00f4mputo de horas pode ser diferenciado desde que autorizado pela PROGRAD.<\/p>\r\n<p>II - Orienta\u00e7\u00f5es de Trabalhos de Conclus\u00e3o de Curso de Gradua\u00e7\u00e3o: Ser\u00e3o computadas, no m\u00e1ximo, 7,5 horas por semestre, a cada aluno orientado, como encargos did\u00e1ticos ao docente respons\u00e1vel.<\/p>\r\n<p>III - Orienta\u00e7\u00f5es de Especializa\u00e7\u00f5es Lato Sensu: Ser\u00e3o computadas, no m\u00e1ximo, 7,5 horas por semestre, a cada aluno orientado, como encargos did\u00e1ticos ao docente respons\u00e1vel.<\/p>\r\n<p>IV - Orienta\u00e7\u00f5es de Disserta\u00e7\u00f5es de Mestrado: Ser\u00e3o computadas, no m\u00e1ximo, 15 horas por semestre, a cada aluno orientado, como encargos did\u00e1ticos ao docente respons\u00e1vel.<\/p>\r\n<p>V - Orienta\u00e7\u00f5es de Teses de Doutorado: Ser\u00e3o computadas, no m\u00e1ximo, 30 horas por semestre, a cada aluno orientado, como encargos did\u00e1ticos ao docente respons\u00e1vel.<\/p>\r\n<p>VI - Supervis\u00f5es de P\u00f3s-Doutorado: Ser\u00e3o computadas, no m\u00e1ximo, 15 horas por semestre, a cada aluno orientado, como encargos did\u00e1ticos ao docente respons\u00e1vel.<\/p>\r\n<p>VII - Participa\u00e7\u00e3o em Comit\u00ea de Orienta\u00e7\u00e3o Acad\u00eamica de alunos de mestrado\/doutorado: Ser\u00e3o computadas, no m\u00e1ximo, 2,5 horas por semestre, a cada aluno, como encargo did\u00e1tico ao docente respons\u00e1vel.<\/p>\r\n\r\n<p>Par\u00e1grafo \u00fanico. Situa\u00e7\u00f5es excepcionais de c\u00f4mputo de encargos did\u00e1ticos a docentes, relativos a orienta\u00e7\u00f5es e\/ou supervis\u00f5es dever\u00e3o ser submetidas \u00e0 an\u00e1lise da Pr\u00f3-Reitoria de Gradua\u00e7\u00e3o ou da Pr\u00f3-Reitoria de P\u00f3s-Gradua\u00e7\u00e3o e Pesquisa mediante abertura de processo administrativo.<\/p>\r\n\r\n<p>Art. 6\u00ba Esta resolu\u00e7\u00e3o entrar\u00e1 em vigor na data de sua publica\u00e7\u00e3o, e revoga as disposi\u00e7\u00f5es em contr\u00e1rio.<\/p>\r\n\r\n<p>GABINETE DO REITOR DA UNIVERSIDADE FEDERAL DE SANTA MARIA, aos vinte e oito dias do m\u00eas de novembro do ano dois mil e dezesseis.<\/p>\r\n<\/div>\r\n<p>Paulo Afonso Burmann,<\/p>\r\n<p>Reitor.<\/p>\r\n\r\n\r\n<p><font color=\"red0000\">Este texto n\u00e3o substitui o documento original, publicado no Portal de Documentos.<\/font> Dispon\u00edvel em: <a href=\"https:\/\/portal.ufsm.br\/documentos\/publico\/documento.html?id=8110986\"><font color=\"blue\">https:\/\/portal.ufsm.br\/documentos\/publico\/documento.html?id=8110986<\/font><\/a>\r\n\r\n\t\t<\/div>\n\t\t\t\t<\/div>\n\t\t\t\t\t<\/div>\n\t\t<\/div>\n\t\t\t\t\t<\/div>\n\t\t<\/section>\n\t\t\t\t<\/div>\n\t\t","protected":false},"excerpt":{"rendered":"<p>RESOLU\u00c7\u00c3O N. 042\/2016 MINIST\u00c9RIO DA EDUCA\u00c7\u00c3O UNIVERSIDADE FEDERAL DE SANTA MARIA RESOLU\u00c7\u00c3O N. 042\/2016 Regulamenta o cadastramento de disciplinas e o c\u00f4mputo de encargos did\u00e1ticos relativos as mesmas. O REITOR DA UNIVERSIDADE FEDERAL DE SANTA MARIA, no uso de suas atribui\u00e7\u00f5es legais e estatut\u00e1rias e considerando: &#8211; o constante na Resolu\u00e7\u00e3o N. 034\/2015 que disp\u00f5e [&hellip;]<\/p>\n","protected":false},"author":205,"featured_media":0,"parent":0,"menu_order":0,"comment_status":"closed","ping_status":"closed","template":"","meta":{"footnotes":""},"categories":[],"tags":[],"class_list":["post-2602","page","type-page","status-publish","hentry"],"acf":[],"_links":{"self":[{"href":"https:\/\/www.ufsm.br\/pro-reitorias\/proplan\/wp-json\/wp\/v2\/pages\/2602","targetHints":{"allow":["GET"]}}],"collection":[{"href":"https:\/\/www.ufsm.br\/pro-reitorias\/proplan\/wp-json\/wp\/v2\/pages"}],"about":[{"href":"https:\/\/www.ufsm.br\/pro-reitorias\/proplan\/wp-json\/wp\/v2\/types\/page"}],"author":[{"embeddable":true,"href":"https:\/\/www.ufsm.br\/pro-reitorias\/proplan\/wp-json\/wp\/v2\/users\/205"}],"replies":[{"embeddable":true,"href":"https:\/\/www.ufsm.br\/pro-reitorias\/proplan\/wp-json\/wp\/v2\/comments?post=2602"}],"version-history":[{"count":0,"href":"https:\/\/www.ufsm.br\/pro-reitorias\/proplan\/wp-json\/wp\/v2\/pages\/2602\/revisions"}],"wp:attachment":[{"href":"https:\/\/www.ufsm.br\/pro-reitorias\/proplan\/wp-json\/wp\/v2\/media?parent=2602"}],"wp:term":[{"taxonomy":"category","embeddable":true,"href":"https:\/\/www.ufsm.br\/pro-reitorias\/proplan\/wp-json\/wp\/v2\/categories?post=2602"},{"taxonomy":"post_tag","embeddable":true,"href":"https:\/\/www.ufsm.br\/pro-reitorias\/proplan\/wp-json\/wp\/v2\/tags?post=2602"}],"curies":[{"name":"wp","href":"https:\/\/api.w.org\/{rel}","templated":true}]}}