{"id":2606,"date":"2019-10-23T11:16:43","date_gmt":"2019-10-23T14:16:43","guid":{"rendered":"https:\/\/www.ufsm.br\/pro-reitorias\/proplan\/?page_id=2606"},"modified":"2026-01-08T12:08:40","modified_gmt":"2026-01-08T15:08:40","slug":"resolucao-n-038-2016","status":"publish","type":"page","link":"https:\/\/www.ufsm.br\/pro-reitorias\/proplan\/resolucao-n-038-2016","title":{"rendered":"Resolu\u00e7\u00e3o N. 038\/2016"},"content":{"rendered":"\t\t<div data-elementor-type=\"wp-page\" data-elementor-id=\"2606\" class=\"elementor elementor-2606\">\n\t\t\t\t\t\t<section class=\"elementor-section elementor-top-section elementor-element elementor-element-ca6e440 elementor-section-boxed elementor-section-height-default elementor-section-height-default\" data-id=\"ca6e440\" data-element_type=\"section\">\n\t\t\t\t\t\t<div class=\"elementor-container elementor-column-gap-default\">\n\t\t\t\t\t<div class=\"elementor-column elementor-col-100 elementor-top-column elementor-element elementor-element-b7f401a\" data-id=\"b7f401a\" data-element_type=\"column\">\n\t\t\t<div class=\"elementor-widget-wrap elementor-element-populated\">\n\t\t\t\t\t\t<div class=\"elementor-element elementor-element-51bf145 elementor-widget elementor-widget-html\" data-id=\"51bf145\" data-element_type=\"widget\" data-widget_type=\"html.default\">\n\t\t\t\t<div class=\"elementor-widget-container\">\n\t\t\t\r\n\r\n\r\n<title><b>RESOLU\u00c7\u00c3O N. 038\/2016<\/b><\/title>\r\n\r\n\r\n<div align=\"center\"><img decoding=\"async\" src=\"https:\/\/www.ufsm.br\/pro-reitorias\/proplan\/wp-content\/uploads\/sites\/344\/2019\/09\/brasao-da-republica-do-brasil-logo.png\" alt=\"Bras\u00e3o Rep\u00fablica Federativa do Brasil\" width=\"6%\" height=\"6%\"><\/div>    \r\n<h1><font color=\"blue\"><font size=\"5\"><div align=\"center\">MINIST\u00c9RIO DA EDUCA\u00c7\u00c3O<\/b><\/font><\/font><\/div><\/H1>\r\n<p><b><font color=\"0000blue\"><div align=\"center\">UNIVERSIDADE FEDERAL DE SANTA MARIA<\/b><\/font><\/div><\/p>\r\n\r\n<p><div align=\"center\"><b><a href=\"https:\/\/portal.ufsm.br\/documentos\/publico\/documento.html?id=8110716\"><font color=\"blue\">RESOLU\u00c7\u00c3O N. 038\/2016<\/font><\/a><\/b><\/div><\/p>\r\n<br>\r\n<p>\r\n    <div style=\"color: #800000;width: 60%;margin-left: auto;margin-right: 0;text-align: justify;font-weight: normal\">Altera o Regimento Geral da Universidade Federal de Santa Maria no que se refere \u00e0 Educa\u00e7\u00e3o B\u00e1sica, T\u00e9cnica e Tecnol\u00f3gica.<\/div><\/p>\r\n<br><div align=\"justify\">\r\n<p>O REITOR DA UNIVERSIDADE FEDERAL DE SANTA MARIA, no uso de suas atribui\u00e7\u00f5es legais e estatut\u00e1rias e considerando:<\/p>\r\n<p>- a necessidade de atualizar a denomina\u00e7\u00e3o em rela\u00e7\u00e3o as Unidades onde se desenvolve a Educa\u00e7\u00e3o B\u00e1sica, T\u00e9cnica e Tecnol\u00f3gica;<\/p>\r\n<p>- <a href=\"\t\" target=\"_blank\"><font color=\"blue\"><u>Decreto n. 6.096\/2007<\/u><\/font><\/a>, Programa de Apoio a Planos de Reestrutura\u00e7\u00e3o e Expans\u00e3o das Universidades Federais \u2013 (Reuni);<\/p>\r\n<p>- a <a href=\"https:\/\/www.ufsm.br\/pro-reitorias\/proplan\/resolucao-n-045-2011\/\" target=\"_blank\"><font color=\"blue\"><u>Resolu\u00e7\u00e3o N. 045\/2011<\/u><\/font><\/a> do CONSU\/UFSM; e<\/p>\r\n<p>- o Parecer n. 080\/2016, da Comiss\u00e3o de Legisla\u00e7\u00e3o e Regimentos (CLR), aprovado na 788\u00aa Sess\u00e3o, do Conselho Universit\u00e1rio, de 30 de setembro de 2016, conforme Processo n. <a href=\"https:\/\/portal.ufsm.br\/documentos\/publico\/processo\/documento.html?idDocumento=7634171\" target=\"_blank\"><font color=\"blue\"><u>23081.025142\/2016-06<\/u><\/font><\/a>.<\/p>\r\n<br>\r\n<p><b><div align=\"center\">RESOLVE:<\/b><\/div><\/p>\r\n<br>\r\n<p>Art. 1\u00ba Alterar o <a href=\"https:\/\/www.ufsm.br\/pro-reitorias\/proplan\/regimento-geral-da-ufsm-2011\/\" target=\"_blank\"><font color=\"blue\"><u>Regimento Geral da UFSM<\/u><\/font><\/a>, em rela\u00e7\u00e3o aos artigos e par\u00e1grafos que tratam das unidades de educa\u00e7\u00e3o b\u00e1sica, t\u00e9cnica e tecnol\u00f3gica, como segue:<\/p>\r\n\r\n<p>Art. 2\u00ba O caput do art. 12 em seu par\u00e1grafo \u00fanico passa a ter a seguinte reda\u00e7\u00e3o no item VII:<\/p>\r\n<p>\u201cVII - Coordenadoria de Educa\u00e7\u00e3o B\u00e1sica, T\u00e9cnica e Tecnol\u00f3gica.\u201d<\/p>\r\n\r\n<p>Art. 3\u00ba O caput do art. 34 passa a ter a seguinte reda\u00e7\u00e3o, \u201cArt. 34 A Comiss\u00e3o Permanente de Pessoal Docente \u2013 CPPD, \u00f3rg\u00e3o diretamente subordinado \u00e0 Reitoria, tem por finalidade o assessoramento, o acompanhamento e a supervis\u00e3o da execu\u00e7\u00e3o da pol\u00edtica de pessoal Docente do Magist\u00e9rio Federal, estabelecida pelo Conselho de Ensino, Pesquisa e Extens\u00e3o, e especificamente:<\/p>\r\n<p>I - apreciar os assuntos concernentes:<\/p>\r\n<p>a) \u00e0s altera\u00e7\u00f5es no regime de trabalho dos docentes;<\/p>\r\n<p>b) \u00e0s avalia\u00e7\u00f5es de desempenho para a progress\u00e3o funcional dos docentes;<\/p>\r\n<p>c) aos processos de ascens\u00e3o funcional por titula\u00e7\u00e3o;<\/p>\r\n<p>d) \u00e0s solicita\u00e7\u00f5es de afastamento para aperfei\u00e7oamento, especializa\u00e7\u00e3o, mestrado, doutorado e p\u00f3s-doutorado; e<\/p>\r\n<p>e) \u00e0 concess\u00e3o de acr\u00e9scimos salariais decorrentes de titula\u00e7\u00e3o.<\/p>\r\n<p>II - desenvolver estudos e an\u00e1lises que permitam fornecer subs\u00eddios para a fixa\u00e7\u00e3o, aperfei\u00e7oamento e modifica\u00e7\u00f5es da pol\u00edtica de pessoal docente e de seus instrumentos.<\/p>\r\n<p>\u00a7 1\u00ba A CPPD conta com uma C\u00e2mara de Ensino B\u00e1sico, T\u00e9cnico e Tecnol\u00f3gico para tratar as quest\u00f5es dos docentes da carreira de ensino b\u00e1sico, t\u00e9cnico e tecnol\u00f3gico.\u201d<\/p>\r\n\r\n<p>Art. 4\u00ba Alterar o nome da Subse\u00e7\u00e3o VII passa a vigorar com a seguinte denomina\u00e7\u00e3o \u201cDA COORDENADORIA DE EDUCA\u00c7\u00c3O B\u00c1SICA, T\u00c9CNICA E TECNOL\u00d3GICA\u201d.<\/p>\r\n<p>Art. 5\u00ba O caput do art. 53 e seus dois incisos, passam a ter a seguinte reda\u00e7\u00e3o, \u201cA Educa\u00e7\u00e3o B\u00e1sica, T\u00e9cnica e Tecnol\u00f3gica da UFSM ser\u00e1 coordenada:<\/p>\r\n<p>I - pelo Conselho de \u00c1rea da Educa\u00e7\u00e3o B\u00e1sica, T\u00e9cnica e Tecnol\u00f3gica; e<\/p>\r\n<p>II - pela Coordenadoria de Educa\u00e7\u00e3o B\u00e1sica, T\u00e9cnica e Tecnol\u00f3gica.\u201d<\/p>\r\n\r\n<p>Art. 6\u00ba O caput do art. 54 passa a ter a seguinte reda\u00e7\u00e3o, \u201cO Conselho de \u00c1rea de Educa\u00e7\u00e3o B\u00e1sica, T\u00e9cnica e Tecnol\u00f3gica \u00e9 \u00f3rg\u00e3o setorial de delibera\u00e7\u00e3o destinado a apreciar e coordenar os assuntos de interesse das unidades de educa\u00e7\u00e3o b\u00e1sica, t\u00e9cnica e tecnol\u00f3gica da UFSM.\u201d<\/p>\r\n<p>Art. 7\u00ba O caput do art. 55 passa a ter a seguinte reda\u00e7\u00e3o, \u201cO Conselho de \u00c1rea de Educa\u00e7\u00e3o B\u00e1sica, T\u00e9cnica e Tecnol\u00f3gica ser\u00e1 integrado pelos seguintes membros:<\/p>\r\n<p>I - Coordenador da Educa\u00e7\u00e3o B\u00e1sica, T\u00e9cnica e Tecnol\u00f3gica;<\/p>\r\n<p>II - Diretores e Vice-Diretores das Unidades de Educa\u00e7\u00e3o B\u00e1sica, T\u00e9cnica e Tecnol\u00f3gica da UFSM;<\/p>\r\n<p>III - um representante docente (em exerc\u00edcio em uma das Unidades de Educa\u00e7\u00e3o b\u00e1sica, t\u00e9cnica e tecnol\u00f3gica);<\/p>\r\n<p>IV - um representante t\u00e9cnico-administrativo em educa\u00e7\u00e3o (em exerc\u00edcio em uma das unidades de educa\u00e7\u00e3o b\u00e1sica, t\u00e9cnica e tecnol\u00f3gica); e<\/p>\r\n<p>V - representa\u00e7\u00e3o estudantil de um quinto dos membros do conselho.<\/p>\r\n<p>\u00a7 1\u00ba O presidente do Conselho de \u00c1rea ser\u00e1 o Coordenador da Educa\u00e7\u00e3o B\u00e1sica, T\u00e9cnica e Tecnol\u00f3gica da UFSM.<\/p>\r\n<p>\u00a7 2\u00ba A renova\u00e7\u00e3o das representa\u00e7\u00f5es constantes nos incisos III, IV e V ser\u00e1 feita anualmente, permitida uma recondu\u00e7\u00e3o.\u201d<\/p>\r\n\r\n<p>Art. 8\u00ba O caput do art. 56 passa a ter a seguinte reda\u00e7\u00e3o, \u201cPara efeitos de supervis\u00e3o administrativa est\u00e3o vinculadas \u00e0 Coordenadoria de Educa\u00e7\u00e3o B\u00e1sica, T\u00e9cnica, e Tecnol\u00f3gica as seguintes unidades:\u201d, sendo exclu\u00eddo o inciso III - Col\u00e9gio Agr\u00edcola de Frederico Westphalen, transferido em 2014 para O Instituto Federal Farroupilha, e em seu lugar se inclua nova unidade no inciso III, \u201cIII \u2013 Unidade de Educa\u00e7\u00e3o Infantil Ip\u00ea Amarelo - UEIIA.\u201d<\/p>\r\n<p>Art. 9\u00ba O caput do art. 57 passa a ter a seguinte reda\u00e7\u00e3o, \u201cO Coordenador da Educa\u00e7\u00e3o B\u00e1sica, T\u00e9cnica e Tecnol\u00f3gica ser\u00e1 um docente do Magist\u00e9rio Federal da UFSM, designado pelo Reitor e lotado e em exerc\u00edcio e uma das unidades de educa\u00e7\u00e3o b\u00e1sica, t\u00e9cnica e tecnol\u00f3gica da UFSM.\u201d<\/p>\r\n<p>Art. 10.  O caput do art. 58 e seus incisos, passam a ter a seguinte reda\u00e7\u00e3o, \u201c\u00c0 Coordenadoria de Educa\u00e7\u00e3o B\u00e1sica, T\u00e9cnica e Tecnol\u00f3gica compete:<\/p>\r\n<p>I - estabelecer um elo de integra\u00e7\u00e3o entre as unidades de educa\u00e7\u00e3o b\u00e1sica, t\u00e9cnica e tecnol\u00f3gica da UFSM, e destas com a Reitoria, pr\u00f3-reitorias e demais \u00f3rg\u00e3os da UFSM;<\/p>\r\n<p>II - estabelecer a integra\u00e7\u00e3o e parcerias de educa\u00e7\u00e3o b\u00e1sica, t\u00e9cnica e tecnol\u00f3gica da UFSM com outras entidades;<\/p>\r\n<p>III - elaborar o planejamento global anual para a educa\u00e7\u00e3o b\u00e1sica, t\u00e9cnica e tecnol\u00f3gica da UFSM;<\/p>\r\n<p>IV - estabelecer normas operacionais para as unidades de educa\u00e7\u00e3o b\u00e1sica, t\u00e9cnica e tecnol\u00f3gica no que tange aos aspectos administrativos, t\u00e9cnicos e de ensino, buscando unidade de procedimento;<\/p>\r\n<p>V - coordenar e assessorar juntamente com os Gabinetes de Projetos das unidades os programas de melhoria da educa\u00e7\u00e3o b\u00e1sica, t\u00e9cnica e tecnol\u00f3gica da UFSM, assim como incentivar o quadro de docentes da educa\u00e7\u00e3o b\u00e1sica, t\u00e9cnica e tecnol\u00f3gica a desenvolver projetos com vistas \u00e0 capta\u00e7\u00e3o de recursos para o desenvolvimento da educa\u00e7\u00e3o profissional e tecnol\u00f3gica das unidades;<\/p>\r\n<p>VI - supervisionar as atividades administrativas, de ensino, pesquisa e extens\u00e3o das unidades de educa\u00e7\u00e3o b\u00e1sica, t\u00e9cnica e tecnol\u00f3gica; e<\/p>\r\n<p>VII - avaliar o planejamento das unidades de educa\u00e7\u00e3o b\u00e1sica, t\u00e9cnica e tecnol\u00f3gica em conson\u00e2ncia com a C\u00e2mara de Educa\u00e7\u00e3o B\u00e1sica, T\u00e9cnica e Tecnol\u00f3gica, da Coordenadoria de Educa\u00e7\u00e3o B\u00e1sica, T\u00e9cnica e Tecnol\u00f3gica por meio de instrumentos necess\u00e1rios.\u201d<\/p>\r\n\r\n<p>Art. 11.  O caput do art. 59 passa a ter a seguinte reda\u00e7\u00e3o, \u201cAs unidades de educa\u00e7\u00e3o b\u00e1sica, t\u00e9cnica e tecnol\u00f3gica da UFSM t\u00eam como objetivo o oferecimento de educa\u00e7\u00e3o b\u00e1sica, t\u00e9cnica e tecnol\u00f3gica nas suas diversas modalidades e n\u00edveis.\u201d<\/p>                                                                                                                         \r\n<p>Art. 12. O caput do art. 60 passa a ter a seguinte reda\u00e7\u00e3o, \u201cA gest\u00e3o de cada uma das unidades de educa\u00e7\u00e3o b\u00e1sica, t\u00e9cnica e tecnol\u00f3gica se dar\u00e1:\u201d, ainda nova reda\u00e7\u00e3o \u00e9 dada ao inciso I e Par\u00e1grafo \u00fanico, como segue:<\/p>\r\n<p>\u201cI \u2013 pelo Conselho Diretor da Unidade de Educa\u00e7\u00e3o B\u00e1sica, T\u00e9cnica e Tecnol\u00f3gica;\u201d<\/p>\r\n<p>\u201cPar\u00e1grafo \u00fanico. Para todos os efeitos, cada unidade de educa\u00e7\u00e3o b\u00e1sica, t\u00e9cnica e tecnol\u00f3gica constitui uma unidade or\u00e7ament\u00e1ria da UFSM.\u201d<\/p>\r\n\r\n<p>Art. 13. O caput do art. 61 passa a ter a seguinte reda\u00e7\u00e3o, \u201cO Conselho Diretor da Unidade de Educa\u00e7\u00e3o B\u00e1sica, T\u00e9cnica e Tecnol\u00f3gica \u00e9 o \u00f3rg\u00e3o deliberativo, normativo e consultivo para assuntos did\u00e1ticos, administrativos e disciplinares de cada Unidade de Educa\u00e7\u00e3o B\u00e1sica, T\u00e9cnica e Tecnol\u00f3gica da UFSM.\u201d<\/p>\r\n<p>Art. 14. O caput do art. 62 passa a ter a seguinte reda\u00e7\u00e3o, \u201cO Conselho Diretor da Unidade de Educa\u00e7\u00e3o B\u00e1sica, T\u00e9cnica e Tecnol\u00f3gica ser\u00e1 constitu\u00eddo pelos seguintes membros (Conforme <a href=\"https:\/\/www.ufsm.br\/pro-reitorias\/proplan\/estatuto-ufsm-2010\/\" target=\"_blank\"><font color=\"blue\"><u>Estatuto da UFSM<\/u><\/font><\/a>):\u201d, nova reda\u00e7\u00e3o deve ser dada ao \u00a7 1o, \u201cAs representa\u00e7\u00f5es dos docentes, dos servidores t\u00e9cnico-administrativos em educa\u00e7\u00e3o e do corpo discente, definidas nos incisos IV, V e VI, ter\u00e3o quantitativo definido no regulamento interno das unidades de educa\u00e7\u00e3o b\u00e1sica, t\u00e9cnica e tecnol\u00f3gica, obedecido o disposto no par\u00e1grafo \u00fanico, do art. 56, da <a href=\"https:\/\/www.planalto.gov.br\/ccivil_03\/leis\/l9394.htm\" target=\"_blank\"><font color=\"blue\"><u>Lei n. 9394\/96<\/u><\/font><\/a>.\u201d<\/p>\r\n<p>Art. 15. O caput do art. 63 passa a ter a seguinte reda\u00e7\u00e3o, \u201cCompete ao Conselho Diretor de cada unidade de educa\u00e7\u00e3o b\u00e1sica, t\u00e9cnica e tecnol\u00f3gica:\u201d, nova reda\u00e7\u00e3o deve ser dada ao inciso III, \u201cIII \u2013 analisar a proposta de execu\u00e7\u00e3o or\u00e7ament\u00e1ria da unidade a ser remetida \u00e0 Coordenadoria de Educa\u00e7\u00e3o B\u00e1sica, T\u00e9cnica e Tecnol\u00f3gica da UFSM;\u201d<\/p>\r\n<p>Art. 16. O caput do art. 64 passa a ter a seguinte reda\u00e7\u00e3o, \u201cO Diretor da Unidade de Educa\u00e7\u00e3o B\u00e1sica, T\u00e9cnica e Tecnol\u00f3gica supervisionar\u00e1 e dirigir\u00e1 as atividades acad\u00eamicas e administrativas, exercendo para tanto seu mandato em regime de tempo integral.\u201d<\/p>\r\n<p>Art. 17. O caput do art. 65 passa a ter a seguinte reda\u00e7\u00e3o, \u201cO Diretor da Unidade ser\u00e1 substitu\u00eddo nos seus impedimentos legais e eventuais pelo Vice-Diretor, sendo que nos impedimentos simult\u00e2neos do Diretor e do Vice-Diretor, a dire\u00e7\u00e3o da Unidade ser\u00e1 exercida pelo professor mais antigo no Magist\u00e9rio Federal Dessa unidade, ocupantes dos cargos de diretor de departamento ou coordenador de curso, nesta ordem.\u201d <\/p>\r\n\r\n<p>Art. 18. O caput do art. 66 passa a ter a seguinte reda\u00e7\u00e3o, \u201cO diretor de cada unidade de educa\u00e7\u00e3o b\u00e1sica, t\u00e9cnica e tecnol\u00f3gica incumbe:\u201d nova reda\u00e7\u00e3o \u00e9 necess\u00e1ria aos incisos VIII, XVIII, XXI, com segue:<\/p>\r\n<p>\u201cVIII - disponibilizar e encaminhar dados sobre as unidades para a Coordenadoria de Educa\u00e7\u00e3o B\u00e1sica, T\u00e9cnica e Tecnol\u00f3gica;\u201d<\/p>\r\n<p>\u201cXVIII - autorizar, no \u00e2mbito de cada uma das unidades, a realiza\u00e7\u00e3o de congressos, confer\u00eancias, simp\u00f3sios, semanas, encontros e promo\u00e7\u00f5es culturais, art\u00edsticas ou cient\u00edficas;\u201d<\/p>\r\n<p>\u201cXXI - decidir, no \u00e2mbito de cada uma das unidades, sobre destina\u00e7\u00e3o do espa\u00e7o f\u00edsico; e\u201d.<\/p>\r\n\r\n<p>Art. 19. O caput do art. 67 passa a ter a seguinte reda\u00e7\u00e3o, \u201cA organiza\u00e7\u00e3o e compet\u00eancias das unidades de educa\u00e7\u00e3o b\u00e1sica, t\u00e9cnica e tecnol\u00f3gica s\u00e3o fixadas em regimento interno pr\u00f3prio.\u201d<\/p>\r\n<p>Art. 20. Alterar o nome da Se\u00e7\u00e3o II passa a vigorar com a seguinte denomina\u00e7\u00e3o \u201cDA DIRE\u00c7\u00c3O DE UNIDADES E DE UNIDADES DESCENTRALIZADAS\u201d.<\/p>\r\n<p>Art. 21. O Caput do art. 72 passa a ter a seguinte reda\u00e7\u00e3o: \u201cArt. 72 A Dire\u00e7\u00e3o de Unidade e de Unidade Descentralizada \u00e9 constitu\u00edda pelo Diretor e Vice-Diretor.<\/p>\r\n<p>Par\u00e1grafo \u00fanico. O Diretor de Unidade e de Unidade Descentralizada ser\u00e1 substitu\u00eddo, em seus impedimentos legais e faltas, pelo Vice-Diretor, sendo que nas faltas ou impedimentos simult\u00e2neos do Diretor e do Vice-Diretor, a Dire\u00e7\u00e3o ser\u00e1 exercida pelo Coordenador de Curso mais antigo no magist\u00e9rio federal da UFSM em exerc\u00edcio na Unidade.\u201d<\/p>\r\n\r\n<p>Art. 22. O Caput do art. 178 onde l\u00ea-se Magist\u00e9rio superior passa a ser lido \u201cmagist\u00e9rio federal\u201d.<\/p>\r\n<p>Art. 23. O caput do art. 181 passa a ter a seguinte reda\u00e7\u00e3o, \u201cArt. 181 Os alunos de educa\u00e7\u00e3o b\u00e1sico e t\u00e9cnico organizar-se-\u00e3o em gr\u00eamios estudantis cada um vinculado a sua respectiva Unidade.\u201d<\/p>\r\n<p>Art. 24. O caput do art. 197 passa a ter a seguinte reda\u00e7\u00e3o, \u201cArt. 197 A \u201cComenda do M\u00e9rito Universit\u00e1rio\u201d ser\u00e1 conferida a pessoas ilustres ligadas \u00e0 educa\u00e7\u00e3o e a docentes com atividades no magist\u00e9rio federal, que se tenham tornado merecedores pela presta\u00e7\u00e3o de servi\u00e7os considerados relevantes ao ensino universit\u00e1rio brasileiro e, especialmente, \u00e0 Universidade Federal de Santa Maria.\u201d<\/p>\r\n<p>Art. 25. Esta resolu\u00e7\u00e3o entra em vigor na data de sua assinatura, revogadas as disposi\u00e7\u00f5es em contr\u00e1rio.<\/p>\r\n\r\n<p>GABINETE DO REITOR DA UNIVERSIDADE FEDERAL DE SANTA MARIA, aos dez dias do m\u00eas de outubro do ano dois mil e dezesseis.<\/p>\r\n<\/div>\r\n<p>Paulo Afonso Burmann,<\/p>\r\n<p>Reitor.<\/p>\r\n\r\n\r\n<p><font color=\"red0000\">Este texto n\u00e3o substitui o documento original, publicado no Portal de Documentos.<\/font> Dispon\u00edvel em: <a href=\"https:\/\/portal.ufsm.br\/documentos\/publico\/documento.html?id=8110716\"><font color=\"blue\">https:\/\/portal.ufsm.br\/documentos\/publico\/documento.html?id=8110716<\/font><\/a>\r\n\r\n\t\t<\/div>\n\t\t\t\t<\/div>\n\t\t\t\t\t<\/div>\n\t\t<\/div>\n\t\t\t\t\t<\/div>\n\t\t<\/section>\n\t\t\t\t<\/div>\n\t\t","protected":false},"excerpt":{"rendered":"<p>RESOLU\u00c7\u00c3O N. 038\/2016 MINIST\u00c9RIO DA EDUCA\u00c7\u00c3O UNIVERSIDADE FEDERAL DE SANTA MARIA RESOLU\u00c7\u00c3O N. 038\/2016 Altera o Regimento Geral da Universidade Federal de Santa Maria no que se refere \u00e0 Educa\u00e7\u00e3o B\u00e1sica, T\u00e9cnica e Tecnol\u00f3gica. O REITOR DA UNIVERSIDADE FEDERAL DE SANTA MARIA, no uso de suas atribui\u00e7\u00f5es legais e estatut\u00e1rias e considerando: &#8211; a necessidade [&hellip;]<\/p>\n","protected":false},"author":205,"featured_media":0,"parent":0,"menu_order":0,"comment_status":"closed","ping_status":"closed","template":"","meta":{"footnotes":""},"categories":[],"tags":[],"class_list":["post-2606","page","type-page","status-publish","hentry"],"acf":[],"_links":{"self":[{"href":"https:\/\/www.ufsm.br\/pro-reitorias\/proplan\/wp-json\/wp\/v2\/pages\/2606","targetHints":{"allow":["GET"]}}],"collection":[{"href":"https:\/\/www.ufsm.br\/pro-reitorias\/proplan\/wp-json\/wp\/v2\/pages"}],"about":[{"href":"https:\/\/www.ufsm.br\/pro-reitorias\/proplan\/wp-json\/wp\/v2\/types\/page"}],"author":[{"embeddable":true,"href":"https:\/\/www.ufsm.br\/pro-reitorias\/proplan\/wp-json\/wp\/v2\/users\/205"}],"replies":[{"embeddable":true,"href":"https:\/\/www.ufsm.br\/pro-reitorias\/proplan\/wp-json\/wp\/v2\/comments?post=2606"}],"version-history":[{"count":0,"href":"https:\/\/www.ufsm.br\/pro-reitorias\/proplan\/wp-json\/wp\/v2\/pages\/2606\/revisions"}],"wp:attachment":[{"href":"https:\/\/www.ufsm.br\/pro-reitorias\/proplan\/wp-json\/wp\/v2\/media?parent=2606"}],"wp:term":[{"taxonomy":"category","embeddable":true,"href":"https:\/\/www.ufsm.br\/pro-reitorias\/proplan\/wp-json\/wp\/v2\/categories?post=2606"},{"taxonomy":"post_tag","embeddable":true,"href":"https:\/\/www.ufsm.br\/pro-reitorias\/proplan\/wp-json\/wp\/v2\/tags?post=2606"}],"curies":[{"name":"wp","href":"https:\/\/api.w.org\/{rel}","templated":true}]}}