{"id":2607,"date":"2019-10-23T11:17:44","date_gmt":"2019-10-23T14:17:44","guid":{"rendered":"https:\/\/www.ufsm.br\/pro-reitorias\/proplan\/?page_id=2607"},"modified":"2026-01-08T12:06:33","modified_gmt":"2026-01-08T15:06:33","slug":"resolucao-n-037-2016","status":"publish","type":"page","link":"https:\/\/www.ufsm.br\/pro-reitorias\/proplan\/resolucao-n-037-2016","title":{"rendered":"Resolu\u00e7\u00e3o N. 037\/2016"},"content":{"rendered":"\t\t<div data-elementor-type=\"wp-page\" data-elementor-id=\"2607\" class=\"elementor elementor-2607\">\n\t\t\t\t\t\t<section class=\"elementor-section elementor-top-section elementor-element elementor-element-7f10f4b elementor-section-boxed elementor-section-height-default elementor-section-height-default\" data-id=\"7f10f4b\" data-element_type=\"section\">\n\t\t\t\t\t\t<div class=\"elementor-container elementor-column-gap-default\">\n\t\t\t\t\t<div class=\"elementor-column elementor-col-100 elementor-top-column elementor-element elementor-element-d996ef6\" data-id=\"d996ef6\" data-element_type=\"column\">\n\t\t\t<div class=\"elementor-widget-wrap elementor-element-populated\">\n\t\t\t\t\t\t<div class=\"elementor-element elementor-element-7413e9a elementor-widget elementor-widget-html\" data-id=\"7413e9a\" data-element_type=\"widget\" data-widget_type=\"html.default\">\n\t\t\t\t<div class=\"elementor-widget-container\">\n\t\t\t\r\n\r\n\r\n<title><b>RESOLU\u00c7\u00c3O N. 037\/2016<\/b><\/title>\r\n\r\n\r\n<div align=\"center\"><img decoding=\"async\" src=\"https:\/\/www.ufsm.br\/pro-reitorias\/proplan\/wp-content\/uploads\/sites\/344\/2019\/09\/brasao-da-republica-do-brasil-logo.png\" alt=\"Bras\u00e3o Rep\u00fablica Federativa do Brasil\" width=\"6%\" height=\"6%\"><\/div>    \r\n<h1><font color=\"blue\"><font size=\"5\"><div align=\"center\">MINIST\u00c9RIO DA EDUCA\u00c7\u00c3O<\/b><\/font><\/font><\/div><\/H1>\r\n<p><b><font color=\"0000blue\"><div align=\"center\">UNIVERSIDADE FEDERAL DE SANTA MARIA<\/b><\/font><\/div><\/p>\r\n\r\n<p><div align=\"center\"><b><a href=\"https:\/\/portal.ufsm.br\/documentos\/publico\/documento.html?id=8110760\"><font color=\"blue\">RESOLU\u00c7\u00c3O N. 037\/2016<\/font><\/a><\/b><\/div><\/p>\r\n<br>\r\n<p>\r\n    <div style=\"color: #800000;width: 60%;margin-left: auto;margin-right: 0;text-align: justify;font-weight: normal\">Altera o Estatuto da Universidade Federal de Santa Maria no que se refere \u00e0 Educa\u00e7\u00e3o B\u00e1sica, T\u00e9cnica e Tecnol\u00f3gica.<\/div><\/p>\r\n<br><div align=\"justify\">\r\n<p>O REITOR DA UNIVERSIDADE FEDERAL DE SANTA MARIA, no uso de suas atribui\u00e7\u00f5es legais e estatut\u00e1rias e considerando:<\/p>\r\n<p>- a necessidade de atualizar a denomina\u00e7\u00e3o em rela\u00e7\u00e3o as Unidades onde se desenvolve a Educa\u00e7\u00e3o B\u00e1sica, T\u00e9cnica e Tecnol\u00f3gica;<\/p>\r\n<p>- <a href=\"http:\/\/www.planalto.gov.br\/ccivil_03\/_ato2007-2010\/2007\/decreto\/d6096.htm\" target=\"_blank\"><font color=\"blue\"><u>Decreto n. 6.096\/2007<\/u><\/font><\/a>, Programa de Apoio a Planos de Reestrutura\u00e7\u00e3o e Expans\u00e3o das Universidades Federais \u2013 (Reuni);<\/p>\r\n<p>- a <a href=\"https:\/\/www.ufsm.br\/pro-reitorias\/proplan\/resolucao-n-045-2011\/\" target=\"_blank\"><font color=\"blue\"><u>Resolu\u00e7\u00e3o N. 045\/2011<\/u><\/font><\/a> do CONSU\/UFSM; e<\/p>\r\n<p>- o Parecer n. 080\/2016, da Comiss\u00e3o de Legisla\u00e7\u00e3o e Regimentos (CLR), aprovado na 788\u00aa Sess\u00e3o, do Conselho Universit\u00e1rio, de 30 de setembro de 2016, conforme Processo n. <a href=\"https:\/\/portal.ufsm.br\/documentos\/publico\/processo\/documento.html?idDocumento=7634171\" target=\"_blank\"><font color=\"blue\"><u>23081.025142\/2016-06<\/u><\/font><\/a>.<\/p>\r\n<br>\r\n<p><b><div align=\"center\">RESOLVE:<\/b><\/div><\/p>\r\n<br>\r\n<p>Art. 1\u00ba Promover altera\u00e7\u00f5es no <a href=\"https:\/\/www.ufsm.br\/pro-reitorias\/proplan\/estatuto-ufsm-2010\/\" target=\"_blank\"><font color=\"blue\"><u>Estatuto da UFSM<\/u><\/font><\/a>, em rela\u00e7\u00e3o aos artigos e par\u00e1grafos que tratam das unidades de educa\u00e7\u00e3o b\u00e1sica, t\u00e9cnica e tecnol\u00f3gica, como segue:<\/p>\r\n<p>Art. 2\u00ba No CAP\u00cdTULO I, se\u00e7\u00e3o I, do Conselho Universit\u00e1rio, no artigo 11 passa a vigorar nos itens IV e V o seguinte texto:<\/p>\r\n<p>\u201cIV - tr\u00eas Diretores de Unidades de Educa\u00e7\u00e3o B\u00e1sica, T\u00e9cnica e Tecnol\u00f3gica;<\/p>\r\n<p>V - um representante da categoria docente do ensino b\u00e1sico, t\u00e9cnico e tecnol\u00f3gico;\u201d<\/p>\r\n\r\n<p>Art. 3\u00ba No CAP\u00cdTULO I, se\u00e7\u00e3o II, do Conselho de Ensino, Pesquisa e Extens\u00e3o, artigo 17, passa a vigorar no item IX o seguinte texto:<\/p>\r\n<p>\u201cIX - tr\u00eas representantes dos docentes do ensino b\u00e1sico, t\u00e9cnico e tecnol\u00f3gico.\u201d<\/p>\r\n\r\n<p>Art. 4\u00ba No CAP\u00cdTULO I, SE\u00c7\u00c3O IV, artigo 22, passa a vigorar no \u00a7 2\u00ba, no item XIII o seguinte texto:<\/p>\r\n<p>\u201cXIII - Coordenadoria de Educa\u00e7\u00e3o B\u00e1sica, T\u00e9cnica e Tecnol\u00f3gica.\u201d<\/p>\r\n\r\n<p>Art. 5\u00ba No CAP\u00cdTULO I, SE\u00c7\u00c3O IV, artigo 24, passa a vigorar no \u00a7 1\u00ba, o seguinte texto:<\/p>\r\n<p>\u201c\u00a7 1\u00ba Nas faltas ou impedimentos simult\u00e2neos do Reitor e do Vice-Reitor, a Reitoria ser\u00e1 exercida pelo Professor mais antigo no Magist\u00e9rio Federal, em exerc\u00edcio na UFSM, dentre os diretores de unidades.\u201d<\/p>\r\n\r\n<p>Art 6\u00ba No CAP\u00cdTULO II, SE\u00c7\u00c3O II, artigo 36, passa a vigorar no \u00a7 6\u00ba e \u00a7 7\u00ba, o seguinte texto:<\/p>\r\n<p>\u201c\u00a7 6\u00ba O diretor de unidade universit\u00e1ria e de unidade descentralizada ser\u00e1 substitu\u00eddo, em seus afastamentos tempor\u00e1rios e impedimentos eventuais, pelo vice-diretor, sendo que, nas faltas ou impedimentos simult\u00e2neos do diretor e do vice-diretor, a dire\u00e7\u00e3o ser\u00e1 exercida pelo coordenador de curso mais antigo no magist\u00e9rio federal da UFSM, em exerc\u00edcio na unidade, desde que atenda as determina\u00e7\u00f5es prescritas na legisla\u00e7\u00e3o vigente.<\/p>\r\n<p>\u00a7 7\u00ba No caso de n\u00e3o atendimento do \u00a7 6\u00ba, ser\u00e1 designado o professor mais antigo no magist\u00e9rio federal da UFSM, em exerc\u00edcio na unidade, desde que atenda \u00e0s determina\u00e7\u00f5es prescritas na legisla\u00e7\u00e3o vigente.\u201d<\/p>\r\n\r\n<p>Art. 7\u00ba No CAP\u00cdTULO II, SE\u00c7\u00c3O IV, artigo 42, passa a vigorar no \u00a7 5\u00ba, o seguinte texto:<\/p>\r\n<p>\u201c\u00a7 5\u00ba Nos impedimentos simult\u00e2neos do chefe ou subchefe do departamento, exercer\u00e1 a fun\u00e7\u00e3o de chefe o docente mais antigo no quadro de carreira do Magist\u00e9rio Federal lotado no departamento.\u201d<\/p>\r\n\r\n<p>Art. 8\u00ba O CAP\u00cdTULO III do T\u00cdTULO II passa a vigorar com a seguinte denomina\u00e7\u00e3o \u201cDAS UNIDADES DE EDUCA\u00c7\u00c3O B\u00c1SICA, T\u00c9CNICA E TECNOL\u00d3GICA\u201d.<\/p>\r\n<p>Art. 9\u00ba O caput do art. 44 passa a ter a seguinte reda\u00e7\u00e3o \u201cA administra\u00e7\u00e3o de cada uma das unidades de educa\u00e7\u00e3o b\u00e1sica, t\u00e9cnica e tecnol\u00f3gica ser\u00e1 feita por meio dos seguintes \u00f3rg\u00e3os:\u201d os incisos do artigo permanecem inalterados.<\/p>\r\n<p>Art. 10. O caput do art. 45 passa a ter a seguinte reda\u00e7\u00e3o \u201cO Conselho Diretor, \u00f3rg\u00e3o deliberativo e consultivo de unidade de ensino b\u00e1sico, t\u00e9cnico e tecnol\u00f3gico, comp\u00f5e-se de:\u201d os incisos e par\u00e1grafos do artigo permanecem inalterados.<\/p>\r\n<p>Art. 11. O caput do art. 46 passa a ter a seguinte reda\u00e7\u00e3o \u201cDas delibera\u00e7\u00f5es do conselho de unidade de educa\u00e7\u00e3o b\u00e1sica, t\u00e9cnica e tecnol\u00f3gica, caber\u00e1 recurso ao Conselho de \u00c1rea da Coordenadoria de Educa\u00e7\u00e3o B\u00e1sica, T\u00e9cnica e Tecnol\u00f3gica e, posteriormente, ao Conselho Universit\u00e1rio, se administrativo, e ao Conselho de Ensino, Pesquisa e Extens\u00e3o, quando atinente ao Ensino, num prazo de dez dias.\u201d<\/p>\r\n<p>Art. 12. A Se\u00e7\u00e3o II, CAP\u00cdTULO III, do T\u00cdTULO II passa vigorar com a seguinte denomina\u00e7\u00e3o \u201cDa Dire\u00e7\u00e3o de Unidade de Educa\u00e7\u00e3o B\u00e1sica, T\u00e9cnica e Tecnol\u00f3gica\u201d.<\/p>\r\n<p>Art. 13. O caput do art. 47 passa a ter a seguinte reda\u00e7\u00e3o \u201cA dire\u00e7\u00e3o de unidade de educa\u00e7\u00e3o b\u00e1sica, t\u00e9cnica e tecnol\u00f3gica, composta por diretor e vice-diretor, supervisiona e coordena todas as atividades da unidade, exercendo, para isso, seu mandato em regime de tempo integral.\u201d <\/p>\r\n<p>Art. 14. O caput e quatro dos cinco par\u00e1grafos do art. 48 dever\u00e3o ser alterados, que passam a ter a seguinte reda\u00e7\u00e3o como segue:<\/p>\r\n<p>\u201cArt. 48. O diretor e o vice-diretor de unidade de educa\u00e7\u00e3o b\u00e1sica, t\u00e9cnica e tecnol\u00f3gica ser\u00e3o nomeados pelo Reitor,  devendo os candidatos pertencerem ao quadro de docentes efetivos do Magist\u00e9rio Federal lotados e em exerc\u00edcio nas respectivas unidades.\u201d<\/p>\r\n<p>\u201c\u00a7 1\u00ba O mandato de diretor e vice-diretor de unidade de educa\u00e7\u00e3o b\u00e1sica, t\u00e9cnica e tecnol\u00f3gica ser\u00e1 de quatro anos, sendo permitida uma \u00fanica recondu\u00e7\u00e3o para o mesmo cargo.\u201d<\/p>\r\n<p>\u201c\u00a7 3\u00ba No caso de vac\u00e2ncia dos cargos de diretor e vice-diretor de unidade de educa\u00e7\u00e3o b\u00e1sica, t\u00e9cnica e tecnol\u00f3gica, as listas ser\u00e3o organizadas no prazo m\u00e1ximo de sessenta dias ap\u00f3s a abertura da vaga, e os mandatos dos dirigentes que vierem a ser nomeados ser\u00e1 de quatro anos.\u201d<\/p>\r\n<p>\u201c\u00a7 4\u00ba A destitui\u00e7\u00e3o do diretor ou vice-diretor de unidade de educa\u00e7\u00e3o b\u00e1sica, t\u00e9cnica e tecnol\u00f3gica poder\u00e1 ocorrer por iniciativa do Reitor ou por solicita\u00e7\u00e3o do Conselho de Unidade de educa\u00e7\u00e3o b\u00e1sica, t\u00e9cnica e tecnol\u00f3gica, por motivos considerados relevantes, em processo regular, sempre que assim entenderem no m\u00ednimo dois ter\u00e7os dos membros do conselho e unidade de educa\u00e7\u00e3o b\u00e1sica, t\u00e9cnica e tecnol\u00f3gica, com aprova\u00e7\u00e3o do Conselho Universit\u00e1rio.\u201d<\/p>\r\n<p>\u201c\u00a7 5\u00ba A designa\u00e7\u00e3o de diretor e vice-diretor de unidade de educa\u00e7\u00e3o b\u00e1sica, t\u00e9cnica e tecnol\u00f3gica pro tempore caber\u00e1 ao Reitor, quando, por qualquer motivo, estiverem vagos os cargos  respectivos   e n\u00e3o houver condi\u00e7\u00f5es para provimento regular imediato.\u201d<\/p>                                                                                                                                                                                                                                                                                                                                                                                                                                     \r\n\r\n<p>Art. 15. A Se\u00e7\u00e3o III, CAP\u00cdTULO III, do T\u00cdTULO II passa vigorar com a seguinte denomina\u00e7\u00e3o \u201cDos Departamentos de Educa\u00e7\u00e3o B\u00e1sica, T\u00e9cnica e Tecnol\u00f3gica\u201d.<\/p>\r\n<p>Art. 16. O caput do art. 49 passa a ter a seguinte reda\u00e7\u00e3o, \u201cOs departamentos s\u00e3o subunidades da estrutura da unidade da educa\u00e7\u00e3o b\u00e1sica, t\u00e9cnica e tecnol\u00f3gica, para efeito de planejamento, organiza\u00e7\u00e3o administrativa e did\u00e1tico-cient\u00edfica, congregando secretarias, coordena\u00e7\u00f5es e setores.\u201d<\/p>\r\n<p>Art. 17. O caput do art. 50 passa a ter a seguinte reda\u00e7\u00e3o, \u201cOs diretores de departamento ser\u00e3o designados e nomeados pelo diretor da unidade de educa\u00e7\u00e3o b\u00e1sica, t\u00e9cnica e tecnol\u00f3gica.\u201d<\/p>\r\n\r\n<p>Art. 18. O caput do art. 51 passa a ter a seguinte reda\u00e7\u00e3o, \u201cO regulamento interno de cada unidade de educa\u00e7\u00e3o b\u00e1sica, t\u00e9cnica e tecnol\u00f3gica fixar\u00e1 as compet\u00eancias e atribui\u00e7\u00f5es dos diretores de departamentos.\u201d<\/p>\r\n<p>Art. 19. No artigo 58 passa a ter a seguinte reda\u00e7\u00e3o, \u201cO ensino da UFSM ser\u00e1 feito por meio de cursos nos seguintes n\u00edveis, al\u00e9m de outros que se fizerem necess\u00e1rios:<\/p>\r\n<p>I - gradua\u00e7\u00e3o presencial e a dist\u00e2ncia;<\/p>\r\n<p>II - p\u00f3s-gradua\u00e7\u00e3o Stricto Sensu;<\/p>\r\n<p>III - p\u00f3s-gradua\u00e7\u00e3o Lato Sensu, presencial e a dist\u00e2ncia;<\/p>\r\n<p>IV - Educa\u00e7\u00e3o b\u00e1sica, t\u00e9cnica e tecnol\u00f3gica, presencial e a dist\u00e2ncia.\u201d<\/p>\r\n\r\n<p>Art. 20. No artigo 64 passa a ter a seguinte reda\u00e7\u00e3o, \u201cOs cursos de educa\u00e7\u00e3o b\u00e1sica ser\u00e3o ministrados pelas unidades de educa\u00e7\u00e3o b\u00e1sica, t\u00e9cnica e tecnol\u00f3gica, obedecendo \u00e0 legisla\u00e7\u00e3o vigente que trata dessa vertente da educa\u00e7\u00e3o.<\/p>\r\n<p>Par\u00e1grafo \u00fanico. Os cursos superiores poder\u00e3o ser ministrados pelas unidades universit\u00e1rias e pelas unidades de educa\u00e7\u00e3o b\u00e1sica, t\u00e9cnica e tecnol\u00f3gica.\u201d<\/p>\r\n\r\n<p>Art. 21. No artigo 72 passa a ter a seguinte reda\u00e7\u00e3o, \u201cArt. 72. A execu\u00e7\u00e3o dos projetos de pesquisa ser\u00e1 coordenada:<\/p>\r\n<p>I - pelo departamento;<\/p>\r\n<p>II - pelo conselho de centro, de unidade descentralizada ou de unidade de educa\u00e7\u00e3o b\u00e1sica, t\u00e9cnica e tecnol\u00f3gica, quando vinculada a mais de um departamento da mesma unidade universit\u00e1ria ou unidade de educa\u00e7\u00e3o b\u00e1sica, t\u00e9cnica e tecnol\u00f3gica; e<\/p>\r\n<p>III - pela Pr\u00f3-Reitoria de P\u00f3s-Gradua\u00e7\u00e3o e Pesquisa, quando a pesquisa abranger \u00e1reas de v\u00e1rias unidades.\u201d <\/p>\r\n\r\n<p>Art. 22. CAP\u00cdTULO I, DAS ATIVIDADES DE MAGIST\u00c9RIO SUPERIOR passa vigorar com a seguinte denomina\u00e7\u00e3o \u201cDAS ATIVIDADES DO MAGIST\u00c9RIO FEDERAL\u201d.<\/p>\r\n<p>Art. 23. No artigo 78 passa a ter a seguinte reda\u00e7\u00e3o, \u201cArt. 78. Entende-se por atividades de magist\u00e9rio federal na UFSM:<\/p>\r\n<p>I - as pertinentes \u00e0 pesquisa e ao ensino em todos os seus n\u00edveis e modalidades que visem \u00e0 produ\u00e7\u00e3o, amplia\u00e7\u00e3o e transmiss\u00e3o do saber;<\/p>\r\n<p>II - as que estendam \u00e0 comunidade, sob a forma de cursos e servi\u00e7os especiais, as atividades de ensino e os resultados da pesquisa; e<\/p>\r\n<p>III - as inerentes \u00e0 dire\u00e7\u00e3o ou assessoramento exercidas por professores na pr\u00f3pria Institui\u00e7\u00e3o ou em \u00f3rg\u00e3os do Minist\u00e9rio da Educa\u00e7\u00e3o.<\/p>\r\n<p>Par\u00e1grafo \u00fanico. S\u00e3o privativas dos integrantes da carreira do magist\u00e9rio as fun\u00e7\u00f5es de administra\u00e7\u00e3o acad\u00eamica, exceto aquelas compreendidas nas \u00e1reas de planejamento, de administra\u00e7\u00e3o, de recursos humanos, de finan\u00e7as ou de servi\u00e7os gerais e de infraestrutura.\u201d<\/p>\r\n\r\n<p>Art. 24. No artigo 79 passa a ter a seguinte reda\u00e7\u00e3o, \u201cArt. 79. O corpo docente da UFSM ser\u00e1 constitu\u00eddo pelos integrantes das carreiras do Magist\u00e9rio Federal e pelos professores tempor\u00e1rios.\u201d<\/p>\r\n<p>Art. 25. No artigo 80 passa a ter a seguinte reda\u00e7\u00e3o, \u201cArt. 80. S\u00e3o atribui\u00e7\u00f5es do corpo docente as previstas para as atividades de magist\u00e9rio federal.\u201d<\/p>\r\n<p>Art. 26. No CAP\u00cdTULO VI, artigo 94, passa a vigorar no \u00a7 1\u00ba o seguinte texto:<\/p>\r\n<p>\u201c\u00a7 1\u00ba S\u00e3o considerados alunos regulares os alunos matriculados em cursos de gradua\u00e7\u00e3o, de p\u00f3s-gradua\u00e7\u00e3o e de educa\u00e7\u00e3o b\u00e1sica, t\u00e9cnica e tecnol\u00f3gica.\u201d<\/p>\r\n\r\n<p>Art. 27. No artigo 110 passa a ter a seguinte reda\u00e7\u00e3o \u201cArt. 110. A UFSM poder\u00e1 conferir as seguintes dignidades:<\/p>\r\n<p>I - Comenda do M\u00e9rito Universit\u00e1rio, a pessoas ilustres ligadas \u00e0 educa\u00e7\u00e3o e a docentes com atividades no Magist\u00e9rio Federal que se tenham tornado merecedores pela presta\u00e7\u00e3o de servi\u00e7os considerados relevantes ao ensino brasileiro e, especialmente, \u00e0 Universidade Federal de Santa Maria; e<\/p>\r\n<p>II - a Medalha do M\u00e9rito Universit\u00e1rio, a personalidades docentes ou n\u00e3o, de destacadas atua\u00e7\u00f5es em prol do ensino brasileiro e, mormente, da UFSM.\u201d<\/p>\r\n\r\n<p>Art. 28. No artigo 123 passa a ter a seguinte reda\u00e7\u00e3o, \u201cArt. 123. As normas para realiza\u00e7\u00e3o dos concursos para professor do magist\u00e9rio superior e magist\u00e9rio de ensino b\u00e1sico, t\u00e9cnico e tecnol\u00f3gico ser\u00e3o fixadas pela UFSM, consoante dispuserem a legisla\u00e7\u00e3o em vigor, o  <a href=\"https:\/\/www.ufsm.br\/pro-reitorias\/proplan\/regimento-geral-da-ufsm-2011\/\" target=\"_blank\"><font color=\"blue\"><u>Regimento Geral da UFSM<\/u><\/font><\/a> e as resolu\u00e7\u00f5es dos Conselhos Superiores.\u201d<\/p>\r\n<p>Art. 29. Esta resolu\u00e7\u00e3o entra em vigor na data de sua assinatura, revogadas as disposi\u00e7\u00f5es em contr\u00e1rio.<\/p>\r\n\r\n<p>GABINETE DO REITOR DA UNIVERSIDADE FEDERAL DE SANTA MARIA, aos dez dias do m\u00eas de outubro do ano dois mil e dezesseis.<\/p>\r\n<\/div>\r\n<p>Paulo Afonso Burmann,<\/p>\r\n<p>Reitor.<\/p>\r\n\r\n\r\n<p><font color=\"red0000\">Este texto n\u00e3o substitui o documento original, publicado no Portal de Documentos.<\/font> Dispon\u00edvel em: <a href=\"https:\/\/portal.ufsm.br\/documentos\/publico\/documento.html?id=8110760\"><font color=\"blue\">https:\/\/portal.ufsm.br\/documentos\/publico\/documento.html?id=8110760<\/font><\/a>\r\n\r\n\t\t<\/div>\n\t\t\t\t<\/div>\n\t\t\t\t\t<\/div>\n\t\t<\/div>\n\t\t\t\t\t<\/div>\n\t\t<\/section>\n\t\t\t\t<\/div>\n\t\t","protected":false},"excerpt":{"rendered":"<p>RESOLU\u00c7\u00c3O N. 037\/2016 MINIST\u00c9RIO DA EDUCA\u00c7\u00c3O UNIVERSIDADE FEDERAL DE SANTA MARIA RESOLU\u00c7\u00c3O N. 037\/2016 Altera o Estatuto da Universidade Federal de Santa Maria no que se refere \u00e0 Educa\u00e7\u00e3o B\u00e1sica, T\u00e9cnica e Tecnol\u00f3gica. O REITOR DA UNIVERSIDADE FEDERAL DE SANTA MARIA, no uso de suas atribui\u00e7\u00f5es legais e estatut\u00e1rias e considerando: &#8211; a necessidade de [&hellip;]<\/p>\n","protected":false},"author":205,"featured_media":0,"parent":0,"menu_order":0,"comment_status":"closed","ping_status":"closed","template":"","meta":{"footnotes":""},"categories":[],"tags":[],"class_list":["post-2607","page","type-page","status-publish","hentry"],"acf":[],"_links":{"self":[{"href":"https:\/\/www.ufsm.br\/pro-reitorias\/proplan\/wp-json\/wp\/v2\/pages\/2607","targetHints":{"allow":["GET"]}}],"collection":[{"href":"https:\/\/www.ufsm.br\/pro-reitorias\/proplan\/wp-json\/wp\/v2\/pages"}],"about":[{"href":"https:\/\/www.ufsm.br\/pro-reitorias\/proplan\/wp-json\/wp\/v2\/types\/page"}],"author":[{"embeddable":true,"href":"https:\/\/www.ufsm.br\/pro-reitorias\/proplan\/wp-json\/wp\/v2\/users\/205"}],"replies":[{"embeddable":true,"href":"https:\/\/www.ufsm.br\/pro-reitorias\/proplan\/wp-json\/wp\/v2\/comments?post=2607"}],"version-history":[{"count":0,"href":"https:\/\/www.ufsm.br\/pro-reitorias\/proplan\/wp-json\/wp\/v2\/pages\/2607\/revisions"}],"wp:attachment":[{"href":"https:\/\/www.ufsm.br\/pro-reitorias\/proplan\/wp-json\/wp\/v2\/media?parent=2607"}],"wp:term":[{"taxonomy":"category","embeddable":true,"href":"https:\/\/www.ufsm.br\/pro-reitorias\/proplan\/wp-json\/wp\/v2\/categories?post=2607"},{"taxonomy":"post_tag","embeddable":true,"href":"https:\/\/www.ufsm.br\/pro-reitorias\/proplan\/wp-json\/wp\/v2\/tags?post=2607"}],"curies":[{"name":"wp","href":"https:\/\/api.w.org\/{rel}","templated":true}]}}