{"id":2614,"date":"2019-10-23T11:25:59","date_gmt":"2019-10-23T14:25:59","guid":{"rendered":"https:\/\/www.ufsm.br\/pro-reitorias\/proplan\/?page_id=2614"},"modified":"2020-04-30T20:56:55","modified_gmt":"2020-04-30T23:56:55","slug":"regimento-interno-do-comite-gestor-de-tecnologias-de-informacao-e-comunicacao-da-ufsm","status":"publish","type":"page","link":"https:\/\/www.ufsm.br\/pro-reitorias\/proplan\/regimento-interno-do-comite-gestor-de-tecnologias-de-informacao-e-comunicacao-da-ufsm","title":{"rendered":"Regimento Interno do Comit\u00ea Gestor de Tecnologias de Informa\u00e7\u00e3o e Comunica\u00e7\u00e3o da UFSM (2016)"},"content":{"rendered":"\t\t<div data-elementor-type=\"wp-page\" data-elementor-id=\"2614\" class=\"elementor elementor-2614\">\n\t\t\t\t\t\t<section class=\"elementor-section elementor-top-section elementor-element elementor-element-b3c873e elementor-section-boxed elementor-section-height-default elementor-section-height-default\" data-id=\"b3c873e\" data-element_type=\"section\">\n\t\t\t\t\t\t<div class=\"elementor-container elementor-column-gap-default\">\n\t\t\t\t\t<div class=\"elementor-column elementor-col-100 elementor-top-column elementor-element elementor-element-c620a32\" data-id=\"c620a32\" data-element_type=\"column\">\n\t\t\t<div class=\"elementor-widget-wrap elementor-element-populated\">\n\t\t\t\t\t\t<div class=\"elementor-element elementor-element-ecea853 elementor-widget elementor-widget-html\" data-id=\"ecea853\" data-element_type=\"widget\" data-widget_type=\"html.default\">\n\t\t\t\t<div class=\"elementor-widget-container\">\n\t\t\t\r\n\r\n\r\n<title><b>REGIMENTO INTERNO DO COMIT\u00ca GESTOR DE TECNOLOGIAS DE INFORMA\u00c7\u00c3O E COMUNICA\u00c7\u00c3O DA UFSM<\/b><\/title>\r\n\r\n\r\n<div align=\"center\"><img decoding=\"async\" src=\"https:\/\/www.ufsm.br\/pro-reitorias\/proplan\/wp-content\/uploads\/sites\/344\/2019\/09\/brasao-da-republica-do-brasil-logo.png\" alt=\"Bras\u00e3o Rep\u00fablica Federativa do Brasil\" width=\"6%\" height=\"6%\"><\/div>    \r\n<h1><font color=\"blue\"><font size=\"5\"><div align=\"center\">MINIST\u00c9RIO DA EDUCA\u00c7\u00c3O<\/b><\/font><\/font><\/div><\/H1>\r\n<p><b><font color=\"0000blue\"><div align=\"center\">UNIVERSIDADE FEDERAL DE SANTA MARIA<\/b><\/font><\/div><\/p>\r\n\r\n<p><div align=\"center\"><b><a href=\"https:\/\/portal.ufsm.br\/documentos\/publico\/documento.html?id=12766257\"><font color=\"blue\">REGIMENTO INTERNO DO COMIT\u00ca GESTOR DE TECNOLOGIAS DE INFORMA\u00c7\u00c3O E COMUNICA\u00c7\u00c3O DA UFSM<\/font><\/a><\/b><\/div><\/p>\r\n<br>\r\n<p><div align=\"right\"><font color=\"800000\"><strike>Anexo da <a href=\"https:\/\/www.ufsm.br\/pro-reitorias\/proplan\/resolucao-n-032-2016\/\" target=\"_blank\"><font color=\"blue\"><u>Res. N. 032\/2016, de 08.09.2016<\/u><\/font><\/a>.<\/strike><\/font><\/div><\/p>\r\n<br>\r\n<p><a href=\"https:\/\/www.ufsm.br\/pro-reitorias\/proplan\/resolucao-n-020-2019\/\"><font color=\"blue\">Revogado pela Resolu\u00e7\u00e3o N. 020\/2019<\/font><\/a><\/p><\/p>\r\n<br>\r\n<strike>\r\n<p><b><div align=\"center\">CAP\u00cdTULO I<\/b><\/div><\/p>\r\n<p><b><div align=\"center\">DAS DISPOSI\u00c7\u00d5ES PRELIMINARES<\/b><\/div><\/p>\r\n<br><div align=\"justify\">\r\n<br>\r\n<p>Art. 1\u00ba O presente Regimento disciplina a organiza\u00e7\u00e3o, as compet\u00eancias e o funcionamento do Comit\u00ea Gestor de Tecnologias de Informa\u00e7\u00e3o e Comunica\u00e7\u00e3o da Universidade Federal de Santa Maria.<\/p>\r\n<br>\r\n<p><b><div align=\"center\">CAP\u00cdTULO II<\/b><\/div><\/p>\r\n<p><b><div align=\"center\">DA NATUREZA E OBJETIVOS<\/b><\/div><\/p>\r\n<br>\r\n<p>Art. 2\u00ba O Comit\u00ea Gestor de Tecnologias de Informa\u00e7\u00e3o e Comunica\u00e7\u00e3o \u2013 CGTIC da Universidade Federal de Santa Maria \u2013 UFSM \u00e9 de natureza consultiva e propositiva, de car\u00e1ter permanente, institu\u00eddo por portaria do Reitor da UFSM e vinculado ao Gabinete do Reitor.<\/p>\r\n<p>Art. 3\u00ba Objetivos do Comit\u00ea Gestor de Tecnologias de Informa\u00e7\u00e3o e Comunica\u00e7\u00e3o:<\/p>\r\n<p>I - promover o alinhamento das a\u00e7\u00f5es de TI \u00e0s diretrizes estrat\u00e9gicas da UFSM;<\/p>\r\n<p>II - promover e apoiar a prioriza\u00e7\u00e3o de projetos de tecnologias de informa\u00e7\u00e3o e comunica\u00e7\u00e3o a serem atendidos para dar suporte \u00e0s necessidades estrat\u00e9gicas da UFSM;<\/p>\r\n<p>III - identificar e priorizar oportunidades de melhorias para que a Institui\u00e7\u00e3o possa se adaptar rapidamente a mudan\u00e7as tecnol\u00f3gicas ou de gest\u00e3o e a novas demandas operacionais ou estrat\u00e9gicas;<\/p>\r\n<p>IV - promover a inser\u00e7\u00e3o das tecnologias de informa\u00e7\u00e3o e comunica\u00e7\u00e3o nas atividades de ensino, pesquisa e extens\u00e3o da UFSM; e<\/p>\r\n<p>V - acompanhar o andamento das a\u00e7\u00f5es estrat\u00e9gicas de tecnologias de informa\u00e7\u00e3o e comunica\u00e7\u00e3o.<\/p>\r\n\r\n<p>Art. 4\u00ba A organiza\u00e7\u00e3o e o funcionamento do Comit\u00ea Gestor de Tecnologias de Informa\u00e7\u00e3o e Comunica\u00e7\u00e3o ser\u00e3o regidos pelos dispositivos deste Regimento, e tem por finalidade auxiliar a Institui\u00e7\u00e3o na tomada de decis\u00f5es relacionadas \u00e0s Tecnologias de Informa\u00e7\u00e3o e Comunica\u00e7\u00e3o.<\/p>\r\n<br>\r\n<p><b><div align=\"center\">CAP\u00cdTULO III<\/b><\/div><\/p>\r\n<p><b><div align=\"center\">DA COMPOSI\u00c7\u00c3O<\/b><\/div><\/p>\r\n<br>\r\n<p>Art. 5\u00ba O Comit\u00ea Gestor de Tecnologias de Informa\u00e7\u00e3o e Comunica\u00e7\u00e3o ter\u00e1 a seguinte composi\u00e7\u00e3o:<\/p>\r\n<p>I - Presid\u00eancia;<\/p>\r\n<p>II - Secretaria, e<\/p>\r\n<p>III - Membros.<\/p>\r\n<p>\u00a7 1\u00ba A Presid\u00eancia do Comit\u00ea Gestor de Tecnologias de Informa\u00e7\u00e3o e Comunica\u00e7\u00e3o ser\u00e1 exercida pelo Reitor e, na sua aus\u00eancia ou impedimento pelo Vice-Reitor.<\/p>\r\n<p>\u00a7 2\u00ba A secretaria, a que alude o inciso II do caput deste artigo, ser\u00e1 exercida por servidor da UFSM, escolhido pelo Presidente, que n\u00e3o poder\u00e1 tomar parte nas discuss\u00f5es e vota\u00e7\u00f5es do Comit\u00ea.<\/p>\r\n\r\n<p>Art. 6\u00ba O Comit\u00ea Gestor de Tecnologias de Informa\u00e7\u00e3o e Comunica\u00e7\u00e3o ser\u00e1 constitu\u00eddo pelos seguintes membros:<\/p>\r\n<p>I - Reitor(a)<\/p>\r\n<p>II - Pr\u00f3-Reitor(a) de Administra\u00e7\u00e3o;<\/p>\r\n<p>III - Pr\u00f3-Reitor(a) de Planejamento;<\/p>\r\n<p>IV - Pr\u00f3-Reitor(a) de Gradua\u00e7\u00e3o;<\/p>\r\n<p>V - Pr\u00f3-Reitor(a) de P\u00f3s-Gradua\u00e7\u00e3o e Pesquisa;<\/p>\r\n<p>VI - Pr\u00f3-Reitor(a) de Extens\u00e3o;<\/p>\r\n<p>VII - dois  representantes das Unidades Universit\u00e1rias do Campus Sede da UFSM;<\/p>\r\n<p>VIII - um representante das Unidades Universit\u00e1rias, dos Campi fora da sede e Unidade Descentralizada;<\/p>\r\n<p>IX - um  representante do Gabinete do Reitor, indicado pelo Reitor;<\/p>\r\n<p>X - o Diretor(a) do Centro de Processamento de Dados;<\/p>\r\n<p>XI - o Coordenador(a) da Coordenadoria de Comunica\u00e7\u00e3o Social;<\/p>\r\n<p>XII - o Coordenador da Coordenadoria de Educa\u00e7\u00e3o B\u00e1sica, T\u00e9cnica e Tecnol\u00f3gica (CEBTT);<\/p>\r\n<p>XIII - o Diretor do N\u00facleo de Tecnologias Educacionais (NTE);<\/p>\r\n<p>XIV - o Diretor da Ag\u00eancia de Inova\u00e7\u00e3o e Transfer\u00eancia de Tecnologia (AGITTEC);<\/p>\r\n<p>XV - um professor representante dos cursos de Tecnologia da Informa\u00e7\u00e3o da UFSM; e<\/p>\r\n<p>XVI - um representante discente indicado pelo Diret\u00f3rio Central de Estudantes (DCE).<\/p>\r\n<p>\u00a7 1\u00ba Os suplentes dos Pr\u00f3-Reitores membros do Comit\u00ea Gestor de Tecnologias de Informa\u00e7\u00e3o e Comunica\u00e7\u00e3o ser\u00e3o os substitutos oficialmente designados via portaria do reitor como seus substitutos nas respectivas \u00e1reas de atua\u00e7\u00e3o.<\/p>\r\n<p>\u00a7 2\u00ba Os representantes e suplentes das Unidades Universit\u00e1rias do Campus Sede, bem como o representante e suplente dos Campi fora da sede e Unidade Descentralizada, ser\u00e3o escolhidos e indicados pelo conjunto de diretores de unidades universit\u00e1rias.<\/p>\r\n<p>\u00a7 3\u00ba O professor representante dos cursos de Tecnologia da Informa\u00e7\u00e3o da UFSM e seu suplente ser\u00e3o indicados pelos Coordenadores de Curso dos Cursos de Tecnologia da Informa\u00e7\u00e3o, oficialmente designado via portaria.<\/p>\r\n<p>\u00a7 4\u00ba Os suplentes do Gabinete do Reitor, do CPD, da CEBTT, do NTE e da AGITTEC ser\u00e3o indicados pelo Reitor e oficialmente designados via portaria.<\/p>\r\n<br>\r\n<p><b><div align=\"center\">CAP\u00cdTULO IV<\/b><\/div><\/p>\r\n<p><b><div align=\"center\">DAS COMPET\u00caNCIAS<\/b><\/div><\/p>\r\n<br>\r\n<p>Art. 7\u00ba Compete ao Comit\u00ea Gestor de Tecnologias de Informa\u00e7\u00e3o e Comunica\u00e7\u00e3o:<\/p>\r\n<p>I - propor atualiza\u00e7\u00e3o do seu regimento interno;<\/p>\r\n<p>II - elaborar o Plano Diretor de Tecnologias de Informa\u00e7\u00e3o e Comunica\u00e7\u00e3o da UFSM;<\/p>\r\n<p>III - elaborar o Plano de Seguran\u00e7a da Informa\u00e7\u00e3o e Comunica\u00e7\u00e3o e de Seguran\u00e7a Cibern\u00e9tica;<\/p>\r\n<p>IV - apreciar Pol\u00edticas de Seguran\u00e7a relativas a Tecnologias de Informa\u00e7\u00e3o e Comunica\u00e7\u00e3o;<\/p>\r\n<p>V - apreciar o Plano Anual de Investimento para a \u00e1rea de Tecnologia de Informa\u00e7\u00e3o, para o exerc\u00edcio subsequente;<\/p>\r\n<p>VI - definir as diretrizes de planejamento, organiza\u00e7\u00e3o e execu\u00e7\u00e3o das atividades de Tecnologia de Informa\u00e7\u00e3o e Comunica\u00e7\u00e3o;<\/p>\r\n<p>VII - definir prioridades na formula\u00e7\u00e3o e execu\u00e7\u00e3o de planos e projetos institucionais relacionados \u00e0 Tecnologia de Informa\u00e7\u00e3o e Comunica\u00e7\u00e3o;<\/p>\r\n<p>VIII - estabelecer um cronograma de atividades do Comit\u00ea para o exerc\u00edcio, sempre na primeira sess\u00e3o ordin\u00e1ria; e<\/p>\r\n<p>IX - propor a cria\u00e7\u00e3o de Grupos de Trabalho para auxiliarem nas decis\u00f5es do Comit\u00ea Gestor de Tecnologias de Informa\u00e7\u00e3o e Comunica\u00e7\u00e3o, definindo seus objetivos, composi\u00e7\u00e3o, regimento e prazo para conclus\u00e3o de seus trabalhos, quando for o caso.<\/p>\r\n<p>Par\u00e1grafo \u00fanico. Os incisos I, II, III e IV devem ser submetidos ao Conselho Universit\u00e1rio da UFSM, para aprova\u00e7\u00e3o.<\/p>\r\n\r\n<p>Art. 8\u00ba Compete ao Presidente do Comit\u00ea Gestor de Tecnologias de Informa\u00e7\u00e3o e Comunica\u00e7\u00e3o:<\/p>\r\n<p>I - convocar e presidir as reuni\u00f5es ordin\u00e1rias e extraordin\u00e1rias;<\/p>\r\n<p>II - aprovar a pauta das reuni\u00f5es;<\/p>\r\n<p>III - resolver as quest\u00f5es de ordem;<\/p>\r\n<p>IV - exercer o voto de desempate (ou de qualidade);<\/p>\r\n<p>V - baixar atos necess\u00e1rios a organiza\u00e7\u00e3o interna; e<\/p>\r\n<p>VI - indicar o secret\u00e1rio.<\/p>\r\n\r\n<p>Art. 9\u00ba Compete \u00e0 Secretaria do Comit\u00ea Gestor de Tecnologias de Informa\u00e7\u00e3o e Comunica\u00e7\u00e3o:<\/p>\r\n<p>I - secretariar as reuni\u00f5es;<\/p>\r\n<p>II - redigir, providenciar as devidas assinaturas e divulgar as atas das reuni\u00f5es;<\/p>\r\n<p>III - organizar os processos administrativos e seus tr\u00e2mites;<\/p>\r\n<p>IV - distribuir previamente a pauta das reuni\u00f5es, com c\u00f3pias dos respectivos temas a serem tratados;<\/p>\r\n<p>V - fazer as convoca\u00e7\u00f5es determinadas pelo presidente;<\/p>\r\n<p>VI - assistir aos membros do Comit\u00ea no exerc\u00edcio da sua fun\u00e7\u00e3o; e<\/p>\r\n<p>VII - manter atualizada a correspond\u00eancia e documenta\u00e7\u00e3o do Comit\u00ea.<\/p>\r\n\r\n<p>Art.10. Compete aos membros do Comit\u00ea:<\/p>\r\n<p>I - participar das reuni\u00f5es do Comit\u00ea, contribuindo no estudo, nas discuss\u00f5es e na busca de solu\u00e7\u00f5es de consenso dos membros;<\/p>\r\n<p>II - exercer o direito de voto nas tomadas de decis\u00f5es;<\/p>\r\n<p>III - relatar mediante emiss\u00e3o de parecer a ser submetido \u00e0 aprova\u00e7\u00e3o do Comit\u00ea, as mat\u00e9rias que lhe tenham sido encaminhadas pelo Presidente; e<\/p>\r\n<p>IV - participar dos grupos de trabalho designados pelo Presidente.<\/p>\r\n<br>\r\n<p><b><div align=\"center\">CAP\u00cdTULO V<\/b><\/div><\/p>\r\n<p><b><div align=\"center\">DO FUNCIONAMENTO DO COMIT\u00ca GESTOR DE TECNOLOGIAS DE INFORMA\u00c7\u00c3O E COMUNICA\u00c7\u00c3O<\/b><\/div><\/p>\r\n<br>\r\n<p>Art. 11. O Comit\u00ea Gestor de Tecnologias de Informa\u00e7\u00e3o e Comunica\u00e7\u00e3o reunir-se-\u00e1 ordinariamente quatro vezes por ano e extraordinariamente por convoca\u00e7\u00e3o do seu Presidente ou pela subscri\u00e7\u00e3o de dois ter\u00e7os dos seus membros.<\/p>\r\n<p>\u00a7 1\u00ba As reuni\u00f5es ordin\u00e1rias realizar-se-\u00e3o em hor\u00e1rios e dias fixados pelo Presidente antecipadamente para cada ano.<\/p>\r\n<p>\u00a7 2\u00ba As reuni\u00f5es ser\u00e3o realizadas em local a ser indicado no aviso de convoca\u00e7\u00e3o \u00e0s reuni\u00f5es.<\/p>\r\n<p>\u00a7 3\u00ba A ju\u00edzo da plen\u00e1ria, poder\u00e3o participar da reuni\u00e3o pessoas cujos depoimentos possam esclarecer assuntos pertinentes \u00e0 convoca\u00e7\u00e3o, n\u00e3o podendo tais pessoas votarem.<\/p>\r\n\r\n<p>Art. 12. As sess\u00f5es ordin\u00e1rias ser\u00e3o convocadas com anteced\u00eancia m\u00ednima de cinco dias \u00fateis e as extraordin\u00e1rias com anteced\u00eancia m\u00ednima de tr\u00eas dias \u00fateis.<\/p>\r\n<p>\u00a7 1\u00ba As sess\u00f5es funcionar\u00e3o com dois ter\u00e7os dos seus membros.<\/p>\r\n<p>\u00a7 2\u00ba Constatada a falta de quorum, o in\u00edcio da sess\u00e3o fica transferido para trinta minutos e, ap\u00f3s este prazo, funcionar\u00e1 com qualquer n\u00famero.<\/p>\r\n\r\n<p>Art. 13. As decis\u00f5es do Comit\u00ea ser\u00e3o tomadas por consenso e, na impossibilidade deste, por maioria simples, cabendo ao Presidente o voto de desempate (ou de qualidade).<\/p>\r\n<p>Art. 14. As reuni\u00f5es ser\u00e3o presididas pelo Presidente do Comit\u00ea e, na sua falta ou impedimento, pelo seu suplente.<\/p>\r\n<p>Art. 15. Os atos do Comit\u00ea Gestor de Tecnologias de Informa\u00e7\u00e3o e Comunica\u00e7\u00e3o ser\u00e3o formalizados segundo a natureza da vota\u00e7\u00e3o em:<\/p>\r\n<p>I - Recomenda\u00e7\u00f5es;<\/p>\r\n<p>II - Indica\u00e7\u00f5es; ou<\/p>\r\n<p>III - Dilig\u00eancias.<\/p>\r\n<p>Par\u00e1grafo \u00fanico. As mat\u00e9rias aprovadas ad referendum dever\u00e3o ser, na sess\u00e3o seguinte do Comit\u00ea, esclarecidas e justificadas pelo Presidente.<\/p>\r\n<br>\r\n<p><b><div align=\"center\">CAP\u00cdTULO VI<\/b><\/div><\/p>\r\n<p><b><div align=\"center\">DOS GRUPOS DE TRABALHO<\/b><\/div><\/p>\r\n<br>\r\n<p>Art. 16. O Comit\u00ea poder\u00e1 requisitar a cria\u00e7\u00e3o de Grupos de Trabalho para realiza\u00e7\u00e3o de atividades espec\u00edficas e por tempo determinado, com compet\u00eancias e atribui\u00e7\u00f5es adequadas a cada necessidade.<\/p>\r\n<p>\u00a7 1\u00ba Cada Grupo de Trabalho ser\u00e1 institu\u00eddo atrav\u00e9s de portaria espec\u00edfica.<\/p>\r\n<p>\u00a7 2\u00ba Cada Grupo de Trabalho ter\u00e1 um Presidente e um relator, eleitos por seus membros, quando n\u00e3o designados pelo Comit\u00ea Gestor de Tecnologias de Informa\u00e7\u00e3o e Comunica\u00e7\u00e3o.<\/p>\r\n<p>\u00a7 3\u00ba Poder\u00e3o participar dos Grupos de Trabalho pessoas externas ao Comit\u00ea a convite da Presid\u00eancia.<\/p>\r\n<p>\u00a7 4\u00ba Ao t\u00e9rmino do prazo estabelecido, os Grupos de Trabalho dever\u00e3o encaminhar seus resultados ao Comit\u00ea para aprecia\u00e7\u00e3o.<\/p>\r\n<br>\r\n<p><b><div align=\"center\">CAP\u00cdTULO VII<\/b><\/div><\/p>\r\n<p><b><div align=\"center\">DAS DISPOSI\u00c7\u00d5ES GERAIS E TRANSIT\u00d3RIAS<\/b><\/div><\/p>\r\n<br>\r\n<p>Art. 17. Os atos do Comit\u00ea Gestor de Tecnologias de Informa\u00e7\u00e3o e Comunica\u00e7\u00e3o (bem como os documentos elaborados pelo Comit\u00ea e pelos grupos de trabalho) ser\u00e3o publicados no Portal Institucional.<\/p>\r\n<p>Art. 18. Este Regimento poder\u00e1 ser alterado por decis\u00e3o de dois ter\u00e7os do Comit\u00ea Gestor de Tecnologias de Informa\u00e7\u00e3o e Comunica\u00e7\u00e3o, em reuni\u00e3o especialmente convocada para tal, e entrar\u00e1 em vigor ap\u00f3s homologa\u00e7\u00e3o do Conselho Universit\u00e1rio.<\/p>\r\n<p>Art. 19. Os casos omissos a este Regimento ser\u00e3o resolvidos pela Presid\u00eancia do Comit\u00ea.<\/p>\r\n<p>Art. 20. Este Regimento entra em vigor na data de sua aprova\u00e7\u00e3o.<\/p>\r\n<br>\r\n<\/div>\r\n<p><font color=\"red0000\">Este texto n\u00e3o substitui o documento original, publicado no Portal de Documentos.<\/font> Dispon\u00edvel em: <a href=\"https:\/\/portal.ufsm.br\/documentos\/publico\/documento.html?id=12766257\"><font color=\"blue\">https:\/\/portal.ufsm.br\/documentos\/publico\/documento.html?id=12766257<\/font><\/a>\r\n<\/strike>\r\n\r\n\t\t<\/div>\n\t\t\t\t<\/div>\n\t\t\t\t\t<\/div>\n\t\t<\/div>\n\t\t\t\t\t<\/div>\n\t\t<\/section>\n\t\t\t\t<\/div>\n\t\t","protected":false},"excerpt":{"rendered":"<p>REGIMENTO INTERNO DO COMIT\u00ca GESTOR DE TECNOLOGIAS DE INFORMA\u00c7\u00c3O E COMUNICA\u00c7\u00c3O DA UFSM MINIST\u00c9RIO DA EDUCA\u00c7\u00c3O UNIVERSIDADE FEDERAL DE SANTA MARIA REGIMENTO INTERNO DO COMIT\u00ca GESTOR DE TECNOLOGIAS DE INFORMA\u00c7\u00c3O E COMUNICA\u00c7\u00c3O DA UFSM Anexo da Res. N. 032\/2016, de 08.09.2016. Revogado pela Resolu\u00e7\u00e3o N. 020\/2019 CAP\u00cdTULO I DAS DISPOSI\u00c7\u00d5ES PRELIMINARES Art. 1\u00ba O presente [&hellip;]<\/p>\n","protected":false},"author":205,"featured_media":0,"parent":0,"menu_order":0,"comment_status":"closed","ping_status":"closed","template":"","meta":{"footnotes":""},"categories":[],"tags":[],"class_list":["post-2614","page","type-page","status-publish","hentry"],"acf":[],"_links":{"self":[{"href":"https:\/\/www.ufsm.br\/pro-reitorias\/proplan\/wp-json\/wp\/v2\/pages\/2614","targetHints":{"allow":["GET"]}}],"collection":[{"href":"https:\/\/www.ufsm.br\/pro-reitorias\/proplan\/wp-json\/wp\/v2\/pages"}],"about":[{"href":"https:\/\/www.ufsm.br\/pro-reitorias\/proplan\/wp-json\/wp\/v2\/types\/page"}],"author":[{"embeddable":true,"href":"https:\/\/www.ufsm.br\/pro-reitorias\/proplan\/wp-json\/wp\/v2\/users\/205"}],"replies":[{"embeddable":true,"href":"https:\/\/www.ufsm.br\/pro-reitorias\/proplan\/wp-json\/wp\/v2\/comments?post=2614"}],"version-history":[{"count":0,"href":"https:\/\/www.ufsm.br\/pro-reitorias\/proplan\/wp-json\/wp\/v2\/pages\/2614\/revisions"}],"wp:attachment":[{"href":"https:\/\/www.ufsm.br\/pro-reitorias\/proplan\/wp-json\/wp\/v2\/media?parent=2614"}],"wp:term":[{"taxonomy":"category","embeddable":true,"href":"https:\/\/www.ufsm.br\/pro-reitorias\/proplan\/wp-json\/wp\/v2\/categories?post=2614"},{"taxonomy":"post_tag","embeddable":true,"href":"https:\/\/www.ufsm.br\/pro-reitorias\/proplan\/wp-json\/wp\/v2\/tags?post=2614"}],"curies":[{"name":"wp","href":"https:\/\/api.w.org\/{rel}","templated":true}]}}