{"id":2615,"date":"2019-10-23T11:27:42","date_gmt":"2019-10-23T14:27:42","guid":{"rendered":"https:\/\/www.ufsm.br\/pro-reitorias\/proplan\/?page_id=2615"},"modified":"2020-04-30T20:56:14","modified_gmt":"2020-04-30T23:56:14","slug":"resolucao-n-031-2016","status":"publish","type":"page","link":"https:\/\/www.ufsm.br\/pro-reitorias\/proplan\/resolucao-n-031-2016","title":{"rendered":"Resolu\u00e7\u00e3o N. 031\/2016"},"content":{"rendered":"\t\t<div data-elementor-type=\"wp-page\" data-elementor-id=\"2615\" class=\"elementor elementor-2615\">\n\t\t\t\t\t\t<section class=\"elementor-section elementor-top-section elementor-element elementor-element-f15bfd7 elementor-section-boxed elementor-section-height-default elementor-section-height-default\" data-id=\"f15bfd7\" data-element_type=\"section\">\n\t\t\t\t\t\t<div class=\"elementor-container elementor-column-gap-default\">\n\t\t\t\t\t<div class=\"elementor-column elementor-col-100 elementor-top-column elementor-element elementor-element-be6a386\" data-id=\"be6a386\" data-element_type=\"column\">\n\t\t\t<div class=\"elementor-widget-wrap elementor-element-populated\">\n\t\t\t\t\t\t<div class=\"elementor-element elementor-element-279502d elementor-widget elementor-widget-html\" data-id=\"279502d\" data-element_type=\"widget\" data-widget_type=\"html.default\">\n\t\t\t\t<div class=\"elementor-widget-container\">\n\t\t\t\r\n\r\n\r\n<title><b>RESOLU\u00c7\u00c3O N. 031\/2016<\/b><\/title>\r\n\r\n\r\n<div align=\"center\"><img decoding=\"async\" src=\"https:\/\/www.ufsm.br\/pro-reitorias\/proplan\/wp-content\/uploads\/sites\/344\/2019\/09\/brasao-da-republica-do-brasil-logo.png\" alt=\"Bras\u00e3o Rep\u00fablica Federativa do Brasil\" width=\"6%\" height=\"6%\"><\/div>    \r\n<h1><font color=\"blue\"><font size=\"5\"><div align=\"center\">MINIST\u00c9RIO DA EDUCA\u00c7\u00c3O<\/b><\/font><\/font><\/div><\/H1>\r\n<p><b><font color=\"0000blue\"><div align=\"center\">UNIVERSIDADE FEDERAL DE SANTA MARIA<\/b><\/font><\/div><\/p>\r\n\r\n<p><div align=\"center\"><b><a href=\"https:\/\/portal.ufsm.br\/documentos\/publico\/documento.html?id=7871091\"><font color=\"blue\">RESOLU\u00c7\u00c3O N. 031\/2016<\/font><\/a><\/b><\/div><\/p>\r\n<br>\r\n<p><div align=\"right\"><font color=\"800000\"><strike>Autorizar o funcionamento dos Cursos da Unidade Descentralizada de Ensino Superior de Silveira Martins \u2013 UDESSM no Campus Sede da Universidade Federal de Santa Maria.<\/strike><\/font><\/div><\/p>\r\n<br>\r\n<p><a href=\"https:\/\/www.ufsm.br\/pro-reitorias\/proplan\/resolucao-n-008-2020\/\" target=\"_blank\"><font color=\"blue\">Revogada pela Resolu\u00e7\u00e3o N. 008\/2020<\/font><\/a><\/p>\r\n<br>\r\n<br><div align=\"justify\">\r\n<strike>\r\n<p>O REITOR DA UNIVERSIDADE FEDERAL DE SANTA MARIA, no uso de suas atribui\u00e7\u00f5es legais e estatut\u00e1rias e considerando:<\/p>\r\n<p>- o estudo realizado pela Funda\u00e7\u00e3o Get\u00falio Vargas, em 2014, que em seu relat\u00f3rio recomenda a transfer\u00eancia dos cursos da UDESSM para o Campus Sede;<\/p>\r\n<p>- A Ata n. 002\/2016, Reuni\u00e3o Ordin\u00e1ria do Conselho da UDESSM; e<\/p>\r\n<p>- o Parecer n. 124\/2016 da Comiss\u00e3o de Legisla\u00e7\u00e3o e Normas, aprovado na 886\u00aa Sess\u00e3o do Conselho de Ensino, Pesquisa e Extens\u00e3o, de 05\/08\/2016, referente ao Processo n. <a href=\"https:\/\/portal.ufsm.br\/documentos\/publico\/processo\/documento.html?idDocumento=7628966\" target=\"_blank\"><font color=\"blue\"><u>23081.024629\/2016-63<\/u><\/font><\/a>.<\/p>\r\n<br>\r\n<p><b><div align=\"center\">RESOLVE:<\/b><\/div><\/p>\r\n<br>\r\n<p>Art. 1\u00ba Autorizar o funcionamento dos Cursos da UDESSM no Campus Sede da Universidade Federal de Santa Maria.<\/p>\r\n<p>Art. 2\u00ba O Curso Superior de Tecnologia em Agroneg\u00f3cio funcionar\u00e1 nas depend\u00eancias f\u00edsicas do Centro de Ci\u00eancias Rurais.<\/p>\r\n<p>Art. 3\u00ba O Curso Superior de Tecnologia em Gest\u00e3o Ambiental funcionar\u00e1 nas depend\u00eancias f\u00edsicas do Col\u00e9gio Polit\u00e9cnico da Universidade Federal de Santa Maria.<\/p>\r\n<p>Art. 4\u00ba O Curso Superior de Tecnologia em Gest\u00e3o de Turismo funcionar\u00e1 nas depend\u00eancias f\u00edsicas do Centro de Ci\u00eancias Sociais e Humanas.<\/p>\r\n<p>Art. 5\u00ba O Curso de Bacharelado em Administra\u00e7\u00e3o funcionar\u00e1 nas depend\u00eancias f\u00edsicas do Centro de Ci\u00eancias Sociais e Humanas.<\/p>\r\n<p>Art. 6\u00ba Os alunos ingressantes at\u00e9 2015, que estiverem acompanhando a sequ\u00eancia aconselhada conforme o PPC do curso, ter\u00e3o a op\u00e7\u00e3o de oferta de disciplinas na UDESSM.<\/p>\r\n<p>Art. 7\u00ba Aos alunos residentes em Silveira Martins, ingressantes at\u00e9 2015, que mant\u00eam regularidade de fluxo acad\u00eamico (que estiverem acompanhando a sequ\u00eancia aconselhada conforme o PPC do curso), ser\u00e1 disponibilizado transporte gratuito, a partir da sede da UDESSM at\u00e9 o Campus Sede da UFSM.<\/p>\r\n<p>Art. 8\u00ba As altera\u00e7\u00f5es administrativas e de estrutura organizacional ser\u00e3o objeto de resolu\u00e7\u00e3o espec\u00edfica a ser examinada pelo Conselho Universit\u00e1rio.<\/p>\r\n<p>Art. 9\u00ba Esta resolu\u00e7\u00e3o entrar\u00e1 em vigor na data de sua publica\u00e7\u00e3o, revogadas as disposi\u00e7\u00f5es em contr\u00e1rio.<\/p>\r\n\r\n<p>GABINETE DO REITOR DA UNIVERSIDADE FEDERAL DE SANTA MARIA, aos 15 dias do m\u00eas de agosto do ano dois mil e dezesseis.<\/p>\r\n<\/div>\r\n<p>Paulo Afonso Burmann,<\/p>\r\n<p>Reitor.<\/p>\r\n<\/strike>\r\n\r\n<p><font color=\"red0000\">Este texto n\u00e3o substitui o documento original, publicado no Portal de Documentos.<\/font> Dispon\u00edvel em: <a href=\"https:\/\/portal.ufsm.br\/documentos\/publico\/documento.html?id=7871091\"><font color=\"blue\">https:\/\/portal.ufsm.br\/documentos\/publico\/documento.html?id=7871091<\/font><\/a>\r\n\r\n\t\t<\/div>\n\t\t\t\t<\/div>\n\t\t\t\t\t<\/div>\n\t\t<\/div>\n\t\t\t\t\t<\/div>\n\t\t<\/section>\n\t\t\t\t<\/div>\n\t\t","protected":false},"excerpt":{"rendered":"<p>RESOLU\u00c7\u00c3O N. 031\/2016 MINIST\u00c9RIO DA EDUCA\u00c7\u00c3O UNIVERSIDADE FEDERAL DE SANTA MARIA RESOLU\u00c7\u00c3O N. 031\/2016 Autorizar o funcionamento dos Cursos da Unidade Descentralizada de Ensino Superior de Silveira Martins \u2013 UDESSM no Campus Sede da Universidade Federal de Santa Maria. Revogada pela Resolu\u00e7\u00e3o N. 008\/2020 O REITOR DA UNIVERSIDADE FEDERAL DE SANTA MARIA, no uso de [&hellip;]<\/p>\n","protected":false},"author":205,"featured_media":0,"parent":0,"menu_order":0,"comment_status":"closed","ping_status":"closed","template":"","meta":{"footnotes":""},"categories":[],"tags":[],"class_list":["post-2615","page","type-page","status-publish","hentry"],"acf":[],"_links":{"self":[{"href":"https:\/\/www.ufsm.br\/pro-reitorias\/proplan\/wp-json\/wp\/v2\/pages\/2615","targetHints":{"allow":["GET"]}}],"collection":[{"href":"https:\/\/www.ufsm.br\/pro-reitorias\/proplan\/wp-json\/wp\/v2\/pages"}],"about":[{"href":"https:\/\/www.ufsm.br\/pro-reitorias\/proplan\/wp-json\/wp\/v2\/types\/page"}],"author":[{"embeddable":true,"href":"https:\/\/www.ufsm.br\/pro-reitorias\/proplan\/wp-json\/wp\/v2\/users\/205"}],"replies":[{"embeddable":true,"href":"https:\/\/www.ufsm.br\/pro-reitorias\/proplan\/wp-json\/wp\/v2\/comments?post=2615"}],"version-history":[{"count":0,"href":"https:\/\/www.ufsm.br\/pro-reitorias\/proplan\/wp-json\/wp\/v2\/pages\/2615\/revisions"}],"wp:attachment":[{"href":"https:\/\/www.ufsm.br\/pro-reitorias\/proplan\/wp-json\/wp\/v2\/media?parent=2615"}],"wp:term":[{"taxonomy":"category","embeddable":true,"href":"https:\/\/www.ufsm.br\/pro-reitorias\/proplan\/wp-json\/wp\/v2\/categories?post=2615"},{"taxonomy":"post_tag","embeddable":true,"href":"https:\/\/www.ufsm.br\/pro-reitorias\/proplan\/wp-json\/wp\/v2\/tags?post=2615"}],"curies":[{"name":"wp","href":"https:\/\/api.w.org\/{rel}","templated":true}]}}