{"id":2616,"date":"2019-10-23T11:28:39","date_gmt":"2019-10-23T14:28:39","guid":{"rendered":"https:\/\/www.ufsm.br\/pro-reitorias\/proplan\/?page_id=2616"},"modified":"2020-07-17T15:39:53","modified_gmt":"2020-07-17T18:39:53","slug":"resolucao-n-030-2016","status":"publish","type":"page","link":"https:\/\/www.ufsm.br\/pro-reitorias\/proplan\/resolucao-n-030-2016","title":{"rendered":"Resolu\u00e7\u00e3o N. 030\/2016"},"content":{"rendered":"\t\t<div data-elementor-type=\"wp-page\" data-elementor-id=\"2616\" class=\"elementor elementor-2616\">\n\t\t\t\t\t\t<section class=\"elementor-section elementor-top-section elementor-element elementor-element-215a70d elementor-section-boxed elementor-section-height-default elementor-section-height-default\" data-id=\"215a70d\" data-element_type=\"section\">\n\t\t\t\t\t\t<div class=\"elementor-container elementor-column-gap-default\">\n\t\t\t\t\t<div class=\"elementor-column elementor-col-100 elementor-top-column elementor-element elementor-element-7c0b76a\" data-id=\"7c0b76a\" data-element_type=\"column\">\n\t\t\t<div class=\"elementor-widget-wrap elementor-element-populated\">\n\t\t\t\t\t\t<div class=\"elementor-element elementor-element-9f26718 elementor-widget elementor-widget-html\" data-id=\"9f26718\" data-element_type=\"widget\" data-widget_type=\"html.default\">\n\t\t\t\t<div class=\"elementor-widget-container\">\n\t\t\t\r\n\r\n\r\n<title><b>RESOLU\u00c7\u00c3O N. 030\/2016<\/b><\/title>\r\n\r\n\r\n<div align=\"center\"><img decoding=\"async\" src=\"https:\/\/www.ufsm.br\/pro-reitorias\/proplan\/wp-content\/uploads\/sites\/344\/2019\/09\/brasao-da-republica-do-brasil-logo.png\" alt=\"Bras\u00e3o Rep\u00fablica Federativa do Brasil\" width=\"6%\" height=\"6%\"><\/div>    \r\n<h1><font color=\"blue\"><font size=\"5\"><div align=\"center\">MINIST\u00c9RIO DA EDUCA\u00c7\u00c3O<\/b><\/font><\/font><\/div><\/H1>\r\n<p><b><font color=\"0000blue\"><div align=\"center\">UNIVERSIDADE FEDERAL DE SANTA MARIA<\/b><\/font><\/div><\/p>\r\n\r\n<p><div align=\"center\"><b><a href=\"https:\/\/portal.ufsm.br\/documentos\/publico\/documento.html?id=7871067\"><font color=\"blue\">RESOLU\u00c7\u00c3O N. 030\/2016<\/font><\/a><\/b><\/div><\/p>\r\n<br>\r\n<p><div align=\"right\"><font color=\"800000\"><strike>Aprova o Aditamento ao Plano de Desenvolvimento Institucional \u2013 PDI 2011-2015 da Universidade Federal de Santa Maria e d\u00e1 outras provid\u00eancias.<\/strike><\/font><\/div><\/p>\r\n<br>\r\n<p><a href=\"https:\/\/www.ufsm.br\/pro-reitorias\/proplan\/resolucao-n-022-2020\/\" target=\"_blank\"><font color=\"blue\">Revogada pela Resolu\u00e7\u00e3o N. 022\/2020<\/font><\/a><\/p>\r\n<br>\r\n<br><div align=\"justify\">\r\n<strike>\r\n<p>O REITOR DA UNIVERSIDADE FEDERAL DE SANTA MARIA, no uso de suas atribui\u00e7\u00f5es legais e estatut\u00e1rias e considerando:<\/p>\r\n<p>- o que estabelece a al\u00ednea b do inciso II, do artigo 15, do <a href=\"http:\/\/www.planalto.gov.br\/ccivil_03\/_ato2004-2006\/2006\/decreto\/d5773.htm\" target=\"_blank\"><font color=\"blue\"><u>Decreto n. 5.773, de 9 de maio de 2006<\/u><\/font><\/a>;<\/p>\r\n<p>- que o PDI \u00e9 o documento elaborado para um per\u00edodo de dez anos, que identifica a institui\u00e7\u00e3o de ensino superior no que diz respeito a sua filosofia de trabalho, a miss\u00e3o a que se prop\u00f5e, \u00e0s diretrizes pedag\u00f3gicas que orientam as suas a\u00e7\u00f5es, a sua estrutura organizacional e \u00e0s atividades acad\u00eamicas que desenvolve ou que pretende desenvolver;<\/p>\r\n<p>- o que estabelece o artigo 3\u00ba da <a href=\"https:\/\/www.ufsm.br\/pro-reitorias\/proplan\/resolucao-n-017-2011\/\" target=\"_blank\"><font color=\"blue\"><u>Resolu\u00e7\u00e3o N. 017\/2011<\/u><\/font><\/a>;<\/p>\r\n<p>- o que disp\u00f5e a <a href=\"https:\/\/www.ufsm.br\/pro-reitorias\/proplan\/resolucao-n-008-2014\/\" target=\"_blank\"><font color=\"blue\"><u>Resolu\u00e7\u00e3o N. 008\/2014<\/u><\/font><\/a>;<\/p>\r\n<p>- o Parecer n. 048\/2014, aprovado na 757\u00aa Sess\u00e3o do Conselho Universit\u00e1rio, de 12.12.2013, conforme Processo n. <a href=\"https:\/\/portal.ufsm.br\/documentos\/publico\/processo\/documento.html?idDocumento=4694385\" target=\"_blank\"><font color=\"blue\"><u>23081.008300\/2011-41<\/u><\/font><\/a>.<\/p>\r\n<p>- o Parecer n. 126\/2015, aprovado na 779\u00aa Sess\u00e3o do Conselho Universit\u00e1rio, de 18.12.2015, conforme Processo n. <a href=\"https:\/\/portal.ufsm.br\/documentos\/publico\/processo\/documento.html?idDocumento=4694385\" target=\"_blank\"><font color=\"blue\"><u>23081.008300\/2011-41<\/u><\/font><\/a>.<\/p>\r\n<p>- o Parecer n. 071\/2016, aprovado na 786\u00aa Sess\u00e3o do Conselho Universit\u00e1rio, de 04.08.2016, conforme Processo n. <a href=\"https:\/\/portal.ufsm.br\/documentos\/publico\/processo\/documento.html?idDocumento=4694385\" target=\"_blank\"><font color=\"blue\"><u>23081.008300\/2011-41<\/u><\/font><\/a>.<\/p>\r\n<br>\r\n<p><b><div align=\"center\">RESOLVE:<\/b><\/div><\/p>\r\n<br>\r\n<p>Art. 1\u00ba Aprovar o Aditamento do Plano de Desenvolvimento Institucional \u2013 PDI 2011-2015 da Universidade Federal de Santa Maria, ficando prorrogado o prazo de vig\u00eancia do PDI at\u00e9 o m\u00eas de dezembro de 2016.<\/p>\r\n<p>Art. 2\u00ba Determinar que o Aditamento ao Plano de Desenvolvimento Institucional \u2013 PDI  2011-2015 seja disponibilizado para consulta no site da Institui\u00e7\u00e3o (http:\/\/www.ufsm.br), na se\u00e7\u00e3o documentos oficiais, subse\u00e7\u00e3o transpar\u00eancia administrativa.<\/p>\r\n<p>Art. 3\u00ba Esta resolu\u00e7\u00e3o entrar\u00e1 em vigor na data de sua assinatura, revogadas as disposi\u00e7\u00f5es em contr\u00e1rio.<\/p>\r\n\r\n<p>GABINETE DO REITOR DA UNIVERSIDADE FEDERAL DE SANTA MARIA, aos onze dias do m\u00eas de agosto do ano dois mil e dezesseis.<\/p>\r\n<\/div>\r\n<p>Paulo Bayard Dias Gon\u00e7alves,<\/p>\r\n<p>Vice-Reitor no exerc\u00edcio da Reitoria<\/p>\r\n<\/strike>\r\n\r\n\r\n<p><font color=\"red0000\">Este texto n\u00e3o substitui o documento original, publicado no Portal de Documentos.<\/font> Dispon\u00edvel em: <a href=\"https:\/\/portal.ufsm.br\/documentos\/publico\/documento.html?id=7871067\"><font color=\"blue\">https:\/\/portal.ufsm.br\/documentos\/publico\/documento.html?id=7871067<\/font><\/a>\r\n\r\n\t\t<\/div>\n\t\t\t\t<\/div>\n\t\t\t\t\t<\/div>\n\t\t<\/div>\n\t\t\t\t\t<\/div>\n\t\t<\/section>\n\t\t\t\t<\/div>\n\t\t","protected":false},"excerpt":{"rendered":"<p>RESOLU\u00c7\u00c3O N. 030\/2016 MINIST\u00c9RIO DA EDUCA\u00c7\u00c3O UNIVERSIDADE FEDERAL DE SANTA MARIA RESOLU\u00c7\u00c3O N. 030\/2016 Aprova o Aditamento ao Plano de Desenvolvimento Institucional \u2013 PDI 2011-2015 da Universidade Federal de Santa Maria e d\u00e1 outras provid\u00eancias. Revogada pela Resolu\u00e7\u00e3o N. 022\/2020 O REITOR DA UNIVERSIDADE FEDERAL DE SANTA MARIA, no uso de suas atribui\u00e7\u00f5es legais e [&hellip;]<\/p>\n","protected":false},"author":205,"featured_media":0,"parent":0,"menu_order":0,"comment_status":"closed","ping_status":"closed","template":"","meta":{"footnotes":""},"categories":[],"tags":[],"class_list":["post-2616","page","type-page","status-publish","hentry"],"acf":[],"_links":{"self":[{"href":"https:\/\/www.ufsm.br\/pro-reitorias\/proplan\/wp-json\/wp\/v2\/pages\/2616","targetHints":{"allow":["GET"]}}],"collection":[{"href":"https:\/\/www.ufsm.br\/pro-reitorias\/proplan\/wp-json\/wp\/v2\/pages"}],"about":[{"href":"https:\/\/www.ufsm.br\/pro-reitorias\/proplan\/wp-json\/wp\/v2\/types\/page"}],"author":[{"embeddable":true,"href":"https:\/\/www.ufsm.br\/pro-reitorias\/proplan\/wp-json\/wp\/v2\/users\/205"}],"replies":[{"embeddable":true,"href":"https:\/\/www.ufsm.br\/pro-reitorias\/proplan\/wp-json\/wp\/v2\/comments?post=2616"}],"version-history":[{"count":0,"href":"https:\/\/www.ufsm.br\/pro-reitorias\/proplan\/wp-json\/wp\/v2\/pages\/2616\/revisions"}],"wp:attachment":[{"href":"https:\/\/www.ufsm.br\/pro-reitorias\/proplan\/wp-json\/wp\/v2\/media?parent=2616"}],"wp:term":[{"taxonomy":"category","embeddable":true,"href":"https:\/\/www.ufsm.br\/pro-reitorias\/proplan\/wp-json\/wp\/v2\/categories?post=2616"},{"taxonomy":"post_tag","embeddable":true,"href":"https:\/\/www.ufsm.br\/pro-reitorias\/proplan\/wp-json\/wp\/v2\/tags?post=2616"}],"curies":[{"name":"wp","href":"https:\/\/api.w.org\/{rel}","templated":true}]}}