{"id":2619,"date":"2019-10-25T13:33:14","date_gmt":"2019-10-25T16:33:14","guid":{"rendered":"https:\/\/www.ufsm.br\/pro-reitorias\/proplan\/?page_id=2619"},"modified":"2020-07-01T09:54:56","modified_gmt":"2020-07-01T12:54:56","slug":"resolucao-n-027-2016","status":"publish","type":"page","link":"https:\/\/www.ufsm.br\/pro-reitorias\/proplan\/resolucao-n-027-2016","title":{"rendered":"Resolu\u00e7\u00e3o N. 027\/2016"},"content":{"rendered":"\t\t<div data-elementor-type=\"wp-page\" data-elementor-id=\"2619\" class=\"elementor elementor-2619\">\n\t\t\t\t\t\t<section class=\"elementor-section elementor-top-section elementor-element elementor-element-06bfd9e elementor-section-boxed elementor-section-height-default elementor-section-height-default\" data-id=\"06bfd9e\" data-element_type=\"section\">\n\t\t\t\t\t\t<div class=\"elementor-container elementor-column-gap-default\">\n\t\t\t\t\t<div class=\"elementor-column elementor-col-100 elementor-top-column elementor-element elementor-element-af15c54\" data-id=\"af15c54\" data-element_type=\"column\">\n\t\t\t<div class=\"elementor-widget-wrap elementor-element-populated\">\n\t\t\t\t\t\t<div class=\"elementor-element elementor-element-36a26b3 elementor-widget elementor-widget-html\" data-id=\"36a26b3\" data-element_type=\"widget\" data-widget_type=\"html.default\">\n\t\t\t\t<div class=\"elementor-widget-container\">\n\t\t\t\r\n\r\n\r\n<title><b>RESOLU\u00c7\u00c3O N. 027\/2016<\/b><\/title>\r\n\r\n\r\n<div align=\"center\"><img decoding=\"async\" src=\"https:\/\/www.ufsm.br\/pro-reitorias\/proplan\/wp-content\/uploads\/sites\/344\/2019\/09\/brasao-da-republica-do-brasil-logo.png\" alt=\"Bras\u00e3o Rep\u00fablica Federativa do Brasil\" width=\"6%\" height=\"6%\"><\/div>    \r\n<h1><font color=\"blue\"><font size=\"5\"><div align=\"center\">MINIST\u00c9RIO DA EDUCA\u00c7\u00c3O<\/b><\/font><\/font><\/div><\/H1>\r\n<p><b><font color=\"0000blue\"><div align=\"center\">UNIVERSIDADE FEDERAL DE SANTA MARIA<\/b><\/font><\/div><\/p>\r\n\r\n<p><div align=\"center\"><b><a href=\"https:\/\/portal.ufsm.br\/documentos\/publico\/documento.html?id=7619439\"><font color=\"blue\">RESOLU\u00c7\u00c3O N. 027\/2016<\/font><\/a><\/b><\/div><\/p>\r\n<br>\r\n<p><strike><div align=\"right\"><font color=\"800000\">Aprova a cria\u00e7\u00e3o da Incubadora Social \u2013 IS-UFSM da Universidade Federal de Santa Maria e institui seu Regimento Interno.<\/font><\/div><\/strike><\/p>\r\n<br><div align=\"justify\">\r\n<br>\r\n<p><u><a href=\"https:\/\/www.ufsm.br\/pro-reitorias\/proplan\/resolucao-n-016-2020\/\" target=\"_blank\"><font color=\"blue\">Revogada pela Resolu\u00e7\u00e3o N. 016\/2020<\/font><\/a><\/u><\/p>\r\n<br>\r\n<strike>\r\n<p>O REITOR DA UNIVERSIDADE FEDERAL DE SANTA MARIA, no uso de suas atribui\u00e7\u00f5es legais e estatut\u00e1rias e considerando:<\/p>\r\n<p>- o desenvolvimento de projetos estruturados a partir de demandas de grupos em situa\u00e7\u00e3o de vulnerabilidade social ou em fase de organiza\u00e7\u00e3o solid\u00e1ria;<\/p>\r\n<p>- a <a href=\"http:\/\/www.planalto.gov.br\/ccivil_03\/leis\/2003\/l10.683.htm\" target=\"_blank\"><font color=\"blue\"><u>Lei N. 10.683, de 28 de maio de 2003<\/u><\/font><\/a>;<\/p>\r\n<p>- a <a href=\"http:\/\/www.planalto.gov.br\/ccivil_03\/_ato2007-2010\/2010\/lei\/l12343.htm\" target=\"_blank\"><font color=\"blue\"><u>Lei N. 12.343, de 2 de dezembro de 2010<\/u><\/font><\/a>, que instituiu o Plano Nacional de Cultura - PNC;<\/p>\r\n<p>- o <a href=\"http:\/\/www.planalto.gov.br\/ccivil_03\/_Ato2004-2006\/2004\/Decreto\/D5063.htm\" target=\"_blank\"><font color=\"blue\"><u>Decreto N. 5.063, de 3 de maio de 2005<\/u><\/font><\/a>, que tornou a Economia Solid\u00e1ria integrante da agenda p\u00fablica brasileira; e<\/p>\r\n<p>- o Parecer N. 057\/2016 da Comiss\u00e3o de Legisla\u00e7\u00e3o e Regimentos (CLR), aprovado na 784\u00aa Sess\u00e3o do Conselho Universit\u00e1rio, de 24 de junho de 2016, referente ao Processo n. <a href=\"https:\/\/portal.ufsm.br\/documentos\/publico\/processo\/documento.html?idDocumento=7579152\" target=\"_blank\"><font color=\"blue\"><u>23081.021140\/2016-30<\/u><\/font><\/a>.<\/p>\r\n<br>\r\n<p><b><div align=\"center\">RESOLVE:<\/b><\/div><\/p>\r\n<br>\r\n<p>Art. 1 Aprovar a cria\u00e7\u00e3o, na estrutura organizacional da Reitoria, como \u00d3rg\u00e3o de Apoio, a Incubadora Social da Universidade Federal de Santa Maria, com v\u00ednculo administrativo \u00e0 Pr\u00f3-Reitoria de Extens\u00e3o \u2013 PRE.<\/p>\r\n<p>Art. 2\u00ba A Incubadora Social tem como finalidade articular a execu\u00e7\u00e3o de projetos concebidos a partir de demandas locais\/regionais na perspectiva da sustentabilidade socioambiental, visando a gera\u00e7\u00e3o de trabalho e renda pra coletivos em situa\u00e7\u00e3o de vulnerabilidade social e em processo de organiza\u00e7\u00e3o solid\u00e1ria.<\/p>\r\n<p>Art. 3\u00ba O <a href=\"https:\/\/www.ufsm.br\/pro-reitorias\/proplan\/regimento-interno-da-incubadora-social-is-ufsm\/\" target=\"_blank\"><font color=\"blue\"><u>Regimento Interno da Incubadora de Social \u2013 IS-UFSM<\/u><\/font><\/a> se constitui como Anexo desta Resolu\u00e7\u00e3o.<\/p>\r\n<p>Art. 4\u00ba Caber\u00e1 \u00e0 Pr\u00f3-Reitoria de Planejamento efetuar os devidos registros no Sistema de Classifica\u00e7\u00e3o Institucional.<\/p>\r\n<p>Art. 5\u00ba Caber\u00e1 \u00e0 Pr\u00f3-Reitoria de Gest\u00e3o de Pessoas realizar a destina\u00e7\u00e3o de uma fun\u00e7\u00e3o gratificada \u00e0 Incubadora Social da UFSM.<\/p> \r\n<p>Art. 6\u00ba Esta resolu\u00e7\u00e3o entrar\u00e1 em vigor na data de sua publica\u00e7\u00e3o, revogadas as disposi\u00e7\u00f5es em contr\u00e1rio.<\/p>\r\n\r\n<p>GABINETE DO REITOR DA UNIVERSIDADE FEDERAL DE SANTA MARIA, aos vinte e nove dias do m\u00eas de junho de dois mil e dezesseis.<\/p>\r\n<\/div>\r\n<p>Paulo Afonso Burmann,<\/p>\r\n<p>Reitor<\/p>\r\n<\/strike>\r\n\r\n\r\n<p><font color=\"red0000\">Este texto n\u00e3o substitui o documento original, publicado no Portal de Documentos.<\/font> Dispon\u00edvel em: <a href=\"https:\/\/portal.ufsm.br\/documentos\/publico\/documento.html?id=7619439\"><font color=\"blue\">https:\/\/portal.ufsm.br\/documentos\/publico\/documento.html?id=7619439<\/font><\/a>\r\n\r\n\t\t<\/div>\n\t\t\t\t<\/div>\n\t\t\t\t\t<\/div>\n\t\t<\/div>\n\t\t\t\t\t<\/div>\n\t\t<\/section>\n\t\t\t\t<\/div>\n\t\t","protected":false},"excerpt":{"rendered":"<p>RESOLU\u00c7\u00c3O N. 027\/2016 MINIST\u00c9RIO DA EDUCA\u00c7\u00c3O UNIVERSIDADE FEDERAL DE SANTA MARIA RESOLU\u00c7\u00c3O N. 027\/2016 Aprova a cria\u00e7\u00e3o da Incubadora Social \u2013 IS-UFSM da Universidade Federal de Santa Maria e institui seu Regimento Interno. Revogada pela Resolu\u00e7\u00e3o N. 016\/2020 O REITOR DA UNIVERSIDADE FEDERAL DE SANTA MARIA, no uso de suas atribui\u00e7\u00f5es legais e estatut\u00e1rias e [&hellip;]<\/p>\n","protected":false},"author":205,"featured_media":0,"parent":0,"menu_order":0,"comment_status":"closed","ping_status":"closed","template":"","meta":{"footnotes":""},"categories":[],"tags":[],"class_list":["post-2619","page","type-page","status-publish","hentry"],"acf":[],"_links":{"self":[{"href":"https:\/\/www.ufsm.br\/pro-reitorias\/proplan\/wp-json\/wp\/v2\/pages\/2619","targetHints":{"allow":["GET"]}}],"collection":[{"href":"https:\/\/www.ufsm.br\/pro-reitorias\/proplan\/wp-json\/wp\/v2\/pages"}],"about":[{"href":"https:\/\/www.ufsm.br\/pro-reitorias\/proplan\/wp-json\/wp\/v2\/types\/page"}],"author":[{"embeddable":true,"href":"https:\/\/www.ufsm.br\/pro-reitorias\/proplan\/wp-json\/wp\/v2\/users\/205"}],"replies":[{"embeddable":true,"href":"https:\/\/www.ufsm.br\/pro-reitorias\/proplan\/wp-json\/wp\/v2\/comments?post=2619"}],"version-history":[{"count":0,"href":"https:\/\/www.ufsm.br\/pro-reitorias\/proplan\/wp-json\/wp\/v2\/pages\/2619\/revisions"}],"wp:attachment":[{"href":"https:\/\/www.ufsm.br\/pro-reitorias\/proplan\/wp-json\/wp\/v2\/media?parent=2619"}],"wp:term":[{"taxonomy":"category","embeddable":true,"href":"https:\/\/www.ufsm.br\/pro-reitorias\/proplan\/wp-json\/wp\/v2\/categories?post=2619"},{"taxonomy":"post_tag","embeddable":true,"href":"https:\/\/www.ufsm.br\/pro-reitorias\/proplan\/wp-json\/wp\/v2\/tags?post=2619"}],"curies":[{"name":"wp","href":"https:\/\/api.w.org\/{rel}","templated":true}]}}