{"id":2625,"date":"2019-10-25T14:00:00","date_gmt":"2019-10-25T17:00:00","guid":{"rendered":"https:\/\/www.ufsm.br\/pro-reitorias\/proplan\/?page_id=2625"},"modified":"2020-04-30T20:44:52","modified_gmt":"2020-04-30T23:44:52","slug":"resolucao-n-023-2016","status":"publish","type":"page","link":"https:\/\/www.ufsm.br\/pro-reitorias\/proplan\/resolucao-n-023-2016","title":{"rendered":"Resolu\u00e7\u00e3o N. 023\/2016"},"content":{"rendered":"\t\t<div data-elementor-type=\"wp-page\" data-elementor-id=\"2625\" class=\"elementor elementor-2625\">\n\t\t\t\t\t\t<section class=\"elementor-section elementor-top-section elementor-element elementor-element-9bbace5 elementor-section-boxed elementor-section-height-default elementor-section-height-default\" data-id=\"9bbace5\" data-element_type=\"section\">\n\t\t\t\t\t\t<div class=\"elementor-container elementor-column-gap-default\">\n\t\t\t\t\t<div class=\"elementor-column elementor-col-100 elementor-top-column elementor-element elementor-element-0de9107\" data-id=\"0de9107\" data-element_type=\"column\">\n\t\t\t<div class=\"elementor-widget-wrap elementor-element-populated\">\n\t\t\t\t\t\t<div class=\"elementor-element elementor-element-583c0f9 elementor-widget elementor-widget-html\" data-id=\"583c0f9\" data-element_type=\"widget\" data-widget_type=\"html.default\">\n\t\t\t\t<div class=\"elementor-widget-container\">\n\t\t\t\r\n\r\n\r\n<title><b>RESOLU\u00c7\u00c3O N. 023\/2016<\/b><\/title>\r\n\r\n\r\n<div align=\"center\"><img decoding=\"async\" src=\"https:\/\/www.ufsm.br\/pro-reitorias\/proplan\/wp-content\/uploads\/sites\/344\/2019\/09\/brasao-da-republica-do-brasil-logo.png\" alt=\"Bras\u00e3o Rep\u00fablica Federativa do Brasil\" width=\"6%\" height=\"6%\"><\/div>    \r\n<h1><font color=\"blue\"><font size=\"5\"><div align=\"center\">MINIST\u00c9RIO DA EDUCA\u00c7\u00c3O<\/b><\/font><\/font><\/div><\/H1>\r\n<p><b><font color=\"0000blue\"><div align=\"center\">UNIVERSIDADE FEDERAL DE SANTA MARIA<\/b><\/font><\/div><\/p>\r\n\r\n<p><div align=\"center\"><b><a href=\"https:\/\/portal.ufsm.br\/documentos\/publico\/documento.html?id=7572008\"><font color=\"blue\">RESOLU\u00c7\u00c3O N. 023\/2016<\/font><\/a><\/b><\/div><\/p>\r\n<br>\r\n<p><div align=\"right\"><font color=\"800000\"><strike>Altera os artigos 7\u00ba, 11 e 17, do Estatuto da Universidade Federal de Santa Maria que disp\u00f5em, respectivamente, sobre a constitui\u00e7\u00e3o da UFSM e composi\u00e7\u00e3o dos Conselhos Universit\u00e1rio e de Ensino, Pesquisa e Extens\u00e3o.<\/strike><\/font><\/div><\/p>\r\n<br><div align=\"justify\">\r\n<p><a href=\"https:\/\/www.ufsm.br\/pro-reitorias\/proplan\/resolucao-n-016-2017\/\"><font color=\"blue\">Revogado pela Resolu\u00e7\u00e3o N. 016\/2017<\/font><\/a><\/p><\/p>\r\n<br>\r\n<strike>\r\n<p>O REITOR DA UNIVERSIDADE FEDERAL DE SANTA MARIA, no uso de suas atribui\u00e7\u00f5es legais e estatut\u00e1rias e considerando:<\/p>\r\n<p>- a <a href=\"https:\/\/www.ufsm.br\/pro-reitorias\/proplan\/resolucao-n-044-2011\/\" target=\"_blank\"><font color=\"blue\"><u>Resolu\u00e7\u00e3o N. 044\/2011<\/u><\/font><\/a> que aprova a cria\u00e7\u00e3o da Unidade de Educa\u00e7\u00e3o Infantil lp\u00ea Amarelo;<\/p>\r\n<p>- a <a href=\"https:\/\/www.ufsm.br\/pro-reitorias\/proplan\/resolucao-n-038-2013\/\" target=\"_blank\"><font color=\"blue\"><u>Resolu\u00e7\u00e3o N. 038\/2013<\/u><\/font><\/a> que cria, no \u00e2mbito da Universidade Federal de Santa Maria, o Campus da Universidade Federal de Santa Maria em Cachoeira do Sul;<\/p>\r\n<p>- o  <a href=\"https:\/\/www.ufsm.br\/pro-reitorias\/proplan\/regimento-interno-do-campus-da-ufsm-em-cachoeira-do-sul\/\" target=\"_blank\"><font color=\"blue\"><u>Regimento Interno do Campus da Universidade Federal de Santa Maria em Cachoeira do Sul<\/u><\/font><\/a>;<\/p>\r\n<p>- a <a href=\"https:\/\/www.ufsm.br\/pro-reitorias\/proplan\/resolucao-n-022-2015\/\" target=\"_blank\"><font color=\"blue\"><u>Resolu\u00e7\u00e3o N. 022\/2015<\/u><\/font><\/a> que aprova a cria\u00e7\u00e3o do Campus de Palmeira das Miss\u00f5es por meio do desmembramento do Centro de Educa\u00e7\u00e3o Superior Norte \u2013 RS\/UFSM \u2013 CESNORS;<\/p>\r\n<p>- a <a href=\"https:\/\/www.ufsm.br\/pro-reitorias\/proplan\/resolucao-n-008-2016\/\" target=\"_blank\"><font color=\"blue\"><u>Resolu\u00e7\u00e3o N. 008\/2016<\/u><\/font><\/a> que institui o Campus da Universidade Federal de Santa Maria \u2013 Frederico Westphalen (UFSM \u2013 FW) na estrutura organizacional da UFSM;<\/p>\r\n<p>- o Parecer n. 102\/2014 da Comiss\u00e3o de Legisla\u00e7\u00e3o e Regimentos (CLR) aprovado na 763\u00aa sess\u00e3o extraordin\u00e1ria do Conselho Universit\u00e1rio da UFSM, realizada em 03\/07\/2014, que aprovou a desvincula\u00e7\u00e3o do Col\u00e9gio Agr\u00edcola de Frederico Westphalen da estrutura organizacional da UFSM;<\/p>\r\n<p>- a <a href=\"http:\/\/portal.mec.gov.br\/index.php?option=com_docman&amp;view=download&amp;alias=16845-despacho-educ-indigena-07-01-0215-materia&amp;category_slug=janeiro-2015-pdf&amp;Itemid=30192\" target=\"_blank\"><font color=\"blue\"><u>Portaria n. 1.075, de 30\/12\/2014, do Ministro de Educa\u00e7\u00e3o<\/u><\/font><\/a>, que estabelece a transi\u00e7\u00e3o do Col\u00e9gio Agr\u00edcola de Frederico Westphalen, vinculado \u00e0 Universidade Federal de Santa Maria, para o Instituto Federal de Educa\u00e7\u00e3o, Ci\u00eancia e Tecnologia Farroupilha;<\/p>\r\n<p>- a necessidade de atualizar a estrutura organizacional da UFSM e regulamentar a representatividade e efetiva participa\u00e7\u00e3o nas decis\u00f5es acad\u00eamicas e administrativas da UFSM dos campi fora de sede; e<\/p>\r\n<p>- o Parecer n. 048\/2016, aprovado na 783\u00aa Sess\u00e3o, do Conselho Universit\u00e1rio, de 25 de maio de 2016, conforme Processo n. <a href=\"https:\/\/portal.ufsm.br\/documentos\/publico\/processo\/documento.html?idDocumento=7530362\" target=\"_blank\"><font color=\"blue\"><u>23081.018266\/2016-27<\/u><\/font><\/a>.<\/p>\r\n<br>\r\n<p><b><div align=\"center\">RESOLVE:<\/b><\/div><\/p>\r\n<br>\r\n<p>Art. 1\u00ba O artigo 7\u00ba do <a href=\"https:\/\/www.ufsm.br\/pro-reitorias\/proplan\/estatuto-ufsm-2010\/\" target=\"_blank\"><font color=\"blue\"><u>Estatuto da Universidade Federal de Santa Maria<\/u><\/font><\/a> passa a vigorar com a seguinte reda\u00e7\u00e3o:<\/p>\r\n<p>\" Art. 7\u00ba A UFSM ter\u00e1 a seguinte constitui\u00e7\u00e3o:<\/p>\r\n<p>I - Administra\u00e7\u00e3o Superior.<\/p>\r\n<p>II - Unidades de ensino superior consistentes nos seguintes centros de ensino e campi fora da sede:<\/p>\r\n<p>a) Centro de Ci\u00eancias Naturais e Exatas;<\/p>\r\n<p>b) Centro de Ci\u00eancias Rurais;<\/p>\r\n<p>c) Centro de Ci\u00eancias da Sa\u00fade;<\/p>\r\n<p>d) Centro de Educa\u00e7\u00e3o;<\/p>\r\n<p>e) Centro de Ci\u00eancias Sociais e Humanas;<\/p>\r\n<p>f) Centro de Tecnologia;<\/p>\r\n<p>g) Centro de Artes e Letras;<\/p>\r\n<p>h) Centro de Educa\u00e7\u00e3o F\u00edsica e Desportos;<\/p>\r\n<p>i) Campus da Universidade Federal de Santa Maria em Cachoeira do Sul;<\/p>\r\n<p>j) Campus de Palmeira das Miss\u00f5es;<\/p>\r\n<p>k) Campus da Universidade Federal de Santa Maria \u2013 Frederico Westphalen (UFSM \u2013 FW);<\/p>\r\n<p>l) Unidade Descentralizada de Educa\u00e7\u00e3o Superior da UFSM, em Silveira Martins;<\/p>\r\n<p>III - duas unidades de ensino t\u00e9cnico e tecnol\u00f3gico e uma unidade de educa\u00e7\u00e3o b\u00e1sica:<\/p>\r\n<p>a) Col\u00e9gio T\u00e9cnico Industrial de Santa Maria;<\/p>\r\n<p>b) Col\u00e9gio Polit\u00e9cnico da UFSM; e<\/p>\r\n<p>c) Unidade de Educa\u00e7\u00e3o Infantil lp\u00ea Amarelo.\u201d<\/p>\r\n\r\n<p>Art. 2\u00ba Os artigos 11 e 17, bem como os par\u00e1grafos 4\u00ba e 1\u00ba destes Artigos, respectivamente, passam a vigorar com a seguinte reda\u00e7\u00e3o:<\/p>\r\n\r\n<p>a) \"Art. 11. O Conselho Universit\u00e1rio, Colegiado M\u00e1ximo de delibera\u00e7\u00e3o coletiva para assuntos administrativos e de defini\u00e7\u00e3o da pol\u00edtica geral da UFSM, ser\u00e1 composto de:<\/p>\r\n<p>I - Reitor, como Presidente;<\/p>\r\n<p>II - Vice-Reitor;<\/p>\r\n<p>III - Doze Diretores de unidades universit\u00e1rias;<\/p>\r\n<p>IV - Tr\u00eas Diretores: um do ensino b\u00e1sico e dois do ensino t\u00e9cnico e tecnol\u00f3gico;<\/p>\r\n<p>V - um representante da categoria docente do ensino b\u00e1sico, t\u00e9cnico e tecnol\u00f3gico;<\/p>\r\n<p>VI - um representante da categoria docente por classe;<\/p>\r\n<p>VII - vinte e quatro representantes da categoria docente das Unidades Universit\u00e1rias;<\/p>\r\n<p>VIII - oito representantes da categoria t\u00e9cnico-administrativa em educa\u00e7\u00e3o;<\/p>\r\n<p>IX - nove representantes da categoria discente;<\/p>\r\n<p>X - dois representantes dos servidores aposentados, sendo um da categoria docente e outro da t\u00e9cnico-administrativa em educa\u00e7\u00e3o; e<\/p>\r\n<p>XI - dois representantes da comunidade local e regional\".<\/p>\r\n\r\n<p>\u201c\u00a7 4\u00ba N\u00e3o havendo n\u00famero suficiente de chefes de departamento e\/ou coordenadores de curso, em rela\u00e7\u00e3o ao inciso VII, caber\u00e1 ao conselho das unidades universit\u00e1rias indicar outro docente.\u201d<\/p>\r\n\r\n<p>b) \"Art. 17. O Conselho de Ensino, Pesquisa e Extens\u00e3o comp\u00f5e-se dos seguintes membros:<\/p>\r\n<p>I - Reitor, como Presidente;<\/p>\r\n<p>II - Vice-Reitor;<\/p>\r\n<p>III - tr\u00eas representantes de cada Unidade Universit\u00e1ria;<\/p>\r\n<p>IV - representante dos Professores Titulares;<\/p>\r\n<p>V - representante dos Professores Associados;<\/p>\r\n<p>VI - representante dos Professores Adjuntos;<\/p>\r\n<p>VII - representante dos Professores Assistentes;<\/p>\r\n<p>VIII - representante dos Professores Auxiliares;<\/p>\r\n<p>IX - tr\u00eas representantes dos docentes do ensino b\u00e1sico, t\u00e9cnico e tecnol\u00f3gico;<\/p>\r\n<p>X - cinco representantes do grupo de servidores t\u00e9cnico-administrativos em educa\u00e7\u00e3o; e<\/p>\r\n<p>XI - doze representantes do corpo discente.<\/p>\r\n\r\n<p>\u00a7 1\u00ba Os representantes de cada unidade universit\u00e1ria previstos no inciso III, desse artigo ser\u00e3o dois coordenadores de curso e um chefe de departamento did\u00e1tico exceto o Campus da UFSM em Cachoeira do Sul que ter\u00e1 tr\u00eas coordenadores de curso, todos os representantes ter\u00e3o suplentes, eleitos como eles, em sess\u00e3o espec\u00edfica dos conselhos de cada uma das unidades universit\u00e1rias.\"<\/p>\r\n\r\n<p>Art. 3\u00ba Esta resolu\u00e7\u00e3o entra em vigor na data de sua assinatura, revogadas as disposi\u00e7\u00f5es em contr\u00e1rio.<\/p>\r\n\r\n<p>GABINETE DO REITOR DA UNIVERSIDADE FEDERAL DE SANTA MARIA, aos trinta dias do m\u00eas de maio do ano dois mil e dezesseis.<\/p>\r\n<\/div>\r\n<p>Paulo Afonso Burmann,<\/p>\r\n<p>Reitor<\/p>\r\n\r\n\r\n<p><font color=\"red0000\">Este texto n\u00e3o substitui o documento original, publicado no Portal de Documentos.<\/font> Dispon\u00edvel em: <a href=\"https:\/\/portal.ufsm.br\/documentos\/publico\/documento.html?id=7572008\"><font color=\"blue\">https:\/\/portal.ufsm.br\/documentos\/publico\/documento.html?id=7572008<\/font><\/a>\r\n<\/strike>\r\n\r\n\t\t<\/div>\n\t\t\t\t<\/div>\n\t\t\t\t\t<\/div>\n\t\t<\/div>\n\t\t\t\t\t<\/div>\n\t\t<\/section>\n\t\t\t\t<\/div>\n\t\t","protected":false},"excerpt":{"rendered":"<p>RESOLU\u00c7\u00c3O N. 023\/2016 MINIST\u00c9RIO DA EDUCA\u00c7\u00c3O UNIVERSIDADE FEDERAL DE SANTA MARIA RESOLU\u00c7\u00c3O N. 023\/2016 Altera os artigos 7\u00ba, 11 e 17, do Estatuto da Universidade Federal de Santa Maria que disp\u00f5em, respectivamente, sobre a constitui\u00e7\u00e3o da UFSM e composi\u00e7\u00e3o dos Conselhos Universit\u00e1rio e de Ensino, Pesquisa e Extens\u00e3o. Revogado pela Resolu\u00e7\u00e3o N. 016\/2017 O REITOR [&hellip;]<\/p>\n","protected":false},"author":205,"featured_media":0,"parent":0,"menu_order":0,"comment_status":"closed","ping_status":"closed","template":"","meta":{"footnotes":""},"categories":[],"tags":[],"class_list":["post-2625","page","type-page","status-publish","hentry"],"acf":[],"_links":{"self":[{"href":"https:\/\/www.ufsm.br\/pro-reitorias\/proplan\/wp-json\/wp\/v2\/pages\/2625","targetHints":{"allow":["GET"]}}],"collection":[{"href":"https:\/\/www.ufsm.br\/pro-reitorias\/proplan\/wp-json\/wp\/v2\/pages"}],"about":[{"href":"https:\/\/www.ufsm.br\/pro-reitorias\/proplan\/wp-json\/wp\/v2\/types\/page"}],"author":[{"embeddable":true,"href":"https:\/\/www.ufsm.br\/pro-reitorias\/proplan\/wp-json\/wp\/v2\/users\/205"}],"replies":[{"embeddable":true,"href":"https:\/\/www.ufsm.br\/pro-reitorias\/proplan\/wp-json\/wp\/v2\/comments?post=2625"}],"version-history":[{"count":0,"href":"https:\/\/www.ufsm.br\/pro-reitorias\/proplan\/wp-json\/wp\/v2\/pages\/2625\/revisions"}],"wp:attachment":[{"href":"https:\/\/www.ufsm.br\/pro-reitorias\/proplan\/wp-json\/wp\/v2\/media?parent=2625"}],"wp:term":[{"taxonomy":"category","embeddable":true,"href":"https:\/\/www.ufsm.br\/pro-reitorias\/proplan\/wp-json\/wp\/v2\/categories?post=2625"},{"taxonomy":"post_tag","embeddable":true,"href":"https:\/\/www.ufsm.br\/pro-reitorias\/proplan\/wp-json\/wp\/v2\/tags?post=2625"}],"curies":[{"name":"wp","href":"https:\/\/api.w.org\/{rel}","templated":true}]}}