{"id":2631,"date":"2019-10-25T14:24:50","date_gmt":"2019-10-25T17:24:50","guid":{"rendered":"https:\/\/www.ufsm.br\/pro-reitorias\/proplan\/?page_id=2631"},"modified":"2021-03-01T09:45:02","modified_gmt":"2021-03-01T12:45:02","slug":"resolucao-n-019-2016","status":"publish","type":"page","link":"https:\/\/www.ufsm.br\/pro-reitorias\/proplan\/resolucao-n-019-2016","title":{"rendered":"Resolu\u00e7\u00e3o N. 019\/2016"},"content":{"rendered":"\t\t<div data-elementor-type=\"wp-page\" data-elementor-id=\"2631\" class=\"elementor elementor-2631\">\n\t\t\t\t\t\t<section class=\"elementor-section elementor-top-section elementor-element elementor-element-1f9941a elementor-section-boxed elementor-section-height-default elementor-section-height-default\" data-id=\"1f9941a\" data-element_type=\"section\">\n\t\t\t\t\t\t<div class=\"elementor-container elementor-column-gap-default\">\n\t\t\t\t\t<div class=\"elementor-column elementor-col-100 elementor-top-column elementor-element elementor-element-902fa0a\" data-id=\"902fa0a\" data-element_type=\"column\">\n\t\t\t<div class=\"elementor-widget-wrap elementor-element-populated\">\n\t\t\t\t\t\t<div class=\"elementor-element elementor-element-f9773ee elementor-widget elementor-widget-html\" data-id=\"f9773ee\" data-element_type=\"widget\" data-widget_type=\"html.default\">\n\t\t\t\t<div class=\"elementor-widget-container\">\n\t\t\t\n\n\n<title><b>RESOLU\u00c7\u00c3O N. 019\/2016<\/b><\/title>\n\n\n<div align=\"center\"><img decoding=\"async\" src=\"https:\/\/www.ufsm.br\/pro-reitorias\/proplan\/wp-content\/uploads\/sites\/344\/2019\/09\/brasao-da-republica-do-brasil-logo.png\" alt=\"Bras\u00e3o Rep\u00fablica Federativa do Brasil\" width=\"6%\" height=\"6%\"><\/div>    \n<h1><font color=\"blue\"><font size=\"5\"><div align=\"center\">MINIST\u00c9RIO DA EDUCA\u00c7\u00c3O<\/b><\/font><\/font><\/div><\/H1>\n<p><b><font color=\"0000blue\"><div align=\"center\">UNIVERSIDADE FEDERAL DE SANTA MARIA<\/b><\/font><\/div><\/p>\n\n<p><div align=\"center\"><b><a href=\"https:\/\/portal.ufsm.br\/documentos\/publico\/documento.html?id=7550522\"><font color=\"blue\">RESOLU\u00c7\u00c3O N. 019\/2016<\/font><\/a><\/b><\/div><\/p>\n<br>\n<p><div align=\"right\"><font color=\"800000\">Aprova a cria\u00e7\u00e3o da Coordenadoria de A\u00e7\u00f5es Educacionais da UFSM como \u00d3rg\u00e3o Executivo da Administra\u00e7\u00e3o Superior diretamente subordinada ao Gabinete do Reitor e institui seu Regulamento Interno.<\/font><\/div><\/p>\n<br>\n<p><a href=\"https:\/\/www.ufsm.br\/pro-reitorias\/proplan\/resolucao-ufsm-n-041-2021\/\" target=\"_blank\"><font color=\"blue\">Revogada pela Resolu\u00e7\u00e3o UFSM N. 041\/2021<\/a><\/font><\/p>\n<br><div align=\"justify\">\n<strike>\n<p>O REITOR DA UNIVERSIDADE FEDERAL DE SANTA MARIA, no uso de suas atribui\u00e7\u00f5es legais e estatut\u00e1rias e considerando:<\/p>\n<p>- o Parecer n. 195\/2015 da Comiss\u00e3o de Legisla\u00e7\u00e3o e Normas, aprovado na 875\u00aa Sess\u00e3o do Conselho de Ensino, Pesquisa e Extens\u00e3o, de 11 de dezembro de 2015, referente ao Processo n. <a href=\"https:\/\/portal.ufsm.br\/documentos\/publico\/processo\/documento.html?idDocumento=7185032\" target=\"_blank\"><font color=\"blue\"><u>23081.013576\/2015-74<\/u><\/font><\/a>; e<\/p>\n<p>- o Parecer n. 0195\/2016 da Comiss\u00e3o de Legisla\u00e7\u00e3o e Regimentos (CLR), aprovado na 782\u00aa Sess\u00e3o do Conselho Universit\u00e1rio, de 29 de abril de 2016, referente ao Processo n. <a href=\"https:\/\/portal.ufsm.br\/documentos\/publico\/processo\/documento.html?idDocumento=7185032\" target=\"_blank\"><font color=\"blue\"><u>23081.013576\/2015-74<\/u><\/font><\/a>.<\/p>\n<br>\n<p><b><div align=\"center\">RESOLVE:<\/b><\/div><\/p>\n<br>\n<p>Art. 1\u00ba Aprovar a cria\u00e7\u00e3o da Coordenadoria de A\u00e7\u00f5es Educacionais da UFSM, como \u00d3rg\u00e3o Executivo da Administra\u00e7\u00e3o Superior, subordinada ao Gabinete do Reitor.<\/p>\n<p>Art. 2\u00ba Fica igualmente criada a Chefia da Coordenadoria, para efeitos de seu registro no Sistema de Informa\u00e7\u00f5es Organizacionais do Governo Federal \u2013 SIORG, sendo que as demais fun\u00e7\u00f5es gratificadas necess\u00e1rias, ser\u00e3o alocadas na propor\u00e7\u00e3o de sua disponibilidade no quadro de fun\u00e7\u00f5es da UFSM.<\/p>\n<p>Art. 3\u00ba Caber\u00e1 \u00e0 Pr\u00f3-Reitoria de Planejamento proceder \u00e0s altera\u00e7\u00f5es no Sistema de Classifica\u00e7\u00e3o Institucional, \u00e0 Pr\u00f3-Reitoria de Gest\u00e3o de Pessoas a relota\u00e7\u00e3o dos recursos humanos e fun\u00e7\u00f5es gratificadas, ao Departamento de Material e Patrim\u00f4nio a adequa\u00e7\u00e3o do registro dos m\u00f3veis e equipamentos. <\/p>\n<p>Art. 4\u00ba O <a href=\"https:\/\/www.ufsm.br\/pro-reitorias\/proplan\/regulamento-interno-da-coordenadoria-de-acoes-educacionais-da-ufsm-2\/\" target=\"_blank\"><font color=\"blue\"><u>Regulamento Interno da Coordenadoria de A\u00e7\u00f5es Educacionais<\/u><\/font><\/a> se constitui como Anexo desta Resolu\u00e7\u00e3o.<\/p>\n<p>Art. 5\u00ba Esta resolu\u00e7\u00e3o entrar\u00e1 em vigor na data de sua publica\u00e7\u00e3o, revogadas as disposi\u00e7\u00f5es em contr\u00e1rio.<\/p>\n\n<p>GABINETE DO REITOR DA UNIVERSIDADE FEDERAL DE SANTA MARIA, aos dezenove dias do m\u00eas de maio do ano dois mil e dezesseis.<\/p>\n<\/div>\n<p>Paulo Afonso Burmann,<\/p>\n<p>Reitor<\/p>\n<\/strike>\n<p><font color=\"red0000\">Este texto n\u00e3o substitui o documento original, publicado no Portal de Documentos.<\/font> Dispon\u00edvel em: <a href=\"https:\/\/portal.ufsm.br\/documentos\/publico\/documento.html?id=7550522\"><font color=\"blue\">https:\/\/portal.ufsm.br\/documentos\/publico\/documento.html?id=7550522<\/font><\/a>\n\n\t\t<\/div>\n\t\t\t\t<\/div>\n\t\t\t\t\t<\/div>\n\t\t<\/div>\n\t\t\t\t\t<\/div>\n\t\t<\/section>\n\t\t\t\t<\/div>\n\t\t","protected":false},"excerpt":{"rendered":"<p>RESOLU\u00c7\u00c3O N. 019\/2016 MINIST\u00c9RIO DA EDUCA\u00c7\u00c3O UNIVERSIDADE FEDERAL DE SANTA MARIA RESOLU\u00c7\u00c3O N. 019\/2016 Aprova a cria\u00e7\u00e3o da Coordenadoria de A\u00e7\u00f5es Educacionais da UFSM como \u00d3rg\u00e3o Executivo da Administra\u00e7\u00e3o Superior diretamente subordinada ao Gabinete do Reitor e institui seu Regulamento Interno. Revogada pela Resolu\u00e7\u00e3o UFSM N. 041\/2021 O REITOR DA UNIVERSIDADE FEDERAL DE SANTA MARIA, [&hellip;]<\/p>\n","protected":false},"author":205,"featured_media":0,"parent":0,"menu_order":0,"comment_status":"closed","ping_status":"closed","template":"","meta":{"footnotes":""},"categories":[],"tags":[],"class_list":["post-2631","page","type-page","status-publish","hentry"],"acf":[],"_links":{"self":[{"href":"https:\/\/www.ufsm.br\/pro-reitorias\/proplan\/wp-json\/wp\/v2\/pages\/2631","targetHints":{"allow":["GET"]}}],"collection":[{"href":"https:\/\/www.ufsm.br\/pro-reitorias\/proplan\/wp-json\/wp\/v2\/pages"}],"about":[{"href":"https:\/\/www.ufsm.br\/pro-reitorias\/proplan\/wp-json\/wp\/v2\/types\/page"}],"author":[{"embeddable":true,"href":"https:\/\/www.ufsm.br\/pro-reitorias\/proplan\/wp-json\/wp\/v2\/users\/205"}],"replies":[{"embeddable":true,"href":"https:\/\/www.ufsm.br\/pro-reitorias\/proplan\/wp-json\/wp\/v2\/comments?post=2631"}],"version-history":[{"count":0,"href":"https:\/\/www.ufsm.br\/pro-reitorias\/proplan\/wp-json\/wp\/v2\/pages\/2631\/revisions"}],"wp:attachment":[{"href":"https:\/\/www.ufsm.br\/pro-reitorias\/proplan\/wp-json\/wp\/v2\/media?parent=2631"}],"wp:term":[{"taxonomy":"category","embeddable":true,"href":"https:\/\/www.ufsm.br\/pro-reitorias\/proplan\/wp-json\/wp\/v2\/categories?post=2631"},{"taxonomy":"post_tag","embeddable":true,"href":"https:\/\/www.ufsm.br\/pro-reitorias\/proplan\/wp-json\/wp\/v2\/tags?post=2631"}],"curies":[{"name":"wp","href":"https:\/\/api.w.org\/{rel}","templated":true}]}}