{"id":2635,"date":"2019-10-30T10:13:09","date_gmt":"2019-10-30T13:13:09","guid":{"rendered":"https:\/\/www.ufsm.br\/pro-reitorias\/proplan\/?page_id=2635"},"modified":"2020-04-30T20:37:26","modified_gmt":"2020-04-30T23:37:26","slug":"resolucao-n-017-2016","status":"publish","type":"page","link":"https:\/\/www.ufsm.br\/pro-reitorias\/proplan\/resolucao-n-017-2016","title":{"rendered":"Resolu\u00e7\u00e3o N. 017\/2016"},"content":{"rendered":"\t\t<div data-elementor-type=\"wp-page\" data-elementor-id=\"2635\" class=\"elementor elementor-2635\">\n\t\t\t\t\t\t<section class=\"elementor-section elementor-top-section elementor-element elementor-element-7ba7808 elementor-section-boxed elementor-section-height-default elementor-section-height-default\" data-id=\"7ba7808\" data-element_type=\"section\">\n\t\t\t\t\t\t<div class=\"elementor-container elementor-column-gap-default\">\n\t\t\t\t\t<div class=\"elementor-column elementor-col-100 elementor-top-column elementor-element elementor-element-cc97f96\" data-id=\"cc97f96\" data-element_type=\"column\">\n\t\t\t<div class=\"elementor-widget-wrap elementor-element-populated\">\n\t\t\t\t\t\t<div class=\"elementor-element elementor-element-d1418ec elementor-widget elementor-widget-html\" data-id=\"d1418ec\" data-element_type=\"widget\" data-widget_type=\"html.default\">\n\t\t\t\t<div class=\"elementor-widget-container\">\n\t\t\t\r\n\r\n\r\n<title><b>RESOLU\u00c7\u00c3O N. 017\/2016<\/b><\/title>\r\n\r\n\r\n<div align=\"center\"><img decoding=\"async\" src=\"https:\/\/www.ufsm.br\/pro-reitorias\/proplan\/wp-content\/uploads\/sites\/344\/2019\/09\/brasao-da-republica-do-brasil-logo.png\" alt=\"Bras\u00e3o Rep\u00fablica Federativa do Brasil\" width=\"6%\" height=\"6%\"><\/div>    \r\n<h1><font color=\"blue\"><font size=\"5\"><div align=\"center\">MINIST\u00c9RIO DA EDUCA\u00c7\u00c3O<\/b><\/font><\/font><\/div><\/H1>\r\n<p><b><font color=\"0000blue\"><div align=\"center\">UNIVERSIDADE FEDERAL DE SANTA MARIA<\/b><\/font><\/div><\/p>\r\n\r\n<p><div align=\"center\"><b><a href=\"https:\/\/portal.ufsm.br\/documentos\/publico\/documento.html?id=7499644\"><font color=\"blue\">RESOLU\u00c7\u00c3O N. 017\/2016<\/font><\/a><\/b><\/div><\/p>\r\n<br>\r\n<p><div align=\"right\"><font color=\"800000\"><strike>Aprova o Regulamento para Utiliza\u00e7\u00e3o do Centro de Eventos da Universidade Federal de Santa Maria.<\/strike><\/font><\/div><\/p>\r\n<br><div align=\"justify\">\r\n<p><a href=\"https:\/\/www.ufsm.br\/pro-reitorias\/proplan\/resolucao-n-019-2017\/\"><font color=\"blue\">Revogado pela Resolu\u00e7\u00e3o N. 019\/2017<\/font><\/a><\/p><\/p>\r\n<br>\r\n<strike>\r\n<p>O REITOR DA UNIVERSIDADE FEDERAL DE SANTA MARIA, no uso de suas atribui\u00e7\u00f5es legais e estatut\u00e1rias e considerando:<\/p>\r\n<p>- a <a href=\"https:\/\/leismunicipais.com.br\/a\/rs\/s\/santa-maria\/lei-ordinaria\/2011\/543\/5434\/lei-ordinaria-n-5434-2011-proibe-o-consumo-de-cigarros-cigarrilhas-charutos-cachimbos-ou-de-qualquer-outro-produto-fumigeno-derivado-ou-nao-do-tabaco-na-forma-que-especifica\" target=\"_blank\"><font color=\"blue\"><u>Lei Municipal n. 5.434, de 18 de janeiro de 2011<\/u><\/font><\/a>, que pro\u00edbe o consumo de cigarros, cigarrilhas, charutos, cachimbos ou de qualquer outro produto fum\u00edgeno, derivado ou n\u00e3o do tabaco, na forma que especifica;<\/p>\r\n<p>- as disposi\u00e7\u00f5es da <a href=\"http:\/\/www.planalto.gov.br\/ccivil_03\/leis\/l8069.htm\" target=\"_blank\"><font color=\"blue\"><u>Lei n.8069 de 13 de julho de 1990<\/u><\/font><\/a>, que disp\u00f5e sobre o Estatuto da Crian\u00e7a e do Adolescente e d\u00e1 outras provid\u00eancias;<\/p>\r\n<p>- a <a href=\"http:\/\/www.planalto.gov.br\/ccivil_03\/leis\/l9294.htm\" target=\"_blank\"><font color=\"blue\"><u>Lei Federal n. 9.249, de 15 de julho de 1996<\/u><\/font><\/a>;<\/p>\r\n<p>- a <a href=\"http:\/\/www.planalto.gov.br\/ccivil_03\/_ato2015-2018\/2015\/lei\/l13146.htm\" target=\"_blank\"><font color=\"blue\"><u>Lei Federal n. 13.146\/2015<\/u><\/font><\/a>, que institui a Lei Brasileira de Inclus\u00e3o da Pessoa com Defici\u00eancia; e<\/p>\r\n<p>- o Parecer n. 028\/2016 da Comiss\u00e3o de Legisla\u00e7\u00e3o e Regimentos (CLR), aprovado na 781\u00aa Sess\u00e3o do Conselho Universit\u00e1rio, de 24 de mar\u00e7o de 2016, referente ao Processo n. <a href=\"https:\/\/portal.ufsm.br\/documentos\/publico\/processo\/documento.html?idDocumento=6480524\" target=\"_blank\"><font color=\"blue\"><u>23081.010835\/2014-24<\/u><\/font><\/a>.<\/p>\r\n<br>\r\n<p><b><div align=\"center\">RESOLVE:<\/b><\/div><\/p>\r\n<br>\r\n<p>Art. 1\u00ba Aprovar o <a href=\"https:\/\/www.ufsm.br\/pro-reitorias\/proplan\/regulamento-para-utilizacao-do-centro-de-eventos-da-ufsm\/\" target=\"_blank\"><font color=\"blue\"><u>Regulamento para Utiliza\u00e7\u00e3o do Centro de Eventos da Universidade Federal de Santa Maria<\/u><\/font><\/a>.<\/p>\r\n<p>Art. 2\u00ba O <a href=\"https:\/\/www.ufsm.br\/pro-reitorias\/proplan\/regulamento-para-utilizacao-do-centro-de-eventos-da-ufsm\/\" target=\"_blank\"><font color=\"blue\"><u>Regulamento para utiliza\u00e7\u00e3o do Centro de Eventos da UFSM<\/u><\/font><\/a> se constitui como Anexo desta Resolu\u00e7\u00e3o.<\/p>\r\n<p>Art. 3\u00ba Esta resolu\u00e7\u00e3o entrar\u00e1 em vigor na data de sua publica\u00e7\u00e3o, revogadas as disposi\u00e7\u00f5es em contr\u00e1rio.<\/p>\r\n\r\n<p>GABINETE DO REITOR DA UNIVERSIDADE FEDERAL DE SANTA MARIA, aos tr\u00eas dias do m\u00eas de maio do ano dois mil e dezesseis.<\/p>\r\n<\/div>\r\n<p>Paulo Afonso Burmann,<\/p>\r\n<p>Reitor<\/p>\r\n\r\n<p><font color=\"red0000\">Este texto n\u00e3o substitui o documento original, publicado no Portal de Documentos.<\/font> Dispon\u00edvel em: <a href=\"https:\/\/portal.ufsm.br\/documentos\/publico\/documento.html?id=7499644\"><font color=\"blue\">https:\/\/portal.ufsm.br\/documentos\/publico\/documento.html?id=7499644<\/font><\/a>\r\n<\/strike>\r\n\r\n\t\t<\/div>\n\t\t\t\t<\/div>\n\t\t\t\t\t<\/div>\n\t\t<\/div>\n\t\t\t\t\t<\/div>\n\t\t<\/section>\n\t\t\t\t<\/div>\n\t\t","protected":false},"excerpt":{"rendered":"<p>RESOLU\u00c7\u00c3O N. 017\/2016 MINIST\u00c9RIO DA EDUCA\u00c7\u00c3O UNIVERSIDADE FEDERAL DE SANTA MARIA RESOLU\u00c7\u00c3O N. 017\/2016 Aprova o Regulamento para Utiliza\u00e7\u00e3o do Centro de Eventos da Universidade Federal de Santa Maria. Revogado pela Resolu\u00e7\u00e3o N. 019\/2017 O REITOR DA UNIVERSIDADE FEDERAL DE SANTA MARIA, no uso de suas atribui\u00e7\u00f5es legais e estatut\u00e1rias e considerando: &#8211; a Lei [&hellip;]<\/p>\n","protected":false},"author":205,"featured_media":0,"parent":0,"menu_order":0,"comment_status":"closed","ping_status":"closed","template":"","meta":{"footnotes":""},"categories":[],"tags":[],"class_list":["post-2635","page","type-page","status-publish","hentry"],"acf":[],"_links":{"self":[{"href":"https:\/\/www.ufsm.br\/pro-reitorias\/proplan\/wp-json\/wp\/v2\/pages\/2635","targetHints":{"allow":["GET"]}}],"collection":[{"href":"https:\/\/www.ufsm.br\/pro-reitorias\/proplan\/wp-json\/wp\/v2\/pages"}],"about":[{"href":"https:\/\/www.ufsm.br\/pro-reitorias\/proplan\/wp-json\/wp\/v2\/types\/page"}],"author":[{"embeddable":true,"href":"https:\/\/www.ufsm.br\/pro-reitorias\/proplan\/wp-json\/wp\/v2\/users\/205"}],"replies":[{"embeddable":true,"href":"https:\/\/www.ufsm.br\/pro-reitorias\/proplan\/wp-json\/wp\/v2\/comments?post=2635"}],"version-history":[{"count":0,"href":"https:\/\/www.ufsm.br\/pro-reitorias\/proplan\/wp-json\/wp\/v2\/pages\/2635\/revisions"}],"wp:attachment":[{"href":"https:\/\/www.ufsm.br\/pro-reitorias\/proplan\/wp-json\/wp\/v2\/media?parent=2635"}],"wp:term":[{"taxonomy":"category","embeddable":true,"href":"https:\/\/www.ufsm.br\/pro-reitorias\/proplan\/wp-json\/wp\/v2\/categories?post=2635"},{"taxonomy":"post_tag","embeddable":true,"href":"https:\/\/www.ufsm.br\/pro-reitorias\/proplan\/wp-json\/wp\/v2\/tags?post=2635"}],"curies":[{"name":"wp","href":"https:\/\/api.w.org\/{rel}","templated":true}]}}