{"id":2641,"date":"2019-10-30T10:27:07","date_gmt":"2019-10-30T13:27:07","guid":{"rendered":"https:\/\/www.ufsm.br\/pro-reitorias\/proplan\/?page_id=2641"},"modified":"2022-06-01T14:35:48","modified_gmt":"2022-06-01T17:35:48","slug":"resolucao-n-013-2016","status":"publish","type":"page","link":"https:\/\/www.ufsm.br\/pro-reitorias\/proplan\/resolucao-n-013-2016","title":{"rendered":"Resolu\u00e7\u00e3o N. 013\/2016"},"content":{"rendered":"\t\t<div data-elementor-type=\"wp-page\" data-elementor-id=\"2641\" class=\"elementor elementor-2641\">\n\t\t\t\t\t\t<section class=\"elementor-section elementor-top-section elementor-element elementor-element-3b82db5 elementor-section-boxed elementor-section-height-default elementor-section-height-default\" data-id=\"3b82db5\" data-element_type=\"section\">\n\t\t\t\t\t\t<div class=\"elementor-container elementor-column-gap-default\">\n\t\t\t\t\t<div class=\"elementor-column elementor-col-100 elementor-top-column elementor-element elementor-element-8a8bc5d\" data-id=\"8a8bc5d\" data-element_type=\"column\">\n\t\t\t<div class=\"elementor-widget-wrap elementor-element-populated\">\n\t\t\t\t\t\t<div class=\"elementor-element elementor-element-2284f72 elementor-widget elementor-widget-html\" data-id=\"2284f72\" data-element_type=\"widget\" data-widget_type=\"html.default\">\n\t\t\t\t<div class=\"elementor-widget-container\">\n\t\t\t\ufeff\r\n\r\n\r\n<title><b>RESOLU\u00c7\u00c3O N. 013\/2016<\/b><\/title>\r\n\r\n\r\n<div align=\"center\"><img decoding=\"async\" src=\"https:\/\/www.ufsm.br\/pro-reitorias\/proplan\/wp-content\/uploads\/sites\/344\/2019\/09\/brasao-da-republica-do-brasil-logo.png\" alt=\"Bras\u00e3o Rep\u00fablica Federativa do Brasil\" width=\"6%\" height=\"6%\"><\/div>    \r\n<h1><font color=\"blue\"><font size=\"5\"><div align=\"center\">MINIST\u00c9RIO DA EDUCA\u00c7\u00c3O<\/b><\/font><\/font><\/div><\/H1>\r\n<p><b><font color=\"0000blue\"><div align=\"center\">UNIVERSIDADE FEDERAL DE SANTA MARIA<\/b><\/font><\/div><\/p>\r\n\r\n<p><div align=\"center\"><b><a href=\"https:\/\/portal.ufsm.br\/documentos\/publico\/documento.html?id=7476363\"><font color=\"blue\">RESOLU\u00c7\u00c3O N. 013\/2016<\/font><\/a><\/b><\/div><\/p>\r\n<br>\r\n<p><div align=\"right\"><font color=\"800000\"><strike>Altera a Resolu\u00e7\u00e3o N. 025\/2015, que aprova a cria\u00e7\u00e3o da Estrutura m\u00ednima dos Centros de Ensino do Campus Sede da UFSM, alterando o par\u00e1grafo 1\u00ba e incisos I e II, par\u00e1grafo 2\u00ba do artigo 8\u00ba.<\/strike><\/font><\/div><\/p>\r\n<br>\r\n<p><a href=\"https:\/\/www.ufsm.br\/pro-reitorias\/proplan\/resolucao-ufsm-n-095-2022\/\" target=\"_blank\"><font color=\"blue\">Revogada pela Resolu\u00e7\u00e3o UFSM N. 095\/2022<\/font><\/a><\/p>\r\n<br>\r\n<br><div align=\"justify\">\r\n<strike>\r\n<p>O REITOR DA UNIVERSIDADE FEDERAL DE SANTA MARIA, no uso de suas atribui\u00e7\u00f5es legais e estatut\u00e1rias e considerando:<\/p>\r\n<p>- a necessidade de adequar a <a href=\"https:\/\/www.ufsm.br\/pro-reitorias\/proplan\/resolucao-n-025-2015\/\" target=\"_blank\"><font color=\"blue\"><u>Resolu\u00e7\u00e3o N. 025\/2015<\/u><\/font><\/a> par\u00e1grafo 1\u00ba e incisos I e II, par\u00e1grafo 2\u00ba do artigo 8\u00ba; e,<\/p>\r\n<p>- o Parecer n. 022\/2016 da Comiss\u00e3o de Legisla\u00e7\u00e3o e Regimentos (CLR), aprovado na 781\u00aa Sess\u00e3o do Conselho Universit\u00e1rio de 24 de mar\u00e7o de 2016, referente ao Processo n. <a href=\"https:\/\/portal.ufsm.br\/documentos\/publico\/processo\/documento.html?idDocumento=7253754\" target=\"_blank\"><font color=\"blue\"><u>23081.015024\/2015-09<\/u><\/font><\/a>.<\/p>\r\n<br>\r\n<p><b><div align=\"center\">RESOLVE:<\/b><\/div><\/p>\r\n<br>\r\n<p>Art. 1\u00ba Alterar a <a href=\"https:\/\/www.ufsm.br\/pro-reitorias\/proplan\/resolucao-n-025-2015\/\" target=\"_blank\"><font color=\"blue\"><u>Resolu\u00e7\u00e3o n. 025\/2015<\/u><\/font><\/a>, que aprova a cria\u00e7\u00e3o da Estrutura m\u00ednima dos Centros de Ensino do Campus Sede da UFSM.<\/p>\r\n<p>Art. 2\u00ba Manter o caput do art. 8\u00ba e alterar o seu par\u00e1grafo 1\u00ba, e incisos I e II do par\u00e1grafo 2\u00ba como segue:<\/p>\r\n\r\n<p>\u201cArt. 8\u00ba Aplica-se ao Centro de Ci\u00eancias Naturais e Exatas:<\/p>\r\n<p>\u00a7 1\u00ba Criar o N\u00facleo de Infraestrutura, N\u00facleo de Divulga\u00e7\u00e3o Institucional, N\u00facleo de Patrim\u00f4nio e Unidade de Apoio Pedag\u00f3gico (\u00d3rg\u00e3o de Apoio).<\/p>\r\n<p>\u00a7 2\u00ba Alterar nomes:\r\n<p>I - de Setor de Material e Controle Or\u00e7ament\u00e1rio para N\u00facleo de Execu\u00e7\u00e3o e Controle Or\u00e7ament\u00e1rio.<\/p>\r\n<p>II - de Laborat\u00f3rio de Inform\u00e1tica para Unidade de Tecnologia de Informa\u00e7\u00e3o (\u00d3rg\u00e3o de Apoio).\u201d<\/p>\r\n\r\n<p>Art. 3\u00ba Esta resolu\u00e7\u00e3o entrar\u00e1 em vigor na data de sua assinatura e revoga as disposi\u00e7\u00f5es em contr\u00e1rio.<\/p>\r\n\r\n<p>GABINETE DO REITOR DA UNIVERSIDADE FEDERAL DE SANTA MARIA, aos vinte e oito dias do m\u00eas de mar\u00e7o do ano dois mil e dezesseis.<\/p>\r\n<\/div>\r\n<p>Paulo Afonso Burmann,<\/p>\r\n<p>Reitor<\/p>\r\n<\/strike>\r\n<p><font color=\"red0000\">Este texto n\u00e3o substitui o documento original, publicado no Portal de Documentos.<\/font> Dispon\u00edvel em: <a href=\"https:\/\/portal.ufsm.br\/documentos\/publico\/documento.html?id=7476363\"><font color=\"blue\">https:\/\/portal.ufsm.br\/documentos\/publico\/documento.html?id=7476363<\/font><\/a>\r\n\r\n\t\t<\/div>\n\t\t\t\t<\/div>\n\t\t\t\t\t<\/div>\n\t\t<\/div>\n\t\t\t\t\t<\/div>\n\t\t<\/section>\n\t\t\t\t<\/div>\n\t\t","protected":false},"excerpt":{"rendered":"<p>\ufeff RESOLU\u00c7\u00c3O N. 013\/2016 MINIST\u00c9RIO DA EDUCA\u00c7\u00c3O UNIVERSIDADE FEDERAL DE SANTA MARIA RESOLU\u00c7\u00c3O N. 013\/2016 Altera a Resolu\u00e7\u00e3o N. 025\/2015, que aprova a cria\u00e7\u00e3o da Estrutura m\u00ednima dos Centros de Ensino do Campus Sede da UFSM, alterando o par\u00e1grafo 1\u00ba e incisos I e II, par\u00e1grafo 2\u00ba do artigo 8\u00ba. Revogada pela Resolu\u00e7\u00e3o UFSM N. [&hellip;]<\/p>\n","protected":false},"author":205,"featured_media":0,"parent":0,"menu_order":0,"comment_status":"closed","ping_status":"closed","template":"","meta":{"footnotes":""},"categories":[],"tags":[],"class_list":["post-2641","page","type-page","status-publish","hentry"],"acf":[],"_links":{"self":[{"href":"https:\/\/www.ufsm.br\/pro-reitorias\/proplan\/wp-json\/wp\/v2\/pages\/2641","targetHints":{"allow":["GET"]}}],"collection":[{"href":"https:\/\/www.ufsm.br\/pro-reitorias\/proplan\/wp-json\/wp\/v2\/pages"}],"about":[{"href":"https:\/\/www.ufsm.br\/pro-reitorias\/proplan\/wp-json\/wp\/v2\/types\/page"}],"author":[{"embeddable":true,"href":"https:\/\/www.ufsm.br\/pro-reitorias\/proplan\/wp-json\/wp\/v2\/users\/205"}],"replies":[{"embeddable":true,"href":"https:\/\/www.ufsm.br\/pro-reitorias\/proplan\/wp-json\/wp\/v2\/comments?post=2641"}],"version-history":[{"count":0,"href":"https:\/\/www.ufsm.br\/pro-reitorias\/proplan\/wp-json\/wp\/v2\/pages\/2641\/revisions"}],"wp:attachment":[{"href":"https:\/\/www.ufsm.br\/pro-reitorias\/proplan\/wp-json\/wp\/v2\/media?parent=2641"}],"wp:term":[{"taxonomy":"category","embeddable":true,"href":"https:\/\/www.ufsm.br\/pro-reitorias\/proplan\/wp-json\/wp\/v2\/categories?post=2641"},{"taxonomy":"post_tag","embeddable":true,"href":"https:\/\/www.ufsm.br\/pro-reitorias\/proplan\/wp-json\/wp\/v2\/tags?post=2641"}],"curies":[{"name":"wp","href":"https:\/\/api.w.org\/{rel}","templated":true}]}}