{"id":2646,"date":"2019-10-30T10:49:09","date_gmt":"2019-10-30T13:49:09","guid":{"rendered":"https:\/\/www.ufsm.br\/pro-reitorias\/proplan\/?page_id=2646"},"modified":"2025-01-28T10:10:33","modified_gmt":"2025-01-28T13:10:33","slug":"resolucao-n-009-2016","status":"publish","type":"page","link":"https:\/\/www.ufsm.br\/pro-reitorias\/proplan\/resolucao-n-009-2016","title":{"rendered":"Resolu\u00e7\u00e3o N. 009\/2016"},"content":{"rendered":"\t\t<div data-elementor-type=\"wp-page\" data-elementor-id=\"2646\" class=\"elementor elementor-2646\">\n\t\t\t\t\t\t<section class=\"elementor-section elementor-top-section elementor-element elementor-element-dbf94ed elementor-section-boxed elementor-section-height-default elementor-section-height-default\" data-id=\"dbf94ed\" data-element_type=\"section\">\n\t\t\t\t\t\t<div class=\"elementor-container elementor-column-gap-default\">\n\t\t\t\t\t<div class=\"elementor-column elementor-col-100 elementor-top-column elementor-element elementor-element-da7587e\" data-id=\"da7587e\" data-element_type=\"column\">\n\t\t\t<div class=\"elementor-widget-wrap elementor-element-populated\">\n\t\t\t\t\t\t<div class=\"elementor-element elementor-element-ff2b63f elementor-widget elementor-widget-html\" data-id=\"ff2b63f\" data-element_type=\"widget\" data-widget_type=\"html.default\">\n\t\t\t\t<div class=\"elementor-widget-container\">\n\t\t\t\r\n\r\n\r\n<title><b>RESOLU\u00c7\u00c3O N. 009\/2016<\/b><\/title>\r\n\r\n\r\n<div align=\"center\"><img decoding=\"async\" src=\"https:\/\/www.ufsm.br\/pro-reitorias\/proplan\/wp-content\/uploads\/sites\/344\/2019\/09\/brasao-da-republica-do-brasil-logo.png\" alt=\"Bras\u00e3o Rep\u00fablica Federativa do Brasil\" width=\"6%\" height=\"6%\"><\/div>    \r\n<h1><font color=\"blue\"><font size=\"5\"><div align=\"center\">MINIST\u00c9RIO DA EDUCA\u00c7\u00c3O<\/b><\/font><\/font><\/div><\/H1>\r\n<p><b><font color=\"0000blue\"><div align=\"center\">UNIVERSIDADE FEDERAL DE SANTA MARIA<\/b><\/font><\/div><\/p>\r\n\r\n<p><div align=\"center\"><b><a href=\"https:\/\/portal.ufsm.br\/documentos\/publico\/documento.html?id=7445947\"><font color=\"blue\">RESOLU\u00c7\u00c3O N. 009\/2016<\/font><\/a><\/b><\/div><\/p>\r\n<br>\r\n<p><a href=\"https:\/\/www.ufsm.br\/pro-reitorias\/proplan\/resolucao-ufsm-n-112-2022\/\"><font color=\"blue\">Revogada pela Resolu\u00e7\u00e3o N. 112\/2022<\/font><\/a><\/p>\r\n<br><\/s><div align=\"justify\">\r\n\r\n<p><div align=\"right\"><font color=\"800000\"><s>Aprovar as altera\u00e7\u00f5es no inciso II do art. 25 e o caput do art. 37 da Resolu\u00e7\u00e3o N. 030\/2013 de 15 de outubro de 2013 e d\u00e1 outras provid\u00eancias.<\/font><\/div><\/p>\r\n<br><div align=\"justify\">\r\n\r\n<p><s>O REITOR DA UNIVERSIDADE FEDERAL DE SANTA MARIA, no uso de suas atribui\u00e7\u00f5es legais e estatut\u00e1rias e considerando:<\/p>\r\n<p>- as altera\u00e7\u00f5es promovidas pela <a href=\"https:\/\/www.ufsm.br\/pro-reitorias\/proplan\/resolucao-n-006-2016\/\" target=\"_blank\"><font color=\"blue\"><u>Resolu\u00e7\u00e3o N.006\/2016<\/u><\/font><\/a>, consolidadas na <a href=\"https:\/\/www.ufsm.br\/pro-reitorias\/proplan\/resolucoes-concursos-publicos\/\" target=\"_blank\"><font color=\"blue\"><u>Resolu\u00e7\u00e3o N. 030\/2013<\/u><\/font><\/a>;<\/p>\r\n<p>- a necessidade de adequar o inciso II do art. 25 e o caput do art. 37 da <a href=\"https:\/\/www.ufsm.br\/pro-reitorias\/proplan\/resolucoes-concursos-publicos\/\" target=\"_blank\"><font color=\"blue\"><u>Resolu\u00e7\u00e3o N. 030\/2013<\/u><\/font><\/a>;<\/p>\r\n<p>- a necessidade de substituir no art. 23 da <a href=\"https:\/\/www.ufsm.br\/pro-reitorias\/proplan\/resolucoes-concursos-publicos\/\" target=\"_blank\"><font color=\"blue\"><u>Resolu\u00e7\u00e3o N. 030\/2013<\/u><\/font><\/a> a express\u00e3o \u201ca local\u201d por \u201co local\u201d;<\/p>\r\n<p>- o Parecer n. 040\/2016 da Comiss\u00e3o de Legisla\u00e7\u00e3o e Normas (CLN) aprovado na 876\u00ba Sess\u00e3o do Conselho de Ensino, Pesquisa e Extens\u00e3o de 04 de mar\u00e7o de 2016, referente ao Processo n. <a href=\"https:\/\/portal.ufsm.br\/documentos\/publico\/processo\/documento.html?idDocumento=7178300\" target=\"_blank\"><font color=\"blue\"><u>23081.012900\/2015-37<\/u><\/font><\/a>.<\/p>\r\n<br>\r\n<p><b><div align=\"center\">RESOLVE:<\/b><\/div><\/p>\r\n<br>\r\n<p>Art. 1\u00ba Alterar o inciso II do art. 25 da <a href=\"https:\/\/www.ufsm.br\/pro-reitorias\/proplan\/resolucoes-concursos-publicos\/\" target=\"_blank\"><font color=\"blue\"><u>Resolu\u00e7\u00e3o N. 030\/2013<\/u><\/font><\/a>, acrescentando no in\u00edcio o termo \u201ccurr\u00edculo\u201d, ficando assim redigido:<\/p>\r\n<p>\"II - o Curr\u00edculo e a Tabela de Pontos para Avalia\u00e7\u00e3o de T\u00edtulos (Anexo 1) com a documenta\u00e7\u00e3o comprobat\u00f3ria no seu formato original, e uma fotoc\u00f3pia de cada documento na ordem dos Grupos I, II e III.  A Tabela de cada Grupo dever\u00e1 ser preenchida a caneta pelo candidato, conforme a pontua\u00e7\u00e3o de cada item e totalizada, seguida de assinatura do candidato certificando a veracidade das informa\u00e7\u00f5es prestadas\u201d<\/p>\r\n\r\n<p>Art.  2\u00ba Alterar o caput do art. 37 da <a href=\"https:\/\/www.ufsm.br\/pro-reitorias\/proplan\/resolucoes-concursos-publicos\/\" target=\"_blank\"><font color=\"blue\"><u>Resolu\u00e7\u00e3o N. 030\/2013<\/u><\/font><\/a>, que passa a vigorar com a seguinte reda\u00e7\u00e3o:<\/p>\r\n<p>\u201cArt. 37 A prova de t\u00edtulos ser\u00e1 constitu\u00edda do exame do Curr\u00edculo e da Tabela de Pontos para Avalia\u00e7\u00e3o de T\u00edtulos, no qual a Comiss\u00e3o Examinadora apreciar\u00e1 e pontuar\u00e1, para cada um dos candidatos, os documentos comprobat\u00f3rios apresentados de acordo com o art. 25, sendo que os t\u00edtulos referentes \u00e0 produ\u00e7\u00e3o cient\u00edfica, tecnol\u00f3gica, art\u00edstica e cultural (Grupo II) e as atividades de pesquisa, ensino e extens\u00e3o e profissionais (Grupo III) ser\u00e3o pontuados conforme as tabelas de pontos anexas a esta resolu\u00e7\u00e3o, sendo considerados apenas os obtidos nos \u00faltimos cinco anos.\u201d<\/p>\r\n<p>Par\u00e1grafo  \u00fanico.  Para  cada  um  dos  grupos,  ser\u00e3o  atribu\u00eddos  os  seguintes pesos:<\/p>\r\n<p>I - Grupo I - peso  dois;<\/p>\r\n<p>II - Grupo II - peso  quatro; e<\/p>\r\n<p>III - Grupo III - peso  quatro.\u201d<\/p>\r\n\r\n<p>Art. 3\u00ba Esta resolu\u00e7\u00e3o entrar\u00e1 em vigor na data de sua publica\u00e7\u00e3o, revogadas as disposi\u00e7\u00f5es em contr\u00e1rio.<\/p>\r\n\r\n<p>GABINETE DO REITOR DA UNIVERSIDADE FEDERAL DE SANTA MARIA, aos dez dias do m\u00eas de mar\u00e7o do ano dois mil e dezesseis.<\/p>\r\n<\/div>\r\n<p>Paulo Afonso Burmann,<\/p>\r\n<p>Reitor<\/s><\/p>\r\n\r\n<p><font color=\"red0000\">Este texto n\u00e3o substitui o documento original, publicado no Portal de Documentos.<\/font> Dispon\u00edvel em: <a href=\"https:\/\/portal.ufsm.br\/documentos\/publico\/documento.html?id=7445947\"><font color=\"blue\">https:\/\/portal.ufsm.br\/documentos\/publico\/documento.html?id=7445947<\/font><\/a>\r\n\r\n\t\t<\/div>\n\t\t\t\t<\/div>\n\t\t\t\t\t<\/div>\n\t\t<\/div>\n\t\t\t\t\t<\/div>\n\t\t<\/section>\n\t\t\t\t<\/div>\n\t\t","protected":false},"excerpt":{"rendered":"<p>RESOLU\u00c7\u00c3O N. 009\/2016 MINIST\u00c9RIO DA EDUCA\u00c7\u00c3O UNIVERSIDADE FEDERAL DE SANTA MARIA RESOLU\u00c7\u00c3O N. 009\/2016 Revogada pela Resolu\u00e7\u00e3o N. 112\/2022 Aprovar as altera\u00e7\u00f5es no inciso II do art. 25 e o caput do art. 37 da Resolu\u00e7\u00e3o N. 030\/2013 de 15 de outubro de 2013 e d\u00e1 outras provid\u00eancias. O REITOR DA UNIVERSIDADE FEDERAL DE SANTA [&hellip;]<\/p>\n","protected":false},"author":205,"featured_media":0,"parent":0,"menu_order":0,"comment_status":"closed","ping_status":"closed","template":"","meta":{"footnotes":""},"categories":[],"tags":[],"class_list":["post-2646","page","type-page","status-publish","hentry"],"acf":[],"_links":{"self":[{"href":"https:\/\/www.ufsm.br\/pro-reitorias\/proplan\/wp-json\/wp\/v2\/pages\/2646","targetHints":{"allow":["GET"]}}],"collection":[{"href":"https:\/\/www.ufsm.br\/pro-reitorias\/proplan\/wp-json\/wp\/v2\/pages"}],"about":[{"href":"https:\/\/www.ufsm.br\/pro-reitorias\/proplan\/wp-json\/wp\/v2\/types\/page"}],"author":[{"embeddable":true,"href":"https:\/\/www.ufsm.br\/pro-reitorias\/proplan\/wp-json\/wp\/v2\/users\/205"}],"replies":[{"embeddable":true,"href":"https:\/\/www.ufsm.br\/pro-reitorias\/proplan\/wp-json\/wp\/v2\/comments?post=2646"}],"version-history":[{"count":0,"href":"https:\/\/www.ufsm.br\/pro-reitorias\/proplan\/wp-json\/wp\/v2\/pages\/2646\/revisions"}],"wp:attachment":[{"href":"https:\/\/www.ufsm.br\/pro-reitorias\/proplan\/wp-json\/wp\/v2\/media?parent=2646"}],"wp:term":[{"taxonomy":"category","embeddable":true,"href":"https:\/\/www.ufsm.br\/pro-reitorias\/proplan\/wp-json\/wp\/v2\/categories?post=2646"},{"taxonomy":"post_tag","embeddable":true,"href":"https:\/\/www.ufsm.br\/pro-reitorias\/proplan\/wp-json\/wp\/v2\/tags?post=2646"}],"curies":[{"name":"wp","href":"https:\/\/api.w.org\/{rel}","templated":true}]}}