{"id":2650,"date":"2019-10-30T13:57:56","date_gmt":"2019-10-30T16:57:56","guid":{"rendered":"https:\/\/www.ufsm.br\/pro-reitorias\/proplan\/?page_id=2650"},"modified":"2023-01-02T10:35:14","modified_gmt":"2023-01-02T13:35:14","slug":"resolucao-n-006-2016","status":"publish","type":"page","link":"https:\/\/www.ufsm.br\/pro-reitorias\/proplan\/resolucao-n-006-2016","title":{"rendered":"Resolu\u00e7\u00e3o N. 006\/2016"},"content":{"rendered":"\t\t<div data-elementor-type=\"wp-page\" data-elementor-id=\"2650\" class=\"elementor elementor-2650\">\n\t\t\t\t\t\t<section class=\"elementor-section elementor-top-section elementor-element elementor-element-a0e298b elementor-section-boxed elementor-section-height-default elementor-section-height-default\" data-id=\"a0e298b\" data-element_type=\"section\">\n\t\t\t\t\t\t<div class=\"elementor-container elementor-column-gap-default\">\n\t\t\t\t\t<div class=\"elementor-column elementor-col-100 elementor-top-column elementor-element elementor-element-c0de327\" data-id=\"c0de327\" data-element_type=\"column\">\n\t\t\t<div class=\"elementor-widget-wrap elementor-element-populated\">\n\t\t\t\t\t\t<div class=\"elementor-element elementor-element-1f9c88f elementor-widget elementor-widget-html\" data-id=\"1f9c88f\" data-element_type=\"widget\" data-widget_type=\"html.default\">\n\t\t\t\t<div class=\"elementor-widget-container\">\n\t\t\t\r\n\r\n\r\n<title><b>RESOLU\u00c7\u00c3O N. 006\/2016<\/b><\/title>\r\n\r\n\r\n<div align=\"center\"><img decoding=\"async\" src=\"https:\/\/www.ufsm.br\/pro-reitorias\/proplan\/wp-content\/uploads\/sites\/344\/2019\/09\/brasao-da-republica-do-brasil-logo.png\" alt=\"Bras\u00e3o Rep\u00fablica Federativa do Brasil\" width=\"6%\" height=\"6%\"><\/div>    \r\n<h1><font color=\"blue\"><font size=\"5\"><div align=\"center\">MINIST\u00c9RIO DA EDUCA\u00c7\u00c3O<\/b><\/font><\/font><\/div><\/H1>\r\n<p><b><font color=\"0000blue\"><div align=\"center\">UNIVERSIDADE FEDERAL DE SANTA MARIA<\/b><\/font><\/div><\/p>\r\n\r\n<p><div align=\"center\"><b><a href=\"https:\/\/portal.ufsm.br\/documentos\/publico\/documento.html?id=7375781\"><font color=\"blue\">RESOLU\u00c7\u00c3O N. 006\/2016<\/font><\/a><\/b><\/div><\/p>\r\n<br>\r\n<p><div align=\"right\"><font color=\"800000\"><s>Altera a Resolu\u00e7\u00e3o N. 030\/2013, que regulamenta o Concurso P\u00fablico para Ingresso no Quadro do Magist\u00e9rio Superior da Universidade Federal de Santa Maria, suprimindo os par\u00e1grafos e incisos do artigo 8\u00ba, modificando o caput dos artigos 12 e 25, seus par\u00e1grafos e incisos.<\/font><\/div><\/p>\r\n<br><\/s><div align=\"justify\">\r\n<p><a href=\"https:\/\/www.ufsm.br\/pro-reitorias\/proplan\/resolucao-ufsm-n-112-2022\/\"><font color=\"blue\">Revogada pela Resolu\u00e7\u00e3o N. 112\/2022<\/font><\/a><\/p>\r\n<br><div align=\"justify\">\r\n<p><s>O REITOR DA UNIVERSIDADE FEDERAL DE SANTA MARIA, no uso de suas atribui\u00e7\u00f5es legais e estatut\u00e1rias e considerando:<\/p>\r\n<p>- a necessidade de tornar a Resolu\u00e7\u00e3o N. 030\/2013 adequada e clara em seus artigos 8\u00ba, 12 e 25; e<\/p>\r\n<p>- o Parecer n. 216\/2015 da Comiss\u00e3o de Legisla\u00e7\u00e3o e Normas (CLN), aprovado na 875\u00aa Sess\u00e3o do Conselho de Ensino, Pesquisa e Extens\u00e3o de 11 de dezembro de 2015, referente ao Processo n. <a href=\"https:\/\/portal.ufsm.br\/documentos\/publico\/processo\/documento.html?idDocumento=7178300\" target=\"_blank\"><font color=\"blue\"><u>23081.012900\/2015-37<\/u><\/font><\/a>.<\/p>\r\n<br>\r\n<p><b><div align=\"center\">RESOLVE:<\/b><\/div><\/p>\r\n<br>\r\n<p>Art. 1\u00ba Alterar a <a href=\"https:\/\/www.ufsm.br\/pro-reitorias\/proplan\/resolucoes-concursos-publicos\/\" target=\"_blank\"><font color=\"blue\"><u>Resolu\u00e7\u00e3o n. 030\/2013<\/u><\/font><\/a>, que regulamenta o Concurso P\u00fablico para Ingresso no Quadro do Magist\u00e9rio Superior da Universidade Federal de Santa Maria.<\/p>\r\n<p>Art. 2\u00ba Manter o caput do art. 8\u00ba e suprimir os par\u00e1grafos 1\u00ba, 2\u00ba, 3\u00ba e 4\u00ba e incisos I e II do \u00a7 1\u00ba do artigo citado, como segue:<\/p>\r\n<p>\u201cArt. 8\u00ba As inscri\u00e7\u00f5es ser\u00e3o efetuadas exclusivamente no endere\u00e7o da p\u00e1gina do concurso, no s\u00edtio da UFSM, por um per\u00edodo de trinta dias corridos, mediante preenchimento de formul\u00e1rio eletr\u00f4nico espec\u00edfico e emiss\u00e3o de contra recibo eletr\u00f4nico\u201d.<\/p>\r\n\r\n<p>Art. 3\u00ba Alterar o caput do art. 12 e seus par\u00e1grafos 1\u00ba, 2\u00ba, 3\u00ba e 4\u00ba, como segue:<\/p>\r\n<p>\u201cArt. 12 As inscri\u00e7\u00f5es realizadas de acordo com o art. 8\u00ba ser\u00e3o homologadas pela Pr\u00f3-Reitoria de Gest\u00e3o de Pessoas (PROGEP), mediante a confirma\u00e7\u00e3o do pagamento do valor da inscri\u00e7\u00e3o, em um prazo de at\u00e9 quinze dias corridos, ap\u00f3s o encerramento destas (Reda\u00e7\u00e3o dada pela <a href=\"https:\/\/www.ufsm.br\/pro-reitorias\/proplan\/resolucao-n-006-2015\/\" target=\"_blank\"><font color=\"blue\"><u>Resolu\u00e7\u00e3o N. 006\/2015<\/u><\/font><\/a>, caput e seus par\u00e1grafos).<\/p>\r\n<p>\u00a7 1\u00ba O resultado da homologa\u00e7\u00e3o das inscri\u00e7\u00f5es ser\u00e1 divulgado na p\u00e1gina do concurso, no s\u00edtio da UFSM.<\/p>\r\n<p>\u00a7 2\u00ba O candidato poder\u00e1 interpor recurso da decis\u00e3o de n\u00e3o-homologa\u00e7\u00e3o de sua inscri\u00e7\u00e3o, \u00e0 Pr\u00f3-Reitoria de Gest\u00e3o de Pessoas (PROGEP), no prazo de cinco dias \u00fateis, contados a partir da divulga\u00e7\u00e3o das inscri\u00e7\u00f5es homologadas.<\/p>\r\n<p>\u00a7 3\u00ba O candidato que, tendo feito sua inscri\u00e7\u00e3o e pagamento de forma regular, n\u00e3o constar na lista de inscri\u00e7\u00f5es homologadas, dever\u00e1 entrar em contato com a Pr\u00f3-Reitoria de Gest\u00e3o de Pessoas (PROGEP) encaminhando o comprovante de pagamento e a GRU, postada via SEDEX ou entregue na Divis\u00e3o de Protocolo \u2014 UFSM, observando o prazo previsto.<\/p>\r\n<p>\u00a7 4\u00ba A Pr\u00f3-Reitora de Gest\u00e3o de Pessoas ter\u00e1 prazo de cinco dias \u00fateis, ap\u00f3s o t\u00e9rmino do prazo de interposi\u00e7\u00e3o de recurso da n\u00e3o-homologa\u00e7\u00e3o de inscri\u00e7\u00e3o, para decidir sobre os recursos interpostos.<\/p>\r\n<p>\u00a7 5\u00ba Havendo altera\u00e7\u00f5es nas inscri\u00e7\u00f5es em fun\u00e7\u00e3o de recursos, a rela\u00e7\u00e3o final das inscri\u00e7\u00f5es homologadas ser\u00e1 divulgada na p\u00e1gina do concurso, no s\u00edtio da UFSM.\u201d<\/p>\r\n\r\n<p>Art. 4\u00ba Alterar o caput do art. 25, seus par\u00e1grafos 1\u00ba, 2\u00ba, 3\u00ba, 4\u00bae 5\u00ba incisos I, II e III do \u00a7 5\u00ba como segue:<\/p>\r\n<p>\u201cArt. 25 Por ocasi\u00e3o do in\u00edcio do Concurso e instala\u00e7\u00e3o da Comiss\u00e3o Examinadora, os candidatos dever\u00e3o entregar, de forma impressa: (Reda\u00e7\u00e3o dada pela <a href=\"https:\/\/www.ufsm.br\/pro-reitorias\/proplan\/resolucao-n-006-2015\/\" target=\"_blank\"><font color=\"blue\"><u>Resolu\u00e7\u00e3o N. 006\/2015<\/u><\/font><\/a>, caput, seus incisos e par\u00e1grafos).<\/p>\r\n<p>I - o Memorial Descritivo conforme formato estabelecido no art. 35;<\/p>\r\n<p>II - a Tabela de Pontos para Avalia\u00e7\u00e3o de T\u00edtulos (Anexo I) com a documenta\u00e7\u00e3o comprobat\u00f3ria no seu formato original, e uma fotoc\u00f3pia de cada documento, na ordem dos Grupos I, II e III. A Tabela de cada Grupo dever\u00e1 ser preenchida a caneta pelo candidato, conforme a pontua\u00e7\u00e3o de cada item e totalizada, seguida da assinatura do candidato certificando a veracidade das informa\u00e7\u00f5es prestadas.<\/p>\r\n<p>\u00a7 1\u00ba O candidato que n\u00e3o entregar o Memorial Descritivo no formato estabelecido no art. 35 n\u00e3o ser\u00e1 avaliado na Prova de Defesa da Produ\u00e7\u00e3o Intelectual, e ser\u00e1 atribu\u00edda nota zero;<\/p>\r\n<p>\u00a7 2\u00ba O candidato que n\u00e3o entregar nenhuma documenta\u00e7\u00e3o comprobat\u00f3ria n\u00e3o ser\u00e1 avaliado na prova de t\u00edtulos, e ser\u00e1 atribu\u00edda nota zero;<\/p>\r\n<p>\u00a7 3\u00ba O candidato que entregar parcialmente a documenta\u00e7\u00e3o comprobat\u00f3ria ser\u00e1 avaliado somente nos itens comprovados;<\/p>\r\n<p>\u00a7 4\u00ba O candidato que n\u00e3o entregar a Tabela de Pontos para Avalia\u00e7\u00e3o de T\u00edtulos ou que n\u00e3o entregar a referida Tabela no formato estabelecido no inciso II, ter\u00e1 a nota da Prova de T\u00edtulos reduzida em cinquenta por cento.<\/p>\r\n<p>\u00a7 5\u00ba O candidato que entregar a Tabela de Pontos para Avalia\u00e7\u00e3o de T\u00edtulos preenchida a l\u00e1pis e\/ou sem assinatura e\/ou sem totaliza\u00e7\u00e3o, ter\u00e1 a nota da Prova de T\u00edtulos reduzida em vinte por cento.<\/p>\r\n<p>\u00a7 6\u00ba N\u00e3o ser\u00e1 aceita complementa\u00e7\u00e3o de documentos comprobat\u00f3rios na Tabela de Pontos para a Avalia\u00e7\u00e3o da Prova de T\u00edtulos e no Memorial Descritivo.<\/p>\r\n<p>\u00a7 7\u00ba A autentica\u00e7\u00e3o de fotoc\u00f3pias dos documentos de que trata o caput deste artigo dever\u00e1 ser feita pela Comiss\u00e3o Examinadora e\/ou Secret\u00e1rio(a) do Concurso, a partir dos documentos originais ou c\u00f3pias autenticadas, sendo que os documentos originais ou c\u00f3pias autenticadas ser\u00e3o devolvidos aos candidatos.<\/p>\r\n<p>\u00a7 8\u00ba Para comprova\u00e7\u00e3o da produ\u00e7\u00e3o cient\u00edfica, tecnol\u00f3gica, art\u00edstica e cultural, ser\u00e3o aceitos:<\/p>\r\n<p>I - exemplar do trabalho escrito com identifica\u00e7\u00e3o do ve\u00edculo de publica\u00e7\u00e3o;<\/p>\r\n<p>II - exemplar do material cinematogr\u00e1fico, fotogr\u00e1fico, musical, art\u00edstico ou sonoro; e<\/p>\r\n<p>III - certificados ou outro(s) comprovante(s) documental(is), no caso de atividades que n\u00e3o podem ser diretamente apresentadas.\u201d<\/p>\r\n\r\n<p>Art. 5\u00ba. Esta resolu\u00e7\u00e3o entrar\u00e1 em vigor na data de sua assinatura e revoga as disposi\u00e7\u00f5es em contr\u00e1rio.<\/p>\r\n\r\n<p>GABINETE DO REITOR DA UNIVERSIDADE FEDERAL DE SANTA MARIA, aos vinte e seis dias do m\u00eas de janeiro do ano dois mil e dezesseis.<\/p>\r\n<\/div>\r\n<p>Paulo Afonso Burmann,<\/p>\r\n<p>Reitor<\/s><\/p>\r\n\r\n<p><font color=\"red0000\">Este texto n\u00e3o substitui o documento original, publicado no Portal de Documentos.<\/font> Dispon\u00edvel em: <a href=\"https:\/\/portal.ufsm.br\/documentos\/publico\/documento.html?id=7375781\"><font color=\"blue\">https:\/\/portal.ufsm.br\/documentos\/publico\/documento.html?id=7375781<\/font><\/a>\r\n\r\n\t\t<\/div>\n\t\t\t\t<\/div>\n\t\t\t\t\t<\/div>\n\t\t<\/div>\n\t\t\t\t\t<\/div>\n\t\t<\/section>\n\t\t\t\t<\/div>\n\t\t","protected":false},"excerpt":{"rendered":"<p>RESOLU\u00c7\u00c3O N. 006\/2016 MINIST\u00c9RIO DA EDUCA\u00c7\u00c3O UNIVERSIDADE FEDERAL DE SANTA MARIA RESOLU\u00c7\u00c3O N. 006\/2016 Altera a Resolu\u00e7\u00e3o N. 030\/2013, que regulamenta o Concurso P\u00fablico para Ingresso no Quadro do Magist\u00e9rio Superior da Universidade Federal de Santa Maria, suprimindo os par\u00e1grafos e incisos do artigo 8\u00ba, modificando o caput dos artigos 12 e 25, seus par\u00e1grafos [&hellip;]<\/p>\n","protected":false},"author":205,"featured_media":0,"parent":0,"menu_order":0,"comment_status":"closed","ping_status":"closed","template":"","meta":{"footnotes":""},"categories":[],"tags":[],"class_list":["post-2650","page","type-page","status-publish","hentry"],"acf":[],"_links":{"self":[{"href":"https:\/\/www.ufsm.br\/pro-reitorias\/proplan\/wp-json\/wp\/v2\/pages\/2650","targetHints":{"allow":["GET"]}}],"collection":[{"href":"https:\/\/www.ufsm.br\/pro-reitorias\/proplan\/wp-json\/wp\/v2\/pages"}],"about":[{"href":"https:\/\/www.ufsm.br\/pro-reitorias\/proplan\/wp-json\/wp\/v2\/types\/page"}],"author":[{"embeddable":true,"href":"https:\/\/www.ufsm.br\/pro-reitorias\/proplan\/wp-json\/wp\/v2\/users\/205"}],"replies":[{"embeddable":true,"href":"https:\/\/www.ufsm.br\/pro-reitorias\/proplan\/wp-json\/wp\/v2\/comments?post=2650"}],"version-history":[{"count":0,"href":"https:\/\/www.ufsm.br\/pro-reitorias\/proplan\/wp-json\/wp\/v2\/pages\/2650\/revisions"}],"wp:attachment":[{"href":"https:\/\/www.ufsm.br\/pro-reitorias\/proplan\/wp-json\/wp\/v2\/media?parent=2650"}],"wp:term":[{"taxonomy":"category","embeddable":true,"href":"https:\/\/www.ufsm.br\/pro-reitorias\/proplan\/wp-json\/wp\/v2\/categories?post=2650"},{"taxonomy":"post_tag","embeddable":true,"href":"https:\/\/www.ufsm.br\/pro-reitorias\/proplan\/wp-json\/wp\/v2\/tags?post=2650"}],"curies":[{"name":"wp","href":"https:\/\/api.w.org\/{rel}","templated":true}]}}