{"id":2654,"date":"2019-10-30T14:03:07","date_gmt":"2019-10-30T17:03:07","guid":{"rendered":"https:\/\/www.ufsm.br\/pro-reitorias\/proplan\/?page_id=2654"},"modified":"2021-03-01T09:31:50","modified_gmt":"2021-03-01T12:31:50","slug":"resolucao-n-003-2016","status":"publish","type":"page","link":"https:\/\/www.ufsm.br\/pro-reitorias\/proplan\/resolucao-n-003-2016","title":{"rendered":"Resolu\u00e7\u00e3o N. 003\/2016"},"content":{"rendered":"\t\t<div data-elementor-type=\"wp-page\" data-elementor-id=\"2654\" class=\"elementor elementor-2654\">\n\t\t\t\t\t\t<section class=\"elementor-section elementor-top-section elementor-element elementor-element-07e7931 elementor-section-boxed elementor-section-height-default elementor-section-height-default\" data-id=\"07e7931\" data-element_type=\"section\">\n\t\t\t\t\t\t<div class=\"elementor-container elementor-column-gap-default\">\n\t\t\t\t\t<div class=\"elementor-column elementor-col-100 elementor-top-column elementor-element elementor-element-bf4a487\" data-id=\"bf4a487\" data-element_type=\"column\">\n\t\t\t<div class=\"elementor-widget-wrap elementor-element-populated\">\n\t\t\t\t\t\t<div class=\"elementor-element elementor-element-e94d32a elementor-widget elementor-widget-html\" data-id=\"e94d32a\" data-element_type=\"widget\" data-widget_type=\"html.default\">\n\t\t\t\t<div class=\"elementor-widget-container\">\n\t\t\t\n\n\n<title><b>RESOLU\u00c7\u00c3O N. 003\/2016<\/b><\/title>\n\n\n<div align=\"center\"><img decoding=\"async\" src=\"https:\/\/www.ufsm.br\/pro-reitorias\/proplan\/wp-content\/uploads\/sites\/344\/2019\/09\/brasao-da-republica-do-brasil-logo.png\" alt=\"Bras\u00e3o Rep\u00fablica Federativa do Brasil\" width=\"6%\" height=\"6%\"><\/div>    \n<h1><font color=\"blue\"><font size=\"5\"><div align=\"center\">MINIST\u00c9RIO DA EDUCA\u00c7\u00c3O<\/b><\/font><\/font><\/div><\/H1>\n<p><b><font color=\"0000blue\"><div align=\"center\">UNIVERSIDADE FEDERAL DE SANTA MARIA<\/b><\/font><\/div><\/p>\n\n<p><div align=\"center\"><b><a href=\"https:\/\/portal.ufsm.br\/documentos\/publico\/documento.html?id=7356187\"><font color=\"blue\">RESOLU\u00c7\u00c3O N. 003\/2016<\/font><\/a><\/b><\/div><\/p>\n<br>\n<p><div align=\"right\"><font color=\"800000\"><s>Altera a Resolu\u00e7\u00e3o N. 008\/2011, que criou a Auditoria Interna na estrutura organizacional da UFSM e aprova seu Regimento Interno, criando o par\u00e1grafo \u00fanico do artigo 2\u00ba do Regimento Interno da Auditoria Interna da UFSM.<\/font><\/div><\/s><\/p>\n<br>\n<p><a href=\"https:\/\/www.ufsm.br\/pro-reitorias\/proplan\/resolucao-ufsm-n-039-2021\/\" target=\"_blank\"><font color=\"blue\">Revogada pela Resolu\u00e7\u00e3o UFSM N. 039\/2021<\/a><\/font><\/p>\n<br><div align=\"justify\">\n<strike>\n<p><s>O REITOR DA UNIVERSIDADE FEDERAL DE SANTA MARIA, no uso de suas atribui\u00e7\u00f5es legais e estatut\u00e1rias e considerando:<\/p>\n<p>- a Recomenda\u00e7\u00e3o 135376 enviada pela CGU-RS por meio de of\u00edcio 33400\/2014\/CGU-Regional\/RS; e<\/p> \n<p>- o Parecer n. 125\/2015 aprovado na 779\u00aa Sess\u00e3o do Conselho Universit\u00e1rio de 18.12.2015, referente ao Processo n. <a href=\"https:\/\/portal.ufsm.br\/documentos\/publico\/processo\/documento.html?idDocumento=7187305\" target=\"_blank\"><font color=\"blue\"><u>23081.013651\/2015-05<\/u><\/font><\/a>.<\/p>\n<br>\n<p><b><div align=\"center\">RESOLVE:<\/b><\/div><\/p>\n<br>\n<p>Art. 1\u00ba Alterar a <a href=\"https:\/\/www.ufsm.br\/pro-reitorias\/proplan\/resolucao-n-008-2015\/\" target=\"_blank\"><font color=\"blue\"><u>Resolu\u00e7\u00e3o n. 008\/2015<\/u><\/font><\/a>, que criou a Auditoria Interna na estrutura organizacional da UFSM e aprovou seu Regimento Interno.<\/p>\n<p>Art. 2\u00ba Manter o caput do artigo 2\u00ba do <a href=\"https:\/\/www.ufsm.br\/pro-reitorias\/proplan\/regimento-interno-da-auditoria-interna-da-ufsm-2010\/\" target=\"_blank\"><font color=\"blue\"><u>Regimento Interno da Auditoria Interna<\/u><\/font><\/a> e criar par\u00e1grafo \u00fanico como segue: Par\u00e1grafo \u00fanico. Os servidores componentes da equipe t\u00e9cnica da Auditoria Interna ficam impedidos de exercer outras atividades no \u00e2mbito da UFSM.<\/p>\n<p>Art. 3\u00ba Esta resolu\u00e7\u00e3o entrar\u00e1 em vigor na data de sua assinatura e revoga as disposi\u00e7\u00f5es em contr\u00e1rio.<\/p>\n\n<p>GABINETE DO REITOR DA UNIVERSIDADE FEDERAL DE SANTA MARIA, aos onze dias do m\u00eas de janeiro do ano dois mil e dezesseis.<\/p>\n<\/div>\n<p>Paulo Bayard Dias Gon\u00e7alves,<\/p>\n<p>Vice-Reitor no exerc\u00edcio da Reitoria.<\/p>\n<\/strike>\n<p><font color=\"red0000\">Este texto n\u00e3o substitui o documento original, publicado no Portal de Documentos.<\/font> Dispon\u00edvel em: <a href=\"https:\/\/portal.ufsm.br\/documentos\/publico\/documento.html?id=7356187\"><font color=\"blue\">https:\/\/portal.ufsm.br\/documentos\/publico\/documento.html?id=7356187<\/font><\/a><\/s>\n\n\t\t<\/div>\n\t\t\t\t<\/div>\n\t\t\t\t\t<\/div>\n\t\t<\/div>\n\t\t\t\t\t<\/div>\n\t\t<\/section>\n\t\t\t\t<\/div>\n\t\t","protected":false},"excerpt":{"rendered":"<p>RESOLU\u00c7\u00c3O N. 003\/2016 MINIST\u00c9RIO DA EDUCA\u00c7\u00c3O UNIVERSIDADE FEDERAL DE SANTA MARIA RESOLU\u00c7\u00c3O N. 003\/2016 Altera a Resolu\u00e7\u00e3o N. 008\/2011, que criou a Auditoria Interna na estrutura organizacional da UFSM e aprova seu Regimento Interno, criando o par\u00e1grafo \u00fanico do artigo 2\u00ba do Regimento Interno da Auditoria Interna da UFSM. Revogada pela Resolu\u00e7\u00e3o UFSM N. 039\/2021 [&hellip;]<\/p>\n","protected":false},"author":205,"featured_media":0,"parent":0,"menu_order":0,"comment_status":"closed","ping_status":"closed","template":"","meta":{"footnotes":""},"categories":[],"tags":[],"class_list":["post-2654","page","type-page","status-publish","hentry"],"acf":[],"_links":{"self":[{"href":"https:\/\/www.ufsm.br\/pro-reitorias\/proplan\/wp-json\/wp\/v2\/pages\/2654","targetHints":{"allow":["GET"]}}],"collection":[{"href":"https:\/\/www.ufsm.br\/pro-reitorias\/proplan\/wp-json\/wp\/v2\/pages"}],"about":[{"href":"https:\/\/www.ufsm.br\/pro-reitorias\/proplan\/wp-json\/wp\/v2\/types\/page"}],"author":[{"embeddable":true,"href":"https:\/\/www.ufsm.br\/pro-reitorias\/proplan\/wp-json\/wp\/v2\/users\/205"}],"replies":[{"embeddable":true,"href":"https:\/\/www.ufsm.br\/pro-reitorias\/proplan\/wp-json\/wp\/v2\/comments?post=2654"}],"version-history":[{"count":0,"href":"https:\/\/www.ufsm.br\/pro-reitorias\/proplan\/wp-json\/wp\/v2\/pages\/2654\/revisions"}],"wp:attachment":[{"href":"https:\/\/www.ufsm.br\/pro-reitorias\/proplan\/wp-json\/wp\/v2\/media?parent=2654"}],"wp:term":[{"taxonomy":"category","embeddable":true,"href":"https:\/\/www.ufsm.br\/pro-reitorias\/proplan\/wp-json\/wp\/v2\/categories?post=2654"},{"taxonomy":"post_tag","embeddable":true,"href":"https:\/\/www.ufsm.br\/pro-reitorias\/proplan\/wp-json\/wp\/v2\/tags?post=2654"}],"curies":[{"name":"wp","href":"https:\/\/api.w.org\/{rel}","templated":true}]}}